{"id":1071280,"date":"2025-09-25T13:15:44","date_gmt":"2025-09-25T11:15:44","guid":{"rendered":"https:\/\/hubsch-interior.com\/product\/product\/"},"modified":"2026-04-07T05:04:15","modified_gmt":"2026-04-07T03:04:15","slug":"bringme-tragbare-lampe-mini-matt-schwarz","status":"publish","type":"product","link":"https:\/\/hubsch-interior.com\/de\/produkt\/bringme-tragbare-lampe-mini-matt-schwarz\/","title":{"rendered":"BringMe Tragbare Lampe Mini Matt Schwarz"},"content":{"rendered":"<p>Matt-Schwarz verleiht der BringMe Tragbare Lampe einen eleganten, zeitlosen Look, der sich m\u00fchelos in jedes Interieur einf\u00fcgt. Verf\u00fcgbar in 9 stilvollen Varianten, passt sie sich Ihrem pers\u00f6nlichen Stil an und bietet die Freiheit einer kabellosen Beleuchtung. Eine vollst\u00e4ndige 6-Stunden-Ladung liefert bis zu 8 Stunden helles, ununterbrochenes Licht \u2013 ideal f\u00fcr sp\u00e4te Projekte, gem\u00fctliches Lesen oder um \u00fcberall dort Atmosph\u00e4re zu schaffen, wo Sie es ben\u00f6tigen.<\/p>\n","protected":false},"excerpt":{"rendered":"<p>Matt-Schwarz verleiht der BringMe Tragbare Lampe einen eleganten, zeitlosen Look, der sich m\u00fchelos in jedes Interieur einf\u00fcgt. Verf\u00fcgbar in 9 stilvollen Varianten, passt sie sich Ihrem pers\u00f6nlichen Stil an und bietet die Freiheit einer kabellosen Beleuchtung. Eine vollst\u00e4ndige 6-Stunden-Ladung liefert bis zu 8 Stunden helles, ununterbrochenes Licht \u2013 ideal f\u00fcr sp\u00e4te Projekte, gem\u00fctliches Lesen oder [&hellip;]<\/p>\n","protected":false},"featured_media":1107900,"template":"","meta":{"_acf_changed":false,"inline_featured_image":false},"product_brand":[],"product_cat":[6940,6998,6963,3809,3501],"product_tag":[],"class_list":{"0":"post-1071280","1":"product","2":"type-product","3":"status-publish","4":"has-post-thumbnail","6":"product_cat-additions-de","7":"product_cat-the-buzz-de","8":"product_cat-tragbare-lampen-de","9":"product_cat-beleuchtung","10":"product_cat-tischlampen-de","11":"product_shipping_class-pk","13":"pa_color-matt-schwarz","14":"pa_material-acrylic-5-de","15":"pa_material-eisen-de","17":"first","18":"instock","19":"taxable","20":"shipping-taxable","21":"purchasable","22":"product-type-simple"},"exclude_global_add_ons":[],"addons":[],"acf":[],"yoast_head":"<!-- This site is optimized with the Yoast SEO plugin v26.4 - https:\/\/yoast.com\/wordpress\/plugins\/seo\/ -->\n<title>BringMe Tragbare Lampe Mini Matt Schwarz - H\u00fcbsch<\/title>\n<meta name=\"description\" content=\"Matt-Schwarz verleiht der BringMe Tragbare Lampe einen eleganten, zeitlosen Look, der sich m\u00fchelos in jedes Interieur einf\u00fcgt. Verf\u00fcgbar in 9 stilvollen\" \/>\n<meta name=\"robots\" content=\"index, follow, max-snippet:-1, max-image-preview:large, max-video-preview:-1\" \/>\n<link rel=\"canonical\" href=\"https:\/\/hubsch-interior.com\/de\/wp-json\/wp\/v2\/product\/1071280\" \/>\n<meta property=\"og:locale\" content=\"de_DE\" \/>\n<meta property=\"og:type\" content=\"article\" \/>\n<meta property=\"og:title\" content=\"BringMe Tragbare Lampe Mini Matt Schwarz - H\u00fcbsch\" \/>\n<meta property=\"og:description\" content=\"Matt-Schwarz verleiht der BringMe Tragbare Lampe einen eleganten, zeitlosen Look, der sich m\u00fchelos in jedes Interieur einf\u00fcgt. Verf\u00fcgbar in 9 stilvollen\" \/>\n<meta property=\"og:url\" content=\"https:\/\/hubsch-interior.com\/de\/produkt\/bringme-tragbare-lampe-mini-matt-schwarz\/\" \/>\n<meta property=\"og:site_name\" content=\"H\u00fcbsch\" \/>\n<meta property=\"article:modified_time\" content=\"2026-04-07T03:04:15+00:00\" \/>\n<meta property=\"og:image\" content=\"https:\/\/hubsch-interior.com\/wp-content\/uploads\/2025\/09\/bringme-portable-lamp-mini-matt-black-b4564182c3bc3e364c98b9928f09d144.jpg\" \/>\n\t<meta property=\"og:image:width\" content=\"1200\" \/>\n\t<meta property=\"og:image:height\" content=\"1200\" \/>\n\t<meta property=\"og:image:type\" content=\"image\/jpeg\" \/>\n<meta name=\"twitter:card\" content=\"summary_large_image\" \/>\n<script type=\"application\/ld+json\" class=\"yoast-schema-graph\">{\"@context\":\"https:\/\/schema.org\",\"@graph\":[{\"@type\":\"WebPage\",\"@id\":\"https:\/\/hubsch-interior.com\/de\/produkt\/bringme-tragbare-lampe-mini-matt-schwarz\/\",\"url\":\"https:\/\/hubsch-interior.com\/de\/produkt\/bringme-tragbare-lampe-mini-matt-schwarz\/\",\"name\":\"BringMe Tragbare Lampe Mini Matt Schwarz - H\u00fcbsch\",\"isPartOf\":{\"@id\":\"https:\/\/hubsch-interior.com\/de\/#website\"},\"primaryImageOfPage\":{\"@id\":\"https:\/\/hubsch-interior.com\/de\/produkt\/bringme-tragbare-lampe-mini-matt-schwarz\/#primaryimage\"},\"image\":{\"@id\":\"https:\/\/hubsch-interior.com\/de\/produkt\/bringme-tragbare-lampe-mini-matt-schwarz\/#primaryimage\"},\"thumbnailUrl\":\"https:\/\/hubsch-interior.com\/wp-content\/uploads\/2026\/02\/bringme-portable-lamp-mini-matt-black-314e9352e1c0fb081018080f63da3cfe.jpg\",\"datePublished\":\"2025-09-25T11:15:44+00:00\",\"dateModified\":\"2026-04-07T03:04:15+00:00\",\"description\":\"Matt-Schwarz verleiht der BringMe Tragbare Lampe einen eleganten, zeitlosen Look, der sich m\u00fchelos in jedes Interieur einf\u00fcgt. Verf\u00fcgbar in 9 stilvollen\",\"breadcrumb\":{\"@id\":\"https:\/\/hubsch-interior.com\/de\/produkt\/bringme-tragbare-lampe-mini-matt-schwarz\/#breadcrumb\"},\"inLanguage\":\"de\",\"potentialAction\":[{\"@type\":\"ReadAction\",\"target\":[\"https:\/\/hubsch-interior.com\/de\/produkt\/bringme-tragbare-lampe-mini-matt-schwarz\/\"]}]},{\"@type\":\"ImageObject\",\"inLanguage\":\"de\",\"@id\":\"https:\/\/hubsch-interior.com\/de\/produkt\/bringme-tragbare-lampe-mini-matt-schwarz\/#primaryimage\",\"url\":\"https:\/\/hubsch-interior.com\/wp-content\/uploads\/2026\/02\/bringme-portable-lamp-mini-matt-black-314e9352e1c0fb081018080f63da3cfe.jpg\",\"contentUrl\":\"https:\/\/hubsch-interior.com\/wp-content\/uploads\/2026\/02\/bringme-portable-lamp-mini-matt-black-314e9352e1c0fb081018080f63da3cfe.jpg\",\"width\":1024,\"height\":1024},{\"@type\":\"BreadcrumbList\",\"@id\":\"https:\/\/hubsch-interior.com\/de\/produkt\/bringme-tragbare-lampe-mini-matt-schwarz\/#breadcrumb\",\"itemListElement\":[{\"@type\":\"ListItem\",\"position\":1,\"name\":\"Startseite\",\"item\":\"https:\/\/hubsch-interior.com\/de\/\"},{\"@type\":\"ListItem\",\"position\":2,\"name\":\"Produkte\",\"item\":\"https:\/\/hubsch-interior.com\/de\/shop-2\/\"},{\"@type\":\"ListItem\",\"position\":3,\"name\":\"Beleuchtung\",\"item\":\"https:\/\/hubsch-interior.com\/de\/produkt-kategorie\/beleuchtung\/\"},{\"@type\":\"ListItem\",\"position\":4,\"name\":\"Tragbare Lampen\",\"item\":\"https:\/\/hubsch-interior.com\/de\/produkt-kategorie\/beleuchtung\/tragbare-lampen-de\/\"},{\"@type\":\"ListItem\",\"position\":5,\"name\":\"BringMe Tragbare Lampe Mini Matt Schwarz\"}]},{\"@type\":\"WebSite\",\"@id\":\"https:\/\/hubsch-interior.com\/de\/#website\",\"url\":\"https:\/\/hubsch-interior.com\/de\/\",\"name\":\"H\u00fcbsch\",\"description\":\"Danish Home Interior and Design\",\"publisher\":{\"@id\":\"https:\/\/hubsch-interior.com\/de\/#organization\"},\"potentialAction\":[{\"@type\":\"SearchAction\",\"target\":{\"@type\":\"EntryPoint\",\"urlTemplate\":\"https:\/\/hubsch-interior.com\/de\/?s={search_term_string}\"},\"query-input\":{\"@type\":\"PropertyValueSpecification\",\"valueRequired\":true,\"valueName\":\"search_term_string\"}}],\"inLanguage\":\"de\"},{\"@type\":\"Organization\",\"@id\":\"https:\/\/hubsch-interior.com\/de\/#organization\",\"name\":\"H\u00fcbsch\",\"url\":\"https:\/\/hubsch-interior.com\/de\/\",\"logo\":{\"@type\":\"ImageObject\",\"inLanguage\":\"de\",\"@id\":\"https:\/\/hubsch-interior.com\/de\/#\/schema\/logo\/image\/\",\"url\":\"https:\/\/hubsch-interior.com\/wp-content\/uploads\/2022\/12\/Hubsch_logo_black_one_line.svg\",\"contentUrl\":\"https:\/\/hubsch-interior.com\/wp-content\/uploads\/2022\/12\/Hubsch_logo_black_one_line.svg\",\"caption\":\"H\u00fcbsch\"},\"image\":{\"@id\":\"https:\/\/hubsch-interior.com\/de\/#\/schema\/logo\/image\/\"}}]}<\/script>\n<!-- \/ Yoast SEO plugin. -->","yoast_head_json":{"title":"BringMe Tragbare Lampe Mini Matt Schwarz - H\u00fcbsch","description":"Matt-Schwarz verleiht der BringMe Tragbare Lampe einen eleganten, zeitlosen Look, der sich m\u00fchelos in jedes Interieur einf\u00fcgt. Verf\u00fcgbar in 9 stilvollen","robots":{"index":"index","follow":"follow","max-snippet":"max-snippet:-1","max-image-preview":"max-image-preview:large","max-video-preview":"max-video-preview:-1"},"canonical":"https:\/\/hubsch-interior.com\/de\/wp-json\/wp\/v2\/product\/1071280","og_locale":"de_DE","og_type":"article","og_title":"BringMe Tragbare Lampe Mini Matt Schwarz - H\u00fcbsch","og_description":"Matt-Schwarz verleiht der BringMe Tragbare Lampe einen eleganten, zeitlosen Look, der sich m\u00fchelos in jedes Interieur einf\u00fcgt. Verf\u00fcgbar in 9 stilvollen","og_url":"https:\/\/hubsch-interior.com\/de\/produkt\/bringme-tragbare-lampe-mini-matt-schwarz\/","og_site_name":"H\u00fcbsch","article_modified_time":"2026-04-07T03:04:15+00:00","og_image":[{"width":1200,"height":1200,"url":"https:\/\/hubsch-interior.com\/wp-content\/uploads\/2025\/09\/bringme-portable-lamp-mini-matt-black-b4564182c3bc3e364c98b9928f09d144.jpg","type":"image\/jpeg"}],"twitter_card":"summary_large_image","schema":{"@context":"https:\/\/schema.org","@graph":[{"@type":"WebPage","@id":"https:\/\/hubsch-interior.com\/de\/produkt\/bringme-tragbare-lampe-mini-matt-schwarz\/","url":"https:\/\/hubsch-interior.com\/de\/produkt\/bringme-tragbare-lampe-mini-matt-schwarz\/","name":"BringMe Tragbare Lampe Mini Matt Schwarz - H\u00fcbsch","isPartOf":{"@id":"https:\/\/hubsch-interior.com\/de\/#website"},"primaryImageOfPage":{"@id":"https:\/\/hubsch-interior.com\/de\/produkt\/bringme-tragbare-lampe-mini-matt-schwarz\/#primaryimage"},"image":{"@id":"https:\/\/hubsch-interior.com\/de\/produkt\/bringme-tragbare-lampe-mini-matt-schwarz\/#primaryimage"},"thumbnailUrl":"https:\/\/hubsch-interior.com\/wp-content\/uploads\/2026\/02\/bringme-portable-lamp-mini-matt-black-314e9352e1c0fb081018080f63da3cfe.jpg","datePublished":"2025-09-25T11:15:44+00:00","dateModified":"2026-04-07T03:04:15+00:00","description":"Matt-Schwarz verleiht der BringMe Tragbare Lampe einen eleganten, zeitlosen Look, der sich m\u00fchelos in jedes Interieur einf\u00fcgt. Verf\u00fcgbar in 9 stilvollen","breadcrumb":{"@id":"https:\/\/hubsch-interior.com\/de\/produkt\/bringme-tragbare-lampe-mini-matt-schwarz\/#breadcrumb"},"inLanguage":"de","potentialAction":[{"@type":"ReadAction","target":["https:\/\/hubsch-interior.com\/de\/produkt\/bringme-tragbare-lampe-mini-matt-schwarz\/"]}]},{"@type":"ImageObject","inLanguage":"de","@id":"https:\/\/hubsch-interior.com\/de\/produkt\/bringme-tragbare-lampe-mini-matt-schwarz\/#primaryimage","url":"https:\/\/hubsch-interior.com\/wp-content\/uploads\/2026\/02\/bringme-portable-lamp-mini-matt-black-314e9352e1c0fb081018080f63da3cfe.jpg","contentUrl":"https:\/\/hubsch-interior.com\/wp-content\/uploads\/2026\/02\/bringme-portable-lamp-mini-matt-black-314e9352e1c0fb081018080f63da3cfe.jpg","width":1024,"height":1024},{"@type":"BreadcrumbList","@id":"https:\/\/hubsch-interior.com\/de\/produkt\/bringme-tragbare-lampe-mini-matt-schwarz\/#breadcrumb","itemListElement":[{"@type":"ListItem","position":1,"name":"Startseite","item":"https:\/\/hubsch-interior.com\/de\/"},{"@type":"ListItem","position":2,"name":"Produkte","item":"https:\/\/hubsch-interior.com\/de\/shop-2\/"},{"@type":"ListItem","position":3,"name":"Beleuchtung","item":"https:\/\/hubsch-interior.com\/de\/produkt-kategorie\/beleuchtung\/"},{"@type":"ListItem","position":4,"name":"Tragbare Lampen","item":"https:\/\/hubsch-interior.com\/de\/produkt-kategorie\/beleuchtung\/tragbare-lampen-de\/"},{"@type":"ListItem","position":5,"name":"BringMe Tragbare Lampe Mini Matt Schwarz"}]},{"@type":"WebSite","@id":"https:\/\/hubsch-interior.com\/de\/#website","url":"https:\/\/hubsch-interior.com\/de\/","name":"H\u00fcbsch","description":"Danish Home Interior and Design","publisher":{"@id":"https:\/\/hubsch-interior.com\/de\/#organization"},"potentialAction":[{"@type":"SearchAction","target":{"@type":"EntryPoint","urlTemplate":"https:\/\/hubsch-interior.com\/de\/?s={search_term_string}"},"query-input":{"@type":"PropertyValueSpecification","valueRequired":true,"valueName":"search_term_string"}}],"inLanguage":"de"},{"@type":"Organization","@id":"https:\/\/hubsch-interior.com\/de\/#organization","name":"H\u00fcbsch","url":"https:\/\/hubsch-interior.com\/de\/","logo":{"@type":"ImageObject","inLanguage":"de","@id":"https:\/\/hubsch-interior.com\/de\/#\/schema\/logo\/image\/","url":"https:\/\/hubsch-interior.com\/wp-content\/uploads\/2022\/12\/Hubsch_logo_black_one_line.svg","contentUrl":"https:\/\/hubsch-interior.com\/wp-content\/uploads\/2022\/12\/Hubsch_logo_black_one_line.svg","caption":"H\u00fcbsch"},"image":{"@id":"https:\/\/hubsch-interior.com\/de\/#\/schema\/logo\/image\/"}}]}},"_links":{"self":[{"href":"https:\/\/hubsch-interior.com\/de\/wp-json\/wp\/v2\/product\/1071280","targetHints":{"allow":["GET"]}}],"collection":[{"href":"https:\/\/hubsch-interior.com\/de\/wp-json\/wp\/v2\/product"}],"about":[{"href":"https:\/\/hubsch-interior.com\/de\/wp-json\/wp\/v2\/types\/product"}],"wp:featuredmedia":[{"embeddable":true,"href":"https:\/\/hubsch-interior.com\/de\/wp-json\/wp\/v2\/media\/1107900"}],"wp:attachment":[{"href":"https:\/\/hubsch-interior.com\/de\/wp-json\/wp\/v2\/media?parent=1071280"}],"wp:term":[{"taxonomy":"product_brand","embeddable":true,"href":"https:\/\/hubsch-interior.com\/de\/wp-json\/wp\/v2\/product_brand?post=1071280"},{"taxonomy":"product_cat","embeddable":true,"href":"https:\/\/hubsch-interior.com\/de\/wp-json\/wp\/v2\/product_cat?post=1071280"},{"taxonomy":"product_tag","embeddable":true,"href":"https:\/\/hubsch-interior.com\/de\/wp-json\/wp\/v2\/product_tag?post=1071280"}],"curies":[{"name":"wp","href":"https:\/\/api.w.org\/{rel}","templated":true}]}}