{"id":1071340,"date":"2025-09-25T13:16:59","date_gmt":"2025-09-25T11:16:59","guid":{"rendered":"https:\/\/hubsch-interior.com\/product\/product\/"},"modified":"2026-04-11T05:04:10","modified_gmt":"2026-04-11T03:04:10","slug":"mush-tragbare-lampe-matt-schwarz","status":"publish","type":"product","link":"https:\/\/hubsch-interior.com\/de\/produkt\/mush-tragbare-lampe-matt-schwarz\/","title":{"rendered":"Mush Tragbare Lampe Matt Schwarz"},"content":{"rendered":"<p>Entdecken Sie den Charme unseres ewigen Klassikers, der Mush Tragbare Lampe, jetzt in einer entz\u00fcckenden, kleinen tragbaren Ausf\u00fchrung. Ohne l\u00e4stige Kabel bietet diese elegante Lampe in klassischem Mattschwarz die Freiheit, jede Ecke Ihres Zuhauses zu beleuchten. In nur 4 Stunden vollst\u00e4ndig aufgeladen, verspricht sie, Ihren Raum ganze 8 Stunden lang zu erhellen. Egal, ob Sie es sich mit einem Buch gem\u00fctlich machen oder einer Abendrunde mit Freunden eine warme Note verleihen m\u00f6chten, bringen Sie das Licht m\u00fchelos genau dorthin, wo Sie es brauchen.<\/p>\n","protected":false},"excerpt":{"rendered":"<p>Entdecken Sie den Charme unseres ewigen Klassikers, der Mush Tragbare Lampe, jetzt in einer entz\u00fcckenden, kleinen tragbaren Ausf\u00fchrung. Ohne l\u00e4stige Kabel bietet diese elegante Lampe in klassischem Mattschwarz die Freiheit, jede Ecke Ihres Zuhauses zu beleuchten. In nur 4 Stunden vollst\u00e4ndig aufgeladen, verspricht sie, Ihren Raum ganze 8 Stunden lang zu erhellen. Egal, ob Sie [&hellip;]<\/p>\n","protected":false},"featured_media":1107956,"template":"","meta":{"_acf_changed":false,"inline_featured_image":false},"product_brand":[],"product_cat":[6940,3809,5027,6998,3501,6963],"product_tag":[],"class_list":{"0":"post-1071340","1":"product","2":"type-product","3":"status-publish","4":"has-post-thumbnail","6":"product_cat-additions-de","7":"product_cat-beleuchtung","8":"product_cat-bestsellers-de","9":"product_cat-the-buzz-de","10":"product_cat-tischlampen-de","11":"product_cat-tragbare-lampen-de","12":"product_shipping_class-pk","14":"pa_color-matt-schwarz","15":"pa_material-acrylic-5-de","16":"pa_material-eisen-de","17":"pa_material-polycarbonat-2","19":"first","20":"instock","21":"featured","22":"taxable","23":"shipping-taxable","24":"purchasable","25":"product-type-simple"},"exclude_global_add_ons":[],"addons":[],"acf":[],"yoast_head":"<!-- This site is optimized with the Yoast SEO plugin v26.4 - https:\/\/yoast.com\/wordpress\/plugins\/seo\/ -->\n<title>Mush Tragbare Lampe Matt Schwarz - H\u00fcbsch<\/title>\n<meta name=\"description\" content=\"Entdecken Sie den Charme unseres ewigen Klassikers, der Mush Tragbare Lampe, jetzt in einer entz\u00fcckenden, kleinen tragbaren Ausf\u00fchrung. Ohne l\u00e4stige Kabel\" \/>\n<meta name=\"robots\" content=\"index, follow, max-snippet:-1, max-image-preview:large, max-video-preview:-1\" \/>\n<link rel=\"canonical\" href=\"https:\/\/hubsch-interior.com\/de\/wp-json\/wp\/v2\/product\/1071340\" \/>\n<meta property=\"og:locale\" content=\"de_DE\" \/>\n<meta property=\"og:type\" content=\"article\" \/>\n<meta property=\"og:title\" content=\"Mush Tragbare Lampe Matt Schwarz - H\u00fcbsch\" \/>\n<meta property=\"og:description\" content=\"Entdecken Sie den Charme unseres ewigen Klassikers, der Mush Tragbare Lampe, jetzt in einer entz\u00fcckenden, kleinen tragbaren Ausf\u00fchrung. Ohne l\u00e4stige Kabel\" \/>\n<meta property=\"og:url\" content=\"https:\/\/hubsch-interior.com\/de\/produkt\/mush-tragbare-lampe-matt-schwarz\/\" \/>\n<meta property=\"og:site_name\" content=\"H\u00fcbsch\" \/>\n<meta property=\"article:modified_time\" content=\"2026-04-11T03:04:10+00:00\" \/>\n<meta property=\"og:image\" content=\"https:\/\/hubsch-interior.com\/wp-content\/uploads\/2025\/09\/mush-portable-lamp-matt-black-0e596bb4fed44bf532912d1f489342e3.jpg\" \/>\n\t<meta property=\"og:image:width\" content=\"1200\" \/>\n\t<meta property=\"og:image:height\" content=\"1200\" \/>\n\t<meta property=\"og:image:type\" content=\"image\/jpeg\" \/>\n<meta name=\"twitter:card\" content=\"summary_large_image\" \/>\n<script type=\"application\/ld+json\" class=\"yoast-schema-graph\">{\"@context\":\"https:\/\/schema.org\",\"@graph\":[{\"@type\":\"WebPage\",\"@id\":\"https:\/\/hubsch-interior.com\/de\/produkt\/mush-tragbare-lampe-matt-schwarz\/\",\"url\":\"https:\/\/hubsch-interior.com\/de\/produkt\/mush-tragbare-lampe-matt-schwarz\/\",\"name\":\"Mush Tragbare Lampe Matt Schwarz - H\u00fcbsch\",\"isPartOf\":{\"@id\":\"https:\/\/hubsch-interior.com\/de\/#website\"},\"primaryImageOfPage\":{\"@id\":\"https:\/\/hubsch-interior.com\/de\/produkt\/mush-tragbare-lampe-matt-schwarz\/#primaryimage\"},\"image\":{\"@id\":\"https:\/\/hubsch-interior.com\/de\/produkt\/mush-tragbare-lampe-matt-schwarz\/#primaryimage\"},\"thumbnailUrl\":\"https:\/\/hubsch-interior.com\/wp-content\/uploads\/2026\/02\/mush-portable-lamp-matt-black-c08b3c1868e525cca0496dee6a3dea27.jpg\",\"datePublished\":\"2025-09-25T11:16:59+00:00\",\"dateModified\":\"2026-04-11T03:04:10+00:00\",\"description\":\"Entdecken Sie den Charme unseres ewigen Klassikers, der Mush Tragbare Lampe, jetzt in einer entz\u00fcckenden, kleinen tragbaren Ausf\u00fchrung. Ohne l\u00e4stige Kabel\",\"breadcrumb\":{\"@id\":\"https:\/\/hubsch-interior.com\/de\/produkt\/mush-tragbare-lampe-matt-schwarz\/#breadcrumb\"},\"inLanguage\":\"de\",\"potentialAction\":[{\"@type\":\"ReadAction\",\"target\":[\"https:\/\/hubsch-interior.com\/de\/produkt\/mush-tragbare-lampe-matt-schwarz\/\"]}]},{\"@type\":\"ImageObject\",\"inLanguage\":\"de\",\"@id\":\"https:\/\/hubsch-interior.com\/de\/produkt\/mush-tragbare-lampe-matt-schwarz\/#primaryimage\",\"url\":\"https:\/\/hubsch-interior.com\/wp-content\/uploads\/2026\/02\/mush-portable-lamp-matt-black-c08b3c1868e525cca0496dee6a3dea27.jpg\",\"contentUrl\":\"https:\/\/hubsch-interior.com\/wp-content\/uploads\/2026\/02\/mush-portable-lamp-matt-black-c08b3c1868e525cca0496dee6a3dea27.jpg\",\"width\":1024,\"height\":1024},{\"@type\":\"BreadcrumbList\",\"@id\":\"https:\/\/hubsch-interior.com\/de\/produkt\/mush-tragbare-lampe-matt-schwarz\/#breadcrumb\",\"itemListElement\":[{\"@type\":\"ListItem\",\"position\":1,\"name\":\"Startseite\",\"item\":\"https:\/\/hubsch-interior.com\/de\/\"},{\"@type\":\"ListItem\",\"position\":2,\"name\":\"Produkte\",\"item\":\"https:\/\/hubsch-interior.com\/de\/shop-2\/\"},{\"@type\":\"ListItem\",\"position\":3,\"name\":\"Beleuchtung\",\"item\":\"https:\/\/hubsch-interior.com\/de\/produkt-kategorie\/beleuchtung\/\"},{\"@type\":\"ListItem\",\"position\":4,\"name\":\"Tragbare Lampen\",\"item\":\"https:\/\/hubsch-interior.com\/de\/produkt-kategorie\/beleuchtung\/tragbare-lampen-de\/\"},{\"@type\":\"ListItem\",\"position\":5,\"name\":\"Mush Tragbare Lampe Matt Schwarz\"}]},{\"@type\":\"WebSite\",\"@id\":\"https:\/\/hubsch-interior.com\/de\/#website\",\"url\":\"https:\/\/hubsch-interior.com\/de\/\",\"name\":\"H\u00fcbsch\",\"description\":\"Danish Home Interior and Design\",\"publisher\":{\"@id\":\"https:\/\/hubsch-interior.com\/de\/#organization\"},\"potentialAction\":[{\"@type\":\"SearchAction\",\"target\":{\"@type\":\"EntryPoint\",\"urlTemplate\":\"https:\/\/hubsch-interior.com\/de\/?s={search_term_string}\"},\"query-input\":{\"@type\":\"PropertyValueSpecification\",\"valueRequired\":true,\"valueName\":\"search_term_string\"}}],\"inLanguage\":\"de\"},{\"@type\":\"Organization\",\"@id\":\"https:\/\/hubsch-interior.com\/de\/#organization\",\"name\":\"H\u00fcbsch\",\"url\":\"https:\/\/hubsch-interior.com\/de\/\",\"logo\":{\"@type\":\"ImageObject\",\"inLanguage\":\"de\",\"@id\":\"https:\/\/hubsch-interior.com\/de\/#\/schema\/logo\/image\/\",\"url\":\"https:\/\/hubsch-interior.com\/wp-content\/uploads\/2022\/12\/Hubsch_logo_black_one_line.svg\",\"contentUrl\":\"https:\/\/hubsch-interior.com\/wp-content\/uploads\/2022\/12\/Hubsch_logo_black_one_line.svg\",\"caption\":\"H\u00fcbsch\"},\"image\":{\"@id\":\"https:\/\/hubsch-interior.com\/de\/#\/schema\/logo\/image\/\"}}]}<\/script>\n<!-- \/ Yoast SEO plugin. -->","yoast_head_json":{"title":"Mush Tragbare Lampe Matt Schwarz - H\u00fcbsch","description":"Entdecken Sie den Charme unseres ewigen Klassikers, der Mush Tragbare Lampe, jetzt in einer entz\u00fcckenden, kleinen tragbaren Ausf\u00fchrung. Ohne l\u00e4stige Kabel","robots":{"index":"index","follow":"follow","max-snippet":"max-snippet:-1","max-image-preview":"max-image-preview:large","max-video-preview":"max-video-preview:-1"},"canonical":"https:\/\/hubsch-interior.com\/de\/wp-json\/wp\/v2\/product\/1071340","og_locale":"de_DE","og_type":"article","og_title":"Mush Tragbare Lampe Matt Schwarz - H\u00fcbsch","og_description":"Entdecken Sie den Charme unseres ewigen Klassikers, der Mush Tragbare Lampe, jetzt in einer entz\u00fcckenden, kleinen tragbaren Ausf\u00fchrung. Ohne l\u00e4stige Kabel","og_url":"https:\/\/hubsch-interior.com\/de\/produkt\/mush-tragbare-lampe-matt-schwarz\/","og_site_name":"H\u00fcbsch","article_modified_time":"2026-04-11T03:04:10+00:00","og_image":[{"width":1200,"height":1200,"url":"https:\/\/hubsch-interior.com\/wp-content\/uploads\/2025\/09\/mush-portable-lamp-matt-black-0e596bb4fed44bf532912d1f489342e3.jpg","type":"image\/jpeg"}],"twitter_card":"summary_large_image","schema":{"@context":"https:\/\/schema.org","@graph":[{"@type":"WebPage","@id":"https:\/\/hubsch-interior.com\/de\/produkt\/mush-tragbare-lampe-matt-schwarz\/","url":"https:\/\/hubsch-interior.com\/de\/produkt\/mush-tragbare-lampe-matt-schwarz\/","name":"Mush Tragbare Lampe Matt Schwarz - H\u00fcbsch","isPartOf":{"@id":"https:\/\/hubsch-interior.com\/de\/#website"},"primaryImageOfPage":{"@id":"https:\/\/hubsch-interior.com\/de\/produkt\/mush-tragbare-lampe-matt-schwarz\/#primaryimage"},"image":{"@id":"https:\/\/hubsch-interior.com\/de\/produkt\/mush-tragbare-lampe-matt-schwarz\/#primaryimage"},"thumbnailUrl":"https:\/\/hubsch-interior.com\/wp-content\/uploads\/2026\/02\/mush-portable-lamp-matt-black-c08b3c1868e525cca0496dee6a3dea27.jpg","datePublished":"2025-09-25T11:16:59+00:00","dateModified":"2026-04-11T03:04:10+00:00","description":"Entdecken Sie den Charme unseres ewigen Klassikers, der Mush Tragbare Lampe, jetzt in einer entz\u00fcckenden, kleinen tragbaren Ausf\u00fchrung. Ohne l\u00e4stige Kabel","breadcrumb":{"@id":"https:\/\/hubsch-interior.com\/de\/produkt\/mush-tragbare-lampe-matt-schwarz\/#breadcrumb"},"inLanguage":"de","potentialAction":[{"@type":"ReadAction","target":["https:\/\/hubsch-interior.com\/de\/produkt\/mush-tragbare-lampe-matt-schwarz\/"]}]},{"@type":"ImageObject","inLanguage":"de","@id":"https:\/\/hubsch-interior.com\/de\/produkt\/mush-tragbare-lampe-matt-schwarz\/#primaryimage","url":"https:\/\/hubsch-interior.com\/wp-content\/uploads\/2026\/02\/mush-portable-lamp-matt-black-c08b3c1868e525cca0496dee6a3dea27.jpg","contentUrl":"https:\/\/hubsch-interior.com\/wp-content\/uploads\/2026\/02\/mush-portable-lamp-matt-black-c08b3c1868e525cca0496dee6a3dea27.jpg","width":1024,"height":1024},{"@type":"BreadcrumbList","@id":"https:\/\/hubsch-interior.com\/de\/produkt\/mush-tragbare-lampe-matt-schwarz\/#breadcrumb","itemListElement":[{"@type":"ListItem","position":1,"name":"Startseite","item":"https:\/\/hubsch-interior.com\/de\/"},{"@type":"ListItem","position":2,"name":"Produkte","item":"https:\/\/hubsch-interior.com\/de\/shop-2\/"},{"@type":"ListItem","position":3,"name":"Beleuchtung","item":"https:\/\/hubsch-interior.com\/de\/produkt-kategorie\/beleuchtung\/"},{"@type":"ListItem","position":4,"name":"Tragbare Lampen","item":"https:\/\/hubsch-interior.com\/de\/produkt-kategorie\/beleuchtung\/tragbare-lampen-de\/"},{"@type":"ListItem","position":5,"name":"Mush Tragbare Lampe Matt Schwarz"}]},{"@type":"WebSite","@id":"https:\/\/hubsch-interior.com\/de\/#website","url":"https:\/\/hubsch-interior.com\/de\/","name":"H\u00fcbsch","description":"Danish Home Interior and Design","publisher":{"@id":"https:\/\/hubsch-interior.com\/de\/#organization"},"potentialAction":[{"@type":"SearchAction","target":{"@type":"EntryPoint","urlTemplate":"https:\/\/hubsch-interior.com\/de\/?s={search_term_string}"},"query-input":{"@type":"PropertyValueSpecification","valueRequired":true,"valueName":"search_term_string"}}],"inLanguage":"de"},{"@type":"Organization","@id":"https:\/\/hubsch-interior.com\/de\/#organization","name":"H\u00fcbsch","url":"https:\/\/hubsch-interior.com\/de\/","logo":{"@type":"ImageObject","inLanguage":"de","@id":"https:\/\/hubsch-interior.com\/de\/#\/schema\/logo\/image\/","url":"https:\/\/hubsch-interior.com\/wp-content\/uploads\/2022\/12\/Hubsch_logo_black_one_line.svg","contentUrl":"https:\/\/hubsch-interior.com\/wp-content\/uploads\/2022\/12\/Hubsch_logo_black_one_line.svg","caption":"H\u00fcbsch"},"image":{"@id":"https:\/\/hubsch-interior.com\/de\/#\/schema\/logo\/image\/"}}]}},"_links":{"self":[{"href":"https:\/\/hubsch-interior.com\/de\/wp-json\/wp\/v2\/product\/1071340","targetHints":{"allow":["GET"]}}],"collection":[{"href":"https:\/\/hubsch-interior.com\/de\/wp-json\/wp\/v2\/product"}],"about":[{"href":"https:\/\/hubsch-interior.com\/de\/wp-json\/wp\/v2\/types\/product"}],"wp:featuredmedia":[{"embeddable":true,"href":"https:\/\/hubsch-interior.com\/de\/wp-json\/wp\/v2\/media\/1107956"}],"wp:attachment":[{"href":"https:\/\/hubsch-interior.com\/de\/wp-json\/wp\/v2\/media?parent=1071340"}],"wp:term":[{"taxonomy":"product_brand","embeddable":true,"href":"https:\/\/hubsch-interior.com\/de\/wp-json\/wp\/v2\/product_brand?post=1071340"},{"taxonomy":"product_cat","embeddable":true,"href":"https:\/\/hubsch-interior.com\/de\/wp-json\/wp\/v2\/product_cat?post=1071340"},{"taxonomy":"product_tag","embeddable":true,"href":"https:\/\/hubsch-interior.com\/de\/wp-json\/wp\/v2\/product_tag?post=1071340"}],"curies":[{"name":"wp","href":"https:\/\/api.w.org\/{rel}","templated":true}]}}