{"id":1071352,"date":"2025-09-25T13:17:13","date_gmt":"2025-09-25T11:17:13","guid":{"rendered":"https:\/\/hubsch-interior.com\/product\/product\/"},"modified":"2026-04-11T05:04:15","modified_gmt":"2026-04-11T03:04:15","slug":"mush-tragbare-lampe-bruniertes-messing","status":"publish","type":"product","link":"https:\/\/hubsch-interior.com\/de\/produkt\/mush-tragbare-lampe-bruniertes-messing\/","title":{"rendered":"Mush Tragbare Lampe Br\u00fcniertes messing"},"content":{"rendered":"<p>Entdecken Sie einen Hauch von Eleganz, der \u00fcberall strahlt, wo Sie hingehen, mit unserer zeitlosen Mush Tragbare Lampe in einer kompakten, tragbaren Version. Mit einem klassischen, polierten Messing-Finish vereint diese schicke Lampe Stil mit Bequemlichkeit. In nur 4 Stunden voll aufgeladen, verspricht sie 8 Stunden lang zu leuchten und gew\u00e4hrleistet, dass Sie genau dort Licht haben, wo Sie es ben\u00f6tigen, ohne dass Kabel Ihre Kreativit\u00e4t einschr\u00e4nken. Sie ist der perfekte Begleiter f\u00fcr Ihre sp\u00e4tabendlichen Lesezeiten oder gem\u00fctlichen Gespr\u00e4che drinnen.<\/p>\n","protected":false},"excerpt":{"rendered":"<p>Entdecken Sie einen Hauch von Eleganz, der \u00fcberall strahlt, wo Sie hingehen, mit unserer zeitlosen Mush Tragbare Lampe in einer kompakten, tragbaren Version. Mit einem klassischen, polierten Messing-Finish vereint diese schicke Lampe Stil mit Bequemlichkeit. In nur 4 Stunden voll aufgeladen, verspricht sie 8 Stunden lang zu leuchten und gew\u00e4hrleistet, dass Sie genau dort Licht [&hellip;]<\/p>\n","protected":false},"featured_media":1107964,"template":"","meta":{"_acf_changed":false,"inline_featured_image":false},"product_brand":[],"product_cat":[6940,6998,6963,3809,3501,5027],"product_tag":[],"class_list":{"0":"post-1071352","1":"product","2":"type-product","3":"status-publish","4":"has-post-thumbnail","6":"product_cat-additions-de","7":"product_cat-the-buzz-de","8":"product_cat-tragbare-lampen-de","9":"product_cat-beleuchtung","10":"product_cat-tischlampen-de","11":"product_cat-bestsellers-de","12":"product_shipping_class-pk","14":"pa_color-brniertes-messing","15":"pa_material-acrylic-5-de","16":"pa_material-eisen-de","17":"pa_material-polycarbonat-2","19":"first","20":"instock","21":"featured","22":"taxable","23":"shipping-taxable","24":"purchasable","25":"product-type-simple"},"exclude_global_add_ons":[],"addons":[],"acf":[],"yoast_head":"<!-- This site is optimized with the Yoast SEO plugin v26.4 - https:\/\/yoast.com\/wordpress\/plugins\/seo\/ -->\n<title>Mush Tragbare Lampe Br\u00fcniertes messing - H\u00fcbsch<\/title>\n<meta name=\"description\" content=\"Entdecken Sie einen Hauch von Eleganz, der \u00fcberall strahlt, wo Sie hingehen, mit unserer zeitlosen Mush Tragbare Lampe in einer kompakten, tragbaren\" \/>\n<meta name=\"robots\" content=\"index, follow, max-snippet:-1, max-image-preview:large, max-video-preview:-1\" \/>\n<link rel=\"canonical\" href=\"https:\/\/hubsch-interior.com\/de\/wp-json\/wp\/v2\/product\/1071352\" \/>\n<meta property=\"og:locale\" content=\"de_DE\" \/>\n<meta property=\"og:type\" content=\"article\" \/>\n<meta property=\"og:title\" content=\"Mush Tragbare Lampe Br\u00fcniertes messing - H\u00fcbsch\" \/>\n<meta property=\"og:description\" content=\"Entdecken Sie einen Hauch von Eleganz, der \u00fcberall strahlt, wo Sie hingehen, mit unserer zeitlosen Mush Tragbare Lampe in einer kompakten, tragbaren\" \/>\n<meta property=\"og:url\" content=\"https:\/\/hubsch-interior.com\/de\/produkt\/mush-tragbare-lampe-bruniertes-messing\/\" \/>\n<meta property=\"og:site_name\" content=\"H\u00fcbsch\" \/>\n<meta property=\"article:modified_time\" content=\"2026-04-11T03:04:15+00:00\" \/>\n<meta property=\"og:image\" content=\"https:\/\/hubsch-interior.com\/wp-content\/uploads\/2025\/09\/mush-portable-lamp-burnished-brass-42fcd2c3172771f716a159076b6b5590.jpg\" \/>\n\t<meta property=\"og:image:width\" content=\"1200\" \/>\n\t<meta property=\"og:image:height\" content=\"1200\" \/>\n\t<meta property=\"og:image:type\" content=\"image\/jpeg\" \/>\n<meta name=\"twitter:card\" content=\"summary_large_image\" \/>\n<script type=\"application\/ld+json\" class=\"yoast-schema-graph\">{\"@context\":\"https:\/\/schema.org\",\"@graph\":[{\"@type\":\"WebPage\",\"@id\":\"https:\/\/hubsch-interior.com\/de\/produkt\/mush-tragbare-lampe-bruniertes-messing\/\",\"url\":\"https:\/\/hubsch-interior.com\/de\/produkt\/mush-tragbare-lampe-bruniertes-messing\/\",\"name\":\"Mush Tragbare Lampe Br\u00fcniertes messing - H\u00fcbsch\",\"isPartOf\":{\"@id\":\"https:\/\/hubsch-interior.com\/de\/#website\"},\"primaryImageOfPage\":{\"@id\":\"https:\/\/hubsch-interior.com\/de\/produkt\/mush-tragbare-lampe-bruniertes-messing\/#primaryimage\"},\"image\":{\"@id\":\"https:\/\/hubsch-interior.com\/de\/produkt\/mush-tragbare-lampe-bruniertes-messing\/#primaryimage\"},\"thumbnailUrl\":\"https:\/\/hubsch-interior.com\/wp-content\/uploads\/2026\/02\/mush-portable-lamp-burnished-brass-ef05b4ec2be8c92356220cfdcc0405be.jpg\",\"datePublished\":\"2025-09-25T11:17:13+00:00\",\"dateModified\":\"2026-04-11T03:04:15+00:00\",\"description\":\"Entdecken Sie einen Hauch von Eleganz, der \u00fcberall strahlt, wo Sie hingehen, mit unserer zeitlosen Mush Tragbare Lampe in einer kompakten, tragbaren\",\"breadcrumb\":{\"@id\":\"https:\/\/hubsch-interior.com\/de\/produkt\/mush-tragbare-lampe-bruniertes-messing\/#breadcrumb\"},\"inLanguage\":\"de\",\"potentialAction\":[{\"@type\":\"ReadAction\",\"target\":[\"https:\/\/hubsch-interior.com\/de\/produkt\/mush-tragbare-lampe-bruniertes-messing\/\"]}]},{\"@type\":\"ImageObject\",\"inLanguage\":\"de\",\"@id\":\"https:\/\/hubsch-interior.com\/de\/produkt\/mush-tragbare-lampe-bruniertes-messing\/#primaryimage\",\"url\":\"https:\/\/hubsch-interior.com\/wp-content\/uploads\/2026\/02\/mush-portable-lamp-burnished-brass-ef05b4ec2be8c92356220cfdcc0405be.jpg\",\"contentUrl\":\"https:\/\/hubsch-interior.com\/wp-content\/uploads\/2026\/02\/mush-portable-lamp-burnished-brass-ef05b4ec2be8c92356220cfdcc0405be.jpg\",\"width\":1024,\"height\":1024},{\"@type\":\"BreadcrumbList\",\"@id\":\"https:\/\/hubsch-interior.com\/de\/produkt\/mush-tragbare-lampe-bruniertes-messing\/#breadcrumb\",\"itemListElement\":[{\"@type\":\"ListItem\",\"position\":1,\"name\":\"Startseite\",\"item\":\"https:\/\/hubsch-interior.com\/de\/\"},{\"@type\":\"ListItem\",\"position\":2,\"name\":\"Produkte\",\"item\":\"https:\/\/hubsch-interior.com\/de\/shop-2\/\"},{\"@type\":\"ListItem\",\"position\":3,\"name\":\"Beleuchtung\",\"item\":\"https:\/\/hubsch-interior.com\/de\/produkt-kategorie\/beleuchtung\/\"},{\"@type\":\"ListItem\",\"position\":4,\"name\":\"Tragbare Lampen\",\"item\":\"https:\/\/hubsch-interior.com\/de\/produkt-kategorie\/beleuchtung\/tragbare-lampen-de\/\"},{\"@type\":\"ListItem\",\"position\":5,\"name\":\"Mush Tragbare Lampe Br\u00fcniertes messing\"}]},{\"@type\":\"WebSite\",\"@id\":\"https:\/\/hubsch-interior.com\/de\/#website\",\"url\":\"https:\/\/hubsch-interior.com\/de\/\",\"name\":\"H\u00fcbsch\",\"description\":\"Danish Home Interior and Design\",\"publisher\":{\"@id\":\"https:\/\/hubsch-interior.com\/de\/#organization\"},\"potentialAction\":[{\"@type\":\"SearchAction\",\"target\":{\"@type\":\"EntryPoint\",\"urlTemplate\":\"https:\/\/hubsch-interior.com\/de\/?s={search_term_string}\"},\"query-input\":{\"@type\":\"PropertyValueSpecification\",\"valueRequired\":true,\"valueName\":\"search_term_string\"}}],\"inLanguage\":\"de\"},{\"@type\":\"Organization\",\"@id\":\"https:\/\/hubsch-interior.com\/de\/#organization\",\"name\":\"H\u00fcbsch\",\"url\":\"https:\/\/hubsch-interior.com\/de\/\",\"logo\":{\"@type\":\"ImageObject\",\"inLanguage\":\"de\",\"@id\":\"https:\/\/hubsch-interior.com\/de\/#\/schema\/logo\/image\/\",\"url\":\"https:\/\/hubsch-interior.com\/wp-content\/uploads\/2022\/12\/Hubsch_logo_black_one_line.svg\",\"contentUrl\":\"https:\/\/hubsch-interior.com\/wp-content\/uploads\/2022\/12\/Hubsch_logo_black_one_line.svg\",\"caption\":\"H\u00fcbsch\"},\"image\":{\"@id\":\"https:\/\/hubsch-interior.com\/de\/#\/schema\/logo\/image\/\"}}]}<\/script>\n<!-- \/ Yoast SEO plugin. -->","yoast_head_json":{"title":"Mush Tragbare Lampe Br\u00fcniertes messing - H\u00fcbsch","description":"Entdecken Sie einen Hauch von Eleganz, der \u00fcberall strahlt, wo Sie hingehen, mit unserer zeitlosen Mush Tragbare Lampe in einer kompakten, tragbaren","robots":{"index":"index","follow":"follow","max-snippet":"max-snippet:-1","max-image-preview":"max-image-preview:large","max-video-preview":"max-video-preview:-1"},"canonical":"https:\/\/hubsch-interior.com\/de\/wp-json\/wp\/v2\/product\/1071352","og_locale":"de_DE","og_type":"article","og_title":"Mush Tragbare Lampe Br\u00fcniertes messing - H\u00fcbsch","og_description":"Entdecken Sie einen Hauch von Eleganz, der \u00fcberall strahlt, wo Sie hingehen, mit unserer zeitlosen Mush Tragbare Lampe in einer kompakten, tragbaren","og_url":"https:\/\/hubsch-interior.com\/de\/produkt\/mush-tragbare-lampe-bruniertes-messing\/","og_site_name":"H\u00fcbsch","article_modified_time":"2026-04-11T03:04:15+00:00","og_image":[{"width":1200,"height":1200,"url":"https:\/\/hubsch-interior.com\/wp-content\/uploads\/2025\/09\/mush-portable-lamp-burnished-brass-42fcd2c3172771f716a159076b6b5590.jpg","type":"image\/jpeg"}],"twitter_card":"summary_large_image","schema":{"@context":"https:\/\/schema.org","@graph":[{"@type":"WebPage","@id":"https:\/\/hubsch-interior.com\/de\/produkt\/mush-tragbare-lampe-bruniertes-messing\/","url":"https:\/\/hubsch-interior.com\/de\/produkt\/mush-tragbare-lampe-bruniertes-messing\/","name":"Mush Tragbare Lampe Br\u00fcniertes messing - H\u00fcbsch","isPartOf":{"@id":"https:\/\/hubsch-interior.com\/de\/#website"},"primaryImageOfPage":{"@id":"https:\/\/hubsch-interior.com\/de\/produkt\/mush-tragbare-lampe-bruniertes-messing\/#primaryimage"},"image":{"@id":"https:\/\/hubsch-interior.com\/de\/produkt\/mush-tragbare-lampe-bruniertes-messing\/#primaryimage"},"thumbnailUrl":"https:\/\/hubsch-interior.com\/wp-content\/uploads\/2026\/02\/mush-portable-lamp-burnished-brass-ef05b4ec2be8c92356220cfdcc0405be.jpg","datePublished":"2025-09-25T11:17:13+00:00","dateModified":"2026-04-11T03:04:15+00:00","description":"Entdecken Sie einen Hauch von Eleganz, der \u00fcberall strahlt, wo Sie hingehen, mit unserer zeitlosen Mush Tragbare Lampe in einer kompakten, tragbaren","breadcrumb":{"@id":"https:\/\/hubsch-interior.com\/de\/produkt\/mush-tragbare-lampe-bruniertes-messing\/#breadcrumb"},"inLanguage":"de","potentialAction":[{"@type":"ReadAction","target":["https:\/\/hubsch-interior.com\/de\/produkt\/mush-tragbare-lampe-bruniertes-messing\/"]}]},{"@type":"ImageObject","inLanguage":"de","@id":"https:\/\/hubsch-interior.com\/de\/produkt\/mush-tragbare-lampe-bruniertes-messing\/#primaryimage","url":"https:\/\/hubsch-interior.com\/wp-content\/uploads\/2026\/02\/mush-portable-lamp-burnished-brass-ef05b4ec2be8c92356220cfdcc0405be.jpg","contentUrl":"https:\/\/hubsch-interior.com\/wp-content\/uploads\/2026\/02\/mush-portable-lamp-burnished-brass-ef05b4ec2be8c92356220cfdcc0405be.jpg","width":1024,"height":1024},{"@type":"BreadcrumbList","@id":"https:\/\/hubsch-interior.com\/de\/produkt\/mush-tragbare-lampe-bruniertes-messing\/#breadcrumb","itemListElement":[{"@type":"ListItem","position":1,"name":"Startseite","item":"https:\/\/hubsch-interior.com\/de\/"},{"@type":"ListItem","position":2,"name":"Produkte","item":"https:\/\/hubsch-interior.com\/de\/shop-2\/"},{"@type":"ListItem","position":3,"name":"Beleuchtung","item":"https:\/\/hubsch-interior.com\/de\/produkt-kategorie\/beleuchtung\/"},{"@type":"ListItem","position":4,"name":"Tragbare Lampen","item":"https:\/\/hubsch-interior.com\/de\/produkt-kategorie\/beleuchtung\/tragbare-lampen-de\/"},{"@type":"ListItem","position":5,"name":"Mush Tragbare Lampe Br\u00fcniertes messing"}]},{"@type":"WebSite","@id":"https:\/\/hubsch-interior.com\/de\/#website","url":"https:\/\/hubsch-interior.com\/de\/","name":"H\u00fcbsch","description":"Danish Home Interior and Design","publisher":{"@id":"https:\/\/hubsch-interior.com\/de\/#organization"},"potentialAction":[{"@type":"SearchAction","target":{"@type":"EntryPoint","urlTemplate":"https:\/\/hubsch-interior.com\/de\/?s={search_term_string}"},"query-input":{"@type":"PropertyValueSpecification","valueRequired":true,"valueName":"search_term_string"}}],"inLanguage":"de"},{"@type":"Organization","@id":"https:\/\/hubsch-interior.com\/de\/#organization","name":"H\u00fcbsch","url":"https:\/\/hubsch-interior.com\/de\/","logo":{"@type":"ImageObject","inLanguage":"de","@id":"https:\/\/hubsch-interior.com\/de\/#\/schema\/logo\/image\/","url":"https:\/\/hubsch-interior.com\/wp-content\/uploads\/2022\/12\/Hubsch_logo_black_one_line.svg","contentUrl":"https:\/\/hubsch-interior.com\/wp-content\/uploads\/2022\/12\/Hubsch_logo_black_one_line.svg","caption":"H\u00fcbsch"},"image":{"@id":"https:\/\/hubsch-interior.com\/de\/#\/schema\/logo\/image\/"}}]}},"_links":{"self":[{"href":"https:\/\/hubsch-interior.com\/de\/wp-json\/wp\/v2\/product\/1071352","targetHints":{"allow":["GET"]}}],"collection":[{"href":"https:\/\/hubsch-interior.com\/de\/wp-json\/wp\/v2\/product"}],"about":[{"href":"https:\/\/hubsch-interior.com\/de\/wp-json\/wp\/v2\/types\/product"}],"wp:featuredmedia":[{"embeddable":true,"href":"https:\/\/hubsch-interior.com\/de\/wp-json\/wp\/v2\/media\/1107964"}],"wp:attachment":[{"href":"https:\/\/hubsch-interior.com\/de\/wp-json\/wp\/v2\/media?parent=1071352"}],"wp:term":[{"taxonomy":"product_brand","embeddable":true,"href":"https:\/\/hubsch-interior.com\/de\/wp-json\/wp\/v2\/product_brand?post=1071352"},{"taxonomy":"product_cat","embeddable":true,"href":"https:\/\/hubsch-interior.com\/de\/wp-json\/wp\/v2\/product_cat?post=1071352"},{"taxonomy":"product_tag","embeddable":true,"href":"https:\/\/hubsch-interior.com\/de\/wp-json\/wp\/v2\/product_tag?post=1071352"}],"curies":[{"name":"wp","href":"https:\/\/api.w.org\/{rel}","templated":true}]}}