{"id":1071372,"date":"2025-09-25T13:17:25","date_gmt":"2025-09-25T11:17:25","guid":{"rendered":"https:\/\/hubsch-interior.com\/product\/product\/"},"modified":"2026-04-12T05:09:04","modified_gmt":"2026-04-12T03:09:04","slug":"mush-tragbare-lampe-dunkelgrun","status":"publish","type":"product","link":"https:\/\/hubsch-interior.com\/de\/produkt\/mush-tragbare-lampe-dunkelgrun\/","title":{"rendered":"Mush Tragbare Lampe Dunkelgr\u00fcn"},"content":{"rendered":"<p>Entdecken Sie den Charme unseres ewigen Klassikers MUSH, jetzt als bezaubernde kleine tragbare Version. Diese exquisite Lampe, in einem wundersch\u00f6nen dunklen Gr\u00fcn mit hochgl\u00e4nzender Oberfl\u00e4che, bietet Flexibilit\u00e4t und Stil. Ohne st\u00f6rende Kabel beleuchten Sie m\u00fchelos jede Ecke Ihres Zuhauses von der D\u00e4mmerung bis zum Morgengrauen. In nur 4 Stunden vollst\u00e4ndig aufgeladen, bleibt sie f\u00fcr 8 Stunden durchgehend erleuchtet und schafft \u00fcberall dort die perfekte Atmosph\u00e4re, wo Sie es w\u00fcnschen. Bringen Sie Licht genau dorthin, wo Sie es brauchen, ganz m\u00fchelos.<\/p>\n","protected":false},"excerpt":{"rendered":"<p>Entdecken Sie den Charme unseres ewigen Klassikers MUSH, jetzt als bezaubernde kleine tragbare Version. Diese exquisite Lampe, in einem wundersch\u00f6nen dunklen Gr\u00fcn mit hochgl\u00e4nzender Oberfl\u00e4che, bietet Flexibilit\u00e4t und Stil. Ohne st\u00f6rende Kabel beleuchten Sie m\u00fchelos jede Ecke Ihres Zuhauses von der D\u00e4mmerung bis zum Morgengrauen. In nur 4 Stunden vollst\u00e4ndig aufgeladen, bleibt sie f\u00fcr 8 [&hellip;]<\/p>\n","protected":false},"featured_media":1107972,"template":"","meta":{"_acf_changed":false,"inline_featured_image":false},"product_brand":[],"product_cat":[6940,6972,6998,6963,3809,3501,5027,6519],"product_tag":[],"class_list":{"0":"post-1071372","1":"product","2":"type-product","3":"status-publish","4":"has-post-thumbnail","6":"product_cat-additions-de","7":"product_cat-oster-sale","8":"product_cat-the-buzz-de","9":"product_cat-tragbare-lampen-de","10":"product_cat-beleuchtung","11":"product_cat-tischlampen-de","12":"product_cat-bestsellers-de","13":"product_cat-outlet-de","14":"product_shipping_class-pk","16":"pa_color-dunkelgrn","17":"pa_material-acrylic-5-de","18":"pa_material-eisen-de","19":"pa_material-polycarbonat-2","21":"first","22":"instock","23":"sale","24":"featured","25":"taxable","26":"shipping-taxable","27":"purchasable","28":"product-type-simple"},"exclude_global_add_ons":[],"addons":[],"acf":[],"yoast_head":"<!-- This site is optimized with the Yoast SEO plugin v26.4 - https:\/\/yoast.com\/wordpress\/plugins\/seo\/ -->\n<title>Mush Tragbare Lampe Dunkelgr\u00fcn - H\u00fcbsch<\/title>\n<meta name=\"description\" content=\"Entdecken Sie den Charme unseres ewigen Klassikers MUSH, jetzt als bezaubernde kleine tragbare Version. Diese exquisite Lampe, in einem wundersch\u00f6nen\" \/>\n<meta name=\"robots\" content=\"index, follow, max-snippet:-1, max-image-preview:large, max-video-preview:-1\" \/>\n<link rel=\"canonical\" href=\"https:\/\/hubsch-interior.com\/de\/wp-json\/wp\/v2\/product\/1071372\" \/>\n<meta property=\"og:locale\" content=\"de_DE\" \/>\n<meta property=\"og:type\" content=\"article\" \/>\n<meta property=\"og:title\" content=\"Mush Tragbare Lampe Dunkelgr\u00fcn - H\u00fcbsch\" \/>\n<meta property=\"og:description\" content=\"Entdecken Sie den Charme unseres ewigen Klassikers MUSH, jetzt als bezaubernde kleine tragbare Version. Diese exquisite Lampe, in einem wundersch\u00f6nen\" \/>\n<meta property=\"og:url\" content=\"https:\/\/hubsch-interior.com\/de\/produkt\/mush-tragbare-lampe-dunkelgrun\/\" \/>\n<meta property=\"og:site_name\" content=\"H\u00fcbsch\" \/>\n<meta property=\"article:modified_time\" content=\"2026-04-12T03:09:04+00:00\" \/>\n<meta property=\"og:image\" content=\"https:\/\/hubsch-interior.com\/wp-content\/uploads\/2025\/09\/mush-portable-lamp-dark-green-8781d8f0548bb6d5c57362a5063e383d.jpg\" \/>\n\t<meta property=\"og:image:width\" content=\"1200\" \/>\n\t<meta property=\"og:image:height\" content=\"1200\" \/>\n\t<meta property=\"og:image:type\" content=\"image\/jpeg\" \/>\n<meta name=\"twitter:card\" content=\"summary_large_image\" \/>\n<script type=\"application\/ld+json\" class=\"yoast-schema-graph\">{\"@context\":\"https:\/\/schema.org\",\"@graph\":[{\"@type\":\"WebPage\",\"@id\":\"https:\/\/hubsch-interior.com\/de\/produkt\/mush-tragbare-lampe-dunkelgrun\/\",\"url\":\"https:\/\/hubsch-interior.com\/de\/produkt\/mush-tragbare-lampe-dunkelgrun\/\",\"name\":\"Mush Tragbare Lampe Dunkelgr\u00fcn - H\u00fcbsch\",\"isPartOf\":{\"@id\":\"https:\/\/hubsch-interior.com\/de\/#website\"},\"primaryImageOfPage\":{\"@id\":\"https:\/\/hubsch-interior.com\/de\/produkt\/mush-tragbare-lampe-dunkelgrun\/#primaryimage\"},\"image\":{\"@id\":\"https:\/\/hubsch-interior.com\/de\/produkt\/mush-tragbare-lampe-dunkelgrun\/#primaryimage\"},\"thumbnailUrl\":\"https:\/\/hubsch-interior.com\/wp-content\/uploads\/2026\/02\/mush-portable-lamp-dark-green-20234b35dab15f351c3dee29a3f335fb.jpg\",\"datePublished\":\"2025-09-25T11:17:25+00:00\",\"dateModified\":\"2026-04-12T03:09:04+00:00\",\"description\":\"Entdecken Sie den Charme unseres ewigen Klassikers MUSH, jetzt als bezaubernde kleine tragbare Version. Diese exquisite Lampe, in einem wundersch\u00f6nen\",\"breadcrumb\":{\"@id\":\"https:\/\/hubsch-interior.com\/de\/produkt\/mush-tragbare-lampe-dunkelgrun\/#breadcrumb\"},\"inLanguage\":\"de\",\"potentialAction\":[{\"@type\":\"ReadAction\",\"target\":[\"https:\/\/hubsch-interior.com\/de\/produkt\/mush-tragbare-lampe-dunkelgrun\/\"]}]},{\"@type\":\"ImageObject\",\"inLanguage\":\"de\",\"@id\":\"https:\/\/hubsch-interior.com\/de\/produkt\/mush-tragbare-lampe-dunkelgrun\/#primaryimage\",\"url\":\"https:\/\/hubsch-interior.com\/wp-content\/uploads\/2026\/02\/mush-portable-lamp-dark-green-20234b35dab15f351c3dee29a3f335fb.jpg\",\"contentUrl\":\"https:\/\/hubsch-interior.com\/wp-content\/uploads\/2026\/02\/mush-portable-lamp-dark-green-20234b35dab15f351c3dee29a3f335fb.jpg\",\"width\":1024,\"height\":1024},{\"@type\":\"BreadcrumbList\",\"@id\":\"https:\/\/hubsch-interior.com\/de\/produkt\/mush-tragbare-lampe-dunkelgrun\/#breadcrumb\",\"itemListElement\":[{\"@type\":\"ListItem\",\"position\":1,\"name\":\"Startseite\",\"item\":\"https:\/\/hubsch-interior.com\/de\/\"},{\"@type\":\"ListItem\",\"position\":2,\"name\":\"Produkte\",\"item\":\"https:\/\/hubsch-interior.com\/de\/shop-2\/\"},{\"@type\":\"ListItem\",\"position\":3,\"name\":\"Beleuchtung\",\"item\":\"https:\/\/hubsch-interior.com\/de\/produkt-kategorie\/beleuchtung\/\"},{\"@type\":\"ListItem\",\"position\":4,\"name\":\"Tragbare Lampen\",\"item\":\"https:\/\/hubsch-interior.com\/de\/produkt-kategorie\/beleuchtung\/tragbare-lampen-de\/\"},{\"@type\":\"ListItem\",\"position\":5,\"name\":\"Mush Tragbare Lampe Dunkelgr\u00fcn\"}]},{\"@type\":\"WebSite\",\"@id\":\"https:\/\/hubsch-interior.com\/de\/#website\",\"url\":\"https:\/\/hubsch-interior.com\/de\/\",\"name\":\"H\u00fcbsch\",\"description\":\"Danish Home Interior and Design\",\"publisher\":{\"@id\":\"https:\/\/hubsch-interior.com\/de\/#organization\"},\"potentialAction\":[{\"@type\":\"SearchAction\",\"target\":{\"@type\":\"EntryPoint\",\"urlTemplate\":\"https:\/\/hubsch-interior.com\/de\/?s={search_term_string}\"},\"query-input\":{\"@type\":\"PropertyValueSpecification\",\"valueRequired\":true,\"valueName\":\"search_term_string\"}}],\"inLanguage\":\"de\"},{\"@type\":\"Organization\",\"@id\":\"https:\/\/hubsch-interior.com\/de\/#organization\",\"name\":\"H\u00fcbsch\",\"url\":\"https:\/\/hubsch-interior.com\/de\/\",\"logo\":{\"@type\":\"ImageObject\",\"inLanguage\":\"de\",\"@id\":\"https:\/\/hubsch-interior.com\/de\/#\/schema\/logo\/image\/\",\"url\":\"https:\/\/hubsch-interior.com\/wp-content\/uploads\/2022\/12\/Hubsch_logo_black_one_line.svg\",\"contentUrl\":\"https:\/\/hubsch-interior.com\/wp-content\/uploads\/2022\/12\/Hubsch_logo_black_one_line.svg\",\"caption\":\"H\u00fcbsch\"},\"image\":{\"@id\":\"https:\/\/hubsch-interior.com\/de\/#\/schema\/logo\/image\/\"}}]}<\/script>\n<!-- \/ Yoast SEO plugin. -->","yoast_head_json":{"title":"Mush Tragbare Lampe Dunkelgr\u00fcn - H\u00fcbsch","description":"Entdecken Sie den Charme unseres ewigen Klassikers MUSH, jetzt als bezaubernde kleine tragbare Version. Diese exquisite Lampe, in einem wundersch\u00f6nen","robots":{"index":"index","follow":"follow","max-snippet":"max-snippet:-1","max-image-preview":"max-image-preview:large","max-video-preview":"max-video-preview:-1"},"canonical":"https:\/\/hubsch-interior.com\/de\/wp-json\/wp\/v2\/product\/1071372","og_locale":"de_DE","og_type":"article","og_title":"Mush Tragbare Lampe Dunkelgr\u00fcn - H\u00fcbsch","og_description":"Entdecken Sie den Charme unseres ewigen Klassikers MUSH, jetzt als bezaubernde kleine tragbare Version. Diese exquisite Lampe, in einem wundersch\u00f6nen","og_url":"https:\/\/hubsch-interior.com\/de\/produkt\/mush-tragbare-lampe-dunkelgrun\/","og_site_name":"H\u00fcbsch","article_modified_time":"2026-04-12T03:09:04+00:00","og_image":[{"width":1200,"height":1200,"url":"https:\/\/hubsch-interior.com\/wp-content\/uploads\/2025\/09\/mush-portable-lamp-dark-green-8781d8f0548bb6d5c57362a5063e383d.jpg","type":"image\/jpeg"}],"twitter_card":"summary_large_image","schema":{"@context":"https:\/\/schema.org","@graph":[{"@type":"WebPage","@id":"https:\/\/hubsch-interior.com\/de\/produkt\/mush-tragbare-lampe-dunkelgrun\/","url":"https:\/\/hubsch-interior.com\/de\/produkt\/mush-tragbare-lampe-dunkelgrun\/","name":"Mush Tragbare Lampe Dunkelgr\u00fcn - H\u00fcbsch","isPartOf":{"@id":"https:\/\/hubsch-interior.com\/de\/#website"},"primaryImageOfPage":{"@id":"https:\/\/hubsch-interior.com\/de\/produkt\/mush-tragbare-lampe-dunkelgrun\/#primaryimage"},"image":{"@id":"https:\/\/hubsch-interior.com\/de\/produkt\/mush-tragbare-lampe-dunkelgrun\/#primaryimage"},"thumbnailUrl":"https:\/\/hubsch-interior.com\/wp-content\/uploads\/2026\/02\/mush-portable-lamp-dark-green-20234b35dab15f351c3dee29a3f335fb.jpg","datePublished":"2025-09-25T11:17:25+00:00","dateModified":"2026-04-12T03:09:04+00:00","description":"Entdecken Sie den Charme unseres ewigen Klassikers MUSH, jetzt als bezaubernde kleine tragbare Version. Diese exquisite Lampe, in einem wundersch\u00f6nen","breadcrumb":{"@id":"https:\/\/hubsch-interior.com\/de\/produkt\/mush-tragbare-lampe-dunkelgrun\/#breadcrumb"},"inLanguage":"de","potentialAction":[{"@type":"ReadAction","target":["https:\/\/hubsch-interior.com\/de\/produkt\/mush-tragbare-lampe-dunkelgrun\/"]}]},{"@type":"ImageObject","inLanguage":"de","@id":"https:\/\/hubsch-interior.com\/de\/produkt\/mush-tragbare-lampe-dunkelgrun\/#primaryimage","url":"https:\/\/hubsch-interior.com\/wp-content\/uploads\/2026\/02\/mush-portable-lamp-dark-green-20234b35dab15f351c3dee29a3f335fb.jpg","contentUrl":"https:\/\/hubsch-interior.com\/wp-content\/uploads\/2026\/02\/mush-portable-lamp-dark-green-20234b35dab15f351c3dee29a3f335fb.jpg","width":1024,"height":1024},{"@type":"BreadcrumbList","@id":"https:\/\/hubsch-interior.com\/de\/produkt\/mush-tragbare-lampe-dunkelgrun\/#breadcrumb","itemListElement":[{"@type":"ListItem","position":1,"name":"Startseite","item":"https:\/\/hubsch-interior.com\/de\/"},{"@type":"ListItem","position":2,"name":"Produkte","item":"https:\/\/hubsch-interior.com\/de\/shop-2\/"},{"@type":"ListItem","position":3,"name":"Beleuchtung","item":"https:\/\/hubsch-interior.com\/de\/produkt-kategorie\/beleuchtung\/"},{"@type":"ListItem","position":4,"name":"Tragbare Lampen","item":"https:\/\/hubsch-interior.com\/de\/produkt-kategorie\/beleuchtung\/tragbare-lampen-de\/"},{"@type":"ListItem","position":5,"name":"Mush Tragbare Lampe Dunkelgr\u00fcn"}]},{"@type":"WebSite","@id":"https:\/\/hubsch-interior.com\/de\/#website","url":"https:\/\/hubsch-interior.com\/de\/","name":"H\u00fcbsch","description":"Danish Home Interior and Design","publisher":{"@id":"https:\/\/hubsch-interior.com\/de\/#organization"},"potentialAction":[{"@type":"SearchAction","target":{"@type":"EntryPoint","urlTemplate":"https:\/\/hubsch-interior.com\/de\/?s={search_term_string}"},"query-input":{"@type":"PropertyValueSpecification","valueRequired":true,"valueName":"search_term_string"}}],"inLanguage":"de"},{"@type":"Organization","@id":"https:\/\/hubsch-interior.com\/de\/#organization","name":"H\u00fcbsch","url":"https:\/\/hubsch-interior.com\/de\/","logo":{"@type":"ImageObject","inLanguage":"de","@id":"https:\/\/hubsch-interior.com\/de\/#\/schema\/logo\/image\/","url":"https:\/\/hubsch-interior.com\/wp-content\/uploads\/2022\/12\/Hubsch_logo_black_one_line.svg","contentUrl":"https:\/\/hubsch-interior.com\/wp-content\/uploads\/2022\/12\/Hubsch_logo_black_one_line.svg","caption":"H\u00fcbsch"},"image":{"@id":"https:\/\/hubsch-interior.com\/de\/#\/schema\/logo\/image\/"}}]}},"_links":{"self":[{"href":"https:\/\/hubsch-interior.com\/de\/wp-json\/wp\/v2\/product\/1071372","targetHints":{"allow":["GET"]}}],"collection":[{"href":"https:\/\/hubsch-interior.com\/de\/wp-json\/wp\/v2\/product"}],"about":[{"href":"https:\/\/hubsch-interior.com\/de\/wp-json\/wp\/v2\/types\/product"}],"wp:featuredmedia":[{"embeddable":true,"href":"https:\/\/hubsch-interior.com\/de\/wp-json\/wp\/v2\/media\/1107972"}],"wp:attachment":[{"href":"https:\/\/hubsch-interior.com\/de\/wp-json\/wp\/v2\/media?parent=1071372"}],"wp:term":[{"taxonomy":"product_brand","embeddable":true,"href":"https:\/\/hubsch-interior.com\/de\/wp-json\/wp\/v2\/product_brand?post=1071372"},{"taxonomy":"product_cat","embeddable":true,"href":"https:\/\/hubsch-interior.com\/de\/wp-json\/wp\/v2\/product_cat?post=1071372"},{"taxonomy":"product_tag","embeddable":true,"href":"https:\/\/hubsch-interior.com\/de\/wp-json\/wp\/v2\/product_tag?post=1071372"}],"curies":[{"name":"wp","href":"https:\/\/api.w.org\/{rel}","templated":true}]}}