{"id":1071392,"date":"2025-09-25T13:17:51","date_gmt":"2025-09-25T11:17:51","guid":{"rendered":"https:\/\/hubsch-interior.com\/product\/product\/"},"modified":"2026-04-11T05:04:33","modified_gmt":"2026-04-11T03:04:33","slug":"mush-tragbare-lampe-hell-rosa","status":"publish","type":"product","link":"https:\/\/hubsch-interior.com\/de\/produkt\/mush-tragbare-lampe-hell-rosa\/","title":{"rendered":"Mush Tragbare Lampe Hell-Rosa"},"content":{"rendered":"<p>Die Mush Tragbare Lampe in lebhaftem Hellrosa bringt einen fr\u00f6hlichen Farbtupfer in Ihre Lieblingsr\u00e4ume. Dank des tragbaren, kabellosen Designs k\u00f6nnen Sie ihr gem\u00fctliches Leuchten \u00fcberallhin mitnehmen, wo Sie es brauchen \u2013 von einer Leseecke bis zu einer dunklen Werkbank. Mit einer schnellen 4-Stunden-Ladung bietet sie bis zu 8 Stunden warme Beleuchtung und vereint Bequemlichkeit, Charme und Stil in einer kompakten Lampe.<\/p>\n","protected":false},"excerpt":{"rendered":"<p>Die Mush Tragbare Lampe in lebhaftem Hellrosa bringt einen fr\u00f6hlichen Farbtupfer in Ihre Lieblingsr\u00e4ume. Dank des tragbaren, kabellosen Designs k\u00f6nnen Sie ihr gem\u00fctliches Leuchten \u00fcberallhin mitnehmen, wo Sie es brauchen \u2013 von einer Leseecke bis zu einer dunklen Werkbank. Mit einer schnellen 4-Stunden-Ladung bietet sie bis zu 8 Stunden warme Beleuchtung und vereint Bequemlichkeit, Charme [&hellip;]<\/p>\n","protected":false},"featured_media":1107992,"template":"","meta":{"_acf_changed":false,"inline_featured_image":false},"product_brand":[],"product_cat":[6940,3809,5027,6972,6519,6998,3501,6963],"product_tag":[],"class_list":{"0":"post-1071392","1":"product","2":"type-product","3":"status-publish","4":"has-post-thumbnail","6":"product_cat-additions-de","7":"product_cat-beleuchtung","8":"product_cat-bestsellers-de","9":"product_cat-oster-sale","10":"product_cat-outlet-de","11":"product_cat-the-buzz-de","12":"product_cat-tischlampen-de","13":"product_cat-tragbare-lampen-de","14":"product_shipping_class-pk","16":"pa_color-hell-rosa","17":"pa_material-acrylic-5-de","18":"pa_material-eisen-de","19":"pa_material-polycarbonat-2","21":"first","22":"instock","23":"sale","24":"featured","25":"taxable","26":"shipping-taxable","27":"purchasable","28":"product-type-simple"},"exclude_global_add_ons":[],"addons":[],"acf":[],"yoast_head":"<!-- This site is optimized with the Yoast SEO plugin v26.4 - https:\/\/yoast.com\/wordpress\/plugins\/seo\/ -->\n<title>Mush Tragbare Lampe Hell-Rosa - H\u00fcbsch<\/title>\n<meta name=\"description\" content=\"Die Mush Tragbare Lampe in lebhaftem Hellrosa bringt einen fr\u00f6hlichen Farbtupfer in Ihre Lieblingsr\u00e4ume. Dank des tragbaren, kabellosen Designs k\u00f6nnen Sie\" \/>\n<meta name=\"robots\" content=\"index, follow, max-snippet:-1, max-image-preview:large, max-video-preview:-1\" \/>\n<link rel=\"canonical\" href=\"https:\/\/hubsch-interior.com\/de\/wp-json\/wp\/v2\/product\/1071392\" \/>\n<meta property=\"og:locale\" content=\"de_DE\" \/>\n<meta property=\"og:type\" content=\"article\" \/>\n<meta property=\"og:title\" content=\"Mush Tragbare Lampe Hell-Rosa - H\u00fcbsch\" \/>\n<meta property=\"og:description\" content=\"Die Mush Tragbare Lampe in lebhaftem Hellrosa bringt einen fr\u00f6hlichen Farbtupfer in Ihre Lieblingsr\u00e4ume. Dank des tragbaren, kabellosen Designs k\u00f6nnen Sie\" \/>\n<meta property=\"og:url\" content=\"https:\/\/hubsch-interior.com\/de\/produkt\/mush-tragbare-lampe-hell-rosa\/\" \/>\n<meta property=\"og:site_name\" content=\"H\u00fcbsch\" \/>\n<meta property=\"article:modified_time\" content=\"2026-04-11T03:04:33+00:00\" \/>\n<meta property=\"og:image\" content=\"https:\/\/hubsch-interior.com\/wp-content\/uploads\/2025\/09\/mush-portable-lamp-light-pink-7bcfc785ee0e965c4ed44c72432112d4.jpg\" \/>\n\t<meta property=\"og:image:width\" content=\"1200\" \/>\n\t<meta property=\"og:image:height\" content=\"1200\" \/>\n\t<meta property=\"og:image:type\" content=\"image\/jpeg\" \/>\n<meta name=\"twitter:card\" content=\"summary_large_image\" \/>\n<script type=\"application\/ld+json\" class=\"yoast-schema-graph\">{\"@context\":\"https:\/\/schema.org\",\"@graph\":[{\"@type\":\"WebPage\",\"@id\":\"https:\/\/hubsch-interior.com\/de\/produkt\/mush-tragbare-lampe-hell-rosa\/\",\"url\":\"https:\/\/hubsch-interior.com\/de\/produkt\/mush-tragbare-lampe-hell-rosa\/\",\"name\":\"Mush Tragbare Lampe Hell-Rosa - H\u00fcbsch\",\"isPartOf\":{\"@id\":\"https:\/\/hubsch-interior.com\/de\/#website\"},\"primaryImageOfPage\":{\"@id\":\"https:\/\/hubsch-interior.com\/de\/produkt\/mush-tragbare-lampe-hell-rosa\/#primaryimage\"},\"image\":{\"@id\":\"https:\/\/hubsch-interior.com\/de\/produkt\/mush-tragbare-lampe-hell-rosa\/#primaryimage\"},\"thumbnailUrl\":\"https:\/\/hubsch-interior.com\/wp-content\/uploads\/2026\/02\/mush-portable-lamp-light-pink-601c818101542cf5d8c4f3f16bae2424.jpg\",\"datePublished\":\"2025-09-25T11:17:51+00:00\",\"dateModified\":\"2026-04-11T03:04:33+00:00\",\"description\":\"Die Mush Tragbare Lampe in lebhaftem Hellrosa bringt einen fr\u00f6hlichen Farbtupfer in Ihre Lieblingsr\u00e4ume. Dank des tragbaren, kabellosen Designs k\u00f6nnen Sie\",\"breadcrumb\":{\"@id\":\"https:\/\/hubsch-interior.com\/de\/produkt\/mush-tragbare-lampe-hell-rosa\/#breadcrumb\"},\"inLanguage\":\"de\",\"potentialAction\":[{\"@type\":\"ReadAction\",\"target\":[\"https:\/\/hubsch-interior.com\/de\/produkt\/mush-tragbare-lampe-hell-rosa\/\"]}]},{\"@type\":\"ImageObject\",\"inLanguage\":\"de\",\"@id\":\"https:\/\/hubsch-interior.com\/de\/produkt\/mush-tragbare-lampe-hell-rosa\/#primaryimage\",\"url\":\"https:\/\/hubsch-interior.com\/wp-content\/uploads\/2026\/02\/mush-portable-lamp-light-pink-601c818101542cf5d8c4f3f16bae2424.jpg\",\"contentUrl\":\"https:\/\/hubsch-interior.com\/wp-content\/uploads\/2026\/02\/mush-portable-lamp-light-pink-601c818101542cf5d8c4f3f16bae2424.jpg\",\"width\":1024,\"height\":1024},{\"@type\":\"BreadcrumbList\",\"@id\":\"https:\/\/hubsch-interior.com\/de\/produkt\/mush-tragbare-lampe-hell-rosa\/#breadcrumb\",\"itemListElement\":[{\"@type\":\"ListItem\",\"position\":1,\"name\":\"Startseite\",\"item\":\"https:\/\/hubsch-interior.com\/de\/\"},{\"@type\":\"ListItem\",\"position\":2,\"name\":\"Produkte\",\"item\":\"https:\/\/hubsch-interior.com\/de\/shop-2\/\"},{\"@type\":\"ListItem\",\"position\":3,\"name\":\"Beleuchtung\",\"item\":\"https:\/\/hubsch-interior.com\/de\/produkt-kategorie\/beleuchtung\/\"},{\"@type\":\"ListItem\",\"position\":4,\"name\":\"Tischlampen\",\"item\":\"https:\/\/hubsch-interior.com\/de\/produkt-kategorie\/beleuchtung\/tischlampen-de\/\"},{\"@type\":\"ListItem\",\"position\":5,\"name\":\"Mush Tragbare Lampe Hell-Rosa\"}]},{\"@type\":\"WebSite\",\"@id\":\"https:\/\/hubsch-interior.com\/de\/#website\",\"url\":\"https:\/\/hubsch-interior.com\/de\/\",\"name\":\"H\u00fcbsch\",\"description\":\"Danish Home Interior and Design\",\"publisher\":{\"@id\":\"https:\/\/hubsch-interior.com\/de\/#organization\"},\"potentialAction\":[{\"@type\":\"SearchAction\",\"target\":{\"@type\":\"EntryPoint\",\"urlTemplate\":\"https:\/\/hubsch-interior.com\/de\/?s={search_term_string}\"},\"query-input\":{\"@type\":\"PropertyValueSpecification\",\"valueRequired\":true,\"valueName\":\"search_term_string\"}}],\"inLanguage\":\"de\"},{\"@type\":\"Organization\",\"@id\":\"https:\/\/hubsch-interior.com\/de\/#organization\",\"name\":\"H\u00fcbsch\",\"url\":\"https:\/\/hubsch-interior.com\/de\/\",\"logo\":{\"@type\":\"ImageObject\",\"inLanguage\":\"de\",\"@id\":\"https:\/\/hubsch-interior.com\/de\/#\/schema\/logo\/image\/\",\"url\":\"https:\/\/hubsch-interior.com\/wp-content\/uploads\/2022\/12\/Hubsch_logo_black_one_line.svg\",\"contentUrl\":\"https:\/\/hubsch-interior.com\/wp-content\/uploads\/2022\/12\/Hubsch_logo_black_one_line.svg\",\"caption\":\"H\u00fcbsch\"},\"image\":{\"@id\":\"https:\/\/hubsch-interior.com\/de\/#\/schema\/logo\/image\/\"}}]}<\/script>\n<!-- \/ Yoast SEO plugin. -->","yoast_head_json":{"title":"Mush Tragbare Lampe Hell-Rosa - H\u00fcbsch","description":"Die Mush Tragbare Lampe in lebhaftem Hellrosa bringt einen fr\u00f6hlichen Farbtupfer in Ihre Lieblingsr\u00e4ume. Dank des tragbaren, kabellosen Designs k\u00f6nnen Sie","robots":{"index":"index","follow":"follow","max-snippet":"max-snippet:-1","max-image-preview":"max-image-preview:large","max-video-preview":"max-video-preview:-1"},"canonical":"https:\/\/hubsch-interior.com\/de\/wp-json\/wp\/v2\/product\/1071392","og_locale":"de_DE","og_type":"article","og_title":"Mush Tragbare Lampe Hell-Rosa - H\u00fcbsch","og_description":"Die Mush Tragbare Lampe in lebhaftem Hellrosa bringt einen fr\u00f6hlichen Farbtupfer in Ihre Lieblingsr\u00e4ume. Dank des tragbaren, kabellosen Designs k\u00f6nnen Sie","og_url":"https:\/\/hubsch-interior.com\/de\/produkt\/mush-tragbare-lampe-hell-rosa\/","og_site_name":"H\u00fcbsch","article_modified_time":"2026-04-11T03:04:33+00:00","og_image":[{"width":1200,"height":1200,"url":"https:\/\/hubsch-interior.com\/wp-content\/uploads\/2025\/09\/mush-portable-lamp-light-pink-7bcfc785ee0e965c4ed44c72432112d4.jpg","type":"image\/jpeg"}],"twitter_card":"summary_large_image","schema":{"@context":"https:\/\/schema.org","@graph":[{"@type":"WebPage","@id":"https:\/\/hubsch-interior.com\/de\/produkt\/mush-tragbare-lampe-hell-rosa\/","url":"https:\/\/hubsch-interior.com\/de\/produkt\/mush-tragbare-lampe-hell-rosa\/","name":"Mush Tragbare Lampe Hell-Rosa - H\u00fcbsch","isPartOf":{"@id":"https:\/\/hubsch-interior.com\/de\/#website"},"primaryImageOfPage":{"@id":"https:\/\/hubsch-interior.com\/de\/produkt\/mush-tragbare-lampe-hell-rosa\/#primaryimage"},"image":{"@id":"https:\/\/hubsch-interior.com\/de\/produkt\/mush-tragbare-lampe-hell-rosa\/#primaryimage"},"thumbnailUrl":"https:\/\/hubsch-interior.com\/wp-content\/uploads\/2026\/02\/mush-portable-lamp-light-pink-601c818101542cf5d8c4f3f16bae2424.jpg","datePublished":"2025-09-25T11:17:51+00:00","dateModified":"2026-04-11T03:04:33+00:00","description":"Die Mush Tragbare Lampe in lebhaftem Hellrosa bringt einen fr\u00f6hlichen Farbtupfer in Ihre Lieblingsr\u00e4ume. Dank des tragbaren, kabellosen Designs k\u00f6nnen Sie","breadcrumb":{"@id":"https:\/\/hubsch-interior.com\/de\/produkt\/mush-tragbare-lampe-hell-rosa\/#breadcrumb"},"inLanguage":"de","potentialAction":[{"@type":"ReadAction","target":["https:\/\/hubsch-interior.com\/de\/produkt\/mush-tragbare-lampe-hell-rosa\/"]}]},{"@type":"ImageObject","inLanguage":"de","@id":"https:\/\/hubsch-interior.com\/de\/produkt\/mush-tragbare-lampe-hell-rosa\/#primaryimage","url":"https:\/\/hubsch-interior.com\/wp-content\/uploads\/2026\/02\/mush-portable-lamp-light-pink-601c818101542cf5d8c4f3f16bae2424.jpg","contentUrl":"https:\/\/hubsch-interior.com\/wp-content\/uploads\/2026\/02\/mush-portable-lamp-light-pink-601c818101542cf5d8c4f3f16bae2424.jpg","width":1024,"height":1024},{"@type":"BreadcrumbList","@id":"https:\/\/hubsch-interior.com\/de\/produkt\/mush-tragbare-lampe-hell-rosa\/#breadcrumb","itemListElement":[{"@type":"ListItem","position":1,"name":"Startseite","item":"https:\/\/hubsch-interior.com\/de\/"},{"@type":"ListItem","position":2,"name":"Produkte","item":"https:\/\/hubsch-interior.com\/de\/shop-2\/"},{"@type":"ListItem","position":3,"name":"Beleuchtung","item":"https:\/\/hubsch-interior.com\/de\/produkt-kategorie\/beleuchtung\/"},{"@type":"ListItem","position":4,"name":"Tischlampen","item":"https:\/\/hubsch-interior.com\/de\/produkt-kategorie\/beleuchtung\/tischlampen-de\/"},{"@type":"ListItem","position":5,"name":"Mush Tragbare Lampe Hell-Rosa"}]},{"@type":"WebSite","@id":"https:\/\/hubsch-interior.com\/de\/#website","url":"https:\/\/hubsch-interior.com\/de\/","name":"H\u00fcbsch","description":"Danish Home Interior and Design","publisher":{"@id":"https:\/\/hubsch-interior.com\/de\/#organization"},"potentialAction":[{"@type":"SearchAction","target":{"@type":"EntryPoint","urlTemplate":"https:\/\/hubsch-interior.com\/de\/?s={search_term_string}"},"query-input":{"@type":"PropertyValueSpecification","valueRequired":true,"valueName":"search_term_string"}}],"inLanguage":"de"},{"@type":"Organization","@id":"https:\/\/hubsch-interior.com\/de\/#organization","name":"H\u00fcbsch","url":"https:\/\/hubsch-interior.com\/de\/","logo":{"@type":"ImageObject","inLanguage":"de","@id":"https:\/\/hubsch-interior.com\/de\/#\/schema\/logo\/image\/","url":"https:\/\/hubsch-interior.com\/wp-content\/uploads\/2022\/12\/Hubsch_logo_black_one_line.svg","contentUrl":"https:\/\/hubsch-interior.com\/wp-content\/uploads\/2022\/12\/Hubsch_logo_black_one_line.svg","caption":"H\u00fcbsch"},"image":{"@id":"https:\/\/hubsch-interior.com\/de\/#\/schema\/logo\/image\/"}}]}},"_links":{"self":[{"href":"https:\/\/hubsch-interior.com\/de\/wp-json\/wp\/v2\/product\/1071392","targetHints":{"allow":["GET"]}}],"collection":[{"href":"https:\/\/hubsch-interior.com\/de\/wp-json\/wp\/v2\/product"}],"about":[{"href":"https:\/\/hubsch-interior.com\/de\/wp-json\/wp\/v2\/types\/product"}],"wp:featuredmedia":[{"embeddable":true,"href":"https:\/\/hubsch-interior.com\/de\/wp-json\/wp\/v2\/media\/1107992"}],"wp:attachment":[{"href":"https:\/\/hubsch-interior.com\/de\/wp-json\/wp\/v2\/media?parent=1071392"}],"wp:term":[{"taxonomy":"product_brand","embeddable":true,"href":"https:\/\/hubsch-interior.com\/de\/wp-json\/wp\/v2\/product_brand?post=1071392"},{"taxonomy":"product_cat","embeddable":true,"href":"https:\/\/hubsch-interior.com\/de\/wp-json\/wp\/v2\/product_cat?post=1071392"},{"taxonomy":"product_tag","embeddable":true,"href":"https:\/\/hubsch-interior.com\/de\/wp-json\/wp\/v2\/product_tag?post=1071392"}],"curies":[{"name":"wp","href":"https:\/\/api.w.org\/{rel}","templated":true}]}}