{"id":1071456,"date":"2025-09-25T13:18:35","date_gmt":"2025-09-25T11:18:35","guid":{"rendered":"https:\/\/hubsch-interior.com\/product\/product\/"},"modified":"2026-04-09T05:08:11","modified_gmt":"2026-04-09T03:08:11","slug":"mush-tischlampe-mini-bruniertes-messing","status":"publish","type":"product","link":"https:\/\/hubsch-interior.com\/de\/produkt\/mush-tischlampe-mini-bruniertes-messing\/","title":{"rendered":"Mush Tischlampe Mini Br\u00fcniertes messing"},"content":{"rendered":"<p>Verleihen Sie Ihrem Raum eine besondere Note mit der Mush Tischlampe in geb\u00fcrstetem Messing. Diese elegant gefertigte Lampe aus robustem Metall ist ein zeitloses St\u00fcck, das W\u00e4rme und Raffinesse in jeden Raum bringt. Ideal f\u00fcr Leseecken, Nachttische oder gem\u00fctliche Ecken, vereint sie Charme und Funktionalit\u00e4t in einem Design. Das reiche Messing-Finish bereichert Ihre Einrichtung und schafft ein einladendes Leuchten f\u00fcr den t\u00e4glichen Gebrauch.<\/p>\n","protected":false},"excerpt":{"rendered":"<p>Verleihen Sie Ihrem Raum eine besondere Note mit der Mush Tischlampe in geb\u00fcrstetem Messing. Diese elegant gefertigte Lampe aus robustem Metall ist ein zeitloses St\u00fcck, das W\u00e4rme und Raffinesse in jeden Raum bringt. Ideal f\u00fcr Leseecken, Nachttische oder gem\u00fctliche Ecken, vereint sie Charme und Funktionalit\u00e4t in einem Design. Das reiche Messing-Finish bereichert Ihre Einrichtung und [&hellip;]<\/p>\n","protected":false},"featured_media":1108044,"template":"","meta":{"_acf_changed":false,"inline_featured_image":false},"product_brand":[],"product_cat":[6940,6998,3809,3501,5027],"product_tag":[],"class_list":{"0":"post-1071456","1":"product","2":"type-product","3":"status-publish","4":"has-post-thumbnail","6":"product_cat-additions-de","7":"product_cat-the-buzz-de","8":"product_cat-beleuchtung","9":"product_cat-tischlampen-de","10":"product_cat-bestsellers-de","11":"product_shipping_class-pk","13":"pa_color-brniertes-messing","14":"pa_material-eisen-de","16":"first","17":"instock","18":"featured","19":"taxable","20":"shipping-taxable","21":"purchasable","22":"product-type-simple"},"exclude_global_add_ons":[],"addons":[],"acf":[],"yoast_head":"<!-- This site is optimized with the Yoast SEO plugin v26.4 - https:\/\/yoast.com\/wordpress\/plugins\/seo\/ -->\n<title>Mush Tischlampe Mini Br\u00fcniertes messing - H\u00fcbsch<\/title>\n<meta name=\"description\" content=\"Verleihen Sie Ihrem Raum eine besondere Note mit der Mush Tischlampe in geb\u00fcrstetem Messing. Diese elegant gefertigte Lampe aus robustem Metall ist ein\" \/>\n<meta name=\"robots\" content=\"index, follow, max-snippet:-1, max-image-preview:large, max-video-preview:-1\" \/>\n<link rel=\"canonical\" href=\"https:\/\/hubsch-interior.com\/de\/wp-json\/wp\/v2\/product\/1071456\" \/>\n<meta property=\"og:locale\" content=\"de_DE\" \/>\n<meta property=\"og:type\" content=\"article\" \/>\n<meta property=\"og:title\" content=\"Mush Tischlampe Mini Br\u00fcniertes messing - H\u00fcbsch\" \/>\n<meta property=\"og:description\" content=\"Verleihen Sie Ihrem Raum eine besondere Note mit der Mush Tischlampe in geb\u00fcrstetem Messing. Diese elegant gefertigte Lampe aus robustem Metall ist ein\" \/>\n<meta property=\"og:url\" content=\"https:\/\/hubsch-interior.com\/de\/produkt\/mush-tischlampe-mini-bruniertes-messing\/\" \/>\n<meta property=\"og:site_name\" content=\"H\u00fcbsch\" \/>\n<meta property=\"article:modified_time\" content=\"2026-04-09T03:08:11+00:00\" \/>\n<meta property=\"og:image\" content=\"https:\/\/hubsch-interior.com\/wp-content\/uploads\/2025\/09\/mush-table-lamp-mini-burnished-brass-0df4e70cc55a773d0cee2e101609531f.jpg\" \/>\n\t<meta property=\"og:image:width\" content=\"1200\" \/>\n\t<meta property=\"og:image:height\" content=\"1200\" \/>\n\t<meta property=\"og:image:type\" content=\"image\/jpeg\" \/>\n<meta name=\"twitter:card\" content=\"summary_large_image\" \/>\n<script type=\"application\/ld+json\" class=\"yoast-schema-graph\">{\"@context\":\"https:\/\/schema.org\",\"@graph\":[{\"@type\":\"WebPage\",\"@id\":\"https:\/\/hubsch-interior.com\/de\/produkt\/mush-tischlampe-mini-bruniertes-messing\/\",\"url\":\"https:\/\/hubsch-interior.com\/de\/produkt\/mush-tischlampe-mini-bruniertes-messing\/\",\"name\":\"Mush Tischlampe Mini Br\u00fcniertes messing - H\u00fcbsch\",\"isPartOf\":{\"@id\":\"https:\/\/hubsch-interior.com\/de\/#website\"},\"primaryImageOfPage\":{\"@id\":\"https:\/\/hubsch-interior.com\/de\/produkt\/mush-tischlampe-mini-bruniertes-messing\/#primaryimage\"},\"image\":{\"@id\":\"https:\/\/hubsch-interior.com\/de\/produkt\/mush-tischlampe-mini-bruniertes-messing\/#primaryimage\"},\"thumbnailUrl\":\"https:\/\/hubsch-interior.com\/wp-content\/uploads\/2026\/02\/mush-table-lamp-mini-burnished-brass-982f8d8c409c0a0b09b2811a573f6ee1.jpg\",\"datePublished\":\"2025-09-25T11:18:35+00:00\",\"dateModified\":\"2026-04-09T03:08:11+00:00\",\"description\":\"Verleihen Sie Ihrem Raum eine besondere Note mit der Mush Tischlampe in geb\u00fcrstetem Messing. Diese elegant gefertigte Lampe aus robustem Metall ist ein\",\"breadcrumb\":{\"@id\":\"https:\/\/hubsch-interior.com\/de\/produkt\/mush-tischlampe-mini-bruniertes-messing\/#breadcrumb\"},\"inLanguage\":\"de\",\"potentialAction\":[{\"@type\":\"ReadAction\",\"target\":[\"https:\/\/hubsch-interior.com\/de\/produkt\/mush-tischlampe-mini-bruniertes-messing\/\"]}]},{\"@type\":\"ImageObject\",\"inLanguage\":\"de\",\"@id\":\"https:\/\/hubsch-interior.com\/de\/produkt\/mush-tischlampe-mini-bruniertes-messing\/#primaryimage\",\"url\":\"https:\/\/hubsch-interior.com\/wp-content\/uploads\/2026\/02\/mush-table-lamp-mini-burnished-brass-982f8d8c409c0a0b09b2811a573f6ee1.jpg\",\"contentUrl\":\"https:\/\/hubsch-interior.com\/wp-content\/uploads\/2026\/02\/mush-table-lamp-mini-burnished-brass-982f8d8c409c0a0b09b2811a573f6ee1.jpg\",\"width\":1024,\"height\":1024},{\"@type\":\"BreadcrumbList\",\"@id\":\"https:\/\/hubsch-interior.com\/de\/produkt\/mush-tischlampe-mini-bruniertes-messing\/#breadcrumb\",\"itemListElement\":[{\"@type\":\"ListItem\",\"position\":1,\"name\":\"Startseite\",\"item\":\"https:\/\/hubsch-interior.com\/de\/\"},{\"@type\":\"ListItem\",\"position\":2,\"name\":\"Produkte\",\"item\":\"https:\/\/hubsch-interior.com\/de\/shop-2\/\"},{\"@type\":\"ListItem\",\"position\":3,\"name\":\"Beleuchtung\",\"item\":\"https:\/\/hubsch-interior.com\/de\/produkt-kategorie\/beleuchtung\/\"},{\"@type\":\"ListItem\",\"position\":4,\"name\":\"Tischlampen\",\"item\":\"https:\/\/hubsch-interior.com\/de\/produkt-kategorie\/beleuchtung\/tischlampen-de\/\"},{\"@type\":\"ListItem\",\"position\":5,\"name\":\"Mush Tischlampe Mini Br\u00fcniertes messing\"}]},{\"@type\":\"WebSite\",\"@id\":\"https:\/\/hubsch-interior.com\/de\/#website\",\"url\":\"https:\/\/hubsch-interior.com\/de\/\",\"name\":\"H\u00fcbsch\",\"description\":\"Danish Home Interior and Design\",\"publisher\":{\"@id\":\"https:\/\/hubsch-interior.com\/de\/#organization\"},\"potentialAction\":[{\"@type\":\"SearchAction\",\"target\":{\"@type\":\"EntryPoint\",\"urlTemplate\":\"https:\/\/hubsch-interior.com\/de\/?s={search_term_string}\"},\"query-input\":{\"@type\":\"PropertyValueSpecification\",\"valueRequired\":true,\"valueName\":\"search_term_string\"}}],\"inLanguage\":\"de\"},{\"@type\":\"Organization\",\"@id\":\"https:\/\/hubsch-interior.com\/de\/#organization\",\"name\":\"H\u00fcbsch\",\"url\":\"https:\/\/hubsch-interior.com\/de\/\",\"logo\":{\"@type\":\"ImageObject\",\"inLanguage\":\"de\",\"@id\":\"https:\/\/hubsch-interior.com\/de\/#\/schema\/logo\/image\/\",\"url\":\"https:\/\/hubsch-interior.com\/wp-content\/uploads\/2022\/12\/Hubsch_logo_black_one_line.svg\",\"contentUrl\":\"https:\/\/hubsch-interior.com\/wp-content\/uploads\/2022\/12\/Hubsch_logo_black_one_line.svg\",\"caption\":\"H\u00fcbsch\"},\"image\":{\"@id\":\"https:\/\/hubsch-interior.com\/de\/#\/schema\/logo\/image\/\"}}]}<\/script>\n<!-- \/ Yoast SEO plugin. -->","yoast_head_json":{"title":"Mush Tischlampe Mini Br\u00fcniertes messing - H\u00fcbsch","description":"Verleihen Sie Ihrem Raum eine besondere Note mit der Mush Tischlampe in geb\u00fcrstetem Messing. Diese elegant gefertigte Lampe aus robustem Metall ist ein","robots":{"index":"index","follow":"follow","max-snippet":"max-snippet:-1","max-image-preview":"max-image-preview:large","max-video-preview":"max-video-preview:-1"},"canonical":"https:\/\/hubsch-interior.com\/de\/wp-json\/wp\/v2\/product\/1071456","og_locale":"de_DE","og_type":"article","og_title":"Mush Tischlampe Mini Br\u00fcniertes messing - H\u00fcbsch","og_description":"Verleihen Sie Ihrem Raum eine besondere Note mit der Mush Tischlampe in geb\u00fcrstetem Messing. Diese elegant gefertigte Lampe aus robustem Metall ist ein","og_url":"https:\/\/hubsch-interior.com\/de\/produkt\/mush-tischlampe-mini-bruniertes-messing\/","og_site_name":"H\u00fcbsch","article_modified_time":"2026-04-09T03:08:11+00:00","og_image":[{"width":1200,"height":1200,"url":"https:\/\/hubsch-interior.com\/wp-content\/uploads\/2025\/09\/mush-table-lamp-mini-burnished-brass-0df4e70cc55a773d0cee2e101609531f.jpg","type":"image\/jpeg"}],"twitter_card":"summary_large_image","schema":{"@context":"https:\/\/schema.org","@graph":[{"@type":"WebPage","@id":"https:\/\/hubsch-interior.com\/de\/produkt\/mush-tischlampe-mini-bruniertes-messing\/","url":"https:\/\/hubsch-interior.com\/de\/produkt\/mush-tischlampe-mini-bruniertes-messing\/","name":"Mush Tischlampe Mini Br\u00fcniertes messing - H\u00fcbsch","isPartOf":{"@id":"https:\/\/hubsch-interior.com\/de\/#website"},"primaryImageOfPage":{"@id":"https:\/\/hubsch-interior.com\/de\/produkt\/mush-tischlampe-mini-bruniertes-messing\/#primaryimage"},"image":{"@id":"https:\/\/hubsch-interior.com\/de\/produkt\/mush-tischlampe-mini-bruniertes-messing\/#primaryimage"},"thumbnailUrl":"https:\/\/hubsch-interior.com\/wp-content\/uploads\/2026\/02\/mush-table-lamp-mini-burnished-brass-982f8d8c409c0a0b09b2811a573f6ee1.jpg","datePublished":"2025-09-25T11:18:35+00:00","dateModified":"2026-04-09T03:08:11+00:00","description":"Verleihen Sie Ihrem Raum eine besondere Note mit der Mush Tischlampe in geb\u00fcrstetem Messing. Diese elegant gefertigte Lampe aus robustem Metall ist ein","breadcrumb":{"@id":"https:\/\/hubsch-interior.com\/de\/produkt\/mush-tischlampe-mini-bruniertes-messing\/#breadcrumb"},"inLanguage":"de","potentialAction":[{"@type":"ReadAction","target":["https:\/\/hubsch-interior.com\/de\/produkt\/mush-tischlampe-mini-bruniertes-messing\/"]}]},{"@type":"ImageObject","inLanguage":"de","@id":"https:\/\/hubsch-interior.com\/de\/produkt\/mush-tischlampe-mini-bruniertes-messing\/#primaryimage","url":"https:\/\/hubsch-interior.com\/wp-content\/uploads\/2026\/02\/mush-table-lamp-mini-burnished-brass-982f8d8c409c0a0b09b2811a573f6ee1.jpg","contentUrl":"https:\/\/hubsch-interior.com\/wp-content\/uploads\/2026\/02\/mush-table-lamp-mini-burnished-brass-982f8d8c409c0a0b09b2811a573f6ee1.jpg","width":1024,"height":1024},{"@type":"BreadcrumbList","@id":"https:\/\/hubsch-interior.com\/de\/produkt\/mush-tischlampe-mini-bruniertes-messing\/#breadcrumb","itemListElement":[{"@type":"ListItem","position":1,"name":"Startseite","item":"https:\/\/hubsch-interior.com\/de\/"},{"@type":"ListItem","position":2,"name":"Produkte","item":"https:\/\/hubsch-interior.com\/de\/shop-2\/"},{"@type":"ListItem","position":3,"name":"Beleuchtung","item":"https:\/\/hubsch-interior.com\/de\/produkt-kategorie\/beleuchtung\/"},{"@type":"ListItem","position":4,"name":"Tischlampen","item":"https:\/\/hubsch-interior.com\/de\/produkt-kategorie\/beleuchtung\/tischlampen-de\/"},{"@type":"ListItem","position":5,"name":"Mush Tischlampe Mini Br\u00fcniertes messing"}]},{"@type":"WebSite","@id":"https:\/\/hubsch-interior.com\/de\/#website","url":"https:\/\/hubsch-interior.com\/de\/","name":"H\u00fcbsch","description":"Danish Home Interior and Design","publisher":{"@id":"https:\/\/hubsch-interior.com\/de\/#organization"},"potentialAction":[{"@type":"SearchAction","target":{"@type":"EntryPoint","urlTemplate":"https:\/\/hubsch-interior.com\/de\/?s={search_term_string}"},"query-input":{"@type":"PropertyValueSpecification","valueRequired":true,"valueName":"search_term_string"}}],"inLanguage":"de"},{"@type":"Organization","@id":"https:\/\/hubsch-interior.com\/de\/#organization","name":"H\u00fcbsch","url":"https:\/\/hubsch-interior.com\/de\/","logo":{"@type":"ImageObject","inLanguage":"de","@id":"https:\/\/hubsch-interior.com\/de\/#\/schema\/logo\/image\/","url":"https:\/\/hubsch-interior.com\/wp-content\/uploads\/2022\/12\/Hubsch_logo_black_one_line.svg","contentUrl":"https:\/\/hubsch-interior.com\/wp-content\/uploads\/2022\/12\/Hubsch_logo_black_one_line.svg","caption":"H\u00fcbsch"},"image":{"@id":"https:\/\/hubsch-interior.com\/de\/#\/schema\/logo\/image\/"}}]}},"_links":{"self":[{"href":"https:\/\/hubsch-interior.com\/de\/wp-json\/wp\/v2\/product\/1071456","targetHints":{"allow":["GET"]}}],"collection":[{"href":"https:\/\/hubsch-interior.com\/de\/wp-json\/wp\/v2\/product"}],"about":[{"href":"https:\/\/hubsch-interior.com\/de\/wp-json\/wp\/v2\/types\/product"}],"wp:featuredmedia":[{"embeddable":true,"href":"https:\/\/hubsch-interior.com\/de\/wp-json\/wp\/v2\/media\/1108044"}],"wp:attachment":[{"href":"https:\/\/hubsch-interior.com\/de\/wp-json\/wp\/v2\/media?parent=1071456"}],"wp:term":[{"taxonomy":"product_brand","embeddable":true,"href":"https:\/\/hubsch-interior.com\/de\/wp-json\/wp\/v2\/product_brand?post=1071456"},{"taxonomy":"product_cat","embeddable":true,"href":"https:\/\/hubsch-interior.com\/de\/wp-json\/wp\/v2\/product_cat?post=1071456"},{"taxonomy":"product_tag","embeddable":true,"href":"https:\/\/hubsch-interior.com\/de\/wp-json\/wp\/v2\/product_tag?post=1071456"}],"curies":[{"name":"wp","href":"https:\/\/api.w.org\/{rel}","templated":true}]}}