{"id":1071512,"date":"2025-09-25T13:19:37","date_gmt":"2025-09-25T11:19:37","guid":{"rendered":"https:\/\/hubsch-interior.com\/product\/product\/"},"modified":"2026-04-09T05:08:35","modified_gmt":"2026-04-09T03:08:35","slug":"mush-tischlampe-tall-sandfarben","status":"publish","type":"product","link":"https:\/\/hubsch-interior.com\/de\/produkt\/mush-tischlampe-tall-sandfarben\/","title":{"rendered":"Mush Tischlampe Tall Sandfarben"},"content":{"rendered":"<p>Die Mush Tischlampe in sanftem Sandton bringt subtile Eleganz und W\u00e4rme in Ihr Zuhause. Hergestellt aus robustem Metall, ist sie sowohl praktisch als auch stilvoll und eignet sich perfekt f\u00fcr Leseecken, Essbereiche oder gem\u00fctliche Ecken. In 11 vielseitigen Varianten erh\u00e4ltlich, f\u00fcgt sich die sandfarbene Mush Lampe harmonisch in jede Einrichtung ein und schafft ein weiches, einladendes Leuchten f\u00fcr allt\u00e4gliche Momente.<\/p>\n","protected":false},"excerpt":{"rendered":"<p>Die Mush Tischlampe in sanftem Sandton bringt subtile Eleganz und W\u00e4rme in Ihr Zuhause. Hergestellt aus robustem Metall, ist sie sowohl praktisch als auch stilvoll und eignet sich perfekt f\u00fcr Leseecken, Essbereiche oder gem\u00fctliche Ecken. In 11 vielseitigen Varianten erh\u00e4ltlich, f\u00fcgt sich die sandfarbene Mush Lampe harmonisch in jede Einrichtung ein und schafft ein weiches, [&hellip;]<\/p>\n","protected":false},"featured_media":1108084,"template":"","meta":{"_acf_changed":false,"inline_featured_image":false},"product_brand":[],"product_cat":[6940,3809,5027,6998,3501],"product_tag":[],"class_list":{"0":"post-1071512","1":"product","2":"type-product","3":"status-publish","4":"has-post-thumbnail","6":"product_cat-additions-de","7":"product_cat-beleuchtung","8":"product_cat-bestsellers-de","9":"product_cat-the-buzz-de","10":"product_cat-tischlampen-de","11":"product_shipping_class-pk","13":"pa_color-sandfarben","14":"pa_material-eisen-de","16":"first","17":"instock","18":"featured","19":"taxable","20":"shipping-taxable","21":"purchasable","22":"product-type-simple"},"exclude_global_add_ons":[],"addons":[],"acf":[],"yoast_head":"<!-- This site is optimized with the Yoast SEO plugin v26.4 - https:\/\/yoast.com\/wordpress\/plugins\/seo\/ -->\n<title>Mush Tischlampe Tall Sandfarben - H\u00fcbsch<\/title>\n<meta name=\"description\" content=\"Die Mush Tischlampe in sanftem Sandton bringt subtile Eleganz und W\u00e4rme in Ihr Zuhause. Hergestellt aus robustem Metall, ist sie sowohl praktisch als auch\" \/>\n<meta name=\"robots\" content=\"index, follow, max-snippet:-1, max-image-preview:large, max-video-preview:-1\" \/>\n<link rel=\"canonical\" href=\"https:\/\/hubsch-interior.com\/de\/wp-json\/wp\/v2\/product\/1071512\" \/>\n<meta property=\"og:locale\" content=\"de_DE\" \/>\n<meta property=\"og:type\" content=\"article\" \/>\n<meta property=\"og:title\" content=\"Mush Tischlampe Tall Sandfarben - H\u00fcbsch\" \/>\n<meta property=\"og:description\" content=\"Die Mush Tischlampe in sanftem Sandton bringt subtile Eleganz und W\u00e4rme in Ihr Zuhause. Hergestellt aus robustem Metall, ist sie sowohl praktisch als auch\" \/>\n<meta property=\"og:url\" content=\"https:\/\/hubsch-interior.com\/de\/produkt\/mush-tischlampe-tall-sandfarben\/\" \/>\n<meta property=\"og:site_name\" content=\"H\u00fcbsch\" \/>\n<meta property=\"article:modified_time\" content=\"2026-04-09T03:08:35+00:00\" \/>\n<meta property=\"og:image\" content=\"https:\/\/hubsch-interior.com\/wp-content\/uploads\/2025\/09\/mush-table-lamp-tall-sand-88ecb6acc8bcb282f1c6060a6b4ed034.jpg\" \/>\n\t<meta property=\"og:image:width\" content=\"1200\" \/>\n\t<meta property=\"og:image:height\" content=\"1200\" \/>\n\t<meta property=\"og:image:type\" content=\"image\/jpeg\" \/>\n<meta name=\"twitter:card\" content=\"summary_large_image\" \/>\n<script type=\"application\/ld+json\" class=\"yoast-schema-graph\">{\"@context\":\"https:\/\/schema.org\",\"@graph\":[{\"@type\":\"WebPage\",\"@id\":\"https:\/\/hubsch-interior.com\/de\/produkt\/mush-tischlampe-tall-sandfarben\/\",\"url\":\"https:\/\/hubsch-interior.com\/de\/produkt\/mush-tischlampe-tall-sandfarben\/\",\"name\":\"Mush Tischlampe Tall Sandfarben - H\u00fcbsch\",\"isPartOf\":{\"@id\":\"https:\/\/hubsch-interior.com\/de\/#website\"},\"primaryImageOfPage\":{\"@id\":\"https:\/\/hubsch-interior.com\/de\/produkt\/mush-tischlampe-tall-sandfarben\/#primaryimage\"},\"image\":{\"@id\":\"https:\/\/hubsch-interior.com\/de\/produkt\/mush-tischlampe-tall-sandfarben\/#primaryimage\"},\"thumbnailUrl\":\"https:\/\/hubsch-interior.com\/wp-content\/uploads\/2026\/02\/mush-table-lamp-tall-sand-e8fa360b5bcc455b707dc805f715de79.jpg\",\"datePublished\":\"2025-09-25T11:19:37+00:00\",\"dateModified\":\"2026-04-09T03:08:35+00:00\",\"description\":\"Die Mush Tischlampe in sanftem Sandton bringt subtile Eleganz und W\u00e4rme in Ihr Zuhause. Hergestellt aus robustem Metall, ist sie sowohl praktisch als auch\",\"breadcrumb\":{\"@id\":\"https:\/\/hubsch-interior.com\/de\/produkt\/mush-tischlampe-tall-sandfarben\/#breadcrumb\"},\"inLanguage\":\"de\",\"potentialAction\":[{\"@type\":\"ReadAction\",\"target\":[\"https:\/\/hubsch-interior.com\/de\/produkt\/mush-tischlampe-tall-sandfarben\/\"]}]},{\"@type\":\"ImageObject\",\"inLanguage\":\"de\",\"@id\":\"https:\/\/hubsch-interior.com\/de\/produkt\/mush-tischlampe-tall-sandfarben\/#primaryimage\",\"url\":\"https:\/\/hubsch-interior.com\/wp-content\/uploads\/2026\/02\/mush-table-lamp-tall-sand-e8fa360b5bcc455b707dc805f715de79.jpg\",\"contentUrl\":\"https:\/\/hubsch-interior.com\/wp-content\/uploads\/2026\/02\/mush-table-lamp-tall-sand-e8fa360b5bcc455b707dc805f715de79.jpg\",\"width\":1024,\"height\":1024},{\"@type\":\"BreadcrumbList\",\"@id\":\"https:\/\/hubsch-interior.com\/de\/produkt\/mush-tischlampe-tall-sandfarben\/#breadcrumb\",\"itemListElement\":[{\"@type\":\"ListItem\",\"position\":1,\"name\":\"Startseite\",\"item\":\"https:\/\/hubsch-interior.com\/de\/\"},{\"@type\":\"ListItem\",\"position\":2,\"name\":\"Produkte\",\"item\":\"https:\/\/hubsch-interior.com\/de\/shop-2\/\"},{\"@type\":\"ListItem\",\"position\":3,\"name\":\"Beleuchtung\",\"item\":\"https:\/\/hubsch-interior.com\/de\/produkt-kategorie\/beleuchtung\/\"},{\"@type\":\"ListItem\",\"position\":4,\"name\":\"Tischlampen\",\"item\":\"https:\/\/hubsch-interior.com\/de\/produkt-kategorie\/beleuchtung\/tischlampen-de\/\"},{\"@type\":\"ListItem\",\"position\":5,\"name\":\"Mush Tischlampe Tall Sandfarben\"}]},{\"@type\":\"WebSite\",\"@id\":\"https:\/\/hubsch-interior.com\/de\/#website\",\"url\":\"https:\/\/hubsch-interior.com\/de\/\",\"name\":\"H\u00fcbsch\",\"description\":\"Danish Home Interior and Design\",\"publisher\":{\"@id\":\"https:\/\/hubsch-interior.com\/de\/#organization\"},\"potentialAction\":[{\"@type\":\"SearchAction\",\"target\":{\"@type\":\"EntryPoint\",\"urlTemplate\":\"https:\/\/hubsch-interior.com\/de\/?s={search_term_string}\"},\"query-input\":{\"@type\":\"PropertyValueSpecification\",\"valueRequired\":true,\"valueName\":\"search_term_string\"}}],\"inLanguage\":\"de\"},{\"@type\":\"Organization\",\"@id\":\"https:\/\/hubsch-interior.com\/de\/#organization\",\"name\":\"H\u00fcbsch\",\"url\":\"https:\/\/hubsch-interior.com\/de\/\",\"logo\":{\"@type\":\"ImageObject\",\"inLanguage\":\"de\",\"@id\":\"https:\/\/hubsch-interior.com\/de\/#\/schema\/logo\/image\/\",\"url\":\"https:\/\/hubsch-interior.com\/wp-content\/uploads\/2022\/12\/Hubsch_logo_black_one_line.svg\",\"contentUrl\":\"https:\/\/hubsch-interior.com\/wp-content\/uploads\/2022\/12\/Hubsch_logo_black_one_line.svg\",\"caption\":\"H\u00fcbsch\"},\"image\":{\"@id\":\"https:\/\/hubsch-interior.com\/de\/#\/schema\/logo\/image\/\"}}]}<\/script>\n<!-- \/ Yoast SEO plugin. -->","yoast_head_json":{"title":"Mush Tischlampe Tall Sandfarben - H\u00fcbsch","description":"Die Mush Tischlampe in sanftem Sandton bringt subtile Eleganz und W\u00e4rme in Ihr Zuhause. Hergestellt aus robustem Metall, ist sie sowohl praktisch als auch","robots":{"index":"index","follow":"follow","max-snippet":"max-snippet:-1","max-image-preview":"max-image-preview:large","max-video-preview":"max-video-preview:-1"},"canonical":"https:\/\/hubsch-interior.com\/de\/wp-json\/wp\/v2\/product\/1071512","og_locale":"de_DE","og_type":"article","og_title":"Mush Tischlampe Tall Sandfarben - H\u00fcbsch","og_description":"Die Mush Tischlampe in sanftem Sandton bringt subtile Eleganz und W\u00e4rme in Ihr Zuhause. Hergestellt aus robustem Metall, ist sie sowohl praktisch als auch","og_url":"https:\/\/hubsch-interior.com\/de\/produkt\/mush-tischlampe-tall-sandfarben\/","og_site_name":"H\u00fcbsch","article_modified_time":"2026-04-09T03:08:35+00:00","og_image":[{"width":1200,"height":1200,"url":"https:\/\/hubsch-interior.com\/wp-content\/uploads\/2025\/09\/mush-table-lamp-tall-sand-88ecb6acc8bcb282f1c6060a6b4ed034.jpg","type":"image\/jpeg"}],"twitter_card":"summary_large_image","schema":{"@context":"https:\/\/schema.org","@graph":[{"@type":"WebPage","@id":"https:\/\/hubsch-interior.com\/de\/produkt\/mush-tischlampe-tall-sandfarben\/","url":"https:\/\/hubsch-interior.com\/de\/produkt\/mush-tischlampe-tall-sandfarben\/","name":"Mush Tischlampe Tall Sandfarben - H\u00fcbsch","isPartOf":{"@id":"https:\/\/hubsch-interior.com\/de\/#website"},"primaryImageOfPage":{"@id":"https:\/\/hubsch-interior.com\/de\/produkt\/mush-tischlampe-tall-sandfarben\/#primaryimage"},"image":{"@id":"https:\/\/hubsch-interior.com\/de\/produkt\/mush-tischlampe-tall-sandfarben\/#primaryimage"},"thumbnailUrl":"https:\/\/hubsch-interior.com\/wp-content\/uploads\/2026\/02\/mush-table-lamp-tall-sand-e8fa360b5bcc455b707dc805f715de79.jpg","datePublished":"2025-09-25T11:19:37+00:00","dateModified":"2026-04-09T03:08:35+00:00","description":"Die Mush Tischlampe in sanftem Sandton bringt subtile Eleganz und W\u00e4rme in Ihr Zuhause. Hergestellt aus robustem Metall, ist sie sowohl praktisch als auch","breadcrumb":{"@id":"https:\/\/hubsch-interior.com\/de\/produkt\/mush-tischlampe-tall-sandfarben\/#breadcrumb"},"inLanguage":"de","potentialAction":[{"@type":"ReadAction","target":["https:\/\/hubsch-interior.com\/de\/produkt\/mush-tischlampe-tall-sandfarben\/"]}]},{"@type":"ImageObject","inLanguage":"de","@id":"https:\/\/hubsch-interior.com\/de\/produkt\/mush-tischlampe-tall-sandfarben\/#primaryimage","url":"https:\/\/hubsch-interior.com\/wp-content\/uploads\/2026\/02\/mush-table-lamp-tall-sand-e8fa360b5bcc455b707dc805f715de79.jpg","contentUrl":"https:\/\/hubsch-interior.com\/wp-content\/uploads\/2026\/02\/mush-table-lamp-tall-sand-e8fa360b5bcc455b707dc805f715de79.jpg","width":1024,"height":1024},{"@type":"BreadcrumbList","@id":"https:\/\/hubsch-interior.com\/de\/produkt\/mush-tischlampe-tall-sandfarben\/#breadcrumb","itemListElement":[{"@type":"ListItem","position":1,"name":"Startseite","item":"https:\/\/hubsch-interior.com\/de\/"},{"@type":"ListItem","position":2,"name":"Produkte","item":"https:\/\/hubsch-interior.com\/de\/shop-2\/"},{"@type":"ListItem","position":3,"name":"Beleuchtung","item":"https:\/\/hubsch-interior.com\/de\/produkt-kategorie\/beleuchtung\/"},{"@type":"ListItem","position":4,"name":"Tischlampen","item":"https:\/\/hubsch-interior.com\/de\/produkt-kategorie\/beleuchtung\/tischlampen-de\/"},{"@type":"ListItem","position":5,"name":"Mush Tischlampe Tall Sandfarben"}]},{"@type":"WebSite","@id":"https:\/\/hubsch-interior.com\/de\/#website","url":"https:\/\/hubsch-interior.com\/de\/","name":"H\u00fcbsch","description":"Danish Home Interior and Design","publisher":{"@id":"https:\/\/hubsch-interior.com\/de\/#organization"},"potentialAction":[{"@type":"SearchAction","target":{"@type":"EntryPoint","urlTemplate":"https:\/\/hubsch-interior.com\/de\/?s={search_term_string}"},"query-input":{"@type":"PropertyValueSpecification","valueRequired":true,"valueName":"search_term_string"}}],"inLanguage":"de"},{"@type":"Organization","@id":"https:\/\/hubsch-interior.com\/de\/#organization","name":"H\u00fcbsch","url":"https:\/\/hubsch-interior.com\/de\/","logo":{"@type":"ImageObject","inLanguage":"de","@id":"https:\/\/hubsch-interior.com\/de\/#\/schema\/logo\/image\/","url":"https:\/\/hubsch-interior.com\/wp-content\/uploads\/2022\/12\/Hubsch_logo_black_one_line.svg","contentUrl":"https:\/\/hubsch-interior.com\/wp-content\/uploads\/2022\/12\/Hubsch_logo_black_one_line.svg","caption":"H\u00fcbsch"},"image":{"@id":"https:\/\/hubsch-interior.com\/de\/#\/schema\/logo\/image\/"}}]}},"_links":{"self":[{"href":"https:\/\/hubsch-interior.com\/de\/wp-json\/wp\/v2\/product\/1071512","targetHints":{"allow":["GET"]}}],"collection":[{"href":"https:\/\/hubsch-interior.com\/de\/wp-json\/wp\/v2\/product"}],"about":[{"href":"https:\/\/hubsch-interior.com\/de\/wp-json\/wp\/v2\/types\/product"}],"wp:featuredmedia":[{"embeddable":true,"href":"https:\/\/hubsch-interior.com\/de\/wp-json\/wp\/v2\/media\/1108084"}],"wp:attachment":[{"href":"https:\/\/hubsch-interior.com\/de\/wp-json\/wp\/v2\/media?parent=1071512"}],"wp:term":[{"taxonomy":"product_brand","embeddable":true,"href":"https:\/\/hubsch-interior.com\/de\/wp-json\/wp\/v2\/product_brand?post=1071512"},{"taxonomy":"product_cat","embeddable":true,"href":"https:\/\/hubsch-interior.com\/de\/wp-json\/wp\/v2\/product_cat?post=1071512"},{"taxonomy":"product_tag","embeddable":true,"href":"https:\/\/hubsch-interior.com\/de\/wp-json\/wp\/v2\/product_tag?post=1071512"}],"curies":[{"name":"wp","href":"https:\/\/api.w.org\/{rel}","templated":true}]}}