{"id":1071576,"date":"2025-09-25T13:20:21","date_gmt":"2025-09-25T11:20:21","guid":{"rendered":"https:\/\/hubsch-interior.com\/product\/product\/"},"modified":"2026-04-09T05:08:52","modified_gmt":"2026-04-09T03:08:52","slug":"current-wandleuchte-sandfarben","status":"publish","type":"product","link":"https:\/\/hubsch-interior.com\/de\/produkt\/current-wandleuchte-sandfarben\/","title":{"rendered":"Current Wandleuchte Sandfarben"},"content":{"rendered":"<p>Entdecken Sie die Eleganz der Current Wandleuchte in ihrem ansprechenden Sandton, einer beruhigenden Farbe, die jedem Raum mit Anmut schmeichelt. In vier unterschiedlichen Varianten erh\u00e4ltlich, verbindet diese Leuchte kunstvoll gefertigtes Glas mit robustem Metall und pr\u00e4sentiert eine grafische Form, die Ihrem Dekor eine moderne Note verleiht. Perfekt geeignet, um eine gem\u00fctliche Atmosph\u00e4re zu schaffen, bietet sie ein angenehmes Licht, das zur Entspannung einl\u00e4dt. W\u00e4hlen Sie diese schicke und vielseitige Wandleuchte, um die W\u00e4rme und den Stil Ihres Wohnraums zu verbessern.<\/p>\n","protected":false},"excerpt":{"rendered":"<p>Entdecken Sie die Eleganz der Current Wandleuchte in ihrem ansprechenden Sandton, einer beruhigenden Farbe, die jedem Raum mit Anmut schmeichelt. In vier unterschiedlichen Varianten erh\u00e4ltlich, verbindet diese Leuchte kunstvoll gefertigtes Glas mit robustem Metall und pr\u00e4sentiert eine grafische Form, die Ihrem Dekor eine moderne Note verleiht. Perfekt geeignet, um eine gem\u00fctliche Atmosph\u00e4re zu schaffen, bietet [&hellip;]<\/p>\n","protected":false},"featured_media":1108128,"template":"","meta":{"_acf_changed":false,"inline_featured_image":false},"product_brand":[],"product_cat":[6940,3809,5027,6998,3409],"product_tag":[],"class_list":{"0":"post-1071576","1":"product","2":"type-product","3":"status-publish","4":"has-post-thumbnail","6":"product_cat-additions-de","7":"product_cat-beleuchtung","8":"product_cat-bestsellers-de","9":"product_cat-the-buzz-de","10":"product_cat-wandlampen-de","11":"product_shipping_class-pk","13":"pa_color-sandfarben","14":"pa_material-eisen-de","15":"pa_material-glas-de","17":"first","18":"instock","19":"featured","20":"taxable","21":"shipping-taxable","22":"purchasable","23":"product-type-simple"},"exclude_global_add_ons":[],"addons":[],"acf":[],"yoast_head":"<!-- This site is optimized with the Yoast SEO plugin v26.4 - https:\/\/yoast.com\/wordpress\/plugins\/seo\/ -->\n<title>Current Wandleuchte Sandfarben - H\u00fcbsch<\/title>\n<meta name=\"description\" content=\"Entdecken Sie die Eleganz der Current Wandleuchte in ihrem ansprechenden Sandton, einer beruhigenden Farbe, die jedem Raum mit Anmut schmeichelt. In vier\" \/>\n<meta name=\"robots\" content=\"index, follow, max-snippet:-1, max-image-preview:large, max-video-preview:-1\" \/>\n<link rel=\"canonical\" href=\"https:\/\/hubsch-interior.com\/de\/wp-json\/wp\/v2\/product\/1071576\" \/>\n<meta property=\"og:locale\" content=\"de_DE\" \/>\n<meta property=\"og:type\" content=\"article\" \/>\n<meta property=\"og:title\" content=\"Current Wandleuchte Sandfarben - H\u00fcbsch\" \/>\n<meta property=\"og:description\" content=\"Entdecken Sie die Eleganz der Current Wandleuchte in ihrem ansprechenden Sandton, einer beruhigenden Farbe, die jedem Raum mit Anmut schmeichelt. In vier\" \/>\n<meta property=\"og:url\" content=\"https:\/\/hubsch-interior.com\/de\/produkt\/current-wandleuchte-sandfarben\/\" \/>\n<meta property=\"og:site_name\" content=\"H\u00fcbsch\" \/>\n<meta property=\"article:modified_time\" content=\"2026-04-09T03:08:52+00:00\" \/>\n<meta property=\"og:image\" content=\"https:\/\/hubsch-interior.com\/wp-content\/uploads\/2025\/09\/current-wall-light-sand-9634ccf25cc6e336fb8934d91ed1fbe8.jpg\" \/>\n\t<meta property=\"og:image:width\" content=\"400\" \/>\n\t<meta property=\"og:image:height\" content=\"400\" \/>\n\t<meta property=\"og:image:type\" content=\"image\/jpeg\" \/>\n<meta name=\"twitter:card\" content=\"summary_large_image\" \/>\n<script type=\"application\/ld+json\" class=\"yoast-schema-graph\">{\"@context\":\"https:\/\/schema.org\",\"@graph\":[{\"@type\":\"WebPage\",\"@id\":\"https:\/\/hubsch-interior.com\/de\/produkt\/current-wandleuchte-sandfarben\/\",\"url\":\"https:\/\/hubsch-interior.com\/de\/produkt\/current-wandleuchte-sandfarben\/\",\"name\":\"Current Wandleuchte Sandfarben - H\u00fcbsch\",\"isPartOf\":{\"@id\":\"https:\/\/hubsch-interior.com\/de\/#website\"},\"primaryImageOfPage\":{\"@id\":\"https:\/\/hubsch-interior.com\/de\/produkt\/current-wandleuchte-sandfarben\/#primaryimage\"},\"image\":{\"@id\":\"https:\/\/hubsch-interior.com\/de\/produkt\/current-wandleuchte-sandfarben\/#primaryimage\"},\"thumbnailUrl\":\"https:\/\/hubsch-interior.com\/wp-content\/uploads\/2026\/02\/current-wall-light-sand-ac28cd5c0e80621e606ec747d23a0a34.jpg\",\"datePublished\":\"2025-09-25T11:20:21+00:00\",\"dateModified\":\"2026-04-09T03:08:52+00:00\",\"description\":\"Entdecken Sie die Eleganz der Current Wandleuchte in ihrem ansprechenden Sandton, einer beruhigenden Farbe, die jedem Raum mit Anmut schmeichelt. In vier\",\"breadcrumb\":{\"@id\":\"https:\/\/hubsch-interior.com\/de\/produkt\/current-wandleuchte-sandfarben\/#breadcrumb\"},\"inLanguage\":\"de\",\"potentialAction\":[{\"@type\":\"ReadAction\",\"target\":[\"https:\/\/hubsch-interior.com\/de\/produkt\/current-wandleuchte-sandfarben\/\"]}]},{\"@type\":\"ImageObject\",\"inLanguage\":\"de\",\"@id\":\"https:\/\/hubsch-interior.com\/de\/produkt\/current-wandleuchte-sandfarben\/#primaryimage\",\"url\":\"https:\/\/hubsch-interior.com\/wp-content\/uploads\/2026\/02\/current-wall-light-sand-ac28cd5c0e80621e606ec747d23a0a34.jpg\",\"contentUrl\":\"https:\/\/hubsch-interior.com\/wp-content\/uploads\/2026\/02\/current-wall-light-sand-ac28cd5c0e80621e606ec747d23a0a34.jpg\",\"width\":1024,\"height\":1024},{\"@type\":\"BreadcrumbList\",\"@id\":\"https:\/\/hubsch-interior.com\/de\/produkt\/current-wandleuchte-sandfarben\/#breadcrumb\",\"itemListElement\":[{\"@type\":\"ListItem\",\"position\":1,\"name\":\"Startseite\",\"item\":\"https:\/\/hubsch-interior.com\/de\/\"},{\"@type\":\"ListItem\",\"position\":2,\"name\":\"Produkte\",\"item\":\"https:\/\/hubsch-interior.com\/de\/shop-2\/\"},{\"@type\":\"ListItem\",\"position\":3,\"name\":\"Beleuchtung\",\"item\":\"https:\/\/hubsch-interior.com\/de\/produkt-kategorie\/beleuchtung\/\"},{\"@type\":\"ListItem\",\"position\":4,\"name\":\"Wandlampen\",\"item\":\"https:\/\/hubsch-interior.com\/de\/produkt-kategorie\/beleuchtung\/wandlampen-de\/\"},{\"@type\":\"ListItem\",\"position\":5,\"name\":\"Current Wandleuchte Sandfarben\"}]},{\"@type\":\"WebSite\",\"@id\":\"https:\/\/hubsch-interior.com\/de\/#website\",\"url\":\"https:\/\/hubsch-interior.com\/de\/\",\"name\":\"H\u00fcbsch\",\"description\":\"Danish Home Interior and Design\",\"publisher\":{\"@id\":\"https:\/\/hubsch-interior.com\/de\/#organization\"},\"potentialAction\":[{\"@type\":\"SearchAction\",\"target\":{\"@type\":\"EntryPoint\",\"urlTemplate\":\"https:\/\/hubsch-interior.com\/de\/?s={search_term_string}\"},\"query-input\":{\"@type\":\"PropertyValueSpecification\",\"valueRequired\":true,\"valueName\":\"search_term_string\"}}],\"inLanguage\":\"de\"},{\"@type\":\"Organization\",\"@id\":\"https:\/\/hubsch-interior.com\/de\/#organization\",\"name\":\"H\u00fcbsch\",\"url\":\"https:\/\/hubsch-interior.com\/de\/\",\"logo\":{\"@type\":\"ImageObject\",\"inLanguage\":\"de\",\"@id\":\"https:\/\/hubsch-interior.com\/de\/#\/schema\/logo\/image\/\",\"url\":\"https:\/\/hubsch-interior.com\/wp-content\/uploads\/2022\/12\/Hubsch_logo_black_one_line.svg\",\"contentUrl\":\"https:\/\/hubsch-interior.com\/wp-content\/uploads\/2022\/12\/Hubsch_logo_black_one_line.svg\",\"caption\":\"H\u00fcbsch\"},\"image\":{\"@id\":\"https:\/\/hubsch-interior.com\/de\/#\/schema\/logo\/image\/\"}}]}<\/script>\n<!-- \/ Yoast SEO plugin. -->","yoast_head_json":{"title":"Current Wandleuchte Sandfarben - H\u00fcbsch","description":"Entdecken Sie die Eleganz der Current Wandleuchte in ihrem ansprechenden Sandton, einer beruhigenden Farbe, die jedem Raum mit Anmut schmeichelt. In vier","robots":{"index":"index","follow":"follow","max-snippet":"max-snippet:-1","max-image-preview":"max-image-preview:large","max-video-preview":"max-video-preview:-1"},"canonical":"https:\/\/hubsch-interior.com\/de\/wp-json\/wp\/v2\/product\/1071576","og_locale":"de_DE","og_type":"article","og_title":"Current Wandleuchte Sandfarben - H\u00fcbsch","og_description":"Entdecken Sie die Eleganz der Current Wandleuchte in ihrem ansprechenden Sandton, einer beruhigenden Farbe, die jedem Raum mit Anmut schmeichelt. In vier","og_url":"https:\/\/hubsch-interior.com\/de\/produkt\/current-wandleuchte-sandfarben\/","og_site_name":"H\u00fcbsch","article_modified_time":"2026-04-09T03:08:52+00:00","og_image":[{"width":400,"height":400,"url":"https:\/\/hubsch-interior.com\/wp-content\/uploads\/2025\/09\/current-wall-light-sand-9634ccf25cc6e336fb8934d91ed1fbe8.jpg","type":"image\/jpeg"}],"twitter_card":"summary_large_image","schema":{"@context":"https:\/\/schema.org","@graph":[{"@type":"WebPage","@id":"https:\/\/hubsch-interior.com\/de\/produkt\/current-wandleuchte-sandfarben\/","url":"https:\/\/hubsch-interior.com\/de\/produkt\/current-wandleuchte-sandfarben\/","name":"Current Wandleuchte Sandfarben - H\u00fcbsch","isPartOf":{"@id":"https:\/\/hubsch-interior.com\/de\/#website"},"primaryImageOfPage":{"@id":"https:\/\/hubsch-interior.com\/de\/produkt\/current-wandleuchte-sandfarben\/#primaryimage"},"image":{"@id":"https:\/\/hubsch-interior.com\/de\/produkt\/current-wandleuchte-sandfarben\/#primaryimage"},"thumbnailUrl":"https:\/\/hubsch-interior.com\/wp-content\/uploads\/2026\/02\/current-wall-light-sand-ac28cd5c0e80621e606ec747d23a0a34.jpg","datePublished":"2025-09-25T11:20:21+00:00","dateModified":"2026-04-09T03:08:52+00:00","description":"Entdecken Sie die Eleganz der Current Wandleuchte in ihrem ansprechenden Sandton, einer beruhigenden Farbe, die jedem Raum mit Anmut schmeichelt. In vier","breadcrumb":{"@id":"https:\/\/hubsch-interior.com\/de\/produkt\/current-wandleuchte-sandfarben\/#breadcrumb"},"inLanguage":"de","potentialAction":[{"@type":"ReadAction","target":["https:\/\/hubsch-interior.com\/de\/produkt\/current-wandleuchte-sandfarben\/"]}]},{"@type":"ImageObject","inLanguage":"de","@id":"https:\/\/hubsch-interior.com\/de\/produkt\/current-wandleuchte-sandfarben\/#primaryimage","url":"https:\/\/hubsch-interior.com\/wp-content\/uploads\/2026\/02\/current-wall-light-sand-ac28cd5c0e80621e606ec747d23a0a34.jpg","contentUrl":"https:\/\/hubsch-interior.com\/wp-content\/uploads\/2026\/02\/current-wall-light-sand-ac28cd5c0e80621e606ec747d23a0a34.jpg","width":1024,"height":1024},{"@type":"BreadcrumbList","@id":"https:\/\/hubsch-interior.com\/de\/produkt\/current-wandleuchte-sandfarben\/#breadcrumb","itemListElement":[{"@type":"ListItem","position":1,"name":"Startseite","item":"https:\/\/hubsch-interior.com\/de\/"},{"@type":"ListItem","position":2,"name":"Produkte","item":"https:\/\/hubsch-interior.com\/de\/shop-2\/"},{"@type":"ListItem","position":3,"name":"Beleuchtung","item":"https:\/\/hubsch-interior.com\/de\/produkt-kategorie\/beleuchtung\/"},{"@type":"ListItem","position":4,"name":"Wandlampen","item":"https:\/\/hubsch-interior.com\/de\/produkt-kategorie\/beleuchtung\/wandlampen-de\/"},{"@type":"ListItem","position":5,"name":"Current Wandleuchte Sandfarben"}]},{"@type":"WebSite","@id":"https:\/\/hubsch-interior.com\/de\/#website","url":"https:\/\/hubsch-interior.com\/de\/","name":"H\u00fcbsch","description":"Danish Home Interior and Design","publisher":{"@id":"https:\/\/hubsch-interior.com\/de\/#organization"},"potentialAction":[{"@type":"SearchAction","target":{"@type":"EntryPoint","urlTemplate":"https:\/\/hubsch-interior.com\/de\/?s={search_term_string}"},"query-input":{"@type":"PropertyValueSpecification","valueRequired":true,"valueName":"search_term_string"}}],"inLanguage":"de"},{"@type":"Organization","@id":"https:\/\/hubsch-interior.com\/de\/#organization","name":"H\u00fcbsch","url":"https:\/\/hubsch-interior.com\/de\/","logo":{"@type":"ImageObject","inLanguage":"de","@id":"https:\/\/hubsch-interior.com\/de\/#\/schema\/logo\/image\/","url":"https:\/\/hubsch-interior.com\/wp-content\/uploads\/2022\/12\/Hubsch_logo_black_one_line.svg","contentUrl":"https:\/\/hubsch-interior.com\/wp-content\/uploads\/2022\/12\/Hubsch_logo_black_one_line.svg","caption":"H\u00fcbsch"},"image":{"@id":"https:\/\/hubsch-interior.com\/de\/#\/schema\/logo\/image\/"}}]}},"_links":{"self":[{"href":"https:\/\/hubsch-interior.com\/de\/wp-json\/wp\/v2\/product\/1071576","targetHints":{"allow":["GET"]}}],"collection":[{"href":"https:\/\/hubsch-interior.com\/de\/wp-json\/wp\/v2\/product"}],"about":[{"href":"https:\/\/hubsch-interior.com\/de\/wp-json\/wp\/v2\/types\/product"}],"wp:featuredmedia":[{"embeddable":true,"href":"https:\/\/hubsch-interior.com\/de\/wp-json\/wp\/v2\/media\/1108128"}],"wp:attachment":[{"href":"https:\/\/hubsch-interior.com\/de\/wp-json\/wp\/v2\/media?parent=1071576"}],"wp:term":[{"taxonomy":"product_brand","embeddable":true,"href":"https:\/\/hubsch-interior.com\/de\/wp-json\/wp\/v2\/product_brand?post=1071576"},{"taxonomy":"product_cat","embeddable":true,"href":"https:\/\/hubsch-interior.com\/de\/wp-json\/wp\/v2\/product_cat?post=1071576"},{"taxonomy":"product_tag","embeddable":true,"href":"https:\/\/hubsch-interior.com\/de\/wp-json\/wp\/v2\/product_tag?post=1071576"}],"curies":[{"name":"wp","href":"https:\/\/api.w.org\/{rel}","templated":true}]}}