{"id":1071596,"date":"2025-09-25T13:20:32","date_gmt":"2025-09-25T11:20:32","guid":{"rendered":"https:\/\/hubsch-interior.com\/product\/product\/"},"modified":"2026-04-09T05:08:57","modified_gmt":"2026-04-09T03:08:57","slug":"current-wandleuchte-hellblau","status":"publish","type":"product","link":"https:\/\/hubsch-interior.com\/de\/produkt\/current-wandleuchte-hellblau\/","title":{"rendered":"Current Wandleuchte Hellblau"},"content":{"rendered":"<p>Entdecken Sie den bezaubernden Charme der Current Wandleuchte, kunstvoll gefertigt in einem auff\u00e4lligen Blauton. In vier einzigartigen Varianten erh\u00e4ltlich, zeichnet sich dieses Modell durch eine elegante Fusion aus Glas und Metall aus, die durch seine grafische Form hervorgehoben wird. Perfekt, um eine gem\u00fctliche Atmosph\u00e4re zu schaffen, bietet sie ein angenehmes Licht, das jeden Raum in einen friedvollen R\u00fcckzugsort verwandelt. Die exquisite Farbkombination hebt Ihre Einrichtung hervor und macht diese Leuchte nicht nur funktional, sondern auch zu einem Kunstwerk. Ideal f\u00fcr die Abende, an denen Sie sich mit einem Lieblingsbuch einkuscheln m\u00f6chten!<\/p>\n","protected":false},"excerpt":{"rendered":"<p>Entdecken Sie den bezaubernden Charme der Current Wandleuchte, kunstvoll gefertigt in einem auff\u00e4lligen Blauton. In vier einzigartigen Varianten erh\u00e4ltlich, zeichnet sich dieses Modell durch eine elegante Fusion aus Glas und Metall aus, die durch seine grafische Form hervorgehoben wird. Perfekt, um eine gem\u00fctliche Atmosph\u00e4re zu schaffen, bietet sie ein angenehmes Licht, das jeden Raum in [&hellip;]<\/p>\n","protected":false},"featured_media":1108140,"template":"","meta":{"_acf_changed":false,"inline_featured_image":false},"product_brand":[],"product_cat":[6940,6998,3809,3409,5027],"product_tag":[],"class_list":{"0":"post-1071596","1":"product","2":"type-product","3":"status-publish","4":"has-post-thumbnail","6":"product_cat-additions-de","7":"product_cat-the-buzz-de","8":"product_cat-beleuchtung","9":"product_cat-wandlampen-de","10":"product_cat-bestsellers-de","11":"product_shipping_class-pk","13":"pa_color-hellblau-2","14":"pa_material-eisen-de","15":"pa_material-glas-de","17":"first","18":"instock","19":"featured","20":"taxable","21":"shipping-taxable","22":"purchasable","23":"product-type-simple"},"exclude_global_add_ons":[],"addons":[],"acf":[],"yoast_head":"<!-- This site is optimized with the Yoast SEO plugin v26.4 - https:\/\/yoast.com\/wordpress\/plugins\/seo\/ -->\n<title>Current Wandleuchte Hellblau - H\u00fcbsch<\/title>\n<meta name=\"description\" content=\"Entdecken Sie den bezaubernden Charme der Current Wandleuchte, kunstvoll gefertigt in einem auff\u00e4lligen Blauton. In vier einzigartigen Varianten\" \/>\n<meta name=\"robots\" content=\"index, follow, max-snippet:-1, max-image-preview:large, max-video-preview:-1\" \/>\n<link rel=\"canonical\" href=\"https:\/\/hubsch-interior.com\/de\/wp-json\/wp\/v2\/product\/1071596\" \/>\n<meta property=\"og:locale\" content=\"de_DE\" \/>\n<meta property=\"og:type\" content=\"article\" \/>\n<meta property=\"og:title\" content=\"Current Wandleuchte Hellblau - H\u00fcbsch\" \/>\n<meta property=\"og:description\" content=\"Entdecken Sie den bezaubernden Charme der Current Wandleuchte, kunstvoll gefertigt in einem auff\u00e4lligen Blauton. In vier einzigartigen Varianten\" \/>\n<meta property=\"og:url\" content=\"https:\/\/hubsch-interior.com\/de\/produkt\/current-wandleuchte-hellblau\/\" \/>\n<meta property=\"og:site_name\" content=\"H\u00fcbsch\" \/>\n<meta property=\"article:modified_time\" content=\"2026-04-09T03:08:57+00:00\" \/>\n<meta property=\"og:image\" content=\"https:\/\/hubsch-interior.com\/wp-content\/uploads\/2025\/10\/current-wall-light-blue-d37766ed0aeb2539b1f60f11e0441bcf.jpg\" \/>\n\t<meta property=\"og:image:width\" content=\"1200\" \/>\n\t<meta property=\"og:image:height\" content=\"1200\" \/>\n\t<meta property=\"og:image:type\" content=\"image\/jpeg\" \/>\n<meta name=\"twitter:card\" content=\"summary_large_image\" \/>\n<script type=\"application\/ld+json\" class=\"yoast-schema-graph\">{\"@context\":\"https:\/\/schema.org\",\"@graph\":[{\"@type\":\"WebPage\",\"@id\":\"https:\/\/hubsch-interior.com\/de\/produkt\/current-wandleuchte-hellblau\/\",\"url\":\"https:\/\/hubsch-interior.com\/de\/produkt\/current-wandleuchte-hellblau\/\",\"name\":\"Current Wandleuchte Hellblau - H\u00fcbsch\",\"isPartOf\":{\"@id\":\"https:\/\/hubsch-interior.com\/de\/#website\"},\"primaryImageOfPage\":{\"@id\":\"https:\/\/hubsch-interior.com\/de\/produkt\/current-wandleuchte-hellblau\/#primaryimage\"},\"image\":{\"@id\":\"https:\/\/hubsch-interior.com\/de\/produkt\/current-wandleuchte-hellblau\/#primaryimage\"},\"thumbnailUrl\":\"https:\/\/hubsch-interior.com\/wp-content\/uploads\/2026\/02\/current-wall-light-light-blue-c27c1ee059a0f4d9abeb368e03bf1040.jpg\",\"datePublished\":\"2025-09-25T11:20:32+00:00\",\"dateModified\":\"2026-04-09T03:08:57+00:00\",\"description\":\"Entdecken Sie den bezaubernden Charme der Current Wandleuchte, kunstvoll gefertigt in einem auff\u00e4lligen Blauton. In vier einzigartigen Varianten\",\"breadcrumb\":{\"@id\":\"https:\/\/hubsch-interior.com\/de\/produkt\/current-wandleuchte-hellblau\/#breadcrumb\"},\"inLanguage\":\"de\",\"potentialAction\":[{\"@type\":\"ReadAction\",\"target\":[\"https:\/\/hubsch-interior.com\/de\/produkt\/current-wandleuchte-hellblau\/\"]}]},{\"@type\":\"ImageObject\",\"inLanguage\":\"de\",\"@id\":\"https:\/\/hubsch-interior.com\/de\/produkt\/current-wandleuchte-hellblau\/#primaryimage\",\"url\":\"https:\/\/hubsch-interior.com\/wp-content\/uploads\/2026\/02\/current-wall-light-light-blue-c27c1ee059a0f4d9abeb368e03bf1040.jpg\",\"contentUrl\":\"https:\/\/hubsch-interior.com\/wp-content\/uploads\/2026\/02\/current-wall-light-light-blue-c27c1ee059a0f4d9abeb368e03bf1040.jpg\",\"width\":1024,\"height\":1024},{\"@type\":\"BreadcrumbList\",\"@id\":\"https:\/\/hubsch-interior.com\/de\/produkt\/current-wandleuchte-hellblau\/#breadcrumb\",\"itemListElement\":[{\"@type\":\"ListItem\",\"position\":1,\"name\":\"Startseite\",\"item\":\"https:\/\/hubsch-interior.com\/de\/\"},{\"@type\":\"ListItem\",\"position\":2,\"name\":\"Produkte\",\"item\":\"https:\/\/hubsch-interior.com\/de\/shop-2\/\"},{\"@type\":\"ListItem\",\"position\":3,\"name\":\"Beleuchtung\",\"item\":\"https:\/\/hubsch-interior.com\/de\/produkt-kategorie\/beleuchtung\/\"},{\"@type\":\"ListItem\",\"position\":4,\"name\":\"Wandlampen\",\"item\":\"https:\/\/hubsch-interior.com\/de\/produkt-kategorie\/beleuchtung\/wandlampen-de\/\"},{\"@type\":\"ListItem\",\"position\":5,\"name\":\"Current Wandleuchte Hellblau\"}]},{\"@type\":\"WebSite\",\"@id\":\"https:\/\/hubsch-interior.com\/de\/#website\",\"url\":\"https:\/\/hubsch-interior.com\/de\/\",\"name\":\"H\u00fcbsch\",\"description\":\"Danish Home Interior and Design\",\"publisher\":{\"@id\":\"https:\/\/hubsch-interior.com\/de\/#organization\"},\"potentialAction\":[{\"@type\":\"SearchAction\",\"target\":{\"@type\":\"EntryPoint\",\"urlTemplate\":\"https:\/\/hubsch-interior.com\/de\/?s={search_term_string}\"},\"query-input\":{\"@type\":\"PropertyValueSpecification\",\"valueRequired\":true,\"valueName\":\"search_term_string\"}}],\"inLanguage\":\"de\"},{\"@type\":\"Organization\",\"@id\":\"https:\/\/hubsch-interior.com\/de\/#organization\",\"name\":\"H\u00fcbsch\",\"url\":\"https:\/\/hubsch-interior.com\/de\/\",\"logo\":{\"@type\":\"ImageObject\",\"inLanguage\":\"de\",\"@id\":\"https:\/\/hubsch-interior.com\/de\/#\/schema\/logo\/image\/\",\"url\":\"https:\/\/hubsch-interior.com\/wp-content\/uploads\/2022\/12\/Hubsch_logo_black_one_line.svg\",\"contentUrl\":\"https:\/\/hubsch-interior.com\/wp-content\/uploads\/2022\/12\/Hubsch_logo_black_one_line.svg\",\"caption\":\"H\u00fcbsch\"},\"image\":{\"@id\":\"https:\/\/hubsch-interior.com\/de\/#\/schema\/logo\/image\/\"}}]}<\/script>\n<!-- \/ Yoast SEO plugin. -->","yoast_head_json":{"title":"Current Wandleuchte Hellblau - H\u00fcbsch","description":"Entdecken Sie den bezaubernden Charme der Current Wandleuchte, kunstvoll gefertigt in einem auff\u00e4lligen Blauton. In vier einzigartigen Varianten","robots":{"index":"index","follow":"follow","max-snippet":"max-snippet:-1","max-image-preview":"max-image-preview:large","max-video-preview":"max-video-preview:-1"},"canonical":"https:\/\/hubsch-interior.com\/de\/wp-json\/wp\/v2\/product\/1071596","og_locale":"de_DE","og_type":"article","og_title":"Current Wandleuchte Hellblau - H\u00fcbsch","og_description":"Entdecken Sie den bezaubernden Charme der Current Wandleuchte, kunstvoll gefertigt in einem auff\u00e4lligen Blauton. In vier einzigartigen Varianten","og_url":"https:\/\/hubsch-interior.com\/de\/produkt\/current-wandleuchte-hellblau\/","og_site_name":"H\u00fcbsch","article_modified_time":"2026-04-09T03:08:57+00:00","og_image":[{"width":1200,"height":1200,"url":"https:\/\/hubsch-interior.com\/wp-content\/uploads\/2025\/10\/current-wall-light-blue-d37766ed0aeb2539b1f60f11e0441bcf.jpg","type":"image\/jpeg"}],"twitter_card":"summary_large_image","schema":{"@context":"https:\/\/schema.org","@graph":[{"@type":"WebPage","@id":"https:\/\/hubsch-interior.com\/de\/produkt\/current-wandleuchte-hellblau\/","url":"https:\/\/hubsch-interior.com\/de\/produkt\/current-wandleuchte-hellblau\/","name":"Current Wandleuchte Hellblau - H\u00fcbsch","isPartOf":{"@id":"https:\/\/hubsch-interior.com\/de\/#website"},"primaryImageOfPage":{"@id":"https:\/\/hubsch-interior.com\/de\/produkt\/current-wandleuchte-hellblau\/#primaryimage"},"image":{"@id":"https:\/\/hubsch-interior.com\/de\/produkt\/current-wandleuchte-hellblau\/#primaryimage"},"thumbnailUrl":"https:\/\/hubsch-interior.com\/wp-content\/uploads\/2026\/02\/current-wall-light-light-blue-c27c1ee059a0f4d9abeb368e03bf1040.jpg","datePublished":"2025-09-25T11:20:32+00:00","dateModified":"2026-04-09T03:08:57+00:00","description":"Entdecken Sie den bezaubernden Charme der Current Wandleuchte, kunstvoll gefertigt in einem auff\u00e4lligen Blauton. In vier einzigartigen Varianten","breadcrumb":{"@id":"https:\/\/hubsch-interior.com\/de\/produkt\/current-wandleuchte-hellblau\/#breadcrumb"},"inLanguage":"de","potentialAction":[{"@type":"ReadAction","target":["https:\/\/hubsch-interior.com\/de\/produkt\/current-wandleuchte-hellblau\/"]}]},{"@type":"ImageObject","inLanguage":"de","@id":"https:\/\/hubsch-interior.com\/de\/produkt\/current-wandleuchte-hellblau\/#primaryimage","url":"https:\/\/hubsch-interior.com\/wp-content\/uploads\/2026\/02\/current-wall-light-light-blue-c27c1ee059a0f4d9abeb368e03bf1040.jpg","contentUrl":"https:\/\/hubsch-interior.com\/wp-content\/uploads\/2026\/02\/current-wall-light-light-blue-c27c1ee059a0f4d9abeb368e03bf1040.jpg","width":1024,"height":1024},{"@type":"BreadcrumbList","@id":"https:\/\/hubsch-interior.com\/de\/produkt\/current-wandleuchte-hellblau\/#breadcrumb","itemListElement":[{"@type":"ListItem","position":1,"name":"Startseite","item":"https:\/\/hubsch-interior.com\/de\/"},{"@type":"ListItem","position":2,"name":"Produkte","item":"https:\/\/hubsch-interior.com\/de\/shop-2\/"},{"@type":"ListItem","position":3,"name":"Beleuchtung","item":"https:\/\/hubsch-interior.com\/de\/produkt-kategorie\/beleuchtung\/"},{"@type":"ListItem","position":4,"name":"Wandlampen","item":"https:\/\/hubsch-interior.com\/de\/produkt-kategorie\/beleuchtung\/wandlampen-de\/"},{"@type":"ListItem","position":5,"name":"Current Wandleuchte Hellblau"}]},{"@type":"WebSite","@id":"https:\/\/hubsch-interior.com\/de\/#website","url":"https:\/\/hubsch-interior.com\/de\/","name":"H\u00fcbsch","description":"Danish Home Interior and Design","publisher":{"@id":"https:\/\/hubsch-interior.com\/de\/#organization"},"potentialAction":[{"@type":"SearchAction","target":{"@type":"EntryPoint","urlTemplate":"https:\/\/hubsch-interior.com\/de\/?s={search_term_string}"},"query-input":{"@type":"PropertyValueSpecification","valueRequired":true,"valueName":"search_term_string"}}],"inLanguage":"de"},{"@type":"Organization","@id":"https:\/\/hubsch-interior.com\/de\/#organization","name":"H\u00fcbsch","url":"https:\/\/hubsch-interior.com\/de\/","logo":{"@type":"ImageObject","inLanguage":"de","@id":"https:\/\/hubsch-interior.com\/de\/#\/schema\/logo\/image\/","url":"https:\/\/hubsch-interior.com\/wp-content\/uploads\/2022\/12\/Hubsch_logo_black_one_line.svg","contentUrl":"https:\/\/hubsch-interior.com\/wp-content\/uploads\/2022\/12\/Hubsch_logo_black_one_line.svg","caption":"H\u00fcbsch"},"image":{"@id":"https:\/\/hubsch-interior.com\/de\/#\/schema\/logo\/image\/"}}]}},"_links":{"self":[{"href":"https:\/\/hubsch-interior.com\/de\/wp-json\/wp\/v2\/product\/1071596","targetHints":{"allow":["GET"]}}],"collection":[{"href":"https:\/\/hubsch-interior.com\/de\/wp-json\/wp\/v2\/product"}],"about":[{"href":"https:\/\/hubsch-interior.com\/de\/wp-json\/wp\/v2\/types\/product"}],"wp:featuredmedia":[{"embeddable":true,"href":"https:\/\/hubsch-interior.com\/de\/wp-json\/wp\/v2\/media\/1108140"}],"wp:attachment":[{"href":"https:\/\/hubsch-interior.com\/de\/wp-json\/wp\/v2\/media?parent=1071596"}],"wp:term":[{"taxonomy":"product_brand","embeddable":true,"href":"https:\/\/hubsch-interior.com\/de\/wp-json\/wp\/v2\/product_brand?post=1071596"},{"taxonomy":"product_cat","embeddable":true,"href":"https:\/\/hubsch-interior.com\/de\/wp-json\/wp\/v2\/product_cat?post=1071596"},{"taxonomy":"product_tag","embeddable":true,"href":"https:\/\/hubsch-interior.com\/de\/wp-json\/wp\/v2\/product_tag?post=1071596"}],"curies":[{"name":"wp","href":"https:\/\/api.w.org\/{rel}","templated":true}]}}