{"id":1071604,"date":"2025-09-25T13:23:00","date_gmt":"2025-09-25T11:23:00","guid":{"rendered":"https:\/\/hubsch-interior.com\/product\/product\/"},"modified":"2026-04-07T05:19:03","modified_gmt":"2026-04-07T03:19:03","slug":"bringme-tragbare-lampe-mini-metallic-bordeaux","status":"publish","type":"product","link":"https:\/\/hubsch-interior.com\/de\/produkt\/bringme-tragbare-lampe-mini-metallic-bordeaux\/","title":{"rendered":"BringMe Tragbare Lampe Mini Metallic Bordeaux"},"content":{"rendered":"<p>Warmes Licht trifft auf mutiges Design bei der BringMe Tragbare Lampe in tiefem Burgundermetallic. Diese kabellose Lampe, die f\u00fcr moderne Interieurs entworfen wurde, ist in neun stilvollen Varianten erh\u00e4ltlich, die jedem Geschmack gerecht werden. Eine schnelle 6-Stunden-Ladung h\u00e4lt sie bis zu 8 Stunden lang leuchtend, was sie zum perfekten Begleiter f\u00fcr gem\u00fctliche Abende, sp\u00e4tes Lesen oder zur Schaffung einer Atmosph\u00e4re, wo immer Sie es ben\u00f6tigen, macht.<\/p>\n","protected":false},"excerpt":{"rendered":"<p>Warmes Licht trifft auf mutiges Design bei der BringMe Tragbare Lampe in tiefem Burgundermetallic. Diese kabellose Lampe, die f\u00fcr moderne Interieurs entworfen wurde, ist in neun stilvollen Varianten erh\u00e4ltlich, die jedem Geschmack gerecht werden. Eine schnelle 6-Stunden-Ladung h\u00e4lt sie bis zu 8 Stunden lang leuchtend, was sie zum perfekten Begleiter f\u00fcr gem\u00fctliche Abende, sp\u00e4tes Lesen [&hellip;]<\/p>\n","protected":false},"featured_media":1111701,"template":"","meta":{"_acf_changed":false,"inline_featured_image":false},"product_brand":[],"product_cat":[6940,3809,5027,5047,6972,6519,6998,3501,6963],"product_tag":[],"class_list":{"0":"post-1071604","1":"product","2":"type-product","3":"status-publish","4":"has-post-thumbnail","6":"product_cat-additions-de","7":"product_cat-beleuchtung","8":"product_cat-bestsellers-de","9":"product_cat-neuheiten-de","10":"product_cat-oster-sale","11":"product_cat-outlet-de","12":"product_cat-the-buzz-de","13":"product_cat-tischlampen-de","14":"product_cat-tragbare-lampen-de","15":"product_shipping_class-pk","17":"pa_color-metallic-bordeaux","18":"pa_material-acrylic-5-de","19":"pa_material-eisen-de","21":"first","22":"instock","23":"sale","24":"featured","25":"taxable","26":"shipping-taxable","27":"purchasable","28":"product-type-simple"},"exclude_global_add_ons":[],"addons":[],"acf":[],"yoast_head":"<!-- This site is optimized with the Yoast SEO plugin v26.4 - https:\/\/yoast.com\/wordpress\/plugins\/seo\/ -->\n<title>BringMe Tragbare Lampe Mini Metallic Bordeaux - H\u00fcbsch<\/title>\n<meta name=\"description\" content=\"Warmes Licht trifft auf mutiges Design bei der BringMe Tragbare Lampe in tiefem Burgundermetallic. Diese kabellose Lampe, die f\u00fcr moderne Interieurs\" \/>\n<meta name=\"robots\" content=\"index, follow, max-snippet:-1, max-image-preview:large, max-video-preview:-1\" \/>\n<link rel=\"canonical\" href=\"https:\/\/hubsch-interior.com\/de\/wp-json\/wp\/v2\/product\/1071604\" \/>\n<meta property=\"og:locale\" content=\"de_DE\" \/>\n<meta property=\"og:type\" content=\"article\" \/>\n<meta property=\"og:title\" content=\"BringMe Tragbare Lampe Mini Metallic Bordeaux - H\u00fcbsch\" \/>\n<meta property=\"og:description\" content=\"Warmes Licht trifft auf mutiges Design bei der BringMe Tragbare Lampe in tiefem Burgundermetallic. Diese kabellose Lampe, die f\u00fcr moderne Interieurs\" \/>\n<meta property=\"og:url\" content=\"https:\/\/hubsch-interior.com\/de\/produkt\/bringme-tragbare-lampe-mini-metallic-bordeaux\/\" \/>\n<meta property=\"og:site_name\" content=\"H\u00fcbsch\" \/>\n<meta property=\"article:modified_time\" content=\"2026-04-07T03:19:03+00:00\" \/>\n<meta property=\"og:image\" content=\"https:\/\/hubsch-interior.com\/wp-content\/uploads\/2025\/09\/bringme-portable-lamp-mini-metallic-burgundy-011bf8b191f6c293c809d015245de86e.jpg\" \/>\n\t<meta property=\"og:image:width\" content=\"1200\" \/>\n\t<meta property=\"og:image:height\" content=\"1200\" \/>\n\t<meta property=\"og:image:type\" content=\"image\/jpeg\" \/>\n<meta name=\"twitter:card\" content=\"summary_large_image\" \/>\n<script type=\"application\/ld+json\" class=\"yoast-schema-graph\">{\"@context\":\"https:\/\/schema.org\",\"@graph\":[{\"@type\":\"WebPage\",\"@id\":\"https:\/\/hubsch-interior.com\/de\/produkt\/bringme-tragbare-lampe-mini-metallic-bordeaux\/\",\"url\":\"https:\/\/hubsch-interior.com\/de\/produkt\/bringme-tragbare-lampe-mini-metallic-bordeaux\/\",\"name\":\"BringMe Tragbare Lampe Mini Metallic Bordeaux - H\u00fcbsch\",\"isPartOf\":{\"@id\":\"https:\/\/hubsch-interior.com\/de\/#website\"},\"primaryImageOfPage\":{\"@id\":\"https:\/\/hubsch-interior.com\/de\/produkt\/bringme-tragbare-lampe-mini-metallic-bordeaux\/#primaryimage\"},\"image\":{\"@id\":\"https:\/\/hubsch-interior.com\/de\/produkt\/bringme-tragbare-lampe-mini-metallic-bordeaux\/#primaryimage\"},\"thumbnailUrl\":\"https:\/\/hubsch-interior.com\/wp-content\/uploads\/2026\/02\/bringme-portable-lamp-mini-metallic-burgundy-31022cd097cc3ed0695bf7e0d1988f74.jpg\",\"datePublished\":\"2025-09-25T11:23:00+00:00\",\"dateModified\":\"2026-04-07T03:19:03+00:00\",\"description\":\"Warmes Licht trifft auf mutiges Design bei der BringMe Tragbare Lampe in tiefem Burgundermetallic. Diese kabellose Lampe, die f\u00fcr moderne Interieurs\",\"breadcrumb\":{\"@id\":\"https:\/\/hubsch-interior.com\/de\/produkt\/bringme-tragbare-lampe-mini-metallic-bordeaux\/#breadcrumb\"},\"inLanguage\":\"de\",\"potentialAction\":[{\"@type\":\"ReadAction\",\"target\":[\"https:\/\/hubsch-interior.com\/de\/produkt\/bringme-tragbare-lampe-mini-metallic-bordeaux\/\"]}]},{\"@type\":\"ImageObject\",\"inLanguage\":\"de\",\"@id\":\"https:\/\/hubsch-interior.com\/de\/produkt\/bringme-tragbare-lampe-mini-metallic-bordeaux\/#primaryimage\",\"url\":\"https:\/\/hubsch-interior.com\/wp-content\/uploads\/2026\/02\/bringme-portable-lamp-mini-metallic-burgundy-31022cd097cc3ed0695bf7e0d1988f74.jpg\",\"contentUrl\":\"https:\/\/hubsch-interior.com\/wp-content\/uploads\/2026\/02\/bringme-portable-lamp-mini-metallic-burgundy-31022cd097cc3ed0695bf7e0d1988f74.jpg\",\"width\":1024,\"height\":1024},{\"@type\":\"BreadcrumbList\",\"@id\":\"https:\/\/hubsch-interior.com\/de\/produkt\/bringme-tragbare-lampe-mini-metallic-bordeaux\/#breadcrumb\",\"itemListElement\":[{\"@type\":\"ListItem\",\"position\":1,\"name\":\"Startseite\",\"item\":\"https:\/\/hubsch-interior.com\/de\/\"},{\"@type\":\"ListItem\",\"position\":2,\"name\":\"Produkte\",\"item\":\"https:\/\/hubsch-interior.com\/de\/shop-2\/\"},{\"@type\":\"ListItem\",\"position\":3,\"name\":\"Beleuchtung\",\"item\":\"https:\/\/hubsch-interior.com\/de\/produkt-kategorie\/beleuchtung\/\"},{\"@type\":\"ListItem\",\"position\":4,\"name\":\"Tragbare Lampen\",\"item\":\"https:\/\/hubsch-interior.com\/de\/produkt-kategorie\/beleuchtung\/tragbare-lampen-de\/\"},{\"@type\":\"ListItem\",\"position\":5,\"name\":\"BringMe Tragbare Lampe Mini Metallic Bordeaux\"}]},{\"@type\":\"WebSite\",\"@id\":\"https:\/\/hubsch-interior.com\/de\/#website\",\"url\":\"https:\/\/hubsch-interior.com\/de\/\",\"name\":\"H\u00fcbsch\",\"description\":\"Danish Home Interior and Design\",\"publisher\":{\"@id\":\"https:\/\/hubsch-interior.com\/de\/#organization\"},\"potentialAction\":[{\"@type\":\"SearchAction\",\"target\":{\"@type\":\"EntryPoint\",\"urlTemplate\":\"https:\/\/hubsch-interior.com\/de\/?s={search_term_string}\"},\"query-input\":{\"@type\":\"PropertyValueSpecification\",\"valueRequired\":true,\"valueName\":\"search_term_string\"}}],\"inLanguage\":\"de\"},{\"@type\":\"Organization\",\"@id\":\"https:\/\/hubsch-interior.com\/de\/#organization\",\"name\":\"H\u00fcbsch\",\"url\":\"https:\/\/hubsch-interior.com\/de\/\",\"logo\":{\"@type\":\"ImageObject\",\"inLanguage\":\"de\",\"@id\":\"https:\/\/hubsch-interior.com\/de\/#\/schema\/logo\/image\/\",\"url\":\"https:\/\/hubsch-interior.com\/wp-content\/uploads\/2022\/12\/Hubsch_logo_black_one_line.svg\",\"contentUrl\":\"https:\/\/hubsch-interior.com\/wp-content\/uploads\/2022\/12\/Hubsch_logo_black_one_line.svg\",\"caption\":\"H\u00fcbsch\"},\"image\":{\"@id\":\"https:\/\/hubsch-interior.com\/de\/#\/schema\/logo\/image\/\"}}]}<\/script>\n<!-- \/ Yoast SEO plugin. -->","yoast_head_json":{"title":"BringMe Tragbare Lampe Mini Metallic Bordeaux - H\u00fcbsch","description":"Warmes Licht trifft auf mutiges Design bei der BringMe Tragbare Lampe in tiefem Burgundermetallic. Diese kabellose Lampe, die f\u00fcr moderne Interieurs","robots":{"index":"index","follow":"follow","max-snippet":"max-snippet:-1","max-image-preview":"max-image-preview:large","max-video-preview":"max-video-preview:-1"},"canonical":"https:\/\/hubsch-interior.com\/de\/wp-json\/wp\/v2\/product\/1071604","og_locale":"de_DE","og_type":"article","og_title":"BringMe Tragbare Lampe Mini Metallic Bordeaux - H\u00fcbsch","og_description":"Warmes Licht trifft auf mutiges Design bei der BringMe Tragbare Lampe in tiefem Burgundermetallic. Diese kabellose Lampe, die f\u00fcr moderne Interieurs","og_url":"https:\/\/hubsch-interior.com\/de\/produkt\/bringme-tragbare-lampe-mini-metallic-bordeaux\/","og_site_name":"H\u00fcbsch","article_modified_time":"2026-04-07T03:19:03+00:00","og_image":[{"width":1200,"height":1200,"url":"https:\/\/hubsch-interior.com\/wp-content\/uploads\/2025\/09\/bringme-portable-lamp-mini-metallic-burgundy-011bf8b191f6c293c809d015245de86e.jpg","type":"image\/jpeg"}],"twitter_card":"summary_large_image","schema":{"@context":"https:\/\/schema.org","@graph":[{"@type":"WebPage","@id":"https:\/\/hubsch-interior.com\/de\/produkt\/bringme-tragbare-lampe-mini-metallic-bordeaux\/","url":"https:\/\/hubsch-interior.com\/de\/produkt\/bringme-tragbare-lampe-mini-metallic-bordeaux\/","name":"BringMe Tragbare Lampe Mini Metallic Bordeaux - H\u00fcbsch","isPartOf":{"@id":"https:\/\/hubsch-interior.com\/de\/#website"},"primaryImageOfPage":{"@id":"https:\/\/hubsch-interior.com\/de\/produkt\/bringme-tragbare-lampe-mini-metallic-bordeaux\/#primaryimage"},"image":{"@id":"https:\/\/hubsch-interior.com\/de\/produkt\/bringme-tragbare-lampe-mini-metallic-bordeaux\/#primaryimage"},"thumbnailUrl":"https:\/\/hubsch-interior.com\/wp-content\/uploads\/2026\/02\/bringme-portable-lamp-mini-metallic-burgundy-31022cd097cc3ed0695bf7e0d1988f74.jpg","datePublished":"2025-09-25T11:23:00+00:00","dateModified":"2026-04-07T03:19:03+00:00","description":"Warmes Licht trifft auf mutiges Design bei der BringMe Tragbare Lampe in tiefem Burgundermetallic. Diese kabellose Lampe, die f\u00fcr moderne Interieurs","breadcrumb":{"@id":"https:\/\/hubsch-interior.com\/de\/produkt\/bringme-tragbare-lampe-mini-metallic-bordeaux\/#breadcrumb"},"inLanguage":"de","potentialAction":[{"@type":"ReadAction","target":["https:\/\/hubsch-interior.com\/de\/produkt\/bringme-tragbare-lampe-mini-metallic-bordeaux\/"]}]},{"@type":"ImageObject","inLanguage":"de","@id":"https:\/\/hubsch-interior.com\/de\/produkt\/bringme-tragbare-lampe-mini-metallic-bordeaux\/#primaryimage","url":"https:\/\/hubsch-interior.com\/wp-content\/uploads\/2026\/02\/bringme-portable-lamp-mini-metallic-burgundy-31022cd097cc3ed0695bf7e0d1988f74.jpg","contentUrl":"https:\/\/hubsch-interior.com\/wp-content\/uploads\/2026\/02\/bringme-portable-lamp-mini-metallic-burgundy-31022cd097cc3ed0695bf7e0d1988f74.jpg","width":1024,"height":1024},{"@type":"BreadcrumbList","@id":"https:\/\/hubsch-interior.com\/de\/produkt\/bringme-tragbare-lampe-mini-metallic-bordeaux\/#breadcrumb","itemListElement":[{"@type":"ListItem","position":1,"name":"Startseite","item":"https:\/\/hubsch-interior.com\/de\/"},{"@type":"ListItem","position":2,"name":"Produkte","item":"https:\/\/hubsch-interior.com\/de\/shop-2\/"},{"@type":"ListItem","position":3,"name":"Beleuchtung","item":"https:\/\/hubsch-interior.com\/de\/produkt-kategorie\/beleuchtung\/"},{"@type":"ListItem","position":4,"name":"Tragbare Lampen","item":"https:\/\/hubsch-interior.com\/de\/produkt-kategorie\/beleuchtung\/tragbare-lampen-de\/"},{"@type":"ListItem","position":5,"name":"BringMe Tragbare Lampe Mini Metallic Bordeaux"}]},{"@type":"WebSite","@id":"https:\/\/hubsch-interior.com\/de\/#website","url":"https:\/\/hubsch-interior.com\/de\/","name":"H\u00fcbsch","description":"Danish Home Interior and Design","publisher":{"@id":"https:\/\/hubsch-interior.com\/de\/#organization"},"potentialAction":[{"@type":"SearchAction","target":{"@type":"EntryPoint","urlTemplate":"https:\/\/hubsch-interior.com\/de\/?s={search_term_string}"},"query-input":{"@type":"PropertyValueSpecification","valueRequired":true,"valueName":"search_term_string"}}],"inLanguage":"de"},{"@type":"Organization","@id":"https:\/\/hubsch-interior.com\/de\/#organization","name":"H\u00fcbsch","url":"https:\/\/hubsch-interior.com\/de\/","logo":{"@type":"ImageObject","inLanguage":"de","@id":"https:\/\/hubsch-interior.com\/de\/#\/schema\/logo\/image\/","url":"https:\/\/hubsch-interior.com\/wp-content\/uploads\/2022\/12\/Hubsch_logo_black_one_line.svg","contentUrl":"https:\/\/hubsch-interior.com\/wp-content\/uploads\/2022\/12\/Hubsch_logo_black_one_line.svg","caption":"H\u00fcbsch"},"image":{"@id":"https:\/\/hubsch-interior.com\/de\/#\/schema\/logo\/image\/"}}]}},"_links":{"self":[{"href":"https:\/\/hubsch-interior.com\/de\/wp-json\/wp\/v2\/product\/1071604","targetHints":{"allow":["GET"]}}],"collection":[{"href":"https:\/\/hubsch-interior.com\/de\/wp-json\/wp\/v2\/product"}],"about":[{"href":"https:\/\/hubsch-interior.com\/de\/wp-json\/wp\/v2\/types\/product"}],"wp:featuredmedia":[{"embeddable":true,"href":"https:\/\/hubsch-interior.com\/de\/wp-json\/wp\/v2\/media\/1111701"}],"wp:attachment":[{"href":"https:\/\/hubsch-interior.com\/de\/wp-json\/wp\/v2\/media?parent=1071604"}],"wp:term":[{"taxonomy":"product_brand","embeddable":true,"href":"https:\/\/hubsch-interior.com\/de\/wp-json\/wp\/v2\/product_brand?post=1071604"},{"taxonomy":"product_cat","embeddable":true,"href":"https:\/\/hubsch-interior.com\/de\/wp-json\/wp\/v2\/product_cat?post=1071604"},{"taxonomy":"product_tag","embeddable":true,"href":"https:\/\/hubsch-interior.com\/de\/wp-json\/wp\/v2\/product_tag?post=1071604"}],"curies":[{"name":"wp","href":"https:\/\/api.w.org\/{rel}","templated":true}]}}