{"id":1071612,"date":"2025-09-25T13:23:13","date_gmt":"2025-09-25T11:23:13","guid":{"rendered":"https:\/\/hubsch-interior.com\/product\/product\/"},"modified":"2026-04-07T05:19:10","modified_gmt":"2026-04-07T03:19:10","slug":"bringme-tragbare-lampe-mini-grun","status":"publish","type":"product","link":"https:\/\/hubsch-interior.com\/de\/produkt\/bringme-tragbare-lampe-mini-grun\/","title":{"rendered":"BringMe Tragbare Lampe Mini Gr\u00fcn"},"content":{"rendered":"<p>Vom B\u00fccherregal bis zum Balkon, die BringMe Tragbare Lampe begleitet Sie \u00fcberall dort, wo Sie Licht ben\u00f6tigen. Das gl\u00e4nzende, hellgr\u00fcne Finish verleiht ihr eine spielerische Note, w\u00e4hrend ihr kabelloses Design f\u00fcr Einfachheit und Flexibilit\u00e4t sorgt. Innerhalb von 6 Stunden vollst\u00e4ndig aufgeladen, leuchtet sie bis zu 8 Stunden bei voller Leistung. Mit neun verf\u00fcgbaren Varianten macht es BringMe leicht, Ihren Stil zu treffen und jede Ecke Ihres Zuhauses zu erhellen.<\/p>\n","protected":false},"excerpt":{"rendered":"<p>Vom B\u00fccherregal bis zum Balkon, die BringMe Tragbare Lampe begleitet Sie \u00fcberall dort, wo Sie Licht ben\u00f6tigen. Das gl\u00e4nzende, hellgr\u00fcne Finish verleiht ihr eine spielerische Note, w\u00e4hrend ihr kabelloses Design f\u00fcr Einfachheit und Flexibilit\u00e4t sorgt. Innerhalb von 6 Stunden vollst\u00e4ndig aufgeladen, leuchtet sie bis zu 8 Stunden bei voller Leistung. Mit neun verf\u00fcgbaren Varianten macht [&hellip;]<\/p>\n","protected":false},"featured_media":1111713,"template":"","meta":{"_acf_changed":false,"inline_featured_image":false},"product_brand":[],"product_cat":[6940,3809,6972,6519,6998,3501,6963],"product_tag":[],"class_list":{"0":"post-1071612","1":"product","2":"type-product","3":"status-publish","4":"has-post-thumbnail","6":"product_cat-additions-de","7":"product_cat-beleuchtung","8":"product_cat-oster-sale","9":"product_cat-outlet-de","10":"product_cat-the-buzz-de","11":"product_cat-tischlampen-de","12":"product_cat-tragbare-lampen-de","13":"product_shipping_class-pk","15":"pa_color-grn-2","16":"pa_material-acrylic-5-de","17":"pa_material-eisen-de","19":"first","20":"instock","21":"sale","22":"taxable","23":"shipping-taxable","24":"purchasable","25":"product-type-simple"},"exclude_global_add_ons":[],"addons":[],"acf":[],"yoast_head":"<!-- This site is optimized with the Yoast SEO plugin v26.4 - https:\/\/yoast.com\/wordpress\/plugins\/seo\/ -->\n<title>BringMe Tragbare Lampe Mini Gr\u00fcn - H\u00fcbsch<\/title>\n<meta name=\"description\" content=\"Vom B\u00fccherregal bis zum Balkon, die BringMe Tragbare Lampe begleitet Sie \u00fcberall dort, wo Sie Licht ben\u00f6tigen. Das gl\u00e4nzende, hellgr\u00fcne Finish verleiht\" \/>\n<meta name=\"robots\" content=\"index, follow, max-snippet:-1, max-image-preview:large, max-video-preview:-1\" \/>\n<link rel=\"canonical\" href=\"https:\/\/hubsch-interior.com\/de\/wp-json\/wp\/v2\/product\/1071612\" \/>\n<meta property=\"og:locale\" content=\"de_DE\" \/>\n<meta property=\"og:type\" content=\"article\" \/>\n<meta property=\"og:title\" content=\"BringMe Tragbare Lampe Mini Gr\u00fcn - H\u00fcbsch\" \/>\n<meta property=\"og:description\" content=\"Vom B\u00fccherregal bis zum Balkon, die BringMe Tragbare Lampe begleitet Sie \u00fcberall dort, wo Sie Licht ben\u00f6tigen. Das gl\u00e4nzende, hellgr\u00fcne Finish verleiht\" \/>\n<meta property=\"og:url\" content=\"https:\/\/hubsch-interior.com\/de\/produkt\/bringme-tragbare-lampe-mini-grun\/\" \/>\n<meta property=\"og:site_name\" content=\"H\u00fcbsch\" \/>\n<meta property=\"article:modified_time\" content=\"2026-04-07T03:19:10+00:00\" \/>\n<meta property=\"og:image\" content=\"https:\/\/hubsch-interior.com\/wp-content\/uploads\/2025\/09\/bringme-portable-lamp-mini-green-23a5188ba7e76f67d802a2e4d17f32b3.jpg\" \/>\n\t<meta property=\"og:image:width\" content=\"1200\" \/>\n\t<meta property=\"og:image:height\" content=\"1200\" \/>\n\t<meta property=\"og:image:type\" content=\"image\/jpeg\" \/>\n<meta name=\"twitter:card\" content=\"summary_large_image\" \/>\n<script type=\"application\/ld+json\" class=\"yoast-schema-graph\">{\"@context\":\"https:\/\/schema.org\",\"@graph\":[{\"@type\":\"WebPage\",\"@id\":\"https:\/\/hubsch-interior.com\/de\/produkt\/bringme-tragbare-lampe-mini-grun\/\",\"url\":\"https:\/\/hubsch-interior.com\/de\/produkt\/bringme-tragbare-lampe-mini-grun\/\",\"name\":\"BringMe Tragbare Lampe Mini Gr\u00fcn - H\u00fcbsch\",\"isPartOf\":{\"@id\":\"https:\/\/hubsch-interior.com\/de\/#website\"},\"primaryImageOfPage\":{\"@id\":\"https:\/\/hubsch-interior.com\/de\/produkt\/bringme-tragbare-lampe-mini-grun\/#primaryimage\"},\"image\":{\"@id\":\"https:\/\/hubsch-interior.com\/de\/produkt\/bringme-tragbare-lampe-mini-grun\/#primaryimage\"},\"thumbnailUrl\":\"https:\/\/hubsch-interior.com\/wp-content\/uploads\/2026\/02\/bringme-portable-lamp-mini-green-b4644b2d5fc8b9825a13e9f4ad717e27.jpg\",\"datePublished\":\"2025-09-25T11:23:13+00:00\",\"dateModified\":\"2026-04-07T03:19:10+00:00\",\"description\":\"Vom B\u00fccherregal bis zum Balkon, die BringMe Tragbare Lampe begleitet Sie \u00fcberall dort, wo Sie Licht ben\u00f6tigen. Das gl\u00e4nzende, hellgr\u00fcne Finish verleiht\",\"breadcrumb\":{\"@id\":\"https:\/\/hubsch-interior.com\/de\/produkt\/bringme-tragbare-lampe-mini-grun\/#breadcrumb\"},\"inLanguage\":\"de\",\"potentialAction\":[{\"@type\":\"ReadAction\",\"target\":[\"https:\/\/hubsch-interior.com\/de\/produkt\/bringme-tragbare-lampe-mini-grun\/\"]}]},{\"@type\":\"ImageObject\",\"inLanguage\":\"de\",\"@id\":\"https:\/\/hubsch-interior.com\/de\/produkt\/bringme-tragbare-lampe-mini-grun\/#primaryimage\",\"url\":\"https:\/\/hubsch-interior.com\/wp-content\/uploads\/2026\/02\/bringme-portable-lamp-mini-green-b4644b2d5fc8b9825a13e9f4ad717e27.jpg\",\"contentUrl\":\"https:\/\/hubsch-interior.com\/wp-content\/uploads\/2026\/02\/bringme-portable-lamp-mini-green-b4644b2d5fc8b9825a13e9f4ad717e27.jpg\",\"width\":1024,\"height\":1024},{\"@type\":\"BreadcrumbList\",\"@id\":\"https:\/\/hubsch-interior.com\/de\/produkt\/bringme-tragbare-lampe-mini-grun\/#breadcrumb\",\"itemListElement\":[{\"@type\":\"ListItem\",\"position\":1,\"name\":\"Startseite\",\"item\":\"https:\/\/hubsch-interior.com\/de\/\"},{\"@type\":\"ListItem\",\"position\":2,\"name\":\"Produkte\",\"item\":\"https:\/\/hubsch-interior.com\/de\/shop-2\/\"},{\"@type\":\"ListItem\",\"position\":3,\"name\":\"Beleuchtung\",\"item\":\"https:\/\/hubsch-interior.com\/de\/produkt-kategorie\/beleuchtung\/\"},{\"@type\":\"ListItem\",\"position\":4,\"name\":\"Tragbare Lampen\",\"item\":\"https:\/\/hubsch-interior.com\/de\/produkt-kategorie\/beleuchtung\/tragbare-lampen-de\/\"},{\"@type\":\"ListItem\",\"position\":5,\"name\":\"BringMe Tragbare Lampe Mini Gr\u00fcn\"}]},{\"@type\":\"WebSite\",\"@id\":\"https:\/\/hubsch-interior.com\/de\/#website\",\"url\":\"https:\/\/hubsch-interior.com\/de\/\",\"name\":\"H\u00fcbsch\",\"description\":\"Danish Home Interior and Design\",\"publisher\":{\"@id\":\"https:\/\/hubsch-interior.com\/de\/#organization\"},\"potentialAction\":[{\"@type\":\"SearchAction\",\"target\":{\"@type\":\"EntryPoint\",\"urlTemplate\":\"https:\/\/hubsch-interior.com\/de\/?s={search_term_string}\"},\"query-input\":{\"@type\":\"PropertyValueSpecification\",\"valueRequired\":true,\"valueName\":\"search_term_string\"}}],\"inLanguage\":\"de\"},{\"@type\":\"Organization\",\"@id\":\"https:\/\/hubsch-interior.com\/de\/#organization\",\"name\":\"H\u00fcbsch\",\"url\":\"https:\/\/hubsch-interior.com\/de\/\",\"logo\":{\"@type\":\"ImageObject\",\"inLanguage\":\"de\",\"@id\":\"https:\/\/hubsch-interior.com\/de\/#\/schema\/logo\/image\/\",\"url\":\"https:\/\/hubsch-interior.com\/wp-content\/uploads\/2022\/12\/Hubsch_logo_black_one_line.svg\",\"contentUrl\":\"https:\/\/hubsch-interior.com\/wp-content\/uploads\/2022\/12\/Hubsch_logo_black_one_line.svg\",\"caption\":\"H\u00fcbsch\"},\"image\":{\"@id\":\"https:\/\/hubsch-interior.com\/de\/#\/schema\/logo\/image\/\"}}]}<\/script>\n<!-- \/ Yoast SEO plugin. -->","yoast_head_json":{"title":"BringMe Tragbare Lampe Mini Gr\u00fcn - H\u00fcbsch","description":"Vom B\u00fccherregal bis zum Balkon, die BringMe Tragbare Lampe begleitet Sie \u00fcberall dort, wo Sie Licht ben\u00f6tigen. Das gl\u00e4nzende, hellgr\u00fcne Finish verleiht","robots":{"index":"index","follow":"follow","max-snippet":"max-snippet:-1","max-image-preview":"max-image-preview:large","max-video-preview":"max-video-preview:-1"},"canonical":"https:\/\/hubsch-interior.com\/de\/wp-json\/wp\/v2\/product\/1071612","og_locale":"de_DE","og_type":"article","og_title":"BringMe Tragbare Lampe Mini Gr\u00fcn - H\u00fcbsch","og_description":"Vom B\u00fccherregal bis zum Balkon, die BringMe Tragbare Lampe begleitet Sie \u00fcberall dort, wo Sie Licht ben\u00f6tigen. Das gl\u00e4nzende, hellgr\u00fcne Finish verleiht","og_url":"https:\/\/hubsch-interior.com\/de\/produkt\/bringme-tragbare-lampe-mini-grun\/","og_site_name":"H\u00fcbsch","article_modified_time":"2026-04-07T03:19:10+00:00","og_image":[{"width":1200,"height":1200,"url":"https:\/\/hubsch-interior.com\/wp-content\/uploads\/2025\/09\/bringme-portable-lamp-mini-green-23a5188ba7e76f67d802a2e4d17f32b3.jpg","type":"image\/jpeg"}],"twitter_card":"summary_large_image","schema":{"@context":"https:\/\/schema.org","@graph":[{"@type":"WebPage","@id":"https:\/\/hubsch-interior.com\/de\/produkt\/bringme-tragbare-lampe-mini-grun\/","url":"https:\/\/hubsch-interior.com\/de\/produkt\/bringme-tragbare-lampe-mini-grun\/","name":"BringMe Tragbare Lampe Mini Gr\u00fcn - H\u00fcbsch","isPartOf":{"@id":"https:\/\/hubsch-interior.com\/de\/#website"},"primaryImageOfPage":{"@id":"https:\/\/hubsch-interior.com\/de\/produkt\/bringme-tragbare-lampe-mini-grun\/#primaryimage"},"image":{"@id":"https:\/\/hubsch-interior.com\/de\/produkt\/bringme-tragbare-lampe-mini-grun\/#primaryimage"},"thumbnailUrl":"https:\/\/hubsch-interior.com\/wp-content\/uploads\/2026\/02\/bringme-portable-lamp-mini-green-b4644b2d5fc8b9825a13e9f4ad717e27.jpg","datePublished":"2025-09-25T11:23:13+00:00","dateModified":"2026-04-07T03:19:10+00:00","description":"Vom B\u00fccherregal bis zum Balkon, die BringMe Tragbare Lampe begleitet Sie \u00fcberall dort, wo Sie Licht ben\u00f6tigen. Das gl\u00e4nzende, hellgr\u00fcne Finish verleiht","breadcrumb":{"@id":"https:\/\/hubsch-interior.com\/de\/produkt\/bringme-tragbare-lampe-mini-grun\/#breadcrumb"},"inLanguage":"de","potentialAction":[{"@type":"ReadAction","target":["https:\/\/hubsch-interior.com\/de\/produkt\/bringme-tragbare-lampe-mini-grun\/"]}]},{"@type":"ImageObject","inLanguage":"de","@id":"https:\/\/hubsch-interior.com\/de\/produkt\/bringme-tragbare-lampe-mini-grun\/#primaryimage","url":"https:\/\/hubsch-interior.com\/wp-content\/uploads\/2026\/02\/bringme-portable-lamp-mini-green-b4644b2d5fc8b9825a13e9f4ad717e27.jpg","contentUrl":"https:\/\/hubsch-interior.com\/wp-content\/uploads\/2026\/02\/bringme-portable-lamp-mini-green-b4644b2d5fc8b9825a13e9f4ad717e27.jpg","width":1024,"height":1024},{"@type":"BreadcrumbList","@id":"https:\/\/hubsch-interior.com\/de\/produkt\/bringme-tragbare-lampe-mini-grun\/#breadcrumb","itemListElement":[{"@type":"ListItem","position":1,"name":"Startseite","item":"https:\/\/hubsch-interior.com\/de\/"},{"@type":"ListItem","position":2,"name":"Produkte","item":"https:\/\/hubsch-interior.com\/de\/shop-2\/"},{"@type":"ListItem","position":3,"name":"Beleuchtung","item":"https:\/\/hubsch-interior.com\/de\/produkt-kategorie\/beleuchtung\/"},{"@type":"ListItem","position":4,"name":"Tragbare Lampen","item":"https:\/\/hubsch-interior.com\/de\/produkt-kategorie\/beleuchtung\/tragbare-lampen-de\/"},{"@type":"ListItem","position":5,"name":"BringMe Tragbare Lampe Mini Gr\u00fcn"}]},{"@type":"WebSite","@id":"https:\/\/hubsch-interior.com\/de\/#website","url":"https:\/\/hubsch-interior.com\/de\/","name":"H\u00fcbsch","description":"Danish Home Interior and Design","publisher":{"@id":"https:\/\/hubsch-interior.com\/de\/#organization"},"potentialAction":[{"@type":"SearchAction","target":{"@type":"EntryPoint","urlTemplate":"https:\/\/hubsch-interior.com\/de\/?s={search_term_string}"},"query-input":{"@type":"PropertyValueSpecification","valueRequired":true,"valueName":"search_term_string"}}],"inLanguage":"de"},{"@type":"Organization","@id":"https:\/\/hubsch-interior.com\/de\/#organization","name":"H\u00fcbsch","url":"https:\/\/hubsch-interior.com\/de\/","logo":{"@type":"ImageObject","inLanguage":"de","@id":"https:\/\/hubsch-interior.com\/de\/#\/schema\/logo\/image\/","url":"https:\/\/hubsch-interior.com\/wp-content\/uploads\/2022\/12\/Hubsch_logo_black_one_line.svg","contentUrl":"https:\/\/hubsch-interior.com\/wp-content\/uploads\/2022\/12\/Hubsch_logo_black_one_line.svg","caption":"H\u00fcbsch"},"image":{"@id":"https:\/\/hubsch-interior.com\/de\/#\/schema\/logo\/image\/"}}]}},"_links":{"self":[{"href":"https:\/\/hubsch-interior.com\/de\/wp-json\/wp\/v2\/product\/1071612","targetHints":{"allow":["GET"]}}],"collection":[{"href":"https:\/\/hubsch-interior.com\/de\/wp-json\/wp\/v2\/product"}],"about":[{"href":"https:\/\/hubsch-interior.com\/de\/wp-json\/wp\/v2\/types\/product"}],"wp:featuredmedia":[{"embeddable":true,"href":"https:\/\/hubsch-interior.com\/de\/wp-json\/wp\/v2\/media\/1111713"}],"wp:attachment":[{"href":"https:\/\/hubsch-interior.com\/de\/wp-json\/wp\/v2\/media?parent=1071612"}],"wp:term":[{"taxonomy":"product_brand","embeddable":true,"href":"https:\/\/hubsch-interior.com\/de\/wp-json\/wp\/v2\/product_brand?post=1071612"},{"taxonomy":"product_cat","embeddable":true,"href":"https:\/\/hubsch-interior.com\/de\/wp-json\/wp\/v2\/product_cat?post=1071612"},{"taxonomy":"product_tag","embeddable":true,"href":"https:\/\/hubsch-interior.com\/de\/wp-json\/wp\/v2\/product_tag?post=1071612"}],"curies":[{"name":"wp","href":"https:\/\/api.w.org\/{rel}","templated":true}]}}