{"id":1072420,"date":"2025-10-01T13:11:21","date_gmt":"2025-10-01T11:11:21","guid":{"rendered":"https:\/\/hubsch-interior.com\/product\/product\/"},"modified":"2026-04-08T05:10:21","modified_gmt":"2026-04-08T03:10:21","slug":"current-spare-part-leuchtenschirm-weis","status":"publish","type":"product","link":"https:\/\/hubsch-interior.com\/de\/produkt\/current-spare-part-leuchtenschirm-weis\/","title":{"rendered":"Current Spare Part Leuchtenschirm Wei\u00df"},"content":{"rendered":"<p>Ersatzteil f\u00fcr den Current Spare Part Leuchtenschirm. Bitte beachten Sie, dass bei einigen \u00e4lteren Modellen der Leuchtenschirm nicht ausgetauscht werden kann. Vergewissern Sie sich, dass Ihre Leuchte an der Fassung \u00fcber eine Schraubbefestigung verf\u00fcgt, sodass sich der Schirm abnehmen l\u00e4sst. Ist der Schirm fest verklebt, kann dieses Ersatzteil nicht verwendet werden.<\/p>\n","protected":false},"excerpt":{"rendered":"<p>Ersatzteil f\u00fcr den Current Spare Part Leuchtenschirm. Bitte beachten Sie, dass bei einigen \u00e4lteren Modellen der Leuchtenschirm nicht ausgetauscht werden kann. Vergewissern Sie sich, dass Ihre Leuchte an der Fassung \u00fcber eine Schraubbefestigung verf\u00fcgt, sodass sich der Schirm abnehmen l\u00e4sst. Ist der Schirm fest verklebt, kann dieses Ersatzteil nicht verwendet werden.<\/p>\n","protected":false},"featured_media":1112808,"template":"","meta":{"_acf_changed":false,"inline_featured_image":false},"product_brand":[],"product_cat":[3809,4172,5027,5047],"product_tag":[],"class_list":{"0":"post-1072420","1":"product","2":"type-product","3":"status-publish","4":"has-post-thumbnail","6":"product_cat-beleuchtung","7":"product_cat-zubehoer-fuer-beleuchtung-de","8":"product_cat-bestsellers-de","9":"product_cat-neuheiten-de","10":"product_shipping_class-pk","11":"pa_color-wei","12":"pa_material-glas-de","14":"first","15":"instock","16":"featured","17":"taxable","18":"shipping-taxable","19":"purchasable","20":"product-type-simple"},"exclude_global_add_ons":[],"addons":[],"acf":[],"yoast_head":"<!-- This site is optimized with the Yoast SEO plugin v26.4 - https:\/\/yoast.com\/wordpress\/plugins\/seo\/ -->\n<title>Current Spare Part Leuchtenschirm Wei\u00df - H\u00fcbsch<\/title>\n<meta name=\"description\" content=\"Ersatzteil f\u00fcr den Current Spare Part Leuchtenschirm. Bitte beachten Sie, dass bei einigen \u00e4lteren Modellen der Leuchtenschirm nicht ausgetauscht werden\" \/>\n<meta name=\"robots\" content=\"index, follow, max-snippet:-1, max-image-preview:large, max-video-preview:-1\" \/>\n<link rel=\"canonical\" href=\"https:\/\/hubsch-interior.com\/de\/wp-json\/wp\/v2\/product\/1072420\" \/>\n<meta property=\"og:locale\" content=\"de_DE\" \/>\n<meta property=\"og:type\" content=\"article\" \/>\n<meta property=\"og:title\" content=\"Current Spare Part Leuchtenschirm Wei\u00df - H\u00fcbsch\" \/>\n<meta property=\"og:description\" content=\"Ersatzteil f\u00fcr den Current Spare Part Leuchtenschirm. Bitte beachten Sie, dass bei einigen \u00e4lteren Modellen der Leuchtenschirm nicht ausgetauscht werden\" \/>\n<meta property=\"og:url\" content=\"https:\/\/hubsch-interior.com\/de\/produkt\/current-spare-part-leuchtenschirm-weis\/\" \/>\n<meta property=\"og:site_name\" content=\"H\u00fcbsch\" \/>\n<meta property=\"article:modified_time\" content=\"2026-04-08T03:10:21+00:00\" \/>\n<meta property=\"og:image\" content=\"https:\/\/hubsch-interior.com\/wp-content\/uploads\/2026\/02\/current-lamp-shade-8e006df852854995b58342422749d085.jpg\" \/>\n\t<meta property=\"og:image:width\" content=\"1024\" \/>\n\t<meta property=\"og:image:height\" content=\"1024\" \/>\n\t<meta property=\"og:image:type\" content=\"image\/jpeg\" \/>\n<meta name=\"twitter:card\" content=\"summary_large_image\" \/>\n<script type=\"application\/ld+json\" class=\"yoast-schema-graph\">{\"@context\":\"https:\/\/schema.org\",\"@graph\":[{\"@type\":\"WebPage\",\"@id\":\"https:\/\/hubsch-interior.com\/de\/produkt\/current-spare-part-leuchtenschirm-weis\/\",\"url\":\"https:\/\/hubsch-interior.com\/de\/produkt\/current-spare-part-leuchtenschirm-weis\/\",\"name\":\"Current Spare Part Leuchtenschirm Wei\u00df - H\u00fcbsch\",\"isPartOf\":{\"@id\":\"https:\/\/hubsch-interior.com\/de\/#website\"},\"primaryImageOfPage\":{\"@id\":\"https:\/\/hubsch-interior.com\/de\/produkt\/current-spare-part-leuchtenschirm-weis\/#primaryimage\"},\"image\":{\"@id\":\"https:\/\/hubsch-interior.com\/de\/produkt\/current-spare-part-leuchtenschirm-weis\/#primaryimage\"},\"thumbnailUrl\":\"https:\/\/hubsch-interior.com\/wp-content\/uploads\/2026\/02\/current-lamp-shade-8e006df852854995b58342422749d085.jpg\",\"datePublished\":\"2025-10-01T11:11:21+00:00\",\"dateModified\":\"2026-04-08T03:10:21+00:00\",\"description\":\"Ersatzteil f\u00fcr den Current Spare Part Leuchtenschirm. Bitte beachten Sie, dass bei einigen \u00e4lteren Modellen der Leuchtenschirm nicht ausgetauscht werden\",\"breadcrumb\":{\"@id\":\"https:\/\/hubsch-interior.com\/de\/produkt\/current-spare-part-leuchtenschirm-weis\/#breadcrumb\"},\"inLanguage\":\"de\",\"potentialAction\":[{\"@type\":\"ReadAction\",\"target\":[\"https:\/\/hubsch-interior.com\/de\/produkt\/current-spare-part-leuchtenschirm-weis\/\"]}]},{\"@type\":\"ImageObject\",\"inLanguage\":\"de\",\"@id\":\"https:\/\/hubsch-interior.com\/de\/produkt\/current-spare-part-leuchtenschirm-weis\/#primaryimage\",\"url\":\"https:\/\/hubsch-interior.com\/wp-content\/uploads\/2026\/02\/current-lamp-shade-8e006df852854995b58342422749d085.jpg\",\"contentUrl\":\"https:\/\/hubsch-interior.com\/wp-content\/uploads\/2026\/02\/current-lamp-shade-8e006df852854995b58342422749d085.jpg\",\"width\":1024,\"height\":1024},{\"@type\":\"BreadcrumbList\",\"@id\":\"https:\/\/hubsch-interior.com\/de\/produkt\/current-spare-part-leuchtenschirm-weis\/#breadcrumb\",\"itemListElement\":[{\"@type\":\"ListItem\",\"position\":1,\"name\":\"Startseite\",\"item\":\"https:\/\/hubsch-interior.com\/de\/\"},{\"@type\":\"ListItem\",\"position\":2,\"name\":\"Produkte\",\"item\":\"https:\/\/hubsch-interior.com\/de\/shop-2\/\"},{\"@type\":\"ListItem\",\"position\":3,\"name\":\"Beleuchtung\",\"item\":\"https:\/\/hubsch-interior.com\/de\/produkt-kategorie\/beleuchtung\/\"},{\"@type\":\"ListItem\",\"position\":4,\"name\":\"Zubeh&ouml;r f&uuml;r Beleuchtung\",\"item\":\"https:\/\/hubsch-interior.com\/de\/produkt-kategorie\/beleuchtung\/zubehoer-fuer-beleuchtung-de\/\"},{\"@type\":\"ListItem\",\"position\":5,\"name\":\"Current Spare Part Leuchtenschirm Wei\u00df\"}]},{\"@type\":\"WebSite\",\"@id\":\"https:\/\/hubsch-interior.com\/de\/#website\",\"url\":\"https:\/\/hubsch-interior.com\/de\/\",\"name\":\"H\u00fcbsch\",\"description\":\"Danish Home Interior and Design\",\"publisher\":{\"@id\":\"https:\/\/hubsch-interior.com\/de\/#organization\"},\"potentialAction\":[{\"@type\":\"SearchAction\",\"target\":{\"@type\":\"EntryPoint\",\"urlTemplate\":\"https:\/\/hubsch-interior.com\/de\/?s={search_term_string}\"},\"query-input\":{\"@type\":\"PropertyValueSpecification\",\"valueRequired\":true,\"valueName\":\"search_term_string\"}}],\"inLanguage\":\"de\"},{\"@type\":\"Organization\",\"@id\":\"https:\/\/hubsch-interior.com\/de\/#organization\",\"name\":\"H\u00fcbsch\",\"url\":\"https:\/\/hubsch-interior.com\/de\/\",\"logo\":{\"@type\":\"ImageObject\",\"inLanguage\":\"de\",\"@id\":\"https:\/\/hubsch-interior.com\/de\/#\/schema\/logo\/image\/\",\"url\":\"https:\/\/hubsch-interior.com\/wp-content\/uploads\/2022\/12\/Hubsch_logo_black_one_line.svg\",\"contentUrl\":\"https:\/\/hubsch-interior.com\/wp-content\/uploads\/2022\/12\/Hubsch_logo_black_one_line.svg\",\"caption\":\"H\u00fcbsch\"},\"image\":{\"@id\":\"https:\/\/hubsch-interior.com\/de\/#\/schema\/logo\/image\/\"}}]}<\/script>\n<!-- \/ Yoast SEO plugin. -->","yoast_head_json":{"title":"Current Spare Part Leuchtenschirm Wei\u00df - H\u00fcbsch","description":"Ersatzteil f\u00fcr den Current Spare Part Leuchtenschirm. Bitte beachten Sie, dass bei einigen \u00e4lteren Modellen der Leuchtenschirm nicht ausgetauscht werden","robots":{"index":"index","follow":"follow","max-snippet":"max-snippet:-1","max-image-preview":"max-image-preview:large","max-video-preview":"max-video-preview:-1"},"canonical":"https:\/\/hubsch-interior.com\/de\/wp-json\/wp\/v2\/product\/1072420","og_locale":"de_DE","og_type":"article","og_title":"Current Spare Part Leuchtenschirm Wei\u00df - H\u00fcbsch","og_description":"Ersatzteil f\u00fcr den Current Spare Part Leuchtenschirm. Bitte beachten Sie, dass bei einigen \u00e4lteren Modellen der Leuchtenschirm nicht ausgetauscht werden","og_url":"https:\/\/hubsch-interior.com\/de\/produkt\/current-spare-part-leuchtenschirm-weis\/","og_site_name":"H\u00fcbsch","article_modified_time":"2026-04-08T03:10:21+00:00","og_image":[{"width":1024,"height":1024,"url":"https:\/\/hubsch-interior.com\/wp-content\/uploads\/2026\/02\/current-lamp-shade-8e006df852854995b58342422749d085.jpg","type":"image\/jpeg"}],"twitter_card":"summary_large_image","schema":{"@context":"https:\/\/schema.org","@graph":[{"@type":"WebPage","@id":"https:\/\/hubsch-interior.com\/de\/produkt\/current-spare-part-leuchtenschirm-weis\/","url":"https:\/\/hubsch-interior.com\/de\/produkt\/current-spare-part-leuchtenschirm-weis\/","name":"Current Spare Part Leuchtenschirm Wei\u00df - H\u00fcbsch","isPartOf":{"@id":"https:\/\/hubsch-interior.com\/de\/#website"},"primaryImageOfPage":{"@id":"https:\/\/hubsch-interior.com\/de\/produkt\/current-spare-part-leuchtenschirm-weis\/#primaryimage"},"image":{"@id":"https:\/\/hubsch-interior.com\/de\/produkt\/current-spare-part-leuchtenschirm-weis\/#primaryimage"},"thumbnailUrl":"https:\/\/hubsch-interior.com\/wp-content\/uploads\/2026\/02\/current-lamp-shade-8e006df852854995b58342422749d085.jpg","datePublished":"2025-10-01T11:11:21+00:00","dateModified":"2026-04-08T03:10:21+00:00","description":"Ersatzteil f\u00fcr den Current Spare Part Leuchtenschirm. Bitte beachten Sie, dass bei einigen \u00e4lteren Modellen der Leuchtenschirm nicht ausgetauscht werden","breadcrumb":{"@id":"https:\/\/hubsch-interior.com\/de\/produkt\/current-spare-part-leuchtenschirm-weis\/#breadcrumb"},"inLanguage":"de","potentialAction":[{"@type":"ReadAction","target":["https:\/\/hubsch-interior.com\/de\/produkt\/current-spare-part-leuchtenschirm-weis\/"]}]},{"@type":"ImageObject","inLanguage":"de","@id":"https:\/\/hubsch-interior.com\/de\/produkt\/current-spare-part-leuchtenschirm-weis\/#primaryimage","url":"https:\/\/hubsch-interior.com\/wp-content\/uploads\/2026\/02\/current-lamp-shade-8e006df852854995b58342422749d085.jpg","contentUrl":"https:\/\/hubsch-interior.com\/wp-content\/uploads\/2026\/02\/current-lamp-shade-8e006df852854995b58342422749d085.jpg","width":1024,"height":1024},{"@type":"BreadcrumbList","@id":"https:\/\/hubsch-interior.com\/de\/produkt\/current-spare-part-leuchtenschirm-weis\/#breadcrumb","itemListElement":[{"@type":"ListItem","position":1,"name":"Startseite","item":"https:\/\/hubsch-interior.com\/de\/"},{"@type":"ListItem","position":2,"name":"Produkte","item":"https:\/\/hubsch-interior.com\/de\/shop-2\/"},{"@type":"ListItem","position":3,"name":"Beleuchtung","item":"https:\/\/hubsch-interior.com\/de\/produkt-kategorie\/beleuchtung\/"},{"@type":"ListItem","position":4,"name":"Zubeh&ouml;r f&uuml;r Beleuchtung","item":"https:\/\/hubsch-interior.com\/de\/produkt-kategorie\/beleuchtung\/zubehoer-fuer-beleuchtung-de\/"},{"@type":"ListItem","position":5,"name":"Current Spare Part Leuchtenschirm Wei\u00df"}]},{"@type":"WebSite","@id":"https:\/\/hubsch-interior.com\/de\/#website","url":"https:\/\/hubsch-interior.com\/de\/","name":"H\u00fcbsch","description":"Danish Home Interior and Design","publisher":{"@id":"https:\/\/hubsch-interior.com\/de\/#organization"},"potentialAction":[{"@type":"SearchAction","target":{"@type":"EntryPoint","urlTemplate":"https:\/\/hubsch-interior.com\/de\/?s={search_term_string}"},"query-input":{"@type":"PropertyValueSpecification","valueRequired":true,"valueName":"search_term_string"}}],"inLanguage":"de"},{"@type":"Organization","@id":"https:\/\/hubsch-interior.com\/de\/#organization","name":"H\u00fcbsch","url":"https:\/\/hubsch-interior.com\/de\/","logo":{"@type":"ImageObject","inLanguage":"de","@id":"https:\/\/hubsch-interior.com\/de\/#\/schema\/logo\/image\/","url":"https:\/\/hubsch-interior.com\/wp-content\/uploads\/2022\/12\/Hubsch_logo_black_one_line.svg","contentUrl":"https:\/\/hubsch-interior.com\/wp-content\/uploads\/2022\/12\/Hubsch_logo_black_one_line.svg","caption":"H\u00fcbsch"},"image":{"@id":"https:\/\/hubsch-interior.com\/de\/#\/schema\/logo\/image\/"}}]}},"_links":{"self":[{"href":"https:\/\/hubsch-interior.com\/de\/wp-json\/wp\/v2\/product\/1072420","targetHints":{"allow":["GET"]}}],"collection":[{"href":"https:\/\/hubsch-interior.com\/de\/wp-json\/wp\/v2\/product"}],"about":[{"href":"https:\/\/hubsch-interior.com\/de\/wp-json\/wp\/v2\/types\/product"}],"wp:featuredmedia":[{"embeddable":true,"href":"https:\/\/hubsch-interior.com\/de\/wp-json\/wp\/v2\/media\/1112808"}],"wp:attachment":[{"href":"https:\/\/hubsch-interior.com\/de\/wp-json\/wp\/v2\/media?parent=1072420"}],"wp:term":[{"taxonomy":"product_brand","embeddable":true,"href":"https:\/\/hubsch-interior.com\/de\/wp-json\/wp\/v2\/product_brand?post=1072420"},{"taxonomy":"product_cat","embeddable":true,"href":"https:\/\/hubsch-interior.com\/de\/wp-json\/wp\/v2\/product_cat?post=1072420"},{"taxonomy":"product_tag","embeddable":true,"href":"https:\/\/hubsch-interior.com\/de\/wp-json\/wp\/v2\/product_tag?post=1072420"}],"curies":[{"name":"wp","href":"https:\/\/api.w.org\/{rel}","templated":true}]}}