{"id":1078444,"date":"2026-01-10T04:01:11","date_gmt":"2026-01-10T03:01:11","guid":{"rendered":"https:\/\/hubsch-interior.com\/product\/product\/"},"modified":"2026-04-05T04:43:21","modified_gmt":"2026-04-05T02:43:21","slug":"tento-decke-gelb","status":"publish","type":"product","link":"https:\/\/hubsch-interior.com\/de\/produkt\/tento-decke-gelb\/","title":{"rendered":"Tento Decke Gelb"},"content":{"rendered":"<p>Sonne zum Umh\u00fcllen Ihrer Schultern. Die Tento Decke in strahlendem Gelb bringt fr\u00f6hliche W\u00e4rme und k\u00fchne Ausdruckskraft in Ihren Raum. Handgequiltet mit einem auff\u00e4lligen grafischen Muster in wundersch\u00f6n abgestimmten Farbt\u00f6nen, verbindet sie haptischen Komfort mit visueller Energie. Hergestellt aus OEKO-TEX\u00ae STANDARD 100 zertifizierter Baumwolle und Teil unserer bew\u00e4hrten Pavilion Decken-Familie, ist sie f\u00fcr gem\u00fctliche Momente geschaffen, die Ihren Tag erhellen. Drapieren Sie sie \u00fcber Ihren Lesesessel oder halten Sie sie griffbereit \u2014 dies ist Komfort, der leuchtet.<\/p>\n","protected":false},"excerpt":{"rendered":"<p>Sonne zum Umh\u00fcllen Ihrer Schultern. Die Tento Decke in strahlendem Gelb bringt fr\u00f6hliche W\u00e4rme und k\u00fchne Ausdruckskraft in Ihren Raum. Handgequiltet mit einem auff\u00e4lligen grafischen Muster in wundersch\u00f6n abgestimmten Farbt\u00f6nen, verbindet sie haptischen Komfort mit visueller Energie. Hergestellt aus OEKO-TEX\u00ae STANDARD 100 zertifizierter Baumwolle und Teil unserer bew\u00e4hrten Pavilion Decken-Familie, ist sie f\u00fcr gem\u00fctliche Momente [&hellip;]<\/p>\n","protected":false},"featured_media":1100569,"template":"","meta":{"_acf_changed":false,"inline_featured_image":false},"product_brand":[],"product_cat":[4943,7155,5047,6364,3004],"product_tag":[],"class_list":{"0":"post-1078444","1":"product","2":"type-product","3":"status-publish","4":"has-post-thumbnail","6":"product_cat-decken-de","7":"product_cat-dweller-de","8":"product_cat-neuheiten-de","9":"product_cat-tagesdecke-de","10":"product_cat-textilien","11":"product_shipping_class-pk","13":"pa_color-gelb","14":"pa_material-cotton-100-de","16":"first","17":"instock","18":"taxable","19":"shipping-taxable","20":"purchasable","21":"product-type-simple"},"exclude_global_add_ons":[],"addons":[],"acf":[],"yoast_head":"<!-- This site is optimized with the Yoast SEO plugin v26.4 - https:\/\/yoast.com\/wordpress\/plugins\/seo\/ -->\n<title>Tento Decke Gelb - H\u00fcbsch<\/title>\n<meta name=\"description\" content=\"Sonne zum Umh\u00fcllen Ihrer Schultern. Die Tento Decke in strahlendem Gelb bringt fr\u00f6hliche W\u00e4rme und k\u00fchne Ausdruckskraft in Ihren Raum. Handgequiltet mit\" \/>\n<meta name=\"robots\" content=\"index, follow, max-snippet:-1, max-image-preview:large, max-video-preview:-1\" \/>\n<link rel=\"canonical\" href=\"https:\/\/hubsch-interior.com\/de\/wp-json\/wp\/v2\/product\/1078444\" \/>\n<meta property=\"og:locale\" content=\"de_DE\" \/>\n<meta property=\"og:type\" content=\"article\" \/>\n<meta property=\"og:title\" content=\"Tento Decke Gelb - H\u00fcbsch\" \/>\n<meta property=\"og:description\" content=\"Sonne zum Umh\u00fcllen Ihrer Schultern. Die Tento Decke in strahlendem Gelb bringt fr\u00f6hliche W\u00e4rme und k\u00fchne Ausdruckskraft in Ihren Raum. Handgequiltet mit\" \/>\n<meta property=\"og:url\" content=\"https:\/\/hubsch-interior.com\/de\/produkt\/tento-decke-gelb\/\" \/>\n<meta property=\"og:site_name\" content=\"H\u00fcbsch\" \/>\n<meta property=\"article:modified_time\" content=\"2026-04-05T02:43:21+00:00\" \/>\n<meta property=\"og:image\" content=\"https:\/\/hubsch-interior.com\/wp-content\/uploads\/2026\/01\/tento-plaid-yellow-62458e2f59b60d82f7730412434351c0.jpg\" \/>\n\t<meta property=\"og:image:width\" content=\"1200\" \/>\n\t<meta property=\"og:image:height\" content=\"1200\" \/>\n\t<meta property=\"og:image:type\" content=\"image\/jpeg\" \/>\n<meta name=\"twitter:card\" content=\"summary_large_image\" \/>\n<script type=\"application\/ld+json\" class=\"yoast-schema-graph\">{\"@context\":\"https:\/\/schema.org\",\"@graph\":[{\"@type\":\"WebPage\",\"@id\":\"https:\/\/hubsch-interior.com\/de\/produkt\/tento-decke-gelb\/\",\"url\":\"https:\/\/hubsch-interior.com\/de\/produkt\/tento-decke-gelb\/\",\"name\":\"Tento Decke Gelb - H\u00fcbsch\",\"isPartOf\":{\"@id\":\"https:\/\/hubsch-interior.com\/de\/#website\"},\"primaryImageOfPage\":{\"@id\":\"https:\/\/hubsch-interior.com\/de\/produkt\/tento-decke-gelb\/#primaryimage\"},\"image\":{\"@id\":\"https:\/\/hubsch-interior.com\/de\/produkt\/tento-decke-gelb\/#primaryimage\"},\"thumbnailUrl\":\"https:\/\/hubsch-interior.com\/wp-content\/uploads\/2026\/02\/tento-plaid-yellow-83e2ca46bea3272653576c348a02a6ee.jpg\",\"datePublished\":\"2026-01-10T03:01:11+00:00\",\"dateModified\":\"2026-04-05T02:43:21+00:00\",\"description\":\"Sonne zum Umh\u00fcllen Ihrer Schultern. Die Tento Decke in strahlendem Gelb bringt fr\u00f6hliche W\u00e4rme und k\u00fchne Ausdruckskraft in Ihren Raum. Handgequiltet mit\",\"breadcrumb\":{\"@id\":\"https:\/\/hubsch-interior.com\/de\/produkt\/tento-decke-gelb\/#breadcrumb\"},\"inLanguage\":\"de\",\"potentialAction\":[{\"@type\":\"ReadAction\",\"target\":[\"https:\/\/hubsch-interior.com\/de\/produkt\/tento-decke-gelb\/\"]}]},{\"@type\":\"ImageObject\",\"inLanguage\":\"de\",\"@id\":\"https:\/\/hubsch-interior.com\/de\/produkt\/tento-decke-gelb\/#primaryimage\",\"url\":\"https:\/\/hubsch-interior.com\/wp-content\/uploads\/2026\/02\/tento-plaid-yellow-83e2ca46bea3272653576c348a02a6ee.jpg\",\"contentUrl\":\"https:\/\/hubsch-interior.com\/wp-content\/uploads\/2026\/02\/tento-plaid-yellow-83e2ca46bea3272653576c348a02a6ee.jpg\",\"width\":1024,\"height\":1024},{\"@type\":\"BreadcrumbList\",\"@id\":\"https:\/\/hubsch-interior.com\/de\/produkt\/tento-decke-gelb\/#breadcrumb\",\"itemListElement\":[{\"@type\":\"ListItem\",\"position\":1,\"name\":\"Startseite\",\"item\":\"https:\/\/hubsch-interior.com\/de\/\"},{\"@type\":\"ListItem\",\"position\":2,\"name\":\"Produkte\",\"item\":\"https:\/\/hubsch-interior.com\/de\/shop-2\/\"},{\"@type\":\"ListItem\",\"position\":3,\"name\":\"Tento Decke Gelb\"}]},{\"@type\":\"WebSite\",\"@id\":\"https:\/\/hubsch-interior.com\/de\/#website\",\"url\":\"https:\/\/hubsch-interior.com\/de\/\",\"name\":\"H\u00fcbsch\",\"description\":\"Danish Home Interior and Design\",\"publisher\":{\"@id\":\"https:\/\/hubsch-interior.com\/de\/#organization\"},\"potentialAction\":[{\"@type\":\"SearchAction\",\"target\":{\"@type\":\"EntryPoint\",\"urlTemplate\":\"https:\/\/hubsch-interior.com\/de\/?s={search_term_string}\"},\"query-input\":{\"@type\":\"PropertyValueSpecification\",\"valueRequired\":true,\"valueName\":\"search_term_string\"}}],\"inLanguage\":\"de\"},{\"@type\":\"Organization\",\"@id\":\"https:\/\/hubsch-interior.com\/de\/#organization\",\"name\":\"H\u00fcbsch\",\"url\":\"https:\/\/hubsch-interior.com\/de\/\",\"logo\":{\"@type\":\"ImageObject\",\"inLanguage\":\"de\",\"@id\":\"https:\/\/hubsch-interior.com\/de\/#\/schema\/logo\/image\/\",\"url\":\"https:\/\/hubsch-interior.com\/wp-content\/uploads\/2022\/12\/Hubsch_logo_black_one_line.svg\",\"contentUrl\":\"https:\/\/hubsch-interior.com\/wp-content\/uploads\/2022\/12\/Hubsch_logo_black_one_line.svg\",\"caption\":\"H\u00fcbsch\"},\"image\":{\"@id\":\"https:\/\/hubsch-interior.com\/de\/#\/schema\/logo\/image\/\"}}]}<\/script>\n<!-- \/ Yoast SEO plugin. -->","yoast_head_json":{"title":"Tento Decke Gelb - H\u00fcbsch","description":"Sonne zum Umh\u00fcllen Ihrer Schultern. Die Tento Decke in strahlendem Gelb bringt fr\u00f6hliche W\u00e4rme und k\u00fchne Ausdruckskraft in Ihren Raum. Handgequiltet mit","robots":{"index":"index","follow":"follow","max-snippet":"max-snippet:-1","max-image-preview":"max-image-preview:large","max-video-preview":"max-video-preview:-1"},"canonical":"https:\/\/hubsch-interior.com\/de\/wp-json\/wp\/v2\/product\/1078444","og_locale":"de_DE","og_type":"article","og_title":"Tento Decke Gelb - H\u00fcbsch","og_description":"Sonne zum Umh\u00fcllen Ihrer Schultern. Die Tento Decke in strahlendem Gelb bringt fr\u00f6hliche W\u00e4rme und k\u00fchne Ausdruckskraft in Ihren Raum. Handgequiltet mit","og_url":"https:\/\/hubsch-interior.com\/de\/produkt\/tento-decke-gelb\/","og_site_name":"H\u00fcbsch","article_modified_time":"2026-04-05T02:43:21+00:00","og_image":[{"width":1200,"height":1200,"url":"https:\/\/hubsch-interior.com\/wp-content\/uploads\/2026\/01\/tento-plaid-yellow-62458e2f59b60d82f7730412434351c0.jpg","type":"image\/jpeg"}],"twitter_card":"summary_large_image","schema":{"@context":"https:\/\/schema.org","@graph":[{"@type":"WebPage","@id":"https:\/\/hubsch-interior.com\/de\/produkt\/tento-decke-gelb\/","url":"https:\/\/hubsch-interior.com\/de\/produkt\/tento-decke-gelb\/","name":"Tento Decke Gelb - H\u00fcbsch","isPartOf":{"@id":"https:\/\/hubsch-interior.com\/de\/#website"},"primaryImageOfPage":{"@id":"https:\/\/hubsch-interior.com\/de\/produkt\/tento-decke-gelb\/#primaryimage"},"image":{"@id":"https:\/\/hubsch-interior.com\/de\/produkt\/tento-decke-gelb\/#primaryimage"},"thumbnailUrl":"https:\/\/hubsch-interior.com\/wp-content\/uploads\/2026\/02\/tento-plaid-yellow-83e2ca46bea3272653576c348a02a6ee.jpg","datePublished":"2026-01-10T03:01:11+00:00","dateModified":"2026-04-05T02:43:21+00:00","description":"Sonne zum Umh\u00fcllen Ihrer Schultern. Die Tento Decke in strahlendem Gelb bringt fr\u00f6hliche W\u00e4rme und k\u00fchne Ausdruckskraft in Ihren Raum. Handgequiltet mit","breadcrumb":{"@id":"https:\/\/hubsch-interior.com\/de\/produkt\/tento-decke-gelb\/#breadcrumb"},"inLanguage":"de","potentialAction":[{"@type":"ReadAction","target":["https:\/\/hubsch-interior.com\/de\/produkt\/tento-decke-gelb\/"]}]},{"@type":"ImageObject","inLanguage":"de","@id":"https:\/\/hubsch-interior.com\/de\/produkt\/tento-decke-gelb\/#primaryimage","url":"https:\/\/hubsch-interior.com\/wp-content\/uploads\/2026\/02\/tento-plaid-yellow-83e2ca46bea3272653576c348a02a6ee.jpg","contentUrl":"https:\/\/hubsch-interior.com\/wp-content\/uploads\/2026\/02\/tento-plaid-yellow-83e2ca46bea3272653576c348a02a6ee.jpg","width":1024,"height":1024},{"@type":"BreadcrumbList","@id":"https:\/\/hubsch-interior.com\/de\/produkt\/tento-decke-gelb\/#breadcrumb","itemListElement":[{"@type":"ListItem","position":1,"name":"Startseite","item":"https:\/\/hubsch-interior.com\/de\/"},{"@type":"ListItem","position":2,"name":"Produkte","item":"https:\/\/hubsch-interior.com\/de\/shop-2\/"},{"@type":"ListItem","position":3,"name":"Tento Decke Gelb"}]},{"@type":"WebSite","@id":"https:\/\/hubsch-interior.com\/de\/#website","url":"https:\/\/hubsch-interior.com\/de\/","name":"H\u00fcbsch","description":"Danish Home Interior and Design","publisher":{"@id":"https:\/\/hubsch-interior.com\/de\/#organization"},"potentialAction":[{"@type":"SearchAction","target":{"@type":"EntryPoint","urlTemplate":"https:\/\/hubsch-interior.com\/de\/?s={search_term_string}"},"query-input":{"@type":"PropertyValueSpecification","valueRequired":true,"valueName":"search_term_string"}}],"inLanguage":"de"},{"@type":"Organization","@id":"https:\/\/hubsch-interior.com\/de\/#organization","name":"H\u00fcbsch","url":"https:\/\/hubsch-interior.com\/de\/","logo":{"@type":"ImageObject","inLanguage":"de","@id":"https:\/\/hubsch-interior.com\/de\/#\/schema\/logo\/image\/","url":"https:\/\/hubsch-interior.com\/wp-content\/uploads\/2022\/12\/Hubsch_logo_black_one_line.svg","contentUrl":"https:\/\/hubsch-interior.com\/wp-content\/uploads\/2022\/12\/Hubsch_logo_black_one_line.svg","caption":"H\u00fcbsch"},"image":{"@id":"https:\/\/hubsch-interior.com\/de\/#\/schema\/logo\/image\/"}}]}},"_links":{"self":[{"href":"https:\/\/hubsch-interior.com\/de\/wp-json\/wp\/v2\/product\/1078444","targetHints":{"allow":["GET"]}}],"collection":[{"href":"https:\/\/hubsch-interior.com\/de\/wp-json\/wp\/v2\/product"}],"about":[{"href":"https:\/\/hubsch-interior.com\/de\/wp-json\/wp\/v2\/types\/product"}],"wp:featuredmedia":[{"embeddable":true,"href":"https:\/\/hubsch-interior.com\/de\/wp-json\/wp\/v2\/media\/1100569"}],"wp:attachment":[{"href":"https:\/\/hubsch-interior.com\/de\/wp-json\/wp\/v2\/media?parent=1078444"}],"wp:term":[{"taxonomy":"product_brand","embeddable":true,"href":"https:\/\/hubsch-interior.com\/de\/wp-json\/wp\/v2\/product_brand?post=1078444"},{"taxonomy":"product_cat","embeddable":true,"href":"https:\/\/hubsch-interior.com\/de\/wp-json\/wp\/v2\/product_cat?post=1078444"},{"taxonomy":"product_tag","embeddable":true,"href":"https:\/\/hubsch-interior.com\/de\/wp-json\/wp\/v2\/product_tag?post=1078444"}],"curies":[{"name":"wp","href":"https:\/\/api.w.org\/{rel}","templated":true}]}}