{"id":1078460,"date":"2026-01-10T04:01:22","date_gmt":"2026-01-10T03:01:22","guid":{"rendered":"https:\/\/hubsch-interior.com\/product\/product\/"},"modified":"2026-04-04T04:42:03","modified_gmt":"2026-04-04T02:42:03","slug":"sen-tagesdecke-sandfarben","status":"publish","type":"product","link":"https:\/\/hubsch-interior.com\/de\/produkt\/sen-tagesdecke-sandfarben\/","title":{"rendered":"Sen Tagesdecke Sandfarben"},"content":{"rendered":"<p>Eleganz, mit Absicht gesteppt. Die Sen Decke in ruhigen Sandt\u00f6nen bringt dezente Raffinesse in Ihr Zuhause mit ihrer handgequilteten Textur und sorgf\u00e4ltig abgestimmten Farben. Als Teil unserer beliebten Kollektion ist sie aus OEKO-TEX\u00ae STANDARD 100 zertifizierter Baumwolle gefertigt, was eine Weichheit bietet, die Sie guten Gewissens genie\u00dfen k\u00f6nnen. Drapieren Sie sie ordentlich \u00fcber Ihr Bett f\u00fcr ein verfeinertes Finish oder kuscheln Sie sich in ihre gro\u00dfz\u00fcgige W\u00e4rme, wenn die Abende k\u00fchler werden. Ein zeitloses St\u00fcck f\u00fcr t\u00e4glichen Komfort \u2013 oder als Geschenk, von dem man sich nur schwer trennen kann.<\/p>\n","protected":false},"excerpt":{"rendered":"<p>Eleganz, mit Absicht gesteppt. Die Sen Decke in ruhigen Sandt\u00f6nen bringt dezente Raffinesse in Ihr Zuhause mit ihrer handgequilteten Textur und sorgf\u00e4ltig abgestimmten Farben. Als Teil unserer beliebten Kollektion ist sie aus OEKO-TEX\u00ae STANDARD 100 zertifizierter Baumwolle gefertigt, was eine Weichheit bietet, die Sie guten Gewissens genie\u00dfen k\u00f6nnen. Drapieren Sie sie ordentlich \u00fcber Ihr Bett [&hellip;]<\/p>\n","protected":false},"featured_media":1100581,"template":"","meta":{"_acf_changed":false,"inline_featured_image":false},"product_brand":[],"product_cat":[7155,3004,4943,6364,5047],"product_tag":[],"class_list":{"0":"post-1078460","1":"product","2":"type-product","3":"status-publish","4":"has-post-thumbnail","6":"product_cat-dweller-de","7":"product_cat-textilien","8":"product_cat-decken-de","9":"product_cat-tagesdecke-de","10":"product_cat-neuheiten-de","11":"product_shipping_class-pk","13":"pa_color-sandfarben","14":"pa_material-cotton-100-de","16":"first","17":"instock","18":"taxable","19":"shipping-taxable","20":"purchasable","21":"product-type-simple"},"exclude_global_add_ons":[],"addons":[],"acf":[],"yoast_head":"<!-- This site is optimized with the Yoast SEO plugin v26.4 - https:\/\/yoast.com\/wordpress\/plugins\/seo\/ -->\n<title>Sen Tagesdecke Sandfarben - H\u00fcbsch<\/title>\n<meta name=\"description\" content=\"Eleganz, mit Absicht gesteppt. Die Sen Decke in ruhigen Sandt\u00f6nen bringt dezente Raffinesse in Ihr Zuhause mit ihrer handgequilteten Textur und sorgf\u00e4ltig\" \/>\n<meta name=\"robots\" content=\"index, follow, max-snippet:-1, max-image-preview:large, max-video-preview:-1\" \/>\n<link rel=\"canonical\" href=\"https:\/\/hubsch-interior.com\/de\/wp-json\/wp\/v2\/product\/1078460\" \/>\n<meta property=\"og:locale\" content=\"de_DE\" \/>\n<meta property=\"og:type\" content=\"article\" \/>\n<meta property=\"og:title\" content=\"Sen Tagesdecke Sandfarben - H\u00fcbsch\" \/>\n<meta property=\"og:description\" content=\"Eleganz, mit Absicht gesteppt. Die Sen Decke in ruhigen Sandt\u00f6nen bringt dezente Raffinesse in Ihr Zuhause mit ihrer handgequilteten Textur und sorgf\u00e4ltig\" \/>\n<meta property=\"og:url\" content=\"https:\/\/hubsch-interior.com\/de\/produkt\/sen-tagesdecke-sandfarben\/\" \/>\n<meta property=\"og:site_name\" content=\"H\u00fcbsch\" \/>\n<meta property=\"article:modified_time\" content=\"2026-04-04T02:42:03+00:00\" \/>\n<meta property=\"og:image\" content=\"https:\/\/hubsch-interior.com\/wp-content\/uploads\/2026\/01\/sen-bedspread-sand-6cacf0bbcc22ffece4d6bef63a4a0a39.jpg\" \/>\n\t<meta property=\"og:image:width\" content=\"1200\" \/>\n\t<meta property=\"og:image:height\" content=\"1200\" \/>\n\t<meta property=\"og:image:type\" content=\"image\/jpeg\" \/>\n<meta name=\"twitter:card\" content=\"summary_large_image\" \/>\n<meta name=\"twitter:label1\" content=\"Gesch\u00e4tzte Lesezeit\" \/>\n\t<meta name=\"twitter:data1\" content=\"1\u00a0Minute\" \/>\n<script type=\"application\/ld+json\" class=\"yoast-schema-graph\">{\"@context\":\"https:\/\/schema.org\",\"@graph\":[{\"@type\":\"WebPage\",\"@id\":\"https:\/\/hubsch-interior.com\/de\/produkt\/sen-tagesdecke-sandfarben\/\",\"url\":\"https:\/\/hubsch-interior.com\/de\/produkt\/sen-tagesdecke-sandfarben\/\",\"name\":\"Sen Tagesdecke Sandfarben - H\u00fcbsch\",\"isPartOf\":{\"@id\":\"https:\/\/hubsch-interior.com\/de\/#website\"},\"primaryImageOfPage\":{\"@id\":\"https:\/\/hubsch-interior.com\/de\/produkt\/sen-tagesdecke-sandfarben\/#primaryimage\"},\"image\":{\"@id\":\"https:\/\/hubsch-interior.com\/de\/produkt\/sen-tagesdecke-sandfarben\/#primaryimage\"},\"thumbnailUrl\":\"https:\/\/hubsch-interior.com\/wp-content\/uploads\/2026\/02\/sen-bedspread-sand-8e706c18b1eaded563cd3594d09e530e.jpg\",\"datePublished\":\"2026-01-10T03:01:22+00:00\",\"dateModified\":\"2026-04-04T02:42:03+00:00\",\"description\":\"Eleganz, mit Absicht gesteppt. Die Sen Decke in ruhigen Sandt\u00f6nen bringt dezente Raffinesse in Ihr Zuhause mit ihrer handgequilteten Textur und sorgf\u00e4ltig\",\"breadcrumb\":{\"@id\":\"https:\/\/hubsch-interior.com\/de\/produkt\/sen-tagesdecke-sandfarben\/#breadcrumb\"},\"inLanguage\":\"de\",\"potentialAction\":[{\"@type\":\"ReadAction\",\"target\":[\"https:\/\/hubsch-interior.com\/de\/produkt\/sen-tagesdecke-sandfarben\/\"]}]},{\"@type\":\"ImageObject\",\"inLanguage\":\"de\",\"@id\":\"https:\/\/hubsch-interior.com\/de\/produkt\/sen-tagesdecke-sandfarben\/#primaryimage\",\"url\":\"https:\/\/hubsch-interior.com\/wp-content\/uploads\/2026\/02\/sen-bedspread-sand-8e706c18b1eaded563cd3594d09e530e.jpg\",\"contentUrl\":\"https:\/\/hubsch-interior.com\/wp-content\/uploads\/2026\/02\/sen-bedspread-sand-8e706c18b1eaded563cd3594d09e530e.jpg\",\"width\":1024,\"height\":1024},{\"@type\":\"BreadcrumbList\",\"@id\":\"https:\/\/hubsch-interior.com\/de\/produkt\/sen-tagesdecke-sandfarben\/#breadcrumb\",\"itemListElement\":[{\"@type\":\"ListItem\",\"position\":1,\"name\":\"Startseite\",\"item\":\"https:\/\/hubsch-interior.com\/de\/\"},{\"@type\":\"ListItem\",\"position\":2,\"name\":\"Produkte\",\"item\":\"https:\/\/hubsch-interior.com\/de\/shop-2\/\"},{\"@type\":\"ListItem\",\"position\":3,\"name\":\"Sen Tagesdecke Sandfarben\"}]},{\"@type\":\"WebSite\",\"@id\":\"https:\/\/hubsch-interior.com\/de\/#website\",\"url\":\"https:\/\/hubsch-interior.com\/de\/\",\"name\":\"H\u00fcbsch\",\"description\":\"Danish Home Interior and Design\",\"publisher\":{\"@id\":\"https:\/\/hubsch-interior.com\/de\/#organization\"},\"potentialAction\":[{\"@type\":\"SearchAction\",\"target\":{\"@type\":\"EntryPoint\",\"urlTemplate\":\"https:\/\/hubsch-interior.com\/de\/?s={search_term_string}\"},\"query-input\":{\"@type\":\"PropertyValueSpecification\",\"valueRequired\":true,\"valueName\":\"search_term_string\"}}],\"inLanguage\":\"de\"},{\"@type\":\"Organization\",\"@id\":\"https:\/\/hubsch-interior.com\/de\/#organization\",\"name\":\"H\u00fcbsch\",\"url\":\"https:\/\/hubsch-interior.com\/de\/\",\"logo\":{\"@type\":\"ImageObject\",\"inLanguage\":\"de\",\"@id\":\"https:\/\/hubsch-interior.com\/de\/#\/schema\/logo\/image\/\",\"url\":\"https:\/\/hubsch-interior.com\/wp-content\/uploads\/2022\/12\/Hubsch_logo_black_one_line.svg\",\"contentUrl\":\"https:\/\/hubsch-interior.com\/wp-content\/uploads\/2022\/12\/Hubsch_logo_black_one_line.svg\",\"caption\":\"H\u00fcbsch\"},\"image\":{\"@id\":\"https:\/\/hubsch-interior.com\/de\/#\/schema\/logo\/image\/\"}}]}<\/script>\n<!-- \/ Yoast SEO plugin. -->","yoast_head_json":{"title":"Sen Tagesdecke Sandfarben - H\u00fcbsch","description":"Eleganz, mit Absicht gesteppt. Die Sen Decke in ruhigen Sandt\u00f6nen bringt dezente Raffinesse in Ihr Zuhause mit ihrer handgequilteten Textur und sorgf\u00e4ltig","robots":{"index":"index","follow":"follow","max-snippet":"max-snippet:-1","max-image-preview":"max-image-preview:large","max-video-preview":"max-video-preview:-1"},"canonical":"https:\/\/hubsch-interior.com\/de\/wp-json\/wp\/v2\/product\/1078460","og_locale":"de_DE","og_type":"article","og_title":"Sen Tagesdecke Sandfarben - H\u00fcbsch","og_description":"Eleganz, mit Absicht gesteppt. Die Sen Decke in ruhigen Sandt\u00f6nen bringt dezente Raffinesse in Ihr Zuhause mit ihrer handgequilteten Textur und sorgf\u00e4ltig","og_url":"https:\/\/hubsch-interior.com\/de\/produkt\/sen-tagesdecke-sandfarben\/","og_site_name":"H\u00fcbsch","article_modified_time":"2026-04-04T02:42:03+00:00","og_image":[{"width":1200,"height":1200,"url":"https:\/\/hubsch-interior.com\/wp-content\/uploads\/2026\/01\/sen-bedspread-sand-6cacf0bbcc22ffece4d6bef63a4a0a39.jpg","type":"image\/jpeg"}],"twitter_card":"summary_large_image","twitter_misc":{"Gesch\u00e4tzte Lesezeit":"1\u00a0Minute"},"schema":{"@context":"https:\/\/schema.org","@graph":[{"@type":"WebPage","@id":"https:\/\/hubsch-interior.com\/de\/produkt\/sen-tagesdecke-sandfarben\/","url":"https:\/\/hubsch-interior.com\/de\/produkt\/sen-tagesdecke-sandfarben\/","name":"Sen Tagesdecke Sandfarben - H\u00fcbsch","isPartOf":{"@id":"https:\/\/hubsch-interior.com\/de\/#website"},"primaryImageOfPage":{"@id":"https:\/\/hubsch-interior.com\/de\/produkt\/sen-tagesdecke-sandfarben\/#primaryimage"},"image":{"@id":"https:\/\/hubsch-interior.com\/de\/produkt\/sen-tagesdecke-sandfarben\/#primaryimage"},"thumbnailUrl":"https:\/\/hubsch-interior.com\/wp-content\/uploads\/2026\/02\/sen-bedspread-sand-8e706c18b1eaded563cd3594d09e530e.jpg","datePublished":"2026-01-10T03:01:22+00:00","dateModified":"2026-04-04T02:42:03+00:00","description":"Eleganz, mit Absicht gesteppt. Die Sen Decke in ruhigen Sandt\u00f6nen bringt dezente Raffinesse in Ihr Zuhause mit ihrer handgequilteten Textur und sorgf\u00e4ltig","breadcrumb":{"@id":"https:\/\/hubsch-interior.com\/de\/produkt\/sen-tagesdecke-sandfarben\/#breadcrumb"},"inLanguage":"de","potentialAction":[{"@type":"ReadAction","target":["https:\/\/hubsch-interior.com\/de\/produkt\/sen-tagesdecke-sandfarben\/"]}]},{"@type":"ImageObject","inLanguage":"de","@id":"https:\/\/hubsch-interior.com\/de\/produkt\/sen-tagesdecke-sandfarben\/#primaryimage","url":"https:\/\/hubsch-interior.com\/wp-content\/uploads\/2026\/02\/sen-bedspread-sand-8e706c18b1eaded563cd3594d09e530e.jpg","contentUrl":"https:\/\/hubsch-interior.com\/wp-content\/uploads\/2026\/02\/sen-bedspread-sand-8e706c18b1eaded563cd3594d09e530e.jpg","width":1024,"height":1024},{"@type":"BreadcrumbList","@id":"https:\/\/hubsch-interior.com\/de\/produkt\/sen-tagesdecke-sandfarben\/#breadcrumb","itemListElement":[{"@type":"ListItem","position":1,"name":"Startseite","item":"https:\/\/hubsch-interior.com\/de\/"},{"@type":"ListItem","position":2,"name":"Produkte","item":"https:\/\/hubsch-interior.com\/de\/shop-2\/"},{"@type":"ListItem","position":3,"name":"Sen Tagesdecke Sandfarben"}]},{"@type":"WebSite","@id":"https:\/\/hubsch-interior.com\/de\/#website","url":"https:\/\/hubsch-interior.com\/de\/","name":"H\u00fcbsch","description":"Danish Home Interior and Design","publisher":{"@id":"https:\/\/hubsch-interior.com\/de\/#organization"},"potentialAction":[{"@type":"SearchAction","target":{"@type":"EntryPoint","urlTemplate":"https:\/\/hubsch-interior.com\/de\/?s={search_term_string}"},"query-input":{"@type":"PropertyValueSpecification","valueRequired":true,"valueName":"search_term_string"}}],"inLanguage":"de"},{"@type":"Organization","@id":"https:\/\/hubsch-interior.com\/de\/#organization","name":"H\u00fcbsch","url":"https:\/\/hubsch-interior.com\/de\/","logo":{"@type":"ImageObject","inLanguage":"de","@id":"https:\/\/hubsch-interior.com\/de\/#\/schema\/logo\/image\/","url":"https:\/\/hubsch-interior.com\/wp-content\/uploads\/2022\/12\/Hubsch_logo_black_one_line.svg","contentUrl":"https:\/\/hubsch-interior.com\/wp-content\/uploads\/2022\/12\/Hubsch_logo_black_one_line.svg","caption":"H\u00fcbsch"},"image":{"@id":"https:\/\/hubsch-interior.com\/de\/#\/schema\/logo\/image\/"}}]}},"_links":{"self":[{"href":"https:\/\/hubsch-interior.com\/de\/wp-json\/wp\/v2\/product\/1078460","targetHints":{"allow":["GET"]}}],"collection":[{"href":"https:\/\/hubsch-interior.com\/de\/wp-json\/wp\/v2\/product"}],"about":[{"href":"https:\/\/hubsch-interior.com\/de\/wp-json\/wp\/v2\/types\/product"}],"wp:featuredmedia":[{"embeddable":true,"href":"https:\/\/hubsch-interior.com\/de\/wp-json\/wp\/v2\/media\/1100581"}],"wp:attachment":[{"href":"https:\/\/hubsch-interior.com\/de\/wp-json\/wp\/v2\/media?parent=1078460"}],"wp:term":[{"taxonomy":"product_brand","embeddable":true,"href":"https:\/\/hubsch-interior.com\/de\/wp-json\/wp\/v2\/product_brand?post=1078460"},{"taxonomy":"product_cat","embeddable":true,"href":"https:\/\/hubsch-interior.com\/de\/wp-json\/wp\/v2\/product_cat?post=1078460"},{"taxonomy":"product_tag","embeddable":true,"href":"https:\/\/hubsch-interior.com\/de\/wp-json\/wp\/v2\/product_tag?post=1078460"}],"curies":[{"name":"wp","href":"https:\/\/api.w.org\/{rel}","templated":true}]}}