{"id":1078488,"date":"2026-01-10T04:01:43","date_gmt":"2026-01-10T03:01:43","guid":{"rendered":"https:\/\/hubsch-interior.com\/product\/product\/"},"modified":"2026-04-05T04:43:35","modified_gmt":"2026-04-05T02:43:35","slug":"flim-teppich-blau","status":"publish","type":"product","link":"https:\/\/hubsch-interior.com\/de\/produkt\/flim-teppich-blau\/","title":{"rendered":"Flim Teppich Blau"},"content":{"rendered":"<p>Fundiert in Ruhe, durchzogen mit Farbe. Der Flim Teppich in tiefem Blau verleiht Ihrem Raum ein ruhiges Spielgef\u00fchl mit bl\u00e4ulich-gr\u00fcnen Akzenten, die sich sanft mit dem Licht ver\u00e4ndern. Gewebt aus OEKO-TEX\u00ae STANDARD 100 zertifizierter Baumwolle, ist er weich unter den F\u00fc\u00dfen und sicher f\u00fcr den Alltag. Seine sorgf\u00e4ltig abgestimmte Farbpalette f\u00fcgt sich m\u00fchelos in eine Vielzahl von Interieurs ein und bietet sowohl Harmonie als auch Pers\u00f6nlichkeit. Ob als L\u00e4ufer im Flur oder als Akzentst\u00fcck verwendet, bringt er W\u00e4rme, Textur und einen subtilen Hauch von Charakter.<\/p>\n","protected":false},"excerpt":{"rendered":"<p>Fundiert in Ruhe, durchzogen mit Farbe. Der Flim Teppich in tiefem Blau verleiht Ihrem Raum ein ruhiges Spielgef\u00fchl mit bl\u00e4ulich-gr\u00fcnen Akzenten, die sich sanft mit dem Licht ver\u00e4ndern. Gewebt aus OEKO-TEX\u00ae STANDARD 100 zertifizierter Baumwolle, ist er weich unter den F\u00fc\u00dfen und sicher f\u00fcr den Alltag. Seine sorgf\u00e4ltig abgestimmte Farbpalette f\u00fcgt sich m\u00fchelos in eine [&hellip;]<\/p>\n","protected":false},"featured_media":1100609,"template":"","meta":{"_acf_changed":false,"inline_featured_image":false},"product_brand":[],"product_cat":[7155,3004,3325,5047],"product_tag":[],"class_list":{"0":"post-1078488","1":"product","2":"type-product","3":"status-publish","4":"has-post-thumbnail","6":"product_cat-dweller-de","7":"product_cat-textilien","8":"product_cat-teppiche-de","9":"product_cat-neuheiten-de","10":"product_shipping_class-pk","12":"pa_color-blau-2","13":"pa_material-cotton-100-de","15":"first","16":"instock","17":"taxable","18":"shipping-taxable","19":"purchasable","20":"product-type-simple"},"exclude_global_add_ons":[],"addons":[],"acf":[],"yoast_head":"<!-- This site is optimized with the Yoast SEO plugin v26.4 - https:\/\/yoast.com\/wordpress\/plugins\/seo\/ -->\n<title>Flim Teppich Blau - H\u00fcbsch<\/title>\n<meta name=\"description\" content=\"Fundiert in Ruhe, durchzogen mit Farbe. Der Flim Teppich in tiefem Blau verleiht Ihrem Raum ein ruhiges Spielgef\u00fchl mit bl\u00e4ulich-gr\u00fcnen Akzenten, die sich\" \/>\n<meta name=\"robots\" content=\"index, follow, max-snippet:-1, max-image-preview:large, max-video-preview:-1\" \/>\n<link rel=\"canonical\" href=\"https:\/\/hubsch-interior.com\/de\/wp-json\/wp\/v2\/product\/1078488\" \/>\n<meta property=\"og:locale\" content=\"de_DE\" \/>\n<meta property=\"og:type\" content=\"article\" \/>\n<meta property=\"og:title\" content=\"Flim Teppich Blau - H\u00fcbsch\" \/>\n<meta property=\"og:description\" content=\"Fundiert in Ruhe, durchzogen mit Farbe. Der Flim Teppich in tiefem Blau verleiht Ihrem Raum ein ruhiges Spielgef\u00fchl mit bl\u00e4ulich-gr\u00fcnen Akzenten, die sich\" \/>\n<meta property=\"og:url\" content=\"https:\/\/hubsch-interior.com\/de\/produkt\/flim-teppich-blau\/\" \/>\n<meta property=\"og:site_name\" content=\"H\u00fcbsch\" \/>\n<meta property=\"article:modified_time\" content=\"2026-04-05T02:43:35+00:00\" \/>\n<meta property=\"og:image\" content=\"https:\/\/hubsch-interior.com\/wp-content\/uploads\/2026\/01\/flim-rug-blue-c0244e84961aa364a8409d35455143e1.jpg\" \/>\n\t<meta property=\"og:image:width\" content=\"1200\" \/>\n\t<meta property=\"og:image:height\" content=\"1200\" \/>\n\t<meta property=\"og:image:type\" content=\"image\/jpeg\" \/>\n<meta name=\"twitter:card\" content=\"summary_large_image\" \/>\n<script type=\"application\/ld+json\" class=\"yoast-schema-graph\">{\"@context\":\"https:\/\/schema.org\",\"@graph\":[{\"@type\":\"WebPage\",\"@id\":\"https:\/\/hubsch-interior.com\/de\/produkt\/flim-teppich-blau\/\",\"url\":\"https:\/\/hubsch-interior.com\/de\/produkt\/flim-teppich-blau\/\",\"name\":\"Flim Teppich Blau - H\u00fcbsch\",\"isPartOf\":{\"@id\":\"https:\/\/hubsch-interior.com\/de\/#website\"},\"primaryImageOfPage\":{\"@id\":\"https:\/\/hubsch-interior.com\/de\/produkt\/flim-teppich-blau\/#primaryimage\"},\"image\":{\"@id\":\"https:\/\/hubsch-interior.com\/de\/produkt\/flim-teppich-blau\/#primaryimage\"},\"thumbnailUrl\":\"https:\/\/hubsch-interior.com\/wp-content\/uploads\/2026\/02\/flim-rug-blue-b75cf16017eefea5241fd7a37b9ad650.jpg\",\"datePublished\":\"2026-01-10T03:01:43+00:00\",\"dateModified\":\"2026-04-05T02:43:35+00:00\",\"description\":\"Fundiert in Ruhe, durchzogen mit Farbe. Der Flim Teppich in tiefem Blau verleiht Ihrem Raum ein ruhiges Spielgef\u00fchl mit bl\u00e4ulich-gr\u00fcnen Akzenten, die sich\",\"breadcrumb\":{\"@id\":\"https:\/\/hubsch-interior.com\/de\/produkt\/flim-teppich-blau\/#breadcrumb\"},\"inLanguage\":\"de\",\"potentialAction\":[{\"@type\":\"ReadAction\",\"target\":[\"https:\/\/hubsch-interior.com\/de\/produkt\/flim-teppich-blau\/\"]}]},{\"@type\":\"ImageObject\",\"inLanguage\":\"de\",\"@id\":\"https:\/\/hubsch-interior.com\/de\/produkt\/flim-teppich-blau\/#primaryimage\",\"url\":\"https:\/\/hubsch-interior.com\/wp-content\/uploads\/2026\/02\/flim-rug-blue-b75cf16017eefea5241fd7a37b9ad650.jpg\",\"contentUrl\":\"https:\/\/hubsch-interior.com\/wp-content\/uploads\/2026\/02\/flim-rug-blue-b75cf16017eefea5241fd7a37b9ad650.jpg\",\"width\":1024,\"height\":1024},{\"@type\":\"BreadcrumbList\",\"@id\":\"https:\/\/hubsch-interior.com\/de\/produkt\/flim-teppich-blau\/#breadcrumb\",\"itemListElement\":[{\"@type\":\"ListItem\",\"position\":1,\"name\":\"Startseite\",\"item\":\"https:\/\/hubsch-interior.com\/de\/\"},{\"@type\":\"ListItem\",\"position\":2,\"name\":\"Produkte\",\"item\":\"https:\/\/hubsch-interior.com\/de\/shop-2\/\"},{\"@type\":\"ListItem\",\"position\":3,\"name\":\"Flim Teppich Blau\"}]},{\"@type\":\"WebSite\",\"@id\":\"https:\/\/hubsch-interior.com\/de\/#website\",\"url\":\"https:\/\/hubsch-interior.com\/de\/\",\"name\":\"H\u00fcbsch\",\"description\":\"Danish Home Interior and Design\",\"publisher\":{\"@id\":\"https:\/\/hubsch-interior.com\/de\/#organization\"},\"potentialAction\":[{\"@type\":\"SearchAction\",\"target\":{\"@type\":\"EntryPoint\",\"urlTemplate\":\"https:\/\/hubsch-interior.com\/de\/?s={search_term_string}\"},\"query-input\":{\"@type\":\"PropertyValueSpecification\",\"valueRequired\":true,\"valueName\":\"search_term_string\"}}],\"inLanguage\":\"de\"},{\"@type\":\"Organization\",\"@id\":\"https:\/\/hubsch-interior.com\/de\/#organization\",\"name\":\"H\u00fcbsch\",\"url\":\"https:\/\/hubsch-interior.com\/de\/\",\"logo\":{\"@type\":\"ImageObject\",\"inLanguage\":\"de\",\"@id\":\"https:\/\/hubsch-interior.com\/de\/#\/schema\/logo\/image\/\",\"url\":\"https:\/\/hubsch-interior.com\/wp-content\/uploads\/2022\/12\/Hubsch_logo_black_one_line.svg\",\"contentUrl\":\"https:\/\/hubsch-interior.com\/wp-content\/uploads\/2022\/12\/Hubsch_logo_black_one_line.svg\",\"caption\":\"H\u00fcbsch\"},\"image\":{\"@id\":\"https:\/\/hubsch-interior.com\/de\/#\/schema\/logo\/image\/\"}}]}<\/script>\n<!-- \/ Yoast SEO plugin. -->","yoast_head_json":{"title":"Flim Teppich Blau - H\u00fcbsch","description":"Fundiert in Ruhe, durchzogen mit Farbe. Der Flim Teppich in tiefem Blau verleiht Ihrem Raum ein ruhiges Spielgef\u00fchl mit bl\u00e4ulich-gr\u00fcnen Akzenten, die sich","robots":{"index":"index","follow":"follow","max-snippet":"max-snippet:-1","max-image-preview":"max-image-preview:large","max-video-preview":"max-video-preview:-1"},"canonical":"https:\/\/hubsch-interior.com\/de\/wp-json\/wp\/v2\/product\/1078488","og_locale":"de_DE","og_type":"article","og_title":"Flim Teppich Blau - H\u00fcbsch","og_description":"Fundiert in Ruhe, durchzogen mit Farbe. Der Flim Teppich in tiefem Blau verleiht Ihrem Raum ein ruhiges Spielgef\u00fchl mit bl\u00e4ulich-gr\u00fcnen Akzenten, die sich","og_url":"https:\/\/hubsch-interior.com\/de\/produkt\/flim-teppich-blau\/","og_site_name":"H\u00fcbsch","article_modified_time":"2026-04-05T02:43:35+00:00","og_image":[{"width":1200,"height":1200,"url":"https:\/\/hubsch-interior.com\/wp-content\/uploads\/2026\/01\/flim-rug-blue-c0244e84961aa364a8409d35455143e1.jpg","type":"image\/jpeg"}],"twitter_card":"summary_large_image","schema":{"@context":"https:\/\/schema.org","@graph":[{"@type":"WebPage","@id":"https:\/\/hubsch-interior.com\/de\/produkt\/flim-teppich-blau\/","url":"https:\/\/hubsch-interior.com\/de\/produkt\/flim-teppich-blau\/","name":"Flim Teppich Blau - H\u00fcbsch","isPartOf":{"@id":"https:\/\/hubsch-interior.com\/de\/#website"},"primaryImageOfPage":{"@id":"https:\/\/hubsch-interior.com\/de\/produkt\/flim-teppich-blau\/#primaryimage"},"image":{"@id":"https:\/\/hubsch-interior.com\/de\/produkt\/flim-teppich-blau\/#primaryimage"},"thumbnailUrl":"https:\/\/hubsch-interior.com\/wp-content\/uploads\/2026\/02\/flim-rug-blue-b75cf16017eefea5241fd7a37b9ad650.jpg","datePublished":"2026-01-10T03:01:43+00:00","dateModified":"2026-04-05T02:43:35+00:00","description":"Fundiert in Ruhe, durchzogen mit Farbe. Der Flim Teppich in tiefem Blau verleiht Ihrem Raum ein ruhiges Spielgef\u00fchl mit bl\u00e4ulich-gr\u00fcnen Akzenten, die sich","breadcrumb":{"@id":"https:\/\/hubsch-interior.com\/de\/produkt\/flim-teppich-blau\/#breadcrumb"},"inLanguage":"de","potentialAction":[{"@type":"ReadAction","target":["https:\/\/hubsch-interior.com\/de\/produkt\/flim-teppich-blau\/"]}]},{"@type":"ImageObject","inLanguage":"de","@id":"https:\/\/hubsch-interior.com\/de\/produkt\/flim-teppich-blau\/#primaryimage","url":"https:\/\/hubsch-interior.com\/wp-content\/uploads\/2026\/02\/flim-rug-blue-b75cf16017eefea5241fd7a37b9ad650.jpg","contentUrl":"https:\/\/hubsch-interior.com\/wp-content\/uploads\/2026\/02\/flim-rug-blue-b75cf16017eefea5241fd7a37b9ad650.jpg","width":1024,"height":1024},{"@type":"BreadcrumbList","@id":"https:\/\/hubsch-interior.com\/de\/produkt\/flim-teppich-blau\/#breadcrumb","itemListElement":[{"@type":"ListItem","position":1,"name":"Startseite","item":"https:\/\/hubsch-interior.com\/de\/"},{"@type":"ListItem","position":2,"name":"Produkte","item":"https:\/\/hubsch-interior.com\/de\/shop-2\/"},{"@type":"ListItem","position":3,"name":"Flim Teppich Blau"}]},{"@type":"WebSite","@id":"https:\/\/hubsch-interior.com\/de\/#website","url":"https:\/\/hubsch-interior.com\/de\/","name":"H\u00fcbsch","description":"Danish Home Interior and Design","publisher":{"@id":"https:\/\/hubsch-interior.com\/de\/#organization"},"potentialAction":[{"@type":"SearchAction","target":{"@type":"EntryPoint","urlTemplate":"https:\/\/hubsch-interior.com\/de\/?s={search_term_string}"},"query-input":{"@type":"PropertyValueSpecification","valueRequired":true,"valueName":"search_term_string"}}],"inLanguage":"de"},{"@type":"Organization","@id":"https:\/\/hubsch-interior.com\/de\/#organization","name":"H\u00fcbsch","url":"https:\/\/hubsch-interior.com\/de\/","logo":{"@type":"ImageObject","inLanguage":"de","@id":"https:\/\/hubsch-interior.com\/de\/#\/schema\/logo\/image\/","url":"https:\/\/hubsch-interior.com\/wp-content\/uploads\/2022\/12\/Hubsch_logo_black_one_line.svg","contentUrl":"https:\/\/hubsch-interior.com\/wp-content\/uploads\/2022\/12\/Hubsch_logo_black_one_line.svg","caption":"H\u00fcbsch"},"image":{"@id":"https:\/\/hubsch-interior.com\/de\/#\/schema\/logo\/image\/"}}]}},"_links":{"self":[{"href":"https:\/\/hubsch-interior.com\/de\/wp-json\/wp\/v2\/product\/1078488","targetHints":{"allow":["GET"]}}],"collection":[{"href":"https:\/\/hubsch-interior.com\/de\/wp-json\/wp\/v2\/product"}],"about":[{"href":"https:\/\/hubsch-interior.com\/de\/wp-json\/wp\/v2\/types\/product"}],"wp:featuredmedia":[{"embeddable":true,"href":"https:\/\/hubsch-interior.com\/de\/wp-json\/wp\/v2\/media\/1100609"}],"wp:attachment":[{"href":"https:\/\/hubsch-interior.com\/de\/wp-json\/wp\/v2\/media?parent=1078488"}],"wp:term":[{"taxonomy":"product_brand","embeddable":true,"href":"https:\/\/hubsch-interior.com\/de\/wp-json\/wp\/v2\/product_brand?post=1078488"},{"taxonomy":"product_cat","embeddable":true,"href":"https:\/\/hubsch-interior.com\/de\/wp-json\/wp\/v2\/product_cat?post=1078488"},{"taxonomy":"product_tag","embeddable":true,"href":"https:\/\/hubsch-interior.com\/de\/wp-json\/wp\/v2\/product_tag?post=1078488"}],"curies":[{"name":"wp","href":"https:\/\/api.w.org\/{rel}","templated":true}]}}