{"id":1078532,"date":"2026-01-10T04:02:06","date_gmt":"2026-01-10T03:02:06","guid":{"rendered":"https:\/\/hubsch-interior.com\/product\/product\/"},"modified":"2026-04-05T04:43:41","modified_gmt":"2026-04-05T02:43:41","slug":"morph-kissen-braun","status":"publish","type":"product","link":"https:\/\/hubsch-interior.com\/de\/produkt\/morph-kissen-braun\/","title":{"rendered":"Morph Kissen Braun"},"content":{"rendered":"<p>Textur, Ton und eine kleine Verwandlung. Das Morph Kissen in warmem Braun bringt grafische Energie und eine gewebte Reichhaltigkeit, die Ihren Raum belebt. Hergestellt aus eng gewebter, OEKO-TEX\u00ae STANDARD 100 zertifizierter Baumwolle, bietet es vertrauensw\u00fcrdigen Komfort und eine Handwerkskunst, die Sie f\u00fchlen k\u00f6nnen. Sein k\u00fchnes Muster und die erdige Farbpalette harmonieren wunderbar mit schlichten T\u00f6nen und schaffen einen Kontrast, der sowohl lebendig als auch geerdet wirkt. Eines von vier auff\u00e4lligen Varianten \u2014 perfekt zum Kombinieren, Abstimmen und um Ihr Sofa v\u00f6llig neu erscheinen zu lassen.<\/p>\n","protected":false},"excerpt":{"rendered":"<p>Textur, Ton und eine kleine Verwandlung. Das Morph Kissen in warmem Braun bringt grafische Energie und eine gewebte Reichhaltigkeit, die Ihren Raum belebt. Hergestellt aus eng gewebter, OEKO-TEX\u00ae STANDARD 100 zertifizierter Baumwolle, bietet es vertrauensw\u00fcrdigen Komfort und eine Handwerkskunst, die Sie f\u00fchlen k\u00f6nnen. Sein k\u00fchnes Muster und die erdige Farbpalette harmonieren wunderbar mit schlichten T\u00f6nen [&hellip;]<\/p>\n","protected":false},"featured_media":1100633,"template":"","meta":{"_acf_changed":false,"inline_featured_image":false},"product_brand":[],"product_cat":[7155,3004,3005,5047],"product_tag":[],"class_list":{"0":"post-1078532","1":"product","2":"type-product","3":"status-publish","4":"has-post-thumbnail","6":"product_cat-dweller-de","7":"product_cat-textilien","8":"product_cat-kissen-de","9":"product_cat-neuheiten-de","10":"product_shipping_class-pk","12":"pa_color-braun","13":"pa_material-cotton-100-de","15":"first","16":"instock","17":"taxable","18":"shipping-taxable","19":"purchasable","20":"product-type-simple"},"exclude_global_add_ons":[],"addons":[],"acf":[],"yoast_head":"<!-- This site is optimized with the Yoast SEO plugin v26.4 - https:\/\/yoast.com\/wordpress\/plugins\/seo\/ -->\n<title>Morph Kissen Braun - H\u00fcbsch<\/title>\n<meta name=\"description\" content=\"Textur, Ton und eine kleine Verwandlung. Das Morph Kissen in warmem Braun bringt grafische Energie und eine gewebte Reichhaltigkeit, die Ihren Raum\" \/>\n<meta name=\"robots\" content=\"index, follow, max-snippet:-1, max-image-preview:large, max-video-preview:-1\" \/>\n<link rel=\"canonical\" href=\"https:\/\/hubsch-interior.com\/de\/wp-json\/wp\/v2\/product\/1078532\" \/>\n<meta property=\"og:locale\" content=\"de_DE\" \/>\n<meta property=\"og:type\" content=\"article\" \/>\n<meta property=\"og:title\" content=\"Morph Kissen Braun - H\u00fcbsch\" \/>\n<meta property=\"og:description\" content=\"Textur, Ton und eine kleine Verwandlung. Das Morph Kissen in warmem Braun bringt grafische Energie und eine gewebte Reichhaltigkeit, die Ihren Raum\" \/>\n<meta property=\"og:url\" content=\"https:\/\/hubsch-interior.com\/de\/produkt\/morph-kissen-braun\/\" \/>\n<meta property=\"og:site_name\" content=\"H\u00fcbsch\" \/>\n<meta property=\"article:modified_time\" content=\"2026-04-05T02:43:41+00:00\" \/>\n<meta property=\"og:image\" content=\"https:\/\/hubsch-interior.com\/wp-content\/uploads\/2026\/01\/morph-cushion-brown-13e704f7c84ba5530526ae0a98c191a9.jpg\" \/>\n\t<meta property=\"og:image:width\" content=\"1200\" \/>\n\t<meta property=\"og:image:height\" content=\"1200\" \/>\n\t<meta property=\"og:image:type\" content=\"image\/jpeg\" \/>\n<meta name=\"twitter:card\" content=\"summary_large_image\" \/>\n<script type=\"application\/ld+json\" class=\"yoast-schema-graph\">{\"@context\":\"https:\/\/schema.org\",\"@graph\":[{\"@type\":\"WebPage\",\"@id\":\"https:\/\/hubsch-interior.com\/de\/produkt\/morph-kissen-braun\/\",\"url\":\"https:\/\/hubsch-interior.com\/de\/produkt\/morph-kissen-braun\/\",\"name\":\"Morph Kissen Braun - H\u00fcbsch\",\"isPartOf\":{\"@id\":\"https:\/\/hubsch-interior.com\/de\/#website\"},\"primaryImageOfPage\":{\"@id\":\"https:\/\/hubsch-interior.com\/de\/produkt\/morph-kissen-braun\/#primaryimage\"},\"image\":{\"@id\":\"https:\/\/hubsch-interior.com\/de\/produkt\/morph-kissen-braun\/#primaryimage\"},\"thumbnailUrl\":\"https:\/\/hubsch-interior.com\/wp-content\/uploads\/2026\/02\/morph-cushion-brown-6da084b1d61c38746683bdb34ef50c16.jpg\",\"datePublished\":\"2026-01-10T03:02:06+00:00\",\"dateModified\":\"2026-04-05T02:43:41+00:00\",\"description\":\"Textur, Ton und eine kleine Verwandlung. Das Morph Kissen in warmem Braun bringt grafische Energie und eine gewebte Reichhaltigkeit, die Ihren Raum\",\"breadcrumb\":{\"@id\":\"https:\/\/hubsch-interior.com\/de\/produkt\/morph-kissen-braun\/#breadcrumb\"},\"inLanguage\":\"de\",\"potentialAction\":[{\"@type\":\"ReadAction\",\"target\":[\"https:\/\/hubsch-interior.com\/de\/produkt\/morph-kissen-braun\/\"]}]},{\"@type\":\"ImageObject\",\"inLanguage\":\"de\",\"@id\":\"https:\/\/hubsch-interior.com\/de\/produkt\/morph-kissen-braun\/#primaryimage\",\"url\":\"https:\/\/hubsch-interior.com\/wp-content\/uploads\/2026\/02\/morph-cushion-brown-6da084b1d61c38746683bdb34ef50c16.jpg\",\"contentUrl\":\"https:\/\/hubsch-interior.com\/wp-content\/uploads\/2026\/02\/morph-cushion-brown-6da084b1d61c38746683bdb34ef50c16.jpg\",\"width\":1024,\"height\":1024},{\"@type\":\"BreadcrumbList\",\"@id\":\"https:\/\/hubsch-interior.com\/de\/produkt\/morph-kissen-braun\/#breadcrumb\",\"itemListElement\":[{\"@type\":\"ListItem\",\"position\":1,\"name\":\"Startseite\",\"item\":\"https:\/\/hubsch-interior.com\/de\/\"},{\"@type\":\"ListItem\",\"position\":2,\"name\":\"Produkte\",\"item\":\"https:\/\/hubsch-interior.com\/de\/shop-2\/\"},{\"@type\":\"ListItem\",\"position\":3,\"name\":\"Morph Kissen Braun\"}]},{\"@type\":\"WebSite\",\"@id\":\"https:\/\/hubsch-interior.com\/de\/#website\",\"url\":\"https:\/\/hubsch-interior.com\/de\/\",\"name\":\"H\u00fcbsch\",\"description\":\"Danish Home Interior and Design\",\"publisher\":{\"@id\":\"https:\/\/hubsch-interior.com\/de\/#organization\"},\"potentialAction\":[{\"@type\":\"SearchAction\",\"target\":{\"@type\":\"EntryPoint\",\"urlTemplate\":\"https:\/\/hubsch-interior.com\/de\/?s={search_term_string}\"},\"query-input\":{\"@type\":\"PropertyValueSpecification\",\"valueRequired\":true,\"valueName\":\"search_term_string\"}}],\"inLanguage\":\"de\"},{\"@type\":\"Organization\",\"@id\":\"https:\/\/hubsch-interior.com\/de\/#organization\",\"name\":\"H\u00fcbsch\",\"url\":\"https:\/\/hubsch-interior.com\/de\/\",\"logo\":{\"@type\":\"ImageObject\",\"inLanguage\":\"de\",\"@id\":\"https:\/\/hubsch-interior.com\/de\/#\/schema\/logo\/image\/\",\"url\":\"https:\/\/hubsch-interior.com\/wp-content\/uploads\/2022\/12\/Hubsch_logo_black_one_line.svg\",\"contentUrl\":\"https:\/\/hubsch-interior.com\/wp-content\/uploads\/2022\/12\/Hubsch_logo_black_one_line.svg\",\"caption\":\"H\u00fcbsch\"},\"image\":{\"@id\":\"https:\/\/hubsch-interior.com\/de\/#\/schema\/logo\/image\/\"}}]}<\/script>\n<!-- \/ Yoast SEO plugin. -->","yoast_head_json":{"title":"Morph Kissen Braun - H\u00fcbsch","description":"Textur, Ton und eine kleine Verwandlung. Das Morph Kissen in warmem Braun bringt grafische Energie und eine gewebte Reichhaltigkeit, die Ihren Raum","robots":{"index":"index","follow":"follow","max-snippet":"max-snippet:-1","max-image-preview":"max-image-preview:large","max-video-preview":"max-video-preview:-1"},"canonical":"https:\/\/hubsch-interior.com\/de\/wp-json\/wp\/v2\/product\/1078532","og_locale":"de_DE","og_type":"article","og_title":"Morph Kissen Braun - H\u00fcbsch","og_description":"Textur, Ton und eine kleine Verwandlung. Das Morph Kissen in warmem Braun bringt grafische Energie und eine gewebte Reichhaltigkeit, die Ihren Raum","og_url":"https:\/\/hubsch-interior.com\/de\/produkt\/morph-kissen-braun\/","og_site_name":"H\u00fcbsch","article_modified_time":"2026-04-05T02:43:41+00:00","og_image":[{"width":1200,"height":1200,"url":"https:\/\/hubsch-interior.com\/wp-content\/uploads\/2026\/01\/morph-cushion-brown-13e704f7c84ba5530526ae0a98c191a9.jpg","type":"image\/jpeg"}],"twitter_card":"summary_large_image","schema":{"@context":"https:\/\/schema.org","@graph":[{"@type":"WebPage","@id":"https:\/\/hubsch-interior.com\/de\/produkt\/morph-kissen-braun\/","url":"https:\/\/hubsch-interior.com\/de\/produkt\/morph-kissen-braun\/","name":"Morph Kissen Braun - H\u00fcbsch","isPartOf":{"@id":"https:\/\/hubsch-interior.com\/de\/#website"},"primaryImageOfPage":{"@id":"https:\/\/hubsch-interior.com\/de\/produkt\/morph-kissen-braun\/#primaryimage"},"image":{"@id":"https:\/\/hubsch-interior.com\/de\/produkt\/morph-kissen-braun\/#primaryimage"},"thumbnailUrl":"https:\/\/hubsch-interior.com\/wp-content\/uploads\/2026\/02\/morph-cushion-brown-6da084b1d61c38746683bdb34ef50c16.jpg","datePublished":"2026-01-10T03:02:06+00:00","dateModified":"2026-04-05T02:43:41+00:00","description":"Textur, Ton und eine kleine Verwandlung. Das Morph Kissen in warmem Braun bringt grafische Energie und eine gewebte Reichhaltigkeit, die Ihren Raum","breadcrumb":{"@id":"https:\/\/hubsch-interior.com\/de\/produkt\/morph-kissen-braun\/#breadcrumb"},"inLanguage":"de","potentialAction":[{"@type":"ReadAction","target":["https:\/\/hubsch-interior.com\/de\/produkt\/morph-kissen-braun\/"]}]},{"@type":"ImageObject","inLanguage":"de","@id":"https:\/\/hubsch-interior.com\/de\/produkt\/morph-kissen-braun\/#primaryimage","url":"https:\/\/hubsch-interior.com\/wp-content\/uploads\/2026\/02\/morph-cushion-brown-6da084b1d61c38746683bdb34ef50c16.jpg","contentUrl":"https:\/\/hubsch-interior.com\/wp-content\/uploads\/2026\/02\/morph-cushion-brown-6da084b1d61c38746683bdb34ef50c16.jpg","width":1024,"height":1024},{"@type":"BreadcrumbList","@id":"https:\/\/hubsch-interior.com\/de\/produkt\/morph-kissen-braun\/#breadcrumb","itemListElement":[{"@type":"ListItem","position":1,"name":"Startseite","item":"https:\/\/hubsch-interior.com\/de\/"},{"@type":"ListItem","position":2,"name":"Produkte","item":"https:\/\/hubsch-interior.com\/de\/shop-2\/"},{"@type":"ListItem","position":3,"name":"Morph Kissen Braun"}]},{"@type":"WebSite","@id":"https:\/\/hubsch-interior.com\/de\/#website","url":"https:\/\/hubsch-interior.com\/de\/","name":"H\u00fcbsch","description":"Danish Home Interior and Design","publisher":{"@id":"https:\/\/hubsch-interior.com\/de\/#organization"},"potentialAction":[{"@type":"SearchAction","target":{"@type":"EntryPoint","urlTemplate":"https:\/\/hubsch-interior.com\/de\/?s={search_term_string}"},"query-input":{"@type":"PropertyValueSpecification","valueRequired":true,"valueName":"search_term_string"}}],"inLanguage":"de"},{"@type":"Organization","@id":"https:\/\/hubsch-interior.com\/de\/#organization","name":"H\u00fcbsch","url":"https:\/\/hubsch-interior.com\/de\/","logo":{"@type":"ImageObject","inLanguage":"de","@id":"https:\/\/hubsch-interior.com\/de\/#\/schema\/logo\/image\/","url":"https:\/\/hubsch-interior.com\/wp-content\/uploads\/2022\/12\/Hubsch_logo_black_one_line.svg","contentUrl":"https:\/\/hubsch-interior.com\/wp-content\/uploads\/2022\/12\/Hubsch_logo_black_one_line.svg","caption":"H\u00fcbsch"},"image":{"@id":"https:\/\/hubsch-interior.com\/de\/#\/schema\/logo\/image\/"}}]}},"_links":{"self":[{"href":"https:\/\/hubsch-interior.com\/de\/wp-json\/wp\/v2\/product\/1078532","targetHints":{"allow":["GET"]}}],"collection":[{"href":"https:\/\/hubsch-interior.com\/de\/wp-json\/wp\/v2\/product"}],"about":[{"href":"https:\/\/hubsch-interior.com\/de\/wp-json\/wp\/v2\/types\/product"}],"wp:featuredmedia":[{"embeddable":true,"href":"https:\/\/hubsch-interior.com\/de\/wp-json\/wp\/v2\/media\/1100633"}],"wp:attachment":[{"href":"https:\/\/hubsch-interior.com\/de\/wp-json\/wp\/v2\/media?parent=1078532"}],"wp:term":[{"taxonomy":"product_brand","embeddable":true,"href":"https:\/\/hubsch-interior.com\/de\/wp-json\/wp\/v2\/product_brand?post=1078532"},{"taxonomy":"product_cat","embeddable":true,"href":"https:\/\/hubsch-interior.com\/de\/wp-json\/wp\/v2\/product_cat?post=1078532"},{"taxonomy":"product_tag","embeddable":true,"href":"https:\/\/hubsch-interior.com\/de\/wp-json\/wp\/v2\/product_tag?post=1078532"}],"curies":[{"name":"wp","href":"https:\/\/api.w.org\/{rel}","templated":true}]}}