{"id":1078552,"date":"2026-01-10T04:02:19","date_gmt":"2026-01-10T03:02:19","guid":{"rendered":"https:\/\/hubsch-interior.com\/product\/product\/"},"modified":"2026-04-05T04:43:45","modified_gmt":"2026-04-05T02:43:45","slug":"morph-kissen-rosa","status":"publish","type":"product","link":"https:\/\/hubsch-interior.com\/de\/produkt\/morph-kissen-rosa\/","title":{"rendered":"Morph Kissen Rosa"},"content":{"rendered":"<p>Verspielt in Rosa, mit Bedacht gewebt. Das Morph Kissen in Rosa verleiht Ihrem Raum eine fr\u00f6hliche Note, indem es weichen Komfort mit k\u00fchnem grafischen Rhythmus verbindet. Hergestellt aus dicht gewebter, OEKO-TEX\u00ae STANDARD 100 zertifizierter Baumwolle, bietet es neben seinem taktilem Charme auch ein beruhigendes Gef\u00fchl der Sicherheit. Das lebendige Webmuster l\u00e4sst die Rosat\u00f6ne strahlen und f\u00fcgt einen leuchtenden Akzent hinzu, der sich m\u00fchelos mit neutralen Hintergr\u00fcnden kombinieren l\u00e4sst. Eines von vier herausragenden Varianten \u2013 perfekt, um Farbe und Pers\u00f6nlichkeit Kissen f\u00fcr Kissen zu kuratieren.<\/p>\n","protected":false},"excerpt":{"rendered":"<p>Verspielt in Rosa, mit Bedacht gewebt. Das Morph Kissen in Rosa verleiht Ihrem Raum eine fr\u00f6hliche Note, indem es weichen Komfort mit k\u00fchnem grafischen Rhythmus verbindet. Hergestellt aus dicht gewebter, OEKO-TEX\u00ae STANDARD 100 zertifizierter Baumwolle, bietet es neben seinem taktilem Charme auch ein beruhigendes Gef\u00fchl der Sicherheit. Das lebendige Webmuster l\u00e4sst die Rosat\u00f6ne strahlen und [&hellip;]<\/p>\n","protected":false},"featured_media":1100653,"template":"","meta":{"_acf_changed":false,"inline_featured_image":false},"product_brand":[],"product_cat":[7155,3004,3005,5027,5047],"product_tag":[],"class_list":{"0":"post-1078552","1":"product","2":"type-product","3":"status-publish","4":"has-post-thumbnail","6":"product_cat-dweller-de","7":"product_cat-textilien","8":"product_cat-kissen-de","9":"product_cat-bestsellers-de","10":"product_cat-neuheiten-de","11":"product_shipping_class-pk","13":"pa_color-rosa-de","14":"pa_material-cotton-100-de","16":"first","17":"instock","18":"featured","19":"taxable","20":"shipping-taxable","21":"purchasable","22":"product-type-simple"},"exclude_global_add_ons":[],"addons":[],"acf":[],"yoast_head":"<!-- This site is optimized with the Yoast SEO plugin v26.4 - https:\/\/yoast.com\/wordpress\/plugins\/seo\/ -->\n<title>Morph Kissen Rosa - H\u00fcbsch<\/title>\n<meta name=\"description\" content=\"Verspielt in Rosa, mit Bedacht gewebt. Das Morph Kissen in Rosa verleiht Ihrem Raum eine fr\u00f6hliche Note, indem es weichen Komfort mit k\u00fchnem grafischen\" \/>\n<meta name=\"robots\" content=\"index, follow, max-snippet:-1, max-image-preview:large, max-video-preview:-1\" \/>\n<link rel=\"canonical\" href=\"https:\/\/hubsch-interior.com\/de\/wp-json\/wp\/v2\/product\/1078552\" \/>\n<meta property=\"og:locale\" content=\"de_DE\" \/>\n<meta property=\"og:type\" content=\"article\" \/>\n<meta property=\"og:title\" content=\"Morph Kissen Rosa - H\u00fcbsch\" \/>\n<meta property=\"og:description\" content=\"Verspielt in Rosa, mit Bedacht gewebt. Das Morph Kissen in Rosa verleiht Ihrem Raum eine fr\u00f6hliche Note, indem es weichen Komfort mit k\u00fchnem grafischen\" \/>\n<meta property=\"og:url\" content=\"https:\/\/hubsch-interior.com\/de\/produkt\/morph-kissen-rosa\/\" \/>\n<meta property=\"og:site_name\" content=\"H\u00fcbsch\" \/>\n<meta property=\"article:modified_time\" content=\"2026-04-05T02:43:45+00:00\" \/>\n<meta property=\"og:image\" content=\"https:\/\/hubsch-interior.com\/wp-content\/uploads\/2026\/01\/morph-cushion-pink-457c90c011a617ba9985d956ab4d43fe.jpg\" \/>\n\t<meta property=\"og:image:width\" content=\"1200\" \/>\n\t<meta property=\"og:image:height\" content=\"1200\" \/>\n\t<meta property=\"og:image:type\" content=\"image\/jpeg\" \/>\n<meta name=\"twitter:card\" content=\"summary_large_image\" \/>\n<script type=\"application\/ld+json\" class=\"yoast-schema-graph\">{\"@context\":\"https:\/\/schema.org\",\"@graph\":[{\"@type\":\"WebPage\",\"@id\":\"https:\/\/hubsch-interior.com\/de\/produkt\/morph-kissen-rosa\/\",\"url\":\"https:\/\/hubsch-interior.com\/de\/produkt\/morph-kissen-rosa\/\",\"name\":\"Morph Kissen Rosa - H\u00fcbsch\",\"isPartOf\":{\"@id\":\"https:\/\/hubsch-interior.com\/de\/#website\"},\"primaryImageOfPage\":{\"@id\":\"https:\/\/hubsch-interior.com\/de\/produkt\/morph-kissen-rosa\/#primaryimage\"},\"image\":{\"@id\":\"https:\/\/hubsch-interior.com\/de\/produkt\/morph-kissen-rosa\/#primaryimage\"},\"thumbnailUrl\":\"https:\/\/hubsch-interior.com\/wp-content\/uploads\/2026\/02\/morph-cushion-pink-c2e7ca3f1d5d3e1b5221cf715374d639.jpg\",\"datePublished\":\"2026-01-10T03:02:19+00:00\",\"dateModified\":\"2026-04-05T02:43:45+00:00\",\"description\":\"Verspielt in Rosa, mit Bedacht gewebt. Das Morph Kissen in Rosa verleiht Ihrem Raum eine fr\u00f6hliche Note, indem es weichen Komfort mit k\u00fchnem grafischen\",\"breadcrumb\":{\"@id\":\"https:\/\/hubsch-interior.com\/de\/produkt\/morph-kissen-rosa\/#breadcrumb\"},\"inLanguage\":\"de\",\"potentialAction\":[{\"@type\":\"ReadAction\",\"target\":[\"https:\/\/hubsch-interior.com\/de\/produkt\/morph-kissen-rosa\/\"]}]},{\"@type\":\"ImageObject\",\"inLanguage\":\"de\",\"@id\":\"https:\/\/hubsch-interior.com\/de\/produkt\/morph-kissen-rosa\/#primaryimage\",\"url\":\"https:\/\/hubsch-interior.com\/wp-content\/uploads\/2026\/02\/morph-cushion-pink-c2e7ca3f1d5d3e1b5221cf715374d639.jpg\",\"contentUrl\":\"https:\/\/hubsch-interior.com\/wp-content\/uploads\/2026\/02\/morph-cushion-pink-c2e7ca3f1d5d3e1b5221cf715374d639.jpg\",\"width\":1024,\"height\":1024},{\"@type\":\"BreadcrumbList\",\"@id\":\"https:\/\/hubsch-interior.com\/de\/produkt\/morph-kissen-rosa\/#breadcrumb\",\"itemListElement\":[{\"@type\":\"ListItem\",\"position\":1,\"name\":\"Startseite\",\"item\":\"https:\/\/hubsch-interior.com\/de\/\"},{\"@type\":\"ListItem\",\"position\":2,\"name\":\"Produkte\",\"item\":\"https:\/\/hubsch-interior.com\/de\/shop-2\/\"},{\"@type\":\"ListItem\",\"position\":3,\"name\":\"Morph Kissen Rosa\"}]},{\"@type\":\"WebSite\",\"@id\":\"https:\/\/hubsch-interior.com\/de\/#website\",\"url\":\"https:\/\/hubsch-interior.com\/de\/\",\"name\":\"H\u00fcbsch\",\"description\":\"Danish Home Interior and Design\",\"publisher\":{\"@id\":\"https:\/\/hubsch-interior.com\/de\/#organization\"},\"potentialAction\":[{\"@type\":\"SearchAction\",\"target\":{\"@type\":\"EntryPoint\",\"urlTemplate\":\"https:\/\/hubsch-interior.com\/de\/?s={search_term_string}\"},\"query-input\":{\"@type\":\"PropertyValueSpecification\",\"valueRequired\":true,\"valueName\":\"search_term_string\"}}],\"inLanguage\":\"de\"},{\"@type\":\"Organization\",\"@id\":\"https:\/\/hubsch-interior.com\/de\/#organization\",\"name\":\"H\u00fcbsch\",\"url\":\"https:\/\/hubsch-interior.com\/de\/\",\"logo\":{\"@type\":\"ImageObject\",\"inLanguage\":\"de\",\"@id\":\"https:\/\/hubsch-interior.com\/de\/#\/schema\/logo\/image\/\",\"url\":\"https:\/\/hubsch-interior.com\/wp-content\/uploads\/2022\/12\/Hubsch_logo_black_one_line.svg\",\"contentUrl\":\"https:\/\/hubsch-interior.com\/wp-content\/uploads\/2022\/12\/Hubsch_logo_black_one_line.svg\",\"caption\":\"H\u00fcbsch\"},\"image\":{\"@id\":\"https:\/\/hubsch-interior.com\/de\/#\/schema\/logo\/image\/\"}}]}<\/script>\n<!-- \/ Yoast SEO plugin. -->","yoast_head_json":{"title":"Morph Kissen Rosa - H\u00fcbsch","description":"Verspielt in Rosa, mit Bedacht gewebt. Das Morph Kissen in Rosa verleiht Ihrem Raum eine fr\u00f6hliche Note, indem es weichen Komfort mit k\u00fchnem grafischen","robots":{"index":"index","follow":"follow","max-snippet":"max-snippet:-1","max-image-preview":"max-image-preview:large","max-video-preview":"max-video-preview:-1"},"canonical":"https:\/\/hubsch-interior.com\/de\/wp-json\/wp\/v2\/product\/1078552","og_locale":"de_DE","og_type":"article","og_title":"Morph Kissen Rosa - H\u00fcbsch","og_description":"Verspielt in Rosa, mit Bedacht gewebt. Das Morph Kissen in Rosa verleiht Ihrem Raum eine fr\u00f6hliche Note, indem es weichen Komfort mit k\u00fchnem grafischen","og_url":"https:\/\/hubsch-interior.com\/de\/produkt\/morph-kissen-rosa\/","og_site_name":"H\u00fcbsch","article_modified_time":"2026-04-05T02:43:45+00:00","og_image":[{"width":1200,"height":1200,"url":"https:\/\/hubsch-interior.com\/wp-content\/uploads\/2026\/01\/morph-cushion-pink-457c90c011a617ba9985d956ab4d43fe.jpg","type":"image\/jpeg"}],"twitter_card":"summary_large_image","schema":{"@context":"https:\/\/schema.org","@graph":[{"@type":"WebPage","@id":"https:\/\/hubsch-interior.com\/de\/produkt\/morph-kissen-rosa\/","url":"https:\/\/hubsch-interior.com\/de\/produkt\/morph-kissen-rosa\/","name":"Morph Kissen Rosa - H\u00fcbsch","isPartOf":{"@id":"https:\/\/hubsch-interior.com\/de\/#website"},"primaryImageOfPage":{"@id":"https:\/\/hubsch-interior.com\/de\/produkt\/morph-kissen-rosa\/#primaryimage"},"image":{"@id":"https:\/\/hubsch-interior.com\/de\/produkt\/morph-kissen-rosa\/#primaryimage"},"thumbnailUrl":"https:\/\/hubsch-interior.com\/wp-content\/uploads\/2026\/02\/morph-cushion-pink-c2e7ca3f1d5d3e1b5221cf715374d639.jpg","datePublished":"2026-01-10T03:02:19+00:00","dateModified":"2026-04-05T02:43:45+00:00","description":"Verspielt in Rosa, mit Bedacht gewebt. Das Morph Kissen in Rosa verleiht Ihrem Raum eine fr\u00f6hliche Note, indem es weichen Komfort mit k\u00fchnem grafischen","breadcrumb":{"@id":"https:\/\/hubsch-interior.com\/de\/produkt\/morph-kissen-rosa\/#breadcrumb"},"inLanguage":"de","potentialAction":[{"@type":"ReadAction","target":["https:\/\/hubsch-interior.com\/de\/produkt\/morph-kissen-rosa\/"]}]},{"@type":"ImageObject","inLanguage":"de","@id":"https:\/\/hubsch-interior.com\/de\/produkt\/morph-kissen-rosa\/#primaryimage","url":"https:\/\/hubsch-interior.com\/wp-content\/uploads\/2026\/02\/morph-cushion-pink-c2e7ca3f1d5d3e1b5221cf715374d639.jpg","contentUrl":"https:\/\/hubsch-interior.com\/wp-content\/uploads\/2026\/02\/morph-cushion-pink-c2e7ca3f1d5d3e1b5221cf715374d639.jpg","width":1024,"height":1024},{"@type":"BreadcrumbList","@id":"https:\/\/hubsch-interior.com\/de\/produkt\/morph-kissen-rosa\/#breadcrumb","itemListElement":[{"@type":"ListItem","position":1,"name":"Startseite","item":"https:\/\/hubsch-interior.com\/de\/"},{"@type":"ListItem","position":2,"name":"Produkte","item":"https:\/\/hubsch-interior.com\/de\/shop-2\/"},{"@type":"ListItem","position":3,"name":"Morph Kissen Rosa"}]},{"@type":"WebSite","@id":"https:\/\/hubsch-interior.com\/de\/#website","url":"https:\/\/hubsch-interior.com\/de\/","name":"H\u00fcbsch","description":"Danish Home Interior and Design","publisher":{"@id":"https:\/\/hubsch-interior.com\/de\/#organization"},"potentialAction":[{"@type":"SearchAction","target":{"@type":"EntryPoint","urlTemplate":"https:\/\/hubsch-interior.com\/de\/?s={search_term_string}"},"query-input":{"@type":"PropertyValueSpecification","valueRequired":true,"valueName":"search_term_string"}}],"inLanguage":"de"},{"@type":"Organization","@id":"https:\/\/hubsch-interior.com\/de\/#organization","name":"H\u00fcbsch","url":"https:\/\/hubsch-interior.com\/de\/","logo":{"@type":"ImageObject","inLanguage":"de","@id":"https:\/\/hubsch-interior.com\/de\/#\/schema\/logo\/image\/","url":"https:\/\/hubsch-interior.com\/wp-content\/uploads\/2022\/12\/Hubsch_logo_black_one_line.svg","contentUrl":"https:\/\/hubsch-interior.com\/wp-content\/uploads\/2022\/12\/Hubsch_logo_black_one_line.svg","caption":"H\u00fcbsch"},"image":{"@id":"https:\/\/hubsch-interior.com\/de\/#\/schema\/logo\/image\/"}}]}},"_links":{"self":[{"href":"https:\/\/hubsch-interior.com\/de\/wp-json\/wp\/v2\/product\/1078552","targetHints":{"allow":["GET"]}}],"collection":[{"href":"https:\/\/hubsch-interior.com\/de\/wp-json\/wp\/v2\/product"}],"about":[{"href":"https:\/\/hubsch-interior.com\/de\/wp-json\/wp\/v2\/types\/product"}],"wp:featuredmedia":[{"embeddable":true,"href":"https:\/\/hubsch-interior.com\/de\/wp-json\/wp\/v2\/media\/1100653"}],"wp:attachment":[{"href":"https:\/\/hubsch-interior.com\/de\/wp-json\/wp\/v2\/media?parent=1078552"}],"wp:term":[{"taxonomy":"product_brand","embeddable":true,"href":"https:\/\/hubsch-interior.com\/de\/wp-json\/wp\/v2\/product_brand?post=1078552"},{"taxonomy":"product_cat","embeddable":true,"href":"https:\/\/hubsch-interior.com\/de\/wp-json\/wp\/v2\/product_cat?post=1078552"},{"taxonomy":"product_tag","embeddable":true,"href":"https:\/\/hubsch-interior.com\/de\/wp-json\/wp\/v2\/product_tag?post=1078552"}],"curies":[{"name":"wp","href":"https:\/\/api.w.org\/{rel}","templated":true}]}}