{"id":1078612,"date":"2026-01-10T04:02:57","date_gmt":"2026-01-10T03:02:57","guid":{"rendered":"https:\/\/hubsch-interior.com\/product\/product\/"},"modified":"2026-04-05T04:43:56","modified_gmt":"2026-04-05T02:43:56","slug":"blend-kissen-hellblau","status":"publish","type":"product","link":"https:\/\/hubsch-interior.com\/de\/produkt\/blend-kissen-hellblau\/","title":{"rendered":"Blend Kissen Hellblau"},"content":{"rendered":"<p>Kann ein Kissen so weich wie eine Brise sein? Das Blend Kissen in Hellblau verleiht Ihrem Raum mit seinem sanften Charme und der spielerischen Textur eine zarte Note. Es kombiniert zwei Farbt\u00f6ne in flauschigen Baumwollschlaufen, die zum Entspannen einladen. Hergestellt aus OEKO-TEX\u00ae STANDARD 100 zertifizierter Baumwolle, bietet es ein bewusstes und gem\u00fctliches Komforterlebnis. Perfekt f\u00fcr Lesesessel, Tagesbetten oder ruhige Ecken, f\u00fcgt es einen sanften Farbtupfer hinzu \u2013 und eine ganze Menge Ruhe. Eine kleine, sch\u00f6ne Erinnerung daran, dass das Verlangsamen der sch\u00f6nste Teil Ihres Tages sein kann.<\/p>\n","protected":false},"excerpt":{"rendered":"<p>Kann ein Kissen so weich wie eine Brise sein? Das Blend Kissen in Hellblau verleiht Ihrem Raum mit seinem sanften Charme und der spielerischen Textur eine zarte Note. Es kombiniert zwei Farbt\u00f6ne in flauschigen Baumwollschlaufen, die zum Entspannen einladen. Hergestellt aus OEKO-TEX\u00ae STANDARD 100 zertifizierter Baumwolle, bietet es ein bewusstes und gem\u00fctliches Komforterlebnis. Perfekt f\u00fcr [&hellip;]<\/p>\n","protected":false},"featured_media":1100697,"template":"","meta":{"_acf_changed":false,"inline_featured_image":false},"product_brand":[],"product_cat":[7155,3005,5047,3004],"product_tag":[],"class_list":{"0":"post-1078612","1":"product","2":"type-product","3":"status-publish","4":"has-post-thumbnail","6":"product_cat-dweller-de","7":"product_cat-kissen-de","8":"product_cat-neuheiten-de","9":"product_cat-textilien","10":"product_shipping_class-pk","12":"pa_color-hellblau-2","13":"pa_material-cotton-100-de","15":"first","16":"instock","17":"taxable","18":"shipping-taxable","19":"purchasable","20":"product-type-simple"},"exclude_global_add_ons":[],"addons":[],"acf":[],"yoast_head":"<!-- This site is optimized with the Yoast SEO plugin v26.4 - https:\/\/yoast.com\/wordpress\/plugins\/seo\/ -->\n<title>Blend Kissen Hellblau - H\u00fcbsch<\/title>\n<meta name=\"description\" content=\"Kann ein Kissen so weich wie eine Brise sein? Das Blend Kissen in Hellblau verleiht Ihrem Raum mit seinem sanften Charme und der spielerischen Textur eine\" \/>\n<meta name=\"robots\" content=\"index, follow, max-snippet:-1, max-image-preview:large, max-video-preview:-1\" \/>\n<link rel=\"canonical\" href=\"https:\/\/hubsch-interior.com\/de\/wp-json\/wp\/v2\/product\/1078612\" \/>\n<meta property=\"og:locale\" content=\"de_DE\" \/>\n<meta property=\"og:type\" content=\"article\" \/>\n<meta property=\"og:title\" content=\"Blend Kissen Hellblau - H\u00fcbsch\" \/>\n<meta property=\"og:description\" content=\"Kann ein Kissen so weich wie eine Brise sein? Das Blend Kissen in Hellblau verleiht Ihrem Raum mit seinem sanften Charme und der spielerischen Textur eine\" \/>\n<meta property=\"og:url\" content=\"https:\/\/hubsch-interior.com\/de\/produkt\/blend-kissen-hellblau\/\" \/>\n<meta property=\"og:site_name\" content=\"H\u00fcbsch\" \/>\n<meta property=\"article:modified_time\" content=\"2026-04-05T02:43:56+00:00\" \/>\n<meta property=\"og:image\" content=\"https:\/\/hubsch-interior.com\/wp-content\/uploads\/2026\/01\/blend-cushion-light-blue-0fd05fdb4ffd2185d29c288898b5484f.jpg\" \/>\n\t<meta property=\"og:image:width\" content=\"1200\" \/>\n\t<meta property=\"og:image:height\" content=\"1200\" \/>\n\t<meta property=\"og:image:type\" content=\"image\/jpeg\" \/>\n<meta name=\"twitter:card\" content=\"summary_large_image\" \/>\n<script type=\"application\/ld+json\" class=\"yoast-schema-graph\">{\"@context\":\"https:\/\/schema.org\",\"@graph\":[{\"@type\":\"WebPage\",\"@id\":\"https:\/\/hubsch-interior.com\/de\/produkt\/blend-kissen-hellblau\/\",\"url\":\"https:\/\/hubsch-interior.com\/de\/produkt\/blend-kissen-hellblau\/\",\"name\":\"Blend Kissen Hellblau - H\u00fcbsch\",\"isPartOf\":{\"@id\":\"https:\/\/hubsch-interior.com\/de\/#website\"},\"primaryImageOfPage\":{\"@id\":\"https:\/\/hubsch-interior.com\/de\/produkt\/blend-kissen-hellblau\/#primaryimage\"},\"image\":{\"@id\":\"https:\/\/hubsch-interior.com\/de\/produkt\/blend-kissen-hellblau\/#primaryimage\"},\"thumbnailUrl\":\"https:\/\/hubsch-interior.com\/wp-content\/uploads\/2026\/02\/blend-cushion-light-blue-86b6ace4dc7b9217edda4490e778c4d0.jpg\",\"datePublished\":\"2026-01-10T03:02:57+00:00\",\"dateModified\":\"2026-04-05T02:43:56+00:00\",\"description\":\"Kann ein Kissen so weich wie eine Brise sein? Das Blend Kissen in Hellblau verleiht Ihrem Raum mit seinem sanften Charme und der spielerischen Textur eine\",\"breadcrumb\":{\"@id\":\"https:\/\/hubsch-interior.com\/de\/produkt\/blend-kissen-hellblau\/#breadcrumb\"},\"inLanguage\":\"de\",\"potentialAction\":[{\"@type\":\"ReadAction\",\"target\":[\"https:\/\/hubsch-interior.com\/de\/produkt\/blend-kissen-hellblau\/\"]}]},{\"@type\":\"ImageObject\",\"inLanguage\":\"de\",\"@id\":\"https:\/\/hubsch-interior.com\/de\/produkt\/blend-kissen-hellblau\/#primaryimage\",\"url\":\"https:\/\/hubsch-interior.com\/wp-content\/uploads\/2026\/02\/blend-cushion-light-blue-86b6ace4dc7b9217edda4490e778c4d0.jpg\",\"contentUrl\":\"https:\/\/hubsch-interior.com\/wp-content\/uploads\/2026\/02\/blend-cushion-light-blue-86b6ace4dc7b9217edda4490e778c4d0.jpg\",\"width\":1024,\"height\":1024},{\"@type\":\"BreadcrumbList\",\"@id\":\"https:\/\/hubsch-interior.com\/de\/produkt\/blend-kissen-hellblau\/#breadcrumb\",\"itemListElement\":[{\"@type\":\"ListItem\",\"position\":1,\"name\":\"Startseite\",\"item\":\"https:\/\/hubsch-interior.com\/de\/\"},{\"@type\":\"ListItem\",\"position\":2,\"name\":\"Produkte\",\"item\":\"https:\/\/hubsch-interior.com\/de\/shop-2\/\"},{\"@type\":\"ListItem\",\"position\":3,\"name\":\"Blend Kissen Hellblau\"}]},{\"@type\":\"WebSite\",\"@id\":\"https:\/\/hubsch-interior.com\/de\/#website\",\"url\":\"https:\/\/hubsch-interior.com\/de\/\",\"name\":\"H\u00fcbsch\",\"description\":\"Danish Home Interior and Design\",\"publisher\":{\"@id\":\"https:\/\/hubsch-interior.com\/de\/#organization\"},\"potentialAction\":[{\"@type\":\"SearchAction\",\"target\":{\"@type\":\"EntryPoint\",\"urlTemplate\":\"https:\/\/hubsch-interior.com\/de\/?s={search_term_string}\"},\"query-input\":{\"@type\":\"PropertyValueSpecification\",\"valueRequired\":true,\"valueName\":\"search_term_string\"}}],\"inLanguage\":\"de\"},{\"@type\":\"Organization\",\"@id\":\"https:\/\/hubsch-interior.com\/de\/#organization\",\"name\":\"H\u00fcbsch\",\"url\":\"https:\/\/hubsch-interior.com\/de\/\",\"logo\":{\"@type\":\"ImageObject\",\"inLanguage\":\"de\",\"@id\":\"https:\/\/hubsch-interior.com\/de\/#\/schema\/logo\/image\/\",\"url\":\"https:\/\/hubsch-interior.com\/wp-content\/uploads\/2022\/12\/Hubsch_logo_black_one_line.svg\",\"contentUrl\":\"https:\/\/hubsch-interior.com\/wp-content\/uploads\/2022\/12\/Hubsch_logo_black_one_line.svg\",\"caption\":\"H\u00fcbsch\"},\"image\":{\"@id\":\"https:\/\/hubsch-interior.com\/de\/#\/schema\/logo\/image\/\"}}]}<\/script>\n<!-- \/ Yoast SEO plugin. -->","yoast_head_json":{"title":"Blend Kissen Hellblau - H\u00fcbsch","description":"Kann ein Kissen so weich wie eine Brise sein? Das Blend Kissen in Hellblau verleiht Ihrem Raum mit seinem sanften Charme und der spielerischen Textur eine","robots":{"index":"index","follow":"follow","max-snippet":"max-snippet:-1","max-image-preview":"max-image-preview:large","max-video-preview":"max-video-preview:-1"},"canonical":"https:\/\/hubsch-interior.com\/de\/wp-json\/wp\/v2\/product\/1078612","og_locale":"de_DE","og_type":"article","og_title":"Blend Kissen Hellblau - H\u00fcbsch","og_description":"Kann ein Kissen so weich wie eine Brise sein? Das Blend Kissen in Hellblau verleiht Ihrem Raum mit seinem sanften Charme und der spielerischen Textur eine","og_url":"https:\/\/hubsch-interior.com\/de\/produkt\/blend-kissen-hellblau\/","og_site_name":"H\u00fcbsch","article_modified_time":"2026-04-05T02:43:56+00:00","og_image":[{"width":1200,"height":1200,"url":"https:\/\/hubsch-interior.com\/wp-content\/uploads\/2026\/01\/blend-cushion-light-blue-0fd05fdb4ffd2185d29c288898b5484f.jpg","type":"image\/jpeg"}],"twitter_card":"summary_large_image","schema":{"@context":"https:\/\/schema.org","@graph":[{"@type":"WebPage","@id":"https:\/\/hubsch-interior.com\/de\/produkt\/blend-kissen-hellblau\/","url":"https:\/\/hubsch-interior.com\/de\/produkt\/blend-kissen-hellblau\/","name":"Blend Kissen Hellblau - H\u00fcbsch","isPartOf":{"@id":"https:\/\/hubsch-interior.com\/de\/#website"},"primaryImageOfPage":{"@id":"https:\/\/hubsch-interior.com\/de\/produkt\/blend-kissen-hellblau\/#primaryimage"},"image":{"@id":"https:\/\/hubsch-interior.com\/de\/produkt\/blend-kissen-hellblau\/#primaryimage"},"thumbnailUrl":"https:\/\/hubsch-interior.com\/wp-content\/uploads\/2026\/02\/blend-cushion-light-blue-86b6ace4dc7b9217edda4490e778c4d0.jpg","datePublished":"2026-01-10T03:02:57+00:00","dateModified":"2026-04-05T02:43:56+00:00","description":"Kann ein Kissen so weich wie eine Brise sein? Das Blend Kissen in Hellblau verleiht Ihrem Raum mit seinem sanften Charme und der spielerischen Textur eine","breadcrumb":{"@id":"https:\/\/hubsch-interior.com\/de\/produkt\/blend-kissen-hellblau\/#breadcrumb"},"inLanguage":"de","potentialAction":[{"@type":"ReadAction","target":["https:\/\/hubsch-interior.com\/de\/produkt\/blend-kissen-hellblau\/"]}]},{"@type":"ImageObject","inLanguage":"de","@id":"https:\/\/hubsch-interior.com\/de\/produkt\/blend-kissen-hellblau\/#primaryimage","url":"https:\/\/hubsch-interior.com\/wp-content\/uploads\/2026\/02\/blend-cushion-light-blue-86b6ace4dc7b9217edda4490e778c4d0.jpg","contentUrl":"https:\/\/hubsch-interior.com\/wp-content\/uploads\/2026\/02\/blend-cushion-light-blue-86b6ace4dc7b9217edda4490e778c4d0.jpg","width":1024,"height":1024},{"@type":"BreadcrumbList","@id":"https:\/\/hubsch-interior.com\/de\/produkt\/blend-kissen-hellblau\/#breadcrumb","itemListElement":[{"@type":"ListItem","position":1,"name":"Startseite","item":"https:\/\/hubsch-interior.com\/de\/"},{"@type":"ListItem","position":2,"name":"Produkte","item":"https:\/\/hubsch-interior.com\/de\/shop-2\/"},{"@type":"ListItem","position":3,"name":"Blend Kissen Hellblau"}]},{"@type":"WebSite","@id":"https:\/\/hubsch-interior.com\/de\/#website","url":"https:\/\/hubsch-interior.com\/de\/","name":"H\u00fcbsch","description":"Danish Home Interior and Design","publisher":{"@id":"https:\/\/hubsch-interior.com\/de\/#organization"},"potentialAction":[{"@type":"SearchAction","target":{"@type":"EntryPoint","urlTemplate":"https:\/\/hubsch-interior.com\/de\/?s={search_term_string}"},"query-input":{"@type":"PropertyValueSpecification","valueRequired":true,"valueName":"search_term_string"}}],"inLanguage":"de"},{"@type":"Organization","@id":"https:\/\/hubsch-interior.com\/de\/#organization","name":"H\u00fcbsch","url":"https:\/\/hubsch-interior.com\/de\/","logo":{"@type":"ImageObject","inLanguage":"de","@id":"https:\/\/hubsch-interior.com\/de\/#\/schema\/logo\/image\/","url":"https:\/\/hubsch-interior.com\/wp-content\/uploads\/2022\/12\/Hubsch_logo_black_one_line.svg","contentUrl":"https:\/\/hubsch-interior.com\/wp-content\/uploads\/2022\/12\/Hubsch_logo_black_one_line.svg","caption":"H\u00fcbsch"},"image":{"@id":"https:\/\/hubsch-interior.com\/de\/#\/schema\/logo\/image\/"}}]}},"_links":{"self":[{"href":"https:\/\/hubsch-interior.com\/de\/wp-json\/wp\/v2\/product\/1078612","targetHints":{"allow":["GET"]}}],"collection":[{"href":"https:\/\/hubsch-interior.com\/de\/wp-json\/wp\/v2\/product"}],"about":[{"href":"https:\/\/hubsch-interior.com\/de\/wp-json\/wp\/v2\/types\/product"}],"wp:featuredmedia":[{"embeddable":true,"href":"https:\/\/hubsch-interior.com\/de\/wp-json\/wp\/v2\/media\/1100697"}],"wp:attachment":[{"href":"https:\/\/hubsch-interior.com\/de\/wp-json\/wp\/v2\/media?parent=1078612"}],"wp:term":[{"taxonomy":"product_brand","embeddable":true,"href":"https:\/\/hubsch-interior.com\/de\/wp-json\/wp\/v2\/product_brand?post=1078612"},{"taxonomy":"product_cat","embeddable":true,"href":"https:\/\/hubsch-interior.com\/de\/wp-json\/wp\/v2\/product_cat?post=1078612"},{"taxonomy":"product_tag","embeddable":true,"href":"https:\/\/hubsch-interior.com\/de\/wp-json\/wp\/v2\/product_tag?post=1078612"}],"curies":[{"name":"wp","href":"https:\/\/api.w.org\/{rel}","templated":true}]}}