{"id":1078640,"date":"2026-01-10T04:03:19","date_gmt":"2026-01-10T03:03:19","guid":{"rendered":"https:\/\/hubsch-interior.com\/product\/product\/"},"modified":"2026-04-05T04:44:04","modified_gmt":"2026-04-05T02:44:04","slug":"tap-decke-grun","status":"publish","type":"product","link":"https:\/\/hubsch-interior.com\/de\/produkt\/tap-decke-grun\/","title":{"rendered":"Tap Decke Gr\u00fcn"},"content":{"rendered":"<p>Suchen Sie nach einer Decke, die den ganzen Raum aufwertet? Die Tap Decke bringt mit ihrer leuchtend bl\u00e4ulich-gr\u00fcnen Basis und den kr\u00e4ftigen dunkelblauen Linien einen fr\u00f6hlichen Kontrast in Ihren Raum \u2014 eine grafische Kombination, die belebt und gleichzeitig beruhigt. Hergestellt aus OEKO-TEX\u00ae STANDARD 100 zertifizierter Baumwolle, ist sie weich, sicher und voller Pers\u00f6nlichkeit. Drapieren Sie sie \u00fcber ein Sofa oder halten Sie sie f\u00fcr k\u00fchle Abende bereit \u2014 das ist Farbtherapie, gewebt f\u00fcr Komfort. Ein kleines Kunstwerk, in das Sie sich einh\u00fcllen k\u00f6nnen.<\/p>\n","protected":false},"excerpt":{"rendered":"<p>Suchen Sie nach einer Decke, die den ganzen Raum aufwertet? Die Tap Decke bringt mit ihrer leuchtend bl\u00e4ulich-gr\u00fcnen Basis und den kr\u00e4ftigen dunkelblauen Linien einen fr\u00f6hlichen Kontrast in Ihren Raum \u2014 eine grafische Kombination, die belebt und gleichzeitig beruhigt. Hergestellt aus OEKO-TEX\u00ae STANDARD 100 zertifizierter Baumwolle, ist sie weich, sicher und voller Pers\u00f6nlichkeit. Drapieren Sie [&hellip;]<\/p>\n","protected":false},"featured_media":1100725,"template":"","meta":{"_acf_changed":false,"inline_featured_image":false},"product_brand":[],"product_cat":[7155,3004,4943,5027,5047],"product_tag":[],"class_list":{"0":"post-1078640","1":"product","2":"type-product","3":"status-publish","4":"has-post-thumbnail","6":"product_cat-dweller-de","7":"product_cat-textilien","8":"product_cat-decken-de","9":"product_cat-bestsellers-de","10":"product_cat-neuheiten-de","11":"product_shipping_class-pk","13":"pa_color-grn-2","14":"pa_material-cotton-100-de","16":"first","17":"instock","18":"featured","19":"taxable","20":"shipping-taxable","21":"purchasable","22":"product-type-simple"},"exclude_global_add_ons":[],"addons":[],"acf":[],"yoast_head":"<!-- This site is optimized with the Yoast SEO plugin v26.4 - https:\/\/yoast.com\/wordpress\/plugins\/seo\/ -->\n<title>Tap Decke Gr\u00fcn - H\u00fcbsch<\/title>\n<meta name=\"description\" content=\"Suchen Sie nach einer Decke, die den ganzen Raum aufwertet? Die Tap Decke bringt mit ihrer leuchtend bl\u00e4ulich-gr\u00fcnen Basis und den kr\u00e4ftigen dunkelblauen\" \/>\n<meta name=\"robots\" content=\"index, follow, max-snippet:-1, max-image-preview:large, max-video-preview:-1\" \/>\n<link rel=\"canonical\" href=\"https:\/\/hubsch-interior.com\/de\/wp-json\/wp\/v2\/product\/1078640\" \/>\n<meta property=\"og:locale\" content=\"de_DE\" \/>\n<meta property=\"og:type\" content=\"article\" \/>\n<meta property=\"og:title\" content=\"Tap Decke Gr\u00fcn - H\u00fcbsch\" \/>\n<meta property=\"og:description\" content=\"Suchen Sie nach einer Decke, die den ganzen Raum aufwertet? Die Tap Decke bringt mit ihrer leuchtend bl\u00e4ulich-gr\u00fcnen Basis und den kr\u00e4ftigen dunkelblauen\" \/>\n<meta property=\"og:url\" content=\"https:\/\/hubsch-interior.com\/de\/produkt\/tap-decke-grun\/\" \/>\n<meta property=\"og:site_name\" content=\"H\u00fcbsch\" \/>\n<meta property=\"article:modified_time\" content=\"2026-04-05T02:44:04+00:00\" \/>\n<meta property=\"og:image\" content=\"https:\/\/hubsch-interior.com\/wp-content\/uploads\/2026\/01\/tap-plaid-green-f66160f4d4c876552aee53494c0c04a3.jpg\" \/>\n\t<meta property=\"og:image:width\" content=\"1200\" \/>\n\t<meta property=\"og:image:height\" content=\"1200\" \/>\n\t<meta property=\"og:image:type\" content=\"image\/jpeg\" \/>\n<meta name=\"twitter:card\" content=\"summary_large_image\" \/>\n<script type=\"application\/ld+json\" class=\"yoast-schema-graph\">{\"@context\":\"https:\/\/schema.org\",\"@graph\":[{\"@type\":\"WebPage\",\"@id\":\"https:\/\/hubsch-interior.com\/de\/produkt\/tap-decke-grun\/\",\"url\":\"https:\/\/hubsch-interior.com\/de\/produkt\/tap-decke-grun\/\",\"name\":\"Tap Decke Gr\u00fcn - H\u00fcbsch\",\"isPartOf\":{\"@id\":\"https:\/\/hubsch-interior.com\/de\/#website\"},\"primaryImageOfPage\":{\"@id\":\"https:\/\/hubsch-interior.com\/de\/produkt\/tap-decke-grun\/#primaryimage\"},\"image\":{\"@id\":\"https:\/\/hubsch-interior.com\/de\/produkt\/tap-decke-grun\/#primaryimage\"},\"thumbnailUrl\":\"https:\/\/hubsch-interior.com\/wp-content\/uploads\/2026\/02\/tap-plaid-green-a49d6e2eb6ed7e6f7eb69acabb66e5e1.jpg\",\"datePublished\":\"2026-01-10T03:03:19+00:00\",\"dateModified\":\"2026-04-05T02:44:04+00:00\",\"description\":\"Suchen Sie nach einer Decke, die den ganzen Raum aufwertet? Die Tap Decke bringt mit ihrer leuchtend bl\u00e4ulich-gr\u00fcnen Basis und den kr\u00e4ftigen dunkelblauen\",\"breadcrumb\":{\"@id\":\"https:\/\/hubsch-interior.com\/de\/produkt\/tap-decke-grun\/#breadcrumb\"},\"inLanguage\":\"de\",\"potentialAction\":[{\"@type\":\"ReadAction\",\"target\":[\"https:\/\/hubsch-interior.com\/de\/produkt\/tap-decke-grun\/\"]}]},{\"@type\":\"ImageObject\",\"inLanguage\":\"de\",\"@id\":\"https:\/\/hubsch-interior.com\/de\/produkt\/tap-decke-grun\/#primaryimage\",\"url\":\"https:\/\/hubsch-interior.com\/wp-content\/uploads\/2026\/02\/tap-plaid-green-a49d6e2eb6ed7e6f7eb69acabb66e5e1.jpg\",\"contentUrl\":\"https:\/\/hubsch-interior.com\/wp-content\/uploads\/2026\/02\/tap-plaid-green-a49d6e2eb6ed7e6f7eb69acabb66e5e1.jpg\",\"width\":1024,\"height\":1024},{\"@type\":\"BreadcrumbList\",\"@id\":\"https:\/\/hubsch-interior.com\/de\/produkt\/tap-decke-grun\/#breadcrumb\",\"itemListElement\":[{\"@type\":\"ListItem\",\"position\":1,\"name\":\"Startseite\",\"item\":\"https:\/\/hubsch-interior.com\/de\/\"},{\"@type\":\"ListItem\",\"position\":2,\"name\":\"Produkte\",\"item\":\"https:\/\/hubsch-interior.com\/de\/shop-2\/\"},{\"@type\":\"ListItem\",\"position\":3,\"name\":\"Tap Decke Gr\u00fcn\"}]},{\"@type\":\"WebSite\",\"@id\":\"https:\/\/hubsch-interior.com\/de\/#website\",\"url\":\"https:\/\/hubsch-interior.com\/de\/\",\"name\":\"H\u00fcbsch\",\"description\":\"Danish Home Interior and Design\",\"publisher\":{\"@id\":\"https:\/\/hubsch-interior.com\/de\/#organization\"},\"potentialAction\":[{\"@type\":\"SearchAction\",\"target\":{\"@type\":\"EntryPoint\",\"urlTemplate\":\"https:\/\/hubsch-interior.com\/de\/?s={search_term_string}\"},\"query-input\":{\"@type\":\"PropertyValueSpecification\",\"valueRequired\":true,\"valueName\":\"search_term_string\"}}],\"inLanguage\":\"de\"},{\"@type\":\"Organization\",\"@id\":\"https:\/\/hubsch-interior.com\/de\/#organization\",\"name\":\"H\u00fcbsch\",\"url\":\"https:\/\/hubsch-interior.com\/de\/\",\"logo\":{\"@type\":\"ImageObject\",\"inLanguage\":\"de\",\"@id\":\"https:\/\/hubsch-interior.com\/de\/#\/schema\/logo\/image\/\",\"url\":\"https:\/\/hubsch-interior.com\/wp-content\/uploads\/2022\/12\/Hubsch_logo_black_one_line.svg\",\"contentUrl\":\"https:\/\/hubsch-interior.com\/wp-content\/uploads\/2022\/12\/Hubsch_logo_black_one_line.svg\",\"caption\":\"H\u00fcbsch\"},\"image\":{\"@id\":\"https:\/\/hubsch-interior.com\/de\/#\/schema\/logo\/image\/\"}}]}<\/script>\n<!-- \/ Yoast SEO plugin. -->","yoast_head_json":{"title":"Tap Decke Gr\u00fcn - H\u00fcbsch","description":"Suchen Sie nach einer Decke, die den ganzen Raum aufwertet? Die Tap Decke bringt mit ihrer leuchtend bl\u00e4ulich-gr\u00fcnen Basis und den kr\u00e4ftigen dunkelblauen","robots":{"index":"index","follow":"follow","max-snippet":"max-snippet:-1","max-image-preview":"max-image-preview:large","max-video-preview":"max-video-preview:-1"},"canonical":"https:\/\/hubsch-interior.com\/de\/wp-json\/wp\/v2\/product\/1078640","og_locale":"de_DE","og_type":"article","og_title":"Tap Decke Gr\u00fcn - H\u00fcbsch","og_description":"Suchen Sie nach einer Decke, die den ganzen Raum aufwertet? Die Tap Decke bringt mit ihrer leuchtend bl\u00e4ulich-gr\u00fcnen Basis und den kr\u00e4ftigen dunkelblauen","og_url":"https:\/\/hubsch-interior.com\/de\/produkt\/tap-decke-grun\/","og_site_name":"H\u00fcbsch","article_modified_time":"2026-04-05T02:44:04+00:00","og_image":[{"width":1200,"height":1200,"url":"https:\/\/hubsch-interior.com\/wp-content\/uploads\/2026\/01\/tap-plaid-green-f66160f4d4c876552aee53494c0c04a3.jpg","type":"image\/jpeg"}],"twitter_card":"summary_large_image","schema":{"@context":"https:\/\/schema.org","@graph":[{"@type":"WebPage","@id":"https:\/\/hubsch-interior.com\/de\/produkt\/tap-decke-grun\/","url":"https:\/\/hubsch-interior.com\/de\/produkt\/tap-decke-grun\/","name":"Tap Decke Gr\u00fcn - H\u00fcbsch","isPartOf":{"@id":"https:\/\/hubsch-interior.com\/de\/#website"},"primaryImageOfPage":{"@id":"https:\/\/hubsch-interior.com\/de\/produkt\/tap-decke-grun\/#primaryimage"},"image":{"@id":"https:\/\/hubsch-interior.com\/de\/produkt\/tap-decke-grun\/#primaryimage"},"thumbnailUrl":"https:\/\/hubsch-interior.com\/wp-content\/uploads\/2026\/02\/tap-plaid-green-a49d6e2eb6ed7e6f7eb69acabb66e5e1.jpg","datePublished":"2026-01-10T03:03:19+00:00","dateModified":"2026-04-05T02:44:04+00:00","description":"Suchen Sie nach einer Decke, die den ganzen Raum aufwertet? Die Tap Decke bringt mit ihrer leuchtend bl\u00e4ulich-gr\u00fcnen Basis und den kr\u00e4ftigen dunkelblauen","breadcrumb":{"@id":"https:\/\/hubsch-interior.com\/de\/produkt\/tap-decke-grun\/#breadcrumb"},"inLanguage":"de","potentialAction":[{"@type":"ReadAction","target":["https:\/\/hubsch-interior.com\/de\/produkt\/tap-decke-grun\/"]}]},{"@type":"ImageObject","inLanguage":"de","@id":"https:\/\/hubsch-interior.com\/de\/produkt\/tap-decke-grun\/#primaryimage","url":"https:\/\/hubsch-interior.com\/wp-content\/uploads\/2026\/02\/tap-plaid-green-a49d6e2eb6ed7e6f7eb69acabb66e5e1.jpg","contentUrl":"https:\/\/hubsch-interior.com\/wp-content\/uploads\/2026\/02\/tap-plaid-green-a49d6e2eb6ed7e6f7eb69acabb66e5e1.jpg","width":1024,"height":1024},{"@type":"BreadcrumbList","@id":"https:\/\/hubsch-interior.com\/de\/produkt\/tap-decke-grun\/#breadcrumb","itemListElement":[{"@type":"ListItem","position":1,"name":"Startseite","item":"https:\/\/hubsch-interior.com\/de\/"},{"@type":"ListItem","position":2,"name":"Produkte","item":"https:\/\/hubsch-interior.com\/de\/shop-2\/"},{"@type":"ListItem","position":3,"name":"Tap Decke Gr\u00fcn"}]},{"@type":"WebSite","@id":"https:\/\/hubsch-interior.com\/de\/#website","url":"https:\/\/hubsch-interior.com\/de\/","name":"H\u00fcbsch","description":"Danish Home Interior and Design","publisher":{"@id":"https:\/\/hubsch-interior.com\/de\/#organization"},"potentialAction":[{"@type":"SearchAction","target":{"@type":"EntryPoint","urlTemplate":"https:\/\/hubsch-interior.com\/de\/?s={search_term_string}"},"query-input":{"@type":"PropertyValueSpecification","valueRequired":true,"valueName":"search_term_string"}}],"inLanguage":"de"},{"@type":"Organization","@id":"https:\/\/hubsch-interior.com\/de\/#organization","name":"H\u00fcbsch","url":"https:\/\/hubsch-interior.com\/de\/","logo":{"@type":"ImageObject","inLanguage":"de","@id":"https:\/\/hubsch-interior.com\/de\/#\/schema\/logo\/image\/","url":"https:\/\/hubsch-interior.com\/wp-content\/uploads\/2022\/12\/Hubsch_logo_black_one_line.svg","contentUrl":"https:\/\/hubsch-interior.com\/wp-content\/uploads\/2022\/12\/Hubsch_logo_black_one_line.svg","caption":"H\u00fcbsch"},"image":{"@id":"https:\/\/hubsch-interior.com\/de\/#\/schema\/logo\/image\/"}}]}},"_links":{"self":[{"href":"https:\/\/hubsch-interior.com\/de\/wp-json\/wp\/v2\/product\/1078640","targetHints":{"allow":["GET"]}}],"collection":[{"href":"https:\/\/hubsch-interior.com\/de\/wp-json\/wp\/v2\/product"}],"about":[{"href":"https:\/\/hubsch-interior.com\/de\/wp-json\/wp\/v2\/types\/product"}],"wp:featuredmedia":[{"embeddable":true,"href":"https:\/\/hubsch-interior.com\/de\/wp-json\/wp\/v2\/media\/1100725"}],"wp:attachment":[{"href":"https:\/\/hubsch-interior.com\/de\/wp-json\/wp\/v2\/media?parent=1078640"}],"wp:term":[{"taxonomy":"product_brand","embeddable":true,"href":"https:\/\/hubsch-interior.com\/de\/wp-json\/wp\/v2\/product_brand?post=1078640"},{"taxonomy":"product_cat","embeddable":true,"href":"https:\/\/hubsch-interior.com\/de\/wp-json\/wp\/v2\/product_cat?post=1078640"},{"taxonomy":"product_tag","embeddable":true,"href":"https:\/\/hubsch-interior.com\/de\/wp-json\/wp\/v2\/product_tag?post=1078640"}],"curies":[{"name":"wp","href":"https:\/\/api.w.org\/{rel}","templated":true}]}}