{"id":1078656,"date":"2026-01-10T04:03:29","date_gmt":"2026-01-10T03:03:29","guid":{"rendered":"https:\/\/hubsch-interior.com\/product\/product\/"},"modified":"2026-04-05T04:44:07","modified_gmt":"2026-04-05T02:44:07","slug":"ito-decke-gelb","status":"publish","type":"product","link":"https:\/\/hubsch-interior.com\/de\/produkt\/ito-decke-gelb\/","title":{"rendered":"Ito Decke Gelb"},"content":{"rendered":"<p>H\u00fcllen Sie sich in die gem\u00fctliche Umarmung der Ito Decke, wo die Heiterkeit von Gelb nahtlos mit einer sanften, tonalen Farbpalette verschmilzt und ein sch\u00f6nes, dezentes Muster kreiert. Aus OEKO-TEX\u00ae STANDARD 100 zertifizierter Baumwolle gefertigt, bietet diese Decke sowohl Komfort als auch ein beruhigendes Gewissen. Ihr Farbblockmuster f\u00e4ngt einen verspielten, doch eleganten Geist ein, perfekt, um Ihrem pers\u00f6nlichen Raum einen Hauch von Lebendigkeit zu verleihen. Ideal f\u00fcr alle, die in ihrem t\u00e4glichen Umfeld einen Hauch von Verspieltheit sch\u00e4tzen.<\/p>\n","protected":false},"excerpt":{"rendered":"<p>H\u00fcllen Sie sich in die gem\u00fctliche Umarmung der Ito Decke, wo die Heiterkeit von Gelb nahtlos mit einer sanften, tonalen Farbpalette verschmilzt und ein sch\u00f6nes, dezentes Muster kreiert. Aus OEKO-TEX\u00ae STANDARD 100 zertifizierter Baumwolle gefertigt, bietet diese Decke sowohl Komfort als auch ein beruhigendes Gewissen. Ihr Farbblockmuster f\u00e4ngt einen verspielten, doch eleganten Geist ein, perfekt, [&hellip;]<\/p>\n","protected":false},"featured_media":1100733,"template":"","meta":{"_acf_changed":false,"inline_featured_image":false},"product_brand":[],"product_cat":[4943,7155,5047,3004],"product_tag":[],"class_list":{"0":"post-1078656","1":"product","2":"type-product","3":"status-publish","4":"has-post-thumbnail","6":"product_cat-decken-de","7":"product_cat-dweller-de","8":"product_cat-neuheiten-de","9":"product_cat-textilien","10":"product_shipping_class-pk","12":"pa_color-gelb","13":"pa_material-cotton-100-de","15":"first","16":"instock","17":"taxable","18":"shipping-taxable","19":"purchasable","20":"product-type-simple"},"exclude_global_add_ons":[],"addons":[],"acf":[],"yoast_head":"<!-- This site is optimized with the Yoast SEO plugin v26.4 - https:\/\/yoast.com\/wordpress\/plugins\/seo\/ -->\n<title>Ito Decke Gelb - H\u00fcbsch<\/title>\n<meta name=\"description\" content=\"H\u00fcllen Sie sich in die gem\u00fctliche Umarmung der Ito Decke, wo die Heiterkeit von Gelb nahtlos mit einer sanften, tonalen Farbpalette verschmilzt und ein\" \/>\n<meta name=\"robots\" content=\"index, follow, max-snippet:-1, max-image-preview:large, max-video-preview:-1\" \/>\n<link rel=\"canonical\" href=\"https:\/\/hubsch-interior.com\/de\/wp-json\/wp\/v2\/product\/1078656\" \/>\n<meta property=\"og:locale\" content=\"de_DE\" \/>\n<meta property=\"og:type\" content=\"article\" \/>\n<meta property=\"og:title\" content=\"Ito Decke Gelb - H\u00fcbsch\" \/>\n<meta property=\"og:description\" content=\"H\u00fcllen Sie sich in die gem\u00fctliche Umarmung der Ito Decke, wo die Heiterkeit von Gelb nahtlos mit einer sanften, tonalen Farbpalette verschmilzt und ein\" \/>\n<meta property=\"og:url\" content=\"https:\/\/hubsch-interior.com\/de\/produkt\/ito-decke-gelb\/\" \/>\n<meta property=\"og:site_name\" content=\"H\u00fcbsch\" \/>\n<meta property=\"article:modified_time\" content=\"2026-04-05T02:44:07+00:00\" \/>\n<meta property=\"og:image\" content=\"https:\/\/hubsch-interior.com\/wp-content\/uploads\/2026\/01\/ito-plaid-yellow-8d6619cdbab6aaae1ac5468ae4feb276.jpg\" \/>\n\t<meta property=\"og:image:width\" content=\"1200\" \/>\n\t<meta property=\"og:image:height\" content=\"1200\" \/>\n\t<meta property=\"og:image:type\" content=\"image\/jpeg\" \/>\n<meta name=\"twitter:card\" content=\"summary_large_image\" \/>\n<script type=\"application\/ld+json\" class=\"yoast-schema-graph\">{\"@context\":\"https:\/\/schema.org\",\"@graph\":[{\"@type\":\"WebPage\",\"@id\":\"https:\/\/hubsch-interior.com\/de\/produkt\/ito-decke-gelb\/\",\"url\":\"https:\/\/hubsch-interior.com\/de\/produkt\/ito-decke-gelb\/\",\"name\":\"Ito Decke Gelb - H\u00fcbsch\",\"isPartOf\":{\"@id\":\"https:\/\/hubsch-interior.com\/de\/#website\"},\"primaryImageOfPage\":{\"@id\":\"https:\/\/hubsch-interior.com\/de\/produkt\/ito-decke-gelb\/#primaryimage\"},\"image\":{\"@id\":\"https:\/\/hubsch-interior.com\/de\/produkt\/ito-decke-gelb\/#primaryimage\"},\"thumbnailUrl\":\"https:\/\/hubsch-interior.com\/wp-content\/uploads\/2026\/02\/ito-plaid-yellow-85b7e1e16d498d930b9fb3193ddfafa5.jpg\",\"datePublished\":\"2026-01-10T03:03:29+00:00\",\"dateModified\":\"2026-04-05T02:44:07+00:00\",\"description\":\"H\u00fcllen Sie sich in die gem\u00fctliche Umarmung der Ito Decke, wo die Heiterkeit von Gelb nahtlos mit einer sanften, tonalen Farbpalette verschmilzt und ein\",\"breadcrumb\":{\"@id\":\"https:\/\/hubsch-interior.com\/de\/produkt\/ito-decke-gelb\/#breadcrumb\"},\"inLanguage\":\"de\",\"potentialAction\":[{\"@type\":\"ReadAction\",\"target\":[\"https:\/\/hubsch-interior.com\/de\/produkt\/ito-decke-gelb\/\"]}]},{\"@type\":\"ImageObject\",\"inLanguage\":\"de\",\"@id\":\"https:\/\/hubsch-interior.com\/de\/produkt\/ito-decke-gelb\/#primaryimage\",\"url\":\"https:\/\/hubsch-interior.com\/wp-content\/uploads\/2026\/02\/ito-plaid-yellow-85b7e1e16d498d930b9fb3193ddfafa5.jpg\",\"contentUrl\":\"https:\/\/hubsch-interior.com\/wp-content\/uploads\/2026\/02\/ito-plaid-yellow-85b7e1e16d498d930b9fb3193ddfafa5.jpg\",\"width\":1024,\"height\":1024},{\"@type\":\"BreadcrumbList\",\"@id\":\"https:\/\/hubsch-interior.com\/de\/produkt\/ito-decke-gelb\/#breadcrumb\",\"itemListElement\":[{\"@type\":\"ListItem\",\"position\":1,\"name\":\"Startseite\",\"item\":\"https:\/\/hubsch-interior.com\/de\/\"},{\"@type\":\"ListItem\",\"position\":2,\"name\":\"Produkte\",\"item\":\"https:\/\/hubsch-interior.com\/de\/shop-2\/\"},{\"@type\":\"ListItem\",\"position\":3,\"name\":\"Ito Decke Gelb\"}]},{\"@type\":\"WebSite\",\"@id\":\"https:\/\/hubsch-interior.com\/de\/#website\",\"url\":\"https:\/\/hubsch-interior.com\/de\/\",\"name\":\"H\u00fcbsch\",\"description\":\"Danish Home Interior and Design\",\"publisher\":{\"@id\":\"https:\/\/hubsch-interior.com\/de\/#organization\"},\"potentialAction\":[{\"@type\":\"SearchAction\",\"target\":{\"@type\":\"EntryPoint\",\"urlTemplate\":\"https:\/\/hubsch-interior.com\/de\/?s={search_term_string}\"},\"query-input\":{\"@type\":\"PropertyValueSpecification\",\"valueRequired\":true,\"valueName\":\"search_term_string\"}}],\"inLanguage\":\"de\"},{\"@type\":\"Organization\",\"@id\":\"https:\/\/hubsch-interior.com\/de\/#organization\",\"name\":\"H\u00fcbsch\",\"url\":\"https:\/\/hubsch-interior.com\/de\/\",\"logo\":{\"@type\":\"ImageObject\",\"inLanguage\":\"de\",\"@id\":\"https:\/\/hubsch-interior.com\/de\/#\/schema\/logo\/image\/\",\"url\":\"https:\/\/hubsch-interior.com\/wp-content\/uploads\/2022\/12\/Hubsch_logo_black_one_line.svg\",\"contentUrl\":\"https:\/\/hubsch-interior.com\/wp-content\/uploads\/2022\/12\/Hubsch_logo_black_one_line.svg\",\"caption\":\"H\u00fcbsch\"},\"image\":{\"@id\":\"https:\/\/hubsch-interior.com\/de\/#\/schema\/logo\/image\/\"}}]}<\/script>\n<!-- \/ Yoast SEO plugin. -->","yoast_head_json":{"title":"Ito Decke Gelb - H\u00fcbsch","description":"H\u00fcllen Sie sich in die gem\u00fctliche Umarmung der Ito Decke, wo die Heiterkeit von Gelb nahtlos mit einer sanften, tonalen Farbpalette verschmilzt und ein","robots":{"index":"index","follow":"follow","max-snippet":"max-snippet:-1","max-image-preview":"max-image-preview:large","max-video-preview":"max-video-preview:-1"},"canonical":"https:\/\/hubsch-interior.com\/de\/wp-json\/wp\/v2\/product\/1078656","og_locale":"de_DE","og_type":"article","og_title":"Ito Decke Gelb - H\u00fcbsch","og_description":"H\u00fcllen Sie sich in die gem\u00fctliche Umarmung der Ito Decke, wo die Heiterkeit von Gelb nahtlos mit einer sanften, tonalen Farbpalette verschmilzt und ein","og_url":"https:\/\/hubsch-interior.com\/de\/produkt\/ito-decke-gelb\/","og_site_name":"H\u00fcbsch","article_modified_time":"2026-04-05T02:44:07+00:00","og_image":[{"width":1200,"height":1200,"url":"https:\/\/hubsch-interior.com\/wp-content\/uploads\/2026\/01\/ito-plaid-yellow-8d6619cdbab6aaae1ac5468ae4feb276.jpg","type":"image\/jpeg"}],"twitter_card":"summary_large_image","schema":{"@context":"https:\/\/schema.org","@graph":[{"@type":"WebPage","@id":"https:\/\/hubsch-interior.com\/de\/produkt\/ito-decke-gelb\/","url":"https:\/\/hubsch-interior.com\/de\/produkt\/ito-decke-gelb\/","name":"Ito Decke Gelb - H\u00fcbsch","isPartOf":{"@id":"https:\/\/hubsch-interior.com\/de\/#website"},"primaryImageOfPage":{"@id":"https:\/\/hubsch-interior.com\/de\/produkt\/ito-decke-gelb\/#primaryimage"},"image":{"@id":"https:\/\/hubsch-interior.com\/de\/produkt\/ito-decke-gelb\/#primaryimage"},"thumbnailUrl":"https:\/\/hubsch-interior.com\/wp-content\/uploads\/2026\/02\/ito-plaid-yellow-85b7e1e16d498d930b9fb3193ddfafa5.jpg","datePublished":"2026-01-10T03:03:29+00:00","dateModified":"2026-04-05T02:44:07+00:00","description":"H\u00fcllen Sie sich in die gem\u00fctliche Umarmung der Ito Decke, wo die Heiterkeit von Gelb nahtlos mit einer sanften, tonalen Farbpalette verschmilzt und ein","breadcrumb":{"@id":"https:\/\/hubsch-interior.com\/de\/produkt\/ito-decke-gelb\/#breadcrumb"},"inLanguage":"de","potentialAction":[{"@type":"ReadAction","target":["https:\/\/hubsch-interior.com\/de\/produkt\/ito-decke-gelb\/"]}]},{"@type":"ImageObject","inLanguage":"de","@id":"https:\/\/hubsch-interior.com\/de\/produkt\/ito-decke-gelb\/#primaryimage","url":"https:\/\/hubsch-interior.com\/wp-content\/uploads\/2026\/02\/ito-plaid-yellow-85b7e1e16d498d930b9fb3193ddfafa5.jpg","contentUrl":"https:\/\/hubsch-interior.com\/wp-content\/uploads\/2026\/02\/ito-plaid-yellow-85b7e1e16d498d930b9fb3193ddfafa5.jpg","width":1024,"height":1024},{"@type":"BreadcrumbList","@id":"https:\/\/hubsch-interior.com\/de\/produkt\/ito-decke-gelb\/#breadcrumb","itemListElement":[{"@type":"ListItem","position":1,"name":"Startseite","item":"https:\/\/hubsch-interior.com\/de\/"},{"@type":"ListItem","position":2,"name":"Produkte","item":"https:\/\/hubsch-interior.com\/de\/shop-2\/"},{"@type":"ListItem","position":3,"name":"Ito Decke Gelb"}]},{"@type":"WebSite","@id":"https:\/\/hubsch-interior.com\/de\/#website","url":"https:\/\/hubsch-interior.com\/de\/","name":"H\u00fcbsch","description":"Danish Home Interior and Design","publisher":{"@id":"https:\/\/hubsch-interior.com\/de\/#organization"},"potentialAction":[{"@type":"SearchAction","target":{"@type":"EntryPoint","urlTemplate":"https:\/\/hubsch-interior.com\/de\/?s={search_term_string}"},"query-input":{"@type":"PropertyValueSpecification","valueRequired":true,"valueName":"search_term_string"}}],"inLanguage":"de"},{"@type":"Organization","@id":"https:\/\/hubsch-interior.com\/de\/#organization","name":"H\u00fcbsch","url":"https:\/\/hubsch-interior.com\/de\/","logo":{"@type":"ImageObject","inLanguage":"de","@id":"https:\/\/hubsch-interior.com\/de\/#\/schema\/logo\/image\/","url":"https:\/\/hubsch-interior.com\/wp-content\/uploads\/2022\/12\/Hubsch_logo_black_one_line.svg","contentUrl":"https:\/\/hubsch-interior.com\/wp-content\/uploads\/2022\/12\/Hubsch_logo_black_one_line.svg","caption":"H\u00fcbsch"},"image":{"@id":"https:\/\/hubsch-interior.com\/de\/#\/schema\/logo\/image\/"}}]}},"_links":{"self":[{"href":"https:\/\/hubsch-interior.com\/de\/wp-json\/wp\/v2\/product\/1078656","targetHints":{"allow":["GET"]}}],"collection":[{"href":"https:\/\/hubsch-interior.com\/de\/wp-json\/wp\/v2\/product"}],"about":[{"href":"https:\/\/hubsch-interior.com\/de\/wp-json\/wp\/v2\/types\/product"}],"wp:featuredmedia":[{"embeddable":true,"href":"https:\/\/hubsch-interior.com\/de\/wp-json\/wp\/v2\/media\/1100733"}],"wp:attachment":[{"href":"https:\/\/hubsch-interior.com\/de\/wp-json\/wp\/v2\/media?parent=1078656"}],"wp:term":[{"taxonomy":"product_brand","embeddable":true,"href":"https:\/\/hubsch-interior.com\/de\/wp-json\/wp\/v2\/product_brand?post=1078656"},{"taxonomy":"product_cat","embeddable":true,"href":"https:\/\/hubsch-interior.com\/de\/wp-json\/wp\/v2\/product_cat?post=1078656"},{"taxonomy":"product_tag","embeddable":true,"href":"https:\/\/hubsch-interior.com\/de\/wp-json\/wp\/v2\/product_tag?post=1078656"}],"curies":[{"name":"wp","href":"https:\/\/api.w.org\/{rel}","templated":true}]}}