{"id":1078684,"date":"2026-01-10T04:03:52","date_gmt":"2026-01-10T03:03:52","guid":{"rendered":"https:\/\/hubsch-interior.com\/product\/product\/"},"modified":"2026-04-05T04:44:14","modified_gmt":"2026-04-05T02:44:14","slug":"flok-decke-dunkelblau","status":"publish","type":"product","link":"https:\/\/hubsch-interior.com\/de\/produkt\/flok-decke-dunkelblau\/","title":{"rendered":"Flok Decke Dunkelblau"},"content":{"rendered":"<p>Komfort mit einem Hauch von Nostalgie. Die Flok Decke in Dunkelblau bringt mit ihrem karierten Muster, geformt durch dezente Webstreifen, retro Charme in die Gegenwart. Hergestellt aus OEKO-TEX\u00ae STANDARD 100 zertifizierter Baumwolle, ist sie weich, atmungsaktiv und f\u00fcr allt\u00e4gliche Momente der Ruhe gemacht. Ob \u00fcber das Sofa drapiert oder um die Schultern gewickelt, sie bietet W\u00e4rme ohne Aufwand. Eine zeitlose Schicht der Bequemlichkeit, gen\u00e4ht mit genau der richtigen Menge an Seele.<\/p>\n","protected":false},"excerpt":{"rendered":"<p>Komfort mit einem Hauch von Nostalgie. Die Flok Decke in Dunkelblau bringt mit ihrem karierten Muster, geformt durch dezente Webstreifen, retro Charme in die Gegenwart. Hergestellt aus OEKO-TEX\u00ae STANDARD 100 zertifizierter Baumwolle, ist sie weich, atmungsaktiv und f\u00fcr allt\u00e4gliche Momente der Ruhe gemacht. Ob \u00fcber das Sofa drapiert oder um die Schultern gewickelt, sie bietet [&hellip;]<\/p>\n","protected":false},"featured_media":1100753,"template":"","meta":{"_acf_changed":false,"inline_featured_image":false},"product_brand":[],"product_cat":[4943,7155,5047,3004],"product_tag":[],"class_list":{"0":"post-1078684","1":"product","2":"type-product","3":"status-publish","4":"has-post-thumbnail","6":"product_cat-decken-de","7":"product_cat-dweller-de","8":"product_cat-neuheiten-de","9":"product_cat-textilien","10":"product_shipping_class-pk","12":"pa_color-dunkelblau-2","13":"pa_material-cotton-100-de","15":"first","16":"instock","17":"taxable","18":"shipping-taxable","19":"purchasable","20":"product-type-simple"},"exclude_global_add_ons":[],"addons":[],"acf":[],"yoast_head":"<!-- This site is optimized with the Yoast SEO plugin v26.4 - https:\/\/yoast.com\/wordpress\/plugins\/seo\/ -->\n<title>Flok Decke Dunkelblau - H\u00fcbsch<\/title>\n<meta name=\"description\" content=\"Komfort mit einem Hauch von Nostalgie. Die Flok Decke in Dunkelblau bringt mit ihrem karierten Muster, geformt durch dezente Webstreifen, retro Charme in\" \/>\n<meta name=\"robots\" content=\"index, follow, max-snippet:-1, max-image-preview:large, max-video-preview:-1\" \/>\n<link rel=\"canonical\" href=\"https:\/\/hubsch-interior.com\/de\/wp-json\/wp\/v2\/product\/1078684\" \/>\n<meta property=\"og:locale\" content=\"de_DE\" \/>\n<meta property=\"og:type\" content=\"article\" \/>\n<meta property=\"og:title\" content=\"Flok Decke Dunkelblau - H\u00fcbsch\" \/>\n<meta property=\"og:description\" content=\"Komfort mit einem Hauch von Nostalgie. Die Flok Decke in Dunkelblau bringt mit ihrem karierten Muster, geformt durch dezente Webstreifen, retro Charme in\" \/>\n<meta property=\"og:url\" content=\"https:\/\/hubsch-interior.com\/de\/produkt\/flok-decke-dunkelblau\/\" \/>\n<meta property=\"og:site_name\" content=\"H\u00fcbsch\" \/>\n<meta property=\"article:modified_time\" content=\"2026-04-05T02:44:14+00:00\" \/>\n<meta property=\"og:image\" content=\"https:\/\/hubsch-interior.com\/wp-content\/uploads\/2026\/01\/flok-plaid-dark-blue-797fe435521f275509c14b2bc4bfe76e.jpg\" \/>\n\t<meta property=\"og:image:width\" content=\"1200\" \/>\n\t<meta property=\"og:image:height\" content=\"1200\" \/>\n\t<meta property=\"og:image:type\" content=\"image\/jpeg\" \/>\n<meta name=\"twitter:card\" content=\"summary_large_image\" \/>\n<script type=\"application\/ld+json\" class=\"yoast-schema-graph\">{\"@context\":\"https:\/\/schema.org\",\"@graph\":[{\"@type\":\"WebPage\",\"@id\":\"https:\/\/hubsch-interior.com\/de\/produkt\/flok-decke-dunkelblau\/\",\"url\":\"https:\/\/hubsch-interior.com\/de\/produkt\/flok-decke-dunkelblau\/\",\"name\":\"Flok Decke Dunkelblau - H\u00fcbsch\",\"isPartOf\":{\"@id\":\"https:\/\/hubsch-interior.com\/de\/#website\"},\"primaryImageOfPage\":{\"@id\":\"https:\/\/hubsch-interior.com\/de\/produkt\/flok-decke-dunkelblau\/#primaryimage\"},\"image\":{\"@id\":\"https:\/\/hubsch-interior.com\/de\/produkt\/flok-decke-dunkelblau\/#primaryimage\"},\"thumbnailUrl\":\"https:\/\/hubsch-interior.com\/wp-content\/uploads\/2026\/02\/flok-plaid-dark-blue-9c2f8492d72466291c414db1ffbe748f.jpg\",\"datePublished\":\"2026-01-10T03:03:52+00:00\",\"dateModified\":\"2026-04-05T02:44:14+00:00\",\"description\":\"Komfort mit einem Hauch von Nostalgie. Die Flok Decke in Dunkelblau bringt mit ihrem karierten Muster, geformt durch dezente Webstreifen, retro Charme in\",\"breadcrumb\":{\"@id\":\"https:\/\/hubsch-interior.com\/de\/produkt\/flok-decke-dunkelblau\/#breadcrumb\"},\"inLanguage\":\"de\",\"potentialAction\":[{\"@type\":\"ReadAction\",\"target\":[\"https:\/\/hubsch-interior.com\/de\/produkt\/flok-decke-dunkelblau\/\"]}]},{\"@type\":\"ImageObject\",\"inLanguage\":\"de\",\"@id\":\"https:\/\/hubsch-interior.com\/de\/produkt\/flok-decke-dunkelblau\/#primaryimage\",\"url\":\"https:\/\/hubsch-interior.com\/wp-content\/uploads\/2026\/02\/flok-plaid-dark-blue-9c2f8492d72466291c414db1ffbe748f.jpg\",\"contentUrl\":\"https:\/\/hubsch-interior.com\/wp-content\/uploads\/2026\/02\/flok-plaid-dark-blue-9c2f8492d72466291c414db1ffbe748f.jpg\",\"width\":1024,\"height\":1024},{\"@type\":\"BreadcrumbList\",\"@id\":\"https:\/\/hubsch-interior.com\/de\/produkt\/flok-decke-dunkelblau\/#breadcrumb\",\"itemListElement\":[{\"@type\":\"ListItem\",\"position\":1,\"name\":\"Startseite\",\"item\":\"https:\/\/hubsch-interior.com\/de\/\"},{\"@type\":\"ListItem\",\"position\":2,\"name\":\"Produkte\",\"item\":\"https:\/\/hubsch-interior.com\/de\/shop-2\/\"},{\"@type\":\"ListItem\",\"position\":3,\"name\":\"Flok Decke Dunkelblau\"}]},{\"@type\":\"WebSite\",\"@id\":\"https:\/\/hubsch-interior.com\/de\/#website\",\"url\":\"https:\/\/hubsch-interior.com\/de\/\",\"name\":\"H\u00fcbsch\",\"description\":\"Danish Home Interior and Design\",\"publisher\":{\"@id\":\"https:\/\/hubsch-interior.com\/de\/#organization\"},\"potentialAction\":[{\"@type\":\"SearchAction\",\"target\":{\"@type\":\"EntryPoint\",\"urlTemplate\":\"https:\/\/hubsch-interior.com\/de\/?s={search_term_string}\"},\"query-input\":{\"@type\":\"PropertyValueSpecification\",\"valueRequired\":true,\"valueName\":\"search_term_string\"}}],\"inLanguage\":\"de\"},{\"@type\":\"Organization\",\"@id\":\"https:\/\/hubsch-interior.com\/de\/#organization\",\"name\":\"H\u00fcbsch\",\"url\":\"https:\/\/hubsch-interior.com\/de\/\",\"logo\":{\"@type\":\"ImageObject\",\"inLanguage\":\"de\",\"@id\":\"https:\/\/hubsch-interior.com\/de\/#\/schema\/logo\/image\/\",\"url\":\"https:\/\/hubsch-interior.com\/wp-content\/uploads\/2022\/12\/Hubsch_logo_black_one_line.svg\",\"contentUrl\":\"https:\/\/hubsch-interior.com\/wp-content\/uploads\/2022\/12\/Hubsch_logo_black_one_line.svg\",\"caption\":\"H\u00fcbsch\"},\"image\":{\"@id\":\"https:\/\/hubsch-interior.com\/de\/#\/schema\/logo\/image\/\"}}]}<\/script>\n<!-- \/ Yoast SEO plugin. -->","yoast_head_json":{"title":"Flok Decke Dunkelblau - H\u00fcbsch","description":"Komfort mit einem Hauch von Nostalgie. Die Flok Decke in Dunkelblau bringt mit ihrem karierten Muster, geformt durch dezente Webstreifen, retro Charme in","robots":{"index":"index","follow":"follow","max-snippet":"max-snippet:-1","max-image-preview":"max-image-preview:large","max-video-preview":"max-video-preview:-1"},"canonical":"https:\/\/hubsch-interior.com\/de\/wp-json\/wp\/v2\/product\/1078684","og_locale":"de_DE","og_type":"article","og_title":"Flok Decke Dunkelblau - H\u00fcbsch","og_description":"Komfort mit einem Hauch von Nostalgie. Die Flok Decke in Dunkelblau bringt mit ihrem karierten Muster, geformt durch dezente Webstreifen, retro Charme in","og_url":"https:\/\/hubsch-interior.com\/de\/produkt\/flok-decke-dunkelblau\/","og_site_name":"H\u00fcbsch","article_modified_time":"2026-04-05T02:44:14+00:00","og_image":[{"width":1200,"height":1200,"url":"https:\/\/hubsch-interior.com\/wp-content\/uploads\/2026\/01\/flok-plaid-dark-blue-797fe435521f275509c14b2bc4bfe76e.jpg","type":"image\/jpeg"}],"twitter_card":"summary_large_image","schema":{"@context":"https:\/\/schema.org","@graph":[{"@type":"WebPage","@id":"https:\/\/hubsch-interior.com\/de\/produkt\/flok-decke-dunkelblau\/","url":"https:\/\/hubsch-interior.com\/de\/produkt\/flok-decke-dunkelblau\/","name":"Flok Decke Dunkelblau - H\u00fcbsch","isPartOf":{"@id":"https:\/\/hubsch-interior.com\/de\/#website"},"primaryImageOfPage":{"@id":"https:\/\/hubsch-interior.com\/de\/produkt\/flok-decke-dunkelblau\/#primaryimage"},"image":{"@id":"https:\/\/hubsch-interior.com\/de\/produkt\/flok-decke-dunkelblau\/#primaryimage"},"thumbnailUrl":"https:\/\/hubsch-interior.com\/wp-content\/uploads\/2026\/02\/flok-plaid-dark-blue-9c2f8492d72466291c414db1ffbe748f.jpg","datePublished":"2026-01-10T03:03:52+00:00","dateModified":"2026-04-05T02:44:14+00:00","description":"Komfort mit einem Hauch von Nostalgie. Die Flok Decke in Dunkelblau bringt mit ihrem karierten Muster, geformt durch dezente Webstreifen, retro Charme in","breadcrumb":{"@id":"https:\/\/hubsch-interior.com\/de\/produkt\/flok-decke-dunkelblau\/#breadcrumb"},"inLanguage":"de","potentialAction":[{"@type":"ReadAction","target":["https:\/\/hubsch-interior.com\/de\/produkt\/flok-decke-dunkelblau\/"]}]},{"@type":"ImageObject","inLanguage":"de","@id":"https:\/\/hubsch-interior.com\/de\/produkt\/flok-decke-dunkelblau\/#primaryimage","url":"https:\/\/hubsch-interior.com\/wp-content\/uploads\/2026\/02\/flok-plaid-dark-blue-9c2f8492d72466291c414db1ffbe748f.jpg","contentUrl":"https:\/\/hubsch-interior.com\/wp-content\/uploads\/2026\/02\/flok-plaid-dark-blue-9c2f8492d72466291c414db1ffbe748f.jpg","width":1024,"height":1024},{"@type":"BreadcrumbList","@id":"https:\/\/hubsch-interior.com\/de\/produkt\/flok-decke-dunkelblau\/#breadcrumb","itemListElement":[{"@type":"ListItem","position":1,"name":"Startseite","item":"https:\/\/hubsch-interior.com\/de\/"},{"@type":"ListItem","position":2,"name":"Produkte","item":"https:\/\/hubsch-interior.com\/de\/shop-2\/"},{"@type":"ListItem","position":3,"name":"Flok Decke Dunkelblau"}]},{"@type":"WebSite","@id":"https:\/\/hubsch-interior.com\/de\/#website","url":"https:\/\/hubsch-interior.com\/de\/","name":"H\u00fcbsch","description":"Danish Home Interior and Design","publisher":{"@id":"https:\/\/hubsch-interior.com\/de\/#organization"},"potentialAction":[{"@type":"SearchAction","target":{"@type":"EntryPoint","urlTemplate":"https:\/\/hubsch-interior.com\/de\/?s={search_term_string}"},"query-input":{"@type":"PropertyValueSpecification","valueRequired":true,"valueName":"search_term_string"}}],"inLanguage":"de"},{"@type":"Organization","@id":"https:\/\/hubsch-interior.com\/de\/#organization","name":"H\u00fcbsch","url":"https:\/\/hubsch-interior.com\/de\/","logo":{"@type":"ImageObject","inLanguage":"de","@id":"https:\/\/hubsch-interior.com\/de\/#\/schema\/logo\/image\/","url":"https:\/\/hubsch-interior.com\/wp-content\/uploads\/2022\/12\/Hubsch_logo_black_one_line.svg","contentUrl":"https:\/\/hubsch-interior.com\/wp-content\/uploads\/2022\/12\/Hubsch_logo_black_one_line.svg","caption":"H\u00fcbsch"},"image":{"@id":"https:\/\/hubsch-interior.com\/de\/#\/schema\/logo\/image\/"}}]}},"_links":{"self":[{"href":"https:\/\/hubsch-interior.com\/de\/wp-json\/wp\/v2\/product\/1078684","targetHints":{"allow":["GET"]}}],"collection":[{"href":"https:\/\/hubsch-interior.com\/de\/wp-json\/wp\/v2\/product"}],"about":[{"href":"https:\/\/hubsch-interior.com\/de\/wp-json\/wp\/v2\/types\/product"}],"wp:featuredmedia":[{"embeddable":true,"href":"https:\/\/hubsch-interior.com\/de\/wp-json\/wp\/v2\/media\/1100753"}],"wp:attachment":[{"href":"https:\/\/hubsch-interior.com\/de\/wp-json\/wp\/v2\/media?parent=1078684"}],"wp:term":[{"taxonomy":"product_brand","embeddable":true,"href":"https:\/\/hubsch-interior.com\/de\/wp-json\/wp\/v2\/product_brand?post=1078684"},{"taxonomy":"product_cat","embeddable":true,"href":"https:\/\/hubsch-interior.com\/de\/wp-json\/wp\/v2\/product_cat?post=1078684"},{"taxonomy":"product_tag","embeddable":true,"href":"https:\/\/hubsch-interior.com\/de\/wp-json\/wp\/v2\/product_tag?post=1078684"}],"curies":[{"name":"wp","href":"https:\/\/api.w.org\/{rel}","templated":true}]}}