{"id":1078700,"date":"2026-01-10T04:04:03","date_gmt":"2026-01-10T03:04:03","guid":{"rendered":"https:\/\/hubsch-interior.com\/product\/product\/"},"modified":"2026-04-05T04:44:18","modified_gmt":"2026-04-05T02:44:18","slug":"waku-teppich-sandfarben","status":"publish","type":"product","link":"https:\/\/hubsch-interior.com\/de\/produkt\/waku-teppich-sandfarben\/","title":{"rendered":"Waku Teppich Sandfarben"},"content":{"rendered":"<p>Kann subtil jemals so befriedigend sein? Der Waku Teppich in warmem Sand verwebt Einfachheit mit \u00dcberraschung und kombiniert eine sanfte neutrale Basis mit einem leisen Hauch von Orange f\u00fcr genau den richtigen Dreh. Aus OEKO-TEX\u00ae STANDARD 100 zertifizierter Baumwolle dicht gewebt, ist er sanft zu den F\u00fc\u00dfen und wundersch\u00f6n strukturiert. Entworfen f\u00fcr gem\u00fctliche Innenr\u00e4ume, bringt er Ruhe in jeden Raum \u2014 mit gerade genug Farbe, um die Dinge interessant zu machen. Ein grundlegendes Must-Have, das wei\u00df, wie man sich sanft hervorhebt.<\/p>\n","protected":false},"excerpt":{"rendered":"<p>Kann subtil jemals so befriedigend sein? Der Waku Teppich in warmem Sand verwebt Einfachheit mit \u00dcberraschung und kombiniert eine sanfte neutrale Basis mit einem leisen Hauch von Orange f\u00fcr genau den richtigen Dreh. Aus OEKO-TEX\u00ae STANDARD 100 zertifizierter Baumwolle dicht gewebt, ist er sanft zu den F\u00fc\u00dfen und wundersch\u00f6n strukturiert. Entworfen f\u00fcr gem\u00fctliche Innenr\u00e4ume, bringt [&hellip;]<\/p>\n","protected":false},"featured_media":1100761,"template":"","meta":{"_acf_changed":false,"inline_featured_image":false},"product_brand":[],"product_cat":[7155,3004,3325,5047],"product_tag":[],"class_list":{"0":"post-1078700","1":"product","2":"type-product","3":"status-publish","4":"has-post-thumbnail","6":"product_cat-dweller-de","7":"product_cat-textilien","8":"product_cat-teppiche-de","9":"product_cat-neuheiten-de","10":"product_shipping_class-pk","12":"pa_color-sandfarben","13":"pa_material-cotton-100-de","15":"first","16":"instock","17":"taxable","18":"shipping-taxable","19":"purchasable","20":"product-type-simple"},"exclude_global_add_ons":[],"addons":[],"acf":[],"yoast_head":"<!-- This site is optimized with the Yoast SEO plugin v26.4 - https:\/\/yoast.com\/wordpress\/plugins\/seo\/ -->\n<title>Waku Teppich Sandfarben - H\u00fcbsch<\/title>\n<meta name=\"description\" content=\"Kann subtil jemals so befriedigend sein? Der Waku Teppich in warmem Sand verwebt Einfachheit mit \u00dcberraschung und kombiniert eine sanfte neutrale Basis\" \/>\n<meta name=\"robots\" content=\"index, follow, max-snippet:-1, max-image-preview:large, max-video-preview:-1\" \/>\n<link rel=\"canonical\" href=\"https:\/\/hubsch-interior.com\/de\/wp-json\/wp\/v2\/product\/1078700\" \/>\n<meta property=\"og:locale\" content=\"de_DE\" \/>\n<meta property=\"og:type\" content=\"article\" \/>\n<meta property=\"og:title\" content=\"Waku Teppich Sandfarben - H\u00fcbsch\" \/>\n<meta property=\"og:description\" content=\"Kann subtil jemals so befriedigend sein? Der Waku Teppich in warmem Sand verwebt Einfachheit mit \u00dcberraschung und kombiniert eine sanfte neutrale Basis\" \/>\n<meta property=\"og:url\" content=\"https:\/\/hubsch-interior.com\/de\/produkt\/waku-teppich-sandfarben\/\" \/>\n<meta property=\"og:site_name\" content=\"H\u00fcbsch\" \/>\n<meta property=\"article:modified_time\" content=\"2026-04-05T02:44:18+00:00\" \/>\n<meta property=\"og:image\" content=\"https:\/\/hubsch-interior.com\/wp-content\/uploads\/2026\/01\/waku-rug-sand-a500593f1739a6c11607c8e2144ec9d9.jpg\" \/>\n\t<meta property=\"og:image:width\" content=\"1200\" \/>\n\t<meta property=\"og:image:height\" content=\"1200\" \/>\n\t<meta property=\"og:image:type\" content=\"image\/jpeg\" \/>\n<meta name=\"twitter:card\" content=\"summary_large_image\" \/>\n<script type=\"application\/ld+json\" class=\"yoast-schema-graph\">{\"@context\":\"https:\/\/schema.org\",\"@graph\":[{\"@type\":\"WebPage\",\"@id\":\"https:\/\/hubsch-interior.com\/de\/produkt\/waku-teppich-sandfarben\/\",\"url\":\"https:\/\/hubsch-interior.com\/de\/produkt\/waku-teppich-sandfarben\/\",\"name\":\"Waku Teppich Sandfarben - H\u00fcbsch\",\"isPartOf\":{\"@id\":\"https:\/\/hubsch-interior.com\/de\/#website\"},\"primaryImageOfPage\":{\"@id\":\"https:\/\/hubsch-interior.com\/de\/produkt\/waku-teppich-sandfarben\/#primaryimage\"},\"image\":{\"@id\":\"https:\/\/hubsch-interior.com\/de\/produkt\/waku-teppich-sandfarben\/#primaryimage\"},\"thumbnailUrl\":\"https:\/\/hubsch-interior.com\/wp-content\/uploads\/2026\/02\/waku-rug-sand-27ad26daa34ac5a58fe8542d37f546a3.jpg\",\"datePublished\":\"2026-01-10T03:04:03+00:00\",\"dateModified\":\"2026-04-05T02:44:18+00:00\",\"description\":\"Kann subtil jemals so befriedigend sein? Der Waku Teppich in warmem Sand verwebt Einfachheit mit \u00dcberraschung und kombiniert eine sanfte neutrale Basis\",\"breadcrumb\":{\"@id\":\"https:\/\/hubsch-interior.com\/de\/produkt\/waku-teppich-sandfarben\/#breadcrumb\"},\"inLanguage\":\"de\",\"potentialAction\":[{\"@type\":\"ReadAction\",\"target\":[\"https:\/\/hubsch-interior.com\/de\/produkt\/waku-teppich-sandfarben\/\"]}]},{\"@type\":\"ImageObject\",\"inLanguage\":\"de\",\"@id\":\"https:\/\/hubsch-interior.com\/de\/produkt\/waku-teppich-sandfarben\/#primaryimage\",\"url\":\"https:\/\/hubsch-interior.com\/wp-content\/uploads\/2026\/02\/waku-rug-sand-27ad26daa34ac5a58fe8542d37f546a3.jpg\",\"contentUrl\":\"https:\/\/hubsch-interior.com\/wp-content\/uploads\/2026\/02\/waku-rug-sand-27ad26daa34ac5a58fe8542d37f546a3.jpg\",\"width\":1024,\"height\":1024},{\"@type\":\"BreadcrumbList\",\"@id\":\"https:\/\/hubsch-interior.com\/de\/produkt\/waku-teppich-sandfarben\/#breadcrumb\",\"itemListElement\":[{\"@type\":\"ListItem\",\"position\":1,\"name\":\"Startseite\",\"item\":\"https:\/\/hubsch-interior.com\/de\/\"},{\"@type\":\"ListItem\",\"position\":2,\"name\":\"Produkte\",\"item\":\"https:\/\/hubsch-interior.com\/de\/shop-2\/\"},{\"@type\":\"ListItem\",\"position\":3,\"name\":\"Waku Teppich Sandfarben\"}]},{\"@type\":\"WebSite\",\"@id\":\"https:\/\/hubsch-interior.com\/de\/#website\",\"url\":\"https:\/\/hubsch-interior.com\/de\/\",\"name\":\"H\u00fcbsch\",\"description\":\"Danish Home Interior and Design\",\"publisher\":{\"@id\":\"https:\/\/hubsch-interior.com\/de\/#organization\"},\"potentialAction\":[{\"@type\":\"SearchAction\",\"target\":{\"@type\":\"EntryPoint\",\"urlTemplate\":\"https:\/\/hubsch-interior.com\/de\/?s={search_term_string}\"},\"query-input\":{\"@type\":\"PropertyValueSpecification\",\"valueRequired\":true,\"valueName\":\"search_term_string\"}}],\"inLanguage\":\"de\"},{\"@type\":\"Organization\",\"@id\":\"https:\/\/hubsch-interior.com\/de\/#organization\",\"name\":\"H\u00fcbsch\",\"url\":\"https:\/\/hubsch-interior.com\/de\/\",\"logo\":{\"@type\":\"ImageObject\",\"inLanguage\":\"de\",\"@id\":\"https:\/\/hubsch-interior.com\/de\/#\/schema\/logo\/image\/\",\"url\":\"https:\/\/hubsch-interior.com\/wp-content\/uploads\/2022\/12\/Hubsch_logo_black_one_line.svg\",\"contentUrl\":\"https:\/\/hubsch-interior.com\/wp-content\/uploads\/2022\/12\/Hubsch_logo_black_one_line.svg\",\"caption\":\"H\u00fcbsch\"},\"image\":{\"@id\":\"https:\/\/hubsch-interior.com\/de\/#\/schema\/logo\/image\/\"}}]}<\/script>\n<!-- \/ Yoast SEO plugin. -->","yoast_head_json":{"title":"Waku Teppich Sandfarben - H\u00fcbsch","description":"Kann subtil jemals so befriedigend sein? Der Waku Teppich in warmem Sand verwebt Einfachheit mit \u00dcberraschung und kombiniert eine sanfte neutrale Basis","robots":{"index":"index","follow":"follow","max-snippet":"max-snippet:-1","max-image-preview":"max-image-preview:large","max-video-preview":"max-video-preview:-1"},"canonical":"https:\/\/hubsch-interior.com\/de\/wp-json\/wp\/v2\/product\/1078700","og_locale":"de_DE","og_type":"article","og_title":"Waku Teppich Sandfarben - H\u00fcbsch","og_description":"Kann subtil jemals so befriedigend sein? Der Waku Teppich in warmem Sand verwebt Einfachheit mit \u00dcberraschung und kombiniert eine sanfte neutrale Basis","og_url":"https:\/\/hubsch-interior.com\/de\/produkt\/waku-teppich-sandfarben\/","og_site_name":"H\u00fcbsch","article_modified_time":"2026-04-05T02:44:18+00:00","og_image":[{"width":1200,"height":1200,"url":"https:\/\/hubsch-interior.com\/wp-content\/uploads\/2026\/01\/waku-rug-sand-a500593f1739a6c11607c8e2144ec9d9.jpg","type":"image\/jpeg"}],"twitter_card":"summary_large_image","schema":{"@context":"https:\/\/schema.org","@graph":[{"@type":"WebPage","@id":"https:\/\/hubsch-interior.com\/de\/produkt\/waku-teppich-sandfarben\/","url":"https:\/\/hubsch-interior.com\/de\/produkt\/waku-teppich-sandfarben\/","name":"Waku Teppich Sandfarben - H\u00fcbsch","isPartOf":{"@id":"https:\/\/hubsch-interior.com\/de\/#website"},"primaryImageOfPage":{"@id":"https:\/\/hubsch-interior.com\/de\/produkt\/waku-teppich-sandfarben\/#primaryimage"},"image":{"@id":"https:\/\/hubsch-interior.com\/de\/produkt\/waku-teppich-sandfarben\/#primaryimage"},"thumbnailUrl":"https:\/\/hubsch-interior.com\/wp-content\/uploads\/2026\/02\/waku-rug-sand-27ad26daa34ac5a58fe8542d37f546a3.jpg","datePublished":"2026-01-10T03:04:03+00:00","dateModified":"2026-04-05T02:44:18+00:00","description":"Kann subtil jemals so befriedigend sein? Der Waku Teppich in warmem Sand verwebt Einfachheit mit \u00dcberraschung und kombiniert eine sanfte neutrale Basis","breadcrumb":{"@id":"https:\/\/hubsch-interior.com\/de\/produkt\/waku-teppich-sandfarben\/#breadcrumb"},"inLanguage":"de","potentialAction":[{"@type":"ReadAction","target":["https:\/\/hubsch-interior.com\/de\/produkt\/waku-teppich-sandfarben\/"]}]},{"@type":"ImageObject","inLanguage":"de","@id":"https:\/\/hubsch-interior.com\/de\/produkt\/waku-teppich-sandfarben\/#primaryimage","url":"https:\/\/hubsch-interior.com\/wp-content\/uploads\/2026\/02\/waku-rug-sand-27ad26daa34ac5a58fe8542d37f546a3.jpg","contentUrl":"https:\/\/hubsch-interior.com\/wp-content\/uploads\/2026\/02\/waku-rug-sand-27ad26daa34ac5a58fe8542d37f546a3.jpg","width":1024,"height":1024},{"@type":"BreadcrumbList","@id":"https:\/\/hubsch-interior.com\/de\/produkt\/waku-teppich-sandfarben\/#breadcrumb","itemListElement":[{"@type":"ListItem","position":1,"name":"Startseite","item":"https:\/\/hubsch-interior.com\/de\/"},{"@type":"ListItem","position":2,"name":"Produkte","item":"https:\/\/hubsch-interior.com\/de\/shop-2\/"},{"@type":"ListItem","position":3,"name":"Waku Teppich Sandfarben"}]},{"@type":"WebSite","@id":"https:\/\/hubsch-interior.com\/de\/#website","url":"https:\/\/hubsch-interior.com\/de\/","name":"H\u00fcbsch","description":"Danish Home Interior and Design","publisher":{"@id":"https:\/\/hubsch-interior.com\/de\/#organization"},"potentialAction":[{"@type":"SearchAction","target":{"@type":"EntryPoint","urlTemplate":"https:\/\/hubsch-interior.com\/de\/?s={search_term_string}"},"query-input":{"@type":"PropertyValueSpecification","valueRequired":true,"valueName":"search_term_string"}}],"inLanguage":"de"},{"@type":"Organization","@id":"https:\/\/hubsch-interior.com\/de\/#organization","name":"H\u00fcbsch","url":"https:\/\/hubsch-interior.com\/de\/","logo":{"@type":"ImageObject","inLanguage":"de","@id":"https:\/\/hubsch-interior.com\/de\/#\/schema\/logo\/image\/","url":"https:\/\/hubsch-interior.com\/wp-content\/uploads\/2022\/12\/Hubsch_logo_black_one_line.svg","contentUrl":"https:\/\/hubsch-interior.com\/wp-content\/uploads\/2022\/12\/Hubsch_logo_black_one_line.svg","caption":"H\u00fcbsch"},"image":{"@id":"https:\/\/hubsch-interior.com\/de\/#\/schema\/logo\/image\/"}}]}},"_links":{"self":[{"href":"https:\/\/hubsch-interior.com\/de\/wp-json\/wp\/v2\/product\/1078700","targetHints":{"allow":["GET"]}}],"collection":[{"href":"https:\/\/hubsch-interior.com\/de\/wp-json\/wp\/v2\/product"}],"about":[{"href":"https:\/\/hubsch-interior.com\/de\/wp-json\/wp\/v2\/types\/product"}],"wp:featuredmedia":[{"embeddable":true,"href":"https:\/\/hubsch-interior.com\/de\/wp-json\/wp\/v2\/media\/1100761"}],"wp:attachment":[{"href":"https:\/\/hubsch-interior.com\/de\/wp-json\/wp\/v2\/media?parent=1078700"}],"wp:term":[{"taxonomy":"product_brand","embeddable":true,"href":"https:\/\/hubsch-interior.com\/de\/wp-json\/wp\/v2\/product_brand?post=1078700"},{"taxonomy":"product_cat","embeddable":true,"href":"https:\/\/hubsch-interior.com\/de\/wp-json\/wp\/v2\/product_cat?post=1078700"},{"taxonomy":"product_tag","embeddable":true,"href":"https:\/\/hubsch-interior.com\/de\/wp-json\/wp\/v2\/product_tag?post=1078700"}],"curies":[{"name":"wp","href":"https:\/\/api.w.org\/{rel}","templated":true}]}}