{"id":1079531,"date":"2026-01-20T04:38:53","date_gmt":"2026-01-20T03:38:53","guid":{"rendered":"https:\/\/hubsch-interior.com\/product\/product\/"},"modified":"2026-04-11T05:06:03","modified_gmt":"2026-04-11T03:06:03","slug":"pilule-hangelampe-up-glanzend-weis","status":"publish","type":"product","link":"https:\/\/hubsch-interior.com\/de\/produkt\/pilule-hangelampe-up-glanzend-weis\/","title":{"rendered":"Pilule H\u00e4ngelampe Up Gl\u00e4nzend Wei\u00df"},"content":{"rendered":"<p>Retro-Geist, modernes Leuchten. Die Pilule H\u00e4ngelampe in gl\u00e4nzendem Wei\u00df verleiht Ihrem Raum eine k\u00fchne, doch ausgewogene Note mit ihrem gl\u00e4nzenden Opalglas-Schirm, den Messingdetails und dem schlanken, schwarzen Stoffkabel. Inspiriert von den spielerischen Linien der 80er Jahre, bringt sie Pers\u00f6nlichkeit ein, ohne den Raum zu dominieren. Ob alleine gestaltet oder in einer Gruppe aufgeh\u00e4ngt, sie schafft eine sanft leuchtende Atmosph\u00e4re, die sowohl grafisch als auch anmutig wirkt. Erh\u00e4ltlich in sechs auff\u00e4lligen Varianten \u2013 jede mit ihrem eigenen, dezenten Flair.<\/p>\n","protected":false},"excerpt":{"rendered":"<p>Retro-Geist, modernes Leuchten. Die Pilule H\u00e4ngelampe in gl\u00e4nzendem Wei\u00df verleiht Ihrem Raum eine k\u00fchne, doch ausgewogene Note mit ihrem gl\u00e4nzenden Opalglas-Schirm, den Messingdetails und dem schlanken, schwarzen Stoffkabel. Inspiriert von den spielerischen Linien der 80er Jahre, bringt sie Pers\u00f6nlichkeit ein, ohne den Raum zu dominieren. Ob alleine gestaltet oder in einer Gruppe aufgeh\u00e4ngt, sie schafft [&hellip;]<\/p>\n","protected":false},"featured_media":1108276,"template":"","meta":{"_acf_changed":false,"inline_featured_image":false},"product_brand":[],"product_cat":[7155,3809,4148,5027,5047],"product_tag":[],"class_list":{"0":"post-1079531","1":"product","2":"type-product","3":"status-publish","4":"has-post-thumbnail","6":"product_cat-dweller-de","7":"product_cat-beleuchtung","8":"product_cat-haengelampen-de","9":"product_cat-bestsellers-de","10":"product_cat-neuheiten-de","11":"product_shipping_class-pk","13":"pa_color-glnzend-wei","14":"pa_material-eisen-de","15":"pa_material-glas-de","17":"first","18":"instock","19":"featured","20":"taxable","21":"shipping-taxable","22":"purchasable","23":"product-type-simple"},"exclude_global_add_ons":[],"addons":[],"acf":[],"yoast_head":"<!-- This site is optimized with the Yoast SEO plugin v26.4 - https:\/\/yoast.com\/wordpress\/plugins\/seo\/ -->\n<title>Pilule H\u00e4ngelampe Up Gl\u00e4nzend Wei\u00df - H\u00fcbsch<\/title>\n<meta name=\"description\" content=\"Retro-Geist, modernes Leuchten. Die Pilule H\u00e4ngelampe in gl\u00e4nzendem Wei\u00df verleiht Ihrem Raum eine k\u00fchne, doch ausgewogene Note mit ihrem gl\u00e4nzenden\" \/>\n<meta name=\"robots\" content=\"index, follow, max-snippet:-1, max-image-preview:large, max-video-preview:-1\" \/>\n<link rel=\"canonical\" href=\"https:\/\/hubsch-interior.com\/de\/wp-json\/wp\/v2\/product\/1079531\" \/>\n<meta property=\"og:locale\" content=\"de_DE\" \/>\n<meta property=\"og:type\" content=\"article\" \/>\n<meta property=\"og:title\" content=\"Pilule H\u00e4ngelampe Up Gl\u00e4nzend Wei\u00df - H\u00fcbsch\" \/>\n<meta property=\"og:description\" content=\"Retro-Geist, modernes Leuchten. Die Pilule H\u00e4ngelampe in gl\u00e4nzendem Wei\u00df verleiht Ihrem Raum eine k\u00fchne, doch ausgewogene Note mit ihrem gl\u00e4nzenden\" \/>\n<meta property=\"og:url\" content=\"https:\/\/hubsch-interior.com\/de\/produkt\/pilule-hangelampe-up-glanzend-weis\/\" \/>\n<meta property=\"og:site_name\" content=\"H\u00fcbsch\" \/>\n<meta property=\"article:modified_time\" content=\"2026-04-11T03:06:03+00:00\" \/>\n<meta property=\"og:image\" content=\"https:\/\/hubsch-interior.com\/wp-content\/uploads\/2026\/01\/pilule-pendant-up-shiny-white-90b14116df8b6b811db0ee745a97d58a.jpg\" \/>\n\t<meta property=\"og:image:width\" content=\"1200\" \/>\n\t<meta property=\"og:image:height\" content=\"1200\" \/>\n\t<meta property=\"og:image:type\" content=\"image\/jpeg\" \/>\n<meta name=\"twitter:card\" content=\"summary_large_image\" \/>\n<script type=\"application\/ld+json\" class=\"yoast-schema-graph\">{\"@context\":\"https:\/\/schema.org\",\"@graph\":[{\"@type\":\"WebPage\",\"@id\":\"https:\/\/hubsch-interior.com\/de\/produkt\/pilule-hangelampe-up-glanzend-weis\/\",\"url\":\"https:\/\/hubsch-interior.com\/de\/produkt\/pilule-hangelampe-up-glanzend-weis\/\",\"name\":\"Pilule H\u00e4ngelampe Up Gl\u00e4nzend Wei\u00df - H\u00fcbsch\",\"isPartOf\":{\"@id\":\"https:\/\/hubsch-interior.com\/de\/#website\"},\"primaryImageOfPage\":{\"@id\":\"https:\/\/hubsch-interior.com\/de\/produkt\/pilule-hangelampe-up-glanzend-weis\/#primaryimage\"},\"image\":{\"@id\":\"https:\/\/hubsch-interior.com\/de\/produkt\/pilule-hangelampe-up-glanzend-weis\/#primaryimage\"},\"thumbnailUrl\":\"https:\/\/hubsch-interior.com\/wp-content\/uploads\/2026\/02\/pilule-pendant-up-shiny-white-9c662043e7c56290e3cc964c00ecb0da.jpg\",\"datePublished\":\"2026-01-20T03:38:53+00:00\",\"dateModified\":\"2026-04-11T03:06:03+00:00\",\"description\":\"Retro-Geist, modernes Leuchten. Die Pilule H\u00e4ngelampe in gl\u00e4nzendem Wei\u00df verleiht Ihrem Raum eine k\u00fchne, doch ausgewogene Note mit ihrem gl\u00e4nzenden\",\"breadcrumb\":{\"@id\":\"https:\/\/hubsch-interior.com\/de\/produkt\/pilule-hangelampe-up-glanzend-weis\/#breadcrumb\"},\"inLanguage\":\"de\",\"potentialAction\":[{\"@type\":\"ReadAction\",\"target\":[\"https:\/\/hubsch-interior.com\/de\/produkt\/pilule-hangelampe-up-glanzend-weis\/\"]}]},{\"@type\":\"ImageObject\",\"inLanguage\":\"de\",\"@id\":\"https:\/\/hubsch-interior.com\/de\/produkt\/pilule-hangelampe-up-glanzend-weis\/#primaryimage\",\"url\":\"https:\/\/hubsch-interior.com\/wp-content\/uploads\/2026\/02\/pilule-pendant-up-shiny-white-9c662043e7c56290e3cc964c00ecb0da.jpg\",\"contentUrl\":\"https:\/\/hubsch-interior.com\/wp-content\/uploads\/2026\/02\/pilule-pendant-up-shiny-white-9c662043e7c56290e3cc964c00ecb0da.jpg\",\"width\":1024,\"height\":1024},{\"@type\":\"BreadcrumbList\",\"@id\":\"https:\/\/hubsch-interior.com\/de\/produkt\/pilule-hangelampe-up-glanzend-weis\/#breadcrumb\",\"itemListElement\":[{\"@type\":\"ListItem\",\"position\":1,\"name\":\"Startseite\",\"item\":\"https:\/\/hubsch-interior.com\/de\/\"},{\"@type\":\"ListItem\",\"position\":2,\"name\":\"Produkte\",\"item\":\"https:\/\/hubsch-interior.com\/de\/shop-2\/\"},{\"@type\":\"ListItem\",\"position\":3,\"name\":\"Pilule H\u00e4ngelampe Up Gl\u00e4nzend Wei\u00df\"}]},{\"@type\":\"WebSite\",\"@id\":\"https:\/\/hubsch-interior.com\/de\/#website\",\"url\":\"https:\/\/hubsch-interior.com\/de\/\",\"name\":\"H\u00fcbsch\",\"description\":\"Danish Home Interior and Design\",\"publisher\":{\"@id\":\"https:\/\/hubsch-interior.com\/de\/#organization\"},\"potentialAction\":[{\"@type\":\"SearchAction\",\"target\":{\"@type\":\"EntryPoint\",\"urlTemplate\":\"https:\/\/hubsch-interior.com\/de\/?s={search_term_string}\"},\"query-input\":{\"@type\":\"PropertyValueSpecification\",\"valueRequired\":true,\"valueName\":\"search_term_string\"}}],\"inLanguage\":\"de\"},{\"@type\":\"Organization\",\"@id\":\"https:\/\/hubsch-interior.com\/de\/#organization\",\"name\":\"H\u00fcbsch\",\"url\":\"https:\/\/hubsch-interior.com\/de\/\",\"logo\":{\"@type\":\"ImageObject\",\"inLanguage\":\"de\",\"@id\":\"https:\/\/hubsch-interior.com\/de\/#\/schema\/logo\/image\/\",\"url\":\"https:\/\/hubsch-interior.com\/wp-content\/uploads\/2022\/12\/Hubsch_logo_black_one_line.svg\",\"contentUrl\":\"https:\/\/hubsch-interior.com\/wp-content\/uploads\/2022\/12\/Hubsch_logo_black_one_line.svg\",\"caption\":\"H\u00fcbsch\"},\"image\":{\"@id\":\"https:\/\/hubsch-interior.com\/de\/#\/schema\/logo\/image\/\"}}]}<\/script>\n<!-- \/ Yoast SEO plugin. -->","yoast_head_json":{"title":"Pilule H\u00e4ngelampe Up Gl\u00e4nzend Wei\u00df - H\u00fcbsch","description":"Retro-Geist, modernes Leuchten. Die Pilule H\u00e4ngelampe in gl\u00e4nzendem Wei\u00df verleiht Ihrem Raum eine k\u00fchne, doch ausgewogene Note mit ihrem gl\u00e4nzenden","robots":{"index":"index","follow":"follow","max-snippet":"max-snippet:-1","max-image-preview":"max-image-preview:large","max-video-preview":"max-video-preview:-1"},"canonical":"https:\/\/hubsch-interior.com\/de\/wp-json\/wp\/v2\/product\/1079531","og_locale":"de_DE","og_type":"article","og_title":"Pilule H\u00e4ngelampe Up Gl\u00e4nzend Wei\u00df - H\u00fcbsch","og_description":"Retro-Geist, modernes Leuchten. Die Pilule H\u00e4ngelampe in gl\u00e4nzendem Wei\u00df verleiht Ihrem Raum eine k\u00fchne, doch ausgewogene Note mit ihrem gl\u00e4nzenden","og_url":"https:\/\/hubsch-interior.com\/de\/produkt\/pilule-hangelampe-up-glanzend-weis\/","og_site_name":"H\u00fcbsch","article_modified_time":"2026-04-11T03:06:03+00:00","og_image":[{"width":1200,"height":1200,"url":"https:\/\/hubsch-interior.com\/wp-content\/uploads\/2026\/01\/pilule-pendant-up-shiny-white-90b14116df8b6b811db0ee745a97d58a.jpg","type":"image\/jpeg"}],"twitter_card":"summary_large_image","schema":{"@context":"https:\/\/schema.org","@graph":[{"@type":"WebPage","@id":"https:\/\/hubsch-interior.com\/de\/produkt\/pilule-hangelampe-up-glanzend-weis\/","url":"https:\/\/hubsch-interior.com\/de\/produkt\/pilule-hangelampe-up-glanzend-weis\/","name":"Pilule H\u00e4ngelampe Up Gl\u00e4nzend Wei\u00df - H\u00fcbsch","isPartOf":{"@id":"https:\/\/hubsch-interior.com\/de\/#website"},"primaryImageOfPage":{"@id":"https:\/\/hubsch-interior.com\/de\/produkt\/pilule-hangelampe-up-glanzend-weis\/#primaryimage"},"image":{"@id":"https:\/\/hubsch-interior.com\/de\/produkt\/pilule-hangelampe-up-glanzend-weis\/#primaryimage"},"thumbnailUrl":"https:\/\/hubsch-interior.com\/wp-content\/uploads\/2026\/02\/pilule-pendant-up-shiny-white-9c662043e7c56290e3cc964c00ecb0da.jpg","datePublished":"2026-01-20T03:38:53+00:00","dateModified":"2026-04-11T03:06:03+00:00","description":"Retro-Geist, modernes Leuchten. Die Pilule H\u00e4ngelampe in gl\u00e4nzendem Wei\u00df verleiht Ihrem Raum eine k\u00fchne, doch ausgewogene Note mit ihrem gl\u00e4nzenden","breadcrumb":{"@id":"https:\/\/hubsch-interior.com\/de\/produkt\/pilule-hangelampe-up-glanzend-weis\/#breadcrumb"},"inLanguage":"de","potentialAction":[{"@type":"ReadAction","target":["https:\/\/hubsch-interior.com\/de\/produkt\/pilule-hangelampe-up-glanzend-weis\/"]}]},{"@type":"ImageObject","inLanguage":"de","@id":"https:\/\/hubsch-interior.com\/de\/produkt\/pilule-hangelampe-up-glanzend-weis\/#primaryimage","url":"https:\/\/hubsch-interior.com\/wp-content\/uploads\/2026\/02\/pilule-pendant-up-shiny-white-9c662043e7c56290e3cc964c00ecb0da.jpg","contentUrl":"https:\/\/hubsch-interior.com\/wp-content\/uploads\/2026\/02\/pilule-pendant-up-shiny-white-9c662043e7c56290e3cc964c00ecb0da.jpg","width":1024,"height":1024},{"@type":"BreadcrumbList","@id":"https:\/\/hubsch-interior.com\/de\/produkt\/pilule-hangelampe-up-glanzend-weis\/#breadcrumb","itemListElement":[{"@type":"ListItem","position":1,"name":"Startseite","item":"https:\/\/hubsch-interior.com\/de\/"},{"@type":"ListItem","position":2,"name":"Produkte","item":"https:\/\/hubsch-interior.com\/de\/shop-2\/"},{"@type":"ListItem","position":3,"name":"Pilule H\u00e4ngelampe Up Gl\u00e4nzend Wei\u00df"}]},{"@type":"WebSite","@id":"https:\/\/hubsch-interior.com\/de\/#website","url":"https:\/\/hubsch-interior.com\/de\/","name":"H\u00fcbsch","description":"Danish Home Interior and Design","publisher":{"@id":"https:\/\/hubsch-interior.com\/de\/#organization"},"potentialAction":[{"@type":"SearchAction","target":{"@type":"EntryPoint","urlTemplate":"https:\/\/hubsch-interior.com\/de\/?s={search_term_string}"},"query-input":{"@type":"PropertyValueSpecification","valueRequired":true,"valueName":"search_term_string"}}],"inLanguage":"de"},{"@type":"Organization","@id":"https:\/\/hubsch-interior.com\/de\/#organization","name":"H\u00fcbsch","url":"https:\/\/hubsch-interior.com\/de\/","logo":{"@type":"ImageObject","inLanguage":"de","@id":"https:\/\/hubsch-interior.com\/de\/#\/schema\/logo\/image\/","url":"https:\/\/hubsch-interior.com\/wp-content\/uploads\/2022\/12\/Hubsch_logo_black_one_line.svg","contentUrl":"https:\/\/hubsch-interior.com\/wp-content\/uploads\/2022\/12\/Hubsch_logo_black_one_line.svg","caption":"H\u00fcbsch"},"image":{"@id":"https:\/\/hubsch-interior.com\/de\/#\/schema\/logo\/image\/"}}]}},"_links":{"self":[{"href":"https:\/\/hubsch-interior.com\/de\/wp-json\/wp\/v2\/product\/1079531","targetHints":{"allow":["GET"]}}],"collection":[{"href":"https:\/\/hubsch-interior.com\/de\/wp-json\/wp\/v2\/product"}],"about":[{"href":"https:\/\/hubsch-interior.com\/de\/wp-json\/wp\/v2\/types\/product"}],"wp:featuredmedia":[{"embeddable":true,"href":"https:\/\/hubsch-interior.com\/de\/wp-json\/wp\/v2\/media\/1108276"}],"wp:attachment":[{"href":"https:\/\/hubsch-interior.com\/de\/wp-json\/wp\/v2\/media?parent=1079531"}],"wp:term":[{"taxonomy":"product_brand","embeddable":true,"href":"https:\/\/hubsch-interior.com\/de\/wp-json\/wp\/v2\/product_brand?post=1079531"},{"taxonomy":"product_cat","embeddable":true,"href":"https:\/\/hubsch-interior.com\/de\/wp-json\/wp\/v2\/product_cat?post=1079531"},{"taxonomy":"product_tag","embeddable":true,"href":"https:\/\/hubsch-interior.com\/de\/wp-json\/wp\/v2\/product_tag?post=1079531"}],"curies":[{"name":"wp","href":"https:\/\/api.w.org\/{rel}","templated":true}]}}