{"id":1079615,"date":"2026-01-20T04:39:45","date_gmt":"2026-01-20T03:39:45","guid":{"rendered":"https:\/\/hubsch-interior.com\/product\/product\/"},"modified":"2026-04-09T05:09:47","modified_gmt":"2026-04-09T03:09:47","slug":"pilule-hangelampe-dobbelt-matt-weis","status":"publish","type":"product","link":"https:\/\/hubsch-interior.com\/de\/produkt\/pilule-hangelampe-dobbelt-matt-weis\/","title":{"rendered":"Pilule H\u00e4ngelampe Dobbelt Matt Wei\u00df"},"content":{"rendered":"<p>Ein Leuchten mit Charakter \u2014 und ein Augenzwinkern in die Vergangenheit. Die Pilule H\u00e4ngelampe in mattem Wei\u00df vereint sanftes Opalglas, elegante Messingakzente und eine schwarze Stoffkordel in perfekter Harmonie. Inspiriert vom Flair der 80er Jahre, jedoch f\u00fcr die heutige Zeit gemacht, ist sie sowohl skulptural als auch verspielt. Alleine aufgeh\u00e4ngt setzt sie ein subtiles Statement, oder in Gruppierung mit den anderen f\u00fcnf Varianten arrangiert, kreiert sie ein Lichterlebnis, das durchdacht und nicht berechnend wirkt. Ein kleiner, strahlender Rebell mit poliertem Schliff \u2014 bereit, Ihren Raum mit Charme zu erhellen.<\/p>\n","protected":false},"excerpt":{"rendered":"<p>Ein Leuchten mit Charakter \u2014 und ein Augenzwinkern in die Vergangenheit. Die Pilule H\u00e4ngelampe in mattem Wei\u00df vereint sanftes Opalglas, elegante Messingakzente und eine schwarze Stoffkordel in perfekter Harmonie. Inspiriert vom Flair der 80er Jahre, jedoch f\u00fcr die heutige Zeit gemacht, ist sie sowohl skulptural als auch verspielt. Alleine aufgeh\u00e4ngt setzt sie ein subtiles Statement, [&hellip;]<\/p>\n","protected":false},"featured_media":1108328,"template":"","meta":{"_acf_changed":false,"inline_featured_image":false},"product_brand":[],"product_cat":[7155,3809,4148,5027,5047],"product_tag":[],"class_list":{"0":"post-1079615","1":"product","2":"type-product","3":"status-publish","4":"has-post-thumbnail","6":"product_cat-dweller-de","7":"product_cat-beleuchtung","8":"product_cat-haengelampen-de","9":"product_cat-bestsellers-de","10":"product_cat-neuheiten-de","11":"product_shipping_class-pk","13":"pa_color-matt-wei","14":"pa_material-eisen-de","15":"pa_material-glas-de","17":"first","18":"instock","19":"featured","20":"taxable","21":"shipping-taxable","22":"purchasable","23":"product-type-simple"},"exclude_global_add_ons":[],"addons":[],"acf":[],"yoast_head":"<!-- This site is optimized with the Yoast SEO plugin v26.4 - https:\/\/yoast.com\/wordpress\/plugins\/seo\/ -->\n<title>Pilule H\u00e4ngelampe Dobbelt Matt Wei\u00df - H\u00fcbsch<\/title>\n<meta name=\"description\" content=\"Ein Leuchten mit Charakter \u2014 und ein Augenzwinkern in die Vergangenheit. Die Pilule H\u00e4ngelampe in mattem Wei\u00df vereint sanftes Opalglas, elegante\" \/>\n<meta name=\"robots\" content=\"index, follow, max-snippet:-1, max-image-preview:large, max-video-preview:-1\" \/>\n<link rel=\"canonical\" href=\"https:\/\/hubsch-interior.com\/de\/wp-json\/wp\/v2\/product\/1079615\" \/>\n<meta property=\"og:locale\" content=\"de_DE\" \/>\n<meta property=\"og:type\" content=\"article\" \/>\n<meta property=\"og:title\" content=\"Pilule H\u00e4ngelampe Dobbelt Matt Wei\u00df - H\u00fcbsch\" \/>\n<meta property=\"og:description\" content=\"Ein Leuchten mit Charakter \u2014 und ein Augenzwinkern in die Vergangenheit. Die Pilule H\u00e4ngelampe in mattem Wei\u00df vereint sanftes Opalglas, elegante\" \/>\n<meta property=\"og:url\" content=\"https:\/\/hubsch-interior.com\/de\/produkt\/pilule-hangelampe-dobbelt-matt-weis\/\" \/>\n<meta property=\"og:site_name\" content=\"H\u00fcbsch\" \/>\n<meta property=\"article:modified_time\" content=\"2026-04-09T03:09:47+00:00\" \/>\n<meta property=\"og:image\" content=\"https:\/\/hubsch-interior.com\/wp-content\/uploads\/2026\/01\/pilule-pendant-double-matt-white-4877908d65e51c5ec960013cd70109e3.jpg\" \/>\n\t<meta property=\"og:image:width\" content=\"1200\" \/>\n\t<meta property=\"og:image:height\" content=\"1200\" \/>\n\t<meta property=\"og:image:type\" content=\"image\/jpeg\" \/>\n<meta name=\"twitter:card\" content=\"summary_large_image\" \/>\n<script type=\"application\/ld+json\" class=\"yoast-schema-graph\">{\"@context\":\"https:\/\/schema.org\",\"@graph\":[{\"@type\":\"WebPage\",\"@id\":\"https:\/\/hubsch-interior.com\/de\/produkt\/pilule-hangelampe-dobbelt-matt-weis\/\",\"url\":\"https:\/\/hubsch-interior.com\/de\/produkt\/pilule-hangelampe-dobbelt-matt-weis\/\",\"name\":\"Pilule H\u00e4ngelampe Dobbelt Matt Wei\u00df - H\u00fcbsch\",\"isPartOf\":{\"@id\":\"https:\/\/hubsch-interior.com\/de\/#website\"},\"primaryImageOfPage\":{\"@id\":\"https:\/\/hubsch-interior.com\/de\/produkt\/pilule-hangelampe-dobbelt-matt-weis\/#primaryimage\"},\"image\":{\"@id\":\"https:\/\/hubsch-interior.com\/de\/produkt\/pilule-hangelampe-dobbelt-matt-weis\/#primaryimage\"},\"thumbnailUrl\":\"https:\/\/hubsch-interior.com\/wp-content\/uploads\/2026\/02\/pilule-pendant-double-matt-white-ae49bb41f5efcb142843bf0a5302bcba.jpg\",\"datePublished\":\"2026-01-20T03:39:45+00:00\",\"dateModified\":\"2026-04-09T03:09:47+00:00\",\"description\":\"Ein Leuchten mit Charakter \u2014 und ein Augenzwinkern in die Vergangenheit. Die Pilule H\u00e4ngelampe in mattem Wei\u00df vereint sanftes Opalglas, elegante\",\"breadcrumb\":{\"@id\":\"https:\/\/hubsch-interior.com\/de\/produkt\/pilule-hangelampe-dobbelt-matt-weis\/#breadcrumb\"},\"inLanguage\":\"de\",\"potentialAction\":[{\"@type\":\"ReadAction\",\"target\":[\"https:\/\/hubsch-interior.com\/de\/produkt\/pilule-hangelampe-dobbelt-matt-weis\/\"]}]},{\"@type\":\"ImageObject\",\"inLanguage\":\"de\",\"@id\":\"https:\/\/hubsch-interior.com\/de\/produkt\/pilule-hangelampe-dobbelt-matt-weis\/#primaryimage\",\"url\":\"https:\/\/hubsch-interior.com\/wp-content\/uploads\/2026\/02\/pilule-pendant-double-matt-white-ae49bb41f5efcb142843bf0a5302bcba.jpg\",\"contentUrl\":\"https:\/\/hubsch-interior.com\/wp-content\/uploads\/2026\/02\/pilule-pendant-double-matt-white-ae49bb41f5efcb142843bf0a5302bcba.jpg\",\"width\":1024,\"height\":1024},{\"@type\":\"BreadcrumbList\",\"@id\":\"https:\/\/hubsch-interior.com\/de\/produkt\/pilule-hangelampe-dobbelt-matt-weis\/#breadcrumb\",\"itemListElement\":[{\"@type\":\"ListItem\",\"position\":1,\"name\":\"Startseite\",\"item\":\"https:\/\/hubsch-interior.com\/de\/\"},{\"@type\":\"ListItem\",\"position\":2,\"name\":\"Produkte\",\"item\":\"https:\/\/hubsch-interior.com\/de\/shop-2\/\"},{\"@type\":\"ListItem\",\"position\":3,\"name\":\"Pilule H\u00e4ngelampe Dobbelt Matt Wei\u00df\"}]},{\"@type\":\"WebSite\",\"@id\":\"https:\/\/hubsch-interior.com\/de\/#website\",\"url\":\"https:\/\/hubsch-interior.com\/de\/\",\"name\":\"H\u00fcbsch\",\"description\":\"Danish Home Interior and Design\",\"publisher\":{\"@id\":\"https:\/\/hubsch-interior.com\/de\/#organization\"},\"potentialAction\":[{\"@type\":\"SearchAction\",\"target\":{\"@type\":\"EntryPoint\",\"urlTemplate\":\"https:\/\/hubsch-interior.com\/de\/?s={search_term_string}\"},\"query-input\":{\"@type\":\"PropertyValueSpecification\",\"valueRequired\":true,\"valueName\":\"search_term_string\"}}],\"inLanguage\":\"de\"},{\"@type\":\"Organization\",\"@id\":\"https:\/\/hubsch-interior.com\/de\/#organization\",\"name\":\"H\u00fcbsch\",\"url\":\"https:\/\/hubsch-interior.com\/de\/\",\"logo\":{\"@type\":\"ImageObject\",\"inLanguage\":\"de\",\"@id\":\"https:\/\/hubsch-interior.com\/de\/#\/schema\/logo\/image\/\",\"url\":\"https:\/\/hubsch-interior.com\/wp-content\/uploads\/2022\/12\/Hubsch_logo_black_one_line.svg\",\"contentUrl\":\"https:\/\/hubsch-interior.com\/wp-content\/uploads\/2022\/12\/Hubsch_logo_black_one_line.svg\",\"caption\":\"H\u00fcbsch\"},\"image\":{\"@id\":\"https:\/\/hubsch-interior.com\/de\/#\/schema\/logo\/image\/\"}}]}<\/script>\n<!-- \/ Yoast SEO plugin. -->","yoast_head_json":{"title":"Pilule H\u00e4ngelampe Dobbelt Matt Wei\u00df - H\u00fcbsch","description":"Ein Leuchten mit Charakter \u2014 und ein Augenzwinkern in die Vergangenheit. Die Pilule H\u00e4ngelampe in mattem Wei\u00df vereint sanftes Opalglas, elegante","robots":{"index":"index","follow":"follow","max-snippet":"max-snippet:-1","max-image-preview":"max-image-preview:large","max-video-preview":"max-video-preview:-1"},"canonical":"https:\/\/hubsch-interior.com\/de\/wp-json\/wp\/v2\/product\/1079615","og_locale":"de_DE","og_type":"article","og_title":"Pilule H\u00e4ngelampe Dobbelt Matt Wei\u00df - H\u00fcbsch","og_description":"Ein Leuchten mit Charakter \u2014 und ein Augenzwinkern in die Vergangenheit. Die Pilule H\u00e4ngelampe in mattem Wei\u00df vereint sanftes Opalglas, elegante","og_url":"https:\/\/hubsch-interior.com\/de\/produkt\/pilule-hangelampe-dobbelt-matt-weis\/","og_site_name":"H\u00fcbsch","article_modified_time":"2026-04-09T03:09:47+00:00","og_image":[{"width":1200,"height":1200,"url":"https:\/\/hubsch-interior.com\/wp-content\/uploads\/2026\/01\/pilule-pendant-double-matt-white-4877908d65e51c5ec960013cd70109e3.jpg","type":"image\/jpeg"}],"twitter_card":"summary_large_image","schema":{"@context":"https:\/\/schema.org","@graph":[{"@type":"WebPage","@id":"https:\/\/hubsch-interior.com\/de\/produkt\/pilule-hangelampe-dobbelt-matt-weis\/","url":"https:\/\/hubsch-interior.com\/de\/produkt\/pilule-hangelampe-dobbelt-matt-weis\/","name":"Pilule H\u00e4ngelampe Dobbelt Matt Wei\u00df - H\u00fcbsch","isPartOf":{"@id":"https:\/\/hubsch-interior.com\/de\/#website"},"primaryImageOfPage":{"@id":"https:\/\/hubsch-interior.com\/de\/produkt\/pilule-hangelampe-dobbelt-matt-weis\/#primaryimage"},"image":{"@id":"https:\/\/hubsch-interior.com\/de\/produkt\/pilule-hangelampe-dobbelt-matt-weis\/#primaryimage"},"thumbnailUrl":"https:\/\/hubsch-interior.com\/wp-content\/uploads\/2026\/02\/pilule-pendant-double-matt-white-ae49bb41f5efcb142843bf0a5302bcba.jpg","datePublished":"2026-01-20T03:39:45+00:00","dateModified":"2026-04-09T03:09:47+00:00","description":"Ein Leuchten mit Charakter \u2014 und ein Augenzwinkern in die Vergangenheit. Die Pilule H\u00e4ngelampe in mattem Wei\u00df vereint sanftes Opalglas, elegante","breadcrumb":{"@id":"https:\/\/hubsch-interior.com\/de\/produkt\/pilule-hangelampe-dobbelt-matt-weis\/#breadcrumb"},"inLanguage":"de","potentialAction":[{"@type":"ReadAction","target":["https:\/\/hubsch-interior.com\/de\/produkt\/pilule-hangelampe-dobbelt-matt-weis\/"]}]},{"@type":"ImageObject","inLanguage":"de","@id":"https:\/\/hubsch-interior.com\/de\/produkt\/pilule-hangelampe-dobbelt-matt-weis\/#primaryimage","url":"https:\/\/hubsch-interior.com\/wp-content\/uploads\/2026\/02\/pilule-pendant-double-matt-white-ae49bb41f5efcb142843bf0a5302bcba.jpg","contentUrl":"https:\/\/hubsch-interior.com\/wp-content\/uploads\/2026\/02\/pilule-pendant-double-matt-white-ae49bb41f5efcb142843bf0a5302bcba.jpg","width":1024,"height":1024},{"@type":"BreadcrumbList","@id":"https:\/\/hubsch-interior.com\/de\/produkt\/pilule-hangelampe-dobbelt-matt-weis\/#breadcrumb","itemListElement":[{"@type":"ListItem","position":1,"name":"Startseite","item":"https:\/\/hubsch-interior.com\/de\/"},{"@type":"ListItem","position":2,"name":"Produkte","item":"https:\/\/hubsch-interior.com\/de\/shop-2\/"},{"@type":"ListItem","position":3,"name":"Pilule H\u00e4ngelampe Dobbelt Matt Wei\u00df"}]},{"@type":"WebSite","@id":"https:\/\/hubsch-interior.com\/de\/#website","url":"https:\/\/hubsch-interior.com\/de\/","name":"H\u00fcbsch","description":"Danish Home Interior and Design","publisher":{"@id":"https:\/\/hubsch-interior.com\/de\/#organization"},"potentialAction":[{"@type":"SearchAction","target":{"@type":"EntryPoint","urlTemplate":"https:\/\/hubsch-interior.com\/de\/?s={search_term_string}"},"query-input":{"@type":"PropertyValueSpecification","valueRequired":true,"valueName":"search_term_string"}}],"inLanguage":"de"},{"@type":"Organization","@id":"https:\/\/hubsch-interior.com\/de\/#organization","name":"H\u00fcbsch","url":"https:\/\/hubsch-interior.com\/de\/","logo":{"@type":"ImageObject","inLanguage":"de","@id":"https:\/\/hubsch-interior.com\/de\/#\/schema\/logo\/image\/","url":"https:\/\/hubsch-interior.com\/wp-content\/uploads\/2022\/12\/Hubsch_logo_black_one_line.svg","contentUrl":"https:\/\/hubsch-interior.com\/wp-content\/uploads\/2022\/12\/Hubsch_logo_black_one_line.svg","caption":"H\u00fcbsch"},"image":{"@id":"https:\/\/hubsch-interior.com\/de\/#\/schema\/logo\/image\/"}}]}},"_links":{"self":[{"href":"https:\/\/hubsch-interior.com\/de\/wp-json\/wp\/v2\/product\/1079615","targetHints":{"allow":["GET"]}}],"collection":[{"href":"https:\/\/hubsch-interior.com\/de\/wp-json\/wp\/v2\/product"}],"about":[{"href":"https:\/\/hubsch-interior.com\/de\/wp-json\/wp\/v2\/types\/product"}],"wp:featuredmedia":[{"embeddable":true,"href":"https:\/\/hubsch-interior.com\/de\/wp-json\/wp\/v2\/media\/1108328"}],"wp:attachment":[{"href":"https:\/\/hubsch-interior.com\/de\/wp-json\/wp\/v2\/media?parent=1079615"}],"wp:term":[{"taxonomy":"product_brand","embeddable":true,"href":"https:\/\/hubsch-interior.com\/de\/wp-json\/wp\/v2\/product_brand?post=1079615"},{"taxonomy":"product_cat","embeddable":true,"href":"https:\/\/hubsch-interior.com\/de\/wp-json\/wp\/v2\/product_cat?post=1079615"},{"taxonomy":"product_tag","embeddable":true,"href":"https:\/\/hubsch-interior.com\/de\/wp-json\/wp\/v2\/product_tag?post=1079615"}],"curies":[{"name":"wp","href":"https:\/\/api.w.org\/{rel}","templated":true}]}}