{"id":1080259,"date":"2026-01-22T12:02:56","date_gmt":"2026-01-22T11:02:56","guid":{"rendered":"https:\/\/hubsch-interior.com\/product\/product\/"},"modified":"2026-04-05T04:59:52","modified_gmt":"2026-04-05T02:59:52","slug":"arkive-schreibtisch-organizer-naturfarben","status":"publish","type":"product","link":"https:\/\/hubsch-interior.com\/de\/produkt\/arkive-schreibtisch-organizer-naturfarben\/","title":{"rendered":"Arkiv\u00e9 Schreibtisch Organizer Naturfarben"},"content":{"rendered":"<p>Wo Ordnung auf Eiche trifft. Der Arkiv\u00e9 Schreibtisch Organizer verwandelt allt\u00e4gliches Chaos in Ruhe und bietet eine wundersch\u00f6n einfache M\u00f6glichkeit, Papiere, Notizb\u00fccher oder Zeitschriften in Ordnung zu halten. Aus FSC-zertifizierter Eiche gefertigt, verleiht er Ihrem Arbeitsplatz W\u00e4rme, Struktur und eine nat\u00fcrliche Eleganz. Entworfen f\u00fcr diejenigen, die Klarheit und Handwerk sch\u00e4tzen, verwandelt er Aufbewahrung in etwas, das Sie gerne zeigen m\u00f6chten. Ein kleines, aber m\u00e4chtiges St\u00fcck, das Platz schafft f\u00fcr das, was am wichtigsten ist.<\/p>\n","protected":false},"excerpt":{"rendered":"<p>Wo Ordnung auf Eiche trifft. Der Arkiv\u00e9 Schreibtisch Organizer verwandelt allt\u00e4gliches Chaos in Ruhe und bietet eine wundersch\u00f6n einfache M\u00f6glichkeit, Papiere, Notizb\u00fccher oder Zeitschriften in Ordnung zu halten. Aus FSC-zertifizierter Eiche gefertigt, verleiht er Ihrem Arbeitsplatz W\u00e4rme, Struktur und eine nat\u00fcrliche Eleganz. Entworfen f\u00fcr diejenigen, die Klarheit und Handwerk sch\u00e4tzen, verwandelt er Aufbewahrung in etwas, [&hellip;]<\/p>\n","protected":false},"featured_media":1105001,"template":"","meta":{"_acf_changed":false,"inline_featured_image":false},"product_brand":[],"product_cat":[7155,6323,4155,4961,5027,5047],"product_tag":[],"class_list":{"0":"post-1080259","1":"product","2":"type-product","3":"status-publish","4":"has-post-thumbnail","6":"product_cat-dweller-de","7":"product_cat-fsc-de","8":"product_cat-buero-de","9":"product_cat-aufbewahrungsbox-de","10":"product_cat-bestsellers-de","11":"product_cat-neuheiten-de","12":"product_shipping_class-pk","14":"pa_color-naturfarben-2","15":"pa_material-mdf-de","16":"pa_material-eichenfurnier","18":"first","19":"instock","20":"featured","21":"taxable","22":"shipping-taxable","23":"purchasable","24":"product-type-simple"},"exclude_global_add_ons":[],"addons":[],"acf":[],"yoast_head":"<!-- This site is optimized with the Yoast SEO plugin v26.4 - https:\/\/yoast.com\/wordpress\/plugins\/seo\/ -->\n<title>Arkiv\u00e9 Schreibtisch Organizer Naturfarben - H\u00fcbsch<\/title>\n<meta name=\"description\" content=\"Wo Ordnung auf Eiche trifft. Der Arkiv\u00e9 Schreibtisch Organizer verwandelt allt\u00e4gliches Chaos in Ruhe und bietet eine wundersch\u00f6n einfache M\u00f6glichkeit,\" \/>\n<meta name=\"robots\" content=\"index, follow, max-snippet:-1, max-image-preview:large, max-video-preview:-1\" \/>\n<link rel=\"canonical\" href=\"https:\/\/hubsch-interior.com\/de\/wp-json\/wp\/v2\/product\/1080259\" \/>\n<meta property=\"og:locale\" content=\"de_DE\" \/>\n<meta property=\"og:type\" content=\"article\" \/>\n<meta property=\"og:title\" content=\"Arkiv\u00e9 Schreibtisch Organizer Naturfarben - H\u00fcbsch\" \/>\n<meta property=\"og:description\" content=\"Wo Ordnung auf Eiche trifft. Der Arkiv\u00e9 Schreibtisch Organizer verwandelt allt\u00e4gliches Chaos in Ruhe und bietet eine wundersch\u00f6n einfache M\u00f6glichkeit,\" \/>\n<meta property=\"og:url\" content=\"https:\/\/hubsch-interior.com\/de\/produkt\/arkive-schreibtisch-organizer-naturfarben\/\" \/>\n<meta property=\"og:site_name\" content=\"H\u00fcbsch\" \/>\n<meta property=\"article:modified_time\" content=\"2026-04-05T02:59:52+00:00\" \/>\n<meta property=\"og:image\" content=\"https:\/\/hubsch-interior.com\/wp-content\/uploads\/2026\/01\/arkive-desk-organiser-natural-7470895cb6453a1034b0b95829f8f59c.jpg\" \/>\n\t<meta property=\"og:image:width\" content=\"1200\" \/>\n\t<meta property=\"og:image:height\" content=\"1200\" \/>\n\t<meta property=\"og:image:type\" content=\"image\/jpeg\" \/>\n<meta name=\"twitter:card\" content=\"summary_large_image\" \/>\n<script type=\"application\/ld+json\" class=\"yoast-schema-graph\">{\"@context\":\"https:\/\/schema.org\",\"@graph\":[{\"@type\":\"WebPage\",\"@id\":\"https:\/\/hubsch-interior.com\/de\/produkt\/arkive-schreibtisch-organizer-naturfarben\/\",\"url\":\"https:\/\/hubsch-interior.com\/de\/produkt\/arkive-schreibtisch-organizer-naturfarben\/\",\"name\":\"Arkiv\u00e9 Schreibtisch Organizer Naturfarben - H\u00fcbsch\",\"isPartOf\":{\"@id\":\"https:\/\/hubsch-interior.com\/de\/#website\"},\"primaryImageOfPage\":{\"@id\":\"https:\/\/hubsch-interior.com\/de\/produkt\/arkive-schreibtisch-organizer-naturfarben\/#primaryimage\"},\"image\":{\"@id\":\"https:\/\/hubsch-interior.com\/de\/produkt\/arkive-schreibtisch-organizer-naturfarben\/#primaryimage\"},\"thumbnailUrl\":\"https:\/\/hubsch-interior.com\/wp-content\/uploads\/2026\/02\/arkive-desk-organiser-natural-10d52455b2ff5e9ff499404ec335e0fe.jpg\",\"datePublished\":\"2026-01-22T11:02:56+00:00\",\"dateModified\":\"2026-04-05T02:59:52+00:00\",\"description\":\"Wo Ordnung auf Eiche trifft. Der Arkiv\u00e9 Schreibtisch Organizer verwandelt allt\u00e4gliches Chaos in Ruhe und bietet eine wundersch\u00f6n einfache M\u00f6glichkeit,\",\"breadcrumb\":{\"@id\":\"https:\/\/hubsch-interior.com\/de\/produkt\/arkive-schreibtisch-organizer-naturfarben\/#breadcrumb\"},\"inLanguage\":\"de\",\"potentialAction\":[{\"@type\":\"ReadAction\",\"target\":[\"https:\/\/hubsch-interior.com\/de\/produkt\/arkive-schreibtisch-organizer-naturfarben\/\"]}]},{\"@type\":\"ImageObject\",\"inLanguage\":\"de\",\"@id\":\"https:\/\/hubsch-interior.com\/de\/produkt\/arkive-schreibtisch-organizer-naturfarben\/#primaryimage\",\"url\":\"https:\/\/hubsch-interior.com\/wp-content\/uploads\/2026\/02\/arkive-desk-organiser-natural-10d52455b2ff5e9ff499404ec335e0fe.jpg\",\"contentUrl\":\"https:\/\/hubsch-interior.com\/wp-content\/uploads\/2026\/02\/arkive-desk-organiser-natural-10d52455b2ff5e9ff499404ec335e0fe.jpg\",\"width\":1024,\"height\":1024},{\"@type\":\"BreadcrumbList\",\"@id\":\"https:\/\/hubsch-interior.com\/de\/produkt\/arkive-schreibtisch-organizer-naturfarben\/#breadcrumb\",\"itemListElement\":[{\"@type\":\"ListItem\",\"position\":1,\"name\":\"Startseite\",\"item\":\"https:\/\/hubsch-interior.com\/de\/\"},{\"@type\":\"ListItem\",\"position\":2,\"name\":\"Produkte\",\"item\":\"https:\/\/hubsch-interior.com\/de\/shop-2\/\"},{\"@type\":\"ListItem\",\"position\":3,\"name\":\"Arkiv\u00e9 Schreibtisch Organizer Naturfarben\"}]},{\"@type\":\"WebSite\",\"@id\":\"https:\/\/hubsch-interior.com\/de\/#website\",\"url\":\"https:\/\/hubsch-interior.com\/de\/\",\"name\":\"H\u00fcbsch\",\"description\":\"Danish Home Interior and Design\",\"publisher\":{\"@id\":\"https:\/\/hubsch-interior.com\/de\/#organization\"},\"potentialAction\":[{\"@type\":\"SearchAction\",\"target\":{\"@type\":\"EntryPoint\",\"urlTemplate\":\"https:\/\/hubsch-interior.com\/de\/?s={search_term_string}\"},\"query-input\":{\"@type\":\"PropertyValueSpecification\",\"valueRequired\":true,\"valueName\":\"search_term_string\"}}],\"inLanguage\":\"de\"},{\"@type\":\"Organization\",\"@id\":\"https:\/\/hubsch-interior.com\/de\/#organization\",\"name\":\"H\u00fcbsch\",\"url\":\"https:\/\/hubsch-interior.com\/de\/\",\"logo\":{\"@type\":\"ImageObject\",\"inLanguage\":\"de\",\"@id\":\"https:\/\/hubsch-interior.com\/de\/#\/schema\/logo\/image\/\",\"url\":\"https:\/\/hubsch-interior.com\/wp-content\/uploads\/2022\/12\/Hubsch_logo_black_one_line.svg\",\"contentUrl\":\"https:\/\/hubsch-interior.com\/wp-content\/uploads\/2022\/12\/Hubsch_logo_black_one_line.svg\",\"caption\":\"H\u00fcbsch\"},\"image\":{\"@id\":\"https:\/\/hubsch-interior.com\/de\/#\/schema\/logo\/image\/\"}}]}<\/script>\n<!-- \/ Yoast SEO plugin. -->","yoast_head_json":{"title":"Arkiv\u00e9 Schreibtisch Organizer Naturfarben - H\u00fcbsch","description":"Wo Ordnung auf Eiche trifft. Der Arkiv\u00e9 Schreibtisch Organizer verwandelt allt\u00e4gliches Chaos in Ruhe und bietet eine wundersch\u00f6n einfache M\u00f6glichkeit,","robots":{"index":"index","follow":"follow","max-snippet":"max-snippet:-1","max-image-preview":"max-image-preview:large","max-video-preview":"max-video-preview:-1"},"canonical":"https:\/\/hubsch-interior.com\/de\/wp-json\/wp\/v2\/product\/1080259","og_locale":"de_DE","og_type":"article","og_title":"Arkiv\u00e9 Schreibtisch Organizer Naturfarben - H\u00fcbsch","og_description":"Wo Ordnung auf Eiche trifft. Der Arkiv\u00e9 Schreibtisch Organizer verwandelt allt\u00e4gliches Chaos in Ruhe und bietet eine wundersch\u00f6n einfache M\u00f6glichkeit,","og_url":"https:\/\/hubsch-interior.com\/de\/produkt\/arkive-schreibtisch-organizer-naturfarben\/","og_site_name":"H\u00fcbsch","article_modified_time":"2026-04-05T02:59:52+00:00","og_image":[{"width":1200,"height":1200,"url":"https:\/\/hubsch-interior.com\/wp-content\/uploads\/2026\/01\/arkive-desk-organiser-natural-7470895cb6453a1034b0b95829f8f59c.jpg","type":"image\/jpeg"}],"twitter_card":"summary_large_image","schema":{"@context":"https:\/\/schema.org","@graph":[{"@type":"WebPage","@id":"https:\/\/hubsch-interior.com\/de\/produkt\/arkive-schreibtisch-organizer-naturfarben\/","url":"https:\/\/hubsch-interior.com\/de\/produkt\/arkive-schreibtisch-organizer-naturfarben\/","name":"Arkiv\u00e9 Schreibtisch Organizer Naturfarben - H\u00fcbsch","isPartOf":{"@id":"https:\/\/hubsch-interior.com\/de\/#website"},"primaryImageOfPage":{"@id":"https:\/\/hubsch-interior.com\/de\/produkt\/arkive-schreibtisch-organizer-naturfarben\/#primaryimage"},"image":{"@id":"https:\/\/hubsch-interior.com\/de\/produkt\/arkive-schreibtisch-organizer-naturfarben\/#primaryimage"},"thumbnailUrl":"https:\/\/hubsch-interior.com\/wp-content\/uploads\/2026\/02\/arkive-desk-organiser-natural-10d52455b2ff5e9ff499404ec335e0fe.jpg","datePublished":"2026-01-22T11:02:56+00:00","dateModified":"2026-04-05T02:59:52+00:00","description":"Wo Ordnung auf Eiche trifft. Der Arkiv\u00e9 Schreibtisch Organizer verwandelt allt\u00e4gliches Chaos in Ruhe und bietet eine wundersch\u00f6n einfache M\u00f6glichkeit,","breadcrumb":{"@id":"https:\/\/hubsch-interior.com\/de\/produkt\/arkive-schreibtisch-organizer-naturfarben\/#breadcrumb"},"inLanguage":"de","potentialAction":[{"@type":"ReadAction","target":["https:\/\/hubsch-interior.com\/de\/produkt\/arkive-schreibtisch-organizer-naturfarben\/"]}]},{"@type":"ImageObject","inLanguage":"de","@id":"https:\/\/hubsch-interior.com\/de\/produkt\/arkive-schreibtisch-organizer-naturfarben\/#primaryimage","url":"https:\/\/hubsch-interior.com\/wp-content\/uploads\/2026\/02\/arkive-desk-organiser-natural-10d52455b2ff5e9ff499404ec335e0fe.jpg","contentUrl":"https:\/\/hubsch-interior.com\/wp-content\/uploads\/2026\/02\/arkive-desk-organiser-natural-10d52455b2ff5e9ff499404ec335e0fe.jpg","width":1024,"height":1024},{"@type":"BreadcrumbList","@id":"https:\/\/hubsch-interior.com\/de\/produkt\/arkive-schreibtisch-organizer-naturfarben\/#breadcrumb","itemListElement":[{"@type":"ListItem","position":1,"name":"Startseite","item":"https:\/\/hubsch-interior.com\/de\/"},{"@type":"ListItem","position":2,"name":"Produkte","item":"https:\/\/hubsch-interior.com\/de\/shop-2\/"},{"@type":"ListItem","position":3,"name":"Arkiv\u00e9 Schreibtisch Organizer Naturfarben"}]},{"@type":"WebSite","@id":"https:\/\/hubsch-interior.com\/de\/#website","url":"https:\/\/hubsch-interior.com\/de\/","name":"H\u00fcbsch","description":"Danish Home Interior and Design","publisher":{"@id":"https:\/\/hubsch-interior.com\/de\/#organization"},"potentialAction":[{"@type":"SearchAction","target":{"@type":"EntryPoint","urlTemplate":"https:\/\/hubsch-interior.com\/de\/?s={search_term_string}"},"query-input":{"@type":"PropertyValueSpecification","valueRequired":true,"valueName":"search_term_string"}}],"inLanguage":"de"},{"@type":"Organization","@id":"https:\/\/hubsch-interior.com\/de\/#organization","name":"H\u00fcbsch","url":"https:\/\/hubsch-interior.com\/de\/","logo":{"@type":"ImageObject","inLanguage":"de","@id":"https:\/\/hubsch-interior.com\/de\/#\/schema\/logo\/image\/","url":"https:\/\/hubsch-interior.com\/wp-content\/uploads\/2022\/12\/Hubsch_logo_black_one_line.svg","contentUrl":"https:\/\/hubsch-interior.com\/wp-content\/uploads\/2022\/12\/Hubsch_logo_black_one_line.svg","caption":"H\u00fcbsch"},"image":{"@id":"https:\/\/hubsch-interior.com\/de\/#\/schema\/logo\/image\/"}}]}},"_links":{"self":[{"href":"https:\/\/hubsch-interior.com\/de\/wp-json\/wp\/v2\/product\/1080259","targetHints":{"allow":["GET"]}}],"collection":[{"href":"https:\/\/hubsch-interior.com\/de\/wp-json\/wp\/v2\/product"}],"about":[{"href":"https:\/\/hubsch-interior.com\/de\/wp-json\/wp\/v2\/types\/product"}],"wp:featuredmedia":[{"embeddable":true,"href":"https:\/\/hubsch-interior.com\/de\/wp-json\/wp\/v2\/media\/1105001"}],"wp:attachment":[{"href":"https:\/\/hubsch-interior.com\/de\/wp-json\/wp\/v2\/media?parent=1080259"}],"wp:term":[{"taxonomy":"product_brand","embeddable":true,"href":"https:\/\/hubsch-interior.com\/de\/wp-json\/wp\/v2\/product_brand?post=1080259"},{"taxonomy":"product_cat","embeddable":true,"href":"https:\/\/hubsch-interior.com\/de\/wp-json\/wp\/v2\/product_cat?post=1080259"},{"taxonomy":"product_tag","embeddable":true,"href":"https:\/\/hubsch-interior.com\/de\/wp-json\/wp\/v2\/product_tag?post=1080259"}],"curies":[{"name":"wp","href":"https:\/\/api.w.org\/{rel}","templated":true}]}}