{"id":1080289,"date":"2026-01-22T12:02:58","date_gmt":"2026-01-22T11:02:58","guid":{"rendered":"https:\/\/hubsch-interior.com\/product\/product\/"},"modified":"2026-04-21T04:56:16","modified_gmt":"2026-04-21T02:56:16","slug":"still-spiegel-naturfarben","status":"publish","type":"product","link":"https:\/\/hubsch-interior.com\/de\/produkt\/still-spiegel-naturfarben\/","title":{"rendered":"Still Spiegel Naturfarben"},"content":{"rendered":"<p>Stille Eleganz, widergespiegelt. Der Still Spiegel vereint zeitlose Schlichtheit mit durchdachten Details, gefertigt aus FSC-zertifizierter Eiche f\u00fcr anhaltende Sch\u00f6nheit und nat\u00fcrliche W\u00e4rme. Sein eleganter Rahmen umfasst ein dezentes Ablagefach \u2013 ideal f\u00fcr Schl\u00fcssel, Schmuck oder kleine t\u00e4gliche Essentials. Ob im Flur oder im Schlafzimmer platziert, er hebt Ihre t\u00e4glichen Routinen m\u00fchelos hervor. Ein funktionales Lieblingsst\u00fcck, das nicht nur Ihr Bild, sondern auch Ihr Gef\u00fchl von Ruhe und Klarheit widerspiegelt.<\/p>\n","protected":false},"excerpt":{"rendered":"<p>Stille Eleganz, widergespiegelt. Der Still Spiegel vereint zeitlose Schlichtheit mit durchdachten Details, gefertigt aus FSC-zertifizierter Eiche f\u00fcr anhaltende Sch\u00f6nheit und nat\u00fcrliche W\u00e4rme. Sein eleganter Rahmen umfasst ein dezentes Ablagefach \u2013 ideal f\u00fcr Schl\u00fcssel, Schmuck oder kleine t\u00e4gliche Essentials. Ob im Flur oder im Schlafzimmer platziert, er hebt Ihre t\u00e4glichen Routinen m\u00fchelos hervor. Ein funktionales Lieblingsst\u00fcck, [&hellip;]<\/p>\n","protected":false},"featured_media":1105009,"template":"","meta":{"_acf_changed":false,"inline_featured_image":false},"product_brand":[],"product_cat":[7155,6323,2925,2926,5027,5047],"product_tag":[],"class_list":{"0":"post-1080289","1":"product","2":"type-product","3":"status-publish","4":"has-post-thumbnail","6":"product_cat-dweller-de","7":"product_cat-fsc-de","8":"product_cat-spiegel-de","9":"product_cat-wandspiegel-de","10":"product_cat-bestsellers-de","11":"product_cat-neuheiten-de","12":"product_shipping_class-pk","14":"pa_color-naturfarben-2","15":"pa_material-mdf-de","16":"pa_material-spiegelglas","17":"pa_material-eichenholz","19":"first","20":"instock","21":"featured","22":"taxable","23":"shipping-taxable","24":"purchasable","25":"product-type-simple"},"exclude_global_add_ons":[],"addons":[],"acf":[],"yoast_head":"<!-- This site is optimized with the Yoast SEO plugin v26.4 - https:\/\/yoast.com\/wordpress\/plugins\/seo\/ -->\n<title>Still Spiegel Naturfarben - H\u00fcbsch<\/title>\n<meta name=\"description\" content=\"Stille Eleganz, widergespiegelt. Der Still Spiegel vereint zeitlose Schlichtheit mit durchdachten Details, gefertigt aus FSC-zertifizierter Eiche f\u00fcr\" \/>\n<meta name=\"robots\" content=\"index, follow, max-snippet:-1, max-image-preview:large, max-video-preview:-1\" \/>\n<link rel=\"canonical\" href=\"https:\/\/hubsch-interior.com\/de\/wp-json\/wp\/v2\/product\/1080289\" \/>\n<meta property=\"og:locale\" content=\"de_DE\" \/>\n<meta property=\"og:type\" content=\"article\" \/>\n<meta property=\"og:title\" content=\"Still Spiegel Naturfarben - H\u00fcbsch\" \/>\n<meta property=\"og:description\" content=\"Stille Eleganz, widergespiegelt. Der Still Spiegel vereint zeitlose Schlichtheit mit durchdachten Details, gefertigt aus FSC-zertifizierter Eiche f\u00fcr\" \/>\n<meta property=\"og:url\" content=\"https:\/\/hubsch-interior.com\/de\/produkt\/still-spiegel-naturfarben\/\" \/>\n<meta property=\"og:site_name\" content=\"H\u00fcbsch\" \/>\n<meta property=\"article:modified_time\" content=\"2026-04-21T02:56:16+00:00\" \/>\n<meta property=\"og:image\" content=\"https:\/\/hubsch-interior.com\/wp-content\/uploads\/2026\/01\/still-mirror-natural-5cfd8dfefbefa262ac9c01e5ab9fdc5c.jpg\" \/>\n\t<meta property=\"og:image:width\" content=\"1200\" \/>\n\t<meta property=\"og:image:height\" content=\"1200\" \/>\n\t<meta property=\"og:image:type\" content=\"image\/jpeg\" \/>\n<meta name=\"twitter:card\" content=\"summary_large_image\" \/>\n<script type=\"application\/ld+json\" class=\"yoast-schema-graph\">{\"@context\":\"https:\/\/schema.org\",\"@graph\":[{\"@type\":\"WebPage\",\"@id\":\"https:\/\/hubsch-interior.com\/de\/produkt\/still-spiegel-naturfarben\/\",\"url\":\"https:\/\/hubsch-interior.com\/de\/produkt\/still-spiegel-naturfarben\/\",\"name\":\"Still Spiegel Naturfarben - H\u00fcbsch\",\"isPartOf\":{\"@id\":\"https:\/\/hubsch-interior.com\/de\/#website\"},\"primaryImageOfPage\":{\"@id\":\"https:\/\/hubsch-interior.com\/de\/produkt\/still-spiegel-naturfarben\/#primaryimage\"},\"image\":{\"@id\":\"https:\/\/hubsch-interior.com\/de\/produkt\/still-spiegel-naturfarben\/#primaryimage\"},\"thumbnailUrl\":\"https:\/\/hubsch-interior.com\/wp-content\/uploads\/2026\/02\/still-mirror-natural-6db5060602b128ed6cdd4fbc0b71a685.jpg\",\"datePublished\":\"2026-01-22T11:02:58+00:00\",\"dateModified\":\"2026-04-21T02:56:16+00:00\",\"description\":\"Stille Eleganz, widergespiegelt. Der Still Spiegel vereint zeitlose Schlichtheit mit durchdachten Details, gefertigt aus FSC-zertifizierter Eiche f\u00fcr\",\"breadcrumb\":{\"@id\":\"https:\/\/hubsch-interior.com\/de\/produkt\/still-spiegel-naturfarben\/#breadcrumb\"},\"inLanguage\":\"de\",\"potentialAction\":[{\"@type\":\"ReadAction\",\"target\":[\"https:\/\/hubsch-interior.com\/de\/produkt\/still-spiegel-naturfarben\/\"]}]},{\"@type\":\"ImageObject\",\"inLanguage\":\"de\",\"@id\":\"https:\/\/hubsch-interior.com\/de\/produkt\/still-spiegel-naturfarben\/#primaryimage\",\"url\":\"https:\/\/hubsch-interior.com\/wp-content\/uploads\/2026\/02\/still-mirror-natural-6db5060602b128ed6cdd4fbc0b71a685.jpg\",\"contentUrl\":\"https:\/\/hubsch-interior.com\/wp-content\/uploads\/2026\/02\/still-mirror-natural-6db5060602b128ed6cdd4fbc0b71a685.jpg\",\"width\":1024,\"height\":1024},{\"@type\":\"BreadcrumbList\",\"@id\":\"https:\/\/hubsch-interior.com\/de\/produkt\/still-spiegel-naturfarben\/#breadcrumb\",\"itemListElement\":[{\"@type\":\"ListItem\",\"position\":1,\"name\":\"Startseite\",\"item\":\"https:\/\/hubsch-interior.com\/de\/\"},{\"@type\":\"ListItem\",\"position\":2,\"name\":\"Produkte\",\"item\":\"https:\/\/hubsch-interior.com\/de\/shop-2\/\"},{\"@type\":\"ListItem\",\"position\":3,\"name\":\"Still Spiegel Naturfarben\"}]},{\"@type\":\"WebSite\",\"@id\":\"https:\/\/hubsch-interior.com\/de\/#website\",\"url\":\"https:\/\/hubsch-interior.com\/de\/\",\"name\":\"H\u00fcbsch\",\"description\":\"Danish Home Interior and Design\",\"publisher\":{\"@id\":\"https:\/\/hubsch-interior.com\/de\/#organization\"},\"potentialAction\":[{\"@type\":\"SearchAction\",\"target\":{\"@type\":\"EntryPoint\",\"urlTemplate\":\"https:\/\/hubsch-interior.com\/de\/?s={search_term_string}\"},\"query-input\":{\"@type\":\"PropertyValueSpecification\",\"valueRequired\":true,\"valueName\":\"search_term_string\"}}],\"inLanguage\":\"de\"},{\"@type\":\"Organization\",\"@id\":\"https:\/\/hubsch-interior.com\/de\/#organization\",\"name\":\"H\u00fcbsch\",\"url\":\"https:\/\/hubsch-interior.com\/de\/\",\"logo\":{\"@type\":\"ImageObject\",\"inLanguage\":\"de\",\"@id\":\"https:\/\/hubsch-interior.com\/de\/#\/schema\/logo\/image\/\",\"url\":\"https:\/\/hubsch-interior.com\/wp-content\/uploads\/2022\/12\/Hubsch_logo_black_one_line.svg\",\"contentUrl\":\"https:\/\/hubsch-interior.com\/wp-content\/uploads\/2022\/12\/Hubsch_logo_black_one_line.svg\",\"caption\":\"H\u00fcbsch\"},\"image\":{\"@id\":\"https:\/\/hubsch-interior.com\/de\/#\/schema\/logo\/image\/\"}}]}<\/script>\n<!-- \/ Yoast SEO plugin. -->","yoast_head_json":{"title":"Still Spiegel Naturfarben - H\u00fcbsch","description":"Stille Eleganz, widergespiegelt. Der Still Spiegel vereint zeitlose Schlichtheit mit durchdachten Details, gefertigt aus FSC-zertifizierter Eiche f\u00fcr","robots":{"index":"index","follow":"follow","max-snippet":"max-snippet:-1","max-image-preview":"max-image-preview:large","max-video-preview":"max-video-preview:-1"},"canonical":"https:\/\/hubsch-interior.com\/de\/wp-json\/wp\/v2\/product\/1080289","og_locale":"de_DE","og_type":"article","og_title":"Still Spiegel Naturfarben - H\u00fcbsch","og_description":"Stille Eleganz, widergespiegelt. Der Still Spiegel vereint zeitlose Schlichtheit mit durchdachten Details, gefertigt aus FSC-zertifizierter Eiche f\u00fcr","og_url":"https:\/\/hubsch-interior.com\/de\/produkt\/still-spiegel-naturfarben\/","og_site_name":"H\u00fcbsch","article_modified_time":"2026-04-21T02:56:16+00:00","og_image":[{"width":1200,"height":1200,"url":"https:\/\/hubsch-interior.com\/wp-content\/uploads\/2026\/01\/still-mirror-natural-5cfd8dfefbefa262ac9c01e5ab9fdc5c.jpg","type":"image\/jpeg"}],"twitter_card":"summary_large_image","schema":{"@context":"https:\/\/schema.org","@graph":[{"@type":"WebPage","@id":"https:\/\/hubsch-interior.com\/de\/produkt\/still-spiegel-naturfarben\/","url":"https:\/\/hubsch-interior.com\/de\/produkt\/still-spiegel-naturfarben\/","name":"Still Spiegel Naturfarben - H\u00fcbsch","isPartOf":{"@id":"https:\/\/hubsch-interior.com\/de\/#website"},"primaryImageOfPage":{"@id":"https:\/\/hubsch-interior.com\/de\/produkt\/still-spiegel-naturfarben\/#primaryimage"},"image":{"@id":"https:\/\/hubsch-interior.com\/de\/produkt\/still-spiegel-naturfarben\/#primaryimage"},"thumbnailUrl":"https:\/\/hubsch-interior.com\/wp-content\/uploads\/2026\/02\/still-mirror-natural-6db5060602b128ed6cdd4fbc0b71a685.jpg","datePublished":"2026-01-22T11:02:58+00:00","dateModified":"2026-04-21T02:56:16+00:00","description":"Stille Eleganz, widergespiegelt. Der Still Spiegel vereint zeitlose Schlichtheit mit durchdachten Details, gefertigt aus FSC-zertifizierter Eiche f\u00fcr","breadcrumb":{"@id":"https:\/\/hubsch-interior.com\/de\/produkt\/still-spiegel-naturfarben\/#breadcrumb"},"inLanguage":"de","potentialAction":[{"@type":"ReadAction","target":["https:\/\/hubsch-interior.com\/de\/produkt\/still-spiegel-naturfarben\/"]}]},{"@type":"ImageObject","inLanguage":"de","@id":"https:\/\/hubsch-interior.com\/de\/produkt\/still-spiegel-naturfarben\/#primaryimage","url":"https:\/\/hubsch-interior.com\/wp-content\/uploads\/2026\/02\/still-mirror-natural-6db5060602b128ed6cdd4fbc0b71a685.jpg","contentUrl":"https:\/\/hubsch-interior.com\/wp-content\/uploads\/2026\/02\/still-mirror-natural-6db5060602b128ed6cdd4fbc0b71a685.jpg","width":1024,"height":1024},{"@type":"BreadcrumbList","@id":"https:\/\/hubsch-interior.com\/de\/produkt\/still-spiegel-naturfarben\/#breadcrumb","itemListElement":[{"@type":"ListItem","position":1,"name":"Startseite","item":"https:\/\/hubsch-interior.com\/de\/"},{"@type":"ListItem","position":2,"name":"Produkte","item":"https:\/\/hubsch-interior.com\/de\/shop-2\/"},{"@type":"ListItem","position":3,"name":"Still Spiegel Naturfarben"}]},{"@type":"WebSite","@id":"https:\/\/hubsch-interior.com\/de\/#website","url":"https:\/\/hubsch-interior.com\/de\/","name":"H\u00fcbsch","description":"Danish Home Interior and Design","publisher":{"@id":"https:\/\/hubsch-interior.com\/de\/#organization"},"potentialAction":[{"@type":"SearchAction","target":{"@type":"EntryPoint","urlTemplate":"https:\/\/hubsch-interior.com\/de\/?s={search_term_string}"},"query-input":{"@type":"PropertyValueSpecification","valueRequired":true,"valueName":"search_term_string"}}],"inLanguage":"de"},{"@type":"Organization","@id":"https:\/\/hubsch-interior.com\/de\/#organization","name":"H\u00fcbsch","url":"https:\/\/hubsch-interior.com\/de\/","logo":{"@type":"ImageObject","inLanguage":"de","@id":"https:\/\/hubsch-interior.com\/de\/#\/schema\/logo\/image\/","url":"https:\/\/hubsch-interior.com\/wp-content\/uploads\/2022\/12\/Hubsch_logo_black_one_line.svg","contentUrl":"https:\/\/hubsch-interior.com\/wp-content\/uploads\/2022\/12\/Hubsch_logo_black_one_line.svg","caption":"H\u00fcbsch"},"image":{"@id":"https:\/\/hubsch-interior.com\/de\/#\/schema\/logo\/image\/"}}]}},"_links":{"self":[{"href":"https:\/\/hubsch-interior.com\/de\/wp-json\/wp\/v2\/product\/1080289","targetHints":{"allow":["GET"]}}],"collection":[{"href":"https:\/\/hubsch-interior.com\/de\/wp-json\/wp\/v2\/product"}],"about":[{"href":"https:\/\/hubsch-interior.com\/de\/wp-json\/wp\/v2\/types\/product"}],"wp:featuredmedia":[{"embeddable":true,"href":"https:\/\/hubsch-interior.com\/de\/wp-json\/wp\/v2\/media\/1105009"}],"wp:attachment":[{"href":"https:\/\/hubsch-interior.com\/de\/wp-json\/wp\/v2\/media?parent=1080289"}],"wp:term":[{"taxonomy":"product_brand","embeddable":true,"href":"https:\/\/hubsch-interior.com\/de\/wp-json\/wp\/v2\/product_brand?post=1080289"},{"taxonomy":"product_cat","embeddable":true,"href":"https:\/\/hubsch-interior.com\/de\/wp-json\/wp\/v2\/product_cat?post=1080289"},{"taxonomy":"product_tag","embeddable":true,"href":"https:\/\/hubsch-interior.com\/de\/wp-json\/wp\/v2\/product_tag?post=1080289"}],"curies":[{"name":"wp","href":"https:\/\/api.w.org\/{rel}","templated":true}]}}