{"id":1080314,"date":"2026-01-22T12:03:20","date_gmt":"2026-01-22T11:03:20","guid":{"rendered":"https:\/\/hubsch-interior.com\/product\/product\/"},"modified":"2026-04-05T05:00:13","modified_gmt":"2026-04-05T03:00:13","slug":"kura-kleiderschrank-small-naturfarben","status":"publish","type":"product","link":"https:\/\/hubsch-interior.com\/de\/produkt\/kura-kleiderschrank-small-naturfarben\/","title":{"rendered":"Kura Kleiderschrank Small Naturfarben"},"content":{"rendered":"<p>Ein M\u00f6belst\u00fcck, das mit leiser St\u00e4rke \u00fcberzeugt. Der Kura Kleiderschrank vereint grafische Linien mit warmem, FSC-zertifiziertem Eichenholz zu einem St\u00fcck, das sowohl geerdet als auch anmutig wirkt und f\u00fcr Langlebigkeit gebaut ist. Mit Platz zum Aufh\u00e4ngen, Stapeln und Aufbewahren Ihrer Lieblingsst\u00fccke ist sein Inneres ebenso durchdacht wie seine Silhouette. Nutzen Sie ihn alleine als skulpturalen Ankerpunkt oder kombinieren Sie mehrere, um eine Wand voller Ruhe, Charakter und stiller Zuversicht zu schaffen. Ein M\u00f6belst\u00fcck, das mit Ihrem Zuhause w\u00e4chst, Saison f\u00fcr Saison.<\/p>\n","protected":false},"excerpt":{"rendered":"<p>Ein M\u00f6belst\u00fcck, das mit leiser St\u00e4rke \u00fcberzeugt. Der Kura Kleiderschrank vereint grafische Linien mit warmem, FSC-zertifiziertem Eichenholz zu einem St\u00fcck, das sowohl geerdet als auch anmutig wirkt und f\u00fcr Langlebigkeit gebaut ist. Mit Platz zum Aufh\u00e4ngen, Stapeln und Aufbewahren Ihrer Lieblingsst\u00fccke ist sein Inneres ebenso durchdacht wie seine Silhouette. Nutzen Sie ihn alleine als skulpturalen [&hellip;]<\/p>\n","protected":false},"featured_media":1105097,"template":"","meta":{"_acf_changed":false,"inline_featured_image":false},"product_brand":[],"product_cat":[7155,6323,4035,6483,5047],"product_tag":[],"class_list":{"0":"post-1080314","1":"product","2":"type-product","3":"status-publish","4":"has-post-thumbnail","6":"product_cat-dweller-de","7":"product_cat-fsc-de","8":"product_cat-garderoben-staender-de","9":"product_cat-kleiderschraenke-de","10":"product_cat-neuheiten-de","11":"product_shipping_class-p05","13":"pa_color-naturfarben-2","14":"pa_material-eichenfurnier","15":"pa_material-eichenholz","16":"pa_material-mdf-de","18":"first","19":"instock","20":"taxable","21":"shipping-taxable","22":"purchasable","23":"product-type-simple"},"exclude_global_add_ons":[],"addons":[],"acf":[],"yoast_head":"<!-- This site is optimized with the Yoast SEO plugin v26.4 - https:\/\/yoast.com\/wordpress\/plugins\/seo\/ -->\n<title>Kura Kleiderschrank Small Naturfarben - H\u00fcbsch<\/title>\n<meta name=\"description\" content=\"Ein M\u00f6belst\u00fcck, das mit leiser St\u00e4rke \u00fcberzeugt. Der Kura Kleiderschrank vereint grafische Linien mit warmem, FSC-zertifiziertem Eichenholz zu einem\" \/>\n<meta name=\"robots\" content=\"index, follow, max-snippet:-1, max-image-preview:large, max-video-preview:-1\" \/>\n<link rel=\"canonical\" href=\"https:\/\/hubsch-interior.com\/de\/wp-json\/wp\/v2\/product\/1080314\" \/>\n<meta property=\"og:locale\" content=\"de_DE\" \/>\n<meta property=\"og:type\" content=\"article\" \/>\n<meta property=\"og:title\" content=\"Kura Kleiderschrank Small Naturfarben - H\u00fcbsch\" \/>\n<meta property=\"og:description\" content=\"Ein M\u00f6belst\u00fcck, das mit leiser St\u00e4rke \u00fcberzeugt. Der Kura Kleiderschrank vereint grafische Linien mit warmem, FSC-zertifiziertem Eichenholz zu einem\" \/>\n<meta property=\"og:url\" content=\"https:\/\/hubsch-interior.com\/de\/produkt\/kura-kleiderschrank-small-naturfarben\/\" \/>\n<meta property=\"og:site_name\" content=\"H\u00fcbsch\" \/>\n<meta property=\"article:modified_time\" content=\"2026-04-05T03:00:13+00:00\" \/>\n<meta property=\"og:image\" content=\"https:\/\/hubsch-interior.com\/wp-content\/uploads\/2026\/01\/kura-wardrobe-small-natural-d8ba07a015ac1f7931c1f18048907eef.jpg\" \/>\n\t<meta property=\"og:image:width\" content=\"1200\" \/>\n\t<meta property=\"og:image:height\" content=\"1200\" \/>\n\t<meta property=\"og:image:type\" content=\"image\/jpeg\" \/>\n<meta name=\"twitter:card\" content=\"summary_large_image\" \/>\n<script type=\"application\/ld+json\" class=\"yoast-schema-graph\">{\"@context\":\"https:\/\/schema.org\",\"@graph\":[{\"@type\":\"WebPage\",\"@id\":\"https:\/\/hubsch-interior.com\/de\/produkt\/kura-kleiderschrank-small-naturfarben\/\",\"url\":\"https:\/\/hubsch-interior.com\/de\/produkt\/kura-kleiderschrank-small-naturfarben\/\",\"name\":\"Kura Kleiderschrank Small Naturfarben - H\u00fcbsch\",\"isPartOf\":{\"@id\":\"https:\/\/hubsch-interior.com\/de\/#website\"},\"primaryImageOfPage\":{\"@id\":\"https:\/\/hubsch-interior.com\/de\/produkt\/kura-kleiderschrank-small-naturfarben\/#primaryimage\"},\"image\":{\"@id\":\"https:\/\/hubsch-interior.com\/de\/produkt\/kura-kleiderschrank-small-naturfarben\/#primaryimage\"},\"thumbnailUrl\":\"https:\/\/hubsch-interior.com\/wp-content\/uploads\/2026\/02\/kura-wardrobe-small-natural-09cd4fdd24658fd711460f98f8ddc45b.jpg\",\"datePublished\":\"2026-01-22T11:03:20+00:00\",\"dateModified\":\"2026-04-05T03:00:13+00:00\",\"description\":\"Ein M\u00f6belst\u00fcck, das mit leiser St\u00e4rke \u00fcberzeugt. Der Kura Kleiderschrank vereint grafische Linien mit warmem, FSC-zertifiziertem Eichenholz zu einem\",\"breadcrumb\":{\"@id\":\"https:\/\/hubsch-interior.com\/de\/produkt\/kura-kleiderschrank-small-naturfarben\/#breadcrumb\"},\"inLanguage\":\"de\",\"potentialAction\":[{\"@type\":\"ReadAction\",\"target\":[\"https:\/\/hubsch-interior.com\/de\/produkt\/kura-kleiderschrank-small-naturfarben\/\"]}]},{\"@type\":\"ImageObject\",\"inLanguage\":\"de\",\"@id\":\"https:\/\/hubsch-interior.com\/de\/produkt\/kura-kleiderschrank-small-naturfarben\/#primaryimage\",\"url\":\"https:\/\/hubsch-interior.com\/wp-content\/uploads\/2026\/02\/kura-wardrobe-small-natural-09cd4fdd24658fd711460f98f8ddc45b.jpg\",\"contentUrl\":\"https:\/\/hubsch-interior.com\/wp-content\/uploads\/2026\/02\/kura-wardrobe-small-natural-09cd4fdd24658fd711460f98f8ddc45b.jpg\",\"width\":1024,\"height\":1024},{\"@type\":\"BreadcrumbList\",\"@id\":\"https:\/\/hubsch-interior.com\/de\/produkt\/kura-kleiderschrank-small-naturfarben\/#breadcrumb\",\"itemListElement\":[{\"@type\":\"ListItem\",\"position\":1,\"name\":\"Startseite\",\"item\":\"https:\/\/hubsch-interior.com\/de\/\"},{\"@type\":\"ListItem\",\"position\":2,\"name\":\"Produkte\",\"item\":\"https:\/\/hubsch-interior.com\/de\/shop-2\/\"},{\"@type\":\"ListItem\",\"position\":3,\"name\":\"Kura Kleiderschrank Small Naturfarben\"}]},{\"@type\":\"WebSite\",\"@id\":\"https:\/\/hubsch-interior.com\/de\/#website\",\"url\":\"https:\/\/hubsch-interior.com\/de\/\",\"name\":\"H\u00fcbsch\",\"description\":\"Danish Home Interior and Design\",\"publisher\":{\"@id\":\"https:\/\/hubsch-interior.com\/de\/#organization\"},\"potentialAction\":[{\"@type\":\"SearchAction\",\"target\":{\"@type\":\"EntryPoint\",\"urlTemplate\":\"https:\/\/hubsch-interior.com\/de\/?s={search_term_string}\"},\"query-input\":{\"@type\":\"PropertyValueSpecification\",\"valueRequired\":true,\"valueName\":\"search_term_string\"}}],\"inLanguage\":\"de\"},{\"@type\":\"Organization\",\"@id\":\"https:\/\/hubsch-interior.com\/de\/#organization\",\"name\":\"H\u00fcbsch\",\"url\":\"https:\/\/hubsch-interior.com\/de\/\",\"logo\":{\"@type\":\"ImageObject\",\"inLanguage\":\"de\",\"@id\":\"https:\/\/hubsch-interior.com\/de\/#\/schema\/logo\/image\/\",\"url\":\"https:\/\/hubsch-interior.com\/wp-content\/uploads\/2022\/12\/Hubsch_logo_black_one_line.svg\",\"contentUrl\":\"https:\/\/hubsch-interior.com\/wp-content\/uploads\/2022\/12\/Hubsch_logo_black_one_line.svg\",\"caption\":\"H\u00fcbsch\"},\"image\":{\"@id\":\"https:\/\/hubsch-interior.com\/de\/#\/schema\/logo\/image\/\"}}]}<\/script>\n<!-- \/ Yoast SEO plugin. -->","yoast_head_json":{"title":"Kura Kleiderschrank Small Naturfarben - H\u00fcbsch","description":"Ein M\u00f6belst\u00fcck, das mit leiser St\u00e4rke \u00fcberzeugt. Der Kura Kleiderschrank vereint grafische Linien mit warmem, FSC-zertifiziertem Eichenholz zu einem","robots":{"index":"index","follow":"follow","max-snippet":"max-snippet:-1","max-image-preview":"max-image-preview:large","max-video-preview":"max-video-preview:-1"},"canonical":"https:\/\/hubsch-interior.com\/de\/wp-json\/wp\/v2\/product\/1080314","og_locale":"de_DE","og_type":"article","og_title":"Kura Kleiderschrank Small Naturfarben - H\u00fcbsch","og_description":"Ein M\u00f6belst\u00fcck, das mit leiser St\u00e4rke \u00fcberzeugt. Der Kura Kleiderschrank vereint grafische Linien mit warmem, FSC-zertifiziertem Eichenholz zu einem","og_url":"https:\/\/hubsch-interior.com\/de\/produkt\/kura-kleiderschrank-small-naturfarben\/","og_site_name":"H\u00fcbsch","article_modified_time":"2026-04-05T03:00:13+00:00","og_image":[{"width":1200,"height":1200,"url":"https:\/\/hubsch-interior.com\/wp-content\/uploads\/2026\/01\/kura-wardrobe-small-natural-d8ba07a015ac1f7931c1f18048907eef.jpg","type":"image\/jpeg"}],"twitter_card":"summary_large_image","schema":{"@context":"https:\/\/schema.org","@graph":[{"@type":"WebPage","@id":"https:\/\/hubsch-interior.com\/de\/produkt\/kura-kleiderschrank-small-naturfarben\/","url":"https:\/\/hubsch-interior.com\/de\/produkt\/kura-kleiderschrank-small-naturfarben\/","name":"Kura Kleiderschrank Small Naturfarben - H\u00fcbsch","isPartOf":{"@id":"https:\/\/hubsch-interior.com\/de\/#website"},"primaryImageOfPage":{"@id":"https:\/\/hubsch-interior.com\/de\/produkt\/kura-kleiderschrank-small-naturfarben\/#primaryimage"},"image":{"@id":"https:\/\/hubsch-interior.com\/de\/produkt\/kura-kleiderschrank-small-naturfarben\/#primaryimage"},"thumbnailUrl":"https:\/\/hubsch-interior.com\/wp-content\/uploads\/2026\/02\/kura-wardrobe-small-natural-09cd4fdd24658fd711460f98f8ddc45b.jpg","datePublished":"2026-01-22T11:03:20+00:00","dateModified":"2026-04-05T03:00:13+00:00","description":"Ein M\u00f6belst\u00fcck, das mit leiser St\u00e4rke \u00fcberzeugt. Der Kura Kleiderschrank vereint grafische Linien mit warmem, FSC-zertifiziertem Eichenholz zu einem","breadcrumb":{"@id":"https:\/\/hubsch-interior.com\/de\/produkt\/kura-kleiderschrank-small-naturfarben\/#breadcrumb"},"inLanguage":"de","potentialAction":[{"@type":"ReadAction","target":["https:\/\/hubsch-interior.com\/de\/produkt\/kura-kleiderschrank-small-naturfarben\/"]}]},{"@type":"ImageObject","inLanguage":"de","@id":"https:\/\/hubsch-interior.com\/de\/produkt\/kura-kleiderschrank-small-naturfarben\/#primaryimage","url":"https:\/\/hubsch-interior.com\/wp-content\/uploads\/2026\/02\/kura-wardrobe-small-natural-09cd4fdd24658fd711460f98f8ddc45b.jpg","contentUrl":"https:\/\/hubsch-interior.com\/wp-content\/uploads\/2026\/02\/kura-wardrobe-small-natural-09cd4fdd24658fd711460f98f8ddc45b.jpg","width":1024,"height":1024},{"@type":"BreadcrumbList","@id":"https:\/\/hubsch-interior.com\/de\/produkt\/kura-kleiderschrank-small-naturfarben\/#breadcrumb","itemListElement":[{"@type":"ListItem","position":1,"name":"Startseite","item":"https:\/\/hubsch-interior.com\/de\/"},{"@type":"ListItem","position":2,"name":"Produkte","item":"https:\/\/hubsch-interior.com\/de\/shop-2\/"},{"@type":"ListItem","position":3,"name":"Kura Kleiderschrank Small Naturfarben"}]},{"@type":"WebSite","@id":"https:\/\/hubsch-interior.com\/de\/#website","url":"https:\/\/hubsch-interior.com\/de\/","name":"H\u00fcbsch","description":"Danish Home Interior and Design","publisher":{"@id":"https:\/\/hubsch-interior.com\/de\/#organization"},"potentialAction":[{"@type":"SearchAction","target":{"@type":"EntryPoint","urlTemplate":"https:\/\/hubsch-interior.com\/de\/?s={search_term_string}"},"query-input":{"@type":"PropertyValueSpecification","valueRequired":true,"valueName":"search_term_string"}}],"inLanguage":"de"},{"@type":"Organization","@id":"https:\/\/hubsch-interior.com\/de\/#organization","name":"H\u00fcbsch","url":"https:\/\/hubsch-interior.com\/de\/","logo":{"@type":"ImageObject","inLanguage":"de","@id":"https:\/\/hubsch-interior.com\/de\/#\/schema\/logo\/image\/","url":"https:\/\/hubsch-interior.com\/wp-content\/uploads\/2022\/12\/Hubsch_logo_black_one_line.svg","contentUrl":"https:\/\/hubsch-interior.com\/wp-content\/uploads\/2022\/12\/Hubsch_logo_black_one_line.svg","caption":"H\u00fcbsch"},"image":{"@id":"https:\/\/hubsch-interior.com\/de\/#\/schema\/logo\/image\/"}}]}},"_links":{"self":[{"href":"https:\/\/hubsch-interior.com\/de\/wp-json\/wp\/v2\/product\/1080314","targetHints":{"allow":["GET"]}}],"collection":[{"href":"https:\/\/hubsch-interior.com\/de\/wp-json\/wp\/v2\/product"}],"about":[{"href":"https:\/\/hubsch-interior.com\/de\/wp-json\/wp\/v2\/types\/product"}],"wp:featuredmedia":[{"embeddable":true,"href":"https:\/\/hubsch-interior.com\/de\/wp-json\/wp\/v2\/media\/1105097"}],"wp:attachment":[{"href":"https:\/\/hubsch-interior.com\/de\/wp-json\/wp\/v2\/media?parent=1080314"}],"wp:term":[{"taxonomy":"product_brand","embeddable":true,"href":"https:\/\/hubsch-interior.com\/de\/wp-json\/wp\/v2\/product_brand?post=1080314"},{"taxonomy":"product_cat","embeddable":true,"href":"https:\/\/hubsch-interior.com\/de\/wp-json\/wp\/v2\/product_cat?post=1080314"},{"taxonomy":"product_tag","embeddable":true,"href":"https:\/\/hubsch-interior.com\/de\/wp-json\/wp\/v2\/product_tag?post=1080314"}],"curies":[{"name":"wp","href":"https:\/\/api.w.org\/{rel}","templated":true}]}}