{"id":1080378,"date":"2026-01-22T12:03:46","date_gmt":"2026-01-22T11:03:46","guid":{"rendered":"https:\/\/hubsch-interior.com\/product\/product\/"},"modified":"2026-04-05T05:01:06","modified_gmt":"2026-04-05T03:01:06","slug":"read-schrank-naturfarben","status":"publish","type":"product","link":"https:\/\/hubsch-interior.com\/de\/produkt\/read-schrank-naturfarben\/","title":{"rendered":"Read Schrank Naturfarben"},"content":{"rendered":"<p>Ein stiller Ort f\u00fcr die Geschichten, die Sie lieben. Der Read Schrank, gefertigt aus FSC-zertifizierter Eiche in einem warmen nat\u00fcrlichen Farbton, verbindet sanfte Nostalgie mit durchdachter Funktionalit\u00e4t. Seine Kombination aus offenen und geschlossenen Aufbewahrungsm\u00f6glichkeiten schafft den perfekten Rhythmus f\u00fcr Ihre Lieblingsb\u00fccher, gesammelten Sch\u00e4tze und kleinen Objekte, die einen Raum pers\u00f6nlich machen. Inspiriert von ruhigen Momenten und intensivem Lesen, verwandelt er jede Ecke in eine pers\u00f6nliche Bibliothek. Ein Schrank, der nicht nur aufbewahrt, sondern das, was Ihnen wichtig ist, ehrt.<\/p>\n","protected":false},"excerpt":{"rendered":"<p>Ein stiller Ort f\u00fcr die Geschichten, die Sie lieben. Der Read Schrank, gefertigt aus FSC-zertifizierter Eiche in einem warmen nat\u00fcrlichen Farbton, verbindet sanfte Nostalgie mit durchdachter Funktionalit\u00e4t. Seine Kombination aus offenen und geschlossenen Aufbewahrungsm\u00f6glichkeiten schafft den perfekten Rhythmus f\u00fcr Ihre Lieblingsb\u00fccher, gesammelten Sch\u00e4tze und kleinen Objekte, die einen Raum pers\u00f6nlich machen. Inspiriert von ruhigen Momenten [&hellip;]<\/p>\n","protected":false},"featured_media":1105341,"template":"","meta":{"_acf_changed":false,"inline_featured_image":false},"product_brand":[],"product_cat":[7155,6323,4003,4004,5047],"product_tag":[],"class_list":{"0":"post-1080378","1":"product","2":"type-product","3":"status-publish","4":"has-post-thumbnail","6":"product_cat-dweller-de","7":"product_cat-fsc-de","8":"product_cat-regale-aufbewahrung-de","9":"product_cat-vitrinen-de","10":"product_cat-neuheiten-de","11":"product_shipping_class-p10","13":"pa_color-naturfarben-2","14":"pa_material-mdf-de","15":"pa_material-eichenfurnier","16":"pa_material-eichenholz","18":"first","19":"instock","20":"taxable","21":"shipping-taxable","22":"purchasable","23":"product-type-simple"},"exclude_global_add_ons":[],"addons":[],"acf":[],"yoast_head":"<!-- This site is optimized with the Yoast SEO plugin v26.4 - https:\/\/yoast.com\/wordpress\/plugins\/seo\/ -->\n<title>Read Schrank Naturfarben - H\u00fcbsch<\/title>\n<meta name=\"description\" content=\"Ein stiller Ort f\u00fcr die Geschichten, die Sie lieben. Der Read Schrank, gefertigt aus FSC-zertifizierter Eiche in einem warmen nat\u00fcrlichen Farbton,\" \/>\n<meta name=\"robots\" content=\"index, follow, max-snippet:-1, max-image-preview:large, max-video-preview:-1\" \/>\n<link rel=\"canonical\" href=\"https:\/\/hubsch-interior.com\/de\/wp-json\/wp\/v2\/product\/1080378\" \/>\n<meta property=\"og:locale\" content=\"de_DE\" \/>\n<meta property=\"og:type\" content=\"article\" \/>\n<meta property=\"og:title\" content=\"Read Schrank Naturfarben - H\u00fcbsch\" \/>\n<meta property=\"og:description\" content=\"Ein stiller Ort f\u00fcr die Geschichten, die Sie lieben. Der Read Schrank, gefertigt aus FSC-zertifizierter Eiche in einem warmen nat\u00fcrlichen Farbton,\" \/>\n<meta property=\"og:url\" content=\"https:\/\/hubsch-interior.com\/de\/produkt\/read-schrank-naturfarben\/\" \/>\n<meta property=\"og:site_name\" content=\"H\u00fcbsch\" \/>\n<meta property=\"article:modified_time\" content=\"2026-04-05T03:01:06+00:00\" \/>\n<meta property=\"og:image\" content=\"https:\/\/hubsch-interior.com\/wp-content\/uploads\/2026\/01\/read-cabinet-natural-82dab4f13935798a821c4c35c8744d3c.jpg\" \/>\n\t<meta property=\"og:image:width\" content=\"1200\" \/>\n\t<meta property=\"og:image:height\" content=\"1200\" \/>\n\t<meta property=\"og:image:type\" content=\"image\/jpeg\" \/>\n<meta name=\"twitter:card\" content=\"summary_large_image\" \/>\n<script type=\"application\/ld+json\" class=\"yoast-schema-graph\">{\"@context\":\"https:\/\/schema.org\",\"@graph\":[{\"@type\":\"WebPage\",\"@id\":\"https:\/\/hubsch-interior.com\/de\/produkt\/read-schrank-naturfarben\/\",\"url\":\"https:\/\/hubsch-interior.com\/de\/produkt\/read-schrank-naturfarben\/\",\"name\":\"Read Schrank Naturfarben - H\u00fcbsch\",\"isPartOf\":{\"@id\":\"https:\/\/hubsch-interior.com\/de\/#website\"},\"primaryImageOfPage\":{\"@id\":\"https:\/\/hubsch-interior.com\/de\/produkt\/read-schrank-naturfarben\/#primaryimage\"},\"image\":{\"@id\":\"https:\/\/hubsch-interior.com\/de\/produkt\/read-schrank-naturfarben\/#primaryimage\"},\"thumbnailUrl\":\"https:\/\/hubsch-interior.com\/wp-content\/uploads\/2026\/02\/read-cabinet-natural-5952ca52ce2840c5647c4cb4e29fae8d.jpg\",\"datePublished\":\"2026-01-22T11:03:46+00:00\",\"dateModified\":\"2026-04-05T03:01:06+00:00\",\"description\":\"Ein stiller Ort f\u00fcr die Geschichten, die Sie lieben. Der Read Schrank, gefertigt aus FSC-zertifizierter Eiche in einem warmen nat\u00fcrlichen Farbton,\",\"breadcrumb\":{\"@id\":\"https:\/\/hubsch-interior.com\/de\/produkt\/read-schrank-naturfarben\/#breadcrumb\"},\"inLanguage\":\"de\",\"potentialAction\":[{\"@type\":\"ReadAction\",\"target\":[\"https:\/\/hubsch-interior.com\/de\/produkt\/read-schrank-naturfarben\/\"]}]},{\"@type\":\"ImageObject\",\"inLanguage\":\"de\",\"@id\":\"https:\/\/hubsch-interior.com\/de\/produkt\/read-schrank-naturfarben\/#primaryimage\",\"url\":\"https:\/\/hubsch-interior.com\/wp-content\/uploads\/2026\/02\/read-cabinet-natural-5952ca52ce2840c5647c4cb4e29fae8d.jpg\",\"contentUrl\":\"https:\/\/hubsch-interior.com\/wp-content\/uploads\/2026\/02\/read-cabinet-natural-5952ca52ce2840c5647c4cb4e29fae8d.jpg\",\"width\":1024,\"height\":1024},{\"@type\":\"BreadcrumbList\",\"@id\":\"https:\/\/hubsch-interior.com\/de\/produkt\/read-schrank-naturfarben\/#breadcrumb\",\"itemListElement\":[{\"@type\":\"ListItem\",\"position\":1,\"name\":\"Startseite\",\"item\":\"https:\/\/hubsch-interior.com\/de\/\"},{\"@type\":\"ListItem\",\"position\":2,\"name\":\"Produkte\",\"item\":\"https:\/\/hubsch-interior.com\/de\/shop-2\/\"},{\"@type\":\"ListItem\",\"position\":3,\"name\":\"Read Schrank Naturfarben\"}]},{\"@type\":\"WebSite\",\"@id\":\"https:\/\/hubsch-interior.com\/de\/#website\",\"url\":\"https:\/\/hubsch-interior.com\/de\/\",\"name\":\"H\u00fcbsch\",\"description\":\"Danish Home Interior and Design\",\"publisher\":{\"@id\":\"https:\/\/hubsch-interior.com\/de\/#organization\"},\"potentialAction\":[{\"@type\":\"SearchAction\",\"target\":{\"@type\":\"EntryPoint\",\"urlTemplate\":\"https:\/\/hubsch-interior.com\/de\/?s={search_term_string}\"},\"query-input\":{\"@type\":\"PropertyValueSpecification\",\"valueRequired\":true,\"valueName\":\"search_term_string\"}}],\"inLanguage\":\"de\"},{\"@type\":\"Organization\",\"@id\":\"https:\/\/hubsch-interior.com\/de\/#organization\",\"name\":\"H\u00fcbsch\",\"url\":\"https:\/\/hubsch-interior.com\/de\/\",\"logo\":{\"@type\":\"ImageObject\",\"inLanguage\":\"de\",\"@id\":\"https:\/\/hubsch-interior.com\/de\/#\/schema\/logo\/image\/\",\"url\":\"https:\/\/hubsch-interior.com\/wp-content\/uploads\/2022\/12\/Hubsch_logo_black_one_line.svg\",\"contentUrl\":\"https:\/\/hubsch-interior.com\/wp-content\/uploads\/2022\/12\/Hubsch_logo_black_one_line.svg\",\"caption\":\"H\u00fcbsch\"},\"image\":{\"@id\":\"https:\/\/hubsch-interior.com\/de\/#\/schema\/logo\/image\/\"}}]}<\/script>\n<!-- \/ Yoast SEO plugin. -->","yoast_head_json":{"title":"Read Schrank Naturfarben - H\u00fcbsch","description":"Ein stiller Ort f\u00fcr die Geschichten, die Sie lieben. Der Read Schrank, gefertigt aus FSC-zertifizierter Eiche in einem warmen nat\u00fcrlichen Farbton,","robots":{"index":"index","follow":"follow","max-snippet":"max-snippet:-1","max-image-preview":"max-image-preview:large","max-video-preview":"max-video-preview:-1"},"canonical":"https:\/\/hubsch-interior.com\/de\/wp-json\/wp\/v2\/product\/1080378","og_locale":"de_DE","og_type":"article","og_title":"Read Schrank Naturfarben - H\u00fcbsch","og_description":"Ein stiller Ort f\u00fcr die Geschichten, die Sie lieben. Der Read Schrank, gefertigt aus FSC-zertifizierter Eiche in einem warmen nat\u00fcrlichen Farbton,","og_url":"https:\/\/hubsch-interior.com\/de\/produkt\/read-schrank-naturfarben\/","og_site_name":"H\u00fcbsch","article_modified_time":"2026-04-05T03:01:06+00:00","og_image":[{"width":1200,"height":1200,"url":"https:\/\/hubsch-interior.com\/wp-content\/uploads\/2026\/01\/read-cabinet-natural-82dab4f13935798a821c4c35c8744d3c.jpg","type":"image\/jpeg"}],"twitter_card":"summary_large_image","schema":{"@context":"https:\/\/schema.org","@graph":[{"@type":"WebPage","@id":"https:\/\/hubsch-interior.com\/de\/produkt\/read-schrank-naturfarben\/","url":"https:\/\/hubsch-interior.com\/de\/produkt\/read-schrank-naturfarben\/","name":"Read Schrank Naturfarben - H\u00fcbsch","isPartOf":{"@id":"https:\/\/hubsch-interior.com\/de\/#website"},"primaryImageOfPage":{"@id":"https:\/\/hubsch-interior.com\/de\/produkt\/read-schrank-naturfarben\/#primaryimage"},"image":{"@id":"https:\/\/hubsch-interior.com\/de\/produkt\/read-schrank-naturfarben\/#primaryimage"},"thumbnailUrl":"https:\/\/hubsch-interior.com\/wp-content\/uploads\/2026\/02\/read-cabinet-natural-5952ca52ce2840c5647c4cb4e29fae8d.jpg","datePublished":"2026-01-22T11:03:46+00:00","dateModified":"2026-04-05T03:01:06+00:00","description":"Ein stiller Ort f\u00fcr die Geschichten, die Sie lieben. Der Read Schrank, gefertigt aus FSC-zertifizierter Eiche in einem warmen nat\u00fcrlichen Farbton,","breadcrumb":{"@id":"https:\/\/hubsch-interior.com\/de\/produkt\/read-schrank-naturfarben\/#breadcrumb"},"inLanguage":"de","potentialAction":[{"@type":"ReadAction","target":["https:\/\/hubsch-interior.com\/de\/produkt\/read-schrank-naturfarben\/"]}]},{"@type":"ImageObject","inLanguage":"de","@id":"https:\/\/hubsch-interior.com\/de\/produkt\/read-schrank-naturfarben\/#primaryimage","url":"https:\/\/hubsch-interior.com\/wp-content\/uploads\/2026\/02\/read-cabinet-natural-5952ca52ce2840c5647c4cb4e29fae8d.jpg","contentUrl":"https:\/\/hubsch-interior.com\/wp-content\/uploads\/2026\/02\/read-cabinet-natural-5952ca52ce2840c5647c4cb4e29fae8d.jpg","width":1024,"height":1024},{"@type":"BreadcrumbList","@id":"https:\/\/hubsch-interior.com\/de\/produkt\/read-schrank-naturfarben\/#breadcrumb","itemListElement":[{"@type":"ListItem","position":1,"name":"Startseite","item":"https:\/\/hubsch-interior.com\/de\/"},{"@type":"ListItem","position":2,"name":"Produkte","item":"https:\/\/hubsch-interior.com\/de\/shop-2\/"},{"@type":"ListItem","position":3,"name":"Read Schrank Naturfarben"}]},{"@type":"WebSite","@id":"https:\/\/hubsch-interior.com\/de\/#website","url":"https:\/\/hubsch-interior.com\/de\/","name":"H\u00fcbsch","description":"Danish Home Interior and Design","publisher":{"@id":"https:\/\/hubsch-interior.com\/de\/#organization"},"potentialAction":[{"@type":"SearchAction","target":{"@type":"EntryPoint","urlTemplate":"https:\/\/hubsch-interior.com\/de\/?s={search_term_string}"},"query-input":{"@type":"PropertyValueSpecification","valueRequired":true,"valueName":"search_term_string"}}],"inLanguage":"de"},{"@type":"Organization","@id":"https:\/\/hubsch-interior.com\/de\/#organization","name":"H\u00fcbsch","url":"https:\/\/hubsch-interior.com\/de\/","logo":{"@type":"ImageObject","inLanguage":"de","@id":"https:\/\/hubsch-interior.com\/de\/#\/schema\/logo\/image\/","url":"https:\/\/hubsch-interior.com\/wp-content\/uploads\/2022\/12\/Hubsch_logo_black_one_line.svg","contentUrl":"https:\/\/hubsch-interior.com\/wp-content\/uploads\/2022\/12\/Hubsch_logo_black_one_line.svg","caption":"H\u00fcbsch"},"image":{"@id":"https:\/\/hubsch-interior.com\/de\/#\/schema\/logo\/image\/"}}]}},"_links":{"self":[{"href":"https:\/\/hubsch-interior.com\/de\/wp-json\/wp\/v2\/product\/1080378","targetHints":{"allow":["GET"]}}],"collection":[{"href":"https:\/\/hubsch-interior.com\/de\/wp-json\/wp\/v2\/product"}],"about":[{"href":"https:\/\/hubsch-interior.com\/de\/wp-json\/wp\/v2\/types\/product"}],"wp:featuredmedia":[{"embeddable":true,"href":"https:\/\/hubsch-interior.com\/de\/wp-json\/wp\/v2\/media\/1105341"}],"wp:attachment":[{"href":"https:\/\/hubsch-interior.com\/de\/wp-json\/wp\/v2\/media?parent=1080378"}],"wp:term":[{"taxonomy":"product_brand","embeddable":true,"href":"https:\/\/hubsch-interior.com\/de\/wp-json\/wp\/v2\/product_brand?post=1080378"},{"taxonomy":"product_cat","embeddable":true,"href":"https:\/\/hubsch-interior.com\/de\/wp-json\/wp\/v2\/product_cat?post=1080378"},{"taxonomy":"product_tag","embeddable":true,"href":"https:\/\/hubsch-interior.com\/de\/wp-json\/wp\/v2\/product_tag?post=1080378"}],"curies":[{"name":"wp","href":"https:\/\/api.w.org\/{rel}","templated":true}]}}