{"id":1080414,"date":"2026-01-22T12:06:24","date_gmt":"2026-01-22T11:06:24","guid":{"rendered":"https:\/\/hubsch-interior.com\/product\/product\/"},"modified":"2026-04-05T05:27:07","modified_gmt":"2026-04-05T03:27:07","slug":"disco-regal-large-naturfarben","status":"publish","type":"product","link":"https:\/\/hubsch-interior.com\/de\/produkt\/disco-regal-large-naturfarben\/","title":{"rendered":"Disco Regal Large Naturfarben"},"content":{"rendered":"<p>Tauchen Sie ein in eine Welt der organisierten Eleganz mit unserem Disco Regal, gefertigt aus sch\u00f6nem, nat\u00fcrlichem Eichenfurnier. Dieses FSC-zertifizierte Holzst\u00fcck ist nicht nur ein M\u00f6belst\u00fcck, sondern ein Zeugnis der Kunst des Lernens. Mit 12 perfekt dimensionierten F\u00e4chern eignet es sich ideal, um all Ihre gesch\u00e4tzten B\u00fccher und liebgewonnenen Sammelobjekte zur Schau zu stellen. Auf Lateinisch bedeutet Disco &#8220;Lernen&#8221;, und was w\u00e4re eine bessere M\u00f6glichkeit, Ihre Lernmaterialien zu verwahren, als mit der Disco-Serie? W\u00e4hlen Sie diese Variante, um Ihrem pers\u00f6nlichen Raum einen Hauch von Natursch\u00f6nheit zu verleihen.<\/p>\n","protected":false},"excerpt":{"rendered":"<p>Tauchen Sie ein in eine Welt der organisierten Eleganz mit unserem Disco Regal, gefertigt aus sch\u00f6nem, nat\u00fcrlichem Eichenfurnier. Dieses FSC-zertifizierte Holzst\u00fcck ist nicht nur ein M\u00f6belst\u00fcck, sondern ein Zeugnis der Kunst des Lernens. Mit 12 perfekt dimensionierten F\u00e4chern eignet es sich ideal, um all Ihre gesch\u00e4tzten B\u00fccher und liebgewonnenen Sammelobjekte zur Schau zu stellen. Auf [&hellip;]<\/p>\n","protected":false},"featured_media":1111973,"template":"","meta":{"_acf_changed":false,"inline_featured_image":false},"product_brand":[],"product_cat":[7155,6323,4003,4012,5047],"product_tag":[],"class_list":{"0":"post-1080414","1":"product","2":"type-product","3":"status-publish","4":"has-post-thumbnail","6":"product_cat-dweller-de","7":"product_cat-fsc-de","8":"product_cat-regale-aufbewahrung-de","9":"product_cat-regale-de","10":"product_cat-neuheiten-de","11":"product_shipping_class-p05","13":"pa_color-naturfarben-2","14":"pa_material-mdf-de","15":"pa_material-eichenfurnier","17":"first","18":"instock","19":"taxable","20":"shipping-taxable","21":"purchasable","22":"product-type-simple"},"exclude_global_add_ons":[],"addons":[],"acf":[],"yoast_head":"<!-- This site is optimized with the Yoast SEO plugin v26.4 - https:\/\/yoast.com\/wordpress\/plugins\/seo\/ -->\n<title>Disco Regal Large Naturfarben - H\u00fcbsch<\/title>\n<meta name=\"description\" content=\"Tauchen Sie ein in eine Welt der organisierten Eleganz mit unserem Disco Regal, gefertigt aus sch\u00f6nem, nat\u00fcrlichem Eichenfurnier. Dieses FSC-zertifizierte\" \/>\n<meta name=\"robots\" content=\"index, follow, max-snippet:-1, max-image-preview:large, max-video-preview:-1\" \/>\n<link rel=\"canonical\" href=\"https:\/\/hubsch-interior.com\/de\/wp-json\/wp\/v2\/product\/1080414\" \/>\n<meta property=\"og:locale\" content=\"de_DE\" \/>\n<meta property=\"og:type\" content=\"article\" \/>\n<meta property=\"og:title\" content=\"Disco Regal Large Naturfarben - H\u00fcbsch\" \/>\n<meta property=\"og:description\" content=\"Tauchen Sie ein in eine Welt der organisierten Eleganz mit unserem Disco Regal, gefertigt aus sch\u00f6nem, nat\u00fcrlichem Eichenfurnier. Dieses FSC-zertifizierte\" \/>\n<meta property=\"og:url\" content=\"https:\/\/hubsch-interior.com\/de\/produkt\/disco-regal-large-naturfarben\/\" \/>\n<meta property=\"og:site_name\" content=\"H\u00fcbsch\" \/>\n<meta property=\"article:modified_time\" content=\"2026-04-05T03:27:07+00:00\" \/>\n<meta property=\"og:image\" content=\"https:\/\/hubsch-interior.com\/wp-content\/uploads\/2026\/02\/disco-shelf-unit-large-natural-56d20db8dd556996fb8cb0431b37235d.jpg\" \/>\n\t<meta property=\"og:image:width\" content=\"1024\" \/>\n\t<meta property=\"og:image:height\" content=\"1024\" \/>\n\t<meta property=\"og:image:type\" content=\"image\/jpeg\" \/>\n<meta name=\"twitter:card\" content=\"summary_large_image\" \/>\n<script type=\"application\/ld+json\" class=\"yoast-schema-graph\">{\"@context\":\"https:\/\/schema.org\",\"@graph\":[{\"@type\":\"WebPage\",\"@id\":\"https:\/\/hubsch-interior.com\/de\/produkt\/disco-regal-large-naturfarben\/\",\"url\":\"https:\/\/hubsch-interior.com\/de\/produkt\/disco-regal-large-naturfarben\/\",\"name\":\"Disco Regal Large Naturfarben - H\u00fcbsch\",\"isPartOf\":{\"@id\":\"https:\/\/hubsch-interior.com\/de\/#website\"},\"primaryImageOfPage\":{\"@id\":\"https:\/\/hubsch-interior.com\/de\/produkt\/disco-regal-large-naturfarben\/#primaryimage\"},\"image\":{\"@id\":\"https:\/\/hubsch-interior.com\/de\/produkt\/disco-regal-large-naturfarben\/#primaryimage\"},\"thumbnailUrl\":\"https:\/\/hubsch-interior.com\/wp-content\/uploads\/2026\/02\/disco-shelf-unit-large-natural-56d20db8dd556996fb8cb0431b37235d.jpg\",\"datePublished\":\"2026-01-22T11:06:24+00:00\",\"dateModified\":\"2026-04-05T03:27:07+00:00\",\"description\":\"Tauchen Sie ein in eine Welt der organisierten Eleganz mit unserem Disco Regal, gefertigt aus sch\u00f6nem, nat\u00fcrlichem Eichenfurnier. Dieses FSC-zertifizierte\",\"breadcrumb\":{\"@id\":\"https:\/\/hubsch-interior.com\/de\/produkt\/disco-regal-large-naturfarben\/#breadcrumb\"},\"inLanguage\":\"de\",\"potentialAction\":[{\"@type\":\"ReadAction\",\"target\":[\"https:\/\/hubsch-interior.com\/de\/produkt\/disco-regal-large-naturfarben\/\"]}]},{\"@type\":\"ImageObject\",\"inLanguage\":\"de\",\"@id\":\"https:\/\/hubsch-interior.com\/de\/produkt\/disco-regal-large-naturfarben\/#primaryimage\",\"url\":\"https:\/\/hubsch-interior.com\/wp-content\/uploads\/2026\/02\/disco-shelf-unit-large-natural-56d20db8dd556996fb8cb0431b37235d.jpg\",\"contentUrl\":\"https:\/\/hubsch-interior.com\/wp-content\/uploads\/2026\/02\/disco-shelf-unit-large-natural-56d20db8dd556996fb8cb0431b37235d.jpg\",\"width\":1024,\"height\":1024},{\"@type\":\"BreadcrumbList\",\"@id\":\"https:\/\/hubsch-interior.com\/de\/produkt\/disco-regal-large-naturfarben\/#breadcrumb\",\"itemListElement\":[{\"@type\":\"ListItem\",\"position\":1,\"name\":\"Startseite\",\"item\":\"https:\/\/hubsch-interior.com\/de\/\"},{\"@type\":\"ListItem\",\"position\":2,\"name\":\"Produkte\",\"item\":\"https:\/\/hubsch-interior.com\/de\/shop-2\/\"},{\"@type\":\"ListItem\",\"position\":3,\"name\":\"M\u00f6bel\",\"item\":\"https:\/\/hubsch-interior.com\/de\/produkt-kategorie\/moebel\/\"},{\"@type\":\"ListItem\",\"position\":4,\"name\":\"Regale &amp; Aufbewahrung\",\"item\":\"https:\/\/hubsch-interior.com\/de\/produkt-kategorie\/moebel\/regale-aufbewahrung-de\/\"},{\"@type\":\"ListItem\",\"position\":5,\"name\":\"Regale\",\"item\":\"https:\/\/hubsch-interior.com\/de\/produkt-kategorie\/moebel\/regale-aufbewahrung-de\/regale-de\/\"},{\"@type\":\"ListItem\",\"position\":6,\"name\":\"Disco Regal Large Naturfarben\"}]},{\"@type\":\"WebSite\",\"@id\":\"https:\/\/hubsch-interior.com\/de\/#website\",\"url\":\"https:\/\/hubsch-interior.com\/de\/\",\"name\":\"H\u00fcbsch\",\"description\":\"Danish Home Interior and Design\",\"publisher\":{\"@id\":\"https:\/\/hubsch-interior.com\/de\/#organization\"},\"potentialAction\":[{\"@type\":\"SearchAction\",\"target\":{\"@type\":\"EntryPoint\",\"urlTemplate\":\"https:\/\/hubsch-interior.com\/de\/?s={search_term_string}\"},\"query-input\":{\"@type\":\"PropertyValueSpecification\",\"valueRequired\":true,\"valueName\":\"search_term_string\"}}],\"inLanguage\":\"de\"},{\"@type\":\"Organization\",\"@id\":\"https:\/\/hubsch-interior.com\/de\/#organization\",\"name\":\"H\u00fcbsch\",\"url\":\"https:\/\/hubsch-interior.com\/de\/\",\"logo\":{\"@type\":\"ImageObject\",\"inLanguage\":\"de\",\"@id\":\"https:\/\/hubsch-interior.com\/de\/#\/schema\/logo\/image\/\",\"url\":\"https:\/\/hubsch-interior.com\/wp-content\/uploads\/2022\/12\/Hubsch_logo_black_one_line.svg\",\"contentUrl\":\"https:\/\/hubsch-interior.com\/wp-content\/uploads\/2022\/12\/Hubsch_logo_black_one_line.svg\",\"caption\":\"H\u00fcbsch\"},\"image\":{\"@id\":\"https:\/\/hubsch-interior.com\/de\/#\/schema\/logo\/image\/\"}}]}<\/script>\n<!-- \/ Yoast SEO plugin. -->","yoast_head_json":{"title":"Disco Regal Large Naturfarben - H\u00fcbsch","description":"Tauchen Sie ein in eine Welt der organisierten Eleganz mit unserem Disco Regal, gefertigt aus sch\u00f6nem, nat\u00fcrlichem Eichenfurnier. Dieses FSC-zertifizierte","robots":{"index":"index","follow":"follow","max-snippet":"max-snippet:-1","max-image-preview":"max-image-preview:large","max-video-preview":"max-video-preview:-1"},"canonical":"https:\/\/hubsch-interior.com\/de\/wp-json\/wp\/v2\/product\/1080414","og_locale":"de_DE","og_type":"article","og_title":"Disco Regal Large Naturfarben - H\u00fcbsch","og_description":"Tauchen Sie ein in eine Welt der organisierten Eleganz mit unserem Disco Regal, gefertigt aus sch\u00f6nem, nat\u00fcrlichem Eichenfurnier. Dieses FSC-zertifizierte","og_url":"https:\/\/hubsch-interior.com\/de\/produkt\/disco-regal-large-naturfarben\/","og_site_name":"H\u00fcbsch","article_modified_time":"2026-04-05T03:27:07+00:00","og_image":[{"width":1024,"height":1024,"url":"https:\/\/hubsch-interior.com\/wp-content\/uploads\/2026\/02\/disco-shelf-unit-large-natural-56d20db8dd556996fb8cb0431b37235d.jpg","type":"image\/jpeg"}],"twitter_card":"summary_large_image","schema":{"@context":"https:\/\/schema.org","@graph":[{"@type":"WebPage","@id":"https:\/\/hubsch-interior.com\/de\/produkt\/disco-regal-large-naturfarben\/","url":"https:\/\/hubsch-interior.com\/de\/produkt\/disco-regal-large-naturfarben\/","name":"Disco Regal Large Naturfarben - H\u00fcbsch","isPartOf":{"@id":"https:\/\/hubsch-interior.com\/de\/#website"},"primaryImageOfPage":{"@id":"https:\/\/hubsch-interior.com\/de\/produkt\/disco-regal-large-naturfarben\/#primaryimage"},"image":{"@id":"https:\/\/hubsch-interior.com\/de\/produkt\/disco-regal-large-naturfarben\/#primaryimage"},"thumbnailUrl":"https:\/\/hubsch-interior.com\/wp-content\/uploads\/2026\/02\/disco-shelf-unit-large-natural-56d20db8dd556996fb8cb0431b37235d.jpg","datePublished":"2026-01-22T11:06:24+00:00","dateModified":"2026-04-05T03:27:07+00:00","description":"Tauchen Sie ein in eine Welt der organisierten Eleganz mit unserem Disco Regal, gefertigt aus sch\u00f6nem, nat\u00fcrlichem Eichenfurnier. Dieses FSC-zertifizierte","breadcrumb":{"@id":"https:\/\/hubsch-interior.com\/de\/produkt\/disco-regal-large-naturfarben\/#breadcrumb"},"inLanguage":"de","potentialAction":[{"@type":"ReadAction","target":["https:\/\/hubsch-interior.com\/de\/produkt\/disco-regal-large-naturfarben\/"]}]},{"@type":"ImageObject","inLanguage":"de","@id":"https:\/\/hubsch-interior.com\/de\/produkt\/disco-regal-large-naturfarben\/#primaryimage","url":"https:\/\/hubsch-interior.com\/wp-content\/uploads\/2026\/02\/disco-shelf-unit-large-natural-56d20db8dd556996fb8cb0431b37235d.jpg","contentUrl":"https:\/\/hubsch-interior.com\/wp-content\/uploads\/2026\/02\/disco-shelf-unit-large-natural-56d20db8dd556996fb8cb0431b37235d.jpg","width":1024,"height":1024},{"@type":"BreadcrumbList","@id":"https:\/\/hubsch-interior.com\/de\/produkt\/disco-regal-large-naturfarben\/#breadcrumb","itemListElement":[{"@type":"ListItem","position":1,"name":"Startseite","item":"https:\/\/hubsch-interior.com\/de\/"},{"@type":"ListItem","position":2,"name":"Produkte","item":"https:\/\/hubsch-interior.com\/de\/shop-2\/"},{"@type":"ListItem","position":3,"name":"M\u00f6bel","item":"https:\/\/hubsch-interior.com\/de\/produkt-kategorie\/moebel\/"},{"@type":"ListItem","position":4,"name":"Regale &amp; Aufbewahrung","item":"https:\/\/hubsch-interior.com\/de\/produkt-kategorie\/moebel\/regale-aufbewahrung-de\/"},{"@type":"ListItem","position":5,"name":"Regale","item":"https:\/\/hubsch-interior.com\/de\/produkt-kategorie\/moebel\/regale-aufbewahrung-de\/regale-de\/"},{"@type":"ListItem","position":6,"name":"Disco Regal Large Naturfarben"}]},{"@type":"WebSite","@id":"https:\/\/hubsch-interior.com\/de\/#website","url":"https:\/\/hubsch-interior.com\/de\/","name":"H\u00fcbsch","description":"Danish Home Interior and Design","publisher":{"@id":"https:\/\/hubsch-interior.com\/de\/#organization"},"potentialAction":[{"@type":"SearchAction","target":{"@type":"EntryPoint","urlTemplate":"https:\/\/hubsch-interior.com\/de\/?s={search_term_string}"},"query-input":{"@type":"PropertyValueSpecification","valueRequired":true,"valueName":"search_term_string"}}],"inLanguage":"de"},{"@type":"Organization","@id":"https:\/\/hubsch-interior.com\/de\/#organization","name":"H\u00fcbsch","url":"https:\/\/hubsch-interior.com\/de\/","logo":{"@type":"ImageObject","inLanguage":"de","@id":"https:\/\/hubsch-interior.com\/de\/#\/schema\/logo\/image\/","url":"https:\/\/hubsch-interior.com\/wp-content\/uploads\/2022\/12\/Hubsch_logo_black_one_line.svg","contentUrl":"https:\/\/hubsch-interior.com\/wp-content\/uploads\/2022\/12\/Hubsch_logo_black_one_line.svg","caption":"H\u00fcbsch"},"image":{"@id":"https:\/\/hubsch-interior.com\/de\/#\/schema\/logo\/image\/"}}]}},"_links":{"self":[{"href":"https:\/\/hubsch-interior.com\/de\/wp-json\/wp\/v2\/product\/1080414","targetHints":{"allow":["GET"]}}],"collection":[{"href":"https:\/\/hubsch-interior.com\/de\/wp-json\/wp\/v2\/product"}],"about":[{"href":"https:\/\/hubsch-interior.com\/de\/wp-json\/wp\/v2\/types\/product"}],"wp:featuredmedia":[{"embeddable":true,"href":"https:\/\/hubsch-interior.com\/de\/wp-json\/wp\/v2\/media\/1111973"}],"wp:attachment":[{"href":"https:\/\/hubsch-interior.com\/de\/wp-json\/wp\/v2\/media?parent=1080414"}],"wp:term":[{"taxonomy":"product_brand","embeddable":true,"href":"https:\/\/hubsch-interior.com\/de\/wp-json\/wp\/v2\/product_brand?post=1080414"},{"taxonomy":"product_cat","embeddable":true,"href":"https:\/\/hubsch-interior.com\/de\/wp-json\/wp\/v2\/product_cat?post=1080414"},{"taxonomy":"product_tag","embeddable":true,"href":"https:\/\/hubsch-interior.com\/de\/wp-json\/wp\/v2\/product_tag?post=1080414"}],"curies":[{"name":"wp","href":"https:\/\/api.w.org\/{rel}","templated":true}]}}