{"id":1080434,"date":"2026-01-22T12:06:35","date_gmt":"2026-01-22T11:06:35","guid":{"rendered":"https:\/\/hubsch-interior.com\/product\/product\/"},"modified":"2026-04-05T05:28:04","modified_gmt":"2026-04-05T03:28:04","slug":"soba-sofa-hellgrau","status":"publish","type":"product","link":"https:\/\/hubsch-interior.com\/de\/produkt\/soba-sofa-hellgrau\/","title":{"rendered":"Soba Sofa Hellgrau"},"content":{"rendered":"<p>Das Soba Sofa, in einem anspruchsvollen dunkelgrauen Melangetextil, schafft den perfekten R\u00fcckzugsort f\u00fcr gem\u00fctliche Abende. Es ist mit der OEKO-TEX\u00ae STANDARD 100 Zertifizierung ausgezeichnet, was garantiert, dass nur die sichersten Materialien Ihre Haut ber\u00fchren. Ideal f\u00fcr kleinere R\u00e4ume bietet dieses 2-Sitzer-Sofa eine einladende Zuflucht mit seiner unwiderstehlich weichen und bequemen Umarmung. Lassen Sie das Soba Sofa Entspannung und raffinierten Stil vereinen und verwandeln Sie Ihren Wohnbereich in eine wahre Wohlf\u00fchloase.<\/p>\n","protected":false},"excerpt":{"rendered":"<p>Das Soba Sofa, in einem anspruchsvollen dunkelgrauen Melangetextil, schafft den perfekten R\u00fcckzugsort f\u00fcr gem\u00fctliche Abende. Es ist mit der OEKO-TEX\u00ae STANDARD 100 Zertifizierung ausgezeichnet, was garantiert, dass nur die sichersten Materialien Ihre Haut ber\u00fchren. Ideal f\u00fcr kleinere R\u00e4ume bietet dieses 2-Sitzer-Sofa eine einladende Zuflucht mit seiner unwiderstehlich weichen und bequemen Umarmung. Lassen Sie das Soba [&hellip;]<\/p>\n","protected":false},"featured_media":1116200,"template":"","meta":{"_acf_changed":false,"inline_featured_image":false},"product_brand":[],"product_cat":[7155,2845,4200,5047],"product_tag":[],"class_list":{"0":"post-1080434","1":"product","2":"type-product","3":"status-publish","4":"has-post-thumbnail","6":"product_cat-dweller-de","7":"product_cat-sitzmoebel-de","8":"product_cat-sofas-daybeds-de","9":"product_cat-neuheiten-de","10":"product_shipping_class-p10","12":"pa_color-hellgrau-2","13":"pa_material-polyester-100-de","14":"pa_material-sperrholz","16":"first","17":"instock","18":"taxable","19":"shipping-taxable","20":"purchasable","21":"product-type-simple"},"exclude_global_add_ons":[],"addons":[],"acf":[],"yoast_head":"<!-- This site is optimized with the Yoast SEO plugin v26.4 - https:\/\/yoast.com\/wordpress\/plugins\/seo\/ -->\n<title>Soba Sofa Hellgrau - H\u00fcbsch<\/title>\n<meta name=\"description\" content=\"Das Soba Sofa, in einem anspruchsvollen dunkelgrauen Melangetextil, schafft den perfekten R\u00fcckzugsort f\u00fcr gem\u00fctliche Abende. Es ist mit der OEKO-TEX\u00ae\" \/>\n<meta name=\"robots\" content=\"index, follow, max-snippet:-1, max-image-preview:large, max-video-preview:-1\" \/>\n<link rel=\"canonical\" href=\"https:\/\/hubsch-interior.com\/de\/wp-json\/wp\/v2\/product\/1080434\" \/>\n<meta property=\"og:locale\" content=\"de_DE\" \/>\n<meta property=\"og:type\" content=\"article\" \/>\n<meta property=\"og:title\" content=\"Soba Sofa Hellgrau - H\u00fcbsch\" \/>\n<meta property=\"og:description\" content=\"Das Soba Sofa, in einem anspruchsvollen dunkelgrauen Melangetextil, schafft den perfekten R\u00fcckzugsort f\u00fcr gem\u00fctliche Abende. Es ist mit der OEKO-TEX\u00ae\" \/>\n<meta property=\"og:url\" content=\"https:\/\/hubsch-interior.com\/de\/produkt\/soba-sofa-hellgrau\/\" \/>\n<meta property=\"og:site_name\" content=\"H\u00fcbsch\" \/>\n<meta property=\"article:modified_time\" content=\"2026-04-05T03:28:04+00:00\" \/>\n<meta property=\"og:image\" content=\"https:\/\/hubsch-interior.com\/wp-content\/uploads\/2026\/01\/soba-sofa-light-grey-4f4cd6deba8ac2edb46059320b4f8663.jpg\" \/>\n\t<meta property=\"og:image:width\" content=\"1200\" \/>\n\t<meta property=\"og:image:height\" content=\"1200\" \/>\n\t<meta property=\"og:image:type\" content=\"image\/jpeg\" \/>\n<meta name=\"twitter:card\" content=\"summary_large_image\" \/>\n<script type=\"application\/ld+json\" class=\"yoast-schema-graph\">{\"@context\":\"https:\/\/schema.org\",\"@graph\":[{\"@type\":\"WebPage\",\"@id\":\"https:\/\/hubsch-interior.com\/de\/produkt\/soba-sofa-hellgrau\/\",\"url\":\"https:\/\/hubsch-interior.com\/de\/produkt\/soba-sofa-hellgrau\/\",\"name\":\"Soba Sofa Hellgrau - H\u00fcbsch\",\"isPartOf\":{\"@id\":\"https:\/\/hubsch-interior.com\/de\/#website\"},\"primaryImageOfPage\":{\"@id\":\"https:\/\/hubsch-interior.com\/de\/produkt\/soba-sofa-hellgrau\/#primaryimage\"},\"image\":{\"@id\":\"https:\/\/hubsch-interior.com\/de\/produkt\/soba-sofa-hellgrau\/#primaryimage\"},\"thumbnailUrl\":\"https:\/\/hubsch-interior.com\/wp-content\/uploads\/2026\/04\/soba-sofa-light-grey-13314f5763db71347374e37b3d604c98.jpg\",\"datePublished\":\"2026-01-22T11:06:35+00:00\",\"dateModified\":\"2026-04-05T03:28:04+00:00\",\"description\":\"Das Soba Sofa, in einem anspruchsvollen dunkelgrauen Melangetextil, schafft den perfekten R\u00fcckzugsort f\u00fcr gem\u00fctliche Abende. Es ist mit der OEKO-TEX\u00ae\",\"breadcrumb\":{\"@id\":\"https:\/\/hubsch-interior.com\/de\/produkt\/soba-sofa-hellgrau\/#breadcrumb\"},\"inLanguage\":\"de\",\"potentialAction\":[{\"@type\":\"ReadAction\",\"target\":[\"https:\/\/hubsch-interior.com\/de\/produkt\/soba-sofa-hellgrau\/\"]}]},{\"@type\":\"ImageObject\",\"inLanguage\":\"de\",\"@id\":\"https:\/\/hubsch-interior.com\/de\/produkt\/soba-sofa-hellgrau\/#primaryimage\",\"url\":\"https:\/\/hubsch-interior.com\/wp-content\/uploads\/2026\/04\/soba-sofa-light-grey-13314f5763db71347374e37b3d604c98.jpg\",\"contentUrl\":\"https:\/\/hubsch-interior.com\/wp-content\/uploads\/2026\/04\/soba-sofa-light-grey-13314f5763db71347374e37b3d604c98.jpg\",\"width\":1024,\"height\":1024},{\"@type\":\"BreadcrumbList\",\"@id\":\"https:\/\/hubsch-interior.com\/de\/produkt\/soba-sofa-hellgrau\/#breadcrumb\",\"itemListElement\":[{\"@type\":\"ListItem\",\"position\":1,\"name\":\"Startseite\",\"item\":\"https:\/\/hubsch-interior.com\/de\/\"},{\"@type\":\"ListItem\",\"position\":2,\"name\":\"Produkte\",\"item\":\"https:\/\/hubsch-interior.com\/de\/shop-2\/\"},{\"@type\":\"ListItem\",\"position\":3,\"name\":\"Soba Sofa Hellgrau\"}]},{\"@type\":\"WebSite\",\"@id\":\"https:\/\/hubsch-interior.com\/de\/#website\",\"url\":\"https:\/\/hubsch-interior.com\/de\/\",\"name\":\"H\u00fcbsch\",\"description\":\"Danish Home Interior and Design\",\"publisher\":{\"@id\":\"https:\/\/hubsch-interior.com\/de\/#organization\"},\"potentialAction\":[{\"@type\":\"SearchAction\",\"target\":{\"@type\":\"EntryPoint\",\"urlTemplate\":\"https:\/\/hubsch-interior.com\/de\/?s={search_term_string}\"},\"query-input\":{\"@type\":\"PropertyValueSpecification\",\"valueRequired\":true,\"valueName\":\"search_term_string\"}}],\"inLanguage\":\"de\"},{\"@type\":\"Organization\",\"@id\":\"https:\/\/hubsch-interior.com\/de\/#organization\",\"name\":\"H\u00fcbsch\",\"url\":\"https:\/\/hubsch-interior.com\/de\/\",\"logo\":{\"@type\":\"ImageObject\",\"inLanguage\":\"de\",\"@id\":\"https:\/\/hubsch-interior.com\/de\/#\/schema\/logo\/image\/\",\"url\":\"https:\/\/hubsch-interior.com\/wp-content\/uploads\/2022\/12\/Hubsch_logo_black_one_line.svg\",\"contentUrl\":\"https:\/\/hubsch-interior.com\/wp-content\/uploads\/2022\/12\/Hubsch_logo_black_one_line.svg\",\"caption\":\"H\u00fcbsch\"},\"image\":{\"@id\":\"https:\/\/hubsch-interior.com\/de\/#\/schema\/logo\/image\/\"}}]}<\/script>\n<!-- \/ Yoast SEO plugin. -->","yoast_head_json":{"title":"Soba Sofa Hellgrau - H\u00fcbsch","description":"Das Soba Sofa, in einem anspruchsvollen dunkelgrauen Melangetextil, schafft den perfekten R\u00fcckzugsort f\u00fcr gem\u00fctliche Abende. Es ist mit der OEKO-TEX\u00ae","robots":{"index":"index","follow":"follow","max-snippet":"max-snippet:-1","max-image-preview":"max-image-preview:large","max-video-preview":"max-video-preview:-1"},"canonical":"https:\/\/hubsch-interior.com\/de\/wp-json\/wp\/v2\/product\/1080434","og_locale":"de_DE","og_type":"article","og_title":"Soba Sofa Hellgrau - H\u00fcbsch","og_description":"Das Soba Sofa, in einem anspruchsvollen dunkelgrauen Melangetextil, schafft den perfekten R\u00fcckzugsort f\u00fcr gem\u00fctliche Abende. Es ist mit der OEKO-TEX\u00ae","og_url":"https:\/\/hubsch-interior.com\/de\/produkt\/soba-sofa-hellgrau\/","og_site_name":"H\u00fcbsch","article_modified_time":"2026-04-05T03:28:04+00:00","og_image":[{"width":1200,"height":1200,"url":"https:\/\/hubsch-interior.com\/wp-content\/uploads\/2026\/01\/soba-sofa-light-grey-4f4cd6deba8ac2edb46059320b4f8663.jpg","type":"image\/jpeg"}],"twitter_card":"summary_large_image","schema":{"@context":"https:\/\/schema.org","@graph":[{"@type":"WebPage","@id":"https:\/\/hubsch-interior.com\/de\/produkt\/soba-sofa-hellgrau\/","url":"https:\/\/hubsch-interior.com\/de\/produkt\/soba-sofa-hellgrau\/","name":"Soba Sofa Hellgrau - H\u00fcbsch","isPartOf":{"@id":"https:\/\/hubsch-interior.com\/de\/#website"},"primaryImageOfPage":{"@id":"https:\/\/hubsch-interior.com\/de\/produkt\/soba-sofa-hellgrau\/#primaryimage"},"image":{"@id":"https:\/\/hubsch-interior.com\/de\/produkt\/soba-sofa-hellgrau\/#primaryimage"},"thumbnailUrl":"https:\/\/hubsch-interior.com\/wp-content\/uploads\/2026\/04\/soba-sofa-light-grey-13314f5763db71347374e37b3d604c98.jpg","datePublished":"2026-01-22T11:06:35+00:00","dateModified":"2026-04-05T03:28:04+00:00","description":"Das Soba Sofa, in einem anspruchsvollen dunkelgrauen Melangetextil, schafft den perfekten R\u00fcckzugsort f\u00fcr gem\u00fctliche Abende. Es ist mit der OEKO-TEX\u00ae","breadcrumb":{"@id":"https:\/\/hubsch-interior.com\/de\/produkt\/soba-sofa-hellgrau\/#breadcrumb"},"inLanguage":"de","potentialAction":[{"@type":"ReadAction","target":["https:\/\/hubsch-interior.com\/de\/produkt\/soba-sofa-hellgrau\/"]}]},{"@type":"ImageObject","inLanguage":"de","@id":"https:\/\/hubsch-interior.com\/de\/produkt\/soba-sofa-hellgrau\/#primaryimage","url":"https:\/\/hubsch-interior.com\/wp-content\/uploads\/2026\/04\/soba-sofa-light-grey-13314f5763db71347374e37b3d604c98.jpg","contentUrl":"https:\/\/hubsch-interior.com\/wp-content\/uploads\/2026\/04\/soba-sofa-light-grey-13314f5763db71347374e37b3d604c98.jpg","width":1024,"height":1024},{"@type":"BreadcrumbList","@id":"https:\/\/hubsch-interior.com\/de\/produkt\/soba-sofa-hellgrau\/#breadcrumb","itemListElement":[{"@type":"ListItem","position":1,"name":"Startseite","item":"https:\/\/hubsch-interior.com\/de\/"},{"@type":"ListItem","position":2,"name":"Produkte","item":"https:\/\/hubsch-interior.com\/de\/shop-2\/"},{"@type":"ListItem","position":3,"name":"Soba Sofa Hellgrau"}]},{"@type":"WebSite","@id":"https:\/\/hubsch-interior.com\/de\/#website","url":"https:\/\/hubsch-interior.com\/de\/","name":"H\u00fcbsch","description":"Danish Home Interior and Design","publisher":{"@id":"https:\/\/hubsch-interior.com\/de\/#organization"},"potentialAction":[{"@type":"SearchAction","target":{"@type":"EntryPoint","urlTemplate":"https:\/\/hubsch-interior.com\/de\/?s={search_term_string}"},"query-input":{"@type":"PropertyValueSpecification","valueRequired":true,"valueName":"search_term_string"}}],"inLanguage":"de"},{"@type":"Organization","@id":"https:\/\/hubsch-interior.com\/de\/#organization","name":"H\u00fcbsch","url":"https:\/\/hubsch-interior.com\/de\/","logo":{"@type":"ImageObject","inLanguage":"de","@id":"https:\/\/hubsch-interior.com\/de\/#\/schema\/logo\/image\/","url":"https:\/\/hubsch-interior.com\/wp-content\/uploads\/2022\/12\/Hubsch_logo_black_one_line.svg","contentUrl":"https:\/\/hubsch-interior.com\/wp-content\/uploads\/2022\/12\/Hubsch_logo_black_one_line.svg","caption":"H\u00fcbsch"},"image":{"@id":"https:\/\/hubsch-interior.com\/de\/#\/schema\/logo\/image\/"}}]}},"_links":{"self":[{"href":"https:\/\/hubsch-interior.com\/de\/wp-json\/wp\/v2\/product\/1080434","targetHints":{"allow":["GET"]}}],"collection":[{"href":"https:\/\/hubsch-interior.com\/de\/wp-json\/wp\/v2\/product"}],"about":[{"href":"https:\/\/hubsch-interior.com\/de\/wp-json\/wp\/v2\/types\/product"}],"wp:featuredmedia":[{"embeddable":true,"href":"https:\/\/hubsch-interior.com\/de\/wp-json\/wp\/v2\/media\/1116200"}],"wp:attachment":[{"href":"https:\/\/hubsch-interior.com\/de\/wp-json\/wp\/v2\/media?parent=1080434"}],"wp:term":[{"taxonomy":"product_brand","embeddable":true,"href":"https:\/\/hubsch-interior.com\/de\/wp-json\/wp\/v2\/product_brand?post=1080434"},{"taxonomy":"product_cat","embeddable":true,"href":"https:\/\/hubsch-interior.com\/de\/wp-json\/wp\/v2\/product_cat?post=1080434"},{"taxonomy":"product_tag","embeddable":true,"href":"https:\/\/hubsch-interior.com\/de\/wp-json\/wp\/v2\/product_tag?post=1080434"}],"curies":[{"name":"wp","href":"https:\/\/api.w.org\/{rel}","templated":true}]}}