{"id":1080474,"date":"2026-01-22T12:06:49","date_gmt":"2026-01-22T11:06:49","guid":{"rendered":"https:\/\/hubsch-interior.com\/product\/product\/"},"modified":"2026-04-05T05:28:07","modified_gmt":"2026-04-05T03:28:07","slug":"soba-sofa-dunkelgrau","status":"publish","type":"product","link":"https:\/\/hubsch-interior.com\/de\/produkt\/soba-sofa-dunkelgrau\/","title":{"rendered":"Soba Sofa Dunkelgrau"},"content":{"rendered":"<p>Das Soba Sofa verk\u00f6rpert dezente Eleganz in einem hellgrauen Melangetextil und vereint Stil und Komfort m\u00fchelos. Diese 2-Sitzer-Variante, OEKO-TEX\u00ae STANDARD 100 zertifiziert, ist darauf ausgelegt, einen entspannenden R\u00fcckzugsort f\u00fcr gem\u00fctliche Abende oder faule Nachmittage zu schaffen. Die weiche und komfortable Polsterung macht jeden Moment in Ihrem Wohnzimmer angenehmer. F\u00fcgen Sie Ihrem Alltag mit dem Soba Sofa einen Hauch von pl\u00fcschiger Raffinesse hinzu, wo durchdachtes Design auf echten Komfort trifft.<\/p>\n","protected":false},"excerpt":{"rendered":"<p>Das Soba Sofa verk\u00f6rpert dezente Eleganz in einem hellgrauen Melangetextil und vereint Stil und Komfort m\u00fchelos. Diese 2-Sitzer-Variante, OEKO-TEX\u00ae STANDARD 100 zertifiziert, ist darauf ausgelegt, einen entspannenden R\u00fcckzugsort f\u00fcr gem\u00fctliche Abende oder faule Nachmittage zu schaffen. Die weiche und komfortable Polsterung macht jeden Moment in Ihrem Wohnzimmer angenehmer. F\u00fcgen Sie Ihrem Alltag mit dem Soba [&hellip;]<\/p>\n","protected":false},"featured_media":1116228,"template":"","meta":{"_acf_changed":false,"inline_featured_image":false},"product_brand":[],"product_cat":[7155,2845,4200,5047],"product_tag":[],"class_list":{"0":"post-1080474","1":"product","2":"type-product","3":"status-publish","4":"has-post-thumbnail","6":"product_cat-dweller-de","7":"product_cat-sitzmoebel-de","8":"product_cat-sofas-daybeds-de","9":"product_cat-neuheiten-de","10":"product_shipping_class-p10","12":"pa_color-dunkelgrau-2","13":"pa_material-polyester-100-de","14":"pa_material-sperrholz","16":"first","17":"instock","18":"taxable","19":"shipping-taxable","20":"purchasable","21":"product-type-simple"},"exclude_global_add_ons":[],"addons":[],"acf":[],"yoast_head":"<!-- This site is optimized with the Yoast SEO plugin v26.4 - https:\/\/yoast.com\/wordpress\/plugins\/seo\/ -->\n<title>Soba Sofa Dunkelgrau - H\u00fcbsch<\/title>\n<meta name=\"description\" content=\"Das Soba Sofa verk\u00f6rpert dezente Eleganz in einem hellgrauen Melangetextil und vereint Stil und Komfort m\u00fchelos. Diese 2-Sitzer-Variante, OEKO-TEX\u00ae\" \/>\n<meta name=\"robots\" content=\"index, follow, max-snippet:-1, max-image-preview:large, max-video-preview:-1\" \/>\n<link rel=\"canonical\" href=\"https:\/\/hubsch-interior.com\/de\/wp-json\/wp\/v2\/product\/1080474\" \/>\n<meta property=\"og:locale\" content=\"de_DE\" \/>\n<meta property=\"og:type\" content=\"article\" \/>\n<meta property=\"og:title\" content=\"Soba Sofa Dunkelgrau - H\u00fcbsch\" \/>\n<meta property=\"og:description\" content=\"Das Soba Sofa verk\u00f6rpert dezente Eleganz in einem hellgrauen Melangetextil und vereint Stil und Komfort m\u00fchelos. Diese 2-Sitzer-Variante, OEKO-TEX\u00ae\" \/>\n<meta property=\"og:url\" content=\"https:\/\/hubsch-interior.com\/de\/produkt\/soba-sofa-dunkelgrau\/\" \/>\n<meta property=\"og:site_name\" content=\"H\u00fcbsch\" \/>\n<meta property=\"article:modified_time\" content=\"2026-04-05T03:28:07+00:00\" \/>\n<meta property=\"og:image\" content=\"https:\/\/hubsch-interior.com\/wp-content\/uploads\/2026\/01\/soba-sofa-dark-grey-95760f5ec759c9ea7df2e1bd2c3280cf.jpg\" \/>\n\t<meta property=\"og:image:width\" content=\"1200\" \/>\n\t<meta property=\"og:image:height\" content=\"1200\" \/>\n\t<meta property=\"og:image:type\" content=\"image\/jpeg\" \/>\n<meta name=\"twitter:card\" content=\"summary_large_image\" \/>\n<script type=\"application\/ld+json\" class=\"yoast-schema-graph\">{\"@context\":\"https:\/\/schema.org\",\"@graph\":[{\"@type\":\"WebPage\",\"@id\":\"https:\/\/hubsch-interior.com\/de\/produkt\/soba-sofa-dunkelgrau\/\",\"url\":\"https:\/\/hubsch-interior.com\/de\/produkt\/soba-sofa-dunkelgrau\/\",\"name\":\"Soba Sofa Dunkelgrau - H\u00fcbsch\",\"isPartOf\":{\"@id\":\"https:\/\/hubsch-interior.com\/de\/#website\"},\"primaryImageOfPage\":{\"@id\":\"https:\/\/hubsch-interior.com\/de\/produkt\/soba-sofa-dunkelgrau\/#primaryimage\"},\"image\":{\"@id\":\"https:\/\/hubsch-interior.com\/de\/produkt\/soba-sofa-dunkelgrau\/#primaryimage\"},\"thumbnailUrl\":\"https:\/\/hubsch-interior.com\/wp-content\/uploads\/2026\/04\/soba-sofa-dark-grey-5d1f2cc74c793aa00be024578a9ce6d4.jpg\",\"datePublished\":\"2026-01-22T11:06:49+00:00\",\"dateModified\":\"2026-04-05T03:28:07+00:00\",\"description\":\"Das Soba Sofa verk\u00f6rpert dezente Eleganz in einem hellgrauen Melangetextil und vereint Stil und Komfort m\u00fchelos. Diese 2-Sitzer-Variante, OEKO-TEX\u00ae\",\"breadcrumb\":{\"@id\":\"https:\/\/hubsch-interior.com\/de\/produkt\/soba-sofa-dunkelgrau\/#breadcrumb\"},\"inLanguage\":\"de\",\"potentialAction\":[{\"@type\":\"ReadAction\",\"target\":[\"https:\/\/hubsch-interior.com\/de\/produkt\/soba-sofa-dunkelgrau\/\"]}]},{\"@type\":\"ImageObject\",\"inLanguage\":\"de\",\"@id\":\"https:\/\/hubsch-interior.com\/de\/produkt\/soba-sofa-dunkelgrau\/#primaryimage\",\"url\":\"https:\/\/hubsch-interior.com\/wp-content\/uploads\/2026\/04\/soba-sofa-dark-grey-5d1f2cc74c793aa00be024578a9ce6d4.jpg\",\"contentUrl\":\"https:\/\/hubsch-interior.com\/wp-content\/uploads\/2026\/04\/soba-sofa-dark-grey-5d1f2cc74c793aa00be024578a9ce6d4.jpg\",\"width\":1024,\"height\":1024},{\"@type\":\"BreadcrumbList\",\"@id\":\"https:\/\/hubsch-interior.com\/de\/produkt\/soba-sofa-dunkelgrau\/#breadcrumb\",\"itemListElement\":[{\"@type\":\"ListItem\",\"position\":1,\"name\":\"Startseite\",\"item\":\"https:\/\/hubsch-interior.com\/de\/\"},{\"@type\":\"ListItem\",\"position\":2,\"name\":\"Produkte\",\"item\":\"https:\/\/hubsch-interior.com\/de\/shop-2\/\"},{\"@type\":\"ListItem\",\"position\":3,\"name\":\"Soba Sofa Dunkelgrau\"}]},{\"@type\":\"WebSite\",\"@id\":\"https:\/\/hubsch-interior.com\/de\/#website\",\"url\":\"https:\/\/hubsch-interior.com\/de\/\",\"name\":\"H\u00fcbsch\",\"description\":\"Danish Home Interior and Design\",\"publisher\":{\"@id\":\"https:\/\/hubsch-interior.com\/de\/#organization\"},\"potentialAction\":[{\"@type\":\"SearchAction\",\"target\":{\"@type\":\"EntryPoint\",\"urlTemplate\":\"https:\/\/hubsch-interior.com\/de\/?s={search_term_string}\"},\"query-input\":{\"@type\":\"PropertyValueSpecification\",\"valueRequired\":true,\"valueName\":\"search_term_string\"}}],\"inLanguage\":\"de\"},{\"@type\":\"Organization\",\"@id\":\"https:\/\/hubsch-interior.com\/de\/#organization\",\"name\":\"H\u00fcbsch\",\"url\":\"https:\/\/hubsch-interior.com\/de\/\",\"logo\":{\"@type\":\"ImageObject\",\"inLanguage\":\"de\",\"@id\":\"https:\/\/hubsch-interior.com\/de\/#\/schema\/logo\/image\/\",\"url\":\"https:\/\/hubsch-interior.com\/wp-content\/uploads\/2022\/12\/Hubsch_logo_black_one_line.svg\",\"contentUrl\":\"https:\/\/hubsch-interior.com\/wp-content\/uploads\/2022\/12\/Hubsch_logo_black_one_line.svg\",\"caption\":\"H\u00fcbsch\"},\"image\":{\"@id\":\"https:\/\/hubsch-interior.com\/de\/#\/schema\/logo\/image\/\"}}]}<\/script>\n<!-- \/ Yoast SEO plugin. -->","yoast_head_json":{"title":"Soba Sofa Dunkelgrau - H\u00fcbsch","description":"Das Soba Sofa verk\u00f6rpert dezente Eleganz in einem hellgrauen Melangetextil und vereint Stil und Komfort m\u00fchelos. Diese 2-Sitzer-Variante, OEKO-TEX\u00ae","robots":{"index":"index","follow":"follow","max-snippet":"max-snippet:-1","max-image-preview":"max-image-preview:large","max-video-preview":"max-video-preview:-1"},"canonical":"https:\/\/hubsch-interior.com\/de\/wp-json\/wp\/v2\/product\/1080474","og_locale":"de_DE","og_type":"article","og_title":"Soba Sofa Dunkelgrau - H\u00fcbsch","og_description":"Das Soba Sofa verk\u00f6rpert dezente Eleganz in einem hellgrauen Melangetextil und vereint Stil und Komfort m\u00fchelos. Diese 2-Sitzer-Variante, OEKO-TEX\u00ae","og_url":"https:\/\/hubsch-interior.com\/de\/produkt\/soba-sofa-dunkelgrau\/","og_site_name":"H\u00fcbsch","article_modified_time":"2026-04-05T03:28:07+00:00","og_image":[{"width":1200,"height":1200,"url":"https:\/\/hubsch-interior.com\/wp-content\/uploads\/2026\/01\/soba-sofa-dark-grey-95760f5ec759c9ea7df2e1bd2c3280cf.jpg","type":"image\/jpeg"}],"twitter_card":"summary_large_image","schema":{"@context":"https:\/\/schema.org","@graph":[{"@type":"WebPage","@id":"https:\/\/hubsch-interior.com\/de\/produkt\/soba-sofa-dunkelgrau\/","url":"https:\/\/hubsch-interior.com\/de\/produkt\/soba-sofa-dunkelgrau\/","name":"Soba Sofa Dunkelgrau - H\u00fcbsch","isPartOf":{"@id":"https:\/\/hubsch-interior.com\/de\/#website"},"primaryImageOfPage":{"@id":"https:\/\/hubsch-interior.com\/de\/produkt\/soba-sofa-dunkelgrau\/#primaryimage"},"image":{"@id":"https:\/\/hubsch-interior.com\/de\/produkt\/soba-sofa-dunkelgrau\/#primaryimage"},"thumbnailUrl":"https:\/\/hubsch-interior.com\/wp-content\/uploads\/2026\/04\/soba-sofa-dark-grey-5d1f2cc74c793aa00be024578a9ce6d4.jpg","datePublished":"2026-01-22T11:06:49+00:00","dateModified":"2026-04-05T03:28:07+00:00","description":"Das Soba Sofa verk\u00f6rpert dezente Eleganz in einem hellgrauen Melangetextil und vereint Stil und Komfort m\u00fchelos. Diese 2-Sitzer-Variante, OEKO-TEX\u00ae","breadcrumb":{"@id":"https:\/\/hubsch-interior.com\/de\/produkt\/soba-sofa-dunkelgrau\/#breadcrumb"},"inLanguage":"de","potentialAction":[{"@type":"ReadAction","target":["https:\/\/hubsch-interior.com\/de\/produkt\/soba-sofa-dunkelgrau\/"]}]},{"@type":"ImageObject","inLanguage":"de","@id":"https:\/\/hubsch-interior.com\/de\/produkt\/soba-sofa-dunkelgrau\/#primaryimage","url":"https:\/\/hubsch-interior.com\/wp-content\/uploads\/2026\/04\/soba-sofa-dark-grey-5d1f2cc74c793aa00be024578a9ce6d4.jpg","contentUrl":"https:\/\/hubsch-interior.com\/wp-content\/uploads\/2026\/04\/soba-sofa-dark-grey-5d1f2cc74c793aa00be024578a9ce6d4.jpg","width":1024,"height":1024},{"@type":"BreadcrumbList","@id":"https:\/\/hubsch-interior.com\/de\/produkt\/soba-sofa-dunkelgrau\/#breadcrumb","itemListElement":[{"@type":"ListItem","position":1,"name":"Startseite","item":"https:\/\/hubsch-interior.com\/de\/"},{"@type":"ListItem","position":2,"name":"Produkte","item":"https:\/\/hubsch-interior.com\/de\/shop-2\/"},{"@type":"ListItem","position":3,"name":"Soba Sofa Dunkelgrau"}]},{"@type":"WebSite","@id":"https:\/\/hubsch-interior.com\/de\/#website","url":"https:\/\/hubsch-interior.com\/de\/","name":"H\u00fcbsch","description":"Danish Home Interior and Design","publisher":{"@id":"https:\/\/hubsch-interior.com\/de\/#organization"},"potentialAction":[{"@type":"SearchAction","target":{"@type":"EntryPoint","urlTemplate":"https:\/\/hubsch-interior.com\/de\/?s={search_term_string}"},"query-input":{"@type":"PropertyValueSpecification","valueRequired":true,"valueName":"search_term_string"}}],"inLanguage":"de"},{"@type":"Organization","@id":"https:\/\/hubsch-interior.com\/de\/#organization","name":"H\u00fcbsch","url":"https:\/\/hubsch-interior.com\/de\/","logo":{"@type":"ImageObject","inLanguage":"de","@id":"https:\/\/hubsch-interior.com\/de\/#\/schema\/logo\/image\/","url":"https:\/\/hubsch-interior.com\/wp-content\/uploads\/2022\/12\/Hubsch_logo_black_one_line.svg","contentUrl":"https:\/\/hubsch-interior.com\/wp-content\/uploads\/2022\/12\/Hubsch_logo_black_one_line.svg","caption":"H\u00fcbsch"},"image":{"@id":"https:\/\/hubsch-interior.com\/de\/#\/schema\/logo\/image\/"}}]}},"_links":{"self":[{"href":"https:\/\/hubsch-interior.com\/de\/wp-json\/wp\/v2\/product\/1080474","targetHints":{"allow":["GET"]}}],"collection":[{"href":"https:\/\/hubsch-interior.com\/de\/wp-json\/wp\/v2\/product"}],"about":[{"href":"https:\/\/hubsch-interior.com\/de\/wp-json\/wp\/v2\/types\/product"}],"wp:featuredmedia":[{"embeddable":true,"href":"https:\/\/hubsch-interior.com\/de\/wp-json\/wp\/v2\/media\/1116228"}],"wp:attachment":[{"href":"https:\/\/hubsch-interior.com\/de\/wp-json\/wp\/v2\/media?parent=1080474"}],"wp:term":[{"taxonomy":"product_brand","embeddable":true,"href":"https:\/\/hubsch-interior.com\/de\/wp-json\/wp\/v2\/product_brand?post=1080474"},{"taxonomy":"product_cat","embeddable":true,"href":"https:\/\/hubsch-interior.com\/de\/wp-json\/wp\/v2\/product_cat?post=1080474"},{"taxonomy":"product_tag","embeddable":true,"href":"https:\/\/hubsch-interior.com\/de\/wp-json\/wp\/v2\/product_tag?post=1080474"}],"curies":[{"name":"wp","href":"https:\/\/api.w.org\/{rel}","templated":true}]}}