{"id":1087673,"date":"2026-01-31T03:59:41","date_gmt":"2026-01-31T02:59:41","guid":{"rendered":"https:\/\/hubsch-interior.com\/product\/product\/"},"modified":"2026-04-05T04:40:01","modified_gmt":"2026-04-05T02:40:01","slug":"doodle-kerzenhalter-olive","status":"publish","type":"product","link":"https:\/\/hubsch-interior.com\/de\/produkt\/doodle-kerzenhalter-olive\/","title":{"rendered":"Doodle Kerzenhalter Olive"},"content":{"rendered":"<p>Wie eine Skizze, die in Glas zum Leben erweckt wurde. Der Doodle Kerzenhalter in Olivgr\u00fcn f\u00fcgt eine Note von erdiger Tiefe hinzu und mildert scharfe Kanten mit seiner flie\u00dfenden, verspielten Form. Als einer von vier einzigartigen Varianten bringt er W\u00e4rme und Laune in Ihre Abende, indem er sanft mit jedem Flackern leuchtet. Seine strukturierte Oberfl\u00e4che f\u00e4ngt die Flamme ein und streut sie sanft, belebt Ihren Raum mit Bewegung und Charme. Ein fr\u00f6hliches St\u00fcck, das Kerzenlicht in eine stille Feier verwandelt.<\/p>\n","protected":false},"excerpt":{"rendered":"<p>Wie eine Skizze, die in Glas zum Leben erweckt wurde. Der Doodle Kerzenhalter in Olivgr\u00fcn f\u00fcgt eine Note von erdiger Tiefe hinzu und mildert scharfe Kanten mit seiner flie\u00dfenden, verspielten Form. Als einer von vier einzigartigen Varianten bringt er W\u00e4rme und Laune in Ihre Abende, indem er sanft mit jedem Flackern leuchtet. Seine strukturierte Oberfl\u00e4che [&hellip;]<\/p>\n","protected":false},"featured_media":1099637,"template":"","meta":{"_acf_changed":false,"inline_featured_image":false},"product_brand":[],"product_cat":[7155,4068,4067,5047,6972,6519],"product_tag":[],"class_list":{"0":"post-1087673","1":"product","2":"type-product","3":"status-publish","4":"has-post-thumbnail","6":"product_cat-dweller-de","7":"product_cat-kerzenstaender-de","8":"product_cat-kerzenstaender-laternen-de","9":"product_cat-neuheiten-de","10":"product_cat-oster-sale","11":"product_cat-outlet-de","12":"product_shipping_class-pk","14":"pa_color-olive-3","15":"pa_material-glas-de","17":"first","18":"instock","19":"sale","20":"taxable","21":"shipping-taxable","22":"purchasable","23":"product-type-simple"},"exclude_global_add_ons":[],"addons":[],"acf":[],"yoast_head":"<!-- This site is optimized with the Yoast SEO plugin v26.4 - https:\/\/yoast.com\/wordpress\/plugins\/seo\/ -->\n<title>Doodle Kerzenhalter Olive - H\u00fcbsch<\/title>\n<meta name=\"description\" content=\"Wie eine Skizze, die in Glas zum Leben erweckt wurde. Der Doodle Kerzenhalter in Olivgr\u00fcn f\u00fcgt eine Note von erdiger Tiefe hinzu und mildert scharfe\" \/>\n<meta name=\"robots\" content=\"index, follow, max-snippet:-1, max-image-preview:large, max-video-preview:-1\" \/>\n<link rel=\"canonical\" href=\"https:\/\/hubsch-interior.com\/de\/wp-json\/wp\/v2\/product\/1087673\" \/>\n<meta property=\"og:locale\" content=\"de_DE\" \/>\n<meta property=\"og:type\" content=\"article\" \/>\n<meta property=\"og:title\" content=\"Doodle Kerzenhalter Olive - H\u00fcbsch\" \/>\n<meta property=\"og:description\" content=\"Wie eine Skizze, die in Glas zum Leben erweckt wurde. Der Doodle Kerzenhalter in Olivgr\u00fcn f\u00fcgt eine Note von erdiger Tiefe hinzu und mildert scharfe\" \/>\n<meta property=\"og:url\" content=\"https:\/\/hubsch-interior.com\/de\/produkt\/doodle-kerzenhalter-olive\/\" \/>\n<meta property=\"og:site_name\" content=\"H\u00fcbsch\" \/>\n<meta property=\"article:modified_time\" content=\"2026-04-05T02:40:01+00:00\" \/>\n<meta property=\"og:image\" content=\"https:\/\/hubsch-interior.com\/wp-content\/uploads\/2026\/01\/doodle-candleholder-olive-f790e61631f28420ee031131910b4dca.jpg\" \/>\n\t<meta property=\"og:image:width\" content=\"1200\" \/>\n\t<meta property=\"og:image:height\" content=\"1200\" \/>\n\t<meta property=\"og:image:type\" content=\"image\/jpeg\" \/>\n<meta name=\"twitter:card\" content=\"summary_large_image\" \/>\n<script type=\"application\/ld+json\" class=\"yoast-schema-graph\">{\"@context\":\"https:\/\/schema.org\",\"@graph\":[{\"@type\":\"WebPage\",\"@id\":\"https:\/\/hubsch-interior.com\/de\/produkt\/doodle-kerzenhalter-olive\/\",\"url\":\"https:\/\/hubsch-interior.com\/de\/produkt\/doodle-kerzenhalter-olive\/\",\"name\":\"Doodle Kerzenhalter Olive - H\u00fcbsch\",\"isPartOf\":{\"@id\":\"https:\/\/hubsch-interior.com\/de\/#website\"},\"primaryImageOfPage\":{\"@id\":\"https:\/\/hubsch-interior.com\/de\/produkt\/doodle-kerzenhalter-olive\/#primaryimage\"},\"image\":{\"@id\":\"https:\/\/hubsch-interior.com\/de\/produkt\/doodle-kerzenhalter-olive\/#primaryimage\"},\"thumbnailUrl\":\"https:\/\/hubsch-interior.com\/wp-content\/uploads\/2026\/02\/doodle-candleholder-olive-006d04c420148bada313b9a84460725e.jpg\",\"datePublished\":\"2026-01-31T02:59:41+00:00\",\"dateModified\":\"2026-04-05T02:40:01+00:00\",\"description\":\"Wie eine Skizze, die in Glas zum Leben erweckt wurde. Der Doodle Kerzenhalter in Olivgr\u00fcn f\u00fcgt eine Note von erdiger Tiefe hinzu und mildert scharfe\",\"breadcrumb\":{\"@id\":\"https:\/\/hubsch-interior.com\/de\/produkt\/doodle-kerzenhalter-olive\/#breadcrumb\"},\"inLanguage\":\"de\",\"potentialAction\":[{\"@type\":\"ReadAction\",\"target\":[\"https:\/\/hubsch-interior.com\/de\/produkt\/doodle-kerzenhalter-olive\/\"]}]},{\"@type\":\"ImageObject\",\"inLanguage\":\"de\",\"@id\":\"https:\/\/hubsch-interior.com\/de\/produkt\/doodle-kerzenhalter-olive\/#primaryimage\",\"url\":\"https:\/\/hubsch-interior.com\/wp-content\/uploads\/2026\/02\/doodle-candleholder-olive-006d04c420148bada313b9a84460725e.jpg\",\"contentUrl\":\"https:\/\/hubsch-interior.com\/wp-content\/uploads\/2026\/02\/doodle-candleholder-olive-006d04c420148bada313b9a84460725e.jpg\",\"width\":1024,\"height\":1024},{\"@type\":\"BreadcrumbList\",\"@id\":\"https:\/\/hubsch-interior.com\/de\/produkt\/doodle-kerzenhalter-olive\/#breadcrumb\",\"itemListElement\":[{\"@type\":\"ListItem\",\"position\":1,\"name\":\"Startseite\",\"item\":\"https:\/\/hubsch-interior.com\/de\/\"},{\"@type\":\"ListItem\",\"position\":2,\"name\":\"Produkte\",\"item\":\"https:\/\/hubsch-interior.com\/de\/shop-2\/\"},{\"@type\":\"ListItem\",\"position\":3,\"name\":\"Wohnaccessoires\",\"item\":\"https:\/\/hubsch-interior.com\/de\/produkt-kategorie\/wohnaccessoires\/\"},{\"@type\":\"ListItem\",\"position\":4,\"name\":\"Kerzenst&auml;nder &amp; Laternen\",\"item\":\"https:\/\/hubsch-interior.com\/de\/produkt-kategorie\/wohnaccessoires\/kerzenstaender-laternen-de\/\"},{\"@type\":\"ListItem\",\"position\":5,\"name\":\"Kerzenst&auml;nder\",\"item\":\"https:\/\/hubsch-interior.com\/de\/produkt-kategorie\/wohnaccessoires\/kerzenstaender-laternen-de\/kerzenstaender-de\/\"},{\"@type\":\"ListItem\",\"position\":6,\"name\":\"Doodle Kerzenhalter Olive\"}]},{\"@type\":\"WebSite\",\"@id\":\"https:\/\/hubsch-interior.com\/de\/#website\",\"url\":\"https:\/\/hubsch-interior.com\/de\/\",\"name\":\"H\u00fcbsch\",\"description\":\"Danish Home Interior and Design\",\"publisher\":{\"@id\":\"https:\/\/hubsch-interior.com\/de\/#organization\"},\"potentialAction\":[{\"@type\":\"SearchAction\",\"target\":{\"@type\":\"EntryPoint\",\"urlTemplate\":\"https:\/\/hubsch-interior.com\/de\/?s={search_term_string}\"},\"query-input\":{\"@type\":\"PropertyValueSpecification\",\"valueRequired\":true,\"valueName\":\"search_term_string\"}}],\"inLanguage\":\"de\"},{\"@type\":\"Organization\",\"@id\":\"https:\/\/hubsch-interior.com\/de\/#organization\",\"name\":\"H\u00fcbsch\",\"url\":\"https:\/\/hubsch-interior.com\/de\/\",\"logo\":{\"@type\":\"ImageObject\",\"inLanguage\":\"de\",\"@id\":\"https:\/\/hubsch-interior.com\/de\/#\/schema\/logo\/image\/\",\"url\":\"https:\/\/hubsch-interior.com\/wp-content\/uploads\/2022\/12\/Hubsch_logo_black_one_line.svg\",\"contentUrl\":\"https:\/\/hubsch-interior.com\/wp-content\/uploads\/2022\/12\/Hubsch_logo_black_one_line.svg\",\"caption\":\"H\u00fcbsch\"},\"image\":{\"@id\":\"https:\/\/hubsch-interior.com\/de\/#\/schema\/logo\/image\/\"}}]}<\/script>\n<!-- \/ Yoast SEO plugin. -->","yoast_head_json":{"title":"Doodle Kerzenhalter Olive - H\u00fcbsch","description":"Wie eine Skizze, die in Glas zum Leben erweckt wurde. Der Doodle Kerzenhalter in Olivgr\u00fcn f\u00fcgt eine Note von erdiger Tiefe hinzu und mildert scharfe","robots":{"index":"index","follow":"follow","max-snippet":"max-snippet:-1","max-image-preview":"max-image-preview:large","max-video-preview":"max-video-preview:-1"},"canonical":"https:\/\/hubsch-interior.com\/de\/wp-json\/wp\/v2\/product\/1087673","og_locale":"de_DE","og_type":"article","og_title":"Doodle Kerzenhalter Olive - H\u00fcbsch","og_description":"Wie eine Skizze, die in Glas zum Leben erweckt wurde. Der Doodle Kerzenhalter in Olivgr\u00fcn f\u00fcgt eine Note von erdiger Tiefe hinzu und mildert scharfe","og_url":"https:\/\/hubsch-interior.com\/de\/produkt\/doodle-kerzenhalter-olive\/","og_site_name":"H\u00fcbsch","article_modified_time":"2026-04-05T02:40:01+00:00","og_image":[{"width":1200,"height":1200,"url":"https:\/\/hubsch-interior.com\/wp-content\/uploads\/2026\/01\/doodle-candleholder-olive-f790e61631f28420ee031131910b4dca.jpg","type":"image\/jpeg"}],"twitter_card":"summary_large_image","schema":{"@context":"https:\/\/schema.org","@graph":[{"@type":"WebPage","@id":"https:\/\/hubsch-interior.com\/de\/produkt\/doodle-kerzenhalter-olive\/","url":"https:\/\/hubsch-interior.com\/de\/produkt\/doodle-kerzenhalter-olive\/","name":"Doodle Kerzenhalter Olive - H\u00fcbsch","isPartOf":{"@id":"https:\/\/hubsch-interior.com\/de\/#website"},"primaryImageOfPage":{"@id":"https:\/\/hubsch-interior.com\/de\/produkt\/doodle-kerzenhalter-olive\/#primaryimage"},"image":{"@id":"https:\/\/hubsch-interior.com\/de\/produkt\/doodle-kerzenhalter-olive\/#primaryimage"},"thumbnailUrl":"https:\/\/hubsch-interior.com\/wp-content\/uploads\/2026\/02\/doodle-candleholder-olive-006d04c420148bada313b9a84460725e.jpg","datePublished":"2026-01-31T02:59:41+00:00","dateModified":"2026-04-05T02:40:01+00:00","description":"Wie eine Skizze, die in Glas zum Leben erweckt wurde. Der Doodle Kerzenhalter in Olivgr\u00fcn f\u00fcgt eine Note von erdiger Tiefe hinzu und mildert scharfe","breadcrumb":{"@id":"https:\/\/hubsch-interior.com\/de\/produkt\/doodle-kerzenhalter-olive\/#breadcrumb"},"inLanguage":"de","potentialAction":[{"@type":"ReadAction","target":["https:\/\/hubsch-interior.com\/de\/produkt\/doodle-kerzenhalter-olive\/"]}]},{"@type":"ImageObject","inLanguage":"de","@id":"https:\/\/hubsch-interior.com\/de\/produkt\/doodle-kerzenhalter-olive\/#primaryimage","url":"https:\/\/hubsch-interior.com\/wp-content\/uploads\/2026\/02\/doodle-candleholder-olive-006d04c420148bada313b9a84460725e.jpg","contentUrl":"https:\/\/hubsch-interior.com\/wp-content\/uploads\/2026\/02\/doodle-candleholder-olive-006d04c420148bada313b9a84460725e.jpg","width":1024,"height":1024},{"@type":"BreadcrumbList","@id":"https:\/\/hubsch-interior.com\/de\/produkt\/doodle-kerzenhalter-olive\/#breadcrumb","itemListElement":[{"@type":"ListItem","position":1,"name":"Startseite","item":"https:\/\/hubsch-interior.com\/de\/"},{"@type":"ListItem","position":2,"name":"Produkte","item":"https:\/\/hubsch-interior.com\/de\/shop-2\/"},{"@type":"ListItem","position":3,"name":"Wohnaccessoires","item":"https:\/\/hubsch-interior.com\/de\/produkt-kategorie\/wohnaccessoires\/"},{"@type":"ListItem","position":4,"name":"Kerzenst&auml;nder &amp; Laternen","item":"https:\/\/hubsch-interior.com\/de\/produkt-kategorie\/wohnaccessoires\/kerzenstaender-laternen-de\/"},{"@type":"ListItem","position":5,"name":"Kerzenst&auml;nder","item":"https:\/\/hubsch-interior.com\/de\/produkt-kategorie\/wohnaccessoires\/kerzenstaender-laternen-de\/kerzenstaender-de\/"},{"@type":"ListItem","position":6,"name":"Doodle Kerzenhalter Olive"}]},{"@type":"WebSite","@id":"https:\/\/hubsch-interior.com\/de\/#website","url":"https:\/\/hubsch-interior.com\/de\/","name":"H\u00fcbsch","description":"Danish Home Interior and Design","publisher":{"@id":"https:\/\/hubsch-interior.com\/de\/#organization"},"potentialAction":[{"@type":"SearchAction","target":{"@type":"EntryPoint","urlTemplate":"https:\/\/hubsch-interior.com\/de\/?s={search_term_string}"},"query-input":{"@type":"PropertyValueSpecification","valueRequired":true,"valueName":"search_term_string"}}],"inLanguage":"de"},{"@type":"Organization","@id":"https:\/\/hubsch-interior.com\/de\/#organization","name":"H\u00fcbsch","url":"https:\/\/hubsch-interior.com\/de\/","logo":{"@type":"ImageObject","inLanguage":"de","@id":"https:\/\/hubsch-interior.com\/de\/#\/schema\/logo\/image\/","url":"https:\/\/hubsch-interior.com\/wp-content\/uploads\/2022\/12\/Hubsch_logo_black_one_line.svg","contentUrl":"https:\/\/hubsch-interior.com\/wp-content\/uploads\/2022\/12\/Hubsch_logo_black_one_line.svg","caption":"H\u00fcbsch"},"image":{"@id":"https:\/\/hubsch-interior.com\/de\/#\/schema\/logo\/image\/"}}]}},"_links":{"self":[{"href":"https:\/\/hubsch-interior.com\/de\/wp-json\/wp\/v2\/product\/1087673","targetHints":{"allow":["GET"]}}],"collection":[{"href":"https:\/\/hubsch-interior.com\/de\/wp-json\/wp\/v2\/product"}],"about":[{"href":"https:\/\/hubsch-interior.com\/de\/wp-json\/wp\/v2\/types\/product"}],"wp:featuredmedia":[{"embeddable":true,"href":"https:\/\/hubsch-interior.com\/de\/wp-json\/wp\/v2\/media\/1099637"}],"wp:attachment":[{"href":"https:\/\/hubsch-interior.com\/de\/wp-json\/wp\/v2\/media?parent=1087673"}],"wp:term":[{"taxonomy":"product_brand","embeddable":true,"href":"https:\/\/hubsch-interior.com\/de\/wp-json\/wp\/v2\/product_brand?post=1087673"},{"taxonomy":"product_cat","embeddable":true,"href":"https:\/\/hubsch-interior.com\/de\/wp-json\/wp\/v2\/product_cat?post=1087673"},{"taxonomy":"product_tag","embeddable":true,"href":"https:\/\/hubsch-interior.com\/de\/wp-json\/wp\/v2\/product_tag?post=1087673"}],"curies":[{"name":"wp","href":"https:\/\/api.w.org\/{rel}","templated":true}]}}