{"id":1087709,"date":"2026-01-31T04:00:03","date_gmt":"2026-01-31T03:00:03","guid":{"rendered":"https:\/\/hubsch-interior.com\/product\/product\/"},"modified":"2026-04-05T04:40:09","modified_gmt":"2026-04-05T02:40:09","slug":"fuyu-vasen-klar-3er-set","status":"publish","type":"product","link":"https:\/\/hubsch-interior.com\/de\/produkt\/fuyu-vasen-klar-3er-set\/","title":{"rendered":"Fuyu Vasen Klar (3er Set)"},"content":{"rendered":"<p>Wo Licht auf Textur in spielerischer Form trifft. Die Fuyu Vasen aus klarem Glas verzaubern mit ihren sanft geformten Gestalten und welligen Oberfl\u00e4chen, die das Auge fangen \u2014 auch ohne eine einzige Blume darin. Jede verwandelt Sonnenlicht in tanzende Muster und verwandelt allt\u00e4gliche Ecken in kleine Momente des Staunens. Stellen Sie sie als harmonisches Trio aus oder lassen Sie jede f\u00fcr sich allein stehen; ihre organischen Formen f\u00fcgen \u00fcberall, wo sie platziert werden, stille Eleganz und kunstvollen Charme hinzu.<\/p>\n","protected":false},"excerpt":{"rendered":"<p>Wo Licht auf Textur in spielerischer Form trifft. Die Fuyu Vasen aus klarem Glas verzaubern mit ihren sanft geformten Gestalten und welligen Oberfl\u00e4chen, die das Auge fangen \u2014 auch ohne eine einzige Blume darin. Jede verwandelt Sonnenlicht in tanzende Muster und verwandelt allt\u00e4gliche Ecken in kleine Momente des Staunens. Stellen Sie sie als harmonisches Trio [&hellip;]<\/p>\n","protected":false},"featured_media":1099677,"template":"","meta":{"_acf_changed":false,"inline_featured_image":false},"product_brand":[],"product_cat":[7155,6972,3156,5047,6519],"product_tag":[],"class_list":{"0":"post-1087709","1":"product","2":"type-product","3":"status-publish","4":"has-post-thumbnail","6":"product_cat-dweller-de","7":"product_cat-oster-sale","8":"product_cat-vasen-de","9":"product_cat-neuheiten-de","10":"product_cat-outlet-de","11":"product_shipping_class-pk","13":"pa_color-klar-de","14":"pa_material-glas-de","16":"first","17":"instock","18":"sale","19":"taxable","20":"shipping-taxable","21":"purchasable","22":"product-type-simple"},"exclude_global_add_ons":[],"addons":[],"acf":[],"yoast_head":"<!-- This site is optimized with the Yoast SEO plugin v26.4 - https:\/\/yoast.com\/wordpress\/plugins\/seo\/ -->\n<title>Fuyu Vasen Klar (3er Set) - H\u00fcbsch<\/title>\n<meta name=\"description\" content=\"Wo Licht auf Textur in spielerischer Form trifft. Die Fuyu Vasen aus klarem Glas verzaubern mit ihren sanft geformten Gestalten und welligen Oberfl\u00e4chen,\" \/>\n<meta name=\"robots\" content=\"index, follow, max-snippet:-1, max-image-preview:large, max-video-preview:-1\" \/>\n<link rel=\"canonical\" href=\"https:\/\/hubsch-interior.com\/de\/wp-json\/wp\/v2\/product\/1087709\" \/>\n<meta property=\"og:locale\" content=\"de_DE\" \/>\n<meta property=\"og:type\" content=\"article\" \/>\n<meta property=\"og:title\" content=\"Fuyu Vasen Klar (3er Set) - H\u00fcbsch\" \/>\n<meta property=\"og:description\" content=\"Wo Licht auf Textur in spielerischer Form trifft. Die Fuyu Vasen aus klarem Glas verzaubern mit ihren sanft geformten Gestalten und welligen Oberfl\u00e4chen,\" \/>\n<meta property=\"og:url\" content=\"https:\/\/hubsch-interior.com\/de\/produkt\/fuyu-vasen-klar-3er-set\/\" \/>\n<meta property=\"og:site_name\" content=\"H\u00fcbsch\" \/>\n<meta property=\"article:modified_time\" content=\"2026-04-05T02:40:09+00:00\" \/>\n<meta property=\"og:image\" content=\"https:\/\/hubsch-interior.com\/wp-content\/uploads\/2026\/01\/fuyu-vases-clear-set-of-3-4133c9d78373641ba0d002f2e9fb2d8a.jpg\" \/>\n\t<meta property=\"og:image:width\" content=\"1200\" \/>\n\t<meta property=\"og:image:height\" content=\"1200\" \/>\n\t<meta property=\"og:image:type\" content=\"image\/jpeg\" \/>\n<meta name=\"twitter:card\" content=\"summary_large_image\" \/>\n<script type=\"application\/ld+json\" class=\"yoast-schema-graph\">{\"@context\":\"https:\/\/schema.org\",\"@graph\":[{\"@type\":\"WebPage\",\"@id\":\"https:\/\/hubsch-interior.com\/de\/produkt\/fuyu-vasen-klar-3er-set\/\",\"url\":\"https:\/\/hubsch-interior.com\/de\/produkt\/fuyu-vasen-klar-3er-set\/\",\"name\":\"Fuyu Vasen Klar (3er Set) - H\u00fcbsch\",\"isPartOf\":{\"@id\":\"https:\/\/hubsch-interior.com\/de\/#website\"},\"primaryImageOfPage\":{\"@id\":\"https:\/\/hubsch-interior.com\/de\/produkt\/fuyu-vasen-klar-3er-set\/#primaryimage\"},\"image\":{\"@id\":\"https:\/\/hubsch-interior.com\/de\/produkt\/fuyu-vasen-klar-3er-set\/#primaryimage\"},\"thumbnailUrl\":\"https:\/\/hubsch-interior.com\/wp-content\/uploads\/2026\/02\/fuyu-vases-clear-set-of-3-e0a950ce8c328e7ec7c3549c6bae37ad.jpg\",\"datePublished\":\"2026-01-31T03:00:03+00:00\",\"dateModified\":\"2026-04-05T02:40:09+00:00\",\"description\":\"Wo Licht auf Textur in spielerischer Form trifft. Die Fuyu Vasen aus klarem Glas verzaubern mit ihren sanft geformten Gestalten und welligen Oberfl\u00e4chen,\",\"breadcrumb\":{\"@id\":\"https:\/\/hubsch-interior.com\/de\/produkt\/fuyu-vasen-klar-3er-set\/#breadcrumb\"},\"inLanguage\":\"de\",\"potentialAction\":[{\"@type\":\"ReadAction\",\"target\":[\"https:\/\/hubsch-interior.com\/de\/produkt\/fuyu-vasen-klar-3er-set\/\"]}]},{\"@type\":\"ImageObject\",\"inLanguage\":\"de\",\"@id\":\"https:\/\/hubsch-interior.com\/de\/produkt\/fuyu-vasen-klar-3er-set\/#primaryimage\",\"url\":\"https:\/\/hubsch-interior.com\/wp-content\/uploads\/2026\/02\/fuyu-vases-clear-set-of-3-e0a950ce8c328e7ec7c3549c6bae37ad.jpg\",\"contentUrl\":\"https:\/\/hubsch-interior.com\/wp-content\/uploads\/2026\/02\/fuyu-vases-clear-set-of-3-e0a950ce8c328e7ec7c3549c6bae37ad.jpg\",\"width\":1024,\"height\":1024},{\"@type\":\"BreadcrumbList\",\"@id\":\"https:\/\/hubsch-interior.com\/de\/produkt\/fuyu-vasen-klar-3er-set\/#breadcrumb\",\"itemListElement\":[{\"@type\":\"ListItem\",\"position\":1,\"name\":\"Startseite\",\"item\":\"https:\/\/hubsch-interior.com\/de\/\"},{\"@type\":\"ListItem\",\"position\":2,\"name\":\"Produkte\",\"item\":\"https:\/\/hubsch-interior.com\/de\/shop-2\/\"},{\"@type\":\"ListItem\",\"position\":3,\"name\":\"Wohnaccessoires\",\"item\":\"https:\/\/hubsch-interior.com\/de\/produkt-kategorie\/wohnaccessoires\/\"},{\"@type\":\"ListItem\",\"position\":4,\"name\":\"Vasen\",\"item\":\"https:\/\/hubsch-interior.com\/de\/produkt-kategorie\/wohnaccessoires\/vasen-de\/\"},{\"@type\":\"ListItem\",\"position\":5,\"name\":\"Fuyu Vasen Klar (3er Set)\"}]},{\"@type\":\"WebSite\",\"@id\":\"https:\/\/hubsch-interior.com\/de\/#website\",\"url\":\"https:\/\/hubsch-interior.com\/de\/\",\"name\":\"H\u00fcbsch\",\"description\":\"Danish Home Interior and Design\",\"publisher\":{\"@id\":\"https:\/\/hubsch-interior.com\/de\/#organization\"},\"potentialAction\":[{\"@type\":\"SearchAction\",\"target\":{\"@type\":\"EntryPoint\",\"urlTemplate\":\"https:\/\/hubsch-interior.com\/de\/?s={search_term_string}\"},\"query-input\":{\"@type\":\"PropertyValueSpecification\",\"valueRequired\":true,\"valueName\":\"search_term_string\"}}],\"inLanguage\":\"de\"},{\"@type\":\"Organization\",\"@id\":\"https:\/\/hubsch-interior.com\/de\/#organization\",\"name\":\"H\u00fcbsch\",\"url\":\"https:\/\/hubsch-interior.com\/de\/\",\"logo\":{\"@type\":\"ImageObject\",\"inLanguage\":\"de\",\"@id\":\"https:\/\/hubsch-interior.com\/de\/#\/schema\/logo\/image\/\",\"url\":\"https:\/\/hubsch-interior.com\/wp-content\/uploads\/2022\/12\/Hubsch_logo_black_one_line.svg\",\"contentUrl\":\"https:\/\/hubsch-interior.com\/wp-content\/uploads\/2022\/12\/Hubsch_logo_black_one_line.svg\",\"caption\":\"H\u00fcbsch\"},\"image\":{\"@id\":\"https:\/\/hubsch-interior.com\/de\/#\/schema\/logo\/image\/\"}}]}<\/script>\n<!-- \/ Yoast SEO plugin. -->","yoast_head_json":{"title":"Fuyu Vasen Klar (3er Set) - H\u00fcbsch","description":"Wo Licht auf Textur in spielerischer Form trifft. Die Fuyu Vasen aus klarem Glas verzaubern mit ihren sanft geformten Gestalten und welligen Oberfl\u00e4chen,","robots":{"index":"index","follow":"follow","max-snippet":"max-snippet:-1","max-image-preview":"max-image-preview:large","max-video-preview":"max-video-preview:-1"},"canonical":"https:\/\/hubsch-interior.com\/de\/wp-json\/wp\/v2\/product\/1087709","og_locale":"de_DE","og_type":"article","og_title":"Fuyu Vasen Klar (3er Set) - H\u00fcbsch","og_description":"Wo Licht auf Textur in spielerischer Form trifft. Die Fuyu Vasen aus klarem Glas verzaubern mit ihren sanft geformten Gestalten und welligen Oberfl\u00e4chen,","og_url":"https:\/\/hubsch-interior.com\/de\/produkt\/fuyu-vasen-klar-3er-set\/","og_site_name":"H\u00fcbsch","article_modified_time":"2026-04-05T02:40:09+00:00","og_image":[{"width":1200,"height":1200,"url":"https:\/\/hubsch-interior.com\/wp-content\/uploads\/2026\/01\/fuyu-vases-clear-set-of-3-4133c9d78373641ba0d002f2e9fb2d8a.jpg","type":"image\/jpeg"}],"twitter_card":"summary_large_image","schema":{"@context":"https:\/\/schema.org","@graph":[{"@type":"WebPage","@id":"https:\/\/hubsch-interior.com\/de\/produkt\/fuyu-vasen-klar-3er-set\/","url":"https:\/\/hubsch-interior.com\/de\/produkt\/fuyu-vasen-klar-3er-set\/","name":"Fuyu Vasen Klar (3er Set) - H\u00fcbsch","isPartOf":{"@id":"https:\/\/hubsch-interior.com\/de\/#website"},"primaryImageOfPage":{"@id":"https:\/\/hubsch-interior.com\/de\/produkt\/fuyu-vasen-klar-3er-set\/#primaryimage"},"image":{"@id":"https:\/\/hubsch-interior.com\/de\/produkt\/fuyu-vasen-klar-3er-set\/#primaryimage"},"thumbnailUrl":"https:\/\/hubsch-interior.com\/wp-content\/uploads\/2026\/02\/fuyu-vases-clear-set-of-3-e0a950ce8c328e7ec7c3549c6bae37ad.jpg","datePublished":"2026-01-31T03:00:03+00:00","dateModified":"2026-04-05T02:40:09+00:00","description":"Wo Licht auf Textur in spielerischer Form trifft. Die Fuyu Vasen aus klarem Glas verzaubern mit ihren sanft geformten Gestalten und welligen Oberfl\u00e4chen,","breadcrumb":{"@id":"https:\/\/hubsch-interior.com\/de\/produkt\/fuyu-vasen-klar-3er-set\/#breadcrumb"},"inLanguage":"de","potentialAction":[{"@type":"ReadAction","target":["https:\/\/hubsch-interior.com\/de\/produkt\/fuyu-vasen-klar-3er-set\/"]}]},{"@type":"ImageObject","inLanguage":"de","@id":"https:\/\/hubsch-interior.com\/de\/produkt\/fuyu-vasen-klar-3er-set\/#primaryimage","url":"https:\/\/hubsch-interior.com\/wp-content\/uploads\/2026\/02\/fuyu-vases-clear-set-of-3-e0a950ce8c328e7ec7c3549c6bae37ad.jpg","contentUrl":"https:\/\/hubsch-interior.com\/wp-content\/uploads\/2026\/02\/fuyu-vases-clear-set-of-3-e0a950ce8c328e7ec7c3549c6bae37ad.jpg","width":1024,"height":1024},{"@type":"BreadcrumbList","@id":"https:\/\/hubsch-interior.com\/de\/produkt\/fuyu-vasen-klar-3er-set\/#breadcrumb","itemListElement":[{"@type":"ListItem","position":1,"name":"Startseite","item":"https:\/\/hubsch-interior.com\/de\/"},{"@type":"ListItem","position":2,"name":"Produkte","item":"https:\/\/hubsch-interior.com\/de\/shop-2\/"},{"@type":"ListItem","position":3,"name":"Wohnaccessoires","item":"https:\/\/hubsch-interior.com\/de\/produkt-kategorie\/wohnaccessoires\/"},{"@type":"ListItem","position":4,"name":"Vasen","item":"https:\/\/hubsch-interior.com\/de\/produkt-kategorie\/wohnaccessoires\/vasen-de\/"},{"@type":"ListItem","position":5,"name":"Fuyu Vasen Klar (3er Set)"}]},{"@type":"WebSite","@id":"https:\/\/hubsch-interior.com\/de\/#website","url":"https:\/\/hubsch-interior.com\/de\/","name":"H\u00fcbsch","description":"Danish Home Interior and Design","publisher":{"@id":"https:\/\/hubsch-interior.com\/de\/#organization"},"potentialAction":[{"@type":"SearchAction","target":{"@type":"EntryPoint","urlTemplate":"https:\/\/hubsch-interior.com\/de\/?s={search_term_string}"},"query-input":{"@type":"PropertyValueSpecification","valueRequired":true,"valueName":"search_term_string"}}],"inLanguage":"de"},{"@type":"Organization","@id":"https:\/\/hubsch-interior.com\/de\/#organization","name":"H\u00fcbsch","url":"https:\/\/hubsch-interior.com\/de\/","logo":{"@type":"ImageObject","inLanguage":"de","@id":"https:\/\/hubsch-interior.com\/de\/#\/schema\/logo\/image\/","url":"https:\/\/hubsch-interior.com\/wp-content\/uploads\/2022\/12\/Hubsch_logo_black_one_line.svg","contentUrl":"https:\/\/hubsch-interior.com\/wp-content\/uploads\/2022\/12\/Hubsch_logo_black_one_line.svg","caption":"H\u00fcbsch"},"image":{"@id":"https:\/\/hubsch-interior.com\/de\/#\/schema\/logo\/image\/"}}]}},"_links":{"self":[{"href":"https:\/\/hubsch-interior.com\/de\/wp-json\/wp\/v2\/product\/1087709","targetHints":{"allow":["GET"]}}],"collection":[{"href":"https:\/\/hubsch-interior.com\/de\/wp-json\/wp\/v2\/product"}],"about":[{"href":"https:\/\/hubsch-interior.com\/de\/wp-json\/wp\/v2\/types\/product"}],"wp:featuredmedia":[{"embeddable":true,"href":"https:\/\/hubsch-interior.com\/de\/wp-json\/wp\/v2\/media\/1099677"}],"wp:attachment":[{"href":"https:\/\/hubsch-interior.com\/de\/wp-json\/wp\/v2\/media?parent=1087709"}],"wp:term":[{"taxonomy":"product_brand","embeddable":true,"href":"https:\/\/hubsch-interior.com\/de\/wp-json\/wp\/v2\/product_brand?post=1087709"},{"taxonomy":"product_cat","embeddable":true,"href":"https:\/\/hubsch-interior.com\/de\/wp-json\/wp\/v2\/product_cat?post=1087709"},{"taxonomy":"product_tag","embeddable":true,"href":"https:\/\/hubsch-interior.com\/de\/wp-json\/wp\/v2\/product_tag?post=1087709"}],"curies":[{"name":"wp","href":"https:\/\/api.w.org\/{rel}","templated":true}]}}