{"id":1087781,"date":"2026-01-31T04:00:39","date_gmt":"2026-01-31T03:00:39","guid":{"rendered":"https:\/\/hubsch-interior.com\/product\/product\/"},"modified":"2026-04-05T04:40:26","modified_gmt":"2026-04-05T02:40:26","slug":"clea-schale-medium","status":"publish","type":"product","link":"https:\/\/hubsch-interior.com\/de\/produkt\/clea-schale-medium\/","title":{"rendered":"Clea Schale Medium"},"content":{"rendered":"<p>Glasgeschirr mit einer besonderen Note \u2013 und zwar wortw\u00f6rtlich. Die Clea Schale aus klarem Glas rahmt Ihre Speisen mit m\u00fcheloser Eleganz, w\u00e4hrend eine feine gr\u00fcne Linie eine subtile Farbspirale und eine charakteristische H\u00fcbsch-Note hinzuf\u00fcgt. Mit Sorgfalt handgefertigt, hat jede Schale ihre eigene einzigartige Form und Ausstrahlung, sodass jede Tischdekoration pers\u00f6nlich wirkt. In drei sch\u00f6nen Varianten erh\u00e4ltlich, ist sie perfekt geeignet, um Ihre kulinarischen Kreationen mit k\u00fcnstlerischem Flair und zeitlosem Charme zu pr\u00e4sentieren \u2013 egal, ob beim Servieren oder einfach beim Genie\u00dfen des Anblicks.<\/p>\n","protected":false},"excerpt":{"rendered":"<p>Glasgeschirr mit einer besonderen Note \u2013 und zwar wortw\u00f6rtlich. Die Clea Schale aus klarem Glas rahmt Ihre Speisen mit m\u00fcheloser Eleganz, w\u00e4hrend eine feine gr\u00fcne Linie eine subtile Farbspirale und eine charakteristische H\u00fcbsch-Note hinzuf\u00fcgt. Mit Sorgfalt handgefertigt, hat jede Schale ihre eigene einzigartige Form und Ausstrahlung, sodass jede Tischdekoration pers\u00f6nlich wirkt. In drei sch\u00f6nen Varianten [&hellip;]<\/p>\n","protected":false},"featured_media":1099729,"template":"","meta":{"_acf_changed":false,"inline_featured_image":false},"product_brand":[],"product_cat":[7155,6972,7044,7029,4055,4096,5081,5027,5047,6519],"product_tag":[],"class_list":{"0":"post-1087781","1":"product","2":"type-product","3":"status-publish","4":"has-post-thumbnail","6":"product_cat-dweller-de","7":"product_cat-oster-sale","8":"product_cat-servierschalen-de","9":"product_cat-tischgeschirr-de-2","10":"product_cat-kuechenzubehoer-de","11":"product_cat-tischgeschirr-de","12":"product_cat-gerade-auf-lager-de","13":"product_cat-bestsellers-de","14":"product_cat-neuheiten-de","15":"product_cat-outlet-de","16":"product_shipping_class-pk","18":"pa_material-glas-de","20":"first","21":"instock","22":"sale","23":"featured","24":"taxable","25":"shipping-taxable","26":"purchasable","27":"product-type-simple"},"exclude_global_add_ons":[],"addons":[],"acf":[],"yoast_head":"<!-- This site is optimized with the Yoast SEO plugin v26.4 - https:\/\/yoast.com\/wordpress\/plugins\/seo\/ -->\n<title>Clea Schale Medium - H\u00fcbsch<\/title>\n<meta name=\"description\" content=\"Glasgeschirr mit einer besonderen Note \u2013 und zwar wortw\u00f6rtlich. Die Clea Schale aus klarem Glas rahmt Ihre Speisen mit m\u00fcheloser Eleganz, w\u00e4hrend eine\" \/>\n<meta name=\"robots\" content=\"index, follow, max-snippet:-1, max-image-preview:large, max-video-preview:-1\" \/>\n<link rel=\"canonical\" href=\"https:\/\/hubsch-interior.com\/de\/wp-json\/wp\/v2\/product\/1087781\" \/>\n<meta property=\"og:locale\" content=\"de_DE\" \/>\n<meta property=\"og:type\" content=\"article\" \/>\n<meta property=\"og:title\" content=\"Clea Schale Medium - H\u00fcbsch\" \/>\n<meta property=\"og:description\" content=\"Glasgeschirr mit einer besonderen Note \u2013 und zwar wortw\u00f6rtlich. Die Clea Schale aus klarem Glas rahmt Ihre Speisen mit m\u00fcheloser Eleganz, w\u00e4hrend eine\" \/>\n<meta property=\"og:url\" content=\"https:\/\/hubsch-interior.com\/de\/produkt\/clea-schale-medium\/\" \/>\n<meta property=\"og:site_name\" content=\"H\u00fcbsch\" \/>\n<meta property=\"article:modified_time\" content=\"2026-04-05T02:40:26+00:00\" \/>\n<meta property=\"og:image\" content=\"https:\/\/hubsch-interior.com\/wp-content\/uploads\/2026\/01\/clea-bowl-medium-9199f9c918692b0578bc4d4c97a3bf85.jpg\" \/>\n\t<meta property=\"og:image:width\" content=\"1200\" \/>\n\t<meta property=\"og:image:height\" content=\"1200\" \/>\n\t<meta property=\"og:image:type\" content=\"image\/jpeg\" \/>\n<meta name=\"twitter:card\" content=\"summary_large_image\" \/>\n<script type=\"application\/ld+json\" class=\"yoast-schema-graph\">{\"@context\":\"https:\/\/schema.org\",\"@graph\":[{\"@type\":\"WebPage\",\"@id\":\"https:\/\/hubsch-interior.com\/de\/produkt\/clea-schale-medium\/\",\"url\":\"https:\/\/hubsch-interior.com\/de\/produkt\/clea-schale-medium\/\",\"name\":\"Clea Schale Medium - H\u00fcbsch\",\"isPartOf\":{\"@id\":\"https:\/\/hubsch-interior.com\/de\/#website\"},\"primaryImageOfPage\":{\"@id\":\"https:\/\/hubsch-interior.com\/de\/produkt\/clea-schale-medium\/#primaryimage\"},\"image\":{\"@id\":\"https:\/\/hubsch-interior.com\/de\/produkt\/clea-schale-medium\/#primaryimage\"},\"thumbnailUrl\":\"https:\/\/hubsch-interior.com\/wp-content\/uploads\/2026\/02\/clea-bowl-medium-2eb6ca1047224ff6d14072fb3198c663.jpg\",\"datePublished\":\"2026-01-31T03:00:39+00:00\",\"dateModified\":\"2026-04-05T02:40:26+00:00\",\"description\":\"Glasgeschirr mit einer besonderen Note \u2013 und zwar wortw\u00f6rtlich. Die Clea Schale aus klarem Glas rahmt Ihre Speisen mit m\u00fcheloser Eleganz, w\u00e4hrend eine\",\"breadcrumb\":{\"@id\":\"https:\/\/hubsch-interior.com\/de\/produkt\/clea-schale-medium\/#breadcrumb\"},\"inLanguage\":\"de\",\"potentialAction\":[{\"@type\":\"ReadAction\",\"target\":[\"https:\/\/hubsch-interior.com\/de\/produkt\/clea-schale-medium\/\"]}]},{\"@type\":\"ImageObject\",\"inLanguage\":\"de\",\"@id\":\"https:\/\/hubsch-interior.com\/de\/produkt\/clea-schale-medium\/#primaryimage\",\"url\":\"https:\/\/hubsch-interior.com\/wp-content\/uploads\/2026\/02\/clea-bowl-medium-2eb6ca1047224ff6d14072fb3198c663.jpg\",\"contentUrl\":\"https:\/\/hubsch-interior.com\/wp-content\/uploads\/2026\/02\/clea-bowl-medium-2eb6ca1047224ff6d14072fb3198c663.jpg\",\"width\":1024,\"height\":1024},{\"@type\":\"BreadcrumbList\",\"@id\":\"https:\/\/hubsch-interior.com\/de\/produkt\/clea-schale-medium\/#breadcrumb\",\"itemListElement\":[{\"@type\":\"ListItem\",\"position\":1,\"name\":\"Startseite\",\"item\":\"https:\/\/hubsch-interior.com\/de\/\"},{\"@type\":\"ListItem\",\"position\":2,\"name\":\"Produkte\",\"item\":\"https:\/\/hubsch-interior.com\/de\/shop-2\/\"},{\"@type\":\"ListItem\",\"position\":3,\"name\":\"K\u00fcche\",\"item\":\"https:\/\/hubsch-interior.com\/de\/produkt-kategorie\/kuche\/\"},{\"@type\":\"ListItem\",\"position\":4,\"name\":\"Tischgeschirr\",\"item\":\"https:\/\/hubsch-interior.com\/de\/produkt-kategorie\/kuche\/tischgeschirr-de-2\/\"},{\"@type\":\"ListItem\",\"position\":5,\"name\":\"Servierschalen\",\"item\":\"https:\/\/hubsch-interior.com\/de\/produkt-kategorie\/kuche\/tischgeschirr-de-2\/servierschalen-de\/\"},{\"@type\":\"ListItem\",\"position\":6,\"name\":\"Clea Schale Medium\"}]},{\"@type\":\"WebSite\",\"@id\":\"https:\/\/hubsch-interior.com\/de\/#website\",\"url\":\"https:\/\/hubsch-interior.com\/de\/\",\"name\":\"H\u00fcbsch\",\"description\":\"Danish Home Interior and Design\",\"publisher\":{\"@id\":\"https:\/\/hubsch-interior.com\/de\/#organization\"},\"potentialAction\":[{\"@type\":\"SearchAction\",\"target\":{\"@type\":\"EntryPoint\",\"urlTemplate\":\"https:\/\/hubsch-interior.com\/de\/?s={search_term_string}\"},\"query-input\":{\"@type\":\"PropertyValueSpecification\",\"valueRequired\":true,\"valueName\":\"search_term_string\"}}],\"inLanguage\":\"de\"},{\"@type\":\"Organization\",\"@id\":\"https:\/\/hubsch-interior.com\/de\/#organization\",\"name\":\"H\u00fcbsch\",\"url\":\"https:\/\/hubsch-interior.com\/de\/\",\"logo\":{\"@type\":\"ImageObject\",\"inLanguage\":\"de\",\"@id\":\"https:\/\/hubsch-interior.com\/de\/#\/schema\/logo\/image\/\",\"url\":\"https:\/\/hubsch-interior.com\/wp-content\/uploads\/2022\/12\/Hubsch_logo_black_one_line.svg\",\"contentUrl\":\"https:\/\/hubsch-interior.com\/wp-content\/uploads\/2022\/12\/Hubsch_logo_black_one_line.svg\",\"caption\":\"H\u00fcbsch\"},\"image\":{\"@id\":\"https:\/\/hubsch-interior.com\/de\/#\/schema\/logo\/image\/\"}}]}<\/script>\n<!-- \/ Yoast SEO plugin. -->","yoast_head_json":{"title":"Clea Schale Medium - H\u00fcbsch","description":"Glasgeschirr mit einer besonderen Note \u2013 und zwar wortw\u00f6rtlich. Die Clea Schale aus klarem Glas rahmt Ihre Speisen mit m\u00fcheloser Eleganz, w\u00e4hrend eine","robots":{"index":"index","follow":"follow","max-snippet":"max-snippet:-1","max-image-preview":"max-image-preview:large","max-video-preview":"max-video-preview:-1"},"canonical":"https:\/\/hubsch-interior.com\/de\/wp-json\/wp\/v2\/product\/1087781","og_locale":"de_DE","og_type":"article","og_title":"Clea Schale Medium - H\u00fcbsch","og_description":"Glasgeschirr mit einer besonderen Note \u2013 und zwar wortw\u00f6rtlich. Die Clea Schale aus klarem Glas rahmt Ihre Speisen mit m\u00fcheloser Eleganz, w\u00e4hrend eine","og_url":"https:\/\/hubsch-interior.com\/de\/produkt\/clea-schale-medium\/","og_site_name":"H\u00fcbsch","article_modified_time":"2026-04-05T02:40:26+00:00","og_image":[{"width":1200,"height":1200,"url":"https:\/\/hubsch-interior.com\/wp-content\/uploads\/2026\/01\/clea-bowl-medium-9199f9c918692b0578bc4d4c97a3bf85.jpg","type":"image\/jpeg"}],"twitter_card":"summary_large_image","schema":{"@context":"https:\/\/schema.org","@graph":[{"@type":"WebPage","@id":"https:\/\/hubsch-interior.com\/de\/produkt\/clea-schale-medium\/","url":"https:\/\/hubsch-interior.com\/de\/produkt\/clea-schale-medium\/","name":"Clea Schale Medium - H\u00fcbsch","isPartOf":{"@id":"https:\/\/hubsch-interior.com\/de\/#website"},"primaryImageOfPage":{"@id":"https:\/\/hubsch-interior.com\/de\/produkt\/clea-schale-medium\/#primaryimage"},"image":{"@id":"https:\/\/hubsch-interior.com\/de\/produkt\/clea-schale-medium\/#primaryimage"},"thumbnailUrl":"https:\/\/hubsch-interior.com\/wp-content\/uploads\/2026\/02\/clea-bowl-medium-2eb6ca1047224ff6d14072fb3198c663.jpg","datePublished":"2026-01-31T03:00:39+00:00","dateModified":"2026-04-05T02:40:26+00:00","description":"Glasgeschirr mit einer besonderen Note \u2013 und zwar wortw\u00f6rtlich. Die Clea Schale aus klarem Glas rahmt Ihre Speisen mit m\u00fcheloser Eleganz, w\u00e4hrend eine","breadcrumb":{"@id":"https:\/\/hubsch-interior.com\/de\/produkt\/clea-schale-medium\/#breadcrumb"},"inLanguage":"de","potentialAction":[{"@type":"ReadAction","target":["https:\/\/hubsch-interior.com\/de\/produkt\/clea-schale-medium\/"]}]},{"@type":"ImageObject","inLanguage":"de","@id":"https:\/\/hubsch-interior.com\/de\/produkt\/clea-schale-medium\/#primaryimage","url":"https:\/\/hubsch-interior.com\/wp-content\/uploads\/2026\/02\/clea-bowl-medium-2eb6ca1047224ff6d14072fb3198c663.jpg","contentUrl":"https:\/\/hubsch-interior.com\/wp-content\/uploads\/2026\/02\/clea-bowl-medium-2eb6ca1047224ff6d14072fb3198c663.jpg","width":1024,"height":1024},{"@type":"BreadcrumbList","@id":"https:\/\/hubsch-interior.com\/de\/produkt\/clea-schale-medium\/#breadcrumb","itemListElement":[{"@type":"ListItem","position":1,"name":"Startseite","item":"https:\/\/hubsch-interior.com\/de\/"},{"@type":"ListItem","position":2,"name":"Produkte","item":"https:\/\/hubsch-interior.com\/de\/shop-2\/"},{"@type":"ListItem","position":3,"name":"K\u00fcche","item":"https:\/\/hubsch-interior.com\/de\/produkt-kategorie\/kuche\/"},{"@type":"ListItem","position":4,"name":"Tischgeschirr","item":"https:\/\/hubsch-interior.com\/de\/produkt-kategorie\/kuche\/tischgeschirr-de-2\/"},{"@type":"ListItem","position":5,"name":"Servierschalen","item":"https:\/\/hubsch-interior.com\/de\/produkt-kategorie\/kuche\/tischgeschirr-de-2\/servierschalen-de\/"},{"@type":"ListItem","position":6,"name":"Clea Schale Medium"}]},{"@type":"WebSite","@id":"https:\/\/hubsch-interior.com\/de\/#website","url":"https:\/\/hubsch-interior.com\/de\/","name":"H\u00fcbsch","description":"Danish Home Interior and Design","publisher":{"@id":"https:\/\/hubsch-interior.com\/de\/#organization"},"potentialAction":[{"@type":"SearchAction","target":{"@type":"EntryPoint","urlTemplate":"https:\/\/hubsch-interior.com\/de\/?s={search_term_string}"},"query-input":{"@type":"PropertyValueSpecification","valueRequired":true,"valueName":"search_term_string"}}],"inLanguage":"de"},{"@type":"Organization","@id":"https:\/\/hubsch-interior.com\/de\/#organization","name":"H\u00fcbsch","url":"https:\/\/hubsch-interior.com\/de\/","logo":{"@type":"ImageObject","inLanguage":"de","@id":"https:\/\/hubsch-interior.com\/de\/#\/schema\/logo\/image\/","url":"https:\/\/hubsch-interior.com\/wp-content\/uploads\/2022\/12\/Hubsch_logo_black_one_line.svg","contentUrl":"https:\/\/hubsch-interior.com\/wp-content\/uploads\/2022\/12\/Hubsch_logo_black_one_line.svg","caption":"H\u00fcbsch"},"image":{"@id":"https:\/\/hubsch-interior.com\/de\/#\/schema\/logo\/image\/"}}]}},"_links":{"self":[{"href":"https:\/\/hubsch-interior.com\/de\/wp-json\/wp\/v2\/product\/1087781","targetHints":{"allow":["GET"]}}],"collection":[{"href":"https:\/\/hubsch-interior.com\/de\/wp-json\/wp\/v2\/product"}],"about":[{"href":"https:\/\/hubsch-interior.com\/de\/wp-json\/wp\/v2\/types\/product"}],"wp:featuredmedia":[{"embeddable":true,"href":"https:\/\/hubsch-interior.com\/de\/wp-json\/wp\/v2\/media\/1099729"}],"wp:attachment":[{"href":"https:\/\/hubsch-interior.com\/de\/wp-json\/wp\/v2\/media?parent=1087781"}],"wp:term":[{"taxonomy":"product_brand","embeddable":true,"href":"https:\/\/hubsch-interior.com\/de\/wp-json\/wp\/v2\/product_brand?post=1087781"},{"taxonomy":"product_cat","embeddable":true,"href":"https:\/\/hubsch-interior.com\/de\/wp-json\/wp\/v2\/product_cat?post=1087781"},{"taxonomy":"product_tag","embeddable":true,"href":"https:\/\/hubsch-interior.com\/de\/wp-json\/wp\/v2\/product_tag?post=1087781"}],"curies":[{"name":"wp","href":"https:\/\/api.w.org\/{rel}","templated":true}]}}