{"id":1087817,"date":"2026-01-31T04:35:44","date_gmt":"2026-01-31T03:35:44","guid":{"rendered":"https:\/\/hubsch-interior.com\/product\/product\/"},"modified":"2026-04-05T05:00:02","modified_gmt":"2026-04-05T03:00:02","slug":"socle-buchstutze-naturfarben","status":"publish","type":"product","link":"https:\/\/hubsch-interior.com\/de\/produkt\/socle-buchstutze-naturfarben\/","title":{"rendered":"Socle Buchst\u00fctze Naturfarben"},"content":{"rendered":"<p>Eine sichere St\u00fctze f\u00fcr Ihre K\u00fcchengeschichten. Die Socle Buchst\u00fctze aus nat\u00fcrlichem, FSC-zertifiziertem Eichenholz verleiht Ihrem Kochbereich sowohl Charme als auch Funktionalit\u00e4t. Sie ist daf\u00fcr entworfen, Ihre Lieblingskochb\u00fccher aufrecht und offen zu halten, damit Sie sich auf das Kochen konzentrieren k\u00f6nnen \u2013 und nicht auf das Umbl\u00e4ttern der Seiten. Ihre flache, minimalistische Form f\u00fcgt sich nahtlos in jede K\u00fcche ein und bringt W\u00e4rme ohne viel Aufhebens. Ein einfaches, sch\u00f6nes Werkzeug, das jedes Rezept wie eine Selbstverst\u00e4ndlichkeit erscheinen l\u00e4sst.<\/p>\n","protected":false},"excerpt":{"rendered":"<p>Eine sichere St\u00fctze f\u00fcr Ihre K\u00fcchengeschichten. Die Socle Buchst\u00fctze aus nat\u00fcrlichem, FSC-zertifiziertem Eichenholz verleiht Ihrem Kochbereich sowohl Charme als auch Funktionalit\u00e4t. Sie ist daf\u00fcr entworfen, Ihre Lieblingskochb\u00fccher aufrecht und offen zu halten, damit Sie sich auf das Kochen konzentrieren k\u00f6nnen \u2013 und nicht auf das Umbl\u00e4ttern der Seiten. Ihre flache, minimalistische Form f\u00fcgt sich nahtlos [&hellip;]<\/p>\n","protected":false},"featured_media":1105033,"template":"","meta":{"_acf_changed":false,"inline_featured_image":false},"product_brand":[],"product_cat":[7155,6323,4155,4160,5027,5047],"product_tag":[],"class_list":{"0":"post-1087817","1":"product","2":"type-product","3":"status-publish","4":"has-post-thumbnail","6":"product_cat-dweller-de","7":"product_cat-fsc-de","8":"product_cat-buero-de","9":"product_cat-buchstuetze-de","10":"product_cat-bestsellers-de","11":"product_cat-neuheiten-de","12":"product_shipping_class-pk","14":"pa_color-naturfarben-2","15":"pa_material-mdf-de","16":"pa_material-eichenfurnier","18":"first","19":"instock","20":"featured","21":"taxable","22":"shipping-taxable","23":"purchasable","24":"product-type-simple"},"exclude_global_add_ons":[],"addons":[],"acf":[],"yoast_head":"<!-- This site is optimized with the Yoast SEO plugin v26.4 - https:\/\/yoast.com\/wordpress\/plugins\/seo\/ -->\n<title>Socle Buchst\u00fctze Naturfarben - H\u00fcbsch<\/title>\n<meta name=\"description\" content=\"Eine sichere St\u00fctze f\u00fcr Ihre K\u00fcchengeschichten. Die Socle Buchst\u00fctze aus nat\u00fcrlichem, FSC-zertifiziertem Eichenholz verleiht Ihrem Kochbereich sowohl\" \/>\n<meta name=\"robots\" content=\"index, follow, max-snippet:-1, max-image-preview:large, max-video-preview:-1\" \/>\n<link rel=\"canonical\" href=\"https:\/\/hubsch-interior.com\/de\/wp-json\/wp\/v2\/product\/1087817\" \/>\n<meta property=\"og:locale\" content=\"de_DE\" \/>\n<meta property=\"og:type\" content=\"article\" \/>\n<meta property=\"og:title\" content=\"Socle Buchst\u00fctze Naturfarben - H\u00fcbsch\" \/>\n<meta property=\"og:description\" content=\"Eine sichere St\u00fctze f\u00fcr Ihre K\u00fcchengeschichten. Die Socle Buchst\u00fctze aus nat\u00fcrlichem, FSC-zertifiziertem Eichenholz verleiht Ihrem Kochbereich sowohl\" \/>\n<meta property=\"og:url\" content=\"https:\/\/hubsch-interior.com\/de\/produkt\/socle-buchstutze-naturfarben\/\" \/>\n<meta property=\"og:site_name\" content=\"H\u00fcbsch\" \/>\n<meta property=\"article:modified_time\" content=\"2026-04-05T03:00:02+00:00\" \/>\n<meta property=\"og:image\" content=\"https:\/\/hubsch-interior.com\/wp-content\/uploads\/2026\/01\/socle-bookend-natural-2f1194567ce72d769aca1f7daf91dd47.jpg\" \/>\n\t<meta property=\"og:image:width\" content=\"1200\" \/>\n\t<meta property=\"og:image:height\" content=\"1200\" \/>\n\t<meta property=\"og:image:type\" content=\"image\/jpeg\" \/>\n<meta name=\"twitter:card\" content=\"summary_large_image\" \/>\n<script type=\"application\/ld+json\" class=\"yoast-schema-graph\">{\"@context\":\"https:\/\/schema.org\",\"@graph\":[{\"@type\":\"WebPage\",\"@id\":\"https:\/\/hubsch-interior.com\/de\/produkt\/socle-buchstutze-naturfarben\/\",\"url\":\"https:\/\/hubsch-interior.com\/de\/produkt\/socle-buchstutze-naturfarben\/\",\"name\":\"Socle Buchst\u00fctze Naturfarben - H\u00fcbsch\",\"isPartOf\":{\"@id\":\"https:\/\/hubsch-interior.com\/de\/#website\"},\"primaryImageOfPage\":{\"@id\":\"https:\/\/hubsch-interior.com\/de\/produkt\/socle-buchstutze-naturfarben\/#primaryimage\"},\"image\":{\"@id\":\"https:\/\/hubsch-interior.com\/de\/produkt\/socle-buchstutze-naturfarben\/#primaryimage\"},\"thumbnailUrl\":\"https:\/\/hubsch-interior.com\/wp-content\/uploads\/2026\/02\/socle-bookend-natural-1d6191620464820d50089aafc88ae912.jpg\",\"datePublished\":\"2026-01-31T03:35:44+00:00\",\"dateModified\":\"2026-04-05T03:00:02+00:00\",\"description\":\"Eine sichere St\u00fctze f\u00fcr Ihre K\u00fcchengeschichten. Die Socle Buchst\u00fctze aus nat\u00fcrlichem, FSC-zertifiziertem Eichenholz verleiht Ihrem Kochbereich sowohl\",\"breadcrumb\":{\"@id\":\"https:\/\/hubsch-interior.com\/de\/produkt\/socle-buchstutze-naturfarben\/#breadcrumb\"},\"inLanguage\":\"de\",\"potentialAction\":[{\"@type\":\"ReadAction\",\"target\":[\"https:\/\/hubsch-interior.com\/de\/produkt\/socle-buchstutze-naturfarben\/\"]}]},{\"@type\":\"ImageObject\",\"inLanguage\":\"de\",\"@id\":\"https:\/\/hubsch-interior.com\/de\/produkt\/socle-buchstutze-naturfarben\/#primaryimage\",\"url\":\"https:\/\/hubsch-interior.com\/wp-content\/uploads\/2026\/02\/socle-bookend-natural-1d6191620464820d50089aafc88ae912.jpg\",\"contentUrl\":\"https:\/\/hubsch-interior.com\/wp-content\/uploads\/2026\/02\/socle-bookend-natural-1d6191620464820d50089aafc88ae912.jpg\",\"width\":1024,\"height\":1024},{\"@type\":\"BreadcrumbList\",\"@id\":\"https:\/\/hubsch-interior.com\/de\/produkt\/socle-buchstutze-naturfarben\/#breadcrumb\",\"itemListElement\":[{\"@type\":\"ListItem\",\"position\":1,\"name\":\"Startseite\",\"item\":\"https:\/\/hubsch-interior.com\/de\/\"},{\"@type\":\"ListItem\",\"position\":2,\"name\":\"Produkte\",\"item\":\"https:\/\/hubsch-interior.com\/de\/shop-2\/\"},{\"@type\":\"ListItem\",\"position\":3,\"name\":\"Socle Buchst\u00fctze Naturfarben\"}]},{\"@type\":\"WebSite\",\"@id\":\"https:\/\/hubsch-interior.com\/de\/#website\",\"url\":\"https:\/\/hubsch-interior.com\/de\/\",\"name\":\"H\u00fcbsch\",\"description\":\"Danish Home Interior and Design\",\"publisher\":{\"@id\":\"https:\/\/hubsch-interior.com\/de\/#organization\"},\"potentialAction\":[{\"@type\":\"SearchAction\",\"target\":{\"@type\":\"EntryPoint\",\"urlTemplate\":\"https:\/\/hubsch-interior.com\/de\/?s={search_term_string}\"},\"query-input\":{\"@type\":\"PropertyValueSpecification\",\"valueRequired\":true,\"valueName\":\"search_term_string\"}}],\"inLanguage\":\"de\"},{\"@type\":\"Organization\",\"@id\":\"https:\/\/hubsch-interior.com\/de\/#organization\",\"name\":\"H\u00fcbsch\",\"url\":\"https:\/\/hubsch-interior.com\/de\/\",\"logo\":{\"@type\":\"ImageObject\",\"inLanguage\":\"de\",\"@id\":\"https:\/\/hubsch-interior.com\/de\/#\/schema\/logo\/image\/\",\"url\":\"https:\/\/hubsch-interior.com\/wp-content\/uploads\/2022\/12\/Hubsch_logo_black_one_line.svg\",\"contentUrl\":\"https:\/\/hubsch-interior.com\/wp-content\/uploads\/2022\/12\/Hubsch_logo_black_one_line.svg\",\"caption\":\"H\u00fcbsch\"},\"image\":{\"@id\":\"https:\/\/hubsch-interior.com\/de\/#\/schema\/logo\/image\/\"}}]}<\/script>\n<!-- \/ Yoast SEO plugin. -->","yoast_head_json":{"title":"Socle Buchst\u00fctze Naturfarben - H\u00fcbsch","description":"Eine sichere St\u00fctze f\u00fcr Ihre K\u00fcchengeschichten. Die Socle Buchst\u00fctze aus nat\u00fcrlichem, FSC-zertifiziertem Eichenholz verleiht Ihrem Kochbereich sowohl","robots":{"index":"index","follow":"follow","max-snippet":"max-snippet:-1","max-image-preview":"max-image-preview:large","max-video-preview":"max-video-preview:-1"},"canonical":"https:\/\/hubsch-interior.com\/de\/wp-json\/wp\/v2\/product\/1087817","og_locale":"de_DE","og_type":"article","og_title":"Socle Buchst\u00fctze Naturfarben - H\u00fcbsch","og_description":"Eine sichere St\u00fctze f\u00fcr Ihre K\u00fcchengeschichten. Die Socle Buchst\u00fctze aus nat\u00fcrlichem, FSC-zertifiziertem Eichenholz verleiht Ihrem Kochbereich sowohl","og_url":"https:\/\/hubsch-interior.com\/de\/produkt\/socle-buchstutze-naturfarben\/","og_site_name":"H\u00fcbsch","article_modified_time":"2026-04-05T03:00:02+00:00","og_image":[{"width":1200,"height":1200,"url":"https:\/\/hubsch-interior.com\/wp-content\/uploads\/2026\/01\/socle-bookend-natural-2f1194567ce72d769aca1f7daf91dd47.jpg","type":"image\/jpeg"}],"twitter_card":"summary_large_image","schema":{"@context":"https:\/\/schema.org","@graph":[{"@type":"WebPage","@id":"https:\/\/hubsch-interior.com\/de\/produkt\/socle-buchstutze-naturfarben\/","url":"https:\/\/hubsch-interior.com\/de\/produkt\/socle-buchstutze-naturfarben\/","name":"Socle Buchst\u00fctze Naturfarben - H\u00fcbsch","isPartOf":{"@id":"https:\/\/hubsch-interior.com\/de\/#website"},"primaryImageOfPage":{"@id":"https:\/\/hubsch-interior.com\/de\/produkt\/socle-buchstutze-naturfarben\/#primaryimage"},"image":{"@id":"https:\/\/hubsch-interior.com\/de\/produkt\/socle-buchstutze-naturfarben\/#primaryimage"},"thumbnailUrl":"https:\/\/hubsch-interior.com\/wp-content\/uploads\/2026\/02\/socle-bookend-natural-1d6191620464820d50089aafc88ae912.jpg","datePublished":"2026-01-31T03:35:44+00:00","dateModified":"2026-04-05T03:00:02+00:00","description":"Eine sichere St\u00fctze f\u00fcr Ihre K\u00fcchengeschichten. Die Socle Buchst\u00fctze aus nat\u00fcrlichem, FSC-zertifiziertem Eichenholz verleiht Ihrem Kochbereich sowohl","breadcrumb":{"@id":"https:\/\/hubsch-interior.com\/de\/produkt\/socle-buchstutze-naturfarben\/#breadcrumb"},"inLanguage":"de","potentialAction":[{"@type":"ReadAction","target":["https:\/\/hubsch-interior.com\/de\/produkt\/socle-buchstutze-naturfarben\/"]}]},{"@type":"ImageObject","inLanguage":"de","@id":"https:\/\/hubsch-interior.com\/de\/produkt\/socle-buchstutze-naturfarben\/#primaryimage","url":"https:\/\/hubsch-interior.com\/wp-content\/uploads\/2026\/02\/socle-bookend-natural-1d6191620464820d50089aafc88ae912.jpg","contentUrl":"https:\/\/hubsch-interior.com\/wp-content\/uploads\/2026\/02\/socle-bookend-natural-1d6191620464820d50089aafc88ae912.jpg","width":1024,"height":1024},{"@type":"BreadcrumbList","@id":"https:\/\/hubsch-interior.com\/de\/produkt\/socle-buchstutze-naturfarben\/#breadcrumb","itemListElement":[{"@type":"ListItem","position":1,"name":"Startseite","item":"https:\/\/hubsch-interior.com\/de\/"},{"@type":"ListItem","position":2,"name":"Produkte","item":"https:\/\/hubsch-interior.com\/de\/shop-2\/"},{"@type":"ListItem","position":3,"name":"Socle Buchst\u00fctze Naturfarben"}]},{"@type":"WebSite","@id":"https:\/\/hubsch-interior.com\/de\/#website","url":"https:\/\/hubsch-interior.com\/de\/","name":"H\u00fcbsch","description":"Danish Home Interior and Design","publisher":{"@id":"https:\/\/hubsch-interior.com\/de\/#organization"},"potentialAction":[{"@type":"SearchAction","target":{"@type":"EntryPoint","urlTemplate":"https:\/\/hubsch-interior.com\/de\/?s={search_term_string}"},"query-input":{"@type":"PropertyValueSpecification","valueRequired":true,"valueName":"search_term_string"}}],"inLanguage":"de"},{"@type":"Organization","@id":"https:\/\/hubsch-interior.com\/de\/#organization","name":"H\u00fcbsch","url":"https:\/\/hubsch-interior.com\/de\/","logo":{"@type":"ImageObject","inLanguage":"de","@id":"https:\/\/hubsch-interior.com\/de\/#\/schema\/logo\/image\/","url":"https:\/\/hubsch-interior.com\/wp-content\/uploads\/2022\/12\/Hubsch_logo_black_one_line.svg","contentUrl":"https:\/\/hubsch-interior.com\/wp-content\/uploads\/2022\/12\/Hubsch_logo_black_one_line.svg","caption":"H\u00fcbsch"},"image":{"@id":"https:\/\/hubsch-interior.com\/de\/#\/schema\/logo\/image\/"}}]}},"_links":{"self":[{"href":"https:\/\/hubsch-interior.com\/de\/wp-json\/wp\/v2\/product\/1087817","targetHints":{"allow":["GET"]}}],"collection":[{"href":"https:\/\/hubsch-interior.com\/de\/wp-json\/wp\/v2\/product"}],"about":[{"href":"https:\/\/hubsch-interior.com\/de\/wp-json\/wp\/v2\/types\/product"}],"wp:featuredmedia":[{"embeddable":true,"href":"https:\/\/hubsch-interior.com\/de\/wp-json\/wp\/v2\/media\/1105033"}],"wp:attachment":[{"href":"https:\/\/hubsch-interior.com\/de\/wp-json\/wp\/v2\/media?parent=1087817"}],"wp:term":[{"taxonomy":"product_brand","embeddable":true,"href":"https:\/\/hubsch-interior.com\/de\/wp-json\/wp\/v2\/product_brand?post=1087817"},{"taxonomy":"product_cat","embeddable":true,"href":"https:\/\/hubsch-interior.com\/de\/wp-json\/wp\/v2\/product_cat?post=1087817"},{"taxonomy":"product_tag","embeddable":true,"href":"https:\/\/hubsch-interior.com\/de\/wp-json\/wp\/v2\/product_tag?post=1087817"}],"curies":[{"name":"wp","href":"https:\/\/api.w.org\/{rel}","templated":true}]}}