{"id":1087845,"date":"2026-01-31T04:35:57","date_gmt":"2026-01-31T03:35:57","guid":{"rendered":"https:\/\/hubsch-interior.com\/product\/product\/"},"modified":"2026-04-06T04:54:13","modified_gmt":"2026-04-06T02:54:13","slug":"kant-regal-naturfarben","status":"publish","type":"product","link":"https:\/\/hubsch-interior.com\/de\/produkt\/kant-regal-naturfarben\/","title":{"rendered":"Kant Regal Naturfarben"},"content":{"rendered":"<p>Ein ruhiger Rahmen f\u00fcr die Dinge, die Sie lieben. Das Kant Regal ist aus FSC-zertifizierter Eiche in einem zeitlosen Naturfinish gefertigt und bietet eine vielseitige und elegante M\u00f6glichkeit, Ordnung in Ihre K\u00fcche, Ihr B\u00fcro oder Ihren Wohnbereich zu bringen. An der Wand montiert und wundersch\u00f6n schlicht, ist es darauf ausgelegt, alles von Erinnerungsst\u00fccken bis zu t\u00e4glichen Notwendigkeiten m\u00fchelos zu halten. Seine durchdachte Form f\u00fcgt jedem Raum ein subtiles Gef\u00fchl von Struktur und W\u00e4rme hinzu. Ein raffiniertes Alltagsregal, das Ihre Objekte \u2013 und Ihren Stil \u2013 leise, aber deutlich zur Geltung bringt.<\/p>\n","protected":false},"excerpt":{"rendered":"<p>Ein ruhiger Rahmen f\u00fcr die Dinge, die Sie lieben. Das Kant Regal ist aus FSC-zertifizierter Eiche in einem zeitlosen Naturfinish gefertigt und bietet eine vielseitige und elegante M\u00f6glichkeit, Ordnung in Ihre K\u00fcche, Ihr B\u00fcro oder Ihren Wohnbereich zu bringen. An der Wand montiert und wundersch\u00f6n schlicht, ist es darauf ausgelegt, alles von Erinnerungsst\u00fccken bis zu [&hellip;]<\/p>\n","protected":false},"featured_media":1105049,"template":"","meta":{"_acf_changed":false,"inline_featured_image":false},"product_brand":[],"product_cat":[7155,6323,7073,5047,7074,4012,4003],"product_tag":[],"class_list":{"0":"post-1087845","1":"product","2":"type-product","3":"status-publish","4":"has-post-thumbnail","6":"product_cat-dweller-de","7":"product_cat-fsc-de","8":"product_cat-haken-regale-de","9":"product_cat-neuheiten-de","10":"product_cat-kuchen-regale-de","11":"product_cat-regale-de","12":"product_cat-regale-aufbewahrung-de","13":"product_shipping_class-pk","15":"pa_color-naturfarben-2","16":"pa_material-eichenfurnier","17":"pa_material-mdf-de","19":"first","20":"instock","21":"taxable","22":"shipping-taxable","23":"purchasable","24":"product-type-simple"},"exclude_global_add_ons":[],"addons":[],"acf":[],"yoast_head":"<!-- This site is optimized with the Yoast SEO plugin v26.4 - https:\/\/yoast.com\/wordpress\/plugins\/seo\/ -->\n<title>Kant Regal Naturfarben - H\u00fcbsch<\/title>\n<meta name=\"description\" content=\"Ein ruhiger Rahmen f\u00fcr die Dinge, die Sie lieben. Das Kant Regal ist aus FSC-zertifizierter Eiche in einem zeitlosen Naturfinish gefertigt und bietet eine\" \/>\n<meta name=\"robots\" content=\"index, follow, max-snippet:-1, max-image-preview:large, max-video-preview:-1\" \/>\n<link rel=\"canonical\" href=\"https:\/\/hubsch-interior.com\/de\/wp-json\/wp\/v2\/product\/1087845\" \/>\n<meta property=\"og:locale\" content=\"de_DE\" \/>\n<meta property=\"og:type\" content=\"article\" \/>\n<meta property=\"og:title\" content=\"Kant Regal Naturfarben - H\u00fcbsch\" \/>\n<meta property=\"og:description\" content=\"Ein ruhiger Rahmen f\u00fcr die Dinge, die Sie lieben. Das Kant Regal ist aus FSC-zertifizierter Eiche in einem zeitlosen Naturfinish gefertigt und bietet eine\" \/>\n<meta property=\"og:url\" content=\"https:\/\/hubsch-interior.com\/de\/produkt\/kant-regal-naturfarben\/\" \/>\n<meta property=\"og:site_name\" content=\"H\u00fcbsch\" \/>\n<meta property=\"article:modified_time\" content=\"2026-04-06T02:54:13+00:00\" \/>\n<meta property=\"og:image\" content=\"https:\/\/hubsch-interior.com\/wp-content\/uploads\/2026\/02\/kant-shelf-unit-natural-4217efe3744f9b492cc6e009eaae7f7a.jpg\" \/>\n\t<meta property=\"og:image:width\" content=\"1024\" \/>\n\t<meta property=\"og:image:height\" content=\"1024\" \/>\n\t<meta property=\"og:image:type\" content=\"image\/jpeg\" \/>\n<meta name=\"twitter:card\" content=\"summary_large_image\" \/>\n<meta name=\"twitter:label1\" content=\"Gesch\u00e4tzte Lesezeit\" \/>\n\t<meta name=\"twitter:data1\" content=\"1\u00a0Minute\" \/>\n<script type=\"application\/ld+json\" class=\"yoast-schema-graph\">{\"@context\":\"https:\/\/schema.org\",\"@graph\":[{\"@type\":\"WebPage\",\"@id\":\"https:\/\/hubsch-interior.com\/de\/produkt\/kant-regal-naturfarben\/\",\"url\":\"https:\/\/hubsch-interior.com\/de\/produkt\/kant-regal-naturfarben\/\",\"name\":\"Kant Regal Naturfarben - H\u00fcbsch\",\"isPartOf\":{\"@id\":\"https:\/\/hubsch-interior.com\/de\/#website\"},\"primaryImageOfPage\":{\"@id\":\"https:\/\/hubsch-interior.com\/de\/produkt\/kant-regal-naturfarben\/#primaryimage\"},\"image\":{\"@id\":\"https:\/\/hubsch-interior.com\/de\/produkt\/kant-regal-naturfarben\/#primaryimage\"},\"thumbnailUrl\":\"https:\/\/hubsch-interior.com\/wp-content\/uploads\/2026\/02\/kant-shelf-unit-natural-4217efe3744f9b492cc6e009eaae7f7a.jpg\",\"datePublished\":\"2026-01-31T03:35:57+00:00\",\"dateModified\":\"2026-04-06T02:54:13+00:00\",\"description\":\"Ein ruhiger Rahmen f\u00fcr die Dinge, die Sie lieben. Das Kant Regal ist aus FSC-zertifizierter Eiche in einem zeitlosen Naturfinish gefertigt und bietet eine\",\"breadcrumb\":{\"@id\":\"https:\/\/hubsch-interior.com\/de\/produkt\/kant-regal-naturfarben\/#breadcrumb\"},\"inLanguage\":\"de\",\"potentialAction\":[{\"@type\":\"ReadAction\",\"target\":[\"https:\/\/hubsch-interior.com\/de\/produkt\/kant-regal-naturfarben\/\"]}]},{\"@type\":\"ImageObject\",\"inLanguage\":\"de\",\"@id\":\"https:\/\/hubsch-interior.com\/de\/produkt\/kant-regal-naturfarben\/#primaryimage\",\"url\":\"https:\/\/hubsch-interior.com\/wp-content\/uploads\/2026\/02\/kant-shelf-unit-natural-4217efe3744f9b492cc6e009eaae7f7a.jpg\",\"contentUrl\":\"https:\/\/hubsch-interior.com\/wp-content\/uploads\/2026\/02\/kant-shelf-unit-natural-4217efe3744f9b492cc6e009eaae7f7a.jpg\",\"width\":1024,\"height\":1024},{\"@type\":\"BreadcrumbList\",\"@id\":\"https:\/\/hubsch-interior.com\/de\/produkt\/kant-regal-naturfarben\/#breadcrumb\",\"itemListElement\":[{\"@type\":\"ListItem\",\"position\":1,\"name\":\"Startseite\",\"item\":\"https:\/\/hubsch-interior.com\/de\/\"},{\"@type\":\"ListItem\",\"position\":2,\"name\":\"Produkte\",\"item\":\"https:\/\/hubsch-interior.com\/de\/shop-2\/\"},{\"@type\":\"ListItem\",\"position\":3,\"name\":\"M\u00f6bel\",\"item\":\"https:\/\/hubsch-interior.com\/de\/produkt-kategorie\/moebel\/\"},{\"@type\":\"ListItem\",\"position\":4,\"name\":\"Regale &amp; Aufbewahrung\",\"item\":\"https:\/\/hubsch-interior.com\/de\/produkt-kategorie\/moebel\/regale-aufbewahrung-de\/\"},{\"@type\":\"ListItem\",\"position\":5,\"name\":\"Regale\",\"item\":\"https:\/\/hubsch-interior.com\/de\/produkt-kategorie\/moebel\/regale-aufbewahrung-de\/regale-de\/\"},{\"@type\":\"ListItem\",\"position\":6,\"name\":\"Kant Regal Naturfarben\"}]},{\"@type\":\"WebSite\",\"@id\":\"https:\/\/hubsch-interior.com\/de\/#website\",\"url\":\"https:\/\/hubsch-interior.com\/de\/\",\"name\":\"H\u00fcbsch\",\"description\":\"Danish Home Interior and Design\",\"publisher\":{\"@id\":\"https:\/\/hubsch-interior.com\/de\/#organization\"},\"potentialAction\":[{\"@type\":\"SearchAction\",\"target\":{\"@type\":\"EntryPoint\",\"urlTemplate\":\"https:\/\/hubsch-interior.com\/de\/?s={search_term_string}\"},\"query-input\":{\"@type\":\"PropertyValueSpecification\",\"valueRequired\":true,\"valueName\":\"search_term_string\"}}],\"inLanguage\":\"de\"},{\"@type\":\"Organization\",\"@id\":\"https:\/\/hubsch-interior.com\/de\/#organization\",\"name\":\"H\u00fcbsch\",\"url\":\"https:\/\/hubsch-interior.com\/de\/\",\"logo\":{\"@type\":\"ImageObject\",\"inLanguage\":\"de\",\"@id\":\"https:\/\/hubsch-interior.com\/de\/#\/schema\/logo\/image\/\",\"url\":\"https:\/\/hubsch-interior.com\/wp-content\/uploads\/2022\/12\/Hubsch_logo_black_one_line.svg\",\"contentUrl\":\"https:\/\/hubsch-interior.com\/wp-content\/uploads\/2022\/12\/Hubsch_logo_black_one_line.svg\",\"caption\":\"H\u00fcbsch\"},\"image\":{\"@id\":\"https:\/\/hubsch-interior.com\/de\/#\/schema\/logo\/image\/\"}}]}<\/script>\n<!-- \/ Yoast SEO plugin. -->","yoast_head_json":{"title":"Kant Regal Naturfarben - H\u00fcbsch","description":"Ein ruhiger Rahmen f\u00fcr die Dinge, die Sie lieben. Das Kant Regal ist aus FSC-zertifizierter Eiche in einem zeitlosen Naturfinish gefertigt und bietet eine","robots":{"index":"index","follow":"follow","max-snippet":"max-snippet:-1","max-image-preview":"max-image-preview:large","max-video-preview":"max-video-preview:-1"},"canonical":"https:\/\/hubsch-interior.com\/de\/wp-json\/wp\/v2\/product\/1087845","og_locale":"de_DE","og_type":"article","og_title":"Kant Regal Naturfarben - H\u00fcbsch","og_description":"Ein ruhiger Rahmen f\u00fcr die Dinge, die Sie lieben. Das Kant Regal ist aus FSC-zertifizierter Eiche in einem zeitlosen Naturfinish gefertigt und bietet eine","og_url":"https:\/\/hubsch-interior.com\/de\/produkt\/kant-regal-naturfarben\/","og_site_name":"H\u00fcbsch","article_modified_time":"2026-04-06T02:54:13+00:00","og_image":[{"width":1024,"height":1024,"url":"https:\/\/hubsch-interior.com\/wp-content\/uploads\/2026\/02\/kant-shelf-unit-natural-4217efe3744f9b492cc6e009eaae7f7a.jpg","type":"image\/jpeg"}],"twitter_card":"summary_large_image","twitter_misc":{"Gesch\u00e4tzte Lesezeit":"1\u00a0Minute"},"schema":{"@context":"https:\/\/schema.org","@graph":[{"@type":"WebPage","@id":"https:\/\/hubsch-interior.com\/de\/produkt\/kant-regal-naturfarben\/","url":"https:\/\/hubsch-interior.com\/de\/produkt\/kant-regal-naturfarben\/","name":"Kant Regal Naturfarben - H\u00fcbsch","isPartOf":{"@id":"https:\/\/hubsch-interior.com\/de\/#website"},"primaryImageOfPage":{"@id":"https:\/\/hubsch-interior.com\/de\/produkt\/kant-regal-naturfarben\/#primaryimage"},"image":{"@id":"https:\/\/hubsch-interior.com\/de\/produkt\/kant-regal-naturfarben\/#primaryimage"},"thumbnailUrl":"https:\/\/hubsch-interior.com\/wp-content\/uploads\/2026\/02\/kant-shelf-unit-natural-4217efe3744f9b492cc6e009eaae7f7a.jpg","datePublished":"2026-01-31T03:35:57+00:00","dateModified":"2026-04-06T02:54:13+00:00","description":"Ein ruhiger Rahmen f\u00fcr die Dinge, die Sie lieben. Das Kant Regal ist aus FSC-zertifizierter Eiche in einem zeitlosen Naturfinish gefertigt und bietet eine","breadcrumb":{"@id":"https:\/\/hubsch-interior.com\/de\/produkt\/kant-regal-naturfarben\/#breadcrumb"},"inLanguage":"de","potentialAction":[{"@type":"ReadAction","target":["https:\/\/hubsch-interior.com\/de\/produkt\/kant-regal-naturfarben\/"]}]},{"@type":"ImageObject","inLanguage":"de","@id":"https:\/\/hubsch-interior.com\/de\/produkt\/kant-regal-naturfarben\/#primaryimage","url":"https:\/\/hubsch-interior.com\/wp-content\/uploads\/2026\/02\/kant-shelf-unit-natural-4217efe3744f9b492cc6e009eaae7f7a.jpg","contentUrl":"https:\/\/hubsch-interior.com\/wp-content\/uploads\/2026\/02\/kant-shelf-unit-natural-4217efe3744f9b492cc6e009eaae7f7a.jpg","width":1024,"height":1024},{"@type":"BreadcrumbList","@id":"https:\/\/hubsch-interior.com\/de\/produkt\/kant-regal-naturfarben\/#breadcrumb","itemListElement":[{"@type":"ListItem","position":1,"name":"Startseite","item":"https:\/\/hubsch-interior.com\/de\/"},{"@type":"ListItem","position":2,"name":"Produkte","item":"https:\/\/hubsch-interior.com\/de\/shop-2\/"},{"@type":"ListItem","position":3,"name":"M\u00f6bel","item":"https:\/\/hubsch-interior.com\/de\/produkt-kategorie\/moebel\/"},{"@type":"ListItem","position":4,"name":"Regale &amp; Aufbewahrung","item":"https:\/\/hubsch-interior.com\/de\/produkt-kategorie\/moebel\/regale-aufbewahrung-de\/"},{"@type":"ListItem","position":5,"name":"Regale","item":"https:\/\/hubsch-interior.com\/de\/produkt-kategorie\/moebel\/regale-aufbewahrung-de\/regale-de\/"},{"@type":"ListItem","position":6,"name":"Kant Regal Naturfarben"}]},{"@type":"WebSite","@id":"https:\/\/hubsch-interior.com\/de\/#website","url":"https:\/\/hubsch-interior.com\/de\/","name":"H\u00fcbsch","description":"Danish Home Interior and Design","publisher":{"@id":"https:\/\/hubsch-interior.com\/de\/#organization"},"potentialAction":[{"@type":"SearchAction","target":{"@type":"EntryPoint","urlTemplate":"https:\/\/hubsch-interior.com\/de\/?s={search_term_string}"},"query-input":{"@type":"PropertyValueSpecification","valueRequired":true,"valueName":"search_term_string"}}],"inLanguage":"de"},{"@type":"Organization","@id":"https:\/\/hubsch-interior.com\/de\/#organization","name":"H\u00fcbsch","url":"https:\/\/hubsch-interior.com\/de\/","logo":{"@type":"ImageObject","inLanguage":"de","@id":"https:\/\/hubsch-interior.com\/de\/#\/schema\/logo\/image\/","url":"https:\/\/hubsch-interior.com\/wp-content\/uploads\/2022\/12\/Hubsch_logo_black_one_line.svg","contentUrl":"https:\/\/hubsch-interior.com\/wp-content\/uploads\/2022\/12\/Hubsch_logo_black_one_line.svg","caption":"H\u00fcbsch"},"image":{"@id":"https:\/\/hubsch-interior.com\/de\/#\/schema\/logo\/image\/"}}]}},"_links":{"self":[{"href":"https:\/\/hubsch-interior.com\/de\/wp-json\/wp\/v2\/product\/1087845","targetHints":{"allow":["GET"]}}],"collection":[{"href":"https:\/\/hubsch-interior.com\/de\/wp-json\/wp\/v2\/product"}],"about":[{"href":"https:\/\/hubsch-interior.com\/de\/wp-json\/wp\/v2\/types\/product"}],"wp:featuredmedia":[{"embeddable":true,"href":"https:\/\/hubsch-interior.com\/de\/wp-json\/wp\/v2\/media\/1105049"}],"wp:attachment":[{"href":"https:\/\/hubsch-interior.com\/de\/wp-json\/wp\/v2\/media?parent=1087845"}],"wp:term":[{"taxonomy":"product_brand","embeddable":true,"href":"https:\/\/hubsch-interior.com\/de\/wp-json\/wp\/v2\/product_brand?post=1087845"},{"taxonomy":"product_cat","embeddable":true,"href":"https:\/\/hubsch-interior.com\/de\/wp-json\/wp\/v2\/product_cat?post=1087845"},{"taxonomy":"product_tag","embeddable":true,"href":"https:\/\/hubsch-interior.com\/de\/wp-json\/wp\/v2\/product_tag?post=1087845"}],"curies":[{"name":"wp","href":"https:\/\/api.w.org\/{rel}","templated":true}]}}