{"id":1087881,"date":"2026-01-31T04:36:12","date_gmt":"2026-01-31T03:36:12","guid":{"rendered":"https:\/\/hubsch-interior.com\/product\/product\/"},"modified":"2026-04-05T05:00:10","modified_gmt":"2026-04-05T03:00:10","slug":"four-couchtisch-naturfarben-2er-set","status":"publish","type":"product","link":"https:\/\/hubsch-interior.com\/de\/produkt\/four-couchtisch-naturfarben-2er-set\/","title":{"rendered":"Four Couchtisch Naturfarben (2er Set)"},"content":{"rendered":"<p>Was w\u00e4re, wenn Ihr Couchtisch seine Form \u00e4ndern k\u00f6nnte? Der Four Couchtisch bringt spielerische Flexibilit\u00e4t in Ihr Zuhause, gefertigt aus warmem, FSC-zertifiziertem Eichenholz und gest\u00fctzt von vier robusten Beinen. Nutzen Sie ihn als einzelnes Zentrum oder arrangieren Sie mehrere zusammen \u2013 verteilen, stapeln, trennen \u2013 und lassen Sie das Layout Ihrer Stimmung folgen. Mit seinem einladenden Ton und der f\u00fchlbaren Handwerkskunst ist er mehr als nur eine Oberfl\u00e4che. Er ist ein modulares Moment der Ruhe, Verbindung und kreativen Lebens.<\/p>\n","protected":false},"excerpt":{"rendered":"<p>Was w\u00e4re, wenn Ihr Couchtisch seine Form \u00e4ndern k\u00f6nnte? Der Four Couchtisch bringt spielerische Flexibilit\u00e4t in Ihr Zuhause, gefertigt aus warmem, FSC-zertifiziertem Eichenholz und gest\u00fctzt von vier robusten Beinen. Nutzen Sie ihn als einzelnes Zentrum oder arrangieren Sie mehrere zusammen \u2013 verteilen, stapeln, trennen \u2013 und lassen Sie das Layout Ihrer Stimmung folgen. Mit seinem [&hellip;]<\/p>\n","protected":false},"featured_media":1105069,"template":"","meta":{"_acf_changed":false,"inline_featured_image":false},"product_brand":[],"product_cat":[7155,6323,5047,2874,2861],"product_tag":[],"class_list":{"0":"post-1087881","1":"product","2":"type-product","3":"status-publish","4":"has-post-thumbnail","6":"product_cat-dweller-de","7":"product_cat-fsc-de","8":"product_cat-neuheiten-de","9":"product_cat-sofatische-de","10":"product_cat-tische-de","11":"product_shipping_class-pk","13":"pa_color-naturfarben-2","14":"pa_material-eichenfurnier","15":"pa_material-eichenholz","16":"pa_material-mdf-de","18":"first","19":"instock","20":"taxable","21":"shipping-taxable","22":"purchasable","23":"product-type-simple"},"exclude_global_add_ons":[],"addons":[],"acf":[],"yoast_head":"<!-- This site is optimized with the Yoast SEO plugin v26.4 - https:\/\/yoast.com\/wordpress\/plugins\/seo\/ -->\n<title>Four Couchtisch Naturfarben (2er Set) - H\u00fcbsch<\/title>\n<meta name=\"description\" content=\"Was w\u00e4re, wenn Ihr Couchtisch seine Form \u00e4ndern k\u00f6nnte? Der Four Couchtisch bringt spielerische Flexibilit\u00e4t in Ihr Zuhause, gefertigt aus warmem,\" \/>\n<meta name=\"robots\" content=\"index, follow, max-snippet:-1, max-image-preview:large, max-video-preview:-1\" \/>\n<link rel=\"canonical\" href=\"https:\/\/hubsch-interior.com\/de\/wp-json\/wp\/v2\/product\/1087881\" \/>\n<meta property=\"og:locale\" content=\"de_DE\" \/>\n<meta property=\"og:type\" content=\"article\" \/>\n<meta property=\"og:title\" content=\"Four Couchtisch Naturfarben (2er Set) - H\u00fcbsch\" \/>\n<meta property=\"og:description\" content=\"Was w\u00e4re, wenn Ihr Couchtisch seine Form \u00e4ndern k\u00f6nnte? Der Four Couchtisch bringt spielerische Flexibilit\u00e4t in Ihr Zuhause, gefertigt aus warmem,\" \/>\n<meta property=\"og:url\" content=\"https:\/\/hubsch-interior.com\/de\/produkt\/four-couchtisch-naturfarben-2er-set\/\" \/>\n<meta property=\"og:site_name\" content=\"H\u00fcbsch\" \/>\n<meta property=\"article:modified_time\" content=\"2026-04-05T03:00:10+00:00\" \/>\n<meta property=\"og:image\" content=\"https:\/\/hubsch-interior.com\/wp-content\/uploads\/2026\/01\/four-coffee-table-natural-set-of-2-b3ac3b4b87031874b8ab03d942af3a33.jpg\" \/>\n\t<meta property=\"og:image:width\" content=\"1200\" \/>\n\t<meta property=\"og:image:height\" content=\"1200\" \/>\n\t<meta property=\"og:image:type\" content=\"image\/jpeg\" \/>\n<meta name=\"twitter:card\" content=\"summary_large_image\" \/>\n<script type=\"application\/ld+json\" class=\"yoast-schema-graph\">{\"@context\":\"https:\/\/schema.org\",\"@graph\":[{\"@type\":\"WebPage\",\"@id\":\"https:\/\/hubsch-interior.com\/de\/produkt\/four-couchtisch-naturfarben-2er-set\/\",\"url\":\"https:\/\/hubsch-interior.com\/de\/produkt\/four-couchtisch-naturfarben-2er-set\/\",\"name\":\"Four Couchtisch Naturfarben (2er Set) - H\u00fcbsch\",\"isPartOf\":{\"@id\":\"https:\/\/hubsch-interior.com\/de\/#website\"},\"primaryImageOfPage\":{\"@id\":\"https:\/\/hubsch-interior.com\/de\/produkt\/four-couchtisch-naturfarben-2er-set\/#primaryimage\"},\"image\":{\"@id\":\"https:\/\/hubsch-interior.com\/de\/produkt\/four-couchtisch-naturfarben-2er-set\/#primaryimage\"},\"thumbnailUrl\":\"https:\/\/hubsch-interior.com\/wp-content\/uploads\/2026\/02\/four-coffee-table-natural-set-of-2-644f6f37c8fdff4937033b8f7d009660.jpg\",\"datePublished\":\"2026-01-31T03:36:12+00:00\",\"dateModified\":\"2026-04-05T03:00:10+00:00\",\"description\":\"Was w\u00e4re, wenn Ihr Couchtisch seine Form \u00e4ndern k\u00f6nnte? Der Four Couchtisch bringt spielerische Flexibilit\u00e4t in Ihr Zuhause, gefertigt aus warmem,\",\"breadcrumb\":{\"@id\":\"https:\/\/hubsch-interior.com\/de\/produkt\/four-couchtisch-naturfarben-2er-set\/#breadcrumb\"},\"inLanguage\":\"de\",\"potentialAction\":[{\"@type\":\"ReadAction\",\"target\":[\"https:\/\/hubsch-interior.com\/de\/produkt\/four-couchtisch-naturfarben-2er-set\/\"]}]},{\"@type\":\"ImageObject\",\"inLanguage\":\"de\",\"@id\":\"https:\/\/hubsch-interior.com\/de\/produkt\/four-couchtisch-naturfarben-2er-set\/#primaryimage\",\"url\":\"https:\/\/hubsch-interior.com\/wp-content\/uploads\/2026\/02\/four-coffee-table-natural-set-of-2-644f6f37c8fdff4937033b8f7d009660.jpg\",\"contentUrl\":\"https:\/\/hubsch-interior.com\/wp-content\/uploads\/2026\/02\/four-coffee-table-natural-set-of-2-644f6f37c8fdff4937033b8f7d009660.jpg\",\"width\":1024,\"height\":1024},{\"@type\":\"BreadcrumbList\",\"@id\":\"https:\/\/hubsch-interior.com\/de\/produkt\/four-couchtisch-naturfarben-2er-set\/#breadcrumb\",\"itemListElement\":[{\"@type\":\"ListItem\",\"position\":1,\"name\":\"Startseite\",\"item\":\"https:\/\/hubsch-interior.com\/de\/\"},{\"@type\":\"ListItem\",\"position\":2,\"name\":\"Produkte\",\"item\":\"https:\/\/hubsch-interior.com\/de\/shop-2\/\"},{\"@type\":\"ListItem\",\"position\":3,\"name\":\"Four Couchtisch Naturfarben (2er Set)\"}]},{\"@type\":\"WebSite\",\"@id\":\"https:\/\/hubsch-interior.com\/de\/#website\",\"url\":\"https:\/\/hubsch-interior.com\/de\/\",\"name\":\"H\u00fcbsch\",\"description\":\"Danish Home Interior and Design\",\"publisher\":{\"@id\":\"https:\/\/hubsch-interior.com\/de\/#organization\"},\"potentialAction\":[{\"@type\":\"SearchAction\",\"target\":{\"@type\":\"EntryPoint\",\"urlTemplate\":\"https:\/\/hubsch-interior.com\/de\/?s={search_term_string}\"},\"query-input\":{\"@type\":\"PropertyValueSpecification\",\"valueRequired\":true,\"valueName\":\"search_term_string\"}}],\"inLanguage\":\"de\"},{\"@type\":\"Organization\",\"@id\":\"https:\/\/hubsch-interior.com\/de\/#organization\",\"name\":\"H\u00fcbsch\",\"url\":\"https:\/\/hubsch-interior.com\/de\/\",\"logo\":{\"@type\":\"ImageObject\",\"inLanguage\":\"de\",\"@id\":\"https:\/\/hubsch-interior.com\/de\/#\/schema\/logo\/image\/\",\"url\":\"https:\/\/hubsch-interior.com\/wp-content\/uploads\/2022\/12\/Hubsch_logo_black_one_line.svg\",\"contentUrl\":\"https:\/\/hubsch-interior.com\/wp-content\/uploads\/2022\/12\/Hubsch_logo_black_one_line.svg\",\"caption\":\"H\u00fcbsch\"},\"image\":{\"@id\":\"https:\/\/hubsch-interior.com\/de\/#\/schema\/logo\/image\/\"}}]}<\/script>\n<!-- \/ Yoast SEO plugin. -->","yoast_head_json":{"title":"Four Couchtisch Naturfarben (2er Set) - H\u00fcbsch","description":"Was w\u00e4re, wenn Ihr Couchtisch seine Form \u00e4ndern k\u00f6nnte? Der Four Couchtisch bringt spielerische Flexibilit\u00e4t in Ihr Zuhause, gefertigt aus warmem,","robots":{"index":"index","follow":"follow","max-snippet":"max-snippet:-1","max-image-preview":"max-image-preview:large","max-video-preview":"max-video-preview:-1"},"canonical":"https:\/\/hubsch-interior.com\/de\/wp-json\/wp\/v2\/product\/1087881","og_locale":"de_DE","og_type":"article","og_title":"Four Couchtisch Naturfarben (2er Set) - H\u00fcbsch","og_description":"Was w\u00e4re, wenn Ihr Couchtisch seine Form \u00e4ndern k\u00f6nnte? Der Four Couchtisch bringt spielerische Flexibilit\u00e4t in Ihr Zuhause, gefertigt aus warmem,","og_url":"https:\/\/hubsch-interior.com\/de\/produkt\/four-couchtisch-naturfarben-2er-set\/","og_site_name":"H\u00fcbsch","article_modified_time":"2026-04-05T03:00:10+00:00","og_image":[{"width":1200,"height":1200,"url":"https:\/\/hubsch-interior.com\/wp-content\/uploads\/2026\/01\/four-coffee-table-natural-set-of-2-b3ac3b4b87031874b8ab03d942af3a33.jpg","type":"image\/jpeg"}],"twitter_card":"summary_large_image","schema":{"@context":"https:\/\/schema.org","@graph":[{"@type":"WebPage","@id":"https:\/\/hubsch-interior.com\/de\/produkt\/four-couchtisch-naturfarben-2er-set\/","url":"https:\/\/hubsch-interior.com\/de\/produkt\/four-couchtisch-naturfarben-2er-set\/","name":"Four Couchtisch Naturfarben (2er Set) - H\u00fcbsch","isPartOf":{"@id":"https:\/\/hubsch-interior.com\/de\/#website"},"primaryImageOfPage":{"@id":"https:\/\/hubsch-interior.com\/de\/produkt\/four-couchtisch-naturfarben-2er-set\/#primaryimage"},"image":{"@id":"https:\/\/hubsch-interior.com\/de\/produkt\/four-couchtisch-naturfarben-2er-set\/#primaryimage"},"thumbnailUrl":"https:\/\/hubsch-interior.com\/wp-content\/uploads\/2026\/02\/four-coffee-table-natural-set-of-2-644f6f37c8fdff4937033b8f7d009660.jpg","datePublished":"2026-01-31T03:36:12+00:00","dateModified":"2026-04-05T03:00:10+00:00","description":"Was w\u00e4re, wenn Ihr Couchtisch seine Form \u00e4ndern k\u00f6nnte? Der Four Couchtisch bringt spielerische Flexibilit\u00e4t in Ihr Zuhause, gefertigt aus warmem,","breadcrumb":{"@id":"https:\/\/hubsch-interior.com\/de\/produkt\/four-couchtisch-naturfarben-2er-set\/#breadcrumb"},"inLanguage":"de","potentialAction":[{"@type":"ReadAction","target":["https:\/\/hubsch-interior.com\/de\/produkt\/four-couchtisch-naturfarben-2er-set\/"]}]},{"@type":"ImageObject","inLanguage":"de","@id":"https:\/\/hubsch-interior.com\/de\/produkt\/four-couchtisch-naturfarben-2er-set\/#primaryimage","url":"https:\/\/hubsch-interior.com\/wp-content\/uploads\/2026\/02\/four-coffee-table-natural-set-of-2-644f6f37c8fdff4937033b8f7d009660.jpg","contentUrl":"https:\/\/hubsch-interior.com\/wp-content\/uploads\/2026\/02\/four-coffee-table-natural-set-of-2-644f6f37c8fdff4937033b8f7d009660.jpg","width":1024,"height":1024},{"@type":"BreadcrumbList","@id":"https:\/\/hubsch-interior.com\/de\/produkt\/four-couchtisch-naturfarben-2er-set\/#breadcrumb","itemListElement":[{"@type":"ListItem","position":1,"name":"Startseite","item":"https:\/\/hubsch-interior.com\/de\/"},{"@type":"ListItem","position":2,"name":"Produkte","item":"https:\/\/hubsch-interior.com\/de\/shop-2\/"},{"@type":"ListItem","position":3,"name":"Four Couchtisch Naturfarben (2er Set)"}]},{"@type":"WebSite","@id":"https:\/\/hubsch-interior.com\/de\/#website","url":"https:\/\/hubsch-interior.com\/de\/","name":"H\u00fcbsch","description":"Danish Home Interior and Design","publisher":{"@id":"https:\/\/hubsch-interior.com\/de\/#organization"},"potentialAction":[{"@type":"SearchAction","target":{"@type":"EntryPoint","urlTemplate":"https:\/\/hubsch-interior.com\/de\/?s={search_term_string}"},"query-input":{"@type":"PropertyValueSpecification","valueRequired":true,"valueName":"search_term_string"}}],"inLanguage":"de"},{"@type":"Organization","@id":"https:\/\/hubsch-interior.com\/de\/#organization","name":"H\u00fcbsch","url":"https:\/\/hubsch-interior.com\/de\/","logo":{"@type":"ImageObject","inLanguage":"de","@id":"https:\/\/hubsch-interior.com\/de\/#\/schema\/logo\/image\/","url":"https:\/\/hubsch-interior.com\/wp-content\/uploads\/2022\/12\/Hubsch_logo_black_one_line.svg","contentUrl":"https:\/\/hubsch-interior.com\/wp-content\/uploads\/2022\/12\/Hubsch_logo_black_one_line.svg","caption":"H\u00fcbsch"},"image":{"@id":"https:\/\/hubsch-interior.com\/de\/#\/schema\/logo\/image\/"}}]}},"_links":{"self":[{"href":"https:\/\/hubsch-interior.com\/de\/wp-json\/wp\/v2\/product\/1087881","targetHints":{"allow":["GET"]}}],"collection":[{"href":"https:\/\/hubsch-interior.com\/de\/wp-json\/wp\/v2\/product"}],"about":[{"href":"https:\/\/hubsch-interior.com\/de\/wp-json\/wp\/v2\/types\/product"}],"wp:featuredmedia":[{"embeddable":true,"href":"https:\/\/hubsch-interior.com\/de\/wp-json\/wp\/v2\/media\/1105069"}],"wp:attachment":[{"href":"https:\/\/hubsch-interior.com\/de\/wp-json\/wp\/v2\/media?parent=1087881"}],"wp:term":[{"taxonomy":"product_brand","embeddable":true,"href":"https:\/\/hubsch-interior.com\/de\/wp-json\/wp\/v2\/product_brand?post=1087881"},{"taxonomy":"product_cat","embeddable":true,"href":"https:\/\/hubsch-interior.com\/de\/wp-json\/wp\/v2\/product_cat?post=1087881"},{"taxonomy":"product_tag","embeddable":true,"href":"https:\/\/hubsch-interior.com\/de\/wp-json\/wp\/v2\/product_tag?post=1087881"}],"curies":[{"name":"wp","href":"https:\/\/api.w.org\/{rel}","templated":true}]}}