{"id":1087905,"date":"2026-01-31T04:36:32","date_gmt":"2026-01-31T03:36:32","guid":{"rendered":"https:\/\/hubsch-interior.com\/product\/product\/"},"modified":"2026-04-05T05:00:18","modified_gmt":"2026-04-05T03:00:18","slug":"forma-servierwagen-naturfarben","status":"publish","type":"product","link":"https:\/\/hubsch-interior.com\/de\/produkt\/forma-servierwagen-naturfarben\/","title":{"rendered":"Forma Servierwagen Naturfarben"},"content":{"rendered":"<p>Rollende Sch\u00f6nheit, gepr\u00e4gt von Funktionalit\u00e4t. Der Forma Servierwagen, gefertigt aus FSC-zertifizierter Eiche in einem warmen Naturton, bringt Flexibilit\u00e4t und Form in Einklang. Als Teil der beliebten Forma Familie bietet er gro\u00dfz\u00fcgigen Stauraum mit einer luftigen, skulpturalen Silhouette \u2014 leicht zu bewegen, leicht zu lieben. Ob Sie B\u00fccher, Glaswaren oder allt\u00e4gliche Essentials arrangieren, er begleitet Sie mit Anmut von Raum zu Raum. Ein praktischer Gef\u00e4hrte mit einer unaufdringlichen Pr\u00e4senz, die niemals aus der Mode kommt.<\/p>\n","protected":false},"excerpt":{"rendered":"<p>Rollende Sch\u00f6nheit, gepr\u00e4gt von Funktionalit\u00e4t. Der Forma Servierwagen, gefertigt aus FSC-zertifizierter Eiche in einem warmen Naturton, bringt Flexibilit\u00e4t und Form in Einklang. Als Teil der beliebten Forma Familie bietet er gro\u00dfz\u00fcgigen Stauraum mit einer luftigen, skulpturalen Silhouette \u2014 leicht zu bewegen, leicht zu lieben. Ob Sie B\u00fccher, Glaswaren oder allt\u00e4gliche Essentials arrangieren, er begleitet Sie [&hellip;]<\/p>\n","protected":false},"featured_media":1105117,"template":"","meta":{"_acf_changed":false,"inline_featured_image":false},"product_brand":[],"product_cat":[7155,6323,5047,6360,2861],"product_tag":[],"class_list":{"0":"post-1087905","1":"product","2":"type-product","3":"status-publish","4":"has-post-thumbnail","6":"product_cat-dweller-de","7":"product_cat-fsc-de","8":"product_cat-neuheiten-de","9":"product_cat-servierwagen-de","10":"product_cat-tische-de","11":"product_shipping_class-pk","13":"pa_color-naturfarben-2","14":"pa_material-eichenfurnier","15":"pa_material-eichenholz","16":"pa_material-mdf-de","18":"first","19":"instock","20":"taxable","21":"shipping-taxable","22":"purchasable","23":"product-type-simple"},"exclude_global_add_ons":[],"addons":[],"acf":[],"yoast_head":"<!-- This site is optimized with the Yoast SEO plugin v26.4 - https:\/\/yoast.com\/wordpress\/plugins\/seo\/ -->\n<title>Forma Servierwagen Naturfarben - H\u00fcbsch<\/title>\n<meta name=\"description\" content=\"Rollende Sch\u00f6nheit, gepr\u00e4gt von Funktionalit\u00e4t. Der Forma Servierwagen, gefertigt aus FSC-zertifizierter Eiche in einem warmen Naturton, bringt\" \/>\n<meta name=\"robots\" content=\"index, follow, max-snippet:-1, max-image-preview:large, max-video-preview:-1\" \/>\n<link rel=\"canonical\" href=\"https:\/\/hubsch-interior.com\/de\/wp-json\/wp\/v2\/product\/1087905\" \/>\n<meta property=\"og:locale\" content=\"de_DE\" \/>\n<meta property=\"og:type\" content=\"article\" \/>\n<meta property=\"og:title\" content=\"Forma Servierwagen Naturfarben - H\u00fcbsch\" \/>\n<meta property=\"og:description\" content=\"Rollende Sch\u00f6nheit, gepr\u00e4gt von Funktionalit\u00e4t. Der Forma Servierwagen, gefertigt aus FSC-zertifizierter Eiche in einem warmen Naturton, bringt\" \/>\n<meta property=\"og:url\" content=\"https:\/\/hubsch-interior.com\/de\/produkt\/forma-servierwagen-naturfarben\/\" \/>\n<meta property=\"og:site_name\" content=\"H\u00fcbsch\" \/>\n<meta property=\"article:modified_time\" content=\"2026-04-05T03:00:18+00:00\" \/>\n<meta property=\"og:image\" content=\"https:\/\/hubsch-interior.com\/wp-content\/uploads\/2026\/01\/forma-trolley-natural-b830ebadd905ef6fca7661785b40d6b1.jpg\" \/>\n\t<meta property=\"og:image:width\" content=\"1200\" \/>\n\t<meta property=\"og:image:height\" content=\"1200\" \/>\n\t<meta property=\"og:image:type\" content=\"image\/jpeg\" \/>\n<meta name=\"twitter:card\" content=\"summary_large_image\" \/>\n<script type=\"application\/ld+json\" class=\"yoast-schema-graph\">{\"@context\":\"https:\/\/schema.org\",\"@graph\":[{\"@type\":\"WebPage\",\"@id\":\"https:\/\/hubsch-interior.com\/de\/produkt\/forma-servierwagen-naturfarben\/\",\"url\":\"https:\/\/hubsch-interior.com\/de\/produkt\/forma-servierwagen-naturfarben\/\",\"name\":\"Forma Servierwagen Naturfarben - H\u00fcbsch\",\"isPartOf\":{\"@id\":\"https:\/\/hubsch-interior.com\/de\/#website\"},\"primaryImageOfPage\":{\"@id\":\"https:\/\/hubsch-interior.com\/de\/produkt\/forma-servierwagen-naturfarben\/#primaryimage\"},\"image\":{\"@id\":\"https:\/\/hubsch-interior.com\/de\/produkt\/forma-servierwagen-naturfarben\/#primaryimage\"},\"thumbnailUrl\":\"https:\/\/hubsch-interior.com\/wp-content\/uploads\/2026\/02\/forma-trolley-natural-c14921d74f69267038407f719f027e11.jpg\",\"datePublished\":\"2026-01-31T03:36:32+00:00\",\"dateModified\":\"2026-04-05T03:00:18+00:00\",\"description\":\"Rollende Sch\u00f6nheit, gepr\u00e4gt von Funktionalit\u00e4t. Der Forma Servierwagen, gefertigt aus FSC-zertifizierter Eiche in einem warmen Naturton, bringt\",\"breadcrumb\":{\"@id\":\"https:\/\/hubsch-interior.com\/de\/produkt\/forma-servierwagen-naturfarben\/#breadcrumb\"},\"inLanguage\":\"de\",\"potentialAction\":[{\"@type\":\"ReadAction\",\"target\":[\"https:\/\/hubsch-interior.com\/de\/produkt\/forma-servierwagen-naturfarben\/\"]}]},{\"@type\":\"ImageObject\",\"inLanguage\":\"de\",\"@id\":\"https:\/\/hubsch-interior.com\/de\/produkt\/forma-servierwagen-naturfarben\/#primaryimage\",\"url\":\"https:\/\/hubsch-interior.com\/wp-content\/uploads\/2026\/02\/forma-trolley-natural-c14921d74f69267038407f719f027e11.jpg\",\"contentUrl\":\"https:\/\/hubsch-interior.com\/wp-content\/uploads\/2026\/02\/forma-trolley-natural-c14921d74f69267038407f719f027e11.jpg\",\"width\":1024,\"height\":1024},{\"@type\":\"BreadcrumbList\",\"@id\":\"https:\/\/hubsch-interior.com\/de\/produkt\/forma-servierwagen-naturfarben\/#breadcrumb\",\"itemListElement\":[{\"@type\":\"ListItem\",\"position\":1,\"name\":\"Startseite\",\"item\":\"https:\/\/hubsch-interior.com\/de\/\"},{\"@type\":\"ListItem\",\"position\":2,\"name\":\"Produkte\",\"item\":\"https:\/\/hubsch-interior.com\/de\/shop-2\/\"},{\"@type\":\"ListItem\",\"position\":3,\"name\":\"Forma Servierwagen Naturfarben\"}]},{\"@type\":\"WebSite\",\"@id\":\"https:\/\/hubsch-interior.com\/de\/#website\",\"url\":\"https:\/\/hubsch-interior.com\/de\/\",\"name\":\"H\u00fcbsch\",\"description\":\"Danish Home Interior and Design\",\"publisher\":{\"@id\":\"https:\/\/hubsch-interior.com\/de\/#organization\"},\"potentialAction\":[{\"@type\":\"SearchAction\",\"target\":{\"@type\":\"EntryPoint\",\"urlTemplate\":\"https:\/\/hubsch-interior.com\/de\/?s={search_term_string}\"},\"query-input\":{\"@type\":\"PropertyValueSpecification\",\"valueRequired\":true,\"valueName\":\"search_term_string\"}}],\"inLanguage\":\"de\"},{\"@type\":\"Organization\",\"@id\":\"https:\/\/hubsch-interior.com\/de\/#organization\",\"name\":\"H\u00fcbsch\",\"url\":\"https:\/\/hubsch-interior.com\/de\/\",\"logo\":{\"@type\":\"ImageObject\",\"inLanguage\":\"de\",\"@id\":\"https:\/\/hubsch-interior.com\/de\/#\/schema\/logo\/image\/\",\"url\":\"https:\/\/hubsch-interior.com\/wp-content\/uploads\/2022\/12\/Hubsch_logo_black_one_line.svg\",\"contentUrl\":\"https:\/\/hubsch-interior.com\/wp-content\/uploads\/2022\/12\/Hubsch_logo_black_one_line.svg\",\"caption\":\"H\u00fcbsch\"},\"image\":{\"@id\":\"https:\/\/hubsch-interior.com\/de\/#\/schema\/logo\/image\/\"}}]}<\/script>\n<!-- \/ Yoast SEO plugin. -->","yoast_head_json":{"title":"Forma Servierwagen Naturfarben - H\u00fcbsch","description":"Rollende Sch\u00f6nheit, gepr\u00e4gt von Funktionalit\u00e4t. Der Forma Servierwagen, gefertigt aus FSC-zertifizierter Eiche in einem warmen Naturton, bringt","robots":{"index":"index","follow":"follow","max-snippet":"max-snippet:-1","max-image-preview":"max-image-preview:large","max-video-preview":"max-video-preview:-1"},"canonical":"https:\/\/hubsch-interior.com\/de\/wp-json\/wp\/v2\/product\/1087905","og_locale":"de_DE","og_type":"article","og_title":"Forma Servierwagen Naturfarben - H\u00fcbsch","og_description":"Rollende Sch\u00f6nheit, gepr\u00e4gt von Funktionalit\u00e4t. Der Forma Servierwagen, gefertigt aus FSC-zertifizierter Eiche in einem warmen Naturton, bringt","og_url":"https:\/\/hubsch-interior.com\/de\/produkt\/forma-servierwagen-naturfarben\/","og_site_name":"H\u00fcbsch","article_modified_time":"2026-04-05T03:00:18+00:00","og_image":[{"width":1200,"height":1200,"url":"https:\/\/hubsch-interior.com\/wp-content\/uploads\/2026\/01\/forma-trolley-natural-b830ebadd905ef6fca7661785b40d6b1.jpg","type":"image\/jpeg"}],"twitter_card":"summary_large_image","schema":{"@context":"https:\/\/schema.org","@graph":[{"@type":"WebPage","@id":"https:\/\/hubsch-interior.com\/de\/produkt\/forma-servierwagen-naturfarben\/","url":"https:\/\/hubsch-interior.com\/de\/produkt\/forma-servierwagen-naturfarben\/","name":"Forma Servierwagen Naturfarben - H\u00fcbsch","isPartOf":{"@id":"https:\/\/hubsch-interior.com\/de\/#website"},"primaryImageOfPage":{"@id":"https:\/\/hubsch-interior.com\/de\/produkt\/forma-servierwagen-naturfarben\/#primaryimage"},"image":{"@id":"https:\/\/hubsch-interior.com\/de\/produkt\/forma-servierwagen-naturfarben\/#primaryimage"},"thumbnailUrl":"https:\/\/hubsch-interior.com\/wp-content\/uploads\/2026\/02\/forma-trolley-natural-c14921d74f69267038407f719f027e11.jpg","datePublished":"2026-01-31T03:36:32+00:00","dateModified":"2026-04-05T03:00:18+00:00","description":"Rollende Sch\u00f6nheit, gepr\u00e4gt von Funktionalit\u00e4t. Der Forma Servierwagen, gefertigt aus FSC-zertifizierter Eiche in einem warmen Naturton, bringt","breadcrumb":{"@id":"https:\/\/hubsch-interior.com\/de\/produkt\/forma-servierwagen-naturfarben\/#breadcrumb"},"inLanguage":"de","potentialAction":[{"@type":"ReadAction","target":["https:\/\/hubsch-interior.com\/de\/produkt\/forma-servierwagen-naturfarben\/"]}]},{"@type":"ImageObject","inLanguage":"de","@id":"https:\/\/hubsch-interior.com\/de\/produkt\/forma-servierwagen-naturfarben\/#primaryimage","url":"https:\/\/hubsch-interior.com\/wp-content\/uploads\/2026\/02\/forma-trolley-natural-c14921d74f69267038407f719f027e11.jpg","contentUrl":"https:\/\/hubsch-interior.com\/wp-content\/uploads\/2026\/02\/forma-trolley-natural-c14921d74f69267038407f719f027e11.jpg","width":1024,"height":1024},{"@type":"BreadcrumbList","@id":"https:\/\/hubsch-interior.com\/de\/produkt\/forma-servierwagen-naturfarben\/#breadcrumb","itemListElement":[{"@type":"ListItem","position":1,"name":"Startseite","item":"https:\/\/hubsch-interior.com\/de\/"},{"@type":"ListItem","position":2,"name":"Produkte","item":"https:\/\/hubsch-interior.com\/de\/shop-2\/"},{"@type":"ListItem","position":3,"name":"Forma Servierwagen Naturfarben"}]},{"@type":"WebSite","@id":"https:\/\/hubsch-interior.com\/de\/#website","url":"https:\/\/hubsch-interior.com\/de\/","name":"H\u00fcbsch","description":"Danish Home Interior and Design","publisher":{"@id":"https:\/\/hubsch-interior.com\/de\/#organization"},"potentialAction":[{"@type":"SearchAction","target":{"@type":"EntryPoint","urlTemplate":"https:\/\/hubsch-interior.com\/de\/?s={search_term_string}"},"query-input":{"@type":"PropertyValueSpecification","valueRequired":true,"valueName":"search_term_string"}}],"inLanguage":"de"},{"@type":"Organization","@id":"https:\/\/hubsch-interior.com\/de\/#organization","name":"H\u00fcbsch","url":"https:\/\/hubsch-interior.com\/de\/","logo":{"@type":"ImageObject","inLanguage":"de","@id":"https:\/\/hubsch-interior.com\/de\/#\/schema\/logo\/image\/","url":"https:\/\/hubsch-interior.com\/wp-content\/uploads\/2022\/12\/Hubsch_logo_black_one_line.svg","contentUrl":"https:\/\/hubsch-interior.com\/wp-content\/uploads\/2022\/12\/Hubsch_logo_black_one_line.svg","caption":"H\u00fcbsch"},"image":{"@id":"https:\/\/hubsch-interior.com\/de\/#\/schema\/logo\/image\/"}}]}},"_links":{"self":[{"href":"https:\/\/hubsch-interior.com\/de\/wp-json\/wp\/v2\/product\/1087905","targetHints":{"allow":["GET"]}}],"collection":[{"href":"https:\/\/hubsch-interior.com\/de\/wp-json\/wp\/v2\/product"}],"about":[{"href":"https:\/\/hubsch-interior.com\/de\/wp-json\/wp\/v2\/types\/product"}],"wp:featuredmedia":[{"embeddable":true,"href":"https:\/\/hubsch-interior.com\/de\/wp-json\/wp\/v2\/media\/1105117"}],"wp:attachment":[{"href":"https:\/\/hubsch-interior.com\/de\/wp-json\/wp\/v2\/media?parent=1087905"}],"wp:term":[{"taxonomy":"product_brand","embeddable":true,"href":"https:\/\/hubsch-interior.com\/de\/wp-json\/wp\/v2\/product_brand?post=1087905"},{"taxonomy":"product_cat","embeddable":true,"href":"https:\/\/hubsch-interior.com\/de\/wp-json\/wp\/v2\/product_cat?post=1087905"},{"taxonomy":"product_tag","embeddable":true,"href":"https:\/\/hubsch-interior.com\/de\/wp-json\/wp\/v2\/product_tag?post=1087905"}],"curies":[{"name":"wp","href":"https:\/\/api.w.org\/{rel}","templated":true}]}}