{"id":1087989,"date":"2026-01-31T04:37:13","date_gmt":"2026-01-31T03:37:13","guid":{"rendered":"https:\/\/hubsch-interior.com\/product\/product\/"},"modified":"2026-04-05T05:00:31","modified_gmt":"2026-04-05T03:00:31","slug":"merge-nachttisch-naturfarben","status":"publish","type":"product","link":"https:\/\/hubsch-interior.com\/de\/produkt\/merge-nachttisch-naturfarben\/","title":{"rendered":"Merge Nachttisch Naturfarben"},"content":{"rendered":"<p>Ein Nachttischbegleiter mit Sinn und Stil. Der Merge Nachttisch verleiht Ihrem Schlafzimmer mit graphischer Klarheit und stillvollem Charme einen besonderen Touch. Offene Regale bieten Platz f\u00fcr B\u00fccher, Brillen und all die kleinen Dinge, die Sie nachts gerne griffbereit haben. Die warmen Eichent\u00f6ne sorgen f\u00fcr eine nat\u00fcrliche Ruhe, w\u00e4hrend das klare Design die beliebte \u00c4sthetik der Merge-Familie widerspiegelt. Hergestellt aus FSC-zertifiziertem Holz, ist er mit Sorgfalt gefertigt \u2013 f\u00fcr Ihren Raum, Ihre Routinen und die Welt um Sie herum. Eine kleine, aber stabile Pr\u00e4senz, die Ihre Abende, Morgenstunden und alles dazwischen unterst\u00fctzt.<\/p>\n","protected":false},"excerpt":{"rendered":"<p>Ein Nachttischbegleiter mit Sinn und Stil. Der Merge Nachttisch verleiht Ihrem Schlafzimmer mit graphischer Klarheit und stillvollem Charme einen besonderen Touch. Offene Regale bieten Platz f\u00fcr B\u00fccher, Brillen und all die kleinen Dinge, die Sie nachts gerne griffbereit haben. Die warmen Eichent\u00f6ne sorgen f\u00fcr eine nat\u00fcrliche Ruhe, w\u00e4hrend das klare Design die beliebte \u00c4sthetik der [&hellip;]<\/p>\n","protected":false},"featured_media":1105185,"template":"","meta":{"_acf_changed":false,"inline_featured_image":false},"product_brand":[],"product_cat":[7155,6323,2861,4028,4803,5047],"product_tag":[],"class_list":{"0":"post-1087989","1":"product","2":"type-product","3":"status-publish","4":"has-post-thumbnail","6":"product_cat-dweller-de","7":"product_cat-fsc-de","8":"product_cat-tische-de","9":"product_cat-beistelltische-de","10":"product_cat-nachttische-de","11":"product_cat-neuheiten-de","12":"product_shipping_class-pk","14":"pa_color-naturfarben-2","15":"pa_material-mdf-de","16":"pa_material-eichenfurnier","18":"first","19":"instock","20":"taxable","21":"shipping-taxable","22":"purchasable","23":"product-type-simple"},"exclude_global_add_ons":[],"addons":[],"acf":[],"yoast_head":"<!-- This site is optimized with the Yoast SEO plugin v26.4 - https:\/\/yoast.com\/wordpress\/plugins\/seo\/ -->\n<title>Merge Nachttisch Naturfarben - H\u00fcbsch<\/title>\n<meta name=\"description\" content=\"Ein Nachttischbegleiter mit Sinn und Stil. Der Merge Nachttisch verleiht Ihrem Schlafzimmer mit graphischer Klarheit und stillvollem Charme einen\" \/>\n<meta name=\"robots\" content=\"index, follow, max-snippet:-1, max-image-preview:large, max-video-preview:-1\" \/>\n<link rel=\"canonical\" href=\"https:\/\/hubsch-interior.com\/de\/wp-json\/wp\/v2\/product\/1087989\" \/>\n<meta property=\"og:locale\" content=\"de_DE\" \/>\n<meta property=\"og:type\" content=\"article\" \/>\n<meta property=\"og:title\" content=\"Merge Nachttisch Naturfarben - H\u00fcbsch\" \/>\n<meta property=\"og:description\" content=\"Ein Nachttischbegleiter mit Sinn und Stil. Der Merge Nachttisch verleiht Ihrem Schlafzimmer mit graphischer Klarheit und stillvollem Charme einen\" \/>\n<meta property=\"og:url\" content=\"https:\/\/hubsch-interior.com\/de\/produkt\/merge-nachttisch-naturfarben\/\" \/>\n<meta property=\"og:site_name\" content=\"H\u00fcbsch\" \/>\n<meta property=\"article:modified_time\" content=\"2026-04-05T03:00:31+00:00\" \/>\n<meta property=\"og:image\" content=\"https:\/\/hubsch-interior.com\/wp-content\/uploads\/2026\/01\/merge-bedside-table-natural-28811ffcddbfe1af46544f3dc0244e1f.jpg\" \/>\n\t<meta property=\"og:image:width\" content=\"1200\" \/>\n\t<meta property=\"og:image:height\" content=\"1200\" \/>\n\t<meta property=\"og:image:type\" content=\"image\/jpeg\" \/>\n<meta name=\"twitter:card\" content=\"summary_large_image\" \/>\n<script type=\"application\/ld+json\" class=\"yoast-schema-graph\">{\"@context\":\"https:\/\/schema.org\",\"@graph\":[{\"@type\":\"WebPage\",\"@id\":\"https:\/\/hubsch-interior.com\/de\/produkt\/merge-nachttisch-naturfarben\/\",\"url\":\"https:\/\/hubsch-interior.com\/de\/produkt\/merge-nachttisch-naturfarben\/\",\"name\":\"Merge Nachttisch Naturfarben - H\u00fcbsch\",\"isPartOf\":{\"@id\":\"https:\/\/hubsch-interior.com\/de\/#website\"},\"primaryImageOfPage\":{\"@id\":\"https:\/\/hubsch-interior.com\/de\/produkt\/merge-nachttisch-naturfarben\/#primaryimage\"},\"image\":{\"@id\":\"https:\/\/hubsch-interior.com\/de\/produkt\/merge-nachttisch-naturfarben\/#primaryimage\"},\"thumbnailUrl\":\"https:\/\/hubsch-interior.com\/wp-content\/uploads\/2026\/02\/merge-bedside-table-natural-b9aef48fe0b4881f25dc08c9116bd245.jpg\",\"datePublished\":\"2026-01-31T03:37:13+00:00\",\"dateModified\":\"2026-04-05T03:00:31+00:00\",\"description\":\"Ein Nachttischbegleiter mit Sinn und Stil. Der Merge Nachttisch verleiht Ihrem Schlafzimmer mit graphischer Klarheit und stillvollem Charme einen\",\"breadcrumb\":{\"@id\":\"https:\/\/hubsch-interior.com\/de\/produkt\/merge-nachttisch-naturfarben\/#breadcrumb\"},\"inLanguage\":\"de\",\"potentialAction\":[{\"@type\":\"ReadAction\",\"target\":[\"https:\/\/hubsch-interior.com\/de\/produkt\/merge-nachttisch-naturfarben\/\"]}]},{\"@type\":\"ImageObject\",\"inLanguage\":\"de\",\"@id\":\"https:\/\/hubsch-interior.com\/de\/produkt\/merge-nachttisch-naturfarben\/#primaryimage\",\"url\":\"https:\/\/hubsch-interior.com\/wp-content\/uploads\/2026\/02\/merge-bedside-table-natural-b9aef48fe0b4881f25dc08c9116bd245.jpg\",\"contentUrl\":\"https:\/\/hubsch-interior.com\/wp-content\/uploads\/2026\/02\/merge-bedside-table-natural-b9aef48fe0b4881f25dc08c9116bd245.jpg\",\"width\":1024,\"height\":1024},{\"@type\":\"BreadcrumbList\",\"@id\":\"https:\/\/hubsch-interior.com\/de\/produkt\/merge-nachttisch-naturfarben\/#breadcrumb\",\"itemListElement\":[{\"@type\":\"ListItem\",\"position\":1,\"name\":\"Startseite\",\"item\":\"https:\/\/hubsch-interior.com\/de\/\"},{\"@type\":\"ListItem\",\"position\":2,\"name\":\"Produkte\",\"item\":\"https:\/\/hubsch-interior.com\/de\/shop-2\/\"},{\"@type\":\"ListItem\",\"position\":3,\"name\":\"Merge Nachttisch Naturfarben\"}]},{\"@type\":\"WebSite\",\"@id\":\"https:\/\/hubsch-interior.com\/de\/#website\",\"url\":\"https:\/\/hubsch-interior.com\/de\/\",\"name\":\"H\u00fcbsch\",\"description\":\"Danish Home Interior and Design\",\"publisher\":{\"@id\":\"https:\/\/hubsch-interior.com\/de\/#organization\"},\"potentialAction\":[{\"@type\":\"SearchAction\",\"target\":{\"@type\":\"EntryPoint\",\"urlTemplate\":\"https:\/\/hubsch-interior.com\/de\/?s={search_term_string}\"},\"query-input\":{\"@type\":\"PropertyValueSpecification\",\"valueRequired\":true,\"valueName\":\"search_term_string\"}}],\"inLanguage\":\"de\"},{\"@type\":\"Organization\",\"@id\":\"https:\/\/hubsch-interior.com\/de\/#organization\",\"name\":\"H\u00fcbsch\",\"url\":\"https:\/\/hubsch-interior.com\/de\/\",\"logo\":{\"@type\":\"ImageObject\",\"inLanguage\":\"de\",\"@id\":\"https:\/\/hubsch-interior.com\/de\/#\/schema\/logo\/image\/\",\"url\":\"https:\/\/hubsch-interior.com\/wp-content\/uploads\/2022\/12\/Hubsch_logo_black_one_line.svg\",\"contentUrl\":\"https:\/\/hubsch-interior.com\/wp-content\/uploads\/2022\/12\/Hubsch_logo_black_one_line.svg\",\"caption\":\"H\u00fcbsch\"},\"image\":{\"@id\":\"https:\/\/hubsch-interior.com\/de\/#\/schema\/logo\/image\/\"}}]}<\/script>\n<!-- \/ Yoast SEO plugin. -->","yoast_head_json":{"title":"Merge Nachttisch Naturfarben - H\u00fcbsch","description":"Ein Nachttischbegleiter mit Sinn und Stil. Der Merge Nachttisch verleiht Ihrem Schlafzimmer mit graphischer Klarheit und stillvollem Charme einen","robots":{"index":"index","follow":"follow","max-snippet":"max-snippet:-1","max-image-preview":"max-image-preview:large","max-video-preview":"max-video-preview:-1"},"canonical":"https:\/\/hubsch-interior.com\/de\/wp-json\/wp\/v2\/product\/1087989","og_locale":"de_DE","og_type":"article","og_title":"Merge Nachttisch Naturfarben - H\u00fcbsch","og_description":"Ein Nachttischbegleiter mit Sinn und Stil. Der Merge Nachttisch verleiht Ihrem Schlafzimmer mit graphischer Klarheit und stillvollem Charme einen","og_url":"https:\/\/hubsch-interior.com\/de\/produkt\/merge-nachttisch-naturfarben\/","og_site_name":"H\u00fcbsch","article_modified_time":"2026-04-05T03:00:31+00:00","og_image":[{"width":1200,"height":1200,"url":"https:\/\/hubsch-interior.com\/wp-content\/uploads\/2026\/01\/merge-bedside-table-natural-28811ffcddbfe1af46544f3dc0244e1f.jpg","type":"image\/jpeg"}],"twitter_card":"summary_large_image","schema":{"@context":"https:\/\/schema.org","@graph":[{"@type":"WebPage","@id":"https:\/\/hubsch-interior.com\/de\/produkt\/merge-nachttisch-naturfarben\/","url":"https:\/\/hubsch-interior.com\/de\/produkt\/merge-nachttisch-naturfarben\/","name":"Merge Nachttisch Naturfarben - H\u00fcbsch","isPartOf":{"@id":"https:\/\/hubsch-interior.com\/de\/#website"},"primaryImageOfPage":{"@id":"https:\/\/hubsch-interior.com\/de\/produkt\/merge-nachttisch-naturfarben\/#primaryimage"},"image":{"@id":"https:\/\/hubsch-interior.com\/de\/produkt\/merge-nachttisch-naturfarben\/#primaryimage"},"thumbnailUrl":"https:\/\/hubsch-interior.com\/wp-content\/uploads\/2026\/02\/merge-bedside-table-natural-b9aef48fe0b4881f25dc08c9116bd245.jpg","datePublished":"2026-01-31T03:37:13+00:00","dateModified":"2026-04-05T03:00:31+00:00","description":"Ein Nachttischbegleiter mit Sinn und Stil. Der Merge Nachttisch verleiht Ihrem Schlafzimmer mit graphischer Klarheit und stillvollem Charme einen","breadcrumb":{"@id":"https:\/\/hubsch-interior.com\/de\/produkt\/merge-nachttisch-naturfarben\/#breadcrumb"},"inLanguage":"de","potentialAction":[{"@type":"ReadAction","target":["https:\/\/hubsch-interior.com\/de\/produkt\/merge-nachttisch-naturfarben\/"]}]},{"@type":"ImageObject","inLanguage":"de","@id":"https:\/\/hubsch-interior.com\/de\/produkt\/merge-nachttisch-naturfarben\/#primaryimage","url":"https:\/\/hubsch-interior.com\/wp-content\/uploads\/2026\/02\/merge-bedside-table-natural-b9aef48fe0b4881f25dc08c9116bd245.jpg","contentUrl":"https:\/\/hubsch-interior.com\/wp-content\/uploads\/2026\/02\/merge-bedside-table-natural-b9aef48fe0b4881f25dc08c9116bd245.jpg","width":1024,"height":1024},{"@type":"BreadcrumbList","@id":"https:\/\/hubsch-interior.com\/de\/produkt\/merge-nachttisch-naturfarben\/#breadcrumb","itemListElement":[{"@type":"ListItem","position":1,"name":"Startseite","item":"https:\/\/hubsch-interior.com\/de\/"},{"@type":"ListItem","position":2,"name":"Produkte","item":"https:\/\/hubsch-interior.com\/de\/shop-2\/"},{"@type":"ListItem","position":3,"name":"Merge Nachttisch Naturfarben"}]},{"@type":"WebSite","@id":"https:\/\/hubsch-interior.com\/de\/#website","url":"https:\/\/hubsch-interior.com\/de\/","name":"H\u00fcbsch","description":"Danish Home Interior and Design","publisher":{"@id":"https:\/\/hubsch-interior.com\/de\/#organization"},"potentialAction":[{"@type":"SearchAction","target":{"@type":"EntryPoint","urlTemplate":"https:\/\/hubsch-interior.com\/de\/?s={search_term_string}"},"query-input":{"@type":"PropertyValueSpecification","valueRequired":true,"valueName":"search_term_string"}}],"inLanguage":"de"},{"@type":"Organization","@id":"https:\/\/hubsch-interior.com\/de\/#organization","name":"H\u00fcbsch","url":"https:\/\/hubsch-interior.com\/de\/","logo":{"@type":"ImageObject","inLanguage":"de","@id":"https:\/\/hubsch-interior.com\/de\/#\/schema\/logo\/image\/","url":"https:\/\/hubsch-interior.com\/wp-content\/uploads\/2022\/12\/Hubsch_logo_black_one_line.svg","contentUrl":"https:\/\/hubsch-interior.com\/wp-content\/uploads\/2022\/12\/Hubsch_logo_black_one_line.svg","caption":"H\u00fcbsch"},"image":{"@id":"https:\/\/hubsch-interior.com\/de\/#\/schema\/logo\/image\/"}}]}},"_links":{"self":[{"href":"https:\/\/hubsch-interior.com\/de\/wp-json\/wp\/v2\/product\/1087989","targetHints":{"allow":["GET"]}}],"collection":[{"href":"https:\/\/hubsch-interior.com\/de\/wp-json\/wp\/v2\/product"}],"about":[{"href":"https:\/\/hubsch-interior.com\/de\/wp-json\/wp\/v2\/types\/product"}],"wp:featuredmedia":[{"embeddable":true,"href":"https:\/\/hubsch-interior.com\/de\/wp-json\/wp\/v2\/media\/1105185"}],"wp:attachment":[{"href":"https:\/\/hubsch-interior.com\/de\/wp-json\/wp\/v2\/media?parent=1087989"}],"wp:term":[{"taxonomy":"product_brand","embeddable":true,"href":"https:\/\/hubsch-interior.com\/de\/wp-json\/wp\/v2\/product_brand?post=1087989"},{"taxonomy":"product_cat","embeddable":true,"href":"https:\/\/hubsch-interior.com\/de\/wp-json\/wp\/v2\/product_cat?post=1087989"},{"taxonomy":"product_tag","embeddable":true,"href":"https:\/\/hubsch-interior.com\/de\/wp-json\/wp\/v2\/product_tag?post=1087989"}],"curies":[{"name":"wp","href":"https:\/\/api.w.org\/{rel}","templated":true}]}}