{"id":1088013,"date":"2026-01-31T04:37:27","date_gmt":"2026-01-31T03:37:27","guid":{"rendered":"https:\/\/hubsch-interior.com\/product\/product\/"},"modified":"2026-04-06T04:54:43","modified_gmt":"2026-04-06T02:54:43","slug":"nobby-schrank-naturfarben","status":"publish","type":"product","link":"https:\/\/hubsch-interior.com\/de\/produkt\/nobby-schrank-naturfarben\/","title":{"rendered":"Nobby Schrank Naturfarben"},"content":{"rendered":"<p>Nicht nur ein Sideboard \u2014 ein zentrales M\u00f6belst\u00fcck mit Seele. Der Nobby Schrank bringt eine ruhige Zuversicht in Ihren Raum und verbindet klare Linien mit der nat\u00fcrlichen W\u00e4rme von FSC-zertifizierter Eiche. Sein gro\u00dfz\u00fcgiger Innenraum bietet durchdachten Stauraum, h\u00e4lt Oberfl\u00e4chen frei und sorgt f\u00fcr eine sanfte Harmonie in Ihrem Zuhause. Ob als eigenst\u00e4ndiger Blickfang oder kombiniert mit weichen, skulpturalen Elementen, er schafft sowohl Ordnung als auch Ruhe. Er ist nicht nur dazu da, Dinge zu verstauen \u2014 sondern auch, um Raum sch\u00f6n zu gestalten.<\/p>\n","protected":false},"excerpt":{"rendered":"<p>Nicht nur ein Sideboard \u2014 ein zentrales M\u00f6belst\u00fcck mit Seele. Der Nobby Schrank bringt eine ruhige Zuversicht in Ihren Raum und verbindet klare Linien mit der nat\u00fcrlichen W\u00e4rme von FSC-zertifizierter Eiche. Sein gro\u00dfz\u00fcgiger Innenraum bietet durchdachten Stauraum, h\u00e4lt Oberfl\u00e4chen frei und sorgt f\u00fcr eine sanfte Harmonie in Ihrem Zuhause. Ob als eigenst\u00e4ndiger Blickfang oder kombiniert [&hellip;]<\/p>\n","protected":false},"featured_media":1105213,"template":"","meta":{"_acf_changed":false,"inline_featured_image":false},"product_brand":[],"product_cat":[7155,6897,6323,4003,4921,5047],"product_tag":[],"class_list":{"0":"post-1088013","1":"product","2":"type-product","3":"status-publish","4":"has-post-thumbnail","6":"product_cat-dweller-de","7":"product_cat-forma-series-de","8":"product_cat-fsc-de","9":"product_cat-regale-aufbewahrung-de","10":"product_cat-kommoden-sideboards-de","11":"product_cat-neuheiten-de","12":"product_shipping_class-p05","14":"pa_color-naturfarben-2","15":"pa_material-mdf-de","16":"pa_material-eichenfurnier","17":"pa_material-eichenholz","19":"first","20":"instock","21":"taxable","22":"shipping-taxable","23":"purchasable","24":"product-type-simple"},"exclude_global_add_ons":[],"addons":[],"acf":[],"yoast_head":"<!-- This site is optimized with the Yoast SEO plugin v26.4 - https:\/\/yoast.com\/wordpress\/plugins\/seo\/ -->\n<title>Nobby Schrank Naturfarben - H\u00fcbsch<\/title>\n<meta name=\"description\" content=\"Nicht nur ein Sideboard \u2014 ein zentrales M\u00f6belst\u00fcck mit Seele. Der Nobby Schrank bringt eine ruhige Zuversicht in Ihren Raum und verbindet klare Linien mit\" \/>\n<meta name=\"robots\" content=\"index, follow, max-snippet:-1, max-image-preview:large, max-video-preview:-1\" \/>\n<link rel=\"canonical\" href=\"https:\/\/hubsch-interior.com\/de\/wp-json\/wp\/v2\/product\/1088013\" \/>\n<meta property=\"og:locale\" content=\"de_DE\" \/>\n<meta property=\"og:type\" content=\"article\" \/>\n<meta property=\"og:title\" content=\"Nobby Schrank Naturfarben - H\u00fcbsch\" \/>\n<meta property=\"og:description\" content=\"Nicht nur ein Sideboard \u2014 ein zentrales M\u00f6belst\u00fcck mit Seele. Der Nobby Schrank bringt eine ruhige Zuversicht in Ihren Raum und verbindet klare Linien mit\" \/>\n<meta property=\"og:url\" content=\"https:\/\/hubsch-interior.com\/de\/produkt\/nobby-schrank-naturfarben\/\" \/>\n<meta property=\"og:site_name\" content=\"H\u00fcbsch\" \/>\n<meta property=\"article:modified_time\" content=\"2026-04-06T02:54:43+00:00\" \/>\n<meta property=\"og:image\" content=\"https:\/\/hubsch-interior.com\/wp-content\/uploads\/2026\/01\/nobby-sideboard-natural-198f7578db52b792e48708401f8abf71.jpg\" \/>\n\t<meta property=\"og:image:width\" content=\"1200\" \/>\n\t<meta property=\"og:image:height\" content=\"1200\" \/>\n\t<meta property=\"og:image:type\" content=\"image\/jpeg\" \/>\n<meta name=\"twitter:card\" content=\"summary_large_image\" \/>\n<script type=\"application\/ld+json\" class=\"yoast-schema-graph\">{\"@context\":\"https:\/\/schema.org\",\"@graph\":[{\"@type\":\"WebPage\",\"@id\":\"https:\/\/hubsch-interior.com\/de\/produkt\/nobby-schrank-naturfarben\/\",\"url\":\"https:\/\/hubsch-interior.com\/de\/produkt\/nobby-schrank-naturfarben\/\",\"name\":\"Nobby Schrank Naturfarben - H\u00fcbsch\",\"isPartOf\":{\"@id\":\"https:\/\/hubsch-interior.com\/de\/#website\"},\"primaryImageOfPage\":{\"@id\":\"https:\/\/hubsch-interior.com\/de\/produkt\/nobby-schrank-naturfarben\/#primaryimage\"},\"image\":{\"@id\":\"https:\/\/hubsch-interior.com\/de\/produkt\/nobby-schrank-naturfarben\/#primaryimage\"},\"thumbnailUrl\":\"https:\/\/hubsch-interior.com\/wp-content\/uploads\/2026\/02\/nobby-sideboard-natural-d8a737bdc784e231dcc7633be1310239.jpg\",\"datePublished\":\"2026-01-31T03:37:27+00:00\",\"dateModified\":\"2026-04-06T02:54:43+00:00\",\"description\":\"Nicht nur ein Sideboard \u2014 ein zentrales M\u00f6belst\u00fcck mit Seele. Der Nobby Schrank bringt eine ruhige Zuversicht in Ihren Raum und verbindet klare Linien mit\",\"breadcrumb\":{\"@id\":\"https:\/\/hubsch-interior.com\/de\/produkt\/nobby-schrank-naturfarben\/#breadcrumb\"},\"inLanguage\":\"de\",\"potentialAction\":[{\"@type\":\"ReadAction\",\"target\":[\"https:\/\/hubsch-interior.com\/de\/produkt\/nobby-schrank-naturfarben\/\"]}]},{\"@type\":\"ImageObject\",\"inLanguage\":\"de\",\"@id\":\"https:\/\/hubsch-interior.com\/de\/produkt\/nobby-schrank-naturfarben\/#primaryimage\",\"url\":\"https:\/\/hubsch-interior.com\/wp-content\/uploads\/2026\/02\/nobby-sideboard-natural-d8a737bdc784e231dcc7633be1310239.jpg\",\"contentUrl\":\"https:\/\/hubsch-interior.com\/wp-content\/uploads\/2026\/02\/nobby-sideboard-natural-d8a737bdc784e231dcc7633be1310239.jpg\",\"width\":1024,\"height\":1024},{\"@type\":\"BreadcrumbList\",\"@id\":\"https:\/\/hubsch-interior.com\/de\/produkt\/nobby-schrank-naturfarben\/#breadcrumb\",\"itemListElement\":[{\"@type\":\"ListItem\",\"position\":1,\"name\":\"Startseite\",\"item\":\"https:\/\/hubsch-interior.com\/de\/\"},{\"@type\":\"ListItem\",\"position\":2,\"name\":\"Produkte\",\"item\":\"https:\/\/hubsch-interior.com\/de\/shop-2\/\"},{\"@type\":\"ListItem\",\"position\":3,\"name\":\"Nobby Schrank Naturfarben\"}]},{\"@type\":\"WebSite\",\"@id\":\"https:\/\/hubsch-interior.com\/de\/#website\",\"url\":\"https:\/\/hubsch-interior.com\/de\/\",\"name\":\"H\u00fcbsch\",\"description\":\"Danish Home Interior and Design\",\"publisher\":{\"@id\":\"https:\/\/hubsch-interior.com\/de\/#organization\"},\"potentialAction\":[{\"@type\":\"SearchAction\",\"target\":{\"@type\":\"EntryPoint\",\"urlTemplate\":\"https:\/\/hubsch-interior.com\/de\/?s={search_term_string}\"},\"query-input\":{\"@type\":\"PropertyValueSpecification\",\"valueRequired\":true,\"valueName\":\"search_term_string\"}}],\"inLanguage\":\"de\"},{\"@type\":\"Organization\",\"@id\":\"https:\/\/hubsch-interior.com\/de\/#organization\",\"name\":\"H\u00fcbsch\",\"url\":\"https:\/\/hubsch-interior.com\/de\/\",\"logo\":{\"@type\":\"ImageObject\",\"inLanguage\":\"de\",\"@id\":\"https:\/\/hubsch-interior.com\/de\/#\/schema\/logo\/image\/\",\"url\":\"https:\/\/hubsch-interior.com\/wp-content\/uploads\/2022\/12\/Hubsch_logo_black_one_line.svg\",\"contentUrl\":\"https:\/\/hubsch-interior.com\/wp-content\/uploads\/2022\/12\/Hubsch_logo_black_one_line.svg\",\"caption\":\"H\u00fcbsch\"},\"image\":{\"@id\":\"https:\/\/hubsch-interior.com\/de\/#\/schema\/logo\/image\/\"}}]}<\/script>\n<!-- \/ Yoast SEO plugin. -->","yoast_head_json":{"title":"Nobby Schrank Naturfarben - H\u00fcbsch","description":"Nicht nur ein Sideboard \u2014 ein zentrales M\u00f6belst\u00fcck mit Seele. Der Nobby Schrank bringt eine ruhige Zuversicht in Ihren Raum und verbindet klare Linien mit","robots":{"index":"index","follow":"follow","max-snippet":"max-snippet:-1","max-image-preview":"max-image-preview:large","max-video-preview":"max-video-preview:-1"},"canonical":"https:\/\/hubsch-interior.com\/de\/wp-json\/wp\/v2\/product\/1088013","og_locale":"de_DE","og_type":"article","og_title":"Nobby Schrank Naturfarben - H\u00fcbsch","og_description":"Nicht nur ein Sideboard \u2014 ein zentrales M\u00f6belst\u00fcck mit Seele. Der Nobby Schrank bringt eine ruhige Zuversicht in Ihren Raum und verbindet klare Linien mit","og_url":"https:\/\/hubsch-interior.com\/de\/produkt\/nobby-schrank-naturfarben\/","og_site_name":"H\u00fcbsch","article_modified_time":"2026-04-06T02:54:43+00:00","og_image":[{"width":1200,"height":1200,"url":"https:\/\/hubsch-interior.com\/wp-content\/uploads\/2026\/01\/nobby-sideboard-natural-198f7578db52b792e48708401f8abf71.jpg","type":"image\/jpeg"}],"twitter_card":"summary_large_image","schema":{"@context":"https:\/\/schema.org","@graph":[{"@type":"WebPage","@id":"https:\/\/hubsch-interior.com\/de\/produkt\/nobby-schrank-naturfarben\/","url":"https:\/\/hubsch-interior.com\/de\/produkt\/nobby-schrank-naturfarben\/","name":"Nobby Schrank Naturfarben - H\u00fcbsch","isPartOf":{"@id":"https:\/\/hubsch-interior.com\/de\/#website"},"primaryImageOfPage":{"@id":"https:\/\/hubsch-interior.com\/de\/produkt\/nobby-schrank-naturfarben\/#primaryimage"},"image":{"@id":"https:\/\/hubsch-interior.com\/de\/produkt\/nobby-schrank-naturfarben\/#primaryimage"},"thumbnailUrl":"https:\/\/hubsch-interior.com\/wp-content\/uploads\/2026\/02\/nobby-sideboard-natural-d8a737bdc784e231dcc7633be1310239.jpg","datePublished":"2026-01-31T03:37:27+00:00","dateModified":"2026-04-06T02:54:43+00:00","description":"Nicht nur ein Sideboard \u2014 ein zentrales M\u00f6belst\u00fcck mit Seele. Der Nobby Schrank bringt eine ruhige Zuversicht in Ihren Raum und verbindet klare Linien mit","breadcrumb":{"@id":"https:\/\/hubsch-interior.com\/de\/produkt\/nobby-schrank-naturfarben\/#breadcrumb"},"inLanguage":"de","potentialAction":[{"@type":"ReadAction","target":["https:\/\/hubsch-interior.com\/de\/produkt\/nobby-schrank-naturfarben\/"]}]},{"@type":"ImageObject","inLanguage":"de","@id":"https:\/\/hubsch-interior.com\/de\/produkt\/nobby-schrank-naturfarben\/#primaryimage","url":"https:\/\/hubsch-interior.com\/wp-content\/uploads\/2026\/02\/nobby-sideboard-natural-d8a737bdc784e231dcc7633be1310239.jpg","contentUrl":"https:\/\/hubsch-interior.com\/wp-content\/uploads\/2026\/02\/nobby-sideboard-natural-d8a737bdc784e231dcc7633be1310239.jpg","width":1024,"height":1024},{"@type":"BreadcrumbList","@id":"https:\/\/hubsch-interior.com\/de\/produkt\/nobby-schrank-naturfarben\/#breadcrumb","itemListElement":[{"@type":"ListItem","position":1,"name":"Startseite","item":"https:\/\/hubsch-interior.com\/de\/"},{"@type":"ListItem","position":2,"name":"Produkte","item":"https:\/\/hubsch-interior.com\/de\/shop-2\/"},{"@type":"ListItem","position":3,"name":"Nobby Schrank Naturfarben"}]},{"@type":"WebSite","@id":"https:\/\/hubsch-interior.com\/de\/#website","url":"https:\/\/hubsch-interior.com\/de\/","name":"H\u00fcbsch","description":"Danish Home Interior and Design","publisher":{"@id":"https:\/\/hubsch-interior.com\/de\/#organization"},"potentialAction":[{"@type":"SearchAction","target":{"@type":"EntryPoint","urlTemplate":"https:\/\/hubsch-interior.com\/de\/?s={search_term_string}"},"query-input":{"@type":"PropertyValueSpecification","valueRequired":true,"valueName":"search_term_string"}}],"inLanguage":"de"},{"@type":"Organization","@id":"https:\/\/hubsch-interior.com\/de\/#organization","name":"H\u00fcbsch","url":"https:\/\/hubsch-interior.com\/de\/","logo":{"@type":"ImageObject","inLanguage":"de","@id":"https:\/\/hubsch-interior.com\/de\/#\/schema\/logo\/image\/","url":"https:\/\/hubsch-interior.com\/wp-content\/uploads\/2022\/12\/Hubsch_logo_black_one_line.svg","contentUrl":"https:\/\/hubsch-interior.com\/wp-content\/uploads\/2022\/12\/Hubsch_logo_black_one_line.svg","caption":"H\u00fcbsch"},"image":{"@id":"https:\/\/hubsch-interior.com\/de\/#\/schema\/logo\/image\/"}}]}},"_links":{"self":[{"href":"https:\/\/hubsch-interior.com\/de\/wp-json\/wp\/v2\/product\/1088013","targetHints":{"allow":["GET"]}}],"collection":[{"href":"https:\/\/hubsch-interior.com\/de\/wp-json\/wp\/v2\/product"}],"about":[{"href":"https:\/\/hubsch-interior.com\/de\/wp-json\/wp\/v2\/types\/product"}],"wp:featuredmedia":[{"embeddable":true,"href":"https:\/\/hubsch-interior.com\/de\/wp-json\/wp\/v2\/media\/1105213"}],"wp:attachment":[{"href":"https:\/\/hubsch-interior.com\/de\/wp-json\/wp\/v2\/media?parent=1088013"}],"wp:term":[{"taxonomy":"product_brand","embeddable":true,"href":"https:\/\/hubsch-interior.com\/de\/wp-json\/wp\/v2\/product_brand?post=1088013"},{"taxonomy":"product_cat","embeddable":true,"href":"https:\/\/hubsch-interior.com\/de\/wp-json\/wp\/v2\/product_cat?post=1088013"},{"taxonomy":"product_tag","embeddable":true,"href":"https:\/\/hubsch-interior.com\/de\/wp-json\/wp\/v2\/product_tag?post=1088013"}],"curies":[{"name":"wp","href":"https:\/\/api.w.org\/{rel}","templated":true}]}}