{"id":1088033,"date":"2026-01-31T04:37:38","date_gmt":"2026-01-31T03:37:38","guid":{"rendered":"https:\/\/hubsch-interior.com\/product\/product\/"},"modified":"2026-04-05T05:00:40","modified_gmt":"2026-04-05T03:00:40","slug":"poke-schreibtisch-naturfarben","status":"publish","type":"product","link":"https:\/\/hubsch-interior.com\/de\/produkt\/poke-schreibtisch-naturfarben\/","title":{"rendered":"Poke Schreibtisch Naturfarben"},"content":{"rendered":"<p>Ein kleiner Schreibtisch mit gro\u00dfem Potenzial. Der Poke Schreibtisch besteht aus FSC-zertifizierter Eiche und besticht durch sein schlankes und luftiges Design, das perfekt in enge Ecken und durchdachte R\u00e4ume passt. Seine nat\u00fcrliche Oberfl\u00e4che verleiht Ihrer Umgebung ein sanftes Leuchten und schafft einen ruhigen und aufger\u00e4umten Ort zum Schreiben, Arbeiten oder einfach zum Innehalten. Leicht in der Form, aber voller Funktion unterst\u00fctzt er die Konzentration, ohne sich in den Vordergrund zu dr\u00e4ngen. Eine friedliche kleine Einrichtung f\u00fcr alles, was Ihr Tag auch bringen mag.<\/p>\n","protected":false},"excerpt":{"rendered":"<p>Ein kleiner Schreibtisch mit gro\u00dfem Potenzial. Der Poke Schreibtisch besteht aus FSC-zertifizierter Eiche und besticht durch sein schlankes und luftiges Design, das perfekt in enge Ecken und durchdachte R\u00e4ume passt. Seine nat\u00fcrliche Oberfl\u00e4che verleiht Ihrer Umgebung ein sanftes Leuchten und schafft einen ruhigen und aufger\u00e4umten Ort zum Schreiben, Arbeiten oder einfach zum Innehalten. Leicht in [&hellip;]<\/p>\n","protected":false},"featured_media":1112697,"template":"","meta":{"_acf_changed":false,"inline_featured_image":false},"product_brand":[],"product_cat":[7155,6323,5047,2906,2861],"product_tag":[],"class_list":{"0":"post-1088033","1":"product","2":"type-product","3":"status-publish","4":"has-post-thumbnail","6":"product_cat-dweller-de","7":"product_cat-fsc-de","8":"product_cat-neuheiten-de","9":"product_cat-schreibtische-de","10":"product_cat-tische-de","11":"product_shipping_class-pk","13":"pa_color-naturfarben-2","14":"pa_material-eichenfurnier","15":"pa_material-eichenholz","16":"pa_material-mdf-de","18":"first","19":"instock","20":"taxable","21":"shipping-taxable","22":"purchasable","23":"product-type-simple"},"exclude_global_add_ons":[],"addons":[],"acf":[],"yoast_head":"<!-- This site is optimized with the Yoast SEO plugin v26.4 - https:\/\/yoast.com\/wordpress\/plugins\/seo\/ -->\n<title>Poke Schreibtisch Naturfarben - H\u00fcbsch<\/title>\n<meta name=\"description\" content=\"Ein kleiner Schreibtisch mit gro\u00dfem Potenzial. Der Poke Schreibtisch besteht aus FSC-zertifizierter Eiche und besticht durch sein schlankes und luftiges\" \/>\n<meta name=\"robots\" content=\"index, follow, max-snippet:-1, max-image-preview:large, max-video-preview:-1\" \/>\n<link rel=\"canonical\" href=\"https:\/\/hubsch-interior.com\/de\/wp-json\/wp\/v2\/product\/1088033\" \/>\n<meta property=\"og:locale\" content=\"de_DE\" \/>\n<meta property=\"og:type\" content=\"article\" \/>\n<meta property=\"og:title\" content=\"Poke Schreibtisch Naturfarben - H\u00fcbsch\" \/>\n<meta property=\"og:description\" content=\"Ein kleiner Schreibtisch mit gro\u00dfem Potenzial. Der Poke Schreibtisch besteht aus FSC-zertifizierter Eiche und besticht durch sein schlankes und luftiges\" \/>\n<meta property=\"og:url\" content=\"https:\/\/hubsch-interior.com\/de\/produkt\/poke-schreibtisch-naturfarben\/\" \/>\n<meta property=\"og:site_name\" content=\"H\u00fcbsch\" \/>\n<meta property=\"article:modified_time\" content=\"2026-04-05T03:00:40+00:00\" \/>\n<meta property=\"og:image\" content=\"https:\/\/hubsch-interior.com\/wp-content\/uploads\/2026\/01\/poke-desk-natural-4339e36ca384ff567a44c6849d3002c3.jpg\" \/>\n\t<meta property=\"og:image:width\" content=\"1200\" \/>\n\t<meta property=\"og:image:height\" content=\"1200\" \/>\n\t<meta property=\"og:image:type\" content=\"image\/jpeg\" \/>\n<meta name=\"twitter:card\" content=\"summary_large_image\" \/>\n<script type=\"application\/ld+json\" class=\"yoast-schema-graph\">{\"@context\":\"https:\/\/schema.org\",\"@graph\":[{\"@type\":\"WebPage\",\"@id\":\"https:\/\/hubsch-interior.com\/de\/produkt\/poke-schreibtisch-naturfarben\/\",\"url\":\"https:\/\/hubsch-interior.com\/de\/produkt\/poke-schreibtisch-naturfarben\/\",\"name\":\"Poke Schreibtisch Naturfarben - H\u00fcbsch\",\"isPartOf\":{\"@id\":\"https:\/\/hubsch-interior.com\/de\/#website\"},\"primaryImageOfPage\":{\"@id\":\"https:\/\/hubsch-interior.com\/de\/produkt\/poke-schreibtisch-naturfarben\/#primaryimage\"},\"image\":{\"@id\":\"https:\/\/hubsch-interior.com\/de\/produkt\/poke-schreibtisch-naturfarben\/#primaryimage\"},\"thumbnailUrl\":\"https:\/\/hubsch-interior.com\/wp-content\/uploads\/2026\/02\/poke-desk-natural-613f37c5ee39c169eb912e09de9c7c53.jpg\",\"datePublished\":\"2026-01-31T03:37:38+00:00\",\"dateModified\":\"2026-04-05T03:00:40+00:00\",\"description\":\"Ein kleiner Schreibtisch mit gro\u00dfem Potenzial. Der Poke Schreibtisch besteht aus FSC-zertifizierter Eiche und besticht durch sein schlankes und luftiges\",\"breadcrumb\":{\"@id\":\"https:\/\/hubsch-interior.com\/de\/produkt\/poke-schreibtisch-naturfarben\/#breadcrumb\"},\"inLanguage\":\"de\",\"potentialAction\":[{\"@type\":\"ReadAction\",\"target\":[\"https:\/\/hubsch-interior.com\/de\/produkt\/poke-schreibtisch-naturfarben\/\"]}]},{\"@type\":\"ImageObject\",\"inLanguage\":\"de\",\"@id\":\"https:\/\/hubsch-interior.com\/de\/produkt\/poke-schreibtisch-naturfarben\/#primaryimage\",\"url\":\"https:\/\/hubsch-interior.com\/wp-content\/uploads\/2026\/02\/poke-desk-natural-613f37c5ee39c169eb912e09de9c7c53.jpg\",\"contentUrl\":\"https:\/\/hubsch-interior.com\/wp-content\/uploads\/2026\/02\/poke-desk-natural-613f37c5ee39c169eb912e09de9c7c53.jpg\",\"width\":1024,\"height\":1024},{\"@type\":\"BreadcrumbList\",\"@id\":\"https:\/\/hubsch-interior.com\/de\/produkt\/poke-schreibtisch-naturfarben\/#breadcrumb\",\"itemListElement\":[{\"@type\":\"ListItem\",\"position\":1,\"name\":\"Startseite\",\"item\":\"https:\/\/hubsch-interior.com\/de\/\"},{\"@type\":\"ListItem\",\"position\":2,\"name\":\"Produkte\",\"item\":\"https:\/\/hubsch-interior.com\/de\/shop-2\/\"},{\"@type\":\"ListItem\",\"position\":3,\"name\":\"Poke Schreibtisch Naturfarben\"}]},{\"@type\":\"WebSite\",\"@id\":\"https:\/\/hubsch-interior.com\/de\/#website\",\"url\":\"https:\/\/hubsch-interior.com\/de\/\",\"name\":\"H\u00fcbsch\",\"description\":\"Danish Home Interior and Design\",\"publisher\":{\"@id\":\"https:\/\/hubsch-interior.com\/de\/#organization\"},\"potentialAction\":[{\"@type\":\"SearchAction\",\"target\":{\"@type\":\"EntryPoint\",\"urlTemplate\":\"https:\/\/hubsch-interior.com\/de\/?s={search_term_string}\"},\"query-input\":{\"@type\":\"PropertyValueSpecification\",\"valueRequired\":true,\"valueName\":\"search_term_string\"}}],\"inLanguage\":\"de\"},{\"@type\":\"Organization\",\"@id\":\"https:\/\/hubsch-interior.com\/de\/#organization\",\"name\":\"H\u00fcbsch\",\"url\":\"https:\/\/hubsch-interior.com\/de\/\",\"logo\":{\"@type\":\"ImageObject\",\"inLanguage\":\"de\",\"@id\":\"https:\/\/hubsch-interior.com\/de\/#\/schema\/logo\/image\/\",\"url\":\"https:\/\/hubsch-interior.com\/wp-content\/uploads\/2022\/12\/Hubsch_logo_black_one_line.svg\",\"contentUrl\":\"https:\/\/hubsch-interior.com\/wp-content\/uploads\/2022\/12\/Hubsch_logo_black_one_line.svg\",\"caption\":\"H\u00fcbsch\"},\"image\":{\"@id\":\"https:\/\/hubsch-interior.com\/de\/#\/schema\/logo\/image\/\"}}]}<\/script>\n<!-- \/ Yoast SEO plugin. -->","yoast_head_json":{"title":"Poke Schreibtisch Naturfarben - H\u00fcbsch","description":"Ein kleiner Schreibtisch mit gro\u00dfem Potenzial. Der Poke Schreibtisch besteht aus FSC-zertifizierter Eiche und besticht durch sein schlankes und luftiges","robots":{"index":"index","follow":"follow","max-snippet":"max-snippet:-1","max-image-preview":"max-image-preview:large","max-video-preview":"max-video-preview:-1"},"canonical":"https:\/\/hubsch-interior.com\/de\/wp-json\/wp\/v2\/product\/1088033","og_locale":"de_DE","og_type":"article","og_title":"Poke Schreibtisch Naturfarben - H\u00fcbsch","og_description":"Ein kleiner Schreibtisch mit gro\u00dfem Potenzial. Der Poke Schreibtisch besteht aus FSC-zertifizierter Eiche und besticht durch sein schlankes und luftiges","og_url":"https:\/\/hubsch-interior.com\/de\/produkt\/poke-schreibtisch-naturfarben\/","og_site_name":"H\u00fcbsch","article_modified_time":"2026-04-05T03:00:40+00:00","og_image":[{"width":1200,"height":1200,"url":"https:\/\/hubsch-interior.com\/wp-content\/uploads\/2026\/01\/poke-desk-natural-4339e36ca384ff567a44c6849d3002c3.jpg","type":"image\/jpeg"}],"twitter_card":"summary_large_image","schema":{"@context":"https:\/\/schema.org","@graph":[{"@type":"WebPage","@id":"https:\/\/hubsch-interior.com\/de\/produkt\/poke-schreibtisch-naturfarben\/","url":"https:\/\/hubsch-interior.com\/de\/produkt\/poke-schreibtisch-naturfarben\/","name":"Poke Schreibtisch Naturfarben - H\u00fcbsch","isPartOf":{"@id":"https:\/\/hubsch-interior.com\/de\/#website"},"primaryImageOfPage":{"@id":"https:\/\/hubsch-interior.com\/de\/produkt\/poke-schreibtisch-naturfarben\/#primaryimage"},"image":{"@id":"https:\/\/hubsch-interior.com\/de\/produkt\/poke-schreibtisch-naturfarben\/#primaryimage"},"thumbnailUrl":"https:\/\/hubsch-interior.com\/wp-content\/uploads\/2026\/02\/poke-desk-natural-613f37c5ee39c169eb912e09de9c7c53.jpg","datePublished":"2026-01-31T03:37:38+00:00","dateModified":"2026-04-05T03:00:40+00:00","description":"Ein kleiner Schreibtisch mit gro\u00dfem Potenzial. Der Poke Schreibtisch besteht aus FSC-zertifizierter Eiche und besticht durch sein schlankes und luftiges","breadcrumb":{"@id":"https:\/\/hubsch-interior.com\/de\/produkt\/poke-schreibtisch-naturfarben\/#breadcrumb"},"inLanguage":"de","potentialAction":[{"@type":"ReadAction","target":["https:\/\/hubsch-interior.com\/de\/produkt\/poke-schreibtisch-naturfarben\/"]}]},{"@type":"ImageObject","inLanguage":"de","@id":"https:\/\/hubsch-interior.com\/de\/produkt\/poke-schreibtisch-naturfarben\/#primaryimage","url":"https:\/\/hubsch-interior.com\/wp-content\/uploads\/2026\/02\/poke-desk-natural-613f37c5ee39c169eb912e09de9c7c53.jpg","contentUrl":"https:\/\/hubsch-interior.com\/wp-content\/uploads\/2026\/02\/poke-desk-natural-613f37c5ee39c169eb912e09de9c7c53.jpg","width":1024,"height":1024},{"@type":"BreadcrumbList","@id":"https:\/\/hubsch-interior.com\/de\/produkt\/poke-schreibtisch-naturfarben\/#breadcrumb","itemListElement":[{"@type":"ListItem","position":1,"name":"Startseite","item":"https:\/\/hubsch-interior.com\/de\/"},{"@type":"ListItem","position":2,"name":"Produkte","item":"https:\/\/hubsch-interior.com\/de\/shop-2\/"},{"@type":"ListItem","position":3,"name":"Poke Schreibtisch Naturfarben"}]},{"@type":"WebSite","@id":"https:\/\/hubsch-interior.com\/de\/#website","url":"https:\/\/hubsch-interior.com\/de\/","name":"H\u00fcbsch","description":"Danish Home Interior and Design","publisher":{"@id":"https:\/\/hubsch-interior.com\/de\/#organization"},"potentialAction":[{"@type":"SearchAction","target":{"@type":"EntryPoint","urlTemplate":"https:\/\/hubsch-interior.com\/de\/?s={search_term_string}"},"query-input":{"@type":"PropertyValueSpecification","valueRequired":true,"valueName":"search_term_string"}}],"inLanguage":"de"},{"@type":"Organization","@id":"https:\/\/hubsch-interior.com\/de\/#organization","name":"H\u00fcbsch","url":"https:\/\/hubsch-interior.com\/de\/","logo":{"@type":"ImageObject","inLanguage":"de","@id":"https:\/\/hubsch-interior.com\/de\/#\/schema\/logo\/image\/","url":"https:\/\/hubsch-interior.com\/wp-content\/uploads\/2022\/12\/Hubsch_logo_black_one_line.svg","contentUrl":"https:\/\/hubsch-interior.com\/wp-content\/uploads\/2022\/12\/Hubsch_logo_black_one_line.svg","caption":"H\u00fcbsch"},"image":{"@id":"https:\/\/hubsch-interior.com\/de\/#\/schema\/logo\/image\/"}}]}},"_links":{"self":[{"href":"https:\/\/hubsch-interior.com\/de\/wp-json\/wp\/v2\/product\/1088033","targetHints":{"allow":["GET"]}}],"collection":[{"href":"https:\/\/hubsch-interior.com\/de\/wp-json\/wp\/v2\/product"}],"about":[{"href":"https:\/\/hubsch-interior.com\/de\/wp-json\/wp\/v2\/types\/product"}],"wp:featuredmedia":[{"embeddable":true,"href":"https:\/\/hubsch-interior.com\/de\/wp-json\/wp\/v2\/media\/1112697"}],"wp:attachment":[{"href":"https:\/\/hubsch-interior.com\/de\/wp-json\/wp\/v2\/media?parent=1088033"}],"wp:term":[{"taxonomy":"product_brand","embeddable":true,"href":"https:\/\/hubsch-interior.com\/de\/wp-json\/wp\/v2\/product_brand?post=1088033"},{"taxonomy":"product_cat","embeddable":true,"href":"https:\/\/hubsch-interior.com\/de\/wp-json\/wp\/v2\/product_cat?post=1088033"},{"taxonomy":"product_tag","embeddable":true,"href":"https:\/\/hubsch-interior.com\/de\/wp-json\/wp\/v2\/product_tag?post=1088033"}],"curies":[{"name":"wp","href":"https:\/\/api.w.org\/{rel}","templated":true}]}}