{"id":1088105,"date":"2026-01-31T04:38:25","date_gmt":"2026-01-31T03:38:25","guid":{"rendered":"https:\/\/hubsch-interior.com\/product\/product\/"},"modified":"2026-04-05T05:00:56","modified_gmt":"2026-04-05T03:00:56","slug":"mae-schrank-naturfarben","status":"publish","type":"product","link":"https:\/\/hubsch-interior.com\/de\/produkt\/mae-schrank-naturfarben\/","title":{"rendered":"Mae Schrank Naturfarben"},"content":{"rendered":"<p>Ein Rahmen mit Glasfront f\u00fcr Ihre Sch\u00e4tze. Der Mae Schrank sorgt mit seiner aus FSC-zertifizierter Eiche gefertigten Konstruktion in nat\u00fcrlichem Ton f\u00fcr W\u00e4rme und Klarheit in Ihrem Raum. Seine klaren Linien und Glast\u00fcren verwandeln allt\u00e4gliche Gegenst\u00e4nde in stille Ausstellungsst\u00fccke \u2013 von Erbst\u00fccken bis hin zu handgefertigter Keramik. Klein im Format, doch reich an Ausstrahlung, ist er ein einladendes M\u00f6belst\u00fcck, das aus Aufbewahrung Erz\u00e4hlkunst macht. Ein kleiner Schrank mit gro\u00dfem Herzen.<\/p>\n","protected":false},"excerpt":{"rendered":"<p>Ein Rahmen mit Glasfront f\u00fcr Ihre Sch\u00e4tze. Der Mae Schrank sorgt mit seiner aus FSC-zertifizierter Eiche gefertigten Konstruktion in nat\u00fcrlichem Ton f\u00fcr W\u00e4rme und Klarheit in Ihrem Raum. Seine klaren Linien und Glast\u00fcren verwandeln allt\u00e4gliche Gegenst\u00e4nde in stille Ausstellungsst\u00fccke \u2013 von Erbst\u00fccken bis hin zu handgefertigter Keramik. Klein im Format, doch reich an Ausstrahlung, ist [&hellip;]<\/p>\n","protected":false},"featured_media":1105305,"template":"","meta":{"_acf_changed":false,"inline_featured_image":false},"product_brand":[],"product_cat":[7155,6323,4003,4004,5027,5047],"product_tag":[],"class_list":{"0":"post-1088105","1":"product","2":"type-product","3":"status-publish","4":"has-post-thumbnail","6":"product_cat-dweller-de","7":"product_cat-fsc-de","8":"product_cat-regale-aufbewahrung-de","9":"product_cat-vitrinen-de","10":"product_cat-bestsellers-de","11":"product_cat-neuheiten-de","12":"product_shipping_class-p05","14":"pa_color-naturfarben-2","15":"pa_material-glas-de","16":"pa_material-mdf-de","17":"pa_material-eichenfurnier","18":"pa_material-eichenholz","20":"first","21":"instock","22":"featured","23":"taxable","24":"shipping-taxable","25":"purchasable","26":"product-type-simple"},"exclude_global_add_ons":[],"addons":[],"acf":[],"yoast_head":"<!-- This site is optimized with the Yoast SEO plugin v26.4 - https:\/\/yoast.com\/wordpress\/plugins\/seo\/ -->\n<title>Mae Schrank Naturfarben - H\u00fcbsch<\/title>\n<meta name=\"description\" content=\"Ein Rahmen mit Glasfront f\u00fcr Ihre Sch\u00e4tze. Der Mae Schrank sorgt mit seiner aus FSC-zertifizierter Eiche gefertigten Konstruktion in nat\u00fcrlichem Ton f\u00fcr\" \/>\n<meta name=\"robots\" content=\"index, follow, max-snippet:-1, max-image-preview:large, max-video-preview:-1\" \/>\n<link rel=\"canonical\" href=\"https:\/\/hubsch-interior.com\/de\/wp-json\/wp\/v2\/product\/1088105\" \/>\n<meta property=\"og:locale\" content=\"de_DE\" \/>\n<meta property=\"og:type\" content=\"article\" \/>\n<meta property=\"og:title\" content=\"Mae Schrank Naturfarben - H\u00fcbsch\" \/>\n<meta property=\"og:description\" content=\"Ein Rahmen mit Glasfront f\u00fcr Ihre Sch\u00e4tze. Der Mae Schrank sorgt mit seiner aus FSC-zertifizierter Eiche gefertigten Konstruktion in nat\u00fcrlichem Ton f\u00fcr\" \/>\n<meta property=\"og:url\" content=\"https:\/\/hubsch-interior.com\/de\/produkt\/mae-schrank-naturfarben\/\" \/>\n<meta property=\"og:site_name\" content=\"H\u00fcbsch\" \/>\n<meta property=\"article:modified_time\" content=\"2026-04-05T03:00:56+00:00\" \/>\n<meta property=\"og:image\" content=\"https:\/\/hubsch-interior.com\/wp-content\/uploads\/2026\/01\/mae-cabinet-natural-76c48262cada8754780693985875bd02.jpg\" \/>\n\t<meta property=\"og:image:width\" content=\"1200\" \/>\n\t<meta property=\"og:image:height\" content=\"1200\" \/>\n\t<meta property=\"og:image:type\" content=\"image\/jpeg\" \/>\n<meta name=\"twitter:card\" content=\"summary_large_image\" \/>\n<script type=\"application\/ld+json\" class=\"yoast-schema-graph\">{\"@context\":\"https:\/\/schema.org\",\"@graph\":[{\"@type\":\"WebPage\",\"@id\":\"https:\/\/hubsch-interior.com\/de\/produkt\/mae-schrank-naturfarben\/\",\"url\":\"https:\/\/hubsch-interior.com\/de\/produkt\/mae-schrank-naturfarben\/\",\"name\":\"Mae Schrank Naturfarben - H\u00fcbsch\",\"isPartOf\":{\"@id\":\"https:\/\/hubsch-interior.com\/de\/#website\"},\"primaryImageOfPage\":{\"@id\":\"https:\/\/hubsch-interior.com\/de\/produkt\/mae-schrank-naturfarben\/#primaryimage\"},\"image\":{\"@id\":\"https:\/\/hubsch-interior.com\/de\/produkt\/mae-schrank-naturfarben\/#primaryimage\"},\"thumbnailUrl\":\"https:\/\/hubsch-interior.com\/wp-content\/uploads\/2026\/02\/mae-cabinet-natural-b35fb1c0052fb665a9d5d16fb0d4a8b1.jpg\",\"datePublished\":\"2026-01-31T03:38:25+00:00\",\"dateModified\":\"2026-04-05T03:00:56+00:00\",\"description\":\"Ein Rahmen mit Glasfront f\u00fcr Ihre Sch\u00e4tze. Der Mae Schrank sorgt mit seiner aus FSC-zertifizierter Eiche gefertigten Konstruktion in nat\u00fcrlichem Ton f\u00fcr\",\"breadcrumb\":{\"@id\":\"https:\/\/hubsch-interior.com\/de\/produkt\/mae-schrank-naturfarben\/#breadcrumb\"},\"inLanguage\":\"de\",\"potentialAction\":[{\"@type\":\"ReadAction\",\"target\":[\"https:\/\/hubsch-interior.com\/de\/produkt\/mae-schrank-naturfarben\/\"]}]},{\"@type\":\"ImageObject\",\"inLanguage\":\"de\",\"@id\":\"https:\/\/hubsch-interior.com\/de\/produkt\/mae-schrank-naturfarben\/#primaryimage\",\"url\":\"https:\/\/hubsch-interior.com\/wp-content\/uploads\/2026\/02\/mae-cabinet-natural-b35fb1c0052fb665a9d5d16fb0d4a8b1.jpg\",\"contentUrl\":\"https:\/\/hubsch-interior.com\/wp-content\/uploads\/2026\/02\/mae-cabinet-natural-b35fb1c0052fb665a9d5d16fb0d4a8b1.jpg\",\"width\":1024,\"height\":1024},{\"@type\":\"BreadcrumbList\",\"@id\":\"https:\/\/hubsch-interior.com\/de\/produkt\/mae-schrank-naturfarben\/#breadcrumb\",\"itemListElement\":[{\"@type\":\"ListItem\",\"position\":1,\"name\":\"Startseite\",\"item\":\"https:\/\/hubsch-interior.com\/de\/\"},{\"@type\":\"ListItem\",\"position\":2,\"name\":\"Produkte\",\"item\":\"https:\/\/hubsch-interior.com\/de\/shop-2\/\"},{\"@type\":\"ListItem\",\"position\":3,\"name\":\"Mae Schrank Naturfarben\"}]},{\"@type\":\"WebSite\",\"@id\":\"https:\/\/hubsch-interior.com\/de\/#website\",\"url\":\"https:\/\/hubsch-interior.com\/de\/\",\"name\":\"H\u00fcbsch\",\"description\":\"Danish Home Interior and Design\",\"publisher\":{\"@id\":\"https:\/\/hubsch-interior.com\/de\/#organization\"},\"potentialAction\":[{\"@type\":\"SearchAction\",\"target\":{\"@type\":\"EntryPoint\",\"urlTemplate\":\"https:\/\/hubsch-interior.com\/de\/?s={search_term_string}\"},\"query-input\":{\"@type\":\"PropertyValueSpecification\",\"valueRequired\":true,\"valueName\":\"search_term_string\"}}],\"inLanguage\":\"de\"},{\"@type\":\"Organization\",\"@id\":\"https:\/\/hubsch-interior.com\/de\/#organization\",\"name\":\"H\u00fcbsch\",\"url\":\"https:\/\/hubsch-interior.com\/de\/\",\"logo\":{\"@type\":\"ImageObject\",\"inLanguage\":\"de\",\"@id\":\"https:\/\/hubsch-interior.com\/de\/#\/schema\/logo\/image\/\",\"url\":\"https:\/\/hubsch-interior.com\/wp-content\/uploads\/2022\/12\/Hubsch_logo_black_one_line.svg\",\"contentUrl\":\"https:\/\/hubsch-interior.com\/wp-content\/uploads\/2022\/12\/Hubsch_logo_black_one_line.svg\",\"caption\":\"H\u00fcbsch\"},\"image\":{\"@id\":\"https:\/\/hubsch-interior.com\/de\/#\/schema\/logo\/image\/\"}}]}<\/script>\n<!-- \/ Yoast SEO plugin. -->","yoast_head_json":{"title":"Mae Schrank Naturfarben - H\u00fcbsch","description":"Ein Rahmen mit Glasfront f\u00fcr Ihre Sch\u00e4tze. Der Mae Schrank sorgt mit seiner aus FSC-zertifizierter Eiche gefertigten Konstruktion in nat\u00fcrlichem Ton f\u00fcr","robots":{"index":"index","follow":"follow","max-snippet":"max-snippet:-1","max-image-preview":"max-image-preview:large","max-video-preview":"max-video-preview:-1"},"canonical":"https:\/\/hubsch-interior.com\/de\/wp-json\/wp\/v2\/product\/1088105","og_locale":"de_DE","og_type":"article","og_title":"Mae Schrank Naturfarben - H\u00fcbsch","og_description":"Ein Rahmen mit Glasfront f\u00fcr Ihre Sch\u00e4tze. Der Mae Schrank sorgt mit seiner aus FSC-zertifizierter Eiche gefertigten Konstruktion in nat\u00fcrlichem Ton f\u00fcr","og_url":"https:\/\/hubsch-interior.com\/de\/produkt\/mae-schrank-naturfarben\/","og_site_name":"H\u00fcbsch","article_modified_time":"2026-04-05T03:00:56+00:00","og_image":[{"width":1200,"height":1200,"url":"https:\/\/hubsch-interior.com\/wp-content\/uploads\/2026\/01\/mae-cabinet-natural-76c48262cada8754780693985875bd02.jpg","type":"image\/jpeg"}],"twitter_card":"summary_large_image","schema":{"@context":"https:\/\/schema.org","@graph":[{"@type":"WebPage","@id":"https:\/\/hubsch-interior.com\/de\/produkt\/mae-schrank-naturfarben\/","url":"https:\/\/hubsch-interior.com\/de\/produkt\/mae-schrank-naturfarben\/","name":"Mae Schrank Naturfarben - H\u00fcbsch","isPartOf":{"@id":"https:\/\/hubsch-interior.com\/de\/#website"},"primaryImageOfPage":{"@id":"https:\/\/hubsch-interior.com\/de\/produkt\/mae-schrank-naturfarben\/#primaryimage"},"image":{"@id":"https:\/\/hubsch-interior.com\/de\/produkt\/mae-schrank-naturfarben\/#primaryimage"},"thumbnailUrl":"https:\/\/hubsch-interior.com\/wp-content\/uploads\/2026\/02\/mae-cabinet-natural-b35fb1c0052fb665a9d5d16fb0d4a8b1.jpg","datePublished":"2026-01-31T03:38:25+00:00","dateModified":"2026-04-05T03:00:56+00:00","description":"Ein Rahmen mit Glasfront f\u00fcr Ihre Sch\u00e4tze. Der Mae Schrank sorgt mit seiner aus FSC-zertifizierter Eiche gefertigten Konstruktion in nat\u00fcrlichem Ton f\u00fcr","breadcrumb":{"@id":"https:\/\/hubsch-interior.com\/de\/produkt\/mae-schrank-naturfarben\/#breadcrumb"},"inLanguage":"de","potentialAction":[{"@type":"ReadAction","target":["https:\/\/hubsch-interior.com\/de\/produkt\/mae-schrank-naturfarben\/"]}]},{"@type":"ImageObject","inLanguage":"de","@id":"https:\/\/hubsch-interior.com\/de\/produkt\/mae-schrank-naturfarben\/#primaryimage","url":"https:\/\/hubsch-interior.com\/wp-content\/uploads\/2026\/02\/mae-cabinet-natural-b35fb1c0052fb665a9d5d16fb0d4a8b1.jpg","contentUrl":"https:\/\/hubsch-interior.com\/wp-content\/uploads\/2026\/02\/mae-cabinet-natural-b35fb1c0052fb665a9d5d16fb0d4a8b1.jpg","width":1024,"height":1024},{"@type":"BreadcrumbList","@id":"https:\/\/hubsch-interior.com\/de\/produkt\/mae-schrank-naturfarben\/#breadcrumb","itemListElement":[{"@type":"ListItem","position":1,"name":"Startseite","item":"https:\/\/hubsch-interior.com\/de\/"},{"@type":"ListItem","position":2,"name":"Produkte","item":"https:\/\/hubsch-interior.com\/de\/shop-2\/"},{"@type":"ListItem","position":3,"name":"Mae Schrank Naturfarben"}]},{"@type":"WebSite","@id":"https:\/\/hubsch-interior.com\/de\/#website","url":"https:\/\/hubsch-interior.com\/de\/","name":"H\u00fcbsch","description":"Danish Home Interior and Design","publisher":{"@id":"https:\/\/hubsch-interior.com\/de\/#organization"},"potentialAction":[{"@type":"SearchAction","target":{"@type":"EntryPoint","urlTemplate":"https:\/\/hubsch-interior.com\/de\/?s={search_term_string}"},"query-input":{"@type":"PropertyValueSpecification","valueRequired":true,"valueName":"search_term_string"}}],"inLanguage":"de"},{"@type":"Organization","@id":"https:\/\/hubsch-interior.com\/de\/#organization","name":"H\u00fcbsch","url":"https:\/\/hubsch-interior.com\/de\/","logo":{"@type":"ImageObject","inLanguage":"de","@id":"https:\/\/hubsch-interior.com\/de\/#\/schema\/logo\/image\/","url":"https:\/\/hubsch-interior.com\/wp-content\/uploads\/2022\/12\/Hubsch_logo_black_one_line.svg","contentUrl":"https:\/\/hubsch-interior.com\/wp-content\/uploads\/2022\/12\/Hubsch_logo_black_one_line.svg","caption":"H\u00fcbsch"},"image":{"@id":"https:\/\/hubsch-interior.com\/de\/#\/schema\/logo\/image\/"}}]}},"_links":{"self":[{"href":"https:\/\/hubsch-interior.com\/de\/wp-json\/wp\/v2\/product\/1088105","targetHints":{"allow":["GET"]}}],"collection":[{"href":"https:\/\/hubsch-interior.com\/de\/wp-json\/wp\/v2\/product"}],"about":[{"href":"https:\/\/hubsch-interior.com\/de\/wp-json\/wp\/v2\/types\/product"}],"wp:featuredmedia":[{"embeddable":true,"href":"https:\/\/hubsch-interior.com\/de\/wp-json\/wp\/v2\/media\/1105305"}],"wp:attachment":[{"href":"https:\/\/hubsch-interior.com\/de\/wp-json\/wp\/v2\/media?parent=1088105"}],"wp:term":[{"taxonomy":"product_brand","embeddable":true,"href":"https:\/\/hubsch-interior.com\/de\/wp-json\/wp\/v2\/product_brand?post=1088105"},{"taxonomy":"product_cat","embeddable":true,"href":"https:\/\/hubsch-interior.com\/de\/wp-json\/wp\/v2\/product_cat?post=1088105"},{"taxonomy":"product_tag","embeddable":true,"href":"https:\/\/hubsch-interior.com\/de\/wp-json\/wp\/v2\/product_tag?post=1088105"}],"curies":[{"name":"wp","href":"https:\/\/api.w.org\/{rel}","templated":true}]}}