{"id":1088153,"date":"2026-01-31T04:39:01","date_gmt":"2026-01-31T03:39:01","guid":{"rendered":"https:\/\/hubsch-interior.com\/product\/product\/"},"modified":"2026-04-05T05:01:11","modified_gmt":"2026-04-05T03:01:11","slug":"poetic-wandschrank-large","status":"publish","type":"product","link":"https:\/\/hubsch-interior.com\/de\/produkt\/poetic-wandschrank-large\/","title":{"rendered":"Poetic Wandschrank Large"},"content":{"rendered":"<p>Ein Regal, das Raum f\u00fcr sch\u00f6ne Dinge schafft. Das Poetic Regal vereint warme Eiche mit luftigem Glas und schafft so einen dezenten Rahmen f\u00fcr Ihre Lieblingsobjekte. Mit seiner sanft get\u00f6nten Oberfl\u00e4che und der wandmontierten Konstruktion f\u00fcgt es sich nahtlos in Ihr Interieur ein \u2014 es verleiht Leichtigkeit, ohne Platz zu beanspruchen. Aus FSC-zertifiziertem Holz gefertigt, ist es ein bewusster Beitrag zu nachhaltigem Wohnen und langlebigem Design. Ob arrangiert mit B\u00fcchern, Glaswaren oder einfachen Momentaufnahmen von Bedeutung \u2014 es verwandelt jede Pr\u00e4sentation in Poesie.<\/p>\n","protected":false},"excerpt":{"rendered":"<p>Ein Regal, das Raum f\u00fcr sch\u00f6ne Dinge schafft. Das Poetic Regal vereint warme Eiche mit luftigem Glas und schafft so einen dezenten Rahmen f\u00fcr Ihre Lieblingsobjekte. Mit seiner sanft get\u00f6nten Oberfl\u00e4che und der wandmontierten Konstruktion f\u00fcgt es sich nahtlos in Ihr Interieur ein \u2014 es verleiht Leichtigkeit, ohne Platz zu beanspruchen. Aus FSC-zertifiziertem Holz gefertigt, [&hellip;]<\/p>\n","protected":false},"featured_media":1105365,"template":"","meta":{"_acf_changed":false,"inline_featured_image":false},"product_brand":[],"product_cat":[7155,6323,4003,4012,4004,5047],"product_tag":[],"class_list":{"0":"post-1088153","1":"product","2":"type-product","3":"status-publish","4":"has-post-thumbnail","6":"product_cat-dweller-de","7":"product_cat-fsc-de","8":"product_cat-regale-aufbewahrung-de","9":"product_cat-regale-de","10":"product_cat-vitrinen-de","11":"product_cat-neuheiten-de","12":"product_shipping_class-p05","14":"pa_material-glas-de","15":"pa_material-mdf-de","16":"pa_material-eichenfurnier","17":"pa_material-eichenholz","19":"first","20":"instock","21":"taxable","22":"shipping-taxable","23":"purchasable","24":"product-type-simple"},"exclude_global_add_ons":[],"addons":[],"acf":[],"yoast_head":"<!-- This site is optimized with the Yoast SEO plugin v26.4 - https:\/\/yoast.com\/wordpress\/plugins\/seo\/ -->\n<title>Poetic Wandschrank Large - H\u00fcbsch<\/title>\n<meta name=\"description\" content=\"Ein Regal, das Raum f\u00fcr sch\u00f6ne Dinge schafft. Das Poetic Regal vereint warme Eiche mit luftigem Glas und schafft so einen dezenten Rahmen f\u00fcr Ihre\" \/>\n<meta name=\"robots\" content=\"index, follow, max-snippet:-1, max-image-preview:large, max-video-preview:-1\" \/>\n<link rel=\"canonical\" href=\"https:\/\/hubsch-interior.com\/de\/wp-json\/wp\/v2\/product\/1088153\" \/>\n<meta property=\"og:locale\" content=\"de_DE\" \/>\n<meta property=\"og:type\" content=\"article\" \/>\n<meta property=\"og:title\" content=\"Poetic Wandschrank Large - H\u00fcbsch\" \/>\n<meta property=\"og:description\" content=\"Ein Regal, das Raum f\u00fcr sch\u00f6ne Dinge schafft. Das Poetic Regal vereint warme Eiche mit luftigem Glas und schafft so einen dezenten Rahmen f\u00fcr Ihre\" \/>\n<meta property=\"og:url\" content=\"https:\/\/hubsch-interior.com\/de\/produkt\/poetic-wandschrank-large\/\" \/>\n<meta property=\"og:site_name\" content=\"H\u00fcbsch\" \/>\n<meta property=\"article:modified_time\" content=\"2026-04-05T03:01:11+00:00\" \/>\n<meta property=\"og:image\" content=\"https:\/\/hubsch-interior.com\/wp-content\/uploads\/2026\/01\/poetic-wall-cupboard-large-b6b5ad15092dc161068db86ce4600474.jpg\" \/>\n\t<meta property=\"og:image:width\" content=\"1200\" \/>\n\t<meta property=\"og:image:height\" content=\"1200\" \/>\n\t<meta property=\"og:image:type\" content=\"image\/jpeg\" \/>\n<meta name=\"twitter:card\" content=\"summary_large_image\" \/>\n<script type=\"application\/ld+json\" class=\"yoast-schema-graph\">{\"@context\":\"https:\/\/schema.org\",\"@graph\":[{\"@type\":\"WebPage\",\"@id\":\"https:\/\/hubsch-interior.com\/de\/produkt\/poetic-wandschrank-large\/\",\"url\":\"https:\/\/hubsch-interior.com\/de\/produkt\/poetic-wandschrank-large\/\",\"name\":\"Poetic Wandschrank Large - H\u00fcbsch\",\"isPartOf\":{\"@id\":\"https:\/\/hubsch-interior.com\/de\/#website\"},\"primaryImageOfPage\":{\"@id\":\"https:\/\/hubsch-interior.com\/de\/produkt\/poetic-wandschrank-large\/#primaryimage\"},\"image\":{\"@id\":\"https:\/\/hubsch-interior.com\/de\/produkt\/poetic-wandschrank-large\/#primaryimage\"},\"thumbnailUrl\":\"https:\/\/hubsch-interior.com\/wp-content\/uploads\/2026\/02\/poetic-wall-cupboard-large-d3a6774a08ccdc97c32db5893d1fb55b.jpg\",\"datePublished\":\"2026-01-31T03:39:01+00:00\",\"dateModified\":\"2026-04-05T03:01:11+00:00\",\"description\":\"Ein Regal, das Raum f\u00fcr sch\u00f6ne Dinge schafft. Das Poetic Regal vereint warme Eiche mit luftigem Glas und schafft so einen dezenten Rahmen f\u00fcr Ihre\",\"breadcrumb\":{\"@id\":\"https:\/\/hubsch-interior.com\/de\/produkt\/poetic-wandschrank-large\/#breadcrumb\"},\"inLanguage\":\"de\",\"potentialAction\":[{\"@type\":\"ReadAction\",\"target\":[\"https:\/\/hubsch-interior.com\/de\/produkt\/poetic-wandschrank-large\/\"]}]},{\"@type\":\"ImageObject\",\"inLanguage\":\"de\",\"@id\":\"https:\/\/hubsch-interior.com\/de\/produkt\/poetic-wandschrank-large\/#primaryimage\",\"url\":\"https:\/\/hubsch-interior.com\/wp-content\/uploads\/2026\/02\/poetic-wall-cupboard-large-d3a6774a08ccdc97c32db5893d1fb55b.jpg\",\"contentUrl\":\"https:\/\/hubsch-interior.com\/wp-content\/uploads\/2026\/02\/poetic-wall-cupboard-large-d3a6774a08ccdc97c32db5893d1fb55b.jpg\",\"width\":1024,\"height\":1024},{\"@type\":\"BreadcrumbList\",\"@id\":\"https:\/\/hubsch-interior.com\/de\/produkt\/poetic-wandschrank-large\/#breadcrumb\",\"itemListElement\":[{\"@type\":\"ListItem\",\"position\":1,\"name\":\"Startseite\",\"item\":\"https:\/\/hubsch-interior.com\/de\/\"},{\"@type\":\"ListItem\",\"position\":2,\"name\":\"Produkte\",\"item\":\"https:\/\/hubsch-interior.com\/de\/shop-2\/\"},{\"@type\":\"ListItem\",\"position\":3,\"name\":\"Poetic Wandschrank Large\"}]},{\"@type\":\"WebSite\",\"@id\":\"https:\/\/hubsch-interior.com\/de\/#website\",\"url\":\"https:\/\/hubsch-interior.com\/de\/\",\"name\":\"H\u00fcbsch\",\"description\":\"Danish Home Interior and Design\",\"publisher\":{\"@id\":\"https:\/\/hubsch-interior.com\/de\/#organization\"},\"potentialAction\":[{\"@type\":\"SearchAction\",\"target\":{\"@type\":\"EntryPoint\",\"urlTemplate\":\"https:\/\/hubsch-interior.com\/de\/?s={search_term_string}\"},\"query-input\":{\"@type\":\"PropertyValueSpecification\",\"valueRequired\":true,\"valueName\":\"search_term_string\"}}],\"inLanguage\":\"de\"},{\"@type\":\"Organization\",\"@id\":\"https:\/\/hubsch-interior.com\/de\/#organization\",\"name\":\"H\u00fcbsch\",\"url\":\"https:\/\/hubsch-interior.com\/de\/\",\"logo\":{\"@type\":\"ImageObject\",\"inLanguage\":\"de\",\"@id\":\"https:\/\/hubsch-interior.com\/de\/#\/schema\/logo\/image\/\",\"url\":\"https:\/\/hubsch-interior.com\/wp-content\/uploads\/2022\/12\/Hubsch_logo_black_one_line.svg\",\"contentUrl\":\"https:\/\/hubsch-interior.com\/wp-content\/uploads\/2022\/12\/Hubsch_logo_black_one_line.svg\",\"caption\":\"H\u00fcbsch\"},\"image\":{\"@id\":\"https:\/\/hubsch-interior.com\/de\/#\/schema\/logo\/image\/\"}}]}<\/script>\n<!-- \/ Yoast SEO plugin. -->","yoast_head_json":{"title":"Poetic Wandschrank Large - H\u00fcbsch","description":"Ein Regal, das Raum f\u00fcr sch\u00f6ne Dinge schafft. Das Poetic Regal vereint warme Eiche mit luftigem Glas und schafft so einen dezenten Rahmen f\u00fcr Ihre","robots":{"index":"index","follow":"follow","max-snippet":"max-snippet:-1","max-image-preview":"max-image-preview:large","max-video-preview":"max-video-preview:-1"},"canonical":"https:\/\/hubsch-interior.com\/de\/wp-json\/wp\/v2\/product\/1088153","og_locale":"de_DE","og_type":"article","og_title":"Poetic Wandschrank Large - H\u00fcbsch","og_description":"Ein Regal, das Raum f\u00fcr sch\u00f6ne Dinge schafft. Das Poetic Regal vereint warme Eiche mit luftigem Glas und schafft so einen dezenten Rahmen f\u00fcr Ihre","og_url":"https:\/\/hubsch-interior.com\/de\/produkt\/poetic-wandschrank-large\/","og_site_name":"H\u00fcbsch","article_modified_time":"2026-04-05T03:01:11+00:00","og_image":[{"width":1200,"height":1200,"url":"https:\/\/hubsch-interior.com\/wp-content\/uploads\/2026\/01\/poetic-wall-cupboard-large-b6b5ad15092dc161068db86ce4600474.jpg","type":"image\/jpeg"}],"twitter_card":"summary_large_image","schema":{"@context":"https:\/\/schema.org","@graph":[{"@type":"WebPage","@id":"https:\/\/hubsch-interior.com\/de\/produkt\/poetic-wandschrank-large\/","url":"https:\/\/hubsch-interior.com\/de\/produkt\/poetic-wandschrank-large\/","name":"Poetic Wandschrank Large - H\u00fcbsch","isPartOf":{"@id":"https:\/\/hubsch-interior.com\/de\/#website"},"primaryImageOfPage":{"@id":"https:\/\/hubsch-interior.com\/de\/produkt\/poetic-wandschrank-large\/#primaryimage"},"image":{"@id":"https:\/\/hubsch-interior.com\/de\/produkt\/poetic-wandschrank-large\/#primaryimage"},"thumbnailUrl":"https:\/\/hubsch-interior.com\/wp-content\/uploads\/2026\/02\/poetic-wall-cupboard-large-d3a6774a08ccdc97c32db5893d1fb55b.jpg","datePublished":"2026-01-31T03:39:01+00:00","dateModified":"2026-04-05T03:01:11+00:00","description":"Ein Regal, das Raum f\u00fcr sch\u00f6ne Dinge schafft. Das Poetic Regal vereint warme Eiche mit luftigem Glas und schafft so einen dezenten Rahmen f\u00fcr Ihre","breadcrumb":{"@id":"https:\/\/hubsch-interior.com\/de\/produkt\/poetic-wandschrank-large\/#breadcrumb"},"inLanguage":"de","potentialAction":[{"@type":"ReadAction","target":["https:\/\/hubsch-interior.com\/de\/produkt\/poetic-wandschrank-large\/"]}]},{"@type":"ImageObject","inLanguage":"de","@id":"https:\/\/hubsch-interior.com\/de\/produkt\/poetic-wandschrank-large\/#primaryimage","url":"https:\/\/hubsch-interior.com\/wp-content\/uploads\/2026\/02\/poetic-wall-cupboard-large-d3a6774a08ccdc97c32db5893d1fb55b.jpg","contentUrl":"https:\/\/hubsch-interior.com\/wp-content\/uploads\/2026\/02\/poetic-wall-cupboard-large-d3a6774a08ccdc97c32db5893d1fb55b.jpg","width":1024,"height":1024},{"@type":"BreadcrumbList","@id":"https:\/\/hubsch-interior.com\/de\/produkt\/poetic-wandschrank-large\/#breadcrumb","itemListElement":[{"@type":"ListItem","position":1,"name":"Startseite","item":"https:\/\/hubsch-interior.com\/de\/"},{"@type":"ListItem","position":2,"name":"Produkte","item":"https:\/\/hubsch-interior.com\/de\/shop-2\/"},{"@type":"ListItem","position":3,"name":"Poetic Wandschrank Large"}]},{"@type":"WebSite","@id":"https:\/\/hubsch-interior.com\/de\/#website","url":"https:\/\/hubsch-interior.com\/de\/","name":"H\u00fcbsch","description":"Danish Home Interior and Design","publisher":{"@id":"https:\/\/hubsch-interior.com\/de\/#organization"},"potentialAction":[{"@type":"SearchAction","target":{"@type":"EntryPoint","urlTemplate":"https:\/\/hubsch-interior.com\/de\/?s={search_term_string}"},"query-input":{"@type":"PropertyValueSpecification","valueRequired":true,"valueName":"search_term_string"}}],"inLanguage":"de"},{"@type":"Organization","@id":"https:\/\/hubsch-interior.com\/de\/#organization","name":"H\u00fcbsch","url":"https:\/\/hubsch-interior.com\/de\/","logo":{"@type":"ImageObject","inLanguage":"de","@id":"https:\/\/hubsch-interior.com\/de\/#\/schema\/logo\/image\/","url":"https:\/\/hubsch-interior.com\/wp-content\/uploads\/2022\/12\/Hubsch_logo_black_one_line.svg","contentUrl":"https:\/\/hubsch-interior.com\/wp-content\/uploads\/2022\/12\/Hubsch_logo_black_one_line.svg","caption":"H\u00fcbsch"},"image":{"@id":"https:\/\/hubsch-interior.com\/de\/#\/schema\/logo\/image\/"}}]}},"_links":{"self":[{"href":"https:\/\/hubsch-interior.com\/de\/wp-json\/wp\/v2\/product\/1088153","targetHints":{"allow":["GET"]}}],"collection":[{"href":"https:\/\/hubsch-interior.com\/de\/wp-json\/wp\/v2\/product"}],"about":[{"href":"https:\/\/hubsch-interior.com\/de\/wp-json\/wp\/v2\/types\/product"}],"wp:featuredmedia":[{"embeddable":true,"href":"https:\/\/hubsch-interior.com\/de\/wp-json\/wp\/v2\/media\/1105365"}],"wp:attachment":[{"href":"https:\/\/hubsch-interior.com\/de\/wp-json\/wp\/v2\/media?parent=1088153"}],"wp:term":[{"taxonomy":"product_brand","embeddable":true,"href":"https:\/\/hubsch-interior.com\/de\/wp-json\/wp\/v2\/product_brand?post=1088153"},{"taxonomy":"product_cat","embeddable":true,"href":"https:\/\/hubsch-interior.com\/de\/wp-json\/wp\/v2\/product_cat?post=1088153"},{"taxonomy":"product_tag","embeddable":true,"href":"https:\/\/hubsch-interior.com\/de\/wp-json\/wp\/v2\/product_tag?post=1088153"}],"curies":[{"name":"wp","href":"https:\/\/api.w.org\/{rel}","templated":true}]}}