{"id":1088181,"date":"2026-01-31T04:39:17","date_gmt":"2026-01-31T03:39:17","guid":{"rendered":"https:\/\/hubsch-interior.com\/product\/product\/"},"modified":"2026-04-06T04:55:25","modified_gmt":"2026-04-06T02:55:25","slug":"poetic-wandschrank-small","status":"publish","type":"product","link":"https:\/\/hubsch-interior.com\/de\/produkt\/poetic-wandschrank-small\/","title":{"rendered":"Poetic Wandschrank Small"},"content":{"rendered":"<p>Lassen Sie Ihre Objekte sprechen \u2014 sanft, sch\u00f6n. Das Poetic Regal ist aus FSC-zertifizierter Eiche gefertigt und mit feinen Glasb\u00f6den ausgestattet, die eine zarte Balance zwischen Struktur und Leichtigkeit bieten. Es ist daf\u00fcr konzipiert, m\u00fchelos an der Wand montiert zu werden und schafft eine ruhige B\u00fchne f\u00fcr die Dinge, die Ihre Geschichte erz\u00e4hlen \u2014 von Lieblingsb\u00fcchern bis zu gefundenen Sch\u00e4tzen. Das Regal ist raffiniert und unaufdringlich und bringt sowohl Klarheit als auch Emotion in Ihren Raum. Mehr als nur ein Regal, ist es ein sanfter Rahmen f\u00fcr die Details des Lebens.<\/p>\n","protected":false},"excerpt":{"rendered":"<p>Lassen Sie Ihre Objekte sprechen \u2014 sanft, sch\u00f6n. Das Poetic Regal ist aus FSC-zertifizierter Eiche gefertigt und mit feinen Glasb\u00f6den ausgestattet, die eine zarte Balance zwischen Struktur und Leichtigkeit bieten. Es ist daf\u00fcr konzipiert, m\u00fchelos an der Wand montiert zu werden und schafft eine ruhige B\u00fchne f\u00fcr die Dinge, die Ihre Geschichte erz\u00e4hlen \u2014 von [&hellip;]<\/p>\n","protected":false},"featured_media":1105389,"template":"","meta":{"_acf_changed":false,"inline_featured_image":false},"product_brand":[],"product_cat":[7155,6323,4003,4012,4004,5047],"product_tag":[],"class_list":{"0":"post-1088181","1":"product","2":"type-product","3":"status-publish","4":"has-post-thumbnail","6":"product_cat-dweller-de","7":"product_cat-fsc-de","8":"product_cat-regale-aufbewahrung-de","9":"product_cat-regale-de","10":"product_cat-vitrinen-de","11":"product_cat-neuheiten-de","12":"product_shipping_class-pk","14":"pa_material-glas-de","15":"pa_material-mdf-de","16":"pa_material-eichenfurnier","17":"pa_material-eichenholz","19":"first","20":"instock","21":"taxable","22":"shipping-taxable","23":"purchasable","24":"product-type-simple"},"exclude_global_add_ons":[],"addons":[],"acf":[],"yoast_head":"<!-- This site is optimized with the Yoast SEO plugin v26.4 - https:\/\/yoast.com\/wordpress\/plugins\/seo\/ -->\n<title>Poetic Wandschrank Small - H\u00fcbsch<\/title>\n<meta name=\"description\" content=\"Lassen Sie Ihre Objekte sprechen \u2014 sanft, sch\u00f6n. Das Poetic Regal ist aus FSC-zertifizierter Eiche gefertigt und mit feinen Glasb\u00f6den ausgestattet, die\" \/>\n<meta name=\"robots\" content=\"index, follow, max-snippet:-1, max-image-preview:large, max-video-preview:-1\" \/>\n<link rel=\"canonical\" href=\"https:\/\/hubsch-interior.com\/de\/wp-json\/wp\/v2\/product\/1088181\" \/>\n<meta property=\"og:locale\" content=\"de_DE\" \/>\n<meta property=\"og:type\" content=\"article\" \/>\n<meta property=\"og:title\" content=\"Poetic Wandschrank Small - H\u00fcbsch\" \/>\n<meta property=\"og:description\" content=\"Lassen Sie Ihre Objekte sprechen \u2014 sanft, sch\u00f6n. Das Poetic Regal ist aus FSC-zertifizierter Eiche gefertigt und mit feinen Glasb\u00f6den ausgestattet, die\" \/>\n<meta property=\"og:url\" content=\"https:\/\/hubsch-interior.com\/de\/produkt\/poetic-wandschrank-small\/\" \/>\n<meta property=\"og:site_name\" content=\"H\u00fcbsch\" \/>\n<meta property=\"article:modified_time\" content=\"2026-04-06T02:55:25+00:00\" \/>\n<meta property=\"og:image\" content=\"https:\/\/hubsch-interior.com\/wp-content\/uploads\/2026\/01\/poetic-wall-cupboard-small-2c717f79d59f974da7f851bdfe1977aa.jpg\" \/>\n\t<meta property=\"og:image:width\" content=\"1200\" \/>\n\t<meta property=\"og:image:height\" content=\"1200\" \/>\n\t<meta property=\"og:image:type\" content=\"image\/jpeg\" \/>\n<meta name=\"twitter:card\" content=\"summary_large_image\" \/>\n<script type=\"application\/ld+json\" class=\"yoast-schema-graph\">{\"@context\":\"https:\/\/schema.org\",\"@graph\":[{\"@type\":\"WebPage\",\"@id\":\"https:\/\/hubsch-interior.com\/de\/produkt\/poetic-wandschrank-small\/\",\"url\":\"https:\/\/hubsch-interior.com\/de\/produkt\/poetic-wandschrank-small\/\",\"name\":\"Poetic Wandschrank Small - H\u00fcbsch\",\"isPartOf\":{\"@id\":\"https:\/\/hubsch-interior.com\/de\/#website\"},\"primaryImageOfPage\":{\"@id\":\"https:\/\/hubsch-interior.com\/de\/produkt\/poetic-wandschrank-small\/#primaryimage\"},\"image\":{\"@id\":\"https:\/\/hubsch-interior.com\/de\/produkt\/poetic-wandschrank-small\/#primaryimage\"},\"thumbnailUrl\":\"https:\/\/hubsch-interior.com\/wp-content\/uploads\/2026\/02\/poetic-wall-cupboard-small-15a591e240f9b4dbffaada43d2164d2f.jpg\",\"datePublished\":\"2026-01-31T03:39:17+00:00\",\"dateModified\":\"2026-04-06T02:55:25+00:00\",\"description\":\"Lassen Sie Ihre Objekte sprechen \u2014 sanft, sch\u00f6n. Das Poetic Regal ist aus FSC-zertifizierter Eiche gefertigt und mit feinen Glasb\u00f6den ausgestattet, die\",\"breadcrumb\":{\"@id\":\"https:\/\/hubsch-interior.com\/de\/produkt\/poetic-wandschrank-small\/#breadcrumb\"},\"inLanguage\":\"de\",\"potentialAction\":[{\"@type\":\"ReadAction\",\"target\":[\"https:\/\/hubsch-interior.com\/de\/produkt\/poetic-wandschrank-small\/\"]}]},{\"@type\":\"ImageObject\",\"inLanguage\":\"de\",\"@id\":\"https:\/\/hubsch-interior.com\/de\/produkt\/poetic-wandschrank-small\/#primaryimage\",\"url\":\"https:\/\/hubsch-interior.com\/wp-content\/uploads\/2026\/02\/poetic-wall-cupboard-small-15a591e240f9b4dbffaada43d2164d2f.jpg\",\"contentUrl\":\"https:\/\/hubsch-interior.com\/wp-content\/uploads\/2026\/02\/poetic-wall-cupboard-small-15a591e240f9b4dbffaada43d2164d2f.jpg\",\"width\":1024,\"height\":1024},{\"@type\":\"BreadcrumbList\",\"@id\":\"https:\/\/hubsch-interior.com\/de\/produkt\/poetic-wandschrank-small\/#breadcrumb\",\"itemListElement\":[{\"@type\":\"ListItem\",\"position\":1,\"name\":\"Startseite\",\"item\":\"https:\/\/hubsch-interior.com\/de\/\"},{\"@type\":\"ListItem\",\"position\":2,\"name\":\"Produkte\",\"item\":\"https:\/\/hubsch-interior.com\/de\/shop-2\/\"},{\"@type\":\"ListItem\",\"position\":3,\"name\":\"Poetic Wandschrank Small\"}]},{\"@type\":\"WebSite\",\"@id\":\"https:\/\/hubsch-interior.com\/de\/#website\",\"url\":\"https:\/\/hubsch-interior.com\/de\/\",\"name\":\"H\u00fcbsch\",\"description\":\"Danish Home Interior and Design\",\"publisher\":{\"@id\":\"https:\/\/hubsch-interior.com\/de\/#organization\"},\"potentialAction\":[{\"@type\":\"SearchAction\",\"target\":{\"@type\":\"EntryPoint\",\"urlTemplate\":\"https:\/\/hubsch-interior.com\/de\/?s={search_term_string}\"},\"query-input\":{\"@type\":\"PropertyValueSpecification\",\"valueRequired\":true,\"valueName\":\"search_term_string\"}}],\"inLanguage\":\"de\"},{\"@type\":\"Organization\",\"@id\":\"https:\/\/hubsch-interior.com\/de\/#organization\",\"name\":\"H\u00fcbsch\",\"url\":\"https:\/\/hubsch-interior.com\/de\/\",\"logo\":{\"@type\":\"ImageObject\",\"inLanguage\":\"de\",\"@id\":\"https:\/\/hubsch-interior.com\/de\/#\/schema\/logo\/image\/\",\"url\":\"https:\/\/hubsch-interior.com\/wp-content\/uploads\/2022\/12\/Hubsch_logo_black_one_line.svg\",\"contentUrl\":\"https:\/\/hubsch-interior.com\/wp-content\/uploads\/2022\/12\/Hubsch_logo_black_one_line.svg\",\"caption\":\"H\u00fcbsch\"},\"image\":{\"@id\":\"https:\/\/hubsch-interior.com\/de\/#\/schema\/logo\/image\/\"}}]}<\/script>\n<!-- \/ Yoast SEO plugin. -->","yoast_head_json":{"title":"Poetic Wandschrank Small - H\u00fcbsch","description":"Lassen Sie Ihre Objekte sprechen \u2014 sanft, sch\u00f6n. Das Poetic Regal ist aus FSC-zertifizierter Eiche gefertigt und mit feinen Glasb\u00f6den ausgestattet, die","robots":{"index":"index","follow":"follow","max-snippet":"max-snippet:-1","max-image-preview":"max-image-preview:large","max-video-preview":"max-video-preview:-1"},"canonical":"https:\/\/hubsch-interior.com\/de\/wp-json\/wp\/v2\/product\/1088181","og_locale":"de_DE","og_type":"article","og_title":"Poetic Wandschrank Small - H\u00fcbsch","og_description":"Lassen Sie Ihre Objekte sprechen \u2014 sanft, sch\u00f6n. Das Poetic Regal ist aus FSC-zertifizierter Eiche gefertigt und mit feinen Glasb\u00f6den ausgestattet, die","og_url":"https:\/\/hubsch-interior.com\/de\/produkt\/poetic-wandschrank-small\/","og_site_name":"H\u00fcbsch","article_modified_time":"2026-04-06T02:55:25+00:00","og_image":[{"width":1200,"height":1200,"url":"https:\/\/hubsch-interior.com\/wp-content\/uploads\/2026\/01\/poetic-wall-cupboard-small-2c717f79d59f974da7f851bdfe1977aa.jpg","type":"image\/jpeg"}],"twitter_card":"summary_large_image","schema":{"@context":"https:\/\/schema.org","@graph":[{"@type":"WebPage","@id":"https:\/\/hubsch-interior.com\/de\/produkt\/poetic-wandschrank-small\/","url":"https:\/\/hubsch-interior.com\/de\/produkt\/poetic-wandschrank-small\/","name":"Poetic Wandschrank Small - H\u00fcbsch","isPartOf":{"@id":"https:\/\/hubsch-interior.com\/de\/#website"},"primaryImageOfPage":{"@id":"https:\/\/hubsch-interior.com\/de\/produkt\/poetic-wandschrank-small\/#primaryimage"},"image":{"@id":"https:\/\/hubsch-interior.com\/de\/produkt\/poetic-wandschrank-small\/#primaryimage"},"thumbnailUrl":"https:\/\/hubsch-interior.com\/wp-content\/uploads\/2026\/02\/poetic-wall-cupboard-small-15a591e240f9b4dbffaada43d2164d2f.jpg","datePublished":"2026-01-31T03:39:17+00:00","dateModified":"2026-04-06T02:55:25+00:00","description":"Lassen Sie Ihre Objekte sprechen \u2014 sanft, sch\u00f6n. Das Poetic Regal ist aus FSC-zertifizierter Eiche gefertigt und mit feinen Glasb\u00f6den ausgestattet, die","breadcrumb":{"@id":"https:\/\/hubsch-interior.com\/de\/produkt\/poetic-wandschrank-small\/#breadcrumb"},"inLanguage":"de","potentialAction":[{"@type":"ReadAction","target":["https:\/\/hubsch-interior.com\/de\/produkt\/poetic-wandschrank-small\/"]}]},{"@type":"ImageObject","inLanguage":"de","@id":"https:\/\/hubsch-interior.com\/de\/produkt\/poetic-wandschrank-small\/#primaryimage","url":"https:\/\/hubsch-interior.com\/wp-content\/uploads\/2026\/02\/poetic-wall-cupboard-small-15a591e240f9b4dbffaada43d2164d2f.jpg","contentUrl":"https:\/\/hubsch-interior.com\/wp-content\/uploads\/2026\/02\/poetic-wall-cupboard-small-15a591e240f9b4dbffaada43d2164d2f.jpg","width":1024,"height":1024},{"@type":"BreadcrumbList","@id":"https:\/\/hubsch-interior.com\/de\/produkt\/poetic-wandschrank-small\/#breadcrumb","itemListElement":[{"@type":"ListItem","position":1,"name":"Startseite","item":"https:\/\/hubsch-interior.com\/de\/"},{"@type":"ListItem","position":2,"name":"Produkte","item":"https:\/\/hubsch-interior.com\/de\/shop-2\/"},{"@type":"ListItem","position":3,"name":"Poetic Wandschrank Small"}]},{"@type":"WebSite","@id":"https:\/\/hubsch-interior.com\/de\/#website","url":"https:\/\/hubsch-interior.com\/de\/","name":"H\u00fcbsch","description":"Danish Home Interior and Design","publisher":{"@id":"https:\/\/hubsch-interior.com\/de\/#organization"},"potentialAction":[{"@type":"SearchAction","target":{"@type":"EntryPoint","urlTemplate":"https:\/\/hubsch-interior.com\/de\/?s={search_term_string}"},"query-input":{"@type":"PropertyValueSpecification","valueRequired":true,"valueName":"search_term_string"}}],"inLanguage":"de"},{"@type":"Organization","@id":"https:\/\/hubsch-interior.com\/de\/#organization","name":"H\u00fcbsch","url":"https:\/\/hubsch-interior.com\/de\/","logo":{"@type":"ImageObject","inLanguage":"de","@id":"https:\/\/hubsch-interior.com\/de\/#\/schema\/logo\/image\/","url":"https:\/\/hubsch-interior.com\/wp-content\/uploads\/2022\/12\/Hubsch_logo_black_one_line.svg","contentUrl":"https:\/\/hubsch-interior.com\/wp-content\/uploads\/2022\/12\/Hubsch_logo_black_one_line.svg","caption":"H\u00fcbsch"},"image":{"@id":"https:\/\/hubsch-interior.com\/de\/#\/schema\/logo\/image\/"}}]}},"_links":{"self":[{"href":"https:\/\/hubsch-interior.com\/de\/wp-json\/wp\/v2\/product\/1088181","targetHints":{"allow":["GET"]}}],"collection":[{"href":"https:\/\/hubsch-interior.com\/de\/wp-json\/wp\/v2\/product"}],"about":[{"href":"https:\/\/hubsch-interior.com\/de\/wp-json\/wp\/v2\/types\/product"}],"wp:featuredmedia":[{"embeddable":true,"href":"https:\/\/hubsch-interior.com\/de\/wp-json\/wp\/v2\/media\/1105389"}],"wp:attachment":[{"href":"https:\/\/hubsch-interior.com\/de\/wp-json\/wp\/v2\/media?parent=1088181"}],"wp:term":[{"taxonomy":"product_brand","embeddable":true,"href":"https:\/\/hubsch-interior.com\/de\/wp-json\/wp\/v2\/product_brand?post=1088181"},{"taxonomy":"product_cat","embeddable":true,"href":"https:\/\/hubsch-interior.com\/de\/wp-json\/wp\/v2\/product_cat?post=1088181"},{"taxonomy":"product_tag","embeddable":true,"href":"https:\/\/hubsch-interior.com\/de\/wp-json\/wp\/v2\/product_tag?post=1088181"}],"curies":[{"name":"wp","href":"https:\/\/api.w.org\/{rel}","templated":true}]}}