{"id":1088237,"date":"2026-01-31T04:39:44","date_gmt":"2026-01-31T03:39:44","guid":{"rendered":"https:\/\/hubsch-interior.com\/product\/product\/"},"modified":"2026-04-05T05:01:24","modified_gmt":"2026-04-05T03:01:24","slug":"alcove-bank-naturfarben","status":"publish","type":"product","link":"https:\/\/hubsch-interior.com\/de\/produkt\/alcove-bank-naturfarben\/","title":{"rendered":"Alcove Bank Naturfarben"},"content":{"rendered":"<p>Eine weiche Landung mit einem Geheimnis im Inneren. Die Alcove Bank verbindet handwerkliches Geschick aus nat\u00fcrlichem Eichenholz mit einer gepolsterten Oberfl\u00e4che und schafft so einen gem\u00fctlichen Pausenpunkt f\u00fcr hektische Morgen oder entspannte Nachmittage. Heben Sie den Sitz an, um verborgenen Stauraum zu enth\u00fcllen \u2014 perfekt f\u00fcr Schuhe, Taschen oder alles, was Sie lieber versteckt halten m\u00f6chten. Gefertigt aus FSC-zertifiziertem Holz, verbindet sie Komfort und Bewusstsein in einem einladenden M\u00f6belst\u00fcck. F\u00fcr K\u00fcchen, Flure und all die Zwischenmomente, die ein Haus zu einem Zuhause machen.<\/p>\n","protected":false},"excerpt":{"rendered":"<p>Eine weiche Landung mit einem Geheimnis im Inneren. Die Alcove Bank verbindet handwerkliches Geschick aus nat\u00fcrlichem Eichenholz mit einer gepolsterten Oberfl\u00e4che und schafft so einen gem\u00fctlichen Pausenpunkt f\u00fcr hektische Morgen oder entspannte Nachmittage. Heben Sie den Sitz an, um verborgenen Stauraum zu enth\u00fcllen \u2014 perfekt f\u00fcr Schuhe, Taschen oder alles, was Sie lieber versteckt halten [&hellip;]<\/p>\n","protected":false},"featured_media":1105437,"template":"","meta":{"_acf_changed":false,"inline_featured_image":false},"product_brand":[],"product_cat":[7155,6323,2845,2878,5047],"product_tag":[],"class_list":{"0":"post-1088237","1":"product","2":"type-product","3":"status-publish","4":"has-post-thumbnail","6":"product_cat-dweller-de","7":"product_cat-fsc-de","8":"product_cat-sitzmoebel-de","9":"product_cat-baenke-de","10":"product_cat-neuheiten-de","11":"product_shipping_class-p05","13":"pa_color-naturfarben-2","14":"pa_material-acrylic-5-de","15":"pa_material-mdf-de","16":"pa_material-polyester-95-de","17":"pa_material-eichenfurnier","18":"pa_material-eichenholz","20":"first","21":"instock","22":"taxable","23":"shipping-taxable","24":"purchasable","25":"product-type-simple"},"exclude_global_add_ons":[],"addons":[],"acf":[],"yoast_head":"<!-- This site is optimized with the Yoast SEO plugin v26.4 - https:\/\/yoast.com\/wordpress\/plugins\/seo\/ -->\n<title>Alcove Bank Naturfarben - H\u00fcbsch<\/title>\n<meta name=\"description\" content=\"Eine weiche Landung mit einem Geheimnis im Inneren. Die Alcove Bank verbindet handwerkliches Geschick aus nat\u00fcrlichem Eichenholz mit einer gepolsterten\" \/>\n<meta name=\"robots\" content=\"index, follow, max-snippet:-1, max-image-preview:large, max-video-preview:-1\" \/>\n<link rel=\"canonical\" href=\"https:\/\/hubsch-interior.com\/de\/wp-json\/wp\/v2\/product\/1088237\" \/>\n<meta property=\"og:locale\" content=\"de_DE\" \/>\n<meta property=\"og:type\" content=\"article\" \/>\n<meta property=\"og:title\" content=\"Alcove Bank Naturfarben - H\u00fcbsch\" \/>\n<meta property=\"og:description\" content=\"Eine weiche Landung mit einem Geheimnis im Inneren. Die Alcove Bank verbindet handwerkliches Geschick aus nat\u00fcrlichem Eichenholz mit einer gepolsterten\" \/>\n<meta property=\"og:url\" content=\"https:\/\/hubsch-interior.com\/de\/produkt\/alcove-bank-naturfarben\/\" \/>\n<meta property=\"og:site_name\" content=\"H\u00fcbsch\" \/>\n<meta property=\"article:modified_time\" content=\"2026-04-05T03:01:24+00:00\" \/>\n<meta property=\"og:image\" content=\"https:\/\/hubsch-interior.com\/wp-content\/uploads\/2026\/02\/alcove-bench-natural-0e94ee16b153e5859b0f2aea9f0ea92e.jpg\" \/>\n\t<meta property=\"og:image:width\" content=\"1024\" \/>\n\t<meta property=\"og:image:height\" content=\"1024\" \/>\n\t<meta property=\"og:image:type\" content=\"image\/jpeg\" \/>\n<meta name=\"twitter:card\" content=\"summary_large_image\" \/>\n<script type=\"application\/ld+json\" class=\"yoast-schema-graph\">{\"@context\":\"https:\/\/schema.org\",\"@graph\":[{\"@type\":\"WebPage\",\"@id\":\"https:\/\/hubsch-interior.com\/de\/produkt\/alcove-bank-naturfarben\/\",\"url\":\"https:\/\/hubsch-interior.com\/de\/produkt\/alcove-bank-naturfarben\/\",\"name\":\"Alcove Bank Naturfarben - H\u00fcbsch\",\"isPartOf\":{\"@id\":\"https:\/\/hubsch-interior.com\/de\/#website\"},\"primaryImageOfPage\":{\"@id\":\"https:\/\/hubsch-interior.com\/de\/produkt\/alcove-bank-naturfarben\/#primaryimage\"},\"image\":{\"@id\":\"https:\/\/hubsch-interior.com\/de\/produkt\/alcove-bank-naturfarben\/#primaryimage\"},\"thumbnailUrl\":\"https:\/\/hubsch-interior.com\/wp-content\/uploads\/2026\/02\/alcove-bench-natural-0e94ee16b153e5859b0f2aea9f0ea92e.jpg\",\"datePublished\":\"2026-01-31T03:39:44+00:00\",\"dateModified\":\"2026-04-05T03:01:24+00:00\",\"description\":\"Eine weiche Landung mit einem Geheimnis im Inneren. Die Alcove Bank verbindet handwerkliches Geschick aus nat\u00fcrlichem Eichenholz mit einer gepolsterten\",\"breadcrumb\":{\"@id\":\"https:\/\/hubsch-interior.com\/de\/produkt\/alcove-bank-naturfarben\/#breadcrumb\"},\"inLanguage\":\"de\",\"potentialAction\":[{\"@type\":\"ReadAction\",\"target\":[\"https:\/\/hubsch-interior.com\/de\/produkt\/alcove-bank-naturfarben\/\"]}]},{\"@type\":\"ImageObject\",\"inLanguage\":\"de\",\"@id\":\"https:\/\/hubsch-interior.com\/de\/produkt\/alcove-bank-naturfarben\/#primaryimage\",\"url\":\"https:\/\/hubsch-interior.com\/wp-content\/uploads\/2026\/02\/alcove-bench-natural-0e94ee16b153e5859b0f2aea9f0ea92e.jpg\",\"contentUrl\":\"https:\/\/hubsch-interior.com\/wp-content\/uploads\/2026\/02\/alcove-bench-natural-0e94ee16b153e5859b0f2aea9f0ea92e.jpg\",\"width\":1024,\"height\":1024},{\"@type\":\"BreadcrumbList\",\"@id\":\"https:\/\/hubsch-interior.com\/de\/produkt\/alcove-bank-naturfarben\/#breadcrumb\",\"itemListElement\":[{\"@type\":\"ListItem\",\"position\":1,\"name\":\"Startseite\",\"item\":\"https:\/\/hubsch-interior.com\/de\/\"},{\"@type\":\"ListItem\",\"position\":2,\"name\":\"Produkte\",\"item\":\"https:\/\/hubsch-interior.com\/de\/shop-2\/\"},{\"@type\":\"ListItem\",\"position\":3,\"name\":\"M\u00f6bel\",\"item\":\"https:\/\/hubsch-interior.com\/de\/produkt-kategorie\/moebel\/\"},{\"@type\":\"ListItem\",\"position\":4,\"name\":\"Sitzm&ouml;bel\",\"item\":\"https:\/\/hubsch-interior.com\/de\/produkt-kategorie\/moebel\/sitzmoebel-de\/\"},{\"@type\":\"ListItem\",\"position\":5,\"name\":\"B&auml;nke\",\"item\":\"https:\/\/hubsch-interior.com\/de\/produkt-kategorie\/moebel\/sitzmoebel-de\/baenke-de\/\"},{\"@type\":\"ListItem\",\"position\":6,\"name\":\"Alcove Bank Naturfarben\"}]},{\"@type\":\"WebSite\",\"@id\":\"https:\/\/hubsch-interior.com\/de\/#website\",\"url\":\"https:\/\/hubsch-interior.com\/de\/\",\"name\":\"H\u00fcbsch\",\"description\":\"Danish Home Interior and Design\",\"publisher\":{\"@id\":\"https:\/\/hubsch-interior.com\/de\/#organization\"},\"potentialAction\":[{\"@type\":\"SearchAction\",\"target\":{\"@type\":\"EntryPoint\",\"urlTemplate\":\"https:\/\/hubsch-interior.com\/de\/?s={search_term_string}\"},\"query-input\":{\"@type\":\"PropertyValueSpecification\",\"valueRequired\":true,\"valueName\":\"search_term_string\"}}],\"inLanguage\":\"de\"},{\"@type\":\"Organization\",\"@id\":\"https:\/\/hubsch-interior.com\/de\/#organization\",\"name\":\"H\u00fcbsch\",\"url\":\"https:\/\/hubsch-interior.com\/de\/\",\"logo\":{\"@type\":\"ImageObject\",\"inLanguage\":\"de\",\"@id\":\"https:\/\/hubsch-interior.com\/de\/#\/schema\/logo\/image\/\",\"url\":\"https:\/\/hubsch-interior.com\/wp-content\/uploads\/2022\/12\/Hubsch_logo_black_one_line.svg\",\"contentUrl\":\"https:\/\/hubsch-interior.com\/wp-content\/uploads\/2022\/12\/Hubsch_logo_black_one_line.svg\",\"caption\":\"H\u00fcbsch\"},\"image\":{\"@id\":\"https:\/\/hubsch-interior.com\/de\/#\/schema\/logo\/image\/\"}}]}<\/script>\n<!-- \/ Yoast SEO plugin. -->","yoast_head_json":{"title":"Alcove Bank Naturfarben - H\u00fcbsch","description":"Eine weiche Landung mit einem Geheimnis im Inneren. Die Alcove Bank verbindet handwerkliches Geschick aus nat\u00fcrlichem Eichenholz mit einer gepolsterten","robots":{"index":"index","follow":"follow","max-snippet":"max-snippet:-1","max-image-preview":"max-image-preview:large","max-video-preview":"max-video-preview:-1"},"canonical":"https:\/\/hubsch-interior.com\/de\/wp-json\/wp\/v2\/product\/1088237","og_locale":"de_DE","og_type":"article","og_title":"Alcove Bank Naturfarben - H\u00fcbsch","og_description":"Eine weiche Landung mit einem Geheimnis im Inneren. Die Alcove Bank verbindet handwerkliches Geschick aus nat\u00fcrlichem Eichenholz mit einer gepolsterten","og_url":"https:\/\/hubsch-interior.com\/de\/produkt\/alcove-bank-naturfarben\/","og_site_name":"H\u00fcbsch","article_modified_time":"2026-04-05T03:01:24+00:00","og_image":[{"width":1024,"height":1024,"url":"https:\/\/hubsch-interior.com\/wp-content\/uploads\/2026\/02\/alcove-bench-natural-0e94ee16b153e5859b0f2aea9f0ea92e.jpg","type":"image\/jpeg"}],"twitter_card":"summary_large_image","schema":{"@context":"https:\/\/schema.org","@graph":[{"@type":"WebPage","@id":"https:\/\/hubsch-interior.com\/de\/produkt\/alcove-bank-naturfarben\/","url":"https:\/\/hubsch-interior.com\/de\/produkt\/alcove-bank-naturfarben\/","name":"Alcove Bank Naturfarben - H\u00fcbsch","isPartOf":{"@id":"https:\/\/hubsch-interior.com\/de\/#website"},"primaryImageOfPage":{"@id":"https:\/\/hubsch-interior.com\/de\/produkt\/alcove-bank-naturfarben\/#primaryimage"},"image":{"@id":"https:\/\/hubsch-interior.com\/de\/produkt\/alcove-bank-naturfarben\/#primaryimage"},"thumbnailUrl":"https:\/\/hubsch-interior.com\/wp-content\/uploads\/2026\/02\/alcove-bench-natural-0e94ee16b153e5859b0f2aea9f0ea92e.jpg","datePublished":"2026-01-31T03:39:44+00:00","dateModified":"2026-04-05T03:01:24+00:00","description":"Eine weiche Landung mit einem Geheimnis im Inneren. Die Alcove Bank verbindet handwerkliches Geschick aus nat\u00fcrlichem Eichenholz mit einer gepolsterten","breadcrumb":{"@id":"https:\/\/hubsch-interior.com\/de\/produkt\/alcove-bank-naturfarben\/#breadcrumb"},"inLanguage":"de","potentialAction":[{"@type":"ReadAction","target":["https:\/\/hubsch-interior.com\/de\/produkt\/alcove-bank-naturfarben\/"]}]},{"@type":"ImageObject","inLanguage":"de","@id":"https:\/\/hubsch-interior.com\/de\/produkt\/alcove-bank-naturfarben\/#primaryimage","url":"https:\/\/hubsch-interior.com\/wp-content\/uploads\/2026\/02\/alcove-bench-natural-0e94ee16b153e5859b0f2aea9f0ea92e.jpg","contentUrl":"https:\/\/hubsch-interior.com\/wp-content\/uploads\/2026\/02\/alcove-bench-natural-0e94ee16b153e5859b0f2aea9f0ea92e.jpg","width":1024,"height":1024},{"@type":"BreadcrumbList","@id":"https:\/\/hubsch-interior.com\/de\/produkt\/alcove-bank-naturfarben\/#breadcrumb","itemListElement":[{"@type":"ListItem","position":1,"name":"Startseite","item":"https:\/\/hubsch-interior.com\/de\/"},{"@type":"ListItem","position":2,"name":"Produkte","item":"https:\/\/hubsch-interior.com\/de\/shop-2\/"},{"@type":"ListItem","position":3,"name":"M\u00f6bel","item":"https:\/\/hubsch-interior.com\/de\/produkt-kategorie\/moebel\/"},{"@type":"ListItem","position":4,"name":"Sitzm&ouml;bel","item":"https:\/\/hubsch-interior.com\/de\/produkt-kategorie\/moebel\/sitzmoebel-de\/"},{"@type":"ListItem","position":5,"name":"B&auml;nke","item":"https:\/\/hubsch-interior.com\/de\/produkt-kategorie\/moebel\/sitzmoebel-de\/baenke-de\/"},{"@type":"ListItem","position":6,"name":"Alcove Bank Naturfarben"}]},{"@type":"WebSite","@id":"https:\/\/hubsch-interior.com\/de\/#website","url":"https:\/\/hubsch-interior.com\/de\/","name":"H\u00fcbsch","description":"Danish Home Interior and Design","publisher":{"@id":"https:\/\/hubsch-interior.com\/de\/#organization"},"potentialAction":[{"@type":"SearchAction","target":{"@type":"EntryPoint","urlTemplate":"https:\/\/hubsch-interior.com\/de\/?s={search_term_string}"},"query-input":{"@type":"PropertyValueSpecification","valueRequired":true,"valueName":"search_term_string"}}],"inLanguage":"de"},{"@type":"Organization","@id":"https:\/\/hubsch-interior.com\/de\/#organization","name":"H\u00fcbsch","url":"https:\/\/hubsch-interior.com\/de\/","logo":{"@type":"ImageObject","inLanguage":"de","@id":"https:\/\/hubsch-interior.com\/de\/#\/schema\/logo\/image\/","url":"https:\/\/hubsch-interior.com\/wp-content\/uploads\/2022\/12\/Hubsch_logo_black_one_line.svg","contentUrl":"https:\/\/hubsch-interior.com\/wp-content\/uploads\/2022\/12\/Hubsch_logo_black_one_line.svg","caption":"H\u00fcbsch"},"image":{"@id":"https:\/\/hubsch-interior.com\/de\/#\/schema\/logo\/image\/"}}]}},"_links":{"self":[{"href":"https:\/\/hubsch-interior.com\/de\/wp-json\/wp\/v2\/product\/1088237","targetHints":{"allow":["GET"]}}],"collection":[{"href":"https:\/\/hubsch-interior.com\/de\/wp-json\/wp\/v2\/product"}],"about":[{"href":"https:\/\/hubsch-interior.com\/de\/wp-json\/wp\/v2\/types\/product"}],"wp:featuredmedia":[{"embeddable":true,"href":"https:\/\/hubsch-interior.com\/de\/wp-json\/wp\/v2\/media\/1105437"}],"wp:attachment":[{"href":"https:\/\/hubsch-interior.com\/de\/wp-json\/wp\/v2\/media?parent=1088237"}],"wp:term":[{"taxonomy":"product_brand","embeddable":true,"href":"https:\/\/hubsch-interior.com\/de\/wp-json\/wp\/v2\/product_brand?post=1088237"},{"taxonomy":"product_cat","embeddable":true,"href":"https:\/\/hubsch-interior.com\/de\/wp-json\/wp\/v2\/product_cat?post=1088237"},{"taxonomy":"product_tag","embeddable":true,"href":"https:\/\/hubsch-interior.com\/de\/wp-json\/wp\/v2\/product_tag?post=1088237"}],"curies":[{"name":"wp","href":"https:\/\/api.w.org\/{rel}","templated":true}]}}