{"id":1088265,"date":"2026-01-31T04:39:56","date_gmt":"2026-01-31T03:39:56","guid":{"rendered":"https:\/\/hubsch-interior.com\/product\/product\/"},"modified":"2026-04-05T05:01:28","modified_gmt":"2026-04-05T03:01:28","slug":"baenk-bank-naturfarben","status":"publish","type":"product","link":"https:\/\/hubsch-interior.com\/de\/produkt\/baenk-bank-naturfarben\/","title":{"rendered":"Baenk Bank Naturfarben"},"content":{"rendered":"<p>Geschaffen f\u00fcr das Zusammenkommen, geformt f\u00fcr das Zusammengeh\u00f6rigkeitsgef\u00fchl. Die Baenk Bank bringt durch ihre ruhige Kraft und nat\u00fcrliche W\u00e4rme eine einladende Atmosph\u00e4re in Ihren Essbereich. Sie ist aus FSC-zertifizierter Eiche gefertigt und besitzt einen sanften, einladenden Farbton. Ihre klaren Linien und gro\u00dfz\u00fcgigen Proportionen schaffen Platz f\u00fcr gemeinsame Mahlzeiten, unbeschwerte Gespr\u00e4che und die t\u00e4glichen Rituale, die Menschen zusammenf\u00fchren. So konzipiert, dass sie sowohl in ihrer Struktur als auch im Gef\u00fchl dauerhaft bestehen bleibt \u2013 eine Bank, die Teil der Familie wird. Ein Ort zum Innehalten, Verbinden und um einfach ein wenig l\u00e4nger zu verweilen.<\/p>\n","protected":false},"excerpt":{"rendered":"<p>Geschaffen f\u00fcr das Zusammenkommen, geformt f\u00fcr das Zusammengeh\u00f6rigkeitsgef\u00fchl. Die Baenk Bank bringt durch ihre ruhige Kraft und nat\u00fcrliche W\u00e4rme eine einladende Atmosph\u00e4re in Ihren Essbereich. Sie ist aus FSC-zertifizierter Eiche gefertigt und besitzt einen sanften, einladenden Farbton. Ihre klaren Linien und gro\u00dfz\u00fcgigen Proportionen schaffen Platz f\u00fcr gemeinsame Mahlzeiten, unbeschwerte Gespr\u00e4che und die t\u00e4glichen Rituale, die [&hellip;]<\/p>\n","protected":false},"featured_media":1105461,"template":"","meta":{"_acf_changed":false,"inline_featured_image":false},"product_brand":[],"product_cat":[7155,6323,2845,2878,5027,5047],"product_tag":[],"class_list":{"0":"post-1088265","1":"product","2":"type-product","3":"status-publish","4":"has-post-thumbnail","6":"product_cat-dweller-de","7":"product_cat-fsc-de","8":"product_cat-sitzmoebel-de","9":"product_cat-baenke-de","10":"product_cat-bestsellers-de","11":"product_cat-neuheiten-de","12":"product_shipping_class-p05","14":"pa_color-naturfarben-2","15":"pa_material-mdf-de","16":"pa_material-eichenfurnier","17":"pa_material-eichenholz","19":"first","20":"instock","21":"featured","22":"taxable","23":"shipping-taxable","24":"purchasable","25":"product-type-simple"},"exclude_global_add_ons":[],"addons":[],"acf":[],"yoast_head":"<!-- This site is optimized with the Yoast SEO plugin v26.4 - https:\/\/yoast.com\/wordpress\/plugins\/seo\/ -->\n<title>Baenk Bank Naturfarben - H\u00fcbsch<\/title>\n<meta name=\"description\" content=\"Geschaffen f\u00fcr das Zusammenkommen, geformt f\u00fcr das Zusammengeh\u00f6rigkeitsgef\u00fchl. Die Baenk Bank bringt durch ihre ruhige Kraft und nat\u00fcrliche W\u00e4rme eine\" \/>\n<meta name=\"robots\" content=\"index, follow, max-snippet:-1, max-image-preview:large, max-video-preview:-1\" \/>\n<link rel=\"canonical\" href=\"https:\/\/hubsch-interior.com\/de\/wp-json\/wp\/v2\/product\/1088265\" \/>\n<meta property=\"og:locale\" content=\"de_DE\" \/>\n<meta property=\"og:type\" content=\"article\" \/>\n<meta property=\"og:title\" content=\"Baenk Bank Naturfarben - H\u00fcbsch\" \/>\n<meta property=\"og:description\" content=\"Geschaffen f\u00fcr das Zusammenkommen, geformt f\u00fcr das Zusammengeh\u00f6rigkeitsgef\u00fchl. Die Baenk Bank bringt durch ihre ruhige Kraft und nat\u00fcrliche W\u00e4rme eine\" \/>\n<meta property=\"og:url\" content=\"https:\/\/hubsch-interior.com\/de\/produkt\/baenk-bank-naturfarben\/\" \/>\n<meta property=\"og:site_name\" content=\"H\u00fcbsch\" \/>\n<meta property=\"article:modified_time\" content=\"2026-04-05T03:01:28+00:00\" \/>\n<meta property=\"og:image\" content=\"https:\/\/hubsch-interior.com\/wp-content\/uploads\/2026\/02\/baenk-bench-natural-3932c658d437b9cbc10e9c24bcc8e872.jpg\" \/>\n\t<meta property=\"og:image:width\" content=\"1024\" \/>\n\t<meta property=\"og:image:height\" content=\"1024\" \/>\n\t<meta property=\"og:image:type\" content=\"image\/jpeg\" \/>\n<meta name=\"twitter:card\" content=\"summary_large_image\" \/>\n<meta name=\"twitter:label1\" content=\"Gesch\u00e4tzte Lesezeit\" \/>\n\t<meta name=\"twitter:data1\" content=\"1\u00a0Minute\" \/>\n<script type=\"application\/ld+json\" class=\"yoast-schema-graph\">{\"@context\":\"https:\/\/schema.org\",\"@graph\":[{\"@type\":\"WebPage\",\"@id\":\"https:\/\/hubsch-interior.com\/de\/produkt\/baenk-bank-naturfarben\/\",\"url\":\"https:\/\/hubsch-interior.com\/de\/produkt\/baenk-bank-naturfarben\/\",\"name\":\"Baenk Bank Naturfarben - H\u00fcbsch\",\"isPartOf\":{\"@id\":\"https:\/\/hubsch-interior.com\/de\/#website\"},\"primaryImageOfPage\":{\"@id\":\"https:\/\/hubsch-interior.com\/de\/produkt\/baenk-bank-naturfarben\/#primaryimage\"},\"image\":{\"@id\":\"https:\/\/hubsch-interior.com\/de\/produkt\/baenk-bank-naturfarben\/#primaryimage\"},\"thumbnailUrl\":\"https:\/\/hubsch-interior.com\/wp-content\/uploads\/2026\/02\/baenk-bench-natural-3932c658d437b9cbc10e9c24bcc8e872.jpg\",\"datePublished\":\"2026-01-31T03:39:56+00:00\",\"dateModified\":\"2026-04-05T03:01:28+00:00\",\"description\":\"Geschaffen f\u00fcr das Zusammenkommen, geformt f\u00fcr das Zusammengeh\u00f6rigkeitsgef\u00fchl. Die Baenk Bank bringt durch ihre ruhige Kraft und nat\u00fcrliche W\u00e4rme eine\",\"breadcrumb\":{\"@id\":\"https:\/\/hubsch-interior.com\/de\/produkt\/baenk-bank-naturfarben\/#breadcrumb\"},\"inLanguage\":\"de\",\"potentialAction\":[{\"@type\":\"ReadAction\",\"target\":[\"https:\/\/hubsch-interior.com\/de\/produkt\/baenk-bank-naturfarben\/\"]}]},{\"@type\":\"ImageObject\",\"inLanguage\":\"de\",\"@id\":\"https:\/\/hubsch-interior.com\/de\/produkt\/baenk-bank-naturfarben\/#primaryimage\",\"url\":\"https:\/\/hubsch-interior.com\/wp-content\/uploads\/2026\/02\/baenk-bench-natural-3932c658d437b9cbc10e9c24bcc8e872.jpg\",\"contentUrl\":\"https:\/\/hubsch-interior.com\/wp-content\/uploads\/2026\/02\/baenk-bench-natural-3932c658d437b9cbc10e9c24bcc8e872.jpg\",\"width\":1024,\"height\":1024},{\"@type\":\"BreadcrumbList\",\"@id\":\"https:\/\/hubsch-interior.com\/de\/produkt\/baenk-bank-naturfarben\/#breadcrumb\",\"itemListElement\":[{\"@type\":\"ListItem\",\"position\":1,\"name\":\"Startseite\",\"item\":\"https:\/\/hubsch-interior.com\/de\/\"},{\"@type\":\"ListItem\",\"position\":2,\"name\":\"Produkte\",\"item\":\"https:\/\/hubsch-interior.com\/de\/shop-2\/\"},{\"@type\":\"ListItem\",\"position\":3,\"name\":\"M\u00f6bel\",\"item\":\"https:\/\/hubsch-interior.com\/de\/produkt-kategorie\/moebel\/\"},{\"@type\":\"ListItem\",\"position\":4,\"name\":\"Sitzm&ouml;bel\",\"item\":\"https:\/\/hubsch-interior.com\/de\/produkt-kategorie\/moebel\/sitzmoebel-de\/\"},{\"@type\":\"ListItem\",\"position\":5,\"name\":\"B&auml;nke\",\"item\":\"https:\/\/hubsch-interior.com\/de\/produkt-kategorie\/moebel\/sitzmoebel-de\/baenke-de\/\"},{\"@type\":\"ListItem\",\"position\":6,\"name\":\"Baenk Bank Naturfarben\"}]},{\"@type\":\"WebSite\",\"@id\":\"https:\/\/hubsch-interior.com\/de\/#website\",\"url\":\"https:\/\/hubsch-interior.com\/de\/\",\"name\":\"H\u00fcbsch\",\"description\":\"Danish Home Interior and Design\",\"publisher\":{\"@id\":\"https:\/\/hubsch-interior.com\/de\/#organization\"},\"potentialAction\":[{\"@type\":\"SearchAction\",\"target\":{\"@type\":\"EntryPoint\",\"urlTemplate\":\"https:\/\/hubsch-interior.com\/de\/?s={search_term_string}\"},\"query-input\":{\"@type\":\"PropertyValueSpecification\",\"valueRequired\":true,\"valueName\":\"search_term_string\"}}],\"inLanguage\":\"de\"},{\"@type\":\"Organization\",\"@id\":\"https:\/\/hubsch-interior.com\/de\/#organization\",\"name\":\"H\u00fcbsch\",\"url\":\"https:\/\/hubsch-interior.com\/de\/\",\"logo\":{\"@type\":\"ImageObject\",\"inLanguage\":\"de\",\"@id\":\"https:\/\/hubsch-interior.com\/de\/#\/schema\/logo\/image\/\",\"url\":\"https:\/\/hubsch-interior.com\/wp-content\/uploads\/2022\/12\/Hubsch_logo_black_one_line.svg\",\"contentUrl\":\"https:\/\/hubsch-interior.com\/wp-content\/uploads\/2022\/12\/Hubsch_logo_black_one_line.svg\",\"caption\":\"H\u00fcbsch\"},\"image\":{\"@id\":\"https:\/\/hubsch-interior.com\/de\/#\/schema\/logo\/image\/\"}}]}<\/script>\n<!-- \/ Yoast SEO plugin. -->","yoast_head_json":{"title":"Baenk Bank Naturfarben - H\u00fcbsch","description":"Geschaffen f\u00fcr das Zusammenkommen, geformt f\u00fcr das Zusammengeh\u00f6rigkeitsgef\u00fchl. Die Baenk Bank bringt durch ihre ruhige Kraft und nat\u00fcrliche W\u00e4rme eine","robots":{"index":"index","follow":"follow","max-snippet":"max-snippet:-1","max-image-preview":"max-image-preview:large","max-video-preview":"max-video-preview:-1"},"canonical":"https:\/\/hubsch-interior.com\/de\/wp-json\/wp\/v2\/product\/1088265","og_locale":"de_DE","og_type":"article","og_title":"Baenk Bank Naturfarben - H\u00fcbsch","og_description":"Geschaffen f\u00fcr das Zusammenkommen, geformt f\u00fcr das Zusammengeh\u00f6rigkeitsgef\u00fchl. Die Baenk Bank bringt durch ihre ruhige Kraft und nat\u00fcrliche W\u00e4rme eine","og_url":"https:\/\/hubsch-interior.com\/de\/produkt\/baenk-bank-naturfarben\/","og_site_name":"H\u00fcbsch","article_modified_time":"2026-04-05T03:01:28+00:00","og_image":[{"width":1024,"height":1024,"url":"https:\/\/hubsch-interior.com\/wp-content\/uploads\/2026\/02\/baenk-bench-natural-3932c658d437b9cbc10e9c24bcc8e872.jpg","type":"image\/jpeg"}],"twitter_card":"summary_large_image","twitter_misc":{"Gesch\u00e4tzte Lesezeit":"1\u00a0Minute"},"schema":{"@context":"https:\/\/schema.org","@graph":[{"@type":"WebPage","@id":"https:\/\/hubsch-interior.com\/de\/produkt\/baenk-bank-naturfarben\/","url":"https:\/\/hubsch-interior.com\/de\/produkt\/baenk-bank-naturfarben\/","name":"Baenk Bank Naturfarben - H\u00fcbsch","isPartOf":{"@id":"https:\/\/hubsch-interior.com\/de\/#website"},"primaryImageOfPage":{"@id":"https:\/\/hubsch-interior.com\/de\/produkt\/baenk-bank-naturfarben\/#primaryimage"},"image":{"@id":"https:\/\/hubsch-interior.com\/de\/produkt\/baenk-bank-naturfarben\/#primaryimage"},"thumbnailUrl":"https:\/\/hubsch-interior.com\/wp-content\/uploads\/2026\/02\/baenk-bench-natural-3932c658d437b9cbc10e9c24bcc8e872.jpg","datePublished":"2026-01-31T03:39:56+00:00","dateModified":"2026-04-05T03:01:28+00:00","description":"Geschaffen f\u00fcr das Zusammenkommen, geformt f\u00fcr das Zusammengeh\u00f6rigkeitsgef\u00fchl. Die Baenk Bank bringt durch ihre ruhige Kraft und nat\u00fcrliche W\u00e4rme eine","breadcrumb":{"@id":"https:\/\/hubsch-interior.com\/de\/produkt\/baenk-bank-naturfarben\/#breadcrumb"},"inLanguage":"de","potentialAction":[{"@type":"ReadAction","target":["https:\/\/hubsch-interior.com\/de\/produkt\/baenk-bank-naturfarben\/"]}]},{"@type":"ImageObject","inLanguage":"de","@id":"https:\/\/hubsch-interior.com\/de\/produkt\/baenk-bank-naturfarben\/#primaryimage","url":"https:\/\/hubsch-interior.com\/wp-content\/uploads\/2026\/02\/baenk-bench-natural-3932c658d437b9cbc10e9c24bcc8e872.jpg","contentUrl":"https:\/\/hubsch-interior.com\/wp-content\/uploads\/2026\/02\/baenk-bench-natural-3932c658d437b9cbc10e9c24bcc8e872.jpg","width":1024,"height":1024},{"@type":"BreadcrumbList","@id":"https:\/\/hubsch-interior.com\/de\/produkt\/baenk-bank-naturfarben\/#breadcrumb","itemListElement":[{"@type":"ListItem","position":1,"name":"Startseite","item":"https:\/\/hubsch-interior.com\/de\/"},{"@type":"ListItem","position":2,"name":"Produkte","item":"https:\/\/hubsch-interior.com\/de\/shop-2\/"},{"@type":"ListItem","position":3,"name":"M\u00f6bel","item":"https:\/\/hubsch-interior.com\/de\/produkt-kategorie\/moebel\/"},{"@type":"ListItem","position":4,"name":"Sitzm&ouml;bel","item":"https:\/\/hubsch-interior.com\/de\/produkt-kategorie\/moebel\/sitzmoebel-de\/"},{"@type":"ListItem","position":5,"name":"B&auml;nke","item":"https:\/\/hubsch-interior.com\/de\/produkt-kategorie\/moebel\/sitzmoebel-de\/baenke-de\/"},{"@type":"ListItem","position":6,"name":"Baenk Bank Naturfarben"}]},{"@type":"WebSite","@id":"https:\/\/hubsch-interior.com\/de\/#website","url":"https:\/\/hubsch-interior.com\/de\/","name":"H\u00fcbsch","description":"Danish Home Interior and Design","publisher":{"@id":"https:\/\/hubsch-interior.com\/de\/#organization"},"potentialAction":[{"@type":"SearchAction","target":{"@type":"EntryPoint","urlTemplate":"https:\/\/hubsch-interior.com\/de\/?s={search_term_string}"},"query-input":{"@type":"PropertyValueSpecification","valueRequired":true,"valueName":"search_term_string"}}],"inLanguage":"de"},{"@type":"Organization","@id":"https:\/\/hubsch-interior.com\/de\/#organization","name":"H\u00fcbsch","url":"https:\/\/hubsch-interior.com\/de\/","logo":{"@type":"ImageObject","inLanguage":"de","@id":"https:\/\/hubsch-interior.com\/de\/#\/schema\/logo\/image\/","url":"https:\/\/hubsch-interior.com\/wp-content\/uploads\/2022\/12\/Hubsch_logo_black_one_line.svg","contentUrl":"https:\/\/hubsch-interior.com\/wp-content\/uploads\/2022\/12\/Hubsch_logo_black_one_line.svg","caption":"H\u00fcbsch"},"image":{"@id":"https:\/\/hubsch-interior.com\/de\/#\/schema\/logo\/image\/"}}]}},"_links":{"self":[{"href":"https:\/\/hubsch-interior.com\/de\/wp-json\/wp\/v2\/product\/1088265","targetHints":{"allow":["GET"]}}],"collection":[{"href":"https:\/\/hubsch-interior.com\/de\/wp-json\/wp\/v2\/product"}],"about":[{"href":"https:\/\/hubsch-interior.com\/de\/wp-json\/wp\/v2\/types\/product"}],"wp:featuredmedia":[{"embeddable":true,"href":"https:\/\/hubsch-interior.com\/de\/wp-json\/wp\/v2\/media\/1105461"}],"wp:attachment":[{"href":"https:\/\/hubsch-interior.com\/de\/wp-json\/wp\/v2\/media?parent=1088265"}],"wp:term":[{"taxonomy":"product_brand","embeddable":true,"href":"https:\/\/hubsch-interior.com\/de\/wp-json\/wp\/v2\/product_brand?post=1088265"},{"taxonomy":"product_cat","embeddable":true,"href":"https:\/\/hubsch-interior.com\/de\/wp-json\/wp\/v2\/product_cat?post=1088265"},{"taxonomy":"product_tag","embeddable":true,"href":"https:\/\/hubsch-interior.com\/de\/wp-json\/wp\/v2\/product_tag?post=1088265"}],"curies":[{"name":"wp","href":"https:\/\/api.w.org\/{rel}","templated":true}]}}