{"id":1088309,"date":"2026-01-31T04:40:22","date_gmt":"2026-01-31T03:40:22","guid":{"rendered":"https:\/\/hubsch-interior.com\/product\/product\/"},"modified":"2026-04-05T05:01:35","modified_gmt":"2026-04-05T03:01:35","slug":"motif-couchtisch-multifarben","status":"publish","type":"product","link":"https:\/\/hubsch-interior.com\/de\/produkt\/motif-couchtisch-multifarben\/","title":{"rendered":"Motif Couchtisch \u00a0Multifarben"},"content":{"rendered":"<p>Ein Tisch, der Akzente setzt \u2013 und die Stimmung bestimmt. Der Motif Couchtisch verbindet spielerische Fliesen mit warmem, nat\u00fcrlichem Holz und schafft so eine Oberfl\u00e4che, die gleicherma\u00dfen lebendig und bodenst\u00e4ndig wirkt. Sorgf\u00e4ltig gefertigt aus FSC-zertifizierten Materialien, ist er ebenso durchdacht wie auff\u00e4llig \u2013 ein Mittelpunkt f\u00fcr Kaffeepausen, kreative Gespr\u00e4che und stille Momente gleicherma\u00dfen. Eine Feier der Farbe, des Handwerks und der Verbindung \u2013 alles in einem fr\u00f6hlichen Design.<\/p>\n","protected":false},"excerpt":{"rendered":"<p>Ein Tisch, der Akzente setzt \u2013 und die Stimmung bestimmt. Der Motif Couchtisch verbindet spielerische Fliesen mit warmem, nat\u00fcrlichem Holz und schafft so eine Oberfl\u00e4che, die gleicherma\u00dfen lebendig und bodenst\u00e4ndig wirkt. Sorgf\u00e4ltig gefertigt aus FSC-zertifizierten Materialien, ist er ebenso durchdacht wie auff\u00e4llig \u2013 ein Mittelpunkt f\u00fcr Kaffeepausen, kreative Gespr\u00e4che und stille Momente gleicherma\u00dfen. Eine Feier [&hellip;]<\/p>\n","protected":false},"featured_media":1105509,"template":"","meta":{"_acf_changed":false,"inline_featured_image":false},"product_brand":[],"product_cat":[7155,6323,5047,2874,2861],"product_tag":[],"class_list":{"0":"post-1088309","1":"product","2":"type-product","3":"status-publish","4":"has-post-thumbnail","6":"product_cat-dweller-de","7":"product_cat-fsc-de","8":"product_cat-neuheiten-de","9":"product_cat-sofatische-de","10":"product_cat-tische-de","11":"product_shipping_class-p10","13":"pa_color-multifarben-2","14":"pa_material-eichenfurnier","15":"pa_material-eichenholz","16":"pa_material-fliesen","17":"pa_material-mdf-de","19":"first","20":"instock","21":"taxable","22":"shipping-taxable","23":"purchasable","24":"product-type-simple"},"exclude_global_add_ons":[],"addons":[],"acf":[],"yoast_head":"<!-- This site is optimized with the Yoast SEO plugin v26.4 - https:\/\/yoast.com\/wordpress\/plugins\/seo\/ -->\n<title>Motif Couchtisch \u00a0Multifarben - H\u00fcbsch<\/title>\n<meta name=\"description\" content=\"Ein Tisch, der Akzente setzt \u2013 und die Stimmung bestimmt. Der Motif Couchtisch verbindet spielerische Fliesen mit warmem, nat\u00fcrlichem Holz und schafft so\" \/>\n<meta name=\"robots\" content=\"index, follow, max-snippet:-1, max-image-preview:large, max-video-preview:-1\" \/>\n<link rel=\"canonical\" href=\"https:\/\/hubsch-interior.com\/de\/wp-json\/wp\/v2\/product\/1088309\" \/>\n<meta property=\"og:locale\" content=\"de_DE\" \/>\n<meta property=\"og:type\" content=\"article\" \/>\n<meta property=\"og:title\" content=\"Motif Couchtisch \u00a0Multifarben - H\u00fcbsch\" \/>\n<meta property=\"og:description\" content=\"Ein Tisch, der Akzente setzt \u2013 und die Stimmung bestimmt. Der Motif Couchtisch verbindet spielerische Fliesen mit warmem, nat\u00fcrlichem Holz und schafft so\" \/>\n<meta property=\"og:url\" content=\"https:\/\/hubsch-interior.com\/de\/produkt\/motif-couchtisch-multifarben\/\" \/>\n<meta property=\"og:site_name\" content=\"H\u00fcbsch\" \/>\n<meta property=\"article:modified_time\" content=\"2026-04-05T03:01:35+00:00\" \/>\n<meta property=\"og:image\" content=\"https:\/\/hubsch-interior.com\/wp-content\/uploads\/2026\/01\/motif-coffee-table-multicolour-78279d585e691004714fb8442412862f.jpg\" \/>\n\t<meta property=\"og:image:width\" content=\"1200\" \/>\n\t<meta property=\"og:image:height\" content=\"1200\" \/>\n\t<meta property=\"og:image:type\" content=\"image\/jpeg\" \/>\n<meta name=\"twitter:card\" content=\"summary_large_image\" \/>\n<script type=\"application\/ld+json\" class=\"yoast-schema-graph\">{\"@context\":\"https:\/\/schema.org\",\"@graph\":[{\"@type\":\"WebPage\",\"@id\":\"https:\/\/hubsch-interior.com\/de\/produkt\/motif-couchtisch-multifarben\/\",\"url\":\"https:\/\/hubsch-interior.com\/de\/produkt\/motif-couchtisch-multifarben\/\",\"name\":\"Motif Couchtisch \u00a0Multifarben - H\u00fcbsch\",\"isPartOf\":{\"@id\":\"https:\/\/hubsch-interior.com\/de\/#website\"},\"primaryImageOfPage\":{\"@id\":\"https:\/\/hubsch-interior.com\/de\/produkt\/motif-couchtisch-multifarben\/#primaryimage\"},\"image\":{\"@id\":\"https:\/\/hubsch-interior.com\/de\/produkt\/motif-couchtisch-multifarben\/#primaryimage\"},\"thumbnailUrl\":\"https:\/\/hubsch-interior.com\/wp-content\/uploads\/2026\/02\/motif-coffee-table-multicolour-0b7eb48c5b375095a144e7c0f01a50f1.jpg\",\"datePublished\":\"2026-01-31T03:40:22+00:00\",\"dateModified\":\"2026-04-05T03:01:35+00:00\",\"description\":\"Ein Tisch, der Akzente setzt \u2013 und die Stimmung bestimmt. Der Motif Couchtisch verbindet spielerische Fliesen mit warmem, nat\u00fcrlichem Holz und schafft so\",\"breadcrumb\":{\"@id\":\"https:\/\/hubsch-interior.com\/de\/produkt\/motif-couchtisch-multifarben\/#breadcrumb\"},\"inLanguage\":\"de\",\"potentialAction\":[{\"@type\":\"ReadAction\",\"target\":[\"https:\/\/hubsch-interior.com\/de\/produkt\/motif-couchtisch-multifarben\/\"]}]},{\"@type\":\"ImageObject\",\"inLanguage\":\"de\",\"@id\":\"https:\/\/hubsch-interior.com\/de\/produkt\/motif-couchtisch-multifarben\/#primaryimage\",\"url\":\"https:\/\/hubsch-interior.com\/wp-content\/uploads\/2026\/02\/motif-coffee-table-multicolour-0b7eb48c5b375095a144e7c0f01a50f1.jpg\",\"contentUrl\":\"https:\/\/hubsch-interior.com\/wp-content\/uploads\/2026\/02\/motif-coffee-table-multicolour-0b7eb48c5b375095a144e7c0f01a50f1.jpg\",\"width\":1024,\"height\":1024},{\"@type\":\"BreadcrumbList\",\"@id\":\"https:\/\/hubsch-interior.com\/de\/produkt\/motif-couchtisch-multifarben\/#breadcrumb\",\"itemListElement\":[{\"@type\":\"ListItem\",\"position\":1,\"name\":\"Startseite\",\"item\":\"https:\/\/hubsch-interior.com\/de\/\"},{\"@type\":\"ListItem\",\"position\":2,\"name\":\"Produkte\",\"item\":\"https:\/\/hubsch-interior.com\/de\/shop-2\/\"},{\"@type\":\"ListItem\",\"position\":3,\"name\":\"Motif Couchtisch \u00a0Multifarben\"}]},{\"@type\":\"WebSite\",\"@id\":\"https:\/\/hubsch-interior.com\/de\/#website\",\"url\":\"https:\/\/hubsch-interior.com\/de\/\",\"name\":\"H\u00fcbsch\",\"description\":\"Danish Home Interior and Design\",\"publisher\":{\"@id\":\"https:\/\/hubsch-interior.com\/de\/#organization\"},\"potentialAction\":[{\"@type\":\"SearchAction\",\"target\":{\"@type\":\"EntryPoint\",\"urlTemplate\":\"https:\/\/hubsch-interior.com\/de\/?s={search_term_string}\"},\"query-input\":{\"@type\":\"PropertyValueSpecification\",\"valueRequired\":true,\"valueName\":\"search_term_string\"}}],\"inLanguage\":\"de\"},{\"@type\":\"Organization\",\"@id\":\"https:\/\/hubsch-interior.com\/de\/#organization\",\"name\":\"H\u00fcbsch\",\"url\":\"https:\/\/hubsch-interior.com\/de\/\",\"logo\":{\"@type\":\"ImageObject\",\"inLanguage\":\"de\",\"@id\":\"https:\/\/hubsch-interior.com\/de\/#\/schema\/logo\/image\/\",\"url\":\"https:\/\/hubsch-interior.com\/wp-content\/uploads\/2022\/12\/Hubsch_logo_black_one_line.svg\",\"contentUrl\":\"https:\/\/hubsch-interior.com\/wp-content\/uploads\/2022\/12\/Hubsch_logo_black_one_line.svg\",\"caption\":\"H\u00fcbsch\"},\"image\":{\"@id\":\"https:\/\/hubsch-interior.com\/de\/#\/schema\/logo\/image\/\"}}]}<\/script>\n<!-- \/ Yoast SEO plugin. -->","yoast_head_json":{"title":"Motif Couchtisch \u00a0Multifarben - H\u00fcbsch","description":"Ein Tisch, der Akzente setzt \u2013 und die Stimmung bestimmt. Der Motif Couchtisch verbindet spielerische Fliesen mit warmem, nat\u00fcrlichem Holz und schafft so","robots":{"index":"index","follow":"follow","max-snippet":"max-snippet:-1","max-image-preview":"max-image-preview:large","max-video-preview":"max-video-preview:-1"},"canonical":"https:\/\/hubsch-interior.com\/de\/wp-json\/wp\/v2\/product\/1088309","og_locale":"de_DE","og_type":"article","og_title":"Motif Couchtisch \u00a0Multifarben - H\u00fcbsch","og_description":"Ein Tisch, der Akzente setzt \u2013 und die Stimmung bestimmt. Der Motif Couchtisch verbindet spielerische Fliesen mit warmem, nat\u00fcrlichem Holz und schafft so","og_url":"https:\/\/hubsch-interior.com\/de\/produkt\/motif-couchtisch-multifarben\/","og_site_name":"H\u00fcbsch","article_modified_time":"2026-04-05T03:01:35+00:00","og_image":[{"width":1200,"height":1200,"url":"https:\/\/hubsch-interior.com\/wp-content\/uploads\/2026\/01\/motif-coffee-table-multicolour-78279d585e691004714fb8442412862f.jpg","type":"image\/jpeg"}],"twitter_card":"summary_large_image","schema":{"@context":"https:\/\/schema.org","@graph":[{"@type":"WebPage","@id":"https:\/\/hubsch-interior.com\/de\/produkt\/motif-couchtisch-multifarben\/","url":"https:\/\/hubsch-interior.com\/de\/produkt\/motif-couchtisch-multifarben\/","name":"Motif Couchtisch \u00a0Multifarben - H\u00fcbsch","isPartOf":{"@id":"https:\/\/hubsch-interior.com\/de\/#website"},"primaryImageOfPage":{"@id":"https:\/\/hubsch-interior.com\/de\/produkt\/motif-couchtisch-multifarben\/#primaryimage"},"image":{"@id":"https:\/\/hubsch-interior.com\/de\/produkt\/motif-couchtisch-multifarben\/#primaryimage"},"thumbnailUrl":"https:\/\/hubsch-interior.com\/wp-content\/uploads\/2026\/02\/motif-coffee-table-multicolour-0b7eb48c5b375095a144e7c0f01a50f1.jpg","datePublished":"2026-01-31T03:40:22+00:00","dateModified":"2026-04-05T03:01:35+00:00","description":"Ein Tisch, der Akzente setzt \u2013 und die Stimmung bestimmt. Der Motif Couchtisch verbindet spielerische Fliesen mit warmem, nat\u00fcrlichem Holz und schafft so","breadcrumb":{"@id":"https:\/\/hubsch-interior.com\/de\/produkt\/motif-couchtisch-multifarben\/#breadcrumb"},"inLanguage":"de","potentialAction":[{"@type":"ReadAction","target":["https:\/\/hubsch-interior.com\/de\/produkt\/motif-couchtisch-multifarben\/"]}]},{"@type":"ImageObject","inLanguage":"de","@id":"https:\/\/hubsch-interior.com\/de\/produkt\/motif-couchtisch-multifarben\/#primaryimage","url":"https:\/\/hubsch-interior.com\/wp-content\/uploads\/2026\/02\/motif-coffee-table-multicolour-0b7eb48c5b375095a144e7c0f01a50f1.jpg","contentUrl":"https:\/\/hubsch-interior.com\/wp-content\/uploads\/2026\/02\/motif-coffee-table-multicolour-0b7eb48c5b375095a144e7c0f01a50f1.jpg","width":1024,"height":1024},{"@type":"BreadcrumbList","@id":"https:\/\/hubsch-interior.com\/de\/produkt\/motif-couchtisch-multifarben\/#breadcrumb","itemListElement":[{"@type":"ListItem","position":1,"name":"Startseite","item":"https:\/\/hubsch-interior.com\/de\/"},{"@type":"ListItem","position":2,"name":"Produkte","item":"https:\/\/hubsch-interior.com\/de\/shop-2\/"},{"@type":"ListItem","position":3,"name":"Motif Couchtisch \u00a0Multifarben"}]},{"@type":"WebSite","@id":"https:\/\/hubsch-interior.com\/de\/#website","url":"https:\/\/hubsch-interior.com\/de\/","name":"H\u00fcbsch","description":"Danish Home Interior and Design","publisher":{"@id":"https:\/\/hubsch-interior.com\/de\/#organization"},"potentialAction":[{"@type":"SearchAction","target":{"@type":"EntryPoint","urlTemplate":"https:\/\/hubsch-interior.com\/de\/?s={search_term_string}"},"query-input":{"@type":"PropertyValueSpecification","valueRequired":true,"valueName":"search_term_string"}}],"inLanguage":"de"},{"@type":"Organization","@id":"https:\/\/hubsch-interior.com\/de\/#organization","name":"H\u00fcbsch","url":"https:\/\/hubsch-interior.com\/de\/","logo":{"@type":"ImageObject","inLanguage":"de","@id":"https:\/\/hubsch-interior.com\/de\/#\/schema\/logo\/image\/","url":"https:\/\/hubsch-interior.com\/wp-content\/uploads\/2022\/12\/Hubsch_logo_black_one_line.svg","contentUrl":"https:\/\/hubsch-interior.com\/wp-content\/uploads\/2022\/12\/Hubsch_logo_black_one_line.svg","caption":"H\u00fcbsch"},"image":{"@id":"https:\/\/hubsch-interior.com\/de\/#\/schema\/logo\/image\/"}}]}},"_links":{"self":[{"href":"https:\/\/hubsch-interior.com\/de\/wp-json\/wp\/v2\/product\/1088309","targetHints":{"allow":["GET"]}}],"collection":[{"href":"https:\/\/hubsch-interior.com\/de\/wp-json\/wp\/v2\/product"}],"about":[{"href":"https:\/\/hubsch-interior.com\/de\/wp-json\/wp\/v2\/types\/product"}],"wp:featuredmedia":[{"embeddable":true,"href":"https:\/\/hubsch-interior.com\/de\/wp-json\/wp\/v2\/media\/1105509"}],"wp:attachment":[{"href":"https:\/\/hubsch-interior.com\/de\/wp-json\/wp\/v2\/media?parent=1088309"}],"wp:term":[{"taxonomy":"product_brand","embeddable":true,"href":"https:\/\/hubsch-interior.com\/de\/wp-json\/wp\/v2\/product_brand?post=1088309"},{"taxonomy":"product_cat","embeddable":true,"href":"https:\/\/hubsch-interior.com\/de\/wp-json\/wp\/v2\/product_cat?post=1088309"},{"taxonomy":"product_tag","embeddable":true,"href":"https:\/\/hubsch-interior.com\/de\/wp-json\/wp\/v2\/product_tag?post=1088309"}],"curies":[{"name":"wp","href":"https:\/\/api.w.org\/{rel}","templated":true}]}}