{"id":1088361,"date":"2026-01-31T04:40:49","date_gmt":"2026-01-31T03:40:49","guid":{"rendered":"https:\/\/hubsch-interior.com\/product\/product\/"},"modified":"2026-04-05T05:01:42","modified_gmt":"2026-04-05T03:01:42","slug":"long-regal-naturfarben","status":"publish","type":"product","link":"https:\/\/hubsch-interior.com\/de\/produkt\/long-regal-naturfarben\/","title":{"rendered":"Long Regal Naturfarben"},"content":{"rendered":"<p>Ein ruhiger Streifen Eiche, der mehr als nur Dinge tr\u00e4gt. Das Long Regal ist aus FSC-zertifizierter Eiche gefertigt und bringt W\u00e4rme, Struktur und ein Gef\u00fchl der Ruhe an Ihre W\u00e4nde. Seine gro\u00dfz\u00fcgige Breite bietet Platz f\u00fcr Sch\u00e4tze, gestapelte B\u00fccher oder Alltagsgegenst\u00e4nde \u2014 und h\u00e4lt dabei Ihre Umgebung wundersch\u00f6n organisiert. Mit seinem nat\u00fcrlichen Ton und dem wandmontierten Design f\u00fcgt es sich m\u00fchelos in Ihr Interieur ein. Ein Regal, das Ihren Dingen Raum gibt \u2014 und Ihrem Zuhause ein wenig Atemfreiheit.<\/p>\n","protected":false},"excerpt":{"rendered":"<p>Ein ruhiger Streifen Eiche, der mehr als nur Dinge tr\u00e4gt. Das Long Regal ist aus FSC-zertifizierter Eiche gefertigt und bringt W\u00e4rme, Struktur und ein Gef\u00fchl der Ruhe an Ihre W\u00e4nde. Seine gro\u00dfz\u00fcgige Breite bietet Platz f\u00fcr Sch\u00e4tze, gestapelte B\u00fccher oder Alltagsgegenst\u00e4nde \u2014 und h\u00e4lt dabei Ihre Umgebung wundersch\u00f6n organisiert. Mit seinem nat\u00fcrlichen Ton und dem [&hellip;]<\/p>\n","protected":false},"featured_media":1105545,"template":"","meta":{"_acf_changed":false,"inline_featured_image":false},"product_brand":[],"product_cat":[7155,4003,4012,5027],"product_tag":[],"class_list":{"0":"post-1088361","1":"product","2":"type-product","3":"status-publish","4":"has-post-thumbnail","6":"product_cat-dweller-de","7":"product_cat-regale-aufbewahrung-de","8":"product_cat-regale-de","9":"product_cat-bestsellers-de","10":"product_shipping_class-p05","12":"pa_color-naturfarben-2","13":"pa_material-mdf-de","14":"pa_material-eichenfurnier","15":"pa_material-eichenholz","17":"first","18":"outofstock","19":"featured","20":"taxable","21":"shipping-taxable","22":"purchasable","23":"product-type-simple"},"exclude_global_add_ons":[],"addons":[],"acf":[],"yoast_head":"<!-- This site is optimized with the Yoast SEO plugin v26.4 - https:\/\/yoast.com\/wordpress\/plugins\/seo\/ -->\n<title>Long Regal Naturfarben - H\u00fcbsch<\/title>\n<meta name=\"description\" content=\"Ein ruhiger Streifen Eiche, der mehr als nur Dinge tr\u00e4gt. Das Long Regal ist aus FSC-zertifizierter Eiche gefertigt und bringt W\u00e4rme, Struktur und ein\" \/>\n<meta name=\"robots\" content=\"index, follow, max-snippet:-1, max-image-preview:large, max-video-preview:-1\" \/>\n<link rel=\"canonical\" href=\"https:\/\/hubsch-interior.com\/de\/wp-json\/wp\/v2\/product\/1088361\" \/>\n<meta property=\"og:locale\" content=\"de_DE\" \/>\n<meta property=\"og:type\" content=\"article\" \/>\n<meta property=\"og:title\" content=\"Long Regal Naturfarben - H\u00fcbsch\" \/>\n<meta property=\"og:description\" content=\"Ein ruhiger Streifen Eiche, der mehr als nur Dinge tr\u00e4gt. Das Long Regal ist aus FSC-zertifizierter Eiche gefertigt und bringt W\u00e4rme, Struktur und ein\" \/>\n<meta property=\"og:url\" content=\"https:\/\/hubsch-interior.com\/de\/produkt\/long-regal-naturfarben\/\" \/>\n<meta property=\"og:site_name\" content=\"H\u00fcbsch\" \/>\n<meta property=\"article:modified_time\" content=\"2026-04-05T03:01:42+00:00\" \/>\n<meta property=\"og:image\" content=\"https:\/\/hubsch-interior.com\/wp-content\/uploads\/2026\/02\/long-shelf-unit-natural-1ffca2e97540d8159c6807df34a47f03.jpg\" \/>\n\t<meta property=\"og:image:width\" content=\"1024\" \/>\n\t<meta property=\"og:image:height\" content=\"1024\" \/>\n\t<meta property=\"og:image:type\" content=\"image\/jpeg\" \/>\n<meta name=\"twitter:card\" content=\"summary_large_image\" \/>\n<script type=\"application\/ld+json\" class=\"yoast-schema-graph\">{\"@context\":\"https:\/\/schema.org\",\"@graph\":[{\"@type\":\"WebPage\",\"@id\":\"https:\/\/hubsch-interior.com\/de\/produkt\/long-regal-naturfarben\/\",\"url\":\"https:\/\/hubsch-interior.com\/de\/produkt\/long-regal-naturfarben\/\",\"name\":\"Long Regal Naturfarben - H\u00fcbsch\",\"isPartOf\":{\"@id\":\"https:\/\/hubsch-interior.com\/de\/#website\"},\"primaryImageOfPage\":{\"@id\":\"https:\/\/hubsch-interior.com\/de\/produkt\/long-regal-naturfarben\/#primaryimage\"},\"image\":{\"@id\":\"https:\/\/hubsch-interior.com\/de\/produkt\/long-regal-naturfarben\/#primaryimage\"},\"thumbnailUrl\":\"https:\/\/hubsch-interior.com\/wp-content\/uploads\/2026\/02\/long-shelf-unit-natural-1ffca2e97540d8159c6807df34a47f03.jpg\",\"datePublished\":\"2026-01-31T03:40:49+00:00\",\"dateModified\":\"2026-04-05T03:01:42+00:00\",\"description\":\"Ein ruhiger Streifen Eiche, der mehr als nur Dinge tr\u00e4gt. Das Long Regal ist aus FSC-zertifizierter Eiche gefertigt und bringt W\u00e4rme, Struktur und ein\",\"breadcrumb\":{\"@id\":\"https:\/\/hubsch-interior.com\/de\/produkt\/long-regal-naturfarben\/#breadcrumb\"},\"inLanguage\":\"de\",\"potentialAction\":[{\"@type\":\"ReadAction\",\"target\":[\"https:\/\/hubsch-interior.com\/de\/produkt\/long-regal-naturfarben\/\"]}]},{\"@type\":\"ImageObject\",\"inLanguage\":\"de\",\"@id\":\"https:\/\/hubsch-interior.com\/de\/produkt\/long-regal-naturfarben\/#primaryimage\",\"url\":\"https:\/\/hubsch-interior.com\/wp-content\/uploads\/2026\/02\/long-shelf-unit-natural-1ffca2e97540d8159c6807df34a47f03.jpg\",\"contentUrl\":\"https:\/\/hubsch-interior.com\/wp-content\/uploads\/2026\/02\/long-shelf-unit-natural-1ffca2e97540d8159c6807df34a47f03.jpg\",\"width\":1024,\"height\":1024},{\"@type\":\"BreadcrumbList\",\"@id\":\"https:\/\/hubsch-interior.com\/de\/produkt\/long-regal-naturfarben\/#breadcrumb\",\"itemListElement\":[{\"@type\":\"ListItem\",\"position\":1,\"name\":\"Startseite\",\"item\":\"https:\/\/hubsch-interior.com\/de\/\"},{\"@type\":\"ListItem\",\"position\":2,\"name\":\"Produkte\",\"item\":\"https:\/\/hubsch-interior.com\/de\/shop-2\/\"},{\"@type\":\"ListItem\",\"position\":3,\"name\":\"M\u00f6bel\",\"item\":\"https:\/\/hubsch-interior.com\/de\/produkt-kategorie\/moebel\/\"},{\"@type\":\"ListItem\",\"position\":4,\"name\":\"Regale &amp; Aufbewahrung\",\"item\":\"https:\/\/hubsch-interior.com\/de\/produkt-kategorie\/moebel\/regale-aufbewahrung-de\/\"},{\"@type\":\"ListItem\",\"position\":5,\"name\":\"Regale\",\"item\":\"https:\/\/hubsch-interior.com\/de\/produkt-kategorie\/moebel\/regale-aufbewahrung-de\/regale-de\/\"},{\"@type\":\"ListItem\",\"position\":6,\"name\":\"Long Regal Naturfarben\"}]},{\"@type\":\"WebSite\",\"@id\":\"https:\/\/hubsch-interior.com\/de\/#website\",\"url\":\"https:\/\/hubsch-interior.com\/de\/\",\"name\":\"H\u00fcbsch\",\"description\":\"Danish Home Interior and Design\",\"publisher\":{\"@id\":\"https:\/\/hubsch-interior.com\/de\/#organization\"},\"potentialAction\":[{\"@type\":\"SearchAction\",\"target\":{\"@type\":\"EntryPoint\",\"urlTemplate\":\"https:\/\/hubsch-interior.com\/de\/?s={search_term_string}\"},\"query-input\":{\"@type\":\"PropertyValueSpecification\",\"valueRequired\":true,\"valueName\":\"search_term_string\"}}],\"inLanguage\":\"de\"},{\"@type\":\"Organization\",\"@id\":\"https:\/\/hubsch-interior.com\/de\/#organization\",\"name\":\"H\u00fcbsch\",\"url\":\"https:\/\/hubsch-interior.com\/de\/\",\"logo\":{\"@type\":\"ImageObject\",\"inLanguage\":\"de\",\"@id\":\"https:\/\/hubsch-interior.com\/de\/#\/schema\/logo\/image\/\",\"url\":\"https:\/\/hubsch-interior.com\/wp-content\/uploads\/2022\/12\/Hubsch_logo_black_one_line.svg\",\"contentUrl\":\"https:\/\/hubsch-interior.com\/wp-content\/uploads\/2022\/12\/Hubsch_logo_black_one_line.svg\",\"caption\":\"H\u00fcbsch\"},\"image\":{\"@id\":\"https:\/\/hubsch-interior.com\/de\/#\/schema\/logo\/image\/\"}}]}<\/script>\n<!-- \/ Yoast SEO plugin. -->","yoast_head_json":{"title":"Long Regal Naturfarben - H\u00fcbsch","description":"Ein ruhiger Streifen Eiche, der mehr als nur Dinge tr\u00e4gt. Das Long Regal ist aus FSC-zertifizierter Eiche gefertigt und bringt W\u00e4rme, Struktur und ein","robots":{"index":"index","follow":"follow","max-snippet":"max-snippet:-1","max-image-preview":"max-image-preview:large","max-video-preview":"max-video-preview:-1"},"canonical":"https:\/\/hubsch-interior.com\/de\/wp-json\/wp\/v2\/product\/1088361","og_locale":"de_DE","og_type":"article","og_title":"Long Regal Naturfarben - H\u00fcbsch","og_description":"Ein ruhiger Streifen Eiche, der mehr als nur Dinge tr\u00e4gt. Das Long Regal ist aus FSC-zertifizierter Eiche gefertigt und bringt W\u00e4rme, Struktur und ein","og_url":"https:\/\/hubsch-interior.com\/de\/produkt\/long-regal-naturfarben\/","og_site_name":"H\u00fcbsch","article_modified_time":"2026-04-05T03:01:42+00:00","og_image":[{"width":1024,"height":1024,"url":"https:\/\/hubsch-interior.com\/wp-content\/uploads\/2026\/02\/long-shelf-unit-natural-1ffca2e97540d8159c6807df34a47f03.jpg","type":"image\/jpeg"}],"twitter_card":"summary_large_image","schema":{"@context":"https:\/\/schema.org","@graph":[{"@type":"WebPage","@id":"https:\/\/hubsch-interior.com\/de\/produkt\/long-regal-naturfarben\/","url":"https:\/\/hubsch-interior.com\/de\/produkt\/long-regal-naturfarben\/","name":"Long Regal Naturfarben - H\u00fcbsch","isPartOf":{"@id":"https:\/\/hubsch-interior.com\/de\/#website"},"primaryImageOfPage":{"@id":"https:\/\/hubsch-interior.com\/de\/produkt\/long-regal-naturfarben\/#primaryimage"},"image":{"@id":"https:\/\/hubsch-interior.com\/de\/produkt\/long-regal-naturfarben\/#primaryimage"},"thumbnailUrl":"https:\/\/hubsch-interior.com\/wp-content\/uploads\/2026\/02\/long-shelf-unit-natural-1ffca2e97540d8159c6807df34a47f03.jpg","datePublished":"2026-01-31T03:40:49+00:00","dateModified":"2026-04-05T03:01:42+00:00","description":"Ein ruhiger Streifen Eiche, der mehr als nur Dinge tr\u00e4gt. Das Long Regal ist aus FSC-zertifizierter Eiche gefertigt und bringt W\u00e4rme, Struktur und ein","breadcrumb":{"@id":"https:\/\/hubsch-interior.com\/de\/produkt\/long-regal-naturfarben\/#breadcrumb"},"inLanguage":"de","potentialAction":[{"@type":"ReadAction","target":["https:\/\/hubsch-interior.com\/de\/produkt\/long-regal-naturfarben\/"]}]},{"@type":"ImageObject","inLanguage":"de","@id":"https:\/\/hubsch-interior.com\/de\/produkt\/long-regal-naturfarben\/#primaryimage","url":"https:\/\/hubsch-interior.com\/wp-content\/uploads\/2026\/02\/long-shelf-unit-natural-1ffca2e97540d8159c6807df34a47f03.jpg","contentUrl":"https:\/\/hubsch-interior.com\/wp-content\/uploads\/2026\/02\/long-shelf-unit-natural-1ffca2e97540d8159c6807df34a47f03.jpg","width":1024,"height":1024},{"@type":"BreadcrumbList","@id":"https:\/\/hubsch-interior.com\/de\/produkt\/long-regal-naturfarben\/#breadcrumb","itemListElement":[{"@type":"ListItem","position":1,"name":"Startseite","item":"https:\/\/hubsch-interior.com\/de\/"},{"@type":"ListItem","position":2,"name":"Produkte","item":"https:\/\/hubsch-interior.com\/de\/shop-2\/"},{"@type":"ListItem","position":3,"name":"M\u00f6bel","item":"https:\/\/hubsch-interior.com\/de\/produkt-kategorie\/moebel\/"},{"@type":"ListItem","position":4,"name":"Regale &amp; Aufbewahrung","item":"https:\/\/hubsch-interior.com\/de\/produkt-kategorie\/moebel\/regale-aufbewahrung-de\/"},{"@type":"ListItem","position":5,"name":"Regale","item":"https:\/\/hubsch-interior.com\/de\/produkt-kategorie\/moebel\/regale-aufbewahrung-de\/regale-de\/"},{"@type":"ListItem","position":6,"name":"Long Regal Naturfarben"}]},{"@type":"WebSite","@id":"https:\/\/hubsch-interior.com\/de\/#website","url":"https:\/\/hubsch-interior.com\/de\/","name":"H\u00fcbsch","description":"Danish Home Interior and Design","publisher":{"@id":"https:\/\/hubsch-interior.com\/de\/#organization"},"potentialAction":[{"@type":"SearchAction","target":{"@type":"EntryPoint","urlTemplate":"https:\/\/hubsch-interior.com\/de\/?s={search_term_string}"},"query-input":{"@type":"PropertyValueSpecification","valueRequired":true,"valueName":"search_term_string"}}],"inLanguage":"de"},{"@type":"Organization","@id":"https:\/\/hubsch-interior.com\/de\/#organization","name":"H\u00fcbsch","url":"https:\/\/hubsch-interior.com\/de\/","logo":{"@type":"ImageObject","inLanguage":"de","@id":"https:\/\/hubsch-interior.com\/de\/#\/schema\/logo\/image\/","url":"https:\/\/hubsch-interior.com\/wp-content\/uploads\/2022\/12\/Hubsch_logo_black_one_line.svg","contentUrl":"https:\/\/hubsch-interior.com\/wp-content\/uploads\/2022\/12\/Hubsch_logo_black_one_line.svg","caption":"H\u00fcbsch"},"image":{"@id":"https:\/\/hubsch-interior.com\/de\/#\/schema\/logo\/image\/"}}]}},"_links":{"self":[{"href":"https:\/\/hubsch-interior.com\/de\/wp-json\/wp\/v2\/product\/1088361","targetHints":{"allow":["GET"]}}],"collection":[{"href":"https:\/\/hubsch-interior.com\/de\/wp-json\/wp\/v2\/product"}],"about":[{"href":"https:\/\/hubsch-interior.com\/de\/wp-json\/wp\/v2\/types\/product"}],"wp:featuredmedia":[{"embeddable":true,"href":"https:\/\/hubsch-interior.com\/de\/wp-json\/wp\/v2\/media\/1105545"}],"wp:attachment":[{"href":"https:\/\/hubsch-interior.com\/de\/wp-json\/wp\/v2\/media?parent=1088361"}],"wp:term":[{"taxonomy":"product_brand","embeddable":true,"href":"https:\/\/hubsch-interior.com\/de\/wp-json\/wp\/v2\/product_brand?post=1088361"},{"taxonomy":"product_cat","embeddable":true,"href":"https:\/\/hubsch-interior.com\/de\/wp-json\/wp\/v2\/product_cat?post=1088361"},{"taxonomy":"product_tag","embeddable":true,"href":"https:\/\/hubsch-interior.com\/de\/wp-json\/wp\/v2\/product_tag?post=1088361"}],"curies":[{"name":"wp","href":"https:\/\/api.w.org\/{rel}","templated":true}]}}