{"id":1088405,"date":"2026-01-31T04:41:17","date_gmt":"2026-01-31T03:41:17","guid":{"rendered":"https:\/\/hubsch-interior.com\/product\/product\/"},"modified":"2026-04-05T05:01:55","modified_gmt":"2026-04-05T03:01:55","slug":"less-tablett-grun","status":"publish","type":"product","link":"https:\/\/hubsch-interior.com\/de\/produkt\/less-tablett-grun\/","title":{"rendered":"Less Tablett Gr\u00fcn"},"content":{"rendered":"<p>Ein Stillleben in sanftem Gr\u00fcn. Das Less Tablett erweckt Minimalismus zum Leben mit einem ruhigen Design, inspiriert von japanischer \u00c4sthetik \u2013 abgerundete Ecken, klare Linien und ein erfrischend gr\u00fcner Farbton, der dezent hervorsticht. Aus FSC-zertifiziertem Holz gefertigt, ist es sowohl umweltbewusst als auch durchdacht, perfekt zum Servieren, Sortieren oder einfach zum stilvollen Gestalten Ihres Raumes mit Absicht. Ein elegantes Alltagsobjekt, das die Einfachheit bemerkenswert macht.<\/p>\n","protected":false},"excerpt":{"rendered":"<p>Ein Stillleben in sanftem Gr\u00fcn. Das Less Tablett erweckt Minimalismus zum Leben mit einem ruhigen Design, inspiriert von japanischer \u00c4sthetik \u2013 abgerundete Ecken, klare Linien und ein erfrischend gr\u00fcner Farbton, der dezent hervorsticht. Aus FSC-zertifiziertem Holz gefertigt, ist es sowohl umweltbewusst als auch durchdacht, perfekt zum Servieren, Sortieren oder einfach zum stilvollen Gestalten Ihres Raumes [&hellip;]<\/p>\n","protected":false},"featured_media":1105589,"template":"","meta":{"_acf_changed":false,"inline_featured_image":false},"product_brand":[],"product_cat":[7155,6972,7040,7029,6323,4055,4056,5047,6519],"product_tag":[],"class_list":{"0":"post-1088405","1":"product","2":"type-product","3":"status-publish","4":"has-post-thumbnail","6":"product_cat-dweller-de","7":"product_cat-oster-sale","8":"product_cat-tabletts-de-tischgeschirr-de-2","9":"product_cat-tischgeschirr-de-2","10":"product_cat-fsc-de","11":"product_cat-kuechenzubehoer-de","12":"product_cat-tabletts-de","13":"product_cat-neuheiten-de","14":"product_cat-outlet-de","15":"product_shipping_class-pk","17":"pa_color-grn-2","18":"pa_material-eschefurnier","19":"pa_material-mdf-de","20":"pa_material-eschenholz","22":"first","23":"instock","24":"sale","25":"taxable","26":"shipping-taxable","27":"purchasable","28":"product-type-simple"},"exclude_global_add_ons":[],"addons":[],"acf":[],"yoast_head":"<!-- This site is optimized with the Yoast SEO plugin v26.4 - https:\/\/yoast.com\/wordpress\/plugins\/seo\/ -->\n<title>Less Tablett Gr\u00fcn - H\u00fcbsch<\/title>\n<meta name=\"description\" content=\"Ein Stillleben in sanftem Gr\u00fcn. Das Less Tablett erweckt Minimalismus zum Leben mit einem ruhigen Design, inspiriert von japanischer \u00c4sthetik \u2013\" \/>\n<meta name=\"robots\" content=\"index, follow, max-snippet:-1, max-image-preview:large, max-video-preview:-1\" \/>\n<link rel=\"canonical\" href=\"https:\/\/hubsch-interior.com\/de\/wp-json\/wp\/v2\/product\/1088405\" \/>\n<meta property=\"og:locale\" content=\"de_DE\" \/>\n<meta property=\"og:type\" content=\"article\" \/>\n<meta property=\"og:title\" content=\"Less Tablett Gr\u00fcn - H\u00fcbsch\" \/>\n<meta property=\"og:description\" content=\"Ein Stillleben in sanftem Gr\u00fcn. Das Less Tablett erweckt Minimalismus zum Leben mit einem ruhigen Design, inspiriert von japanischer \u00c4sthetik \u2013\" \/>\n<meta property=\"og:url\" content=\"https:\/\/hubsch-interior.com\/de\/produkt\/less-tablett-grun\/\" \/>\n<meta property=\"og:site_name\" content=\"H\u00fcbsch\" \/>\n<meta property=\"article:modified_time\" content=\"2026-04-05T03:01:55+00:00\" \/>\n<meta property=\"og:image\" content=\"https:\/\/hubsch-interior.com\/wp-content\/uploads\/2026\/01\/less-tray-green-73a99601bf4f00cd450e1c4e37021591.jpg\" \/>\n\t<meta property=\"og:image:width\" content=\"1200\" \/>\n\t<meta property=\"og:image:height\" content=\"1200\" \/>\n\t<meta property=\"og:image:type\" content=\"image\/jpeg\" \/>\n<meta name=\"twitter:card\" content=\"summary_large_image\" \/>\n<script type=\"application\/ld+json\" class=\"yoast-schema-graph\">{\"@context\":\"https:\/\/schema.org\",\"@graph\":[{\"@type\":\"WebPage\",\"@id\":\"https:\/\/hubsch-interior.com\/de\/produkt\/less-tablett-grun\/\",\"url\":\"https:\/\/hubsch-interior.com\/de\/produkt\/less-tablett-grun\/\",\"name\":\"Less Tablett Gr\u00fcn - H\u00fcbsch\",\"isPartOf\":{\"@id\":\"https:\/\/hubsch-interior.com\/de\/#website\"},\"primaryImageOfPage\":{\"@id\":\"https:\/\/hubsch-interior.com\/de\/produkt\/less-tablett-grun\/#primaryimage\"},\"image\":{\"@id\":\"https:\/\/hubsch-interior.com\/de\/produkt\/less-tablett-grun\/#primaryimage\"},\"thumbnailUrl\":\"https:\/\/hubsch-interior.com\/wp-content\/uploads\/2026\/02\/less-tray-green-9456993e67c70ef859d481570439f2f6.jpg\",\"datePublished\":\"2026-01-31T03:41:17+00:00\",\"dateModified\":\"2026-04-05T03:01:55+00:00\",\"description\":\"Ein Stillleben in sanftem Gr\u00fcn. Das Less Tablett erweckt Minimalismus zum Leben mit einem ruhigen Design, inspiriert von japanischer \u00c4sthetik \u2013\",\"breadcrumb\":{\"@id\":\"https:\/\/hubsch-interior.com\/de\/produkt\/less-tablett-grun\/#breadcrumb\"},\"inLanguage\":\"de\",\"potentialAction\":[{\"@type\":\"ReadAction\",\"target\":[\"https:\/\/hubsch-interior.com\/de\/produkt\/less-tablett-grun\/\"]}]},{\"@type\":\"ImageObject\",\"inLanguage\":\"de\",\"@id\":\"https:\/\/hubsch-interior.com\/de\/produkt\/less-tablett-grun\/#primaryimage\",\"url\":\"https:\/\/hubsch-interior.com\/wp-content\/uploads\/2026\/02\/less-tray-green-9456993e67c70ef859d481570439f2f6.jpg\",\"contentUrl\":\"https:\/\/hubsch-interior.com\/wp-content\/uploads\/2026\/02\/less-tray-green-9456993e67c70ef859d481570439f2f6.jpg\",\"width\":1024,\"height\":1024},{\"@type\":\"BreadcrumbList\",\"@id\":\"https:\/\/hubsch-interior.com\/de\/produkt\/less-tablett-grun\/#breadcrumb\",\"itemListElement\":[{\"@type\":\"ListItem\",\"position\":1,\"name\":\"Startseite\",\"item\":\"https:\/\/hubsch-interior.com\/de\/\"},{\"@type\":\"ListItem\",\"position\":2,\"name\":\"Produkte\",\"item\":\"https:\/\/hubsch-interior.com\/de\/shop-2\/\"},{\"@type\":\"ListItem\",\"position\":3,\"name\":\"K\u00fcche\",\"item\":\"https:\/\/hubsch-interior.com\/de\/produkt-kategorie\/kuche\/\"},{\"@type\":\"ListItem\",\"position\":4,\"name\":\"Tischgeschirr\",\"item\":\"https:\/\/hubsch-interior.com\/de\/produkt-kategorie\/kuche\/tischgeschirr-de-2\/\"},{\"@type\":\"ListItem\",\"position\":5,\"name\":\"Tabletts\",\"item\":\"https:\/\/hubsch-interior.com\/de\/produkt-kategorie\/kuche\/tischgeschirr-de-2\/tabletts-de-tischgeschirr-de-2\/\"},{\"@type\":\"ListItem\",\"position\":6,\"name\":\"Less Tablett Gr\u00fcn\"}]},{\"@type\":\"WebSite\",\"@id\":\"https:\/\/hubsch-interior.com\/de\/#website\",\"url\":\"https:\/\/hubsch-interior.com\/de\/\",\"name\":\"H\u00fcbsch\",\"description\":\"Danish Home Interior and Design\",\"publisher\":{\"@id\":\"https:\/\/hubsch-interior.com\/de\/#organization\"},\"potentialAction\":[{\"@type\":\"SearchAction\",\"target\":{\"@type\":\"EntryPoint\",\"urlTemplate\":\"https:\/\/hubsch-interior.com\/de\/?s={search_term_string}\"},\"query-input\":{\"@type\":\"PropertyValueSpecification\",\"valueRequired\":true,\"valueName\":\"search_term_string\"}}],\"inLanguage\":\"de\"},{\"@type\":\"Organization\",\"@id\":\"https:\/\/hubsch-interior.com\/de\/#organization\",\"name\":\"H\u00fcbsch\",\"url\":\"https:\/\/hubsch-interior.com\/de\/\",\"logo\":{\"@type\":\"ImageObject\",\"inLanguage\":\"de\",\"@id\":\"https:\/\/hubsch-interior.com\/de\/#\/schema\/logo\/image\/\",\"url\":\"https:\/\/hubsch-interior.com\/wp-content\/uploads\/2022\/12\/Hubsch_logo_black_one_line.svg\",\"contentUrl\":\"https:\/\/hubsch-interior.com\/wp-content\/uploads\/2022\/12\/Hubsch_logo_black_one_line.svg\",\"caption\":\"H\u00fcbsch\"},\"image\":{\"@id\":\"https:\/\/hubsch-interior.com\/de\/#\/schema\/logo\/image\/\"}}]}<\/script>\n<!-- \/ Yoast SEO plugin. -->","yoast_head_json":{"title":"Less Tablett Gr\u00fcn - H\u00fcbsch","description":"Ein Stillleben in sanftem Gr\u00fcn. Das Less Tablett erweckt Minimalismus zum Leben mit einem ruhigen Design, inspiriert von japanischer \u00c4sthetik \u2013","robots":{"index":"index","follow":"follow","max-snippet":"max-snippet:-1","max-image-preview":"max-image-preview:large","max-video-preview":"max-video-preview:-1"},"canonical":"https:\/\/hubsch-interior.com\/de\/wp-json\/wp\/v2\/product\/1088405","og_locale":"de_DE","og_type":"article","og_title":"Less Tablett Gr\u00fcn - H\u00fcbsch","og_description":"Ein Stillleben in sanftem Gr\u00fcn. Das Less Tablett erweckt Minimalismus zum Leben mit einem ruhigen Design, inspiriert von japanischer \u00c4sthetik \u2013","og_url":"https:\/\/hubsch-interior.com\/de\/produkt\/less-tablett-grun\/","og_site_name":"H\u00fcbsch","article_modified_time":"2026-04-05T03:01:55+00:00","og_image":[{"width":1200,"height":1200,"url":"https:\/\/hubsch-interior.com\/wp-content\/uploads\/2026\/01\/less-tray-green-73a99601bf4f00cd450e1c4e37021591.jpg","type":"image\/jpeg"}],"twitter_card":"summary_large_image","schema":{"@context":"https:\/\/schema.org","@graph":[{"@type":"WebPage","@id":"https:\/\/hubsch-interior.com\/de\/produkt\/less-tablett-grun\/","url":"https:\/\/hubsch-interior.com\/de\/produkt\/less-tablett-grun\/","name":"Less Tablett Gr\u00fcn - H\u00fcbsch","isPartOf":{"@id":"https:\/\/hubsch-interior.com\/de\/#website"},"primaryImageOfPage":{"@id":"https:\/\/hubsch-interior.com\/de\/produkt\/less-tablett-grun\/#primaryimage"},"image":{"@id":"https:\/\/hubsch-interior.com\/de\/produkt\/less-tablett-grun\/#primaryimage"},"thumbnailUrl":"https:\/\/hubsch-interior.com\/wp-content\/uploads\/2026\/02\/less-tray-green-9456993e67c70ef859d481570439f2f6.jpg","datePublished":"2026-01-31T03:41:17+00:00","dateModified":"2026-04-05T03:01:55+00:00","description":"Ein Stillleben in sanftem Gr\u00fcn. Das Less Tablett erweckt Minimalismus zum Leben mit einem ruhigen Design, inspiriert von japanischer \u00c4sthetik \u2013","breadcrumb":{"@id":"https:\/\/hubsch-interior.com\/de\/produkt\/less-tablett-grun\/#breadcrumb"},"inLanguage":"de","potentialAction":[{"@type":"ReadAction","target":["https:\/\/hubsch-interior.com\/de\/produkt\/less-tablett-grun\/"]}]},{"@type":"ImageObject","inLanguage":"de","@id":"https:\/\/hubsch-interior.com\/de\/produkt\/less-tablett-grun\/#primaryimage","url":"https:\/\/hubsch-interior.com\/wp-content\/uploads\/2026\/02\/less-tray-green-9456993e67c70ef859d481570439f2f6.jpg","contentUrl":"https:\/\/hubsch-interior.com\/wp-content\/uploads\/2026\/02\/less-tray-green-9456993e67c70ef859d481570439f2f6.jpg","width":1024,"height":1024},{"@type":"BreadcrumbList","@id":"https:\/\/hubsch-interior.com\/de\/produkt\/less-tablett-grun\/#breadcrumb","itemListElement":[{"@type":"ListItem","position":1,"name":"Startseite","item":"https:\/\/hubsch-interior.com\/de\/"},{"@type":"ListItem","position":2,"name":"Produkte","item":"https:\/\/hubsch-interior.com\/de\/shop-2\/"},{"@type":"ListItem","position":3,"name":"K\u00fcche","item":"https:\/\/hubsch-interior.com\/de\/produkt-kategorie\/kuche\/"},{"@type":"ListItem","position":4,"name":"Tischgeschirr","item":"https:\/\/hubsch-interior.com\/de\/produkt-kategorie\/kuche\/tischgeschirr-de-2\/"},{"@type":"ListItem","position":5,"name":"Tabletts","item":"https:\/\/hubsch-interior.com\/de\/produkt-kategorie\/kuche\/tischgeschirr-de-2\/tabletts-de-tischgeschirr-de-2\/"},{"@type":"ListItem","position":6,"name":"Less Tablett Gr\u00fcn"}]},{"@type":"WebSite","@id":"https:\/\/hubsch-interior.com\/de\/#website","url":"https:\/\/hubsch-interior.com\/de\/","name":"H\u00fcbsch","description":"Danish Home Interior and Design","publisher":{"@id":"https:\/\/hubsch-interior.com\/de\/#organization"},"potentialAction":[{"@type":"SearchAction","target":{"@type":"EntryPoint","urlTemplate":"https:\/\/hubsch-interior.com\/de\/?s={search_term_string}"},"query-input":{"@type":"PropertyValueSpecification","valueRequired":true,"valueName":"search_term_string"}}],"inLanguage":"de"},{"@type":"Organization","@id":"https:\/\/hubsch-interior.com\/de\/#organization","name":"H\u00fcbsch","url":"https:\/\/hubsch-interior.com\/de\/","logo":{"@type":"ImageObject","inLanguage":"de","@id":"https:\/\/hubsch-interior.com\/de\/#\/schema\/logo\/image\/","url":"https:\/\/hubsch-interior.com\/wp-content\/uploads\/2022\/12\/Hubsch_logo_black_one_line.svg","contentUrl":"https:\/\/hubsch-interior.com\/wp-content\/uploads\/2022\/12\/Hubsch_logo_black_one_line.svg","caption":"H\u00fcbsch"},"image":{"@id":"https:\/\/hubsch-interior.com\/de\/#\/schema\/logo\/image\/"}}]}},"_links":{"self":[{"href":"https:\/\/hubsch-interior.com\/de\/wp-json\/wp\/v2\/product\/1088405","targetHints":{"allow":["GET"]}}],"collection":[{"href":"https:\/\/hubsch-interior.com\/de\/wp-json\/wp\/v2\/product"}],"about":[{"href":"https:\/\/hubsch-interior.com\/de\/wp-json\/wp\/v2\/types\/product"}],"wp:featuredmedia":[{"embeddable":true,"href":"https:\/\/hubsch-interior.com\/de\/wp-json\/wp\/v2\/media\/1105589"}],"wp:attachment":[{"href":"https:\/\/hubsch-interior.com\/de\/wp-json\/wp\/v2\/media?parent=1088405"}],"wp:term":[{"taxonomy":"product_brand","embeddable":true,"href":"https:\/\/hubsch-interior.com\/de\/wp-json\/wp\/v2\/product_brand?post=1088405"},{"taxonomy":"product_cat","embeddable":true,"href":"https:\/\/hubsch-interior.com\/de\/wp-json\/wp\/v2\/product_cat?post=1088405"},{"taxonomy":"product_tag","embeddable":true,"href":"https:\/\/hubsch-interior.com\/de\/wp-json\/wp\/v2\/product_tag?post=1088405"}],"curies":[{"name":"wp","href":"https:\/\/api.w.org\/{rel}","templated":true}]}}