{"id":1088429,"date":"2026-01-31T04:41:32","date_gmt":"2026-01-31T03:41:32","guid":{"rendered":"https:\/\/hubsch-interior.com\/product\/product\/"},"modified":"2026-04-05T05:02:01","modified_gmt":"2026-04-05T03:02:01","slug":"less-tablett-schwarz","status":"publish","type":"product","link":"https:\/\/hubsch-interior.com\/de\/produkt\/less-tablett-schwarz\/","title":{"rendered":"Less Tablett Schwarz"},"content":{"rendered":"<p>Erdig, dezent, unendlich n\u00fctzlich. Das Less Tablett in warmem Braun verleiht Ihrem Raum ein Gef\u00fchl der Gelassenheit, mit sanft abgerundeten Ecken und einem Design, das in der japanischen Minimalismus verwurzelt ist. Aus FSC-zertifiziertem Holz gefertigt, ist es ein vielseitiges St\u00fcck, das dient, aufbewahrt oder einfach nur da ist \u2013 und so Ihren t\u00e4glichen Ritualen eine ruhige Struktur verleiht. Ein funktionales Accessoire, das leise spricht, aber eine bleibende Pr\u00e4senz hat.<\/p>\n","protected":false},"excerpt":{"rendered":"<p>Erdig, dezent, unendlich n\u00fctzlich. Das Less Tablett in warmem Braun verleiht Ihrem Raum ein Gef\u00fchl der Gelassenheit, mit sanft abgerundeten Ecken und einem Design, das in der japanischen Minimalismus verwurzelt ist. Aus FSC-zertifiziertem Holz gefertigt, ist es ein vielseitiges St\u00fcck, das dient, aufbewahrt oder einfach nur da ist \u2013 und so Ihren t\u00e4glichen Ritualen eine [&hellip;]<\/p>\n","protected":false},"featured_media":1115778,"template":"","meta":{"_acf_changed":false,"inline_featured_image":false},"product_brand":[],"product_cat":[7155,6323,4055,5047,6972,6519,4056,7040,7029],"product_tag":[],"class_list":{"0":"post-1088429","1":"product","2":"type-product","3":"status-publish","4":"has-post-thumbnail","6":"product_cat-dweller-de","7":"product_cat-fsc-de","8":"product_cat-kuechenzubehoer-de","9":"product_cat-neuheiten-de","10":"product_cat-oster-sale","11":"product_cat-outlet-de","12":"product_cat-tabletts-de","13":"product_cat-tabletts-de-tischgeschirr-de-2","14":"product_cat-tischgeschirr-de-2","15":"product_shipping_class-pk","17":"pa_color-schwarz","18":"pa_material-eschefurnier","19":"pa_material-eschenholz","20":"pa_material-mdf-de","22":"first","23":"instock","24":"sale","25":"taxable","26":"shipping-taxable","27":"purchasable","28":"product-type-simple"},"exclude_global_add_ons":[],"addons":[],"acf":[],"yoast_head":"<!-- This site is optimized with the Yoast SEO plugin v26.4 - https:\/\/yoast.com\/wordpress\/plugins\/seo\/ -->\n<title>Less Tablett Schwarz - H\u00fcbsch<\/title>\n<meta name=\"description\" content=\"Erdig, dezent, unendlich n\u00fctzlich. Das Less Tablett in warmem Braun verleiht Ihrem Raum ein Gef\u00fchl der Gelassenheit, mit sanft abgerundeten Ecken und\" \/>\n<meta name=\"robots\" content=\"index, follow, max-snippet:-1, max-image-preview:large, max-video-preview:-1\" \/>\n<link rel=\"canonical\" href=\"https:\/\/hubsch-interior.com\/de\/wp-json\/wp\/v2\/product\/1088429\" \/>\n<meta property=\"og:locale\" content=\"de_DE\" \/>\n<meta property=\"og:type\" content=\"article\" \/>\n<meta property=\"og:title\" content=\"Less Tablett Schwarz - H\u00fcbsch\" \/>\n<meta property=\"og:description\" content=\"Erdig, dezent, unendlich n\u00fctzlich. Das Less Tablett in warmem Braun verleiht Ihrem Raum ein Gef\u00fchl der Gelassenheit, mit sanft abgerundeten Ecken und\" \/>\n<meta property=\"og:url\" content=\"https:\/\/hubsch-interior.com\/de\/produkt\/less-tablett-schwarz\/\" \/>\n<meta property=\"og:site_name\" content=\"H\u00fcbsch\" \/>\n<meta property=\"article:modified_time\" content=\"2026-04-05T03:02:01+00:00\" \/>\n<meta property=\"og:image\" content=\"https:\/\/hubsch-interior.com\/wp-content\/uploads\/2026\/01\/less-tray-black-b0c66b39b817bac5190d97c0be99aa24.jpg\" \/>\n\t<meta property=\"og:image:width\" content=\"1200\" \/>\n\t<meta property=\"og:image:height\" content=\"1200\" \/>\n\t<meta property=\"og:image:type\" content=\"image\/jpeg\" \/>\n<meta name=\"twitter:card\" content=\"summary_large_image\" \/>\n<script type=\"application\/ld+json\" class=\"yoast-schema-graph\">{\"@context\":\"https:\/\/schema.org\",\"@graph\":[{\"@type\":\"WebPage\",\"@id\":\"https:\/\/hubsch-interior.com\/de\/produkt\/less-tablett-schwarz\/\",\"url\":\"https:\/\/hubsch-interior.com\/de\/produkt\/less-tablett-schwarz\/\",\"name\":\"Less Tablett Schwarz - H\u00fcbsch\",\"isPartOf\":{\"@id\":\"https:\/\/hubsch-interior.com\/de\/#website\"},\"primaryImageOfPage\":{\"@id\":\"https:\/\/hubsch-interior.com\/de\/produkt\/less-tablett-schwarz\/#primaryimage\"},\"image\":{\"@id\":\"https:\/\/hubsch-interior.com\/de\/produkt\/less-tablett-schwarz\/#primaryimage\"},\"thumbnailUrl\":\"https:\/\/hubsch-interior.com\/wp-content\/uploads\/2026\/03\/less-tray-black-8edcdec0c5198eb8f21a8430130b7af1.jpg\",\"datePublished\":\"2026-01-31T03:41:32+00:00\",\"dateModified\":\"2026-04-05T03:02:01+00:00\",\"description\":\"Erdig, dezent, unendlich n\u00fctzlich. Das Less Tablett in warmem Braun verleiht Ihrem Raum ein Gef\u00fchl der Gelassenheit, mit sanft abgerundeten Ecken und\",\"breadcrumb\":{\"@id\":\"https:\/\/hubsch-interior.com\/de\/produkt\/less-tablett-schwarz\/#breadcrumb\"},\"inLanguage\":\"de\",\"potentialAction\":[{\"@type\":\"ReadAction\",\"target\":[\"https:\/\/hubsch-interior.com\/de\/produkt\/less-tablett-schwarz\/\"]}]},{\"@type\":\"ImageObject\",\"inLanguage\":\"de\",\"@id\":\"https:\/\/hubsch-interior.com\/de\/produkt\/less-tablett-schwarz\/#primaryimage\",\"url\":\"https:\/\/hubsch-interior.com\/wp-content\/uploads\/2026\/03\/less-tray-black-8edcdec0c5198eb8f21a8430130b7af1.jpg\",\"contentUrl\":\"https:\/\/hubsch-interior.com\/wp-content\/uploads\/2026\/03\/less-tray-black-8edcdec0c5198eb8f21a8430130b7af1.jpg\",\"width\":1024,\"height\":1024},{\"@type\":\"BreadcrumbList\",\"@id\":\"https:\/\/hubsch-interior.com\/de\/produkt\/less-tablett-schwarz\/#breadcrumb\",\"itemListElement\":[{\"@type\":\"ListItem\",\"position\":1,\"name\":\"Startseite\",\"item\":\"https:\/\/hubsch-interior.com\/de\/\"},{\"@type\":\"ListItem\",\"position\":2,\"name\":\"Produkte\",\"item\":\"https:\/\/hubsch-interior.com\/de\/shop-2\/\"},{\"@type\":\"ListItem\",\"position\":3,\"name\":\"K\u00fcche\",\"item\":\"https:\/\/hubsch-interior.com\/de\/produkt-kategorie\/kuche\/\"},{\"@type\":\"ListItem\",\"position\":4,\"name\":\"Tischgeschirr\",\"item\":\"https:\/\/hubsch-interior.com\/de\/produkt-kategorie\/kuche\/tischgeschirr-de-2\/\"},{\"@type\":\"ListItem\",\"position\":5,\"name\":\"Tabletts\",\"item\":\"https:\/\/hubsch-interior.com\/de\/produkt-kategorie\/kuche\/tischgeschirr-de-2\/tabletts-de-tischgeschirr-de-2\/\"},{\"@type\":\"ListItem\",\"position\":6,\"name\":\"Less Tablett Schwarz\"}]},{\"@type\":\"WebSite\",\"@id\":\"https:\/\/hubsch-interior.com\/de\/#website\",\"url\":\"https:\/\/hubsch-interior.com\/de\/\",\"name\":\"H\u00fcbsch\",\"description\":\"Danish Home Interior and Design\",\"publisher\":{\"@id\":\"https:\/\/hubsch-interior.com\/de\/#organization\"},\"potentialAction\":[{\"@type\":\"SearchAction\",\"target\":{\"@type\":\"EntryPoint\",\"urlTemplate\":\"https:\/\/hubsch-interior.com\/de\/?s={search_term_string}\"},\"query-input\":{\"@type\":\"PropertyValueSpecification\",\"valueRequired\":true,\"valueName\":\"search_term_string\"}}],\"inLanguage\":\"de\"},{\"@type\":\"Organization\",\"@id\":\"https:\/\/hubsch-interior.com\/de\/#organization\",\"name\":\"H\u00fcbsch\",\"url\":\"https:\/\/hubsch-interior.com\/de\/\",\"logo\":{\"@type\":\"ImageObject\",\"inLanguage\":\"de\",\"@id\":\"https:\/\/hubsch-interior.com\/de\/#\/schema\/logo\/image\/\",\"url\":\"https:\/\/hubsch-interior.com\/wp-content\/uploads\/2022\/12\/Hubsch_logo_black_one_line.svg\",\"contentUrl\":\"https:\/\/hubsch-interior.com\/wp-content\/uploads\/2022\/12\/Hubsch_logo_black_one_line.svg\",\"caption\":\"H\u00fcbsch\"},\"image\":{\"@id\":\"https:\/\/hubsch-interior.com\/de\/#\/schema\/logo\/image\/\"}}]}<\/script>\n<!-- \/ Yoast SEO plugin. -->","yoast_head_json":{"title":"Less Tablett Schwarz - H\u00fcbsch","description":"Erdig, dezent, unendlich n\u00fctzlich. Das Less Tablett in warmem Braun verleiht Ihrem Raum ein Gef\u00fchl der Gelassenheit, mit sanft abgerundeten Ecken und","robots":{"index":"index","follow":"follow","max-snippet":"max-snippet:-1","max-image-preview":"max-image-preview:large","max-video-preview":"max-video-preview:-1"},"canonical":"https:\/\/hubsch-interior.com\/de\/wp-json\/wp\/v2\/product\/1088429","og_locale":"de_DE","og_type":"article","og_title":"Less Tablett Schwarz - H\u00fcbsch","og_description":"Erdig, dezent, unendlich n\u00fctzlich. Das Less Tablett in warmem Braun verleiht Ihrem Raum ein Gef\u00fchl der Gelassenheit, mit sanft abgerundeten Ecken und","og_url":"https:\/\/hubsch-interior.com\/de\/produkt\/less-tablett-schwarz\/","og_site_name":"H\u00fcbsch","article_modified_time":"2026-04-05T03:02:01+00:00","og_image":[{"width":1200,"height":1200,"url":"https:\/\/hubsch-interior.com\/wp-content\/uploads\/2026\/01\/less-tray-black-b0c66b39b817bac5190d97c0be99aa24.jpg","type":"image\/jpeg"}],"twitter_card":"summary_large_image","schema":{"@context":"https:\/\/schema.org","@graph":[{"@type":"WebPage","@id":"https:\/\/hubsch-interior.com\/de\/produkt\/less-tablett-schwarz\/","url":"https:\/\/hubsch-interior.com\/de\/produkt\/less-tablett-schwarz\/","name":"Less Tablett Schwarz - H\u00fcbsch","isPartOf":{"@id":"https:\/\/hubsch-interior.com\/de\/#website"},"primaryImageOfPage":{"@id":"https:\/\/hubsch-interior.com\/de\/produkt\/less-tablett-schwarz\/#primaryimage"},"image":{"@id":"https:\/\/hubsch-interior.com\/de\/produkt\/less-tablett-schwarz\/#primaryimage"},"thumbnailUrl":"https:\/\/hubsch-interior.com\/wp-content\/uploads\/2026\/03\/less-tray-black-8edcdec0c5198eb8f21a8430130b7af1.jpg","datePublished":"2026-01-31T03:41:32+00:00","dateModified":"2026-04-05T03:02:01+00:00","description":"Erdig, dezent, unendlich n\u00fctzlich. Das Less Tablett in warmem Braun verleiht Ihrem Raum ein Gef\u00fchl der Gelassenheit, mit sanft abgerundeten Ecken und","breadcrumb":{"@id":"https:\/\/hubsch-interior.com\/de\/produkt\/less-tablett-schwarz\/#breadcrumb"},"inLanguage":"de","potentialAction":[{"@type":"ReadAction","target":["https:\/\/hubsch-interior.com\/de\/produkt\/less-tablett-schwarz\/"]}]},{"@type":"ImageObject","inLanguage":"de","@id":"https:\/\/hubsch-interior.com\/de\/produkt\/less-tablett-schwarz\/#primaryimage","url":"https:\/\/hubsch-interior.com\/wp-content\/uploads\/2026\/03\/less-tray-black-8edcdec0c5198eb8f21a8430130b7af1.jpg","contentUrl":"https:\/\/hubsch-interior.com\/wp-content\/uploads\/2026\/03\/less-tray-black-8edcdec0c5198eb8f21a8430130b7af1.jpg","width":1024,"height":1024},{"@type":"BreadcrumbList","@id":"https:\/\/hubsch-interior.com\/de\/produkt\/less-tablett-schwarz\/#breadcrumb","itemListElement":[{"@type":"ListItem","position":1,"name":"Startseite","item":"https:\/\/hubsch-interior.com\/de\/"},{"@type":"ListItem","position":2,"name":"Produkte","item":"https:\/\/hubsch-interior.com\/de\/shop-2\/"},{"@type":"ListItem","position":3,"name":"K\u00fcche","item":"https:\/\/hubsch-interior.com\/de\/produkt-kategorie\/kuche\/"},{"@type":"ListItem","position":4,"name":"Tischgeschirr","item":"https:\/\/hubsch-interior.com\/de\/produkt-kategorie\/kuche\/tischgeschirr-de-2\/"},{"@type":"ListItem","position":5,"name":"Tabletts","item":"https:\/\/hubsch-interior.com\/de\/produkt-kategorie\/kuche\/tischgeschirr-de-2\/tabletts-de-tischgeschirr-de-2\/"},{"@type":"ListItem","position":6,"name":"Less Tablett Schwarz"}]},{"@type":"WebSite","@id":"https:\/\/hubsch-interior.com\/de\/#website","url":"https:\/\/hubsch-interior.com\/de\/","name":"H\u00fcbsch","description":"Danish Home Interior and Design","publisher":{"@id":"https:\/\/hubsch-interior.com\/de\/#organization"},"potentialAction":[{"@type":"SearchAction","target":{"@type":"EntryPoint","urlTemplate":"https:\/\/hubsch-interior.com\/de\/?s={search_term_string}"},"query-input":{"@type":"PropertyValueSpecification","valueRequired":true,"valueName":"search_term_string"}}],"inLanguage":"de"},{"@type":"Organization","@id":"https:\/\/hubsch-interior.com\/de\/#organization","name":"H\u00fcbsch","url":"https:\/\/hubsch-interior.com\/de\/","logo":{"@type":"ImageObject","inLanguage":"de","@id":"https:\/\/hubsch-interior.com\/de\/#\/schema\/logo\/image\/","url":"https:\/\/hubsch-interior.com\/wp-content\/uploads\/2022\/12\/Hubsch_logo_black_one_line.svg","contentUrl":"https:\/\/hubsch-interior.com\/wp-content\/uploads\/2022\/12\/Hubsch_logo_black_one_line.svg","caption":"H\u00fcbsch"},"image":{"@id":"https:\/\/hubsch-interior.com\/de\/#\/schema\/logo\/image\/"}}]}},"_links":{"self":[{"href":"https:\/\/hubsch-interior.com\/de\/wp-json\/wp\/v2\/product\/1088429","targetHints":{"allow":["GET"]}}],"collection":[{"href":"https:\/\/hubsch-interior.com\/de\/wp-json\/wp\/v2\/product"}],"about":[{"href":"https:\/\/hubsch-interior.com\/de\/wp-json\/wp\/v2\/types\/product"}],"wp:featuredmedia":[{"embeddable":true,"href":"https:\/\/hubsch-interior.com\/de\/wp-json\/wp\/v2\/media\/1115778"}],"wp:attachment":[{"href":"https:\/\/hubsch-interior.com\/de\/wp-json\/wp\/v2\/media?parent=1088429"}],"wp:term":[{"taxonomy":"product_brand","embeddable":true,"href":"https:\/\/hubsch-interior.com\/de\/wp-json\/wp\/v2\/product_brand?post=1088429"},{"taxonomy":"product_cat","embeddable":true,"href":"https:\/\/hubsch-interior.com\/de\/wp-json\/wp\/v2\/product_cat?post=1088429"},{"taxonomy":"product_tag","embeddable":true,"href":"https:\/\/hubsch-interior.com\/de\/wp-json\/wp\/v2\/product_tag?post=1088429"}],"curies":[{"name":"wp","href":"https:\/\/api.w.org\/{rel}","templated":true}]}}